{"id":10144,"date":"2025-09-17T11:58:14","date_gmt":"2025-09-17T09:58:14","guid":{"rendered":"https:\/\/computaex.es\/?page_id=10144"},"modified":"2025-12-04T10:54:28","modified_gmt":"2025-12-04T09:54:28","slug":"pan-plataforma-agroalimentaria-en-red","status":"publish","type":"page","link":"https:\/\/computaex.es\/en\/proyectos\/pan-plataforma-agroalimentaria-en-red\/","title":{"rendered":"PAN, Plataforma Agroalimentaria en Red"},"content":{"rendered":"<div data-elementor-type=\"wp-page\" data-elementor-id=\"10144\" class=\"elementor elementor-10144\">\n\t\t\t\t<div class=\"elementor-element elementor-element-35f02214 e-flex e-con-boxed wpr-particle-no wpr-jarallax-no wpr-parallax-no wpr-sticky-section-no e-con e-parent\" data-id=\"35f02214\" data-element_type=\"container\" data-e-type=\"container\">\n\t\t\t\t\t<div class=\"e-con-inner\">\n\t\t\t\t<div class=\"elementor-element elementor-element-50cfa9a1 elementor-widget elementor-widget-text-editor\" data-id=\"50cfa9a1\" data-element_type=\"widget\" data-e-type=\"widget\" data-widget_type=\"text-editor.default\">\n\t\t\t\t<div class=\"elementor-widget-container\">\n\t\t\t\t\t\t\t\t\t<div class=\"field field-name-field-proy-investigadores field-type-text-long field-label-above\"><div class=\"field-label\" style=\"text-align: justify;\"><div><b data-olk-copy-source=\"MessageBody\">Objetivos del proyecto:<\/b><\/div><div>El objetivo principal del presente proyecto establecer un marco integral de gobernanza y ges\u00adti\u00f3n de datos para el sector agroalimentario en Extremadura, actuando como oficina t\u00e9cnica ayudando a la\u00a0<a id=\"LPlnk548007\" title=\"Direcci\u00f3n URL original: https:\/\/www.juntaex.es\/lajunta\/consejeria-de-economia-empleo-y-transformacion-digital\/direccion-general-de-digitalizacion-regional. Haga clic o pulse si conf\u00eda en este v\u00ednculo.\" href=\"https:\/\/esp01.safelinks.protection.outlook.com\/?url=https%3A%2F%2Fwww.juntaex.es%2Flajunta%2Fconsejeria-de-economia-empleo-y-transformacion-digital%2Fdireccion-general-de-digitalizacion-regional&amp;data=05%7C02%7Cpedro.delmoral%40computaex.es%7Ccf826d3243294ffbe9c108ddf1239f97%7C7baa44b392a847d6972f001b4ad0665f%7C0%7C0%7C638931857497212858%7CUnknown%7CTWFpbGZsb3d8eyJFbXB0eU1hcGkiOnRydWUsIlYiOiIwLjAuMDAwMCIsIlAiOiJXaW4zMiIsIkFOIjoiTWFpbCIsIldUIjoyfQ%3D%3D%7C0%7C%7C%7C&amp;sdata=0ply66OIBddXNpY3Lbhy2FT7Bc%2FBlGFVQ9mstZkmeYs%3D&amp;reserved=0\" target=\"_blank\" rel=\"noopener noreferrer\" data-auth=\"NotApplicable\" data-linkindex=\"0\">Direcci\u00f3n General de Digitalizaci\u00f3n Regional<\/a>\u00a0en la recopilaci\u00f3n y manejo de datos, en el seguimiento de desarrollo de los m\u00f3dulos, el espacio de datos y su integraci\u00f3n; definiendo adem\u00e1s un plan de gobernanza y un plan de gesti\u00f3n de datos, que permitan la creaci\u00f3n de mecanismos \u00f3ptimos para la compartici\u00f3n, asegurando el cumplimiento de las normativas nacionales y europeas vigentes y promoviendo la interoperabilidad y sostenibi\u00adlidad del espacio de datos en consonancia con los principios establecidos por la Oficina del Dato.<\/div><div>De este modo, el proyecto PAN permitir\u00e1 generar un impacto significativo en el avance de la modernizaci\u00f3n y digitalizaci\u00f3n del sector agroalimentario en Extremadura, mejorando la com\u00adpetitividad, sostenibilidad y eficiencia del sector.<\/div><div><b>Objetivos espec\u00edficos:<\/b><\/div><ul><li>OE1. Proveer asistencia t\u00e9cnica a la Direcci\u00f3n General en la recopilaci\u00f3n y gesti\u00f3n de datos e informaci\u00f3n, garantizando la precisi\u00f3n y actualizaci\u00f3n constante de los mismos para apoyar la toma de decisiones informadas en el desarrollo del proyecto.<\/li><li>OE2. Supervisar y asesorar t\u00e9cnicamente el desarrollo y la integraci\u00f3n de los m\u00f3dulos del espacio de datos, asegurando su coherencia y funcionalidad dentro del marco del pro\u00adyecto, promoviendo adem\u00e1s su interoperabilidad con otras plataformas de datos.<\/li><li>OE3. Definir y consensuar un plan de gobernanza integral con todos los actores involucrados en el proyecto PAN, que incluya la definici\u00f3n clara de roles, responsabilidades y procesos de toma de decisiones, as\u00ed como la creaci\u00f3n de un comit\u00e9 t\u00e9cnico y un comit\u00e9 directivo con reuniones peri\u00f3dicas y gesti\u00f3n eficiente de actas.<\/li><li>OE4. Establecer mecanismos \u00f3ptimos para la compartici\u00f3n de datos entre los participantes del sector agroalimentario, definiendo claramente la soberan\u00eda y control sobre los datos, as\u00ed como los t\u00e9rminos y condiciones de uso, en un marco organizativo, normativo y t\u00e9cnico robusto.<\/li><li>OE5. Elaborar y aplicar un Plan de Gesti\u00f3n de Datos que asegure la gobernanza, gesti\u00f3n y seguridad de los datos del proyecto, cumpliendo las normativas nacionales y europeas vigentes, y estando alineado con los principios del \u201cPlan de Actuaciones para el desplie\u00adgue de espacios de datos\u201d de la Oficina del Dato, garantizando adem\u00e1s el cumplimiento de todas las normativas relacionadas con el reglamento MRR.<\/li><\/ul><div><b>Fuente de Financiaci\u00f3n:<\/b><\/div><div><b><\/b><a id=\"OWA3634b70e-282d-3b70-331c-d1d2083ff6e9\" title=\"Direcci\u00f3n URL original: https:\/\/doe.juntaex.es\/otrosFormatos\/html.php?xml=2025062576&amp;anio=2025&amp;doe=1250o. Haga clic o pulse si conf\u00eda en este v\u00ednculo.\" href=\"https:\/\/esp01.safelinks.protection.outlook.com\/?url=https%3A%2F%2Fdoe.juntaex.es%2FotrosFormatos%2Fhtml.php%3Fxml%3D2025062576%26anio%3D2025%26doe%3D1250o&amp;data=05%7C02%7Cpedro.delmoral%40computaex.es%7Ccf826d3243294ffbe9c108ddf1239f97%7C7baa44b392a847d6972f001b4ad0665f%7C0%7C0%7C638931857497248225%7CUnknown%7CTWFpbGZsb3d8eyJFbXB0eU1hcGkiOnRydWUsIlYiOiIwLjAuMDAwMCIsIlAiOiJXaW4zMiIsIkFOIjoiTWFpbCIsIldUIjoyfQ%3D%3D%7C0%7C%7C%7C&amp;sdata=%2FkNptol3DTlhzBjr6WMrvNECa27JJ%2FxFv4AuKCQV5Eo%3D&amp;reserved=0\" target=\"_blank\" rel=\"noopener noreferrer\" data-auth=\"NotApplicable\" data-linkindex=\"2\">RESOLUCI\u00d3N<\/a> de 24 de junio de 2025, de la Secretar\u00eda General, por la que se da publicidad al Convenio entre la Consejer\u00eda de Econom\u00eda, Empleo y Transformaci\u00f3n Digital y la Fundaci\u00f3n Computaci\u00f3n y Tecnolog\u00edas Avanzadas de Extremadura (COMPUTAEX) por el que se formaliza una transferencia espec\u00edfica de car\u00e1cter plurianual para financiar el proyecto \u00ab5041 COMPUTAEX: PAN (Plataforma Agroalimentaria en Red)\u00bb en el \u00e1mbito del programa \u00abRedes Territoriales de Especializaci\u00f3n Tecnol\u00f3gica (RETECH)\u00bb en los ejercicios 2025 y 2026 en el marco del Plan de Recuperaci\u00f3n, Trasformaci\u00f3n y Resiliencia -financiado por la Uni\u00f3n Europea- Nextgeneration EU.<\/div><div><div><a href=\"https:\/\/computaex.es\/wp-content\/uploads\/2025\/12\/logo-retech-pan-con-consejeria.jpg\"><img fetchpriority=\"high\" decoding=\"async\" class=\"aligncenter wp-image-10701 size-full\" src=\"https:\/\/computaex.es\/wp-content\/uploads\/2025\/12\/logo-retech-pan-con-consejeria.jpg\" alt=\"\" width=\"1384\" height=\"99\" srcset=\"https:\/\/computaex.es\/wp-content\/uploads\/2025\/12\/logo-retech-pan-con-consejeria.jpg 1384w, https:\/\/computaex.es\/wp-content\/uploads\/2025\/12\/logo-retech-pan-con-consejeria-300x21.jpg 300w, https:\/\/computaex.es\/wp-content\/uploads\/2025\/12\/logo-retech-pan-con-consejeria-1024x73.jpg 1024w, https:\/\/computaex.es\/wp-content\/uploads\/2025\/12\/logo-retech-pan-con-consejeria-768x55.jpg 768w, https:\/\/computaex.es\/wp-content\/uploads\/2025\/12\/logo-retech-pan-con-consejeria-18x1.jpg 18w\" sizes=\"(max-width: 1384px) 100vw, 1384px\" \/><\/a><\/div><div>\u00a0<\/div><\/div><\/div><\/div>\t\t\t\t\t\t\t\t<\/div>\n\t\t\t\t<\/div>\n\t\t\t\t\t<\/div>\n\t\t\t\t<\/div>\n\t\t\t\t<\/div>","protected":false},"excerpt":{"rendered":"<p>Objetivos del proyecto:El objetivo principal del presente proyecto establecer un marco integral de gobernanza y ges\u00adti\u00f3n de datos para el sector agroalimentario en Extremadura, actuando como oficina t\u00e9cnica ayudando a &#8230;<\/p>","protected":false},"author":1,"featured_media":0,"parent":9950,"menu_order":0,"comment_status":"closed","ping_status":"closed","template":"","meta":{"footnotes":""},"categories":[117,120,104,81],"tags":[],"class_list":["post-10144","page","type-page","status-publish","hentry","category-activos","category-ciencia-de-datos","category-ciencias-informaticas-y-de-comunicaciones","category-proyectos"],"yoast_head":"<!-- This site is optimized with the Yoast SEO plugin v27.5 - https:\/\/yoast.com\/product\/yoast-seo-wordpress\/ -->\n<title>PAN, Plataforma Agroalimentaria en Red - Fundaci\u00f3n COMPUTAEX<\/title>\n<meta name=\"robots\" content=\"index, follow, max-snippet:-1, max-image-preview:large, max-video-preview:-1\" \/>\n<link rel=\"canonical\" href=\"https:\/\/computaex.es\/en\/proyectos\/pan-plataforma-agroalimentaria-en-red\/\" \/>\n<meta property=\"og:locale\" content=\"en_US\" \/>\n<meta property=\"og:type\" content=\"article\" \/>\n<meta property=\"og:title\" content=\"PAN, Plataforma Agroalimentaria en Red - Fundaci\u00f3n COMPUTAEX\" \/>\n<meta property=\"og:description\" content=\"Objetivos del proyecto:El objetivo principal del presente proyecto establecer un marco integral de gobernanza y ges\u00adti\u00f3n de datos para el sector agroalimentario en Extremadura, actuando como oficina t\u00e9cnica ayudando a ...\" \/>\n<meta property=\"og:url\" content=\"https:\/\/computaex.es\/en\/proyectos\/pan-plataforma-agroalimentaria-en-red\/\" \/>\n<meta property=\"og:site_name\" content=\"Fundaci\u00f3n COMPUTAEX\" \/>\n<meta property=\"article:publisher\" content=\"https:\/\/m.facebook.com\/computaex\/\" \/>\n<meta property=\"article:modified_time\" content=\"2025-12-04T09:54:28+00:00\" \/>\n<meta property=\"og:image\" content=\"https:\/\/computaex.es\/wp-content\/uploads\/2025\/12\/logo-retech-pan-con-consejeria.jpg\" \/>\n\t<meta property=\"og:image:width\" content=\"1384\" \/>\n\t<meta property=\"og:image:height\" content=\"99\" \/>\n\t<meta property=\"og:image:type\" content=\"image\/jpeg\" \/>\n<meta name=\"twitter:card\" content=\"summary_large_image\" \/>\n<meta name=\"twitter:site\" content=\"@computaex\" \/>\n<meta name=\"twitter:label1\" content=\"Est. reading time\" \/>\n\t<meta name=\"twitter:data1\" content=\"3 minutes\" \/>\n<script type=\"application\/ld+json\" class=\"yoast-schema-graph\">{\"@context\":\"https:\\\/\\\/schema.org\",\"@graph\":[{\"@type\":\"WebPage\",\"@id\":\"https:\\\/\\\/computaex.es\\\/proyectos\\\/pan-plataforma-agroalimentaria-en-red\\\/\",\"url\":\"https:\\\/\\\/computaex.es\\\/proyectos\\\/pan-plataforma-agroalimentaria-en-red\\\/\",\"name\":\"PAN, Plataforma Agroalimentaria en Red - Fundaci\u00f3n COMPUTAEX\",\"isPartOf\":{\"@id\":\"https:\\\/\\\/computaex.es\\\/#website\"},\"primaryImageOfPage\":{\"@id\":\"https:\\\/\\\/computaex.es\\\/proyectos\\\/pan-plataforma-agroalimentaria-en-red\\\/#primaryimage\"},\"image\":{\"@id\":\"https:\\\/\\\/computaex.es\\\/proyectos\\\/pan-plataforma-agroalimentaria-en-red\\\/#primaryimage\"},\"thumbnailUrl\":\"https:\\\/\\\/computaex.es\\\/wp-content\\\/uploads\\\/2025\\\/12\\\/logo-retech-pan-con-consejeria.jpg\",\"datePublished\":\"2025-09-17T09:58:14+00:00\",\"dateModified\":\"2025-12-04T09:54:28+00:00\",\"breadcrumb\":{\"@id\":\"https:\\\/\\\/computaex.es\\\/proyectos\\\/pan-plataforma-agroalimentaria-en-red\\\/#breadcrumb\"},\"inLanguage\":\"en-US\",\"potentialAction\":[{\"@type\":\"ReadAction\",\"target\":[\"https:\\\/\\\/computaex.es\\\/proyectos\\\/pan-plataforma-agroalimentaria-en-red\\\/\"]}]},{\"@type\":\"ImageObject\",\"inLanguage\":\"en-US\",\"@id\":\"https:\\\/\\\/computaex.es\\\/proyectos\\\/pan-plataforma-agroalimentaria-en-red\\\/#primaryimage\",\"url\":\"https:\\\/\\\/computaex.es\\\/wp-content\\\/uploads\\\/2025\\\/12\\\/logo-retech-pan-con-consejeria.jpg\",\"contentUrl\":\"https:\\\/\\\/computaex.es\\\/wp-content\\\/uploads\\\/2025\\\/12\\\/logo-retech-pan-con-consejeria.jpg\"},{\"@type\":\"BreadcrumbList\",\"@id\":\"https:\\\/\\\/computaex.es\\\/proyectos\\\/pan-plataforma-agroalimentaria-en-red\\\/#breadcrumb\",\"itemListElement\":[{\"@type\":\"ListItem\",\"position\":1,\"name\":\"Portada\",\"item\":\"https:\\\/\\\/computaex.es\\\/\"},{\"@type\":\"ListItem\",\"position\":2,\"name\":\"Proyectos\",\"item\":\"https:\\\/\\\/computaex.es\\\/proyectos\\\/\"},{\"@type\":\"ListItem\",\"position\":3,\"name\":\"PAN, Plataforma Agroalimentaria en Red\"}]},{\"@type\":\"WebSite\",\"@id\":\"https:\\\/\\\/computaex.es\\\/#website\",\"url\":\"https:\\\/\\\/computaex.es\\\/\",\"name\":\"Fundaci\u00f3n COMPUTAEX\",\"description\":\"COMPUTAEX\",\"publisher\":{\"@id\":\"https:\\\/\\\/computaex.es\\\/#organization\"},\"potentialAction\":[{\"@type\":\"SearchAction\",\"target\":{\"@type\":\"EntryPoint\",\"urlTemplate\":\"https:\\\/\\\/computaex.es\\\/?s={search_term_string}\"},\"query-input\":{\"@type\":\"PropertyValueSpecification\",\"valueRequired\":true,\"valueName\":\"search_term_string\"}}],\"inLanguage\":\"en-US\"},{\"@type\":\"Organization\",\"@id\":\"https:\\\/\\\/computaex.es\\\/#organization\",\"name\":\"COMPUTAEX\",\"url\":\"https:\\\/\\\/computaex.es\\\/\",\"logo\":{\"@type\":\"ImageObject\",\"inLanguage\":\"en-US\",\"@id\":\"https:\\\/\\\/computaex.es\\\/#\\\/schema\\\/logo\\\/image\\\/\",\"url\":\"https:\\\/\\\/computaex.es\\\/wp-content\\\/uploads\\\/2025\\\/05\\\/cropped-COMPUTAEX_transparente-scaled-1.png\",\"contentUrl\":\"https:\\\/\\\/computaex.es\\\/wp-content\\\/uploads\\\/2025\\\/05\\\/cropped-COMPUTAEX_transparente-scaled-1.png\",\"width\":2560,\"height\":970,\"caption\":\"COMPUTAEX\"},\"image\":{\"@id\":\"https:\\\/\\\/computaex.es\\\/#\\\/schema\\\/logo\\\/image\\\/\"},\"sameAs\":[\"https:\\\/\\\/m.facebook.com\\\/computaex\\\/\",\"https:\\\/\\\/x.com\\\/computaex\",\"https:\\\/\\\/es.linkedin.com\\\/company\\\/cenits\"]}]}<\/script>\n<!-- \/ Yoast SEO plugin. -->","yoast_head_json":{"title":"PAN, Plataforma Agroalimentaria en Red - Fundaci\u00f3n COMPUTAEX","robots":{"index":"index","follow":"follow","max-snippet":"max-snippet:-1","max-image-preview":"max-image-preview:large","max-video-preview":"max-video-preview:-1"},"canonical":"https:\/\/computaex.es\/en\/proyectos\/pan-plataforma-agroalimentaria-en-red\/","og_locale":"en_US","og_type":"article","og_title":"PAN, Plataforma Agroalimentaria en Red - Fundaci\u00f3n COMPUTAEX","og_description":"Objetivos del proyecto:El objetivo principal del presente proyecto establecer un marco integral de gobernanza y ges\u00adti\u00f3n de datos para el sector agroalimentario en Extremadura, actuando como oficina t\u00e9cnica ayudando a ...","og_url":"https:\/\/computaex.es\/en\/proyectos\/pan-plataforma-agroalimentaria-en-red\/","og_site_name":"Fundaci\u00f3n COMPUTAEX","article_publisher":"https:\/\/m.facebook.com\/computaex\/","article_modified_time":"2025-12-04T09:54:28+00:00","og_image":[{"width":1384,"height":99,"url":"https:\/\/computaex.es\/wp-content\/uploads\/2025\/12\/logo-retech-pan-con-consejeria.jpg","type":"image\/jpeg"}],"twitter_card":"summary_large_image","twitter_site":"@computaex","twitter_misc":{"Est. reading time":"3 minutes"},"schema":{"@context":"https:\/\/schema.org","@graph":[{"@type":"WebPage","@id":"https:\/\/computaex.es\/proyectos\/pan-plataforma-agroalimentaria-en-red\/","url":"https:\/\/computaex.es\/proyectos\/pan-plataforma-agroalimentaria-en-red\/","name":"PAN, Plataforma Agroalimentaria en Red - Fundaci\u00f3n COMPUTAEX","isPartOf":{"@id":"https:\/\/computaex.es\/#website"},"primaryImageOfPage":{"@id":"https:\/\/computaex.es\/proyectos\/pan-plataforma-agroalimentaria-en-red\/#primaryimage"},"image":{"@id":"https:\/\/computaex.es\/proyectos\/pan-plataforma-agroalimentaria-en-red\/#primaryimage"},"thumbnailUrl":"https:\/\/computaex.es\/wp-content\/uploads\/2025\/12\/logo-retech-pan-con-consejeria.jpg","datePublished":"2025-09-17T09:58:14+00:00","dateModified":"2025-12-04T09:54:28+00:00","breadcrumb":{"@id":"https:\/\/computaex.es\/proyectos\/pan-plataforma-agroalimentaria-en-red\/#breadcrumb"},"inLanguage":"en-US","potentialAction":[{"@type":"ReadAction","target":["https:\/\/computaex.es\/proyectos\/pan-plataforma-agroalimentaria-en-red\/"]}]},{"@type":"ImageObject","inLanguage":"en-US","@id":"https:\/\/computaex.es\/proyectos\/pan-plataforma-agroalimentaria-en-red\/#primaryimage","url":"https:\/\/computaex.es\/wp-content\/uploads\/2025\/12\/logo-retech-pan-con-consejeria.jpg","contentUrl":"https:\/\/computaex.es\/wp-content\/uploads\/2025\/12\/logo-retech-pan-con-consejeria.jpg"},{"@type":"BreadcrumbList","@id":"https:\/\/computaex.es\/proyectos\/pan-plataforma-agroalimentaria-en-red\/#breadcrumb","itemListElement":[{"@type":"ListItem","position":1,"name":"Portada","item":"https:\/\/computaex.es\/"},{"@type":"ListItem","position":2,"name":"Proyectos","item":"https:\/\/computaex.es\/proyectos\/"},{"@type":"ListItem","position":3,"name":"PAN, Plataforma Agroalimentaria en Red"}]},{"@type":"WebSite","@id":"https:\/\/computaex.es\/#website","url":"https:\/\/computaex.es\/","name":"COMPUTAEX Foundation","description":"COMPUTAEX","publisher":{"@id":"https:\/\/computaex.es\/#organization"},"potentialAction":[{"@type":"SearchAction","target":{"@type":"EntryPoint","urlTemplate":"https:\/\/computaex.es\/?s={search_term_string}"},"query-input":{"@type":"PropertyValueSpecification","valueRequired":true,"valueName":"search_term_string"}}],"inLanguage":"en-US"},{"@type":"Organization","@id":"https:\/\/computaex.es\/#organization","name":"COMPUTAEX","url":"https:\/\/computaex.es\/","logo":{"@type":"ImageObject","inLanguage":"en-US","@id":"https:\/\/computaex.es\/#\/schema\/logo\/image\/","url":"https:\/\/computaex.es\/wp-content\/uploads\/2025\/05\/cropped-COMPUTAEX_transparente-scaled-1.png","contentUrl":"https:\/\/computaex.es\/wp-content\/uploads\/2025\/05\/cropped-COMPUTAEX_transparente-scaled-1.png","width":2560,"height":970,"caption":"COMPUTAEX"},"image":{"@id":"https:\/\/computaex.es\/#\/schema\/logo\/image\/"},"sameAs":["https:\/\/m.facebook.com\/computaex\/","https:\/\/x.com\/computaex","https:\/\/es.linkedin.com\/company\/cenits"]}]}},"_links":{"self":[{"href":"https:\/\/computaex.es\/en\/wp-json\/wp\/v2\/pages\/10144","targetHints":{"allow":["GET"]}}],"collection":[{"href":"https:\/\/computaex.es\/en\/wp-json\/wp\/v2\/pages"}],"about":[{"href":"https:\/\/computaex.es\/en\/wp-json\/wp\/v2\/types\/page"}],"author":[{"embeddable":true,"href":"https:\/\/computaex.es\/en\/wp-json\/wp\/v2\/users\/1"}],"replies":[{"embeddable":true,"href":"https:\/\/computaex.es\/en\/wp-json\/wp\/v2\/comments?post=10144"}],"version-history":[{"count":5,"href":"https:\/\/computaex.es\/en\/wp-json\/wp\/v2\/pages\/10144\/revisions"}],"predecessor-version":[{"id":10704,"href":"https:\/\/computaex.es\/en\/wp-json\/wp\/v2\/pages\/10144\/revisions\/10704"}],"up":[{"embeddable":true,"href":"https:\/\/computaex.es\/en\/wp-json\/wp\/v2\/pages\/9950"}],"wp:attachment":[{"href":"https:\/\/computaex.es\/en\/wp-json\/wp\/v2\/media?parent=10144"}],"wp:term":[{"taxonomy":"category","embeddable":true,"href":"https:\/\/computaex.es\/en\/wp-json\/wp\/v2\/categories?post=10144"},{"taxonomy":"post_tag","embeddable":true,"href":"https:\/\/computaex.es\/en\/wp-json\/wp\/v2\/tags?post=10144"}],"curies":[{"name":"wp","href":"https:\/\/api.w.org\/{rel}","templated":true}]}}