{"id":10302,"date":"2025-10-09T09:52:11","date_gmt":"2025-10-09T07:52:11","guid":{"rendered":"https:\/\/computaex.es\/?page_id=10302"},"modified":"2026-04-29T14:45:24","modified_gmt":"2026-04-29T12:45:24","slug":"lusitania-5g-6g-port-equipamiento-cientifico-para-la-implantacion-de-un-entorno-de-pruebas-de-tecnologias-5g-6g-en-la-infraestructura-de-supercomputacion-lusitania","status":"publish","type":"page","link":"https:\/\/computaex.es\/en\/proyectos\/lusitania-5g-6g-port-equipamiento-cientifico-para-la-implantacion-de-un-entorno-de-pruebas-de-tecnologias-5g-6g-en-la-infraestructura-de-supercomputacion-lusitania\/","title":{"rendered":"LUSITANIA-5G\/6G PORT: Equipamiento cient\u00edfico para la implantaci\u00f3n de un entorno de pruebas de tecnolog\u00edas 5G\/6G en la infraestructura de supercomputaci\u00f3n LUSITANIA."},"content":{"rendered":"<div data-elementor-type=\"wp-page\" data-elementor-id=\"10302\" class=\"elementor elementor-10302\">\n\t\t\t\t<div class=\"elementor-element elementor-element-2ca2e3f1 e-flex e-con-boxed wpr-particle-no wpr-jarallax-no wpr-parallax-no wpr-sticky-section-no e-con e-parent\" data-id=\"2ca2e3f1\" data-element_type=\"container\" data-e-type=\"container\">\n\t\t\t\t\t<div class=\"e-con-inner\">\n\t\t\t\t<div class=\"elementor-element elementor-element-1a974d0c elementor-widget elementor-widget-text-editor\" data-id=\"1a974d0c\" data-element_type=\"widget\" data-e-type=\"widget\" data-widget_type=\"text-editor.default\">\n\t\t\t\t<div class=\"elementor-widget-container\">\n\t\t\t\t\t\t\t\t\t<p style=\"text-align: justify;\"><strong>Objetivos del proyecto:<\/strong><br \/>El objetivo del presente proyecto es potenciar la capacidad investigadora en tecnolog\u00edas 5G y 6G en la regi\u00f3n de Extremadura mediante la adquisici\u00f3n, despliegue y puesta en marcha de un entorno de pruebas real que permita validar y demostrar las investigaciones previamente realizadas mediante t\u00e9cnicas de simulaci\u00f3n en este \u00e1mbito.<br \/>Se trata, por tanto, de adquirir equipamiento tecnol\u00f3gico que permita a la comunidad investigadora, principalmente de la regi\u00f3n, incrementar el nivel de maduraci\u00f3n tecnol\u00f3gica de sus investigaciones en 5G y sentar las bases para el desarrollo del denominado 6G. Se pretende que el entorno de pruebas resultante abarque todos los componentes de la arquitectura de red 5G, es decir, los dispositivos finales, la red de acceso radio, el core de red y los equipos que forman el denominado MEC (Multi-Access Edge Computing). La virtualizaci\u00f3n de la red de core mediante tecnolog\u00edas como las redes definidas por software (Software Defined Networks, SDN), la virtualizaci\u00f3n de funciones de red (Network Function Virtualization, NFV) y el \u00abcorte de red\u00bb (Network Slicing); junto al uso de hardware de prop\u00f3sito general para contener servicios virtualizados constituyen las principales novedades de la tecnolog\u00eda 5G. Estas tecnolog\u00edas apoyadas en la infraestructura de inteligencia artificial del supercomputador LUSITANIA III de COMPUTAEX conforman una herramienta potente que la consecuci\u00f3n del presente proyecto pondr\u00eda a disposici\u00f3n de los investigadores de Extremadura.<\/p><p style=\"text-align: justify;\">Contar con un entorno real de pruebas como el expuesto, permitir\u00e1 extender el alcance de las tecnolog\u00edas 6G m\u00e1s all\u00e1 de la red de acceso y de core, \u00e1mbitos especialmente trabajados en el 5G, ya que incluir\u00e1 a los equipos finales y los propios centros de proceso de datos. El sistema final podr\u00eda ser consciente de los recursos necesarios para una<br \/>adecuada comunicaci\u00f3n extremo a extremo, de modo que se habilitar\u00eda el desarrollo de servicios confiables con capacidad para satisfacer las necesidades detectadas. Adem\u00e1s,<br \/>habilitar\u00e1 el desarrollo y prueba de nuevos mecanismos de seguridad que permitan preservar con garant\u00edas el denominado modelo CIA (Confidencialidad, integridad y<br \/>disponibilidad) permitiendo el despliegue de nuevas redes que respeten el principio de seguridad por defecto.<\/p><p style=\"text-align: justify;\">Se prev\u00e9, adem\u00e1s, que este proyecto piloto genere un efecto tractor para el desarrollo de futuros proyectos con mayor alcance y que involucren al resto de centros, institutos<br \/>y grupos de investigaci\u00f3n de la regi\u00f3n.<\/p><p style=\"text-align: justify;\"><strong>Objetivos espec\u00edficos:<\/strong><\/p><ul><li style=\"text-align: justify;\">OE1: Validar y demostrar las investigaciones en tecnolog\u00edas 5G realizadas en la regi\u00f3n basadas en redes SDN mediante el establecimiento de un banco de pruebas real con todos los componentes de la arquitectura 5G.<\/li><li style=\"text-align: justify;\">OE2: Gestionar eficientemente los flujos de tr\u00e1fico en las diferentes slices de red mediante el desarrollo de mecanismos de planificaci\u00f3n de recursos basados en inteligencia artificial.<\/li><li style=\"text-align: justify;\">OE3: Mejorar la seguridad, los tiempos de respuesta y la latencia mediante la implementaci\u00f3n de funciones virtualizadas de red (NFV) configuradas y desplegadas empleando inteligencia artificial en un cl\u00faster de servidores de edge computing.<\/li><\/ul><p style=\"text-align: justify;\"><strong>Fuentes Financiaci\u00f3n:<\/strong> Ministerio de Asuntos Econ\u00f3micos y Transformaci\u00f3n Digital, dentro del programa de Infraestructuras de investigaci\u00f3n y equipamiento cient\u00edficot\u00e9cnico. Modalidad de Equipamiento cient\u00edfico-t\u00e9cnico UNICO I+D 6G 2023: Concesi\u00f3n de ayudas para la financiaci\u00f3n de infraestructuras de investigaci\u00f3n, adquisici\u00f3n de equipamiento cient\u00edfico-t\u00e9cnico y proyectos de I+D en 5G avanzado del Programa UNICO I+D 6G 2023, en el marco del Plan de Recuperaci\u00f3n, Transformaci\u00f3n y Resiliencia.UNICO I+D 5G-6G 2023: Programa de Universalizaci\u00f3n de Infraestructuras Digitales para la Cohesi\u00f3n (Infraestructuras de investigaci\u00f3n, equipamiento cient\u00edfico t\u00e9cnico y Proyectos de I+D en 5G Avanzado).<\/p><p style=\"text-align: center;\">\u00a0<\/p>\t\t\t\t\t\t\t\t<\/div>\n\t\t\t\t<\/div>\n\t\t\t\t<div class=\"elementor-element elementor-element-f0809a7 elementor-widget elementor-widget-image\" data-id=\"f0809a7\" data-element_type=\"widget\" data-e-type=\"widget\" data-widget_type=\"image.default\">\n\t\t\t\t<div class=\"elementor-widget-container\">\n\t\t\t\t\t\t\t\t\t\t\t\t\t\t\t<img fetchpriority=\"high\" decoding=\"async\" width=\"800\" height=\"67\" src=\"https:\/\/computaex.es\/wp-content\/uploads\/2026\/04\/LOGO-LUSITANIA-5G-6G-PORT_UNICO-2023_mas-UNICO-6G-1024x86.jpg\" class=\"attachment-large size-large wp-image-11788\" alt=\"\" srcset=\"https:\/\/computaex.es\/wp-content\/uploads\/2026\/04\/LOGO-LUSITANIA-5G-6G-PORT_UNICO-2023_mas-UNICO-6G-1024x86.jpg 1024w, https:\/\/computaex.es\/wp-content\/uploads\/2026\/04\/LOGO-LUSITANIA-5G-6G-PORT_UNICO-2023_mas-UNICO-6G-300x25.jpg 300w, https:\/\/computaex.es\/wp-content\/uploads\/2026\/04\/LOGO-LUSITANIA-5G-6G-PORT_UNICO-2023_mas-UNICO-6G-768x64.jpg 768w, https:\/\/computaex.es\/wp-content\/uploads\/2026\/04\/LOGO-LUSITANIA-5G-6G-PORT_UNICO-2023_mas-UNICO-6G-1536x128.jpg 1536w, https:\/\/computaex.es\/wp-content\/uploads\/2026\/04\/LOGO-LUSITANIA-5G-6G-PORT_UNICO-2023_mas-UNICO-6G-2048x171.jpg 2048w, https:\/\/computaex.es\/wp-content\/uploads\/2026\/04\/LOGO-LUSITANIA-5G-6G-PORT_UNICO-2023_mas-UNICO-6G-18x2.jpg 18w\" sizes=\"(max-width: 800px) 100vw, 800px\" \/>\t\t\t\t\t\t\t\t\t\t\t\t\t\t\t<\/div>\n\t\t\t\t<\/div>\n\t\t\t\t\t<\/div>\n\t\t\t\t<\/div>\n\t\t\t\t<\/div>","protected":false},"excerpt":{"rendered":"<p>Objetivos del proyecto:El objetivo del presente proyecto es potenciar la capacidad investigadora en tecnolog\u00edas 5G y 6G en la regi\u00f3n de Extremadura mediante la adquisici\u00f3n, despliegue y puesta en marcha &#8230;<\/p>","protected":false},"author":1,"featured_media":0,"parent":9950,"menu_order":0,"comment_status":"closed","ping_status":"closed","template":"","meta":{"footnotes":""},"categories":[117,104,81,122],"tags":[],"class_list":["post-10302","page","type-page","status-publish","hentry","category-activos","category-ciencias-informaticas-y-de-comunicaciones","category-proyectos","category-supercomputacion-y-hpc"],"yoast_head":"<!-- This site is optimized with the Yoast SEO plugin v27.1.1 - https:\/\/yoast.com\/product\/yoast-seo-wordpress\/ -->\n<title>LUSITANIA-5G\/6G PORT: Equipamiento cient\u00edfico para la implantaci\u00f3n de un entorno de pruebas de tecnolog\u00edas 5G\/6G en la infraestructura de supercomputaci\u00f3n LUSITANIA. - Fundaci\u00f3n COMPUTAEX<\/title>\n<meta name=\"robots\" content=\"index, follow, max-snippet:-1, max-image-preview:large, max-video-preview:-1\" \/>\n<link rel=\"canonical\" href=\"https:\/\/computaex.es\/en\/proyectos\/lusitania-5g-6g-port-equipamiento-cientifico-para-la-implantacion-de-un-entorno-de-pruebas-de-tecnologias-5g-6g-en-la-infraestructura-de-supercomputacion-lusitania\/\" \/>\n<meta property=\"og:locale\" content=\"en_US\" \/>\n<meta property=\"og:type\" content=\"article\" \/>\n<meta property=\"og:title\" content=\"LUSITANIA-5G\/6G PORT: Equipamiento cient\u00edfico para la implantaci\u00f3n de un entorno de pruebas de tecnolog\u00edas 5G\/6G en la infraestructura de supercomputaci\u00f3n LUSITANIA. - Fundaci\u00f3n COMPUTAEX\" \/>\n<meta property=\"og:description\" content=\"Objetivos del proyecto:El objetivo del presente proyecto es potenciar la capacidad investigadora en tecnolog\u00edas 5G y 6G en la regi\u00f3n de Extremadura mediante la adquisici\u00f3n, despliegue y puesta en marcha ...\" \/>\n<meta property=\"og:url\" content=\"https:\/\/computaex.es\/en\/proyectos\/lusitania-5g-6g-port-equipamiento-cientifico-para-la-implantacion-de-un-entorno-de-pruebas-de-tecnologias-5g-6g-en-la-infraestructura-de-supercomputacion-lusitania\/\" \/>\n<meta property=\"og:site_name\" content=\"Fundaci\u00f3n COMPUTAEX\" \/>\n<meta property=\"article:publisher\" content=\"https:\/\/m.facebook.com\/computaex\/\" \/>\n<meta property=\"article:modified_time\" content=\"2026-04-29T12:45:24+00:00\" \/>\n<meta property=\"og:image\" content=\"https:\/\/computaex.es\/wp-content\/uploads\/2026\/04\/LOGO-LUSITANIA-5G-6G-PORT_UNICO-2023_mas-UNICO-6G-scaled.jpg\" \/>\n\t<meta property=\"og:image:width\" content=\"2560\" \/>\n\t<meta property=\"og:image:height\" content=\"214\" \/>\n\t<meta property=\"og:image:type\" content=\"image\/jpeg\" \/>\n<meta name=\"twitter:card\" content=\"summary_large_image\" \/>\n<meta name=\"twitter:site\" content=\"@computaex\" \/>\n<meta name=\"twitter:label1\" content=\"Est. reading time\" \/>\n\t<meta name=\"twitter:data1\" content=\"3 minutes\" \/>\n<script type=\"application\/ld+json\" class=\"yoast-schema-graph\">{\"@context\":\"https:\/\/schema.org\",\"@graph\":[{\"@type\":\"WebPage\",\"@id\":\"https:\/\/computaex.es\/proyectos\/lusitania-5g-6g-port-equipamiento-cientifico-para-la-implantacion-de-un-entorno-de-pruebas-de-tecnologias-5g-6g-en-la-infraestructura-de-supercomputacion-lusitania\/\",\"url\":\"https:\/\/computaex.es\/proyectos\/lusitania-5g-6g-port-equipamiento-cientifico-para-la-implantacion-de-un-entorno-de-pruebas-de-tecnologias-5g-6g-en-la-infraestructura-de-supercomputacion-lusitania\/\",\"name\":\"LUSITANIA-5G\/6G PORT: Equipamiento cient\u00edfico para la implantaci\u00f3n de un entorno de pruebas de tecnolog\u00edas 5G\/6G en la infraestructura de supercomputaci\u00f3n LUSITANIA. - Fundaci\u00f3n COMPUTAEX\",\"isPartOf\":{\"@id\":\"https:\/\/computaex.es\/#website\"},\"primaryImageOfPage\":{\"@id\":\"https:\/\/computaex.es\/proyectos\/lusitania-5g-6g-port-equipamiento-cientifico-para-la-implantacion-de-un-entorno-de-pruebas-de-tecnologias-5g-6g-en-la-infraestructura-de-supercomputacion-lusitania\/#primaryimage\"},\"image\":{\"@id\":\"https:\/\/computaex.es\/proyectos\/lusitania-5g-6g-port-equipamiento-cientifico-para-la-implantacion-de-un-entorno-de-pruebas-de-tecnologias-5g-6g-en-la-infraestructura-de-supercomputacion-lusitania\/#primaryimage\"},\"thumbnailUrl\":\"https:\/\/computaex.es\/wp-content\/uploads\/2026\/04\/LOGO-LUSITANIA-5G-6G-PORT_UNICO-2023_mas-UNICO-6G-1024x86.jpg\",\"datePublished\":\"2025-10-09T07:52:11+00:00\",\"dateModified\":\"2026-04-29T12:45:24+00:00\",\"breadcrumb\":{\"@id\":\"https:\/\/computaex.es\/proyectos\/lusitania-5g-6g-port-equipamiento-cientifico-para-la-implantacion-de-un-entorno-de-pruebas-de-tecnologias-5g-6g-en-la-infraestructura-de-supercomputacion-lusitania\/#breadcrumb\"},\"inLanguage\":\"en-US\",\"potentialAction\":[{\"@type\":\"ReadAction\",\"target\":[\"https:\/\/computaex.es\/proyectos\/lusitania-5g-6g-port-equipamiento-cientifico-para-la-implantacion-de-un-entorno-de-pruebas-de-tecnologias-5g-6g-en-la-infraestructura-de-supercomputacion-lusitania\/\"]}]},{\"@type\":\"ImageObject\",\"inLanguage\":\"en-US\",\"@id\":\"https:\/\/computaex.es\/proyectos\/lusitania-5g-6g-port-equipamiento-cientifico-para-la-implantacion-de-un-entorno-de-pruebas-de-tecnologias-5g-6g-en-la-infraestructura-de-supercomputacion-lusitania\/#primaryimage\",\"url\":\"https:\/\/computaex.es\/wp-content\/uploads\/2026\/04\/LOGO-LUSITANIA-5G-6G-PORT_UNICO-2023_mas-UNICO-6G-1024x86.jpg\",\"contentUrl\":\"https:\/\/computaex.es\/wp-content\/uploads\/2026\/04\/LOGO-LUSITANIA-5G-6G-PORT_UNICO-2023_mas-UNICO-6G-1024x86.jpg\"},{\"@type\":\"BreadcrumbList\",\"@id\":\"https:\/\/computaex.es\/proyectos\/lusitania-5g-6g-port-equipamiento-cientifico-para-la-implantacion-de-un-entorno-de-pruebas-de-tecnologias-5g-6g-en-la-infraestructura-de-supercomputacion-lusitania\/#breadcrumb\",\"itemListElement\":[{\"@type\":\"ListItem\",\"position\":1,\"name\":\"Portada\",\"item\":\"https:\/\/computaex.es\/\"},{\"@type\":\"ListItem\",\"position\":2,\"name\":\"Proyectos\",\"item\":\"https:\/\/computaex.es\/proyectos\/\"},{\"@type\":\"ListItem\",\"position\":3,\"name\":\"LUSITANIA-5G\/6G PORT: Equipamiento cient\u00edfico para la implantaci\u00f3n de un entorno de pruebas de tecnolog\u00edas 5G\/6G en la infraestructura de supercomputaci\u00f3n LUSITANIA.\"}]},{\"@type\":\"WebSite\",\"@id\":\"https:\/\/computaex.es\/#website\",\"url\":\"https:\/\/computaex.es\/\",\"name\":\"Fundaci\u00f3n COMPUTAEX\",\"description\":\"COMPUTAEX\",\"publisher\":{\"@id\":\"https:\/\/computaex.es\/#organization\"},\"potentialAction\":[{\"@type\":\"SearchAction\",\"target\":{\"@type\":\"EntryPoint\",\"urlTemplate\":\"https:\/\/computaex.es\/?s={search_term_string}\"},\"query-input\":{\"@type\":\"PropertyValueSpecification\",\"valueRequired\":true,\"valueName\":\"search_term_string\"}}],\"inLanguage\":\"en-US\"},{\"@type\":\"Organization\",\"@id\":\"https:\/\/computaex.es\/#organization\",\"name\":\"COMPUTAEX\",\"url\":\"https:\/\/computaex.es\/\",\"logo\":{\"@type\":\"ImageObject\",\"inLanguage\":\"en-US\",\"@id\":\"https:\/\/computaex.es\/#\/schema\/logo\/image\/\",\"url\":\"https:\/\/computaex.es\/wp-content\/uploads\/2025\/05\/cropped-COMPUTAEX_transparente-scaled-1.png\",\"contentUrl\":\"https:\/\/computaex.es\/wp-content\/uploads\/2025\/05\/cropped-COMPUTAEX_transparente-scaled-1.png\",\"width\":2560,\"height\":970,\"caption\":\"COMPUTAEX\"},\"image\":{\"@id\":\"https:\/\/computaex.es\/#\/schema\/logo\/image\/\"},\"sameAs\":[\"https:\/\/m.facebook.com\/computaex\/\",\"https:\/\/x.com\/computaex\",\"https:\/\/es.linkedin.com\/company\/cenits\"]}]}<\/script>\n<!-- \/ Yoast SEO plugin. -->","yoast_head_json":{"title":"LUSITANIA-5G\/6G PORT: Equipamiento cient\u00edfico para la implantaci\u00f3n de un entorno de pruebas de tecnolog\u00edas 5G\/6G en la infraestructura de supercomputaci\u00f3n LUSITANIA. - Fundaci\u00f3n COMPUTAEX","robots":{"index":"index","follow":"follow","max-snippet":"max-snippet:-1","max-image-preview":"max-image-preview:large","max-video-preview":"max-video-preview:-1"},"canonical":"https:\/\/computaex.es\/en\/proyectos\/lusitania-5g-6g-port-equipamiento-cientifico-para-la-implantacion-de-un-entorno-de-pruebas-de-tecnologias-5g-6g-en-la-infraestructura-de-supercomputacion-lusitania\/","og_locale":"en_US","og_type":"article","og_title":"LUSITANIA-5G\/6G PORT: Equipamiento cient\u00edfico para la implantaci\u00f3n de un entorno de pruebas de tecnolog\u00edas 5G\/6G en la infraestructura de supercomputaci\u00f3n LUSITANIA. - Fundaci\u00f3n COMPUTAEX","og_description":"Objetivos del proyecto:El objetivo del presente proyecto es potenciar la capacidad investigadora en tecnolog\u00edas 5G y 6G en la regi\u00f3n de Extremadura mediante la adquisici\u00f3n, despliegue y puesta en marcha ...","og_url":"https:\/\/computaex.es\/en\/proyectos\/lusitania-5g-6g-port-equipamiento-cientifico-para-la-implantacion-de-un-entorno-de-pruebas-de-tecnologias-5g-6g-en-la-infraestructura-de-supercomputacion-lusitania\/","og_site_name":"Fundaci\u00f3n COMPUTAEX","article_publisher":"https:\/\/m.facebook.com\/computaex\/","article_modified_time":"2026-04-29T12:45:24+00:00","og_image":[{"width":2560,"height":214,"url":"https:\/\/computaex.es\/wp-content\/uploads\/2026\/04\/LOGO-LUSITANIA-5G-6G-PORT_UNICO-2023_mas-UNICO-6G-scaled.jpg","type":"image\/jpeg"}],"twitter_card":"summary_large_image","twitter_site":"@computaex","twitter_misc":{"Est. reading time":"3 minutes"},"schema":{"@context":"https:\/\/schema.org","@graph":[{"@type":"WebPage","@id":"https:\/\/computaex.es\/proyectos\/lusitania-5g-6g-port-equipamiento-cientifico-para-la-implantacion-de-un-entorno-de-pruebas-de-tecnologias-5g-6g-en-la-infraestructura-de-supercomputacion-lusitania\/","url":"https:\/\/computaex.es\/proyectos\/lusitania-5g-6g-port-equipamiento-cientifico-para-la-implantacion-de-un-entorno-de-pruebas-de-tecnologias-5g-6g-en-la-infraestructura-de-supercomputacion-lusitania\/","name":"LUSITANIA-5G\/6G PORT: Equipamiento cient\u00edfico para la implantaci\u00f3n de un entorno de pruebas de tecnolog\u00edas 5G\/6G en la infraestructura de supercomputaci\u00f3n LUSITANIA. - Fundaci\u00f3n COMPUTAEX","isPartOf":{"@id":"https:\/\/computaex.es\/#website"},"primaryImageOfPage":{"@id":"https:\/\/computaex.es\/proyectos\/lusitania-5g-6g-port-equipamiento-cientifico-para-la-implantacion-de-un-entorno-de-pruebas-de-tecnologias-5g-6g-en-la-infraestructura-de-supercomputacion-lusitania\/#primaryimage"},"image":{"@id":"https:\/\/computaex.es\/proyectos\/lusitania-5g-6g-port-equipamiento-cientifico-para-la-implantacion-de-un-entorno-de-pruebas-de-tecnologias-5g-6g-en-la-infraestructura-de-supercomputacion-lusitania\/#primaryimage"},"thumbnailUrl":"https:\/\/computaex.es\/wp-content\/uploads\/2026\/04\/LOGO-LUSITANIA-5G-6G-PORT_UNICO-2023_mas-UNICO-6G-1024x86.jpg","datePublished":"2025-10-09T07:52:11+00:00","dateModified":"2026-04-29T12:45:24+00:00","breadcrumb":{"@id":"https:\/\/computaex.es\/proyectos\/lusitania-5g-6g-port-equipamiento-cientifico-para-la-implantacion-de-un-entorno-de-pruebas-de-tecnologias-5g-6g-en-la-infraestructura-de-supercomputacion-lusitania\/#breadcrumb"},"inLanguage":"en-US","potentialAction":[{"@type":"ReadAction","target":["https:\/\/computaex.es\/proyectos\/lusitania-5g-6g-port-equipamiento-cientifico-para-la-implantacion-de-un-entorno-de-pruebas-de-tecnologias-5g-6g-en-la-infraestructura-de-supercomputacion-lusitania\/"]}]},{"@type":"ImageObject","inLanguage":"en-US","@id":"https:\/\/computaex.es\/proyectos\/lusitania-5g-6g-port-equipamiento-cientifico-para-la-implantacion-de-un-entorno-de-pruebas-de-tecnologias-5g-6g-en-la-infraestructura-de-supercomputacion-lusitania\/#primaryimage","url":"https:\/\/computaex.es\/wp-content\/uploads\/2026\/04\/LOGO-LUSITANIA-5G-6G-PORT_UNICO-2023_mas-UNICO-6G-1024x86.jpg","contentUrl":"https:\/\/computaex.es\/wp-content\/uploads\/2026\/04\/LOGO-LUSITANIA-5G-6G-PORT_UNICO-2023_mas-UNICO-6G-1024x86.jpg"},{"@type":"BreadcrumbList","@id":"https:\/\/computaex.es\/proyectos\/lusitania-5g-6g-port-equipamiento-cientifico-para-la-implantacion-de-un-entorno-de-pruebas-de-tecnologias-5g-6g-en-la-infraestructura-de-supercomputacion-lusitania\/#breadcrumb","itemListElement":[{"@type":"ListItem","position":1,"name":"Portada","item":"https:\/\/computaex.es\/"},{"@type":"ListItem","position":2,"name":"Proyectos","item":"https:\/\/computaex.es\/proyectos\/"},{"@type":"ListItem","position":3,"name":"LUSITANIA-5G\/6G PORT: Equipamiento cient\u00edfico para la implantaci\u00f3n de un entorno de pruebas de tecnolog\u00edas 5G\/6G en la infraestructura de supercomputaci\u00f3n LUSITANIA."}]},{"@type":"WebSite","@id":"https:\/\/computaex.es\/#website","url":"https:\/\/computaex.es\/","name":"COMPUTAEX Foundation","description":"COMPUTAEX","publisher":{"@id":"https:\/\/computaex.es\/#organization"},"potentialAction":[{"@type":"SearchAction","target":{"@type":"EntryPoint","urlTemplate":"https:\/\/computaex.es\/?s={search_term_string}"},"query-input":{"@type":"PropertyValueSpecification","valueRequired":true,"valueName":"search_term_string"}}],"inLanguage":"en-US"},{"@type":"Organization","@id":"https:\/\/computaex.es\/#organization","name":"COMPUTAEX","url":"https:\/\/computaex.es\/","logo":{"@type":"ImageObject","inLanguage":"en-US","@id":"https:\/\/computaex.es\/#\/schema\/logo\/image\/","url":"https:\/\/computaex.es\/wp-content\/uploads\/2025\/05\/cropped-COMPUTAEX_transparente-scaled-1.png","contentUrl":"https:\/\/computaex.es\/wp-content\/uploads\/2025\/05\/cropped-COMPUTAEX_transparente-scaled-1.png","width":2560,"height":970,"caption":"COMPUTAEX"},"image":{"@id":"https:\/\/computaex.es\/#\/schema\/logo\/image\/"},"sameAs":["https:\/\/m.facebook.com\/computaex\/","https:\/\/x.com\/computaex","https:\/\/es.linkedin.com\/company\/cenits"]}]}},"_links":{"self":[{"href":"https:\/\/computaex.es\/en\/wp-json\/wp\/v2\/pages\/10302","targetHints":{"allow":["GET"]}}],"collection":[{"href":"https:\/\/computaex.es\/en\/wp-json\/wp\/v2\/pages"}],"about":[{"href":"https:\/\/computaex.es\/en\/wp-json\/wp\/v2\/types\/page"}],"author":[{"embeddable":true,"href":"https:\/\/computaex.es\/en\/wp-json\/wp\/v2\/users\/1"}],"replies":[{"embeddable":true,"href":"https:\/\/computaex.es\/en\/wp-json\/wp\/v2\/comments?post=10302"}],"version-history":[{"count":5,"href":"https:\/\/computaex.es\/en\/wp-json\/wp\/v2\/pages\/10302\/revisions"}],"predecessor-version":[{"id":11792,"href":"https:\/\/computaex.es\/en\/wp-json\/wp\/v2\/pages\/10302\/revisions\/11792"}],"up":[{"embeddable":true,"href":"https:\/\/computaex.es\/en\/wp-json\/wp\/v2\/pages\/9950"}],"wp:attachment":[{"href":"https:\/\/computaex.es\/en\/wp-json\/wp\/v2\/media?parent=10302"}],"wp:term":[{"taxonomy":"category","embeddable":true,"href":"https:\/\/computaex.es\/en\/wp-json\/wp\/v2\/categories?post=10302"},{"taxonomy":"post_tag","embeddable":true,"href":"https:\/\/computaex.es\/en\/wp-json\/wp\/v2\/tags?post=10302"}],"curies":[{"name":"wp","href":"https:\/\/api.w.org\/{rel}","templated":true}]}}