{"id":10316,"date":"2025-10-09T13:03:14","date_gmt":"2025-10-09T11:03:14","guid":{"rendered":"https:\/\/computaex.es\/?page_id=10316"},"modified":"2025-12-04T10:34:03","modified_gmt":"2025-12-04T09:34:03","slug":"eqc2024-servicio-de-emulacion-cuantica-para-el-progreso-de-la-investigacion-cientifico-tecnica-en-extremadura","status":"publish","type":"page","link":"https:\/\/computaex.es\/en\/proyectos\/eqc2024-servicio-de-emulacion-cuantica-para-el-progreso-de-la-investigacion-cientifico-tecnica-en-extremadura\/","title":{"rendered":"EQC2024. Servicio de Emulaci\u00f3n Cu\u00e1ntica para el Progreso de la Investigaci\u00f3n Cient\u00edfico-T\u00e9cnica en Extremadura."},"content":{"rendered":"<div data-elementor-type=\"wp-page\" data-elementor-id=\"10316\" class=\"elementor elementor-10316\">\n\t\t\t\t<div class=\"elementor-element elementor-element-52e17ff3 e-flex e-con-boxed wpr-particle-no wpr-jarallax-no wpr-parallax-no wpr-sticky-section-no e-con e-parent\" data-id=\"52e17ff3\" data-element_type=\"container\" data-e-type=\"container\">\n\t\t\t\t\t<div class=\"e-con-inner\">\n\t\t\t\t<div class=\"elementor-element elementor-element-1211d460 elementor-widget elementor-widget-text-editor\" data-id=\"1211d460\" data-element_type=\"widget\" data-e-type=\"widget\" data-widget_type=\"text-editor.default\">\n\t\t\t\t<div class=\"elementor-widget-container\">\n\t\t\t\t\t\t\t\t\t<p style=\"text-align: justify;\"><strong>Objetivos del proyecto: <\/strong><\/p><p style=\"text-align: justify;\">El objetivo es dotar al Centro de Supercomputaci\u00f3n C\u00e9nitS de una infraestructura de Emulaci\u00f3n Cu\u00e1ntica mediante un emulador de circuitos basado en puertas cu\u00e1nticas con capacidad para ejecutar algoritmos de annealing, quantum machine learning, criptograf\u00eda, otros algoritmos y modelos de computaci\u00f3n cu\u00e1ntica.<br \/>El equipamiento soportar\u00e1 los altos requerimientos computacionales de los algoritmos cu\u00e1nticos, con gran capacidad de memoria, capacidades paralelas y vectoriales, y comunicaciones de alto rendimiento. Adem\u00e1s, ejecutar\u00e1 software de desarrollo cu\u00e1ntico est\u00e1ndar, abierto y de terceros.<\/p><p style=\"text-align: justify;\">El equipamiento solicitado, ser\u00e1 integrado entre las facilidades del Centro de Proceso de Datos (CPD) de C\u00e9nits-COMPUTAEX de la forma habitual, y sin necesidad de<br \/>instalaciones adicionales. Ser\u00e1 gestionado, mantenido y puesto a disposici\u00f3n de los usuarios por personal propio, con amplia experiencia en gesti\u00f3n de infraestructuras de<br \/>supercomputaci\u00f3n. Supondr\u00e1 la primera infraestructura p\u00fablica de computaci\u00f3n cu\u00e1ntica de Extremadura puesta a disposici\u00f3n de la comunidad cient\u00edfica.<\/p><p style=\"text-align: justify;\"><strong>Cofinanciaci\u00f3n:<\/strong><\/p><p style=\"text-align: justify;\">La ayuda para la adquisici\u00f3n de equipamiento cient\u00edfico-t\u00e9cnico, en el marco del Plan Estatal de Investigaci\u00f3n Cient\u00edfica y T\u00e9cnica y de Innovaci\u00f3n 2021-2023 est\u00e1 cofinanciada por la Uni\u00f3n Europea a trav\u00e9s del Fondo Europeo de Desarrollo Regional (FEDER), dentro del Programa Plurirregional de Espa\u00f1a FEDER 2021-2027, el Ministerio de Ciencia, Innovaci\u00f3n y Universidades y la Agencia Estatal de Investigaci\u00f3n (10.13039\/501100011033), a trav\u00e9s de la Orden por la que se aprueba la convocatoria correspondiente al a\u00f1o 2024 del procedimiento para la concesi\u00f3n de ayudas para la adquisici\u00f3n de equipamiento cient\u00edfico-t\u00e9cnico, correspondientes al Subprograma Estatal de Infraestructuras y Equipamiento Cient\u00edfico-T\u00e9cnico del Programa Estatal para Impulsar la Investigaci\u00f3n Cient\u00edfico-T\u00e9cnica y su Transferencia, en el marco del Plan Estatal de Investigaci\u00f3n Cient\u00edfica y T\u00e9cnica y de Innovaci\u00f3n 2021-2023.<\/p><p style=\"text-align: justify;\"><a href=\"https:\/\/computaex.es\/wp-content\/uploads\/2025\/12\/LOGO-EQC2024-EMULACION-CUANTICA-AEI-scaled.jpg\"><img decoding=\"async\" class=\"aligncenter size-medium wp-image-10684\" src=\"https:\/\/computaex.es\/wp-content\/uploads\/2025\/12\/LOGO-EQC2024-EMULACION-CUANTICA-AEI-300x49.jpg\" alt=\"\" width=\"300\" height=\"49\" srcset=\"https:\/\/computaex.es\/wp-content\/uploads\/2025\/12\/LOGO-EQC2024-EMULACION-CUANTICA-AEI-300x49.jpg 300w, https:\/\/computaex.es\/wp-content\/uploads\/2025\/12\/LOGO-EQC2024-EMULACION-CUANTICA-AEI-1024x168.jpg 1024w, https:\/\/computaex.es\/wp-content\/uploads\/2025\/12\/LOGO-EQC2024-EMULACION-CUANTICA-AEI-768x126.jpg 768w, https:\/\/computaex.es\/wp-content\/uploads\/2025\/12\/LOGO-EQC2024-EMULACION-CUANTICA-AEI-1536x252.jpg 1536w, https:\/\/computaex.es\/wp-content\/uploads\/2025\/12\/LOGO-EQC2024-EMULACION-CUANTICA-AEI-2048x336.jpg 2048w, https:\/\/computaex.es\/wp-content\/uploads\/2025\/12\/LOGO-EQC2024-EMULACION-CUANTICA-AEI-18x3.jpg 18w\" sizes=\"(max-width: 300px) 100vw, 300px\" \/><\/a><\/p><p style=\"text-align: justify;\">Adem\u00e1s, est\u00e1 cofinanciada por la Juta de Extremadura a trav\u00e9s de un Convenio publicado en el DOE n\u00famero 126, del 2 de julio de 2025, a trav\u00e9s de la Resoluci\u00f3n de 25 de junio de 2025, de la Secretar\u00eda General, por la que se da publicidad al Convenio por el que se formaliza una transferencia espec\u00edfica a favor de la Fundaci\u00f3n Computaci\u00f3n y Tecnolog\u00edas Avanzadas de Extremadura (COMPUTAEX) para la cofinanciaci\u00f3n de la adquisici\u00f3n de equipamiento cient\u00edfico-t\u00e9cnico, para la anualidad 2025.<\/p><p><a href=\"https:\/\/computaex.es\/wp-content\/uploads\/2025\/10\/FinanciacionEQC20242.png\"><img decoding=\"async\" class=\"aligncenter wp-image-10317\" src=\"https:\/\/computaex.es\/wp-content\/uploads\/2025\/10\/FinanciacionEQC20242-300x15.png\" alt=\"\" width=\"600\" height=\"30\" srcset=\"https:\/\/computaex.es\/wp-content\/uploads\/2025\/10\/FinanciacionEQC20242-300x15.png 300w, https:\/\/computaex.es\/wp-content\/uploads\/2025\/10\/FinanciacionEQC20242-1024x52.png 1024w, https:\/\/computaex.es\/wp-content\/uploads\/2025\/10\/FinanciacionEQC20242-768x39.png 768w, https:\/\/computaex.es\/wp-content\/uploads\/2025\/10\/FinanciacionEQC20242.png 1127w\" sizes=\"(max-width: 600px) 100vw, 600px\" \/><\/a><\/p>\t\t\t\t\t\t\t\t<\/div>\n\t\t\t\t<\/div>\n\t\t\t\t\t<\/div>\n\t\t\t\t<\/div>\n\t\t\t\t<\/div>","protected":false},"excerpt":{"rendered":"<p>Objetivos del proyecto: El objetivo es dotar al Centro de Supercomputaci\u00f3n C\u00e9nitS de una infraestructura de Emulaci\u00f3n Cu\u00e1ntica mediante un emulador de circuitos basado en puertas cu\u00e1nticas con capacidad para &#8230;<\/p>","protected":false},"author":1,"featured_media":0,"parent":9950,"menu_order":0,"comment_status":"closed","ping_status":"closed","template":"","meta":{"footnotes":""},"categories":[117,121,81],"tags":[],"class_list":["post-10316","page","type-page","status-publish","hentry","category-activos","category-computacion-cuantica","category-proyectos"],"yoast_head":"<!-- This site is optimized with the Yoast SEO plugin v27.1.1 - https:\/\/yoast.com\/product\/yoast-seo-wordpress\/ -->\n<title>EQC2024. Servicio de Emulaci\u00f3n Cu\u00e1ntica para el Progreso de la Investigaci\u00f3n Cient\u00edfico-T\u00e9cnica en Extremadura. - Fundaci\u00f3n COMPUTAEX<\/title>\n<meta name=\"robots\" content=\"index, follow, max-snippet:-1, max-image-preview:large, max-video-preview:-1\" \/>\n<link rel=\"canonical\" href=\"https:\/\/computaex.es\/en\/proyectos\/eqc2024-servicio-de-emulacion-cuantica-para-el-progreso-de-la-investigacion-cientifico-tecnica-en-extremadura\/\" \/>\n<meta property=\"og:locale\" content=\"en_US\" \/>\n<meta property=\"og:type\" content=\"article\" \/>\n<meta property=\"og:title\" content=\"EQC2024. Servicio de Emulaci\u00f3n Cu\u00e1ntica para el Progreso de la Investigaci\u00f3n Cient\u00edfico-T\u00e9cnica en Extremadura. - Fundaci\u00f3n COMPUTAEX\" \/>\n<meta property=\"og:description\" content=\"Objetivos del proyecto: El objetivo es dotar al Centro de Supercomputaci\u00f3n C\u00e9nitS de una infraestructura de Emulaci\u00f3n Cu\u00e1ntica mediante un emulador de circuitos basado en puertas cu\u00e1nticas con capacidad para ...\" \/>\n<meta property=\"og:url\" content=\"https:\/\/computaex.es\/en\/proyectos\/eqc2024-servicio-de-emulacion-cuantica-para-el-progreso-de-la-investigacion-cientifico-tecnica-en-extremadura\/\" \/>\n<meta property=\"og:site_name\" content=\"Fundaci\u00f3n COMPUTAEX\" \/>\n<meta property=\"article:publisher\" content=\"https:\/\/m.facebook.com\/computaex\/\" \/>\n<meta property=\"article:modified_time\" content=\"2025-12-04T09:34:03+00:00\" \/>\n<meta property=\"og:image\" content=\"https:\/\/computaex.es\/wp-content\/uploads\/2025\/12\/LOGO-EQC2024-EMULACION-CUANTICA-AEI-scaled.jpg\" \/>\n\t<meta property=\"og:image:width\" content=\"2560\" \/>\n\t<meta property=\"og:image:height\" content=\"420\" \/>\n\t<meta property=\"og:image:type\" content=\"image\/jpeg\" \/>\n<meta name=\"twitter:card\" content=\"summary_large_image\" \/>\n<meta name=\"twitter:site\" content=\"@computaex\" \/>\n<meta name=\"twitter:label1\" content=\"Est. reading time\" \/>\n\t<meta name=\"twitter:data1\" content=\"3 minutes\" \/>\n<script type=\"application\/ld+json\" class=\"yoast-schema-graph\">{\"@context\":\"https:\/\/schema.org\",\"@graph\":[{\"@type\":\"WebPage\",\"@id\":\"https:\/\/computaex.es\/proyectos\/eqc2024-servicio-de-emulacion-cuantica-para-el-progreso-de-la-investigacion-cientifico-tecnica-en-extremadura\/\",\"url\":\"https:\/\/computaex.es\/proyectos\/eqc2024-servicio-de-emulacion-cuantica-para-el-progreso-de-la-investigacion-cientifico-tecnica-en-extremadura\/\",\"name\":\"EQC2024. Servicio de Emulaci\u00f3n Cu\u00e1ntica para el Progreso de la Investigaci\u00f3n Cient\u00edfico-T\u00e9cnica en Extremadura. - Fundaci\u00f3n COMPUTAEX\",\"isPartOf\":{\"@id\":\"https:\/\/computaex.es\/#website\"},\"primaryImageOfPage\":{\"@id\":\"https:\/\/computaex.es\/proyectos\/eqc2024-servicio-de-emulacion-cuantica-para-el-progreso-de-la-investigacion-cientifico-tecnica-en-extremadura\/#primaryimage\"},\"image\":{\"@id\":\"https:\/\/computaex.es\/proyectos\/eqc2024-servicio-de-emulacion-cuantica-para-el-progreso-de-la-investigacion-cientifico-tecnica-en-extremadura\/#primaryimage\"},\"thumbnailUrl\":\"https:\/\/computaex.es\/wp-content\/uploads\/2025\/12\/LOGO-EQC2024-EMULACION-CUANTICA-AEI-300x49.jpg\",\"datePublished\":\"2025-10-09T11:03:14+00:00\",\"dateModified\":\"2025-12-04T09:34:03+00:00\",\"breadcrumb\":{\"@id\":\"https:\/\/computaex.es\/proyectos\/eqc2024-servicio-de-emulacion-cuantica-para-el-progreso-de-la-investigacion-cientifico-tecnica-en-extremadura\/#breadcrumb\"},\"inLanguage\":\"en-US\",\"potentialAction\":[{\"@type\":\"ReadAction\",\"target\":[\"https:\/\/computaex.es\/proyectos\/eqc2024-servicio-de-emulacion-cuantica-para-el-progreso-de-la-investigacion-cientifico-tecnica-en-extremadura\/\"]}]},{\"@type\":\"ImageObject\",\"inLanguage\":\"en-US\",\"@id\":\"https:\/\/computaex.es\/proyectos\/eqc2024-servicio-de-emulacion-cuantica-para-el-progreso-de-la-investigacion-cientifico-tecnica-en-extremadura\/#primaryimage\",\"url\":\"https:\/\/computaex.es\/wp-content\/uploads\/2025\/12\/LOGO-EQC2024-EMULACION-CUANTICA-AEI-300x49.jpg\",\"contentUrl\":\"https:\/\/computaex.es\/wp-content\/uploads\/2025\/12\/LOGO-EQC2024-EMULACION-CUANTICA-AEI-300x49.jpg\"},{\"@type\":\"BreadcrumbList\",\"@id\":\"https:\/\/computaex.es\/proyectos\/eqc2024-servicio-de-emulacion-cuantica-para-el-progreso-de-la-investigacion-cientifico-tecnica-en-extremadura\/#breadcrumb\",\"itemListElement\":[{\"@type\":\"ListItem\",\"position\":1,\"name\":\"Portada\",\"item\":\"https:\/\/computaex.es\/\"},{\"@type\":\"ListItem\",\"position\":2,\"name\":\"Proyectos\",\"item\":\"https:\/\/computaex.es\/proyectos\/\"},{\"@type\":\"ListItem\",\"position\":3,\"name\":\"EQC2024. Servicio de Emulaci\u00f3n Cu\u00e1ntica para el Progreso de la Investigaci\u00f3n Cient\u00edfico-T\u00e9cnica en Extremadura.\"}]},{\"@type\":\"WebSite\",\"@id\":\"https:\/\/computaex.es\/#website\",\"url\":\"https:\/\/computaex.es\/\",\"name\":\"Fundaci\u00f3n COMPUTAEX\",\"description\":\"COMPUTAEX\",\"publisher\":{\"@id\":\"https:\/\/computaex.es\/#organization\"},\"potentialAction\":[{\"@type\":\"SearchAction\",\"target\":{\"@type\":\"EntryPoint\",\"urlTemplate\":\"https:\/\/computaex.es\/?s={search_term_string}\"},\"query-input\":{\"@type\":\"PropertyValueSpecification\",\"valueRequired\":true,\"valueName\":\"search_term_string\"}}],\"inLanguage\":\"en-US\"},{\"@type\":\"Organization\",\"@id\":\"https:\/\/computaex.es\/#organization\",\"name\":\"COMPUTAEX\",\"url\":\"https:\/\/computaex.es\/\",\"logo\":{\"@type\":\"ImageObject\",\"inLanguage\":\"en-US\",\"@id\":\"https:\/\/computaex.es\/#\/schema\/logo\/image\/\",\"url\":\"https:\/\/computaex.es\/wp-content\/uploads\/2025\/05\/cropped-COMPUTAEX_transparente-scaled-1.png\",\"contentUrl\":\"https:\/\/computaex.es\/wp-content\/uploads\/2025\/05\/cropped-COMPUTAEX_transparente-scaled-1.png\",\"width\":2560,\"height\":970,\"caption\":\"COMPUTAEX\"},\"image\":{\"@id\":\"https:\/\/computaex.es\/#\/schema\/logo\/image\/\"},\"sameAs\":[\"https:\/\/m.facebook.com\/computaex\/\",\"https:\/\/x.com\/computaex\",\"https:\/\/es.linkedin.com\/company\/cenits\"]}]}<\/script>\n<!-- \/ Yoast SEO plugin. -->","yoast_head_json":{"title":"EQC2024. Servicio de Emulaci\u00f3n Cu\u00e1ntica para el Progreso de la Investigaci\u00f3n Cient\u00edfico-T\u00e9cnica en Extremadura. - Fundaci\u00f3n COMPUTAEX","robots":{"index":"index","follow":"follow","max-snippet":"max-snippet:-1","max-image-preview":"max-image-preview:large","max-video-preview":"max-video-preview:-1"},"canonical":"https:\/\/computaex.es\/en\/proyectos\/eqc2024-servicio-de-emulacion-cuantica-para-el-progreso-de-la-investigacion-cientifico-tecnica-en-extremadura\/","og_locale":"en_US","og_type":"article","og_title":"EQC2024. Servicio de Emulaci\u00f3n Cu\u00e1ntica para el Progreso de la Investigaci\u00f3n Cient\u00edfico-T\u00e9cnica en Extremadura. - Fundaci\u00f3n COMPUTAEX","og_description":"Objetivos del proyecto: El objetivo es dotar al Centro de Supercomputaci\u00f3n C\u00e9nitS de una infraestructura de Emulaci\u00f3n Cu\u00e1ntica mediante un emulador de circuitos basado en puertas cu\u00e1nticas con capacidad para ...","og_url":"https:\/\/computaex.es\/en\/proyectos\/eqc2024-servicio-de-emulacion-cuantica-para-el-progreso-de-la-investigacion-cientifico-tecnica-en-extremadura\/","og_site_name":"Fundaci\u00f3n COMPUTAEX","article_publisher":"https:\/\/m.facebook.com\/computaex\/","article_modified_time":"2025-12-04T09:34:03+00:00","og_image":[{"width":2560,"height":420,"url":"https:\/\/computaex.es\/wp-content\/uploads\/2025\/12\/LOGO-EQC2024-EMULACION-CUANTICA-AEI-scaled.jpg","type":"image\/jpeg"}],"twitter_card":"summary_large_image","twitter_site":"@computaex","twitter_misc":{"Est. reading time":"3 minutes"},"schema":{"@context":"https:\/\/schema.org","@graph":[{"@type":"WebPage","@id":"https:\/\/computaex.es\/proyectos\/eqc2024-servicio-de-emulacion-cuantica-para-el-progreso-de-la-investigacion-cientifico-tecnica-en-extremadura\/","url":"https:\/\/computaex.es\/proyectos\/eqc2024-servicio-de-emulacion-cuantica-para-el-progreso-de-la-investigacion-cientifico-tecnica-en-extremadura\/","name":"EQC2024. Servicio de Emulaci\u00f3n Cu\u00e1ntica para el Progreso de la Investigaci\u00f3n Cient\u00edfico-T\u00e9cnica en Extremadura. - Fundaci\u00f3n COMPUTAEX","isPartOf":{"@id":"https:\/\/computaex.es\/#website"},"primaryImageOfPage":{"@id":"https:\/\/computaex.es\/proyectos\/eqc2024-servicio-de-emulacion-cuantica-para-el-progreso-de-la-investigacion-cientifico-tecnica-en-extremadura\/#primaryimage"},"image":{"@id":"https:\/\/computaex.es\/proyectos\/eqc2024-servicio-de-emulacion-cuantica-para-el-progreso-de-la-investigacion-cientifico-tecnica-en-extremadura\/#primaryimage"},"thumbnailUrl":"https:\/\/computaex.es\/wp-content\/uploads\/2025\/12\/LOGO-EQC2024-EMULACION-CUANTICA-AEI-300x49.jpg","datePublished":"2025-10-09T11:03:14+00:00","dateModified":"2025-12-04T09:34:03+00:00","breadcrumb":{"@id":"https:\/\/computaex.es\/proyectos\/eqc2024-servicio-de-emulacion-cuantica-para-el-progreso-de-la-investigacion-cientifico-tecnica-en-extremadura\/#breadcrumb"},"inLanguage":"en-US","potentialAction":[{"@type":"ReadAction","target":["https:\/\/computaex.es\/proyectos\/eqc2024-servicio-de-emulacion-cuantica-para-el-progreso-de-la-investigacion-cientifico-tecnica-en-extremadura\/"]}]},{"@type":"ImageObject","inLanguage":"en-US","@id":"https:\/\/computaex.es\/proyectos\/eqc2024-servicio-de-emulacion-cuantica-para-el-progreso-de-la-investigacion-cientifico-tecnica-en-extremadura\/#primaryimage","url":"https:\/\/computaex.es\/wp-content\/uploads\/2025\/12\/LOGO-EQC2024-EMULACION-CUANTICA-AEI-300x49.jpg","contentUrl":"https:\/\/computaex.es\/wp-content\/uploads\/2025\/12\/LOGO-EQC2024-EMULACION-CUANTICA-AEI-300x49.jpg"},{"@type":"BreadcrumbList","@id":"https:\/\/computaex.es\/proyectos\/eqc2024-servicio-de-emulacion-cuantica-para-el-progreso-de-la-investigacion-cientifico-tecnica-en-extremadura\/#breadcrumb","itemListElement":[{"@type":"ListItem","position":1,"name":"Portada","item":"https:\/\/computaex.es\/"},{"@type":"ListItem","position":2,"name":"Proyectos","item":"https:\/\/computaex.es\/proyectos\/"},{"@type":"ListItem","position":3,"name":"EQC2024. Servicio de Emulaci\u00f3n Cu\u00e1ntica para el Progreso de la Investigaci\u00f3n Cient\u00edfico-T\u00e9cnica en Extremadura."}]},{"@type":"WebSite","@id":"https:\/\/computaex.es\/#website","url":"https:\/\/computaex.es\/","name":"COMPUTAEX Foundation","description":"COMPUTAEX","publisher":{"@id":"https:\/\/computaex.es\/#organization"},"potentialAction":[{"@type":"SearchAction","target":{"@type":"EntryPoint","urlTemplate":"https:\/\/computaex.es\/?s={search_term_string}"},"query-input":{"@type":"PropertyValueSpecification","valueRequired":true,"valueName":"search_term_string"}}],"inLanguage":"en-US"},{"@type":"Organization","@id":"https:\/\/computaex.es\/#organization","name":"COMPUTAEX","url":"https:\/\/computaex.es\/","logo":{"@type":"ImageObject","inLanguage":"en-US","@id":"https:\/\/computaex.es\/#\/schema\/logo\/image\/","url":"https:\/\/computaex.es\/wp-content\/uploads\/2025\/05\/cropped-COMPUTAEX_transparente-scaled-1.png","contentUrl":"https:\/\/computaex.es\/wp-content\/uploads\/2025\/05\/cropped-COMPUTAEX_transparente-scaled-1.png","width":2560,"height":970,"caption":"COMPUTAEX"},"image":{"@id":"https:\/\/computaex.es\/#\/schema\/logo\/image\/"},"sameAs":["https:\/\/m.facebook.com\/computaex\/","https:\/\/x.com\/computaex","https:\/\/es.linkedin.com\/company\/cenits"]}]}},"_links":{"self":[{"href":"https:\/\/computaex.es\/en\/wp-json\/wp\/v2\/pages\/10316","targetHints":{"allow":["GET"]}}],"collection":[{"href":"https:\/\/computaex.es\/en\/wp-json\/wp\/v2\/pages"}],"about":[{"href":"https:\/\/computaex.es\/en\/wp-json\/wp\/v2\/types\/page"}],"author":[{"embeddable":true,"href":"https:\/\/computaex.es\/en\/wp-json\/wp\/v2\/users\/1"}],"replies":[{"embeddable":true,"href":"https:\/\/computaex.es\/en\/wp-json\/wp\/v2\/comments?post=10316"}],"version-history":[{"count":4,"href":"https:\/\/computaex.es\/en\/wp-json\/wp\/v2\/pages\/10316\/revisions"}],"predecessor-version":[{"id":10687,"href":"https:\/\/computaex.es\/en\/wp-json\/wp\/v2\/pages\/10316\/revisions\/10687"}],"up":[{"embeddable":true,"href":"https:\/\/computaex.es\/en\/wp-json\/wp\/v2\/pages\/9950"}],"wp:attachment":[{"href":"https:\/\/computaex.es\/en\/wp-json\/wp\/v2\/media?parent=10316"}],"wp:term":[{"taxonomy":"category","embeddable":true,"href":"https:\/\/computaex.es\/en\/wp-json\/wp\/v2\/categories?post=10316"},{"taxonomy":"post_tag","embeddable":true,"href":"https:\/\/computaex.es\/en\/wp-json\/wp\/v2\/tags?post=10316"}],"curies":[{"name":"wp","href":"https:\/\/api.w.org\/{rel}","templated":true}]}}