{"id":10321,"date":"2025-10-09T13:17:48","date_gmt":"2025-10-09T11:17:48","guid":{"rendered":"https:\/\/computaex.es\/?page_id=10321"},"modified":"2025-10-09T13:17:48","modified_gmt":"2025-10-09T11:17:48","slug":"res-icts-2024","status":"publish","type":"page","link":"https:\/\/computaex.es\/en\/proyectos\/res-icts-2024\/","title":{"rendered":"Res ICTS 2024"},"content":{"rendered":"<p class=\"my-2 [&amp;+p]:mt-4 [&amp;_strong:has(+br)]:inline-block [&amp;_strong:has(+br)]:pb-2\"><strong>Coordinador del proyecto:<\/strong> Barcelona Supercomputing Center.<\/p>\n<p class=\"my-2 [&amp;+p]:mt-4 [&amp;_strong:has(+br)]:inline-block [&amp;_strong:has(+br)]:pb-2\"><strong>Descripci\u00f3n: <\/strong><\/p>\n<p class=\"my-2 [&amp;+p]:mt-4 [&amp;_strong:has(+br)]:inline-block [&amp;_strong:has(+br)]:pb-2\">La Red Espa\u00f1ola de Supercomputaci\u00f3n (RES) es una ICTS distribuida perteneciente al mapa de ICTS cuya actualizaci\u00f3n fue aprobada el 11 de marzo de 2022 por el Consejo de Pol\u00edtica Cient\u00edfica, Tecnol\u00f3gica y de Innovaci\u00f3n, como estructura y foro permanente de coordinaci\u00f3n de las estrategias de supercomputaci\u00f3n, las actividades y el acceso abierto competitivo a la ICTS.<\/p>\n<p class=\"my-2 [&amp;+p]:mt-4 [&amp;_strong:has(+br)]:inline-block [&amp;_strong:has(+br)]:pb-2\">Creada en julio de 2006 como una infraestructura distribuida de supercomputaci\u00f3n, cuenta actualmente con catorce nodos: MareNostrum del BSC-CNS; LaPalma del IAC; Altamira de la UC; Picasso de la UMA; Tirant de la UV; CaesarAugusta del BIFI; Finis Terrae del CESGA; Pirineus, del CSUC; Lusitania de la COMPUTAEX; Cal\u00e9ndula de la FCSCL; Cibeles de la UAM; Urederra de NASERTIC; Infraestructura de datos abiertos del PIC; y Xula y Turgalium de CIEMAT.<\/p>\n<p class=\"my-2 [&amp;+p]:mt-4 [&amp;_strong:has(+br)]:inline-block [&amp;_strong:has(+br)]:pb-2\">La RES presta servicio, de forma transparente e independiente de la ubicaci\u00f3n geogr\u00e1fica, a todos los grupos de investigaci\u00f3n con necesidades de c\u00e1lculo intensivo y recursos de gesti\u00f3n de datos.<\/p>\n<p class=\"my-2 [&amp;+p]:mt-4 [&amp;_strong:has(+br)]:inline-block [&amp;_strong:has(+br)]:pb-2\">Un comit\u00e9 de acceso determina, con acceso abierto p\u00fablico y competitivo, el conjunto de actividades cient\u00edficas que tienen acceso a los supercomputadores y centros de datos de la RES.<\/p>\n<p class=\"my-2 [&amp;+p]:mt-4 [&amp;_strong:has(+br)]:inline-block [&amp;_strong:has(+br)]:pb-2\">La propuesta tiene como fin apoyar una acci\u00f3n de dinamizaci\u00f3n de la RES, en particular, la coordinaci\u00f3n general de las RES y la planificaci\u00f3n de actividades conjuntas con apoyo a las actividades de promoci\u00f3n internacional y posicionamiento estrat\u00e9gico.<\/p>\n<p class=\"my-2 [&amp;+p]:mt-4 [&amp;_strong:has(+br)]:inline-block [&amp;_strong:has(+br)]:pb-2\">Para conseguir estos objetivos se plantear\u00e1n actividades como: Jornada anual de usuarios de la RES, Jornadas Cient\u00edficas, Tem\u00e1ticas, para compartir experiencias de Supercomputaci\u00f3n, Jornadas t\u00e9cnicas y Comit\u00e9s de trabajo de la RES para la preparaci\u00f3n de las estrategias.<\/p>\n<p class=\"my-2 [&amp;+p]:mt-4 [&amp;_strong:has(+br)]:inline-block [&amp;_strong:has(+br)]:pb-2\"><strong>Financiaci\u00f3n: <\/strong><\/p>\n<p class=\"my-2 [&amp;+p]:mt-4 [&amp;_strong:has(+br)]:inline-block [&amp;_strong:has(+br)]:pb-2\">Orden CIN\/1025\/2022, de 27 de octubre, por la que se aprueban las bases reguladoras para la concesi\u00f3n de ayudas p\u00fablicas correspondientes a varios programas y subprogramas del Plan Estatal de Investigaci\u00f3n Cient\u00edfica y T\u00e9cnica y de Innovaci\u00f3n 2021-2023, cuya gesti\u00f3n corresponde a la Agencia Estatal de Investigaci\u00f3n.<\/p>\n<p class=\"my-2 [&amp;+p]:mt-4 [&amp;_strong:has(+br)]:inline-block [&amp;_strong:has(+br)]:pb-2\">Resoluci\u00f3n de la Presidencia de la Agencia Estatal de Investigaci\u00f3n, por la que se aprueba la convocatoria de tramitaci\u00f3n anticipada para el a\u00f1o 2024 del procedimiento de concesi\u00f3n de ayudas a redes de investigaci\u00f3n, en el marco del Programa Estatal de Transferencia y Colaboraci\u00f3n, del Plan Estatal de Investigaci\u00f3n Cient\u00edfica y T\u00e9cnica y de Innovaci\u00f3n para el per\u00edodo 2024-2027.<\/p>\n<p><a href=\"https:\/\/computaex.es\/wp-content\/uploads\/2025\/10\/FinanciacionRES.png\"><img decoding=\"async\" class=\"aligncenter  wp-image-10322\" src=\"https:\/\/computaex.es\/wp-content\/uploads\/2025\/10\/FinanciacionRES-300x75.png\" alt=\"\" width=\"404\" height=\"101\" srcset=\"https:\/\/computaex.es\/wp-content\/uploads\/2025\/10\/FinanciacionRES-300x75.png 300w, https:\/\/computaex.es\/wp-content\/uploads\/2025\/10\/FinanciacionRES.png 491w\" sizes=\"(max-width: 404px) 100vw, 404px\" \/><\/a><\/p>\n","protected":false},"excerpt":{"rendered":"<p>Coordinador del proyecto: Barcelona Supercomputing Center. Descripci\u00f3n: La Red Espa\u00f1ola de Supercomputaci\u00f3n (RES) es una ICTS distribuida perteneciente al mapa de ICTS cuya actualizaci\u00f3n fue aprobada el 11 de marzo &#8230;<\/p>","protected":false},"author":1,"featured_media":0,"parent":9950,"menu_order":0,"comment_status":"closed","ping_status":"closed","template":"","meta":{"footnotes":""},"categories":[117,81,122],"tags":[],"class_list":["post-10321","page","type-page","status-publish","hentry","category-activos","category-proyectos","category-supercomputacion-y-hpc"],"yoast_head":"<!-- This site is optimized with the Yoast SEO plugin v27.1.1 - https:\/\/yoast.com\/product\/yoast-seo-wordpress\/ -->\n<title>Res ICTS 2024 - Fundaci\u00f3n COMPUTAEX<\/title>\n<meta name=\"robots\" content=\"index, follow, max-snippet:-1, max-image-preview:large, max-video-preview:-1\" \/>\n<link rel=\"canonical\" href=\"https:\/\/computaex.es\/en\/proyectos\/res-icts-2024\/\" \/>\n<meta property=\"og:locale\" content=\"en_US\" \/>\n<meta property=\"og:type\" content=\"article\" \/>\n<meta property=\"og:title\" content=\"Res ICTS 2024 - Fundaci\u00f3n COMPUTAEX\" \/>\n<meta property=\"og:description\" content=\"Coordinador del proyecto: Barcelona Supercomputing Center. Descripci\u00f3n: La Red Espa\u00f1ola de Supercomputaci\u00f3n (RES) es una ICTS distribuida perteneciente al mapa de ICTS cuya actualizaci\u00f3n fue aprobada el 11 de marzo ...\" \/>\n<meta property=\"og:url\" content=\"https:\/\/computaex.es\/en\/proyectos\/res-icts-2024\/\" \/>\n<meta property=\"og:site_name\" content=\"Fundaci\u00f3n COMPUTAEX\" \/>\n<meta property=\"article:publisher\" content=\"https:\/\/m.facebook.com\/computaex\/\" \/>\n<meta property=\"og:image\" content=\"https:\/\/computaex.es\/wp-content\/uploads\/2025\/10\/FinanciacionRES.png\" \/>\n\t<meta property=\"og:image:width\" content=\"491\" \/>\n\t<meta property=\"og:image:height\" content=\"122\" \/>\n\t<meta property=\"og:image:type\" content=\"image\/png\" \/>\n<meta name=\"twitter:card\" content=\"summary_large_image\" \/>\n<meta name=\"twitter:site\" content=\"@computaex\" \/>\n<meta name=\"twitter:label1\" content=\"Est. reading time\" \/>\n\t<meta name=\"twitter:data1\" content=\"2 minutes\" \/>\n<script type=\"application\/ld+json\" class=\"yoast-schema-graph\">{\"@context\":\"https:\/\/schema.org\",\"@graph\":[{\"@type\":\"WebPage\",\"@id\":\"https:\/\/computaex.es\/proyectos\/res-icts-2024\/\",\"url\":\"https:\/\/computaex.es\/proyectos\/res-icts-2024\/\",\"name\":\"Res ICTS 2024 - Fundaci\u00f3n COMPUTAEX\",\"isPartOf\":{\"@id\":\"https:\/\/computaex.es\/#website\"},\"primaryImageOfPage\":{\"@id\":\"https:\/\/computaex.es\/proyectos\/res-icts-2024\/#primaryimage\"},\"image\":{\"@id\":\"https:\/\/computaex.es\/proyectos\/res-icts-2024\/#primaryimage\"},\"thumbnailUrl\":\"https:\/\/computaex.es\/wp-content\/uploads\/2025\/10\/FinanciacionRES-300x75.png\",\"datePublished\":\"2025-10-09T11:17:48+00:00\",\"breadcrumb\":{\"@id\":\"https:\/\/computaex.es\/proyectos\/res-icts-2024\/#breadcrumb\"},\"inLanguage\":\"en-US\",\"potentialAction\":[{\"@type\":\"ReadAction\",\"target\":[\"https:\/\/computaex.es\/proyectos\/res-icts-2024\/\"]}]},{\"@type\":\"ImageObject\",\"inLanguage\":\"en-US\",\"@id\":\"https:\/\/computaex.es\/proyectos\/res-icts-2024\/#primaryimage\",\"url\":\"https:\/\/computaex.es\/wp-content\/uploads\/2025\/10\/FinanciacionRES-300x75.png\",\"contentUrl\":\"https:\/\/computaex.es\/wp-content\/uploads\/2025\/10\/FinanciacionRES-300x75.png\"},{\"@type\":\"BreadcrumbList\",\"@id\":\"https:\/\/computaex.es\/proyectos\/res-icts-2024\/#breadcrumb\",\"itemListElement\":[{\"@type\":\"ListItem\",\"position\":1,\"name\":\"Portada\",\"item\":\"https:\/\/computaex.es\/\"},{\"@type\":\"ListItem\",\"position\":2,\"name\":\"Proyectos\",\"item\":\"https:\/\/computaex.es\/proyectos\/\"},{\"@type\":\"ListItem\",\"position\":3,\"name\":\"Res ICTS 2024\"}]},{\"@type\":\"WebSite\",\"@id\":\"https:\/\/computaex.es\/#website\",\"url\":\"https:\/\/computaex.es\/\",\"name\":\"Fundaci\u00f3n COMPUTAEX\",\"description\":\"COMPUTAEX\",\"publisher\":{\"@id\":\"https:\/\/computaex.es\/#organization\"},\"potentialAction\":[{\"@type\":\"SearchAction\",\"target\":{\"@type\":\"EntryPoint\",\"urlTemplate\":\"https:\/\/computaex.es\/?s={search_term_string}\"},\"query-input\":{\"@type\":\"PropertyValueSpecification\",\"valueRequired\":true,\"valueName\":\"search_term_string\"}}],\"inLanguage\":\"en-US\"},{\"@type\":\"Organization\",\"@id\":\"https:\/\/computaex.es\/#organization\",\"name\":\"COMPUTAEX\",\"url\":\"https:\/\/computaex.es\/\",\"logo\":{\"@type\":\"ImageObject\",\"inLanguage\":\"en-US\",\"@id\":\"https:\/\/computaex.es\/#\/schema\/logo\/image\/\",\"url\":\"https:\/\/computaex.es\/wp-content\/uploads\/2025\/05\/cropped-COMPUTAEX_transparente-scaled-1.png\",\"contentUrl\":\"https:\/\/computaex.es\/wp-content\/uploads\/2025\/05\/cropped-COMPUTAEX_transparente-scaled-1.png\",\"width\":2560,\"height\":970,\"caption\":\"COMPUTAEX\"},\"image\":{\"@id\":\"https:\/\/computaex.es\/#\/schema\/logo\/image\/\"},\"sameAs\":[\"https:\/\/m.facebook.com\/computaex\/\",\"https:\/\/x.com\/computaex\",\"https:\/\/es.linkedin.com\/company\/cenits\"]}]}<\/script>\n<!-- \/ Yoast SEO plugin. -->","yoast_head_json":{"title":"Res ICTS 2024 - Fundaci\u00f3n COMPUTAEX","robots":{"index":"index","follow":"follow","max-snippet":"max-snippet:-1","max-image-preview":"max-image-preview:large","max-video-preview":"max-video-preview:-1"},"canonical":"https:\/\/computaex.es\/en\/proyectos\/res-icts-2024\/","og_locale":"en_US","og_type":"article","og_title":"Res ICTS 2024 - Fundaci\u00f3n COMPUTAEX","og_description":"Coordinador del proyecto: Barcelona Supercomputing Center. Descripci\u00f3n: La Red Espa\u00f1ola de Supercomputaci\u00f3n (RES) es una ICTS distribuida perteneciente al mapa de ICTS cuya actualizaci\u00f3n fue aprobada el 11 de marzo ...","og_url":"https:\/\/computaex.es\/en\/proyectos\/res-icts-2024\/","og_site_name":"Fundaci\u00f3n COMPUTAEX","article_publisher":"https:\/\/m.facebook.com\/computaex\/","og_image":[{"width":491,"height":122,"url":"https:\/\/computaex.es\/wp-content\/uploads\/2025\/10\/FinanciacionRES.png","type":"image\/png"}],"twitter_card":"summary_large_image","twitter_site":"@computaex","twitter_misc":{"Est. reading time":"2 minutes"},"schema":{"@context":"https:\/\/schema.org","@graph":[{"@type":"WebPage","@id":"https:\/\/computaex.es\/proyectos\/res-icts-2024\/","url":"https:\/\/computaex.es\/proyectos\/res-icts-2024\/","name":"Res ICTS 2024 - Fundaci\u00f3n COMPUTAEX","isPartOf":{"@id":"https:\/\/computaex.es\/#website"},"primaryImageOfPage":{"@id":"https:\/\/computaex.es\/proyectos\/res-icts-2024\/#primaryimage"},"image":{"@id":"https:\/\/computaex.es\/proyectos\/res-icts-2024\/#primaryimage"},"thumbnailUrl":"https:\/\/computaex.es\/wp-content\/uploads\/2025\/10\/FinanciacionRES-300x75.png","datePublished":"2025-10-09T11:17:48+00:00","breadcrumb":{"@id":"https:\/\/computaex.es\/proyectos\/res-icts-2024\/#breadcrumb"},"inLanguage":"en-US","potentialAction":[{"@type":"ReadAction","target":["https:\/\/computaex.es\/proyectos\/res-icts-2024\/"]}]},{"@type":"ImageObject","inLanguage":"en-US","@id":"https:\/\/computaex.es\/proyectos\/res-icts-2024\/#primaryimage","url":"https:\/\/computaex.es\/wp-content\/uploads\/2025\/10\/FinanciacionRES-300x75.png","contentUrl":"https:\/\/computaex.es\/wp-content\/uploads\/2025\/10\/FinanciacionRES-300x75.png"},{"@type":"BreadcrumbList","@id":"https:\/\/computaex.es\/proyectos\/res-icts-2024\/#breadcrumb","itemListElement":[{"@type":"ListItem","position":1,"name":"Portada","item":"https:\/\/computaex.es\/"},{"@type":"ListItem","position":2,"name":"Proyectos","item":"https:\/\/computaex.es\/proyectos\/"},{"@type":"ListItem","position":3,"name":"Res ICTS 2024"}]},{"@type":"WebSite","@id":"https:\/\/computaex.es\/#website","url":"https:\/\/computaex.es\/","name":"COMPUTAEX Foundation","description":"COMPUTAEX","publisher":{"@id":"https:\/\/computaex.es\/#organization"},"potentialAction":[{"@type":"SearchAction","target":{"@type":"EntryPoint","urlTemplate":"https:\/\/computaex.es\/?s={search_term_string}"},"query-input":{"@type":"PropertyValueSpecification","valueRequired":true,"valueName":"search_term_string"}}],"inLanguage":"en-US"},{"@type":"Organization","@id":"https:\/\/computaex.es\/#organization","name":"COMPUTAEX","url":"https:\/\/computaex.es\/","logo":{"@type":"ImageObject","inLanguage":"en-US","@id":"https:\/\/computaex.es\/#\/schema\/logo\/image\/","url":"https:\/\/computaex.es\/wp-content\/uploads\/2025\/05\/cropped-COMPUTAEX_transparente-scaled-1.png","contentUrl":"https:\/\/computaex.es\/wp-content\/uploads\/2025\/05\/cropped-COMPUTAEX_transparente-scaled-1.png","width":2560,"height":970,"caption":"COMPUTAEX"},"image":{"@id":"https:\/\/computaex.es\/#\/schema\/logo\/image\/"},"sameAs":["https:\/\/m.facebook.com\/computaex\/","https:\/\/x.com\/computaex","https:\/\/es.linkedin.com\/company\/cenits"]}]}},"_links":{"self":[{"href":"https:\/\/computaex.es\/en\/wp-json\/wp\/v2\/pages\/10321","targetHints":{"allow":["GET"]}}],"collection":[{"href":"https:\/\/computaex.es\/en\/wp-json\/wp\/v2\/pages"}],"about":[{"href":"https:\/\/computaex.es\/en\/wp-json\/wp\/v2\/types\/page"}],"author":[{"embeddable":true,"href":"https:\/\/computaex.es\/en\/wp-json\/wp\/v2\/users\/1"}],"replies":[{"embeddable":true,"href":"https:\/\/computaex.es\/en\/wp-json\/wp\/v2\/comments?post=10321"}],"version-history":[{"count":1,"href":"https:\/\/computaex.es\/en\/wp-json\/wp\/v2\/pages\/10321\/revisions"}],"predecessor-version":[{"id":10323,"href":"https:\/\/computaex.es\/en\/wp-json\/wp\/v2\/pages\/10321\/revisions\/10323"}],"up":[{"embeddable":true,"href":"https:\/\/computaex.es\/en\/wp-json\/wp\/v2\/pages\/9950"}],"wp:attachment":[{"href":"https:\/\/computaex.es\/en\/wp-json\/wp\/v2\/media?parent=10321"}],"wp:term":[{"taxonomy":"category","embeddable":true,"href":"https:\/\/computaex.es\/en\/wp-json\/wp\/v2\/categories?post=10321"},{"taxonomy":"post_tag","embeddable":true,"href":"https:\/\/computaex.es\/en\/wp-json\/wp\/v2\/tags?post=10321"}],"curies":[{"name":"wp","href":"https:\/\/api.w.org\/{rel}","templated":true}]}}