{"id":10347,"date":"2025-10-09T14:43:48","date_gmt":"2025-10-09T12:43:48","guid":{"rendered":"https:\/\/computaex.es\/?page_id=10347"},"modified":"2025-12-04T10:41:52","modified_gmt":"2025-12-04T09:41:52","slug":"proyecto-invicta-optimizacion-de-la-gestion-deportiva-y-desarrollo-de-politicas-publicas-mediante-analisis-de-datos-y-tecnologias-avanzadas-en-el-sector-deportivo","status":"publish","type":"page","link":"https:\/\/computaex.es\/en\/proyectos\/proyecto-invicta-optimizacion-de-la-gestion-deportiva-y-desarrollo-de-politicas-publicas-mediante-analisis-de-datos-y-tecnologias-avanzadas-en-el-sector-deportivo\/","title":{"rendered":"INVICTA: Optimizaci\u00f3n de la Gesti\u00f3n Deportiva y Desarrollo de Pol\u00edticas P\u00fablicas mediante An\u00e1lisis de Datos y Tecnolog\u00edas Avanzadas en el Sector Deportivo"},"content":{"rendered":"\t\t<div data-elementor-type=\"wp-page\" data-elementor-id=\"10347\" class=\"elementor elementor-10347\">\n\t\t\t\t<div class=\"elementor-element elementor-element-8d3db12 e-flex e-con-boxed wpr-particle-no wpr-jarallax-no wpr-parallax-no wpr-sticky-section-no e-con e-parent\" data-id=\"8d3db12\" data-element_type=\"container\" data-e-type=\"container\">\n\t\t\t\t\t<div class=\"e-con-inner\">\n\t\t\t\t<div class=\"elementor-element elementor-element-54a43c80 elementor-widget elementor-widget-text-editor\" data-id=\"54a43c80\" data-element_type=\"widget\" data-e-type=\"widget\" data-widget_type=\"text-editor.default\">\n\t\t\t\t<div class=\"elementor-widget-container\">\n\t\t\t\t\t\t\t\t\t<p class=\"my-2 [&amp;+p]:mt-4 [&amp;_strong:has(+br)]:inline-block [&amp;_strong:has(+br)]:pb-2\" style=\"text-align: justify;\"><strong>Resumen: <\/strong><\/p><p class=\"my-2 [&amp;+p]:mt-4 [&amp;_strong:has(+br)]:inline-block [&amp;_strong:has(+br)]:pb-2\" style=\"text-align: justify;\">Asesor\u00eda de Investigaci\u00f3n para el Proyecto: \u201cOptimizaci\u00f3n de la Gesti\u00f3n Deportiva y Desarrollo de Pol\u00edticas P\u00fablicas mediante An\u00e1lisis de Datos y Tecnolog\u00edas Avanzadas en el Sector Deportivo. INVICTA.\u201d, en las siguientes tareas:<\/p><ul style=\"text-align: justify;\"><li class=\"my-2 [&amp;+p]:mt-4 [&amp;_strong:has(+br)]:inline-block [&amp;_strong:has(+br)]:pb-2\">Actividad 2.3: Dise\u00f1o de algoritmo inicial para la identificaci\u00f3n de patrones de \u00e9xito de desarrollo deportivo y precisar\u00e1 asesoramiento para guiar a su personal en las actividades.<\/li><li class=\"my-2 [&amp;+p]:mt-4 [&amp;_strong:has(+br)]:inline-block [&amp;_strong:has(+br)]:pb-2\">Actividad 2.4: Dise\u00f1o de algoritmo para el establecimiento de estrategias p\u00fablicas individuales con los que impulsar el desarrollo deportivo.<\/li><li class=\"my-2 [&amp;+p]:mt-4 [&amp;_strong:has(+br)]:inline-block [&amp;_strong:has(+br)]:pb-2\">Actividad 2.5: Dise\u00f1o del modelo de simulaci\u00f3n basado en agentes.<\/li><\/ul><p class=\"my-2 [&amp;+p]:mt-4 [&amp;_strong:has(+br)]:inline-block [&amp;_strong:has(+br)]:pb-2\" style=\"text-align: justify;\"><strong>Fuente financiaci\u00f3n: <\/strong><\/p><p class=\"my-2 [&amp;+p]:mt-4 [&amp;_strong:has(+br)]:inline-block [&amp;_strong:has(+br)]:pb-2\" style=\"text-align: justify;\">Consejer\u00eda de Econom\u00eda, Empleo y Transformaci\u00f3n Digital. Decreto 57\/2023, de 24 de mayo, por el que se establecen las bases reguladoras de las ayudas destinadas a la financiaci\u00f3n de proyectos de investigaci\u00f3n industrial o desarrollo experimental realizados por peque\u00f1as y medianas empresas, en la Comunidad Aut\u00f3noma de Extremadura y se aprueba la primera convocatoria relativa a proyectos realizados por empresas de base tecnol\u00f3gica y startups.<\/p><p class=\"my-2 [&amp;+p]:mt-4 [&amp;_strong:has(+br)]:inline-block [&amp;_strong:has(+br)]:pb-2\" style=\"text-align: justify;\"><strong>Empresa:<\/strong> COMPETIZE SOLUTION, S.L.<\/p><p class=\"my-2 [&amp;+p]:mt-4 [&amp;_strong:has(+br)]:inline-block [&amp;_strong:has(+br)]:pb-2\" style=\"text-align: justify;\"><strong>Cofinanciaci\u00f3n: <\/strong><\/p><p class=\"my-2 [&amp;+p]:mt-4 [&amp;_strong:has(+br)]:inline-block [&amp;_strong:has(+br)]:pb-2\" style=\"text-align: justify;\">Con cargo al Programa Operativo del Fondo Europeo de Desarrollo Regional (FEDER) de Extremadura correspondiente al periodo de programaci\u00f3n (2021-2027), dentro del Objetivo Pol\u00edtico 1 \u201cUna Europa m\u00e1s competitiva e inteligente, promoviendo una transformaci\u00f3n econ\u00f3mica innovadora inteligente y una competitividad TIC regional\u201d, Prioridad 1.A: Transici\u00f3n digital e inteligente y el Objetivo Espec\u00edfico 1.1 \u201cEl desarrollo y la mejora de las capacidades de investigaci\u00f3n e innovaci\u00f3n y la asimilaci\u00f3n de tecnolog\u00edas avanzadas\u201d. El porcentaje de cofinanciaci\u00f3n de los fondos FEDER es de un 85%.<\/p><p><a href=\"https:\/\/computaex.es\/wp-content\/uploads\/2025\/10\/FinanciacionGRAYOWL.png\"><img fetchpriority=\"high\" decoding=\"async\" class=\"aligncenter wp-image-10341 size-full\" src=\"https:\/\/computaex.es\/wp-content\/uploads\/2025\/10\/FinanciacionGRAYOWL.png\" alt=\"\" width=\"1147\" height=\"62\" srcset=\"https:\/\/computaex.es\/wp-content\/uploads\/2025\/10\/FinanciacionGRAYOWL.png 1147w, https:\/\/computaex.es\/wp-content\/uploads\/2025\/10\/FinanciacionGRAYOWL-300x16.png 300w, https:\/\/computaex.es\/wp-content\/uploads\/2025\/10\/FinanciacionGRAYOWL-1024x55.png 1024w, https:\/\/computaex.es\/wp-content\/uploads\/2025\/10\/FinanciacionGRAYOWL-768x42.png 768w\" sizes=\"(max-width: 1147px) 100vw, 1147px\" \/><\/a><\/p>\t\t\t\t\t\t\t\t<\/div>\n\t\t\t\t<\/div>\n\t\t\t\t\t<\/div>\n\t\t\t\t<\/div>\n\t\t\t\t<\/div>\n\t\t","protected":false},"excerpt":{"rendered":"<p>Resumen: Asesor\u00eda de Investigaci\u00f3n para el Proyecto: \u201cOptimizaci\u00f3n de la Gesti\u00f3n Deportiva y Desarrollo de Pol\u00edticas P\u00fablicas mediante An\u00e1lisis de Datos y Tecnolog\u00edas Avanzadas en el Sector Deportivo. INVICTA.\u201d, en &#8230;<\/p>","protected":false},"author":1,"featured_media":0,"parent":9950,"menu_order":0,"comment_status":"closed","ping_status":"closed","template":"","meta":{"footnotes":""},"categories":[117,118,120,81],"tags":[],"class_list":["post-10347","page","type-page","status-publish","hentry","category-activos","category-aprendizaje-automatico","category-ciencia-de-datos","category-proyectos"],"yoast_head":"<!-- This site is optimized with the Yoast SEO plugin v27.1.1 - https:\/\/yoast.com\/product\/yoast-seo-wordpress\/ -->\n<title>INVICTA: Optimizaci\u00f3n de la Gesti\u00f3n Deportiva y Desarrollo de Pol\u00edticas P\u00fablicas mediante An\u00e1lisis de Datos y Tecnolog\u00edas Avanzadas en el Sector Deportivo - Fundaci\u00f3n COMPUTAEX<\/title>\n<meta name=\"robots\" content=\"index, follow, max-snippet:-1, max-image-preview:large, max-video-preview:-1\" \/>\n<link rel=\"canonical\" href=\"https:\/\/computaex.es\/en\/proyectos\/proyecto-invicta-optimizacion-de-la-gestion-deportiva-y-desarrollo-de-politicas-publicas-mediante-analisis-de-datos-y-tecnologias-avanzadas-en-el-sector-deportivo\/\" \/>\n<meta property=\"og:locale\" content=\"en_US\" \/>\n<meta property=\"og:type\" content=\"article\" \/>\n<meta property=\"og:title\" content=\"INVICTA: Optimizaci\u00f3n de la Gesti\u00f3n Deportiva y Desarrollo de Pol\u00edticas P\u00fablicas mediante An\u00e1lisis de Datos y Tecnolog\u00edas Avanzadas en el Sector Deportivo - Fundaci\u00f3n COMPUTAEX\" \/>\n<meta property=\"og:description\" content=\"Resumen: Asesor\u00eda de Investigaci\u00f3n para el Proyecto: \u201cOptimizaci\u00f3n de la Gesti\u00f3n Deportiva y Desarrollo de Pol\u00edticas P\u00fablicas mediante An\u00e1lisis de Datos y Tecnolog\u00edas Avanzadas en el Sector Deportivo. INVICTA.\u201d, en ...\" \/>\n<meta property=\"og:url\" content=\"https:\/\/computaex.es\/en\/proyectos\/proyecto-invicta-optimizacion-de-la-gestion-deportiva-y-desarrollo-de-politicas-publicas-mediante-analisis-de-datos-y-tecnologias-avanzadas-en-el-sector-deportivo\/\" \/>\n<meta property=\"og:site_name\" content=\"Fundaci\u00f3n COMPUTAEX\" \/>\n<meta property=\"article:publisher\" content=\"https:\/\/m.facebook.com\/computaex\/\" \/>\n<meta property=\"article:modified_time\" content=\"2025-12-04T09:41:52+00:00\" \/>\n<meta property=\"og:image\" content=\"https:\/\/computaex.es\/wp-content\/uploads\/2025\/10\/FinanciacionGRAYOWL.png\" \/>\n\t<meta property=\"og:image:width\" content=\"1147\" \/>\n\t<meta property=\"og:image:height\" content=\"62\" \/>\n\t<meta property=\"og:image:type\" content=\"image\/png\" \/>\n<meta name=\"twitter:card\" content=\"summary_large_image\" \/>\n<meta name=\"twitter:site\" content=\"@computaex\" \/>\n<meta name=\"twitter:label1\" content=\"Est. reading time\" \/>\n\t<meta name=\"twitter:data1\" content=\"2 minutes\" \/>\n<script type=\"application\/ld+json\" class=\"yoast-schema-graph\">{\"@context\":\"https:\/\/schema.org\",\"@graph\":[{\"@type\":\"WebPage\",\"@id\":\"https:\/\/computaex.es\/proyectos\/proyecto-invicta-optimizacion-de-la-gestion-deportiva-y-desarrollo-de-politicas-publicas-mediante-analisis-de-datos-y-tecnologias-avanzadas-en-el-sector-deportivo\/\",\"url\":\"https:\/\/computaex.es\/proyectos\/proyecto-invicta-optimizacion-de-la-gestion-deportiva-y-desarrollo-de-politicas-publicas-mediante-analisis-de-datos-y-tecnologias-avanzadas-en-el-sector-deportivo\/\",\"name\":\"INVICTA: Optimizaci\u00f3n de la Gesti\u00f3n Deportiva y Desarrollo de Pol\u00edticas P\u00fablicas mediante An\u00e1lisis de Datos y Tecnolog\u00edas Avanzadas en el Sector Deportivo - Fundaci\u00f3n COMPUTAEX\",\"isPartOf\":{\"@id\":\"https:\/\/computaex.es\/#website\"},\"primaryImageOfPage\":{\"@id\":\"https:\/\/computaex.es\/proyectos\/proyecto-invicta-optimizacion-de-la-gestion-deportiva-y-desarrollo-de-politicas-publicas-mediante-analisis-de-datos-y-tecnologias-avanzadas-en-el-sector-deportivo\/#primaryimage\"},\"image\":{\"@id\":\"https:\/\/computaex.es\/proyectos\/proyecto-invicta-optimizacion-de-la-gestion-deportiva-y-desarrollo-de-politicas-publicas-mediante-analisis-de-datos-y-tecnologias-avanzadas-en-el-sector-deportivo\/#primaryimage\"},\"thumbnailUrl\":\"https:\/\/computaex.es\/wp-content\/uploads\/2025\/10\/FinanciacionGRAYOWL.png\",\"datePublished\":\"2025-10-09T12:43:48+00:00\",\"dateModified\":\"2025-12-04T09:41:52+00:00\",\"breadcrumb\":{\"@id\":\"https:\/\/computaex.es\/proyectos\/proyecto-invicta-optimizacion-de-la-gestion-deportiva-y-desarrollo-de-politicas-publicas-mediante-analisis-de-datos-y-tecnologias-avanzadas-en-el-sector-deportivo\/#breadcrumb\"},\"inLanguage\":\"en-US\",\"potentialAction\":[{\"@type\":\"ReadAction\",\"target\":[\"https:\/\/computaex.es\/proyectos\/proyecto-invicta-optimizacion-de-la-gestion-deportiva-y-desarrollo-de-politicas-publicas-mediante-analisis-de-datos-y-tecnologias-avanzadas-en-el-sector-deportivo\/\"]}]},{\"@type\":\"ImageObject\",\"inLanguage\":\"en-US\",\"@id\":\"https:\/\/computaex.es\/proyectos\/proyecto-invicta-optimizacion-de-la-gestion-deportiva-y-desarrollo-de-politicas-publicas-mediante-analisis-de-datos-y-tecnologias-avanzadas-en-el-sector-deportivo\/#primaryimage\",\"url\":\"https:\/\/computaex.es\/wp-content\/uploads\/2025\/10\/FinanciacionGRAYOWL.png\",\"contentUrl\":\"https:\/\/computaex.es\/wp-content\/uploads\/2025\/10\/FinanciacionGRAYOWL.png\"},{\"@type\":\"BreadcrumbList\",\"@id\":\"https:\/\/computaex.es\/proyectos\/proyecto-invicta-optimizacion-de-la-gestion-deportiva-y-desarrollo-de-politicas-publicas-mediante-analisis-de-datos-y-tecnologias-avanzadas-en-el-sector-deportivo\/#breadcrumb\",\"itemListElement\":[{\"@type\":\"ListItem\",\"position\":1,\"name\":\"Portada\",\"item\":\"https:\/\/computaex.es\/\"},{\"@type\":\"ListItem\",\"position\":2,\"name\":\"Proyectos\",\"item\":\"https:\/\/computaex.es\/proyectos\/\"},{\"@type\":\"ListItem\",\"position\":3,\"name\":\"INVICTA: Optimizaci\u00f3n de la Gesti\u00f3n Deportiva y Desarrollo de Pol\u00edticas P\u00fablicas mediante An\u00e1lisis de Datos y Tecnolog\u00edas Avanzadas en el Sector Deportivo\"}]},{\"@type\":\"WebSite\",\"@id\":\"https:\/\/computaex.es\/#website\",\"url\":\"https:\/\/computaex.es\/\",\"name\":\"Fundaci\u00f3n COMPUTAEX\",\"description\":\"COMPUTAEX\",\"publisher\":{\"@id\":\"https:\/\/computaex.es\/#organization\"},\"potentialAction\":[{\"@type\":\"SearchAction\",\"target\":{\"@type\":\"EntryPoint\",\"urlTemplate\":\"https:\/\/computaex.es\/?s={search_term_string}\"},\"query-input\":{\"@type\":\"PropertyValueSpecification\",\"valueRequired\":true,\"valueName\":\"search_term_string\"}}],\"inLanguage\":\"en-US\"},{\"@type\":\"Organization\",\"@id\":\"https:\/\/computaex.es\/#organization\",\"name\":\"COMPUTAEX\",\"url\":\"https:\/\/computaex.es\/\",\"logo\":{\"@type\":\"ImageObject\",\"inLanguage\":\"en-US\",\"@id\":\"https:\/\/computaex.es\/#\/schema\/logo\/image\/\",\"url\":\"https:\/\/computaex.es\/wp-content\/uploads\/2025\/05\/cropped-COMPUTAEX_transparente-scaled-1.png\",\"contentUrl\":\"https:\/\/computaex.es\/wp-content\/uploads\/2025\/05\/cropped-COMPUTAEX_transparente-scaled-1.png\",\"width\":2560,\"height\":970,\"caption\":\"COMPUTAEX\"},\"image\":{\"@id\":\"https:\/\/computaex.es\/#\/schema\/logo\/image\/\"},\"sameAs\":[\"https:\/\/m.facebook.com\/computaex\/\",\"https:\/\/x.com\/computaex\",\"https:\/\/es.linkedin.com\/company\/cenits\"]}]}<\/script>\n<!-- \/ Yoast SEO plugin. -->","yoast_head_json":{"title":"INVICTA: Optimizaci\u00f3n de la Gesti\u00f3n Deportiva y Desarrollo de Pol\u00edticas P\u00fablicas mediante An\u00e1lisis de Datos y Tecnolog\u00edas Avanzadas en el Sector Deportivo - Fundaci\u00f3n COMPUTAEX","robots":{"index":"index","follow":"follow","max-snippet":"max-snippet:-1","max-image-preview":"max-image-preview:large","max-video-preview":"max-video-preview:-1"},"canonical":"https:\/\/computaex.es\/en\/proyectos\/proyecto-invicta-optimizacion-de-la-gestion-deportiva-y-desarrollo-de-politicas-publicas-mediante-analisis-de-datos-y-tecnologias-avanzadas-en-el-sector-deportivo\/","og_locale":"en_US","og_type":"article","og_title":"INVICTA: Optimizaci\u00f3n de la Gesti\u00f3n Deportiva y Desarrollo de Pol\u00edticas P\u00fablicas mediante An\u00e1lisis de Datos y Tecnolog\u00edas Avanzadas en el Sector Deportivo - Fundaci\u00f3n COMPUTAEX","og_description":"Resumen: Asesor\u00eda de Investigaci\u00f3n para el Proyecto: \u201cOptimizaci\u00f3n de la Gesti\u00f3n Deportiva y Desarrollo de Pol\u00edticas P\u00fablicas mediante An\u00e1lisis de Datos y Tecnolog\u00edas Avanzadas en el Sector Deportivo. INVICTA.\u201d, en ...","og_url":"https:\/\/computaex.es\/en\/proyectos\/proyecto-invicta-optimizacion-de-la-gestion-deportiva-y-desarrollo-de-politicas-publicas-mediante-analisis-de-datos-y-tecnologias-avanzadas-en-el-sector-deportivo\/","og_site_name":"Fundaci\u00f3n COMPUTAEX","article_publisher":"https:\/\/m.facebook.com\/computaex\/","article_modified_time":"2025-12-04T09:41:52+00:00","og_image":[{"width":1147,"height":62,"url":"https:\/\/computaex.es\/wp-content\/uploads\/2025\/10\/FinanciacionGRAYOWL.png","type":"image\/png"}],"twitter_card":"summary_large_image","twitter_site":"@computaex","twitter_misc":{"Est. reading time":"2 minutes"},"schema":{"@context":"https:\/\/schema.org","@graph":[{"@type":"WebPage","@id":"https:\/\/computaex.es\/proyectos\/proyecto-invicta-optimizacion-de-la-gestion-deportiva-y-desarrollo-de-politicas-publicas-mediante-analisis-de-datos-y-tecnologias-avanzadas-en-el-sector-deportivo\/","url":"https:\/\/computaex.es\/proyectos\/proyecto-invicta-optimizacion-de-la-gestion-deportiva-y-desarrollo-de-politicas-publicas-mediante-analisis-de-datos-y-tecnologias-avanzadas-en-el-sector-deportivo\/","name":"INVICTA: Optimizaci\u00f3n de la Gesti\u00f3n Deportiva y Desarrollo de Pol\u00edticas P\u00fablicas mediante An\u00e1lisis de Datos y Tecnolog\u00edas Avanzadas en el Sector Deportivo - Fundaci\u00f3n COMPUTAEX","isPartOf":{"@id":"https:\/\/computaex.es\/#website"},"primaryImageOfPage":{"@id":"https:\/\/computaex.es\/proyectos\/proyecto-invicta-optimizacion-de-la-gestion-deportiva-y-desarrollo-de-politicas-publicas-mediante-analisis-de-datos-y-tecnologias-avanzadas-en-el-sector-deportivo\/#primaryimage"},"image":{"@id":"https:\/\/computaex.es\/proyectos\/proyecto-invicta-optimizacion-de-la-gestion-deportiva-y-desarrollo-de-politicas-publicas-mediante-analisis-de-datos-y-tecnologias-avanzadas-en-el-sector-deportivo\/#primaryimage"},"thumbnailUrl":"https:\/\/computaex.es\/wp-content\/uploads\/2025\/10\/FinanciacionGRAYOWL.png","datePublished":"2025-10-09T12:43:48+00:00","dateModified":"2025-12-04T09:41:52+00:00","breadcrumb":{"@id":"https:\/\/computaex.es\/proyectos\/proyecto-invicta-optimizacion-de-la-gestion-deportiva-y-desarrollo-de-politicas-publicas-mediante-analisis-de-datos-y-tecnologias-avanzadas-en-el-sector-deportivo\/#breadcrumb"},"inLanguage":"en-US","potentialAction":[{"@type":"ReadAction","target":["https:\/\/computaex.es\/proyectos\/proyecto-invicta-optimizacion-de-la-gestion-deportiva-y-desarrollo-de-politicas-publicas-mediante-analisis-de-datos-y-tecnologias-avanzadas-en-el-sector-deportivo\/"]}]},{"@type":"ImageObject","inLanguage":"en-US","@id":"https:\/\/computaex.es\/proyectos\/proyecto-invicta-optimizacion-de-la-gestion-deportiva-y-desarrollo-de-politicas-publicas-mediante-analisis-de-datos-y-tecnologias-avanzadas-en-el-sector-deportivo\/#primaryimage","url":"https:\/\/computaex.es\/wp-content\/uploads\/2025\/10\/FinanciacionGRAYOWL.png","contentUrl":"https:\/\/computaex.es\/wp-content\/uploads\/2025\/10\/FinanciacionGRAYOWL.png"},{"@type":"BreadcrumbList","@id":"https:\/\/computaex.es\/proyectos\/proyecto-invicta-optimizacion-de-la-gestion-deportiva-y-desarrollo-de-politicas-publicas-mediante-analisis-de-datos-y-tecnologias-avanzadas-en-el-sector-deportivo\/#breadcrumb","itemListElement":[{"@type":"ListItem","position":1,"name":"Portada","item":"https:\/\/computaex.es\/"},{"@type":"ListItem","position":2,"name":"Proyectos","item":"https:\/\/computaex.es\/proyectos\/"},{"@type":"ListItem","position":3,"name":"INVICTA: Optimizaci\u00f3n de la Gesti\u00f3n Deportiva y Desarrollo de Pol\u00edticas P\u00fablicas mediante An\u00e1lisis de Datos y Tecnolog\u00edas Avanzadas en el Sector Deportivo"}]},{"@type":"WebSite","@id":"https:\/\/computaex.es\/#website","url":"https:\/\/computaex.es\/","name":"COMPUTAEX Foundation","description":"COMPUTAEX","publisher":{"@id":"https:\/\/computaex.es\/#organization"},"potentialAction":[{"@type":"SearchAction","target":{"@type":"EntryPoint","urlTemplate":"https:\/\/computaex.es\/?s={search_term_string}"},"query-input":{"@type":"PropertyValueSpecification","valueRequired":true,"valueName":"search_term_string"}}],"inLanguage":"en-US"},{"@type":"Organization","@id":"https:\/\/computaex.es\/#organization","name":"COMPUTAEX","url":"https:\/\/computaex.es\/","logo":{"@type":"ImageObject","inLanguage":"en-US","@id":"https:\/\/computaex.es\/#\/schema\/logo\/image\/","url":"https:\/\/computaex.es\/wp-content\/uploads\/2025\/05\/cropped-COMPUTAEX_transparente-scaled-1.png","contentUrl":"https:\/\/computaex.es\/wp-content\/uploads\/2025\/05\/cropped-COMPUTAEX_transparente-scaled-1.png","width":2560,"height":970,"caption":"COMPUTAEX"},"image":{"@id":"https:\/\/computaex.es\/#\/schema\/logo\/image\/"},"sameAs":["https:\/\/m.facebook.com\/computaex\/","https:\/\/x.com\/computaex","https:\/\/es.linkedin.com\/company\/cenits"]}]}},"_links":{"self":[{"href":"https:\/\/computaex.es\/en\/wp-json\/wp\/v2\/pages\/10347","targetHints":{"allow":["GET"]}}],"collection":[{"href":"https:\/\/computaex.es\/en\/wp-json\/wp\/v2\/pages"}],"about":[{"href":"https:\/\/computaex.es\/en\/wp-json\/wp\/v2\/types\/page"}],"author":[{"embeddable":true,"href":"https:\/\/computaex.es\/en\/wp-json\/wp\/v2\/users\/1"}],"replies":[{"embeddable":true,"href":"https:\/\/computaex.es\/en\/wp-json\/wp\/v2\/comments?post=10347"}],"version-history":[{"count":6,"href":"https:\/\/computaex.es\/en\/wp-json\/wp\/v2\/pages\/10347\/revisions"}],"predecessor-version":[{"id":10695,"href":"https:\/\/computaex.es\/en\/wp-json\/wp\/v2\/pages\/10347\/revisions\/10695"}],"up":[{"embeddable":true,"href":"https:\/\/computaex.es\/en\/wp-json\/wp\/v2\/pages\/9950"}],"wp:attachment":[{"href":"https:\/\/computaex.es\/en\/wp-json\/wp\/v2\/media?parent=10347"}],"wp:term":[{"taxonomy":"category","embeddable":true,"href":"https:\/\/computaex.es\/en\/wp-json\/wp\/v2\/categories?post=10347"},{"taxonomy":"post_tag","embeddable":true,"href":"https:\/\/computaex.es\/en\/wp-json\/wp\/v2\/tags?post=10347"}],"curies":[{"name":"wp","href":"https:\/\/api.w.org\/{rel}","templated":true}]}}