{"id":10358,"date":"2025-10-17T14:38:12","date_gmt":"2025-10-17T12:38:12","guid":{"rendered":"https:\/\/computaex.es\/?page_id=10358"},"modified":"2025-12-29T14:37:11","modified_gmt":"2025-12-29T13:37:11","slug":"ref-2025-6-tecnico-a-de-proyecto-quantum-spain","status":"publish","type":"page","link":"https:\/\/computaex.es\/en\/empleo\/ref-2025-6-tecnico-a-de-proyecto-quantum-spain\/","title":{"rendered":"REF 2025-6 T\u00e9cnico\/a de proyecto QUANTUM SPAIN"},"content":{"rendered":"<div data-elementor-type=\"wp-page\" data-elementor-id=\"10358\" class=\"elementor elementor-10358\">\n\t\t\t\t<div class=\"elementor-element elementor-element-7459449 e-flex e-con-boxed wpr-particle-no wpr-jarallax-no wpr-parallax-no wpr-sticky-section-no e-con e-parent\" data-id=\"7459449\" data-element_type=\"container\" data-e-type=\"container\">\n\t\t\t\t\t<div class=\"e-con-inner\">\n\t\t\t\t<div class=\"elementor-element elementor-element-362cb24 elementor-widget elementor-widget-text-editor\" data-id=\"362cb24\" data-element_type=\"widget\" data-e-type=\"widget\" data-widget_type=\"text-editor.default\">\n\t\t\t\t<div class=\"elementor-widget-container\">\n\t\t\t\t\t\t\t\t\t<p><b>Ref. 2025-6: <span style=\"font-size: 0.875rem;\">T\u00e9cnico\/a de proyecto QUANTUM SPAIN en la Fundaci\u00f3n COMPUTAEX<\/span><\/b><\/p><p>La Fundaci\u00f3n COMPUTAEX oferta un puesto de trabajo con contrato laboral de duraci\u00f3n determinada:<\/p><ul><li><strong>T\u00e9cnico\/a de proyecto QUANTUM SPAIN (Ref. 2025-6).<\/strong><\/li><\/ul><p>Todos los detalles de la convocatoria pueden ser consultados en las bases.<\/p><p><strong>Solicitudes:<\/strong><br \/>Las solicitudes para participar en el proceso de selecci\u00f3n se formular\u00e1n mediante el modelo oficial (Anexo I) debidamente cumplimentadas y firmadas, y deber\u00e1n ir acompa\u00f1adas de la siguiente documentaci\u00f3n:<\/p><ul><li><a href=\"\/wp-content\/uploads\/2025\/10\/solicitud_ref_2025-6.pdf\" target=\"_blank\" rel=\"noopener\">Anexo I &#8211; Solicitud <img decoding=\"async\" style=\"display: inline-block; vertical-align: middle; margin-left: 4px;\" src=\"\/wp-content\/uploads\/2025\/07\/icono-pdf-e1753341024523.png\" alt=\"\" width=\"16\" height=\"20\" \/><\/a><\/li><li>Copia del Documento Nacional de Identidad o equivalente<\/li><li>Copia del t\u00edtulo oficial exigido o resguardo de solicitud del mismo.<\/li><li>Curr\u00edculum Vitae detallado, junto con la documentaci\u00f3n acreditativa de los m\u00e9ritos alegados.<\/li><li>Informe de vida laboral actualizado.<\/li><li><a href=\"\/wp-content\/uploads\/2025\/10\/informacion_y_tratamiento_de_datos_ref_2025-6.pdf\" target=\"_blank\" rel=\"noopener\">Anexo II &#8211; Tratamiento de datos <img decoding=\"async\" style=\"display: inline-block; vertical-align: middle; margin-left: 4px;\" src=\"\/wp-content\/uploads\/2025\/07\/icono-pdf-e1753341024523.png\" alt=\"\" width=\"16\" height=\"20\" \/><\/a><\/li><\/ul><hr \/><p><strong>Fases del proceso:<\/strong><\/p><ul><li>Plazo presentaci\u00f3n de solicitudes:<strong>\u00a0 22 de octubre de 2025<\/strong><\/li><li>Listado provisional de personas admitidas y excluidas:<strong>\u00a0alegaciones hasta las 23:59 del d\u00eda 30 de octubre de 2025<\/strong><\/li><li><span style=\"font-weight: 400;\">Listado definitivo de personas admitidas y excluidas y baremo provisional:<\/span><b> 7 de noviembre de 2025. Alega<\/b><span style=\"font-weight: bold;\">ciones hasta las 23:59 horas del d\u00eda 10 de noviembre de 2025.<\/span><\/li><li>Listado definitivo de m\u00e9ritos valorables:<span style=\"font-weight: bold;\">\u00a011\u00a0de noviembre de 2025<\/span><\/li><li>Relaci\u00f3n de personas aprobadas:<span style=\"font-weight: bolder;\">\u00a01 de diciembre de 2025<\/span><\/li><\/ul>\t\t\t\t\t\t\t\t<\/div>\n\t\t\t\t<\/div>\n\t\t\t\t\t<\/div>\n\t\t\t\t<\/div>\n\t\t<div class=\"elementor-element elementor-element-726abe4 e-flex e-con-boxed wpr-particle-no wpr-jarallax-no wpr-parallax-no wpr-sticky-section-no e-con e-parent\" data-id=\"726abe4\" data-element_type=\"container\" data-e-type=\"container\">\n\t\t\t\t\t<div class=\"e-con-inner\">\n\t\t\t\t<div class=\"elementor-element elementor-element-e699192 elementor-widget elementor-widget-tabla_descargas\" data-id=\"e699192\" data-element_type=\"widget\" data-e-type=\"widget\" data-settings=\"{&quot;boton_anadir_ids&quot;:&quot;10269,10360,10482,10555,10565,10651,10885&quot;,&quot;fechas_personalizadas&quot;:&quot;{}&quot;}\" data-widget_type=\"tabla_descargas.default\">\n\t\t\t\t<div class=\"elementor-widget-container\">\n\t\t\t\t\t<div class=\"tabla-descargas-container\" data-widget-id=\"e699192\"><table class=\"tabla-descargas\"><thead><tr><th class=\"sortable\" data-sort=\"nombre\">Archivo <span class=\"sort-arrow\"><\/span><\/th><th class=\"sortable\" data-sort=\"tamano\">Size <span class=\"sort-arrow\"><\/span><\/th><th class=\"sortable asc\" data-sort=\"fecha\">Date <span class=\"sort-arrow asc\"><\/span><\/th><th style=\"text-align: center;\">Ver<\/th><th>Descargar<\/th><\/tr><\/thead><tr data-nombre=\"BasesContratacion-Ref-2025-6_signed\" data-tamano=\"803867\" data-fecha=\"2025-10-17\"><td><div class=\"archivo-info\"><div class=\"titulo-archivo\">BasesContratacion-Ref-2025-6_signed<\/div><div class=\"nombre-archivo\">BasesContratacion-Ref-2025-6_signed.pdf<\/div><\/div><\/td><td>785 KB<\/td><td>17\/10\/2025<\/td><td style=\"text-align: center;\"><a href=\"https:\/\/computaex.es\/wp-content\/uploads\/2025\/10\/BasesContratacion-Ref-2025-6_signed.pdf\" class=\"boton-ver\" target=\"_blank\" rel=\"noopener noreferrer\" title=\"Ver documento\">\ud83d\udc41<\/a><\/td><td><a href=\"https:\/\/computaex.es\/wp-content\/uploads\/2025\/10\/BasesContratacion-Ref-2025-6_signed.pdf\" class=\"boton-descarga\" download=\"BasesContratacion-Ref-2025-6_signed.pdf\">\u2193 Descargar<\/a><\/td><\/tr><tr data-nombre=\"Listado Provisional Personas Admitidas y Excluidas-Ref-2025-6_signed\" data-tamano=\"280151\" data-fecha=\"2025-10-27\"><td><div class=\"archivo-info\"><div class=\"titulo-archivo\">Listado Provisional Personas Admitidas y Excluidas-Ref-2025-6_signed<\/div><div class=\"nombre-archivo\">Listado-Provisional-Personas-Admitidas-y-Excluidas-Ref-2025-6_signed.pdf<\/div><\/div><\/td><td>274 KB<\/td><td>27\/10\/2025<\/td><td style=\"text-align: center;\"><a href=\"https:\/\/computaex.es\/wp-content\/uploads\/2025\/10\/Listado-Provisional-Personas-Admitidas-y-Excluidas-Ref-2025-6_signed.pdf\" class=\"boton-ver\" target=\"_blank\" rel=\"noopener noreferrer\" title=\"Ver documento\">\ud83d\udc41<\/a><\/td><td><a href=\"https:\/\/computaex.es\/wp-content\/uploads\/2025\/10\/Listado-Provisional-Personas-Admitidas-y-Excluidas-Ref-2025-6_signed.pdf\" class=\"boton-descarga\" download=\"Listado-Provisional-Personas-Admitidas-y-Excluidas-Ref-2025-6_signed.pdf\">\u2193 Descargar<\/a><\/td><\/tr><tr data-nombre=\"Listado Definitivo Personas Admitidas y Excluidas y Baremo Provisional-Ref-2025-6_signed\" data-tamano=\"284981\" data-fecha=\"2025-11-07\"><td><div class=\"archivo-info\"><div class=\"titulo-archivo\">Listado Definitivo Personas Admitidas y Excluidas y Baremo Provisional-Ref-2025-6_signed<\/div><div class=\"nombre-archivo\">Listado-Definitivo-Personas-Admitidas-y-Excluidas-y-Baremo-Provisional-Ref-2025-6_signed.pdf<\/div><\/div><\/td><td>278 KB<\/td><td>07\/11\/2025<\/td><td style=\"text-align: center;\"><a href=\"https:\/\/computaex.es\/wp-content\/uploads\/2025\/11\/Listado-Definitivo-Personas-Admitidas-y-Excluidas-y-Baremo-Provisional-Ref-2025-6_signed.pdf\" class=\"boton-ver\" target=\"_blank\" rel=\"noopener noreferrer\" title=\"Ver documento\">\ud83d\udc41<\/a><\/td><td><a href=\"https:\/\/computaex.es\/wp-content\/uploads\/2025\/11\/Listado-Definitivo-Personas-Admitidas-y-Excluidas-y-Baremo-Provisional-Ref-2025-6_signed.pdf\" class=\"boton-descarga\" download=\"Listado-Definitivo-Personas-Admitidas-y-Excluidas-y-Baremo-Provisional-Ref-2025-6_signed.pdf\">\u2193 Descargar<\/a><\/td><\/tr><tr data-nombre=\"Baremo Definitivo-Ref-2025-6_signed\" data-tamano=\"224248\" data-fecha=\"2025-11-11\"><td><div class=\"archivo-info\"><div class=\"titulo-archivo\">Baremo Definitivo-Ref-2025-6_signed<\/div><div class=\"nombre-archivo\">Baremo-Definitivo-Ref-2025-6_signed.pdf<\/div><\/div><\/td><td>219 KB<\/td><td>11\/11\/2025<\/td><td style=\"text-align: center;\"><a href=\"https:\/\/computaex.es\/wp-content\/uploads\/2025\/11\/Baremo-Definitivo-Ref-2025-6_signed.pdf\" class=\"boton-ver\" target=\"_blank\" rel=\"noopener noreferrer\" title=\"Ver documento\">\ud83d\udc41<\/a><\/td><td><a href=\"https:\/\/computaex.es\/wp-content\/uploads\/2025\/11\/Baremo-Definitivo-Ref-2025-6_signed.pdf\" class=\"boton-descarga\" download=\"Baremo-Definitivo-Ref-2025-6_signed.pdf\">\u2193 Descargar<\/a><\/td><\/tr><tr data-nombre=\"Relacio\u0301n de Personas Aprobadas-Ref-2025-6_signed\" data-tamano=\"228256\" data-fecha=\"2025-12-01\"><td><div class=\"archivo-info\"><div class=\"titulo-archivo\">Relacio\u0301n de Personas Aprobadas-Ref-2025-6_signed<\/div><div class=\"nombre-archivo\">Relacion-de-Personas-Aprobadas-Ref-2025-6_signed.pdf<\/div><\/div><\/td><td>223 KB<\/td><td>01\/12\/2025<\/td><td style=\"text-align: center;\"><a href=\"https:\/\/computaex.es\/wp-content\/uploads\/2025\/12\/Relacion-de-Personas-Aprobadas-Ref-2025-6_signed.pdf\" class=\"boton-ver\" target=\"_blank\" rel=\"noopener noreferrer\" title=\"Ver documento\">\ud83d\udc41<\/a><\/td><td><a href=\"https:\/\/computaex.es\/wp-content\/uploads\/2025\/12\/Relacion-de-Personas-Aprobadas-Ref-2025-6_signed.pdf\" class=\"boton-descarga\" download=\"Relacion-de-Personas-Aprobadas-Ref-2025-6_signed.pdf\">\u2193 Descargar<\/a><\/td><\/tr><tr data-nombre=\"Resolucio\u0301n de Contratacio\u0301n-Ref-2025-6_signed\" data-tamano=\"219323\" data-fecha=\"2025-12-29\"><td><div class=\"archivo-info\"><div class=\"titulo-archivo\">Resolucio\u0301n de Contratacio\u0301n-Ref-2025-6_signed<\/div><div class=\"nombre-archivo\">Resolucion-de-Contratacion-Ref-2025-6_signed.pdf<\/div><\/div><\/td><td>214 KB<\/td><td>29\/12\/2025<\/td><td style=\"text-align: center;\"><a href=\"https:\/\/computaex.es\/wp-content\/uploads\/2025\/12\/Resolucion-de-Contratacion-Ref-2025-6_signed.pdf\" class=\"boton-ver\" target=\"_blank\" rel=\"noopener noreferrer\" title=\"Ver documento\">\ud83d\udc41<\/a><\/td><td><a href=\"https:\/\/computaex.es\/wp-content\/uploads\/2025\/12\/Resolucion-de-Contratacion-Ref-2025-6_signed.pdf\" class=\"boton-descarga\" download=\"Resolucion-de-Contratacion-Ref-2025-6_signed.pdf\">\u2193 Descargar<\/a><\/td><\/tr><\/tbody><\/table><\/div>\t\t\t\t<\/div>\n\t\t\t\t<\/div>\n\t\t\t\t\t<\/div>\n\t\t\t\t<\/div>\n\t\t\t\t<\/div>","protected":false},"excerpt":{"rendered":"<p>Ref. 2025-6: T\u00e9cnico\/a de proyecto QUANTUM SPAIN en la Fundaci\u00f3n COMPUTAEX La Fundaci\u00f3n COMPUTAEX oferta un puesto de trabajo con contrato laboral de duraci\u00f3n determinada: T\u00e9cnico\/a de proyecto QUANTUM SPAIN &#8230;<\/p>","protected":false},"author":1,"featured_media":0,"parent":7859,"menu_order":0,"comment_status":"closed","ping_status":"closed","template":"","meta":{"footnotes":""},"categories":[108,105],"tags":[],"class_list":["post-10358","page","type-page","status-publish","hentry","category-108","category-empleo"],"yoast_head":"<!-- This site is optimized with the Yoast SEO plugin v27.1.1 - https:\/\/yoast.com\/product\/yoast-seo-wordpress\/ -->\n<title>REF 2025-6 T\u00e9cnico\/a de proyecto QUANTUM SPAIN - Fundaci\u00f3n COMPUTAEX<\/title>\n<meta name=\"robots\" content=\"index, follow, max-snippet:-1, max-image-preview:large, max-video-preview:-1\" \/>\n<link rel=\"canonical\" href=\"https:\/\/computaex.es\/en\/empleo\/ref-2025-6-tecnico-a-de-proyecto-quantum-spain\/\" \/>\n<meta property=\"og:locale\" content=\"en_US\" \/>\n<meta property=\"og:type\" content=\"article\" \/>\n<meta property=\"og:title\" content=\"REF 2025-6 T\u00e9cnico\/a de proyecto QUANTUM SPAIN - Fundaci\u00f3n COMPUTAEX\" \/>\n<meta property=\"og:description\" content=\"Ref. 2025-6: T\u00e9cnico\/a de proyecto QUANTUM SPAIN en la Fundaci\u00f3n COMPUTAEX La Fundaci\u00f3n COMPUTAEX oferta un puesto de trabajo con contrato laboral de duraci\u00f3n determinada: T\u00e9cnico\/a de proyecto QUANTUM SPAIN ...\" \/>\n<meta property=\"og:url\" content=\"https:\/\/computaex.es\/en\/empleo\/ref-2025-6-tecnico-a-de-proyecto-quantum-spain\/\" \/>\n<meta property=\"og:site_name\" content=\"Fundaci\u00f3n COMPUTAEX\" \/>\n<meta property=\"article:publisher\" content=\"https:\/\/m.facebook.com\/computaex\/\" \/>\n<meta property=\"article:modified_time\" content=\"2025-12-29T13:37:11+00:00\" \/>\n<meta property=\"og:image\" content=\"https:\/\/computaex.es\/wp-content\/uploads\/2025\/08\/COMPUTAEX.jpg\" \/>\n\t<meta property=\"og:image:width\" content=\"1024\" \/>\n\t<meta property=\"og:image:height\" content=\"403\" \/>\n\t<meta property=\"og:image:type\" content=\"image\/jpeg\" \/>\n<meta name=\"twitter:card\" content=\"summary_large_image\" \/>\n<meta name=\"twitter:site\" content=\"@computaex\" \/>\n<meta name=\"twitter:label1\" content=\"Est. reading time\" \/>\n\t<meta name=\"twitter:data1\" content=\"2 minutes\" \/>\n<script type=\"application\/ld+json\" class=\"yoast-schema-graph\">{\"@context\":\"https:\/\/schema.org\",\"@graph\":[{\"@type\":\"WebPage\",\"@id\":\"https:\/\/computaex.es\/empleo\/ref-2025-6-tecnico-a-de-proyecto-quantum-spain\/\",\"url\":\"https:\/\/computaex.es\/empleo\/ref-2025-6-tecnico-a-de-proyecto-quantum-spain\/\",\"name\":\"REF 2025-6 T\u00e9cnico\/a de proyecto QUANTUM SPAIN - Fundaci\u00f3n COMPUTAEX\",\"isPartOf\":{\"@id\":\"https:\/\/computaex.es\/#website\"},\"datePublished\":\"2025-10-17T12:38:12+00:00\",\"dateModified\":\"2025-12-29T13:37:11+00:00\",\"breadcrumb\":{\"@id\":\"https:\/\/computaex.es\/empleo\/ref-2025-6-tecnico-a-de-proyecto-quantum-spain\/#breadcrumb\"},\"inLanguage\":\"en-US\",\"potentialAction\":[{\"@type\":\"ReadAction\",\"target\":[\"https:\/\/computaex.es\/empleo\/ref-2025-6-tecnico-a-de-proyecto-quantum-spain\/\"]}]},{\"@type\":\"BreadcrumbList\",\"@id\":\"https:\/\/computaex.es\/empleo\/ref-2025-6-tecnico-a-de-proyecto-quantum-spain\/#breadcrumb\",\"itemListElement\":[{\"@type\":\"ListItem\",\"position\":1,\"name\":\"Portada\",\"item\":\"https:\/\/computaex.es\/\"},{\"@type\":\"ListItem\",\"position\":2,\"name\":\"Empleo\",\"item\":\"https:\/\/computaex.es\/empleo\/\"},{\"@type\":\"ListItem\",\"position\":3,\"name\":\"REF 2025-6 T\u00e9cnico\/a de proyecto QUANTUM SPAIN\"}]},{\"@type\":\"WebSite\",\"@id\":\"https:\/\/computaex.es\/#website\",\"url\":\"https:\/\/computaex.es\/\",\"name\":\"Fundaci\u00f3n COMPUTAEX\",\"description\":\"COMPUTAEX\",\"publisher\":{\"@id\":\"https:\/\/computaex.es\/#organization\"},\"potentialAction\":[{\"@type\":\"SearchAction\",\"target\":{\"@type\":\"EntryPoint\",\"urlTemplate\":\"https:\/\/computaex.es\/?s={search_term_string}\"},\"query-input\":{\"@type\":\"PropertyValueSpecification\",\"valueRequired\":true,\"valueName\":\"search_term_string\"}}],\"inLanguage\":\"en-US\"},{\"@type\":\"Organization\",\"@id\":\"https:\/\/computaex.es\/#organization\",\"name\":\"COMPUTAEX\",\"url\":\"https:\/\/computaex.es\/\",\"logo\":{\"@type\":\"ImageObject\",\"inLanguage\":\"en-US\",\"@id\":\"https:\/\/computaex.es\/#\/schema\/logo\/image\/\",\"url\":\"https:\/\/computaex.es\/wp-content\/uploads\/2025\/05\/cropped-COMPUTAEX_transparente-scaled-1.png\",\"contentUrl\":\"https:\/\/computaex.es\/wp-content\/uploads\/2025\/05\/cropped-COMPUTAEX_transparente-scaled-1.png\",\"width\":2560,\"height\":970,\"caption\":\"COMPUTAEX\"},\"image\":{\"@id\":\"https:\/\/computaex.es\/#\/schema\/logo\/image\/\"},\"sameAs\":[\"https:\/\/m.facebook.com\/computaex\/\",\"https:\/\/x.com\/computaex\",\"https:\/\/es.linkedin.com\/company\/cenits\"]}]}<\/script>\n<!-- \/ Yoast SEO plugin. -->","yoast_head_json":{"title":"REF 2025-6 T\u00e9cnico\/a de proyecto QUANTUM SPAIN - Fundaci\u00f3n COMPUTAEX","robots":{"index":"index","follow":"follow","max-snippet":"max-snippet:-1","max-image-preview":"max-image-preview:large","max-video-preview":"max-video-preview:-1"},"canonical":"https:\/\/computaex.es\/en\/empleo\/ref-2025-6-tecnico-a-de-proyecto-quantum-spain\/","og_locale":"en_US","og_type":"article","og_title":"REF 2025-6 T\u00e9cnico\/a de proyecto QUANTUM SPAIN - Fundaci\u00f3n COMPUTAEX","og_description":"Ref. 2025-6: T\u00e9cnico\/a de proyecto QUANTUM SPAIN en la Fundaci\u00f3n COMPUTAEX La Fundaci\u00f3n COMPUTAEX oferta un puesto de trabajo con contrato laboral de duraci\u00f3n determinada: T\u00e9cnico\/a de proyecto QUANTUM SPAIN ...","og_url":"https:\/\/computaex.es\/en\/empleo\/ref-2025-6-tecnico-a-de-proyecto-quantum-spain\/","og_site_name":"Fundaci\u00f3n COMPUTAEX","article_publisher":"https:\/\/m.facebook.com\/computaex\/","article_modified_time":"2025-12-29T13:37:11+00:00","og_image":[{"width":1024,"height":403,"url":"https:\/\/computaex.es\/wp-content\/uploads\/2025\/08\/COMPUTAEX.jpg","type":"image\/jpeg"}],"twitter_card":"summary_large_image","twitter_site":"@computaex","twitter_misc":{"Est. reading time":"2 minutes"},"schema":{"@context":"https:\/\/schema.org","@graph":[{"@type":"WebPage","@id":"https:\/\/computaex.es\/empleo\/ref-2025-6-tecnico-a-de-proyecto-quantum-spain\/","url":"https:\/\/computaex.es\/empleo\/ref-2025-6-tecnico-a-de-proyecto-quantum-spain\/","name":"REF 2025-6 T\u00e9cnico\/a de proyecto QUANTUM SPAIN - Fundaci\u00f3n COMPUTAEX","isPartOf":{"@id":"https:\/\/computaex.es\/#website"},"datePublished":"2025-10-17T12:38:12+00:00","dateModified":"2025-12-29T13:37:11+00:00","breadcrumb":{"@id":"https:\/\/computaex.es\/empleo\/ref-2025-6-tecnico-a-de-proyecto-quantum-spain\/#breadcrumb"},"inLanguage":"en-US","potentialAction":[{"@type":"ReadAction","target":["https:\/\/computaex.es\/empleo\/ref-2025-6-tecnico-a-de-proyecto-quantum-spain\/"]}]},{"@type":"BreadcrumbList","@id":"https:\/\/computaex.es\/empleo\/ref-2025-6-tecnico-a-de-proyecto-quantum-spain\/#breadcrumb","itemListElement":[{"@type":"ListItem","position":1,"name":"Portada","item":"https:\/\/computaex.es\/"},{"@type":"ListItem","position":2,"name":"Empleo","item":"https:\/\/computaex.es\/empleo\/"},{"@type":"ListItem","position":3,"name":"REF 2025-6 T\u00e9cnico\/a de proyecto QUANTUM SPAIN"}]},{"@type":"WebSite","@id":"https:\/\/computaex.es\/#website","url":"https:\/\/computaex.es\/","name":"COMPUTAEX Foundation","description":"COMPUTAEX","publisher":{"@id":"https:\/\/computaex.es\/#organization"},"potentialAction":[{"@type":"SearchAction","target":{"@type":"EntryPoint","urlTemplate":"https:\/\/computaex.es\/?s={search_term_string}"},"query-input":{"@type":"PropertyValueSpecification","valueRequired":true,"valueName":"search_term_string"}}],"inLanguage":"en-US"},{"@type":"Organization","@id":"https:\/\/computaex.es\/#organization","name":"COMPUTAEX","url":"https:\/\/computaex.es\/","logo":{"@type":"ImageObject","inLanguage":"en-US","@id":"https:\/\/computaex.es\/#\/schema\/logo\/image\/","url":"https:\/\/computaex.es\/wp-content\/uploads\/2025\/05\/cropped-COMPUTAEX_transparente-scaled-1.png","contentUrl":"https:\/\/computaex.es\/wp-content\/uploads\/2025\/05\/cropped-COMPUTAEX_transparente-scaled-1.png","width":2560,"height":970,"caption":"COMPUTAEX"},"image":{"@id":"https:\/\/computaex.es\/#\/schema\/logo\/image\/"},"sameAs":["https:\/\/m.facebook.com\/computaex\/","https:\/\/x.com\/computaex","https:\/\/es.linkedin.com\/company\/cenits"]}]}},"_links":{"self":[{"href":"https:\/\/computaex.es\/en\/wp-json\/wp\/v2\/pages\/10358","targetHints":{"allow":["GET"]}}],"collection":[{"href":"https:\/\/computaex.es\/en\/wp-json\/wp\/v2\/pages"}],"about":[{"href":"https:\/\/computaex.es\/en\/wp-json\/wp\/v2\/types\/page"}],"author":[{"embeddable":true,"href":"https:\/\/computaex.es\/en\/wp-json\/wp\/v2\/users\/1"}],"replies":[{"embeddable":true,"href":"https:\/\/computaex.es\/en\/wp-json\/wp\/v2\/comments?post=10358"}],"version-history":[{"count":32,"href":"https:\/\/computaex.es\/en\/wp-json\/wp\/v2\/pages\/10358\/revisions"}],"predecessor-version":[{"id":10888,"href":"https:\/\/computaex.es\/en\/wp-json\/wp\/v2\/pages\/10358\/revisions\/10888"}],"up":[{"embeddable":true,"href":"https:\/\/computaex.es\/en\/wp-json\/wp\/v2\/pages\/7859"}],"wp:attachment":[{"href":"https:\/\/computaex.es\/en\/wp-json\/wp\/v2\/media?parent=10358"}],"wp:term":[{"taxonomy":"category","embeddable":true,"href":"https:\/\/computaex.es\/en\/wp-json\/wp\/v2\/categories?post=10358"},{"taxonomy":"post_tag","embeddable":true,"href":"https:\/\/computaex.es\/en\/wp-json\/wp\/v2\/tags?post=10358"}],"curies":[{"name":"wp","href":"https:\/\/api.w.org\/{rel}","templated":true}]}}