{"id":10452,"date":"2025-10-22T13:35:53","date_gmt":"2025-10-22T11:35:53","guid":{"rendered":"https:\/\/computaex.es\/?page_id=10452"},"modified":"2025-12-01T15:28:48","modified_gmt":"2025-12-01T14:28:48","slug":"ref_2025-7","status":"publish","type":"page","link":"https:\/\/computaex.es\/en\/empleo\/ref_2025-7\/","title":{"rendered":"REF 2025-7 Gestor\/a de proyectos investigaci\u00f3n en inteligencia artificial y aprendizaje autom\u00e1tico"},"content":{"rendered":"<div data-elementor-type=\"wp-page\" data-elementor-id=\"10452\" class=\"elementor elementor-10452\">\n\t\t\t\t<div class=\"elementor-element elementor-element-7459449 e-flex e-con-boxed wpr-particle-no wpr-jarallax-no wpr-parallax-no wpr-sticky-section-no e-con e-parent\" data-id=\"7459449\" data-element_type=\"container\" data-e-type=\"container\">\n\t\t\t\t\t<div class=\"e-con-inner\">\n\t\t\t\t<div class=\"elementor-element elementor-element-362cb24 elementor-widget elementor-widget-text-editor\" data-id=\"362cb24\" data-element_type=\"widget\" data-e-type=\"widget\" data-widget_type=\"text-editor.default\">\n\t\t\t\t<div class=\"elementor-widget-container\">\n\t\t\t\t\t\t\t\t\t<p><b>REF 2025-7 Gestor\/a de proyectos de investigaci\u00f3n en inteligencia artificial y aprendizaje autom\u00e1tico&nbsp;<\/b><\/p>\n<p>La Fundaci\u00f3n COMPUTAEX oferta un puesto con contrato laboral indefinido:<\/p>\n<ul>\n<li><strong><span style=\"text-align: justify;\">Gestor\/a de proyectos de investigaci\u00f3n en inteligencia artificial y aprendizaje autom\u00e1tico<\/span> (Ref. 2025-7).<\/strong><\/li>\n<\/ul>\n<p>Todos los detalles de la convocatoria pueden ser consultados en las bases.<\/p>\n<p><strong>Solicitudes:<\/strong><br>Las solicitudes para participar en el proceso de selecci\u00f3n se formular\u00e1n mediante el modelo oficial (Anexo I) debidamente cumplimentadas y firmadas, y deber\u00e1n ir acompa\u00f1adas de la siguiente documentaci\u00f3n:<\/p>\n<ul>\n<li><a href=\"https:\/\/computaex.es\/wp-content\/uploads\/2025\/11\/solicitud_ref_2025-8.pdf\">Anexo I &#8211; Solicitud<\/a> <img decoding=\"async\" style=\"display: inline-block; vertical-align: middle; margin-left: 4px;\" src=\"\/wp-content\/uploads\/2025\/07\/icono-pdf-e1753341024523.png\" alt=\"\" width=\"16\" height=\"20\"><\/li>\n<li>Copia del Documento Nacional de Identidad o equivalente<\/li>\n<li>Copia del t\u00edtulo oficial exigido o resguardo de solicitud del mismo.<\/li>\n<li>Curr\u00edculum Vitae detallado, junto con la documentaci\u00f3n acreditativa de los m\u00e9ritos alegados.<\/li>\n<li>Informe de vida laboral actualizado.<\/li>\n<li><a href=\"\/wp-content\/uploads\/2025\/10\/Informacion_y_tratamiento_de_datos_ref_2025-7.pdf\">Anexo II &#8211; Tratamiento de datos<\/a> <img decoding=\"async\" style=\"display: inline-block; vertical-align: middle; margin-left: 4px;\" src=\"\/wp-content\/uploads\/2025\/07\/icono-pdf-e1753341024523.png\" alt=\"\" width=\"16\" height=\"20\"><\/li>\n<\/ul>\n<hr>\n<p><strong>Fases del proceso:<\/strong><\/p>\n<ul>\n<li>Plazo presentaci\u00f3n de solicitudes:<strong>&nbsp; 27 de octubre de 2025<\/strong><\/li>\n<li>Listado provisional de personas admitidas y excluidas:<span style=\"font-weight: bolder;\">&nbsp;alegaciones hasta las 23:59 del d\u00eda 2 de noviembre de 2025<\/span><\/li>\n<li>Listado definitivo de personas admitidas y excluidas y baremo provisional: <span style=\"font-weight: bolder;\">3 de noviembre de 2025. Alegaciones hasta las 23:59 del 6 de noviembre.<\/span><\/li>\n<li>Listado definitivo de m\u00e9ritos valorables: <span style=\"font-weight: bolder;\">7 de noviembre de 2025<\/span><\/li>\n<li>Relaci\u00f3n de personas aprobadas:<span style=\"font-weight: bolder;\"> 11 de noviembre de 2025<\/span><\/li>\n<li>Resoluci\u00f3n de contrataci\u00f3n: <span style=\"font-weight: bolder;\">27 de noviembre de 2025<\/span><\/li>\n<\/ul>\t\t\t\t\t\t\t\t<\/div>\n\t\t\t\t<\/div>\n\t\t\t\t<div class=\"elementor-element elementor-element-5dd19b4 elementor-widget elementor-widget-tabla_descargas\" data-id=\"5dd19b4\" data-element_type=\"widget\" data-e-type=\"widget\" data-settings=\"{&quot;boton_anadir_ids&quot;:&quot;10462,10541,10546,10551,10560,10617&quot;,&quot;fechas_personalizadas&quot;:&quot;{}&quot;}\" data-widget_type=\"tabla_descargas.default\">\n\t\t\t\t<div class=\"elementor-widget-container\">\n\t\t\t\t\t<div class=\"tabla-descargas-container\" data-widget-id=\"5dd19b4\"><table class=\"tabla-descargas\"><thead><tr><th class=\"sortable\" data-sort=\"nombre\">Archivo <span class=\"sort-arrow\"><\/span><\/th><th class=\"sortable\" data-sort=\"tamano\">Size <span class=\"sort-arrow\"><\/span><\/th><th class=\"sortable asc\" data-sort=\"fecha\">Date <span class=\"sort-arrow asc\"><\/span><\/th><th style=\"text-align: center;\">Ver<\/th><th>Descargar<\/th><\/tr><\/thead><tr data-nombre=\"BasesContratacion-Ref-2025-7\" data-tamano=\"651320\" data-fecha=\"2025-10-22\"><td><div class=\"archivo-info\"><div class=\"titulo-archivo\">BasesContratacion-Ref-2025-7<\/div><div class=\"nombre-archivo\">BasesContratacion-Ref-2025-7.pdf<\/div><\/div><\/td><td>636 KB<\/td><td>22\/10\/2025<\/td><td style=\"text-align: center;\"><a href=\"https:\/\/computaex.es\/wp-content\/uploads\/2025\/10\/BasesContratacion-Ref-2025-7.pdf\" class=\"boton-ver\" target=\"_blank\" rel=\"noopener noreferrer\" title=\"Ver documento\">\ud83d\udc41<\/a><\/td><td><a href=\"https:\/\/computaex.es\/wp-content\/uploads\/2025\/10\/BasesContratacion-Ref-2025-7.pdf\" class=\"boton-descarga\" download=\"BasesContratacion-Ref-2025-7.pdf\">\u2193 Descargar<\/a><\/td><\/tr><tr data-nombre=\"Listado Provisional Personas Admitidas y Excluidas-Ref-2025-7_signed\" data-tamano=\"473700\" data-fecha=\"2025-10-31\"><td><div class=\"archivo-info\"><div class=\"titulo-archivo\">Listado Provisional Personas Admitidas y Excluidas-Ref-2025-7_signed<\/div><div class=\"nombre-archivo\">Listado-Provisional-Personas-Admitidas-y-Excluidas-Ref-2025-7_signed.pdf<\/div><\/div><\/td><td>463 KB<\/td><td>31\/10\/2025<\/td><td style=\"text-align: center;\"><a href=\"https:\/\/computaex.es\/wp-content\/uploads\/2025\/10\/Listado-Provisional-Personas-Admitidas-y-Excluidas-Ref-2025-7_signed.pdf\" class=\"boton-ver\" target=\"_blank\" rel=\"noopener noreferrer\" title=\"Ver documento\">\ud83d\udc41<\/a><\/td><td><a href=\"https:\/\/computaex.es\/wp-content\/uploads\/2025\/10\/Listado-Provisional-Personas-Admitidas-y-Excluidas-Ref-2025-7_signed.pdf\" class=\"boton-descarga\" download=\"Listado-Provisional-Personas-Admitidas-y-Excluidas-Ref-2025-7_signed.pdf\">\u2193 Descargar<\/a><\/td><\/tr><tr data-nombre=\"Listado Definitivo Personas Admitidas y Excluidas y Baremo Provisional-Ref-2025-7_signed\" data-tamano=\"257698\" data-fecha=\"2025-11-03\"><td><div class=\"archivo-info\"><div class=\"titulo-archivo\">Listado Definitivo Personas Admitidas y Excluidas y Baremo Provisional-Ref-2025-7_signed<\/div><div class=\"nombre-archivo\">Listado-Definitivo-Personas-Admitidas-y-Excluidas-y-Baremo-Provisional-Ref-2025-7_signed.pdf<\/div><\/div><\/td><td>252 KB<\/td><td>03\/11\/2025<\/td><td style=\"text-align: center;\"><a href=\"https:\/\/computaex.es\/wp-content\/uploads\/2025\/11\/Listado-Definitivo-Personas-Admitidas-y-Excluidas-y-Baremo-Provisional-Ref-2025-7_signed.pdf\" class=\"boton-ver\" target=\"_blank\" rel=\"noopener noreferrer\" title=\"Ver documento\">\ud83d\udc41<\/a><\/td><td><a href=\"https:\/\/computaex.es\/wp-content\/uploads\/2025\/11\/Listado-Definitivo-Personas-Admitidas-y-Excluidas-y-Baremo-Provisional-Ref-2025-7_signed.pdf\" class=\"boton-descarga\" download=\"Listado-Definitivo-Personas-Admitidas-y-Excluidas-y-Baremo-Provisional-Ref-2025-7_signed.pdf\">\u2193 Descargar<\/a><\/td><\/tr><tr data-nombre=\"Baremo Definitivo-Ref-2025-7_signed\" data-tamano=\"196191\" data-fecha=\"2025-11-07\"><td><div class=\"archivo-info\"><div class=\"titulo-archivo\">Baremo Definitivo-Ref-2025-7_signed<\/div><div class=\"nombre-archivo\">Baremo-Definitivo-Ref-2025-7_signed.pdf<\/div><\/div><\/td><td>192 KB<\/td><td>07\/11\/2025<\/td><td style=\"text-align: center;\"><a href=\"https:\/\/computaex.es\/wp-content\/uploads\/2025\/11\/Baremo-Definitivo-Ref-2025-7_signed.pdf\" class=\"boton-ver\" target=\"_blank\" rel=\"noopener noreferrer\" title=\"Ver documento\">\ud83d\udc41<\/a><\/td><td><a href=\"https:\/\/computaex.es\/wp-content\/uploads\/2025\/11\/Baremo-Definitivo-Ref-2025-7_signed.pdf\" class=\"boton-descarga\" download=\"Baremo-Definitivo-Ref-2025-7_signed.pdf\">\u2193 Descargar<\/a><\/td><\/tr><tr data-nombre=\"Relacio\u0301n de personas aprobadas-Ref-2025-7_signed\" data-tamano=\"197669\" data-fecha=\"2025-11-11\"><td><div class=\"archivo-info\"><div class=\"titulo-archivo\">Relacio\u0301n de personas aprobadas-Ref-2025-7_signed<\/div><div class=\"nombre-archivo\">Relacion-de-personas-aprobadas-Ref-2025-7_signed.pdf<\/div><\/div><\/td><td>193 KB<\/td><td>11\/11\/2025<\/td><td style=\"text-align: center;\"><a href=\"https:\/\/computaex.es\/wp-content\/uploads\/2025\/11\/Relacion-de-personas-aprobadas-Ref-2025-7_signed.pdf\" class=\"boton-ver\" target=\"_blank\" rel=\"noopener noreferrer\" title=\"Ver documento\">\ud83d\udc41<\/a><\/td><td><a href=\"https:\/\/computaex.es\/wp-content\/uploads\/2025\/11\/Relacion-de-personas-aprobadas-Ref-2025-7_signed.pdf\" class=\"boton-descarga\" download=\"Relacion-de-personas-aprobadas-Ref-2025-7_signed.pdf\">\u2193 Descargar<\/a><\/td><\/tr><tr data-nombre=\"Resolucio\u0301n de contratacio\u0301n Ref-2025-7\" data-tamano=\"186724\" data-fecha=\"2025-11-27\"><td><div class=\"archivo-info\"><div class=\"titulo-archivo\">Resolucio\u0301n de contratacio\u0301n Ref-2025-7<\/div><div class=\"nombre-archivo\">Resolucion-de-contratacion-Ref-2025-7_signed.pdf<\/div><\/div><\/td><td>182 KB<\/td><td>27\/11\/2025<\/td><td style=\"text-align: center;\"><a href=\"https:\/\/computaex.es\/wp-content\/uploads\/2025\/11\/Resolucion-de-contratacion-Ref-2025-7_signed.pdf\" class=\"boton-ver\" target=\"_blank\" rel=\"noopener noreferrer\" title=\"Ver documento\">\ud83d\udc41<\/a><\/td><td><a href=\"https:\/\/computaex.es\/wp-content\/uploads\/2025\/11\/Resolucion-de-contratacion-Ref-2025-7_signed.pdf\" class=\"boton-descarga\" download=\"Resolucion-de-contratacion-Ref-2025-7_signed.pdf\">\u2193 Descargar<\/a><\/td><\/tr><\/tbody><\/table><\/div>\t\t\t\t<\/div>\n\t\t\t\t<\/div>\n\t\t\t\t\t<\/div>\n\t\t\t\t<\/div>\n\t\t\t\t<\/div>","protected":false},"excerpt":{"rendered":"<p>REF 2025-7 Gestor\/a de proyectos de investigaci\u00f3n en inteligencia artificial y aprendizaje autom\u00e1tico&nbsp; La Fundaci\u00f3n COMPUTAEX oferta un puesto con contrato laboral indefinido: Gestor\/a de proyectos de investigaci\u00f3n en inteligencia &#8230;<\/p>","protected":false},"author":1,"featured_media":0,"parent":7859,"menu_order":0,"comment_status":"closed","ping_status":"closed","template":"","meta":{"footnotes":""},"categories":[108,105],"tags":[],"class_list":["post-10452","page","type-page","status-publish","hentry","category-108","category-empleo"],"yoast_head":"<!-- This site is optimized with the Yoast SEO plugin v27.1.1 - https:\/\/yoast.com\/product\/yoast-seo-wordpress\/ -->\n<title>REF 2025-7 Gestor\/a de proyectos investigaci\u00f3n en inteligencia artificial y aprendizaje autom\u00e1tico - Fundaci\u00f3n COMPUTAEX<\/title>\n<meta name=\"robots\" content=\"index, follow, max-snippet:-1, max-image-preview:large, max-video-preview:-1\" \/>\n<link rel=\"canonical\" href=\"https:\/\/computaex.es\/en\/empleo\/ref_2025-7\/\" \/>\n<meta property=\"og:locale\" content=\"en_US\" \/>\n<meta property=\"og:type\" content=\"article\" \/>\n<meta property=\"og:title\" content=\"REF 2025-7 Gestor\/a de proyectos investigaci\u00f3n en inteligencia artificial y aprendizaje autom\u00e1tico - Fundaci\u00f3n COMPUTAEX\" \/>\n<meta property=\"og:description\" content=\"REF 2025-7 Gestor\/a de proyectos de investigaci\u00f3n en inteligencia artificial y aprendizaje autom\u00e1tico&nbsp; La Fundaci\u00f3n COMPUTAEX oferta un puesto con contrato laboral indefinido: Gestor\/a de proyectos de investigaci\u00f3n en inteligencia ...\" \/>\n<meta property=\"og:url\" content=\"https:\/\/computaex.es\/en\/empleo\/ref_2025-7\/\" \/>\n<meta property=\"og:site_name\" content=\"Fundaci\u00f3n COMPUTAEX\" \/>\n<meta property=\"article:publisher\" content=\"https:\/\/m.facebook.com\/computaex\/\" \/>\n<meta property=\"article:modified_time\" content=\"2025-12-01T14:28:48+00:00\" \/>\n<meta property=\"og:image\" content=\"https:\/\/computaex.es\/wp-content\/uploads\/2025\/08\/COMPUTAEX.jpg\" \/>\n\t<meta property=\"og:image:width\" content=\"1024\" \/>\n\t<meta property=\"og:image:height\" content=\"403\" \/>\n\t<meta property=\"og:image:type\" content=\"image\/jpeg\" \/>\n<meta name=\"twitter:card\" content=\"summary_large_image\" \/>\n<meta name=\"twitter:site\" content=\"@computaex\" \/>\n<meta name=\"twitter:label1\" content=\"Est. reading time\" \/>\n\t<meta name=\"twitter:data1\" content=\"2 minutes\" \/>\n<script type=\"application\/ld+json\" class=\"yoast-schema-graph\">{\"@context\":\"https:\/\/schema.org\",\"@graph\":[{\"@type\":\"WebPage\",\"@id\":\"https:\/\/computaex.es\/empleo\/ref_2025-7\/\",\"url\":\"https:\/\/computaex.es\/empleo\/ref_2025-7\/\",\"name\":\"REF 2025-7 Gestor\/a de proyectos investigaci\u00f3n en inteligencia artificial y aprendizaje autom\u00e1tico - Fundaci\u00f3n COMPUTAEX\",\"isPartOf\":{\"@id\":\"https:\/\/computaex.es\/#website\"},\"datePublished\":\"2025-10-22T11:35:53+00:00\",\"dateModified\":\"2025-12-01T14:28:48+00:00\",\"breadcrumb\":{\"@id\":\"https:\/\/computaex.es\/empleo\/ref_2025-7\/#breadcrumb\"},\"inLanguage\":\"en-US\",\"potentialAction\":[{\"@type\":\"ReadAction\",\"target\":[\"https:\/\/computaex.es\/empleo\/ref_2025-7\/\"]}]},{\"@type\":\"BreadcrumbList\",\"@id\":\"https:\/\/computaex.es\/empleo\/ref_2025-7\/#breadcrumb\",\"itemListElement\":[{\"@type\":\"ListItem\",\"position\":1,\"name\":\"Portada\",\"item\":\"https:\/\/computaex.es\/\"},{\"@type\":\"ListItem\",\"position\":2,\"name\":\"Empleo\",\"item\":\"https:\/\/computaex.es\/empleo\/\"},{\"@type\":\"ListItem\",\"position\":3,\"name\":\"REF 2025-7 Gestor\/a de proyectos investigaci\u00f3n en inteligencia artificial y aprendizaje autom\u00e1tico\"}]},{\"@type\":\"WebSite\",\"@id\":\"https:\/\/computaex.es\/#website\",\"url\":\"https:\/\/computaex.es\/\",\"name\":\"Fundaci\u00f3n COMPUTAEX\",\"description\":\"COMPUTAEX\",\"publisher\":{\"@id\":\"https:\/\/computaex.es\/#organization\"},\"potentialAction\":[{\"@type\":\"SearchAction\",\"target\":{\"@type\":\"EntryPoint\",\"urlTemplate\":\"https:\/\/computaex.es\/?s={search_term_string}\"},\"query-input\":{\"@type\":\"PropertyValueSpecification\",\"valueRequired\":true,\"valueName\":\"search_term_string\"}}],\"inLanguage\":\"en-US\"},{\"@type\":\"Organization\",\"@id\":\"https:\/\/computaex.es\/#organization\",\"name\":\"COMPUTAEX\",\"url\":\"https:\/\/computaex.es\/\",\"logo\":{\"@type\":\"ImageObject\",\"inLanguage\":\"en-US\",\"@id\":\"https:\/\/computaex.es\/#\/schema\/logo\/image\/\",\"url\":\"https:\/\/computaex.es\/wp-content\/uploads\/2025\/05\/cropped-COMPUTAEX_transparente-scaled-1.png\",\"contentUrl\":\"https:\/\/computaex.es\/wp-content\/uploads\/2025\/05\/cropped-COMPUTAEX_transparente-scaled-1.png\",\"width\":2560,\"height\":970,\"caption\":\"COMPUTAEX\"},\"image\":{\"@id\":\"https:\/\/computaex.es\/#\/schema\/logo\/image\/\"},\"sameAs\":[\"https:\/\/m.facebook.com\/computaex\/\",\"https:\/\/x.com\/computaex\",\"https:\/\/es.linkedin.com\/company\/cenits\"]}]}<\/script>\n<!-- \/ Yoast SEO plugin. -->","yoast_head_json":{"title":"REF 2025-7 Gestor\/a de proyectos investigaci\u00f3n en inteligencia artificial y aprendizaje autom\u00e1tico - Fundaci\u00f3n COMPUTAEX","robots":{"index":"index","follow":"follow","max-snippet":"max-snippet:-1","max-image-preview":"max-image-preview:large","max-video-preview":"max-video-preview:-1"},"canonical":"https:\/\/computaex.es\/en\/empleo\/ref_2025-7\/","og_locale":"en_US","og_type":"article","og_title":"REF 2025-7 Gestor\/a de proyectos investigaci\u00f3n en inteligencia artificial y aprendizaje autom\u00e1tico - Fundaci\u00f3n COMPUTAEX","og_description":"REF 2025-7 Gestor\/a de proyectos de investigaci\u00f3n en inteligencia artificial y aprendizaje autom\u00e1tico&nbsp; La Fundaci\u00f3n COMPUTAEX oferta un puesto con contrato laboral indefinido: Gestor\/a de proyectos de investigaci\u00f3n en inteligencia ...","og_url":"https:\/\/computaex.es\/en\/empleo\/ref_2025-7\/","og_site_name":"Fundaci\u00f3n COMPUTAEX","article_publisher":"https:\/\/m.facebook.com\/computaex\/","article_modified_time":"2025-12-01T14:28:48+00:00","og_image":[{"width":1024,"height":403,"url":"https:\/\/computaex.es\/wp-content\/uploads\/2025\/08\/COMPUTAEX.jpg","type":"image\/jpeg"}],"twitter_card":"summary_large_image","twitter_site":"@computaex","twitter_misc":{"Est. reading time":"2 minutes"},"schema":{"@context":"https:\/\/schema.org","@graph":[{"@type":"WebPage","@id":"https:\/\/computaex.es\/empleo\/ref_2025-7\/","url":"https:\/\/computaex.es\/empleo\/ref_2025-7\/","name":"REF 2025-7 Gestor\/a de proyectos investigaci\u00f3n en inteligencia artificial y aprendizaje autom\u00e1tico - Fundaci\u00f3n COMPUTAEX","isPartOf":{"@id":"https:\/\/computaex.es\/#website"},"datePublished":"2025-10-22T11:35:53+00:00","dateModified":"2025-12-01T14:28:48+00:00","breadcrumb":{"@id":"https:\/\/computaex.es\/empleo\/ref_2025-7\/#breadcrumb"},"inLanguage":"en-US","potentialAction":[{"@type":"ReadAction","target":["https:\/\/computaex.es\/empleo\/ref_2025-7\/"]}]},{"@type":"BreadcrumbList","@id":"https:\/\/computaex.es\/empleo\/ref_2025-7\/#breadcrumb","itemListElement":[{"@type":"ListItem","position":1,"name":"Portada","item":"https:\/\/computaex.es\/"},{"@type":"ListItem","position":2,"name":"Empleo","item":"https:\/\/computaex.es\/empleo\/"},{"@type":"ListItem","position":3,"name":"REF 2025-7 Gestor\/a de proyectos investigaci\u00f3n en inteligencia artificial y aprendizaje autom\u00e1tico"}]},{"@type":"WebSite","@id":"https:\/\/computaex.es\/#website","url":"https:\/\/computaex.es\/","name":"COMPUTAEX Foundation","description":"COMPUTAEX","publisher":{"@id":"https:\/\/computaex.es\/#organization"},"potentialAction":[{"@type":"SearchAction","target":{"@type":"EntryPoint","urlTemplate":"https:\/\/computaex.es\/?s={search_term_string}"},"query-input":{"@type":"PropertyValueSpecification","valueRequired":true,"valueName":"search_term_string"}}],"inLanguage":"en-US"},{"@type":"Organization","@id":"https:\/\/computaex.es\/#organization","name":"COMPUTAEX","url":"https:\/\/computaex.es\/","logo":{"@type":"ImageObject","inLanguage":"en-US","@id":"https:\/\/computaex.es\/#\/schema\/logo\/image\/","url":"https:\/\/computaex.es\/wp-content\/uploads\/2025\/05\/cropped-COMPUTAEX_transparente-scaled-1.png","contentUrl":"https:\/\/computaex.es\/wp-content\/uploads\/2025\/05\/cropped-COMPUTAEX_transparente-scaled-1.png","width":2560,"height":970,"caption":"COMPUTAEX"},"image":{"@id":"https:\/\/computaex.es\/#\/schema\/logo\/image\/"},"sameAs":["https:\/\/m.facebook.com\/computaex\/","https:\/\/x.com\/computaex","https:\/\/es.linkedin.com\/company\/cenits"]}]}},"_links":{"self":[{"href":"https:\/\/computaex.es\/en\/wp-json\/wp\/v2\/pages\/10452","targetHints":{"allow":["GET"]}}],"collection":[{"href":"https:\/\/computaex.es\/en\/wp-json\/wp\/v2\/pages"}],"about":[{"href":"https:\/\/computaex.es\/en\/wp-json\/wp\/v2\/types\/page"}],"author":[{"embeddable":true,"href":"https:\/\/computaex.es\/en\/wp-json\/wp\/v2\/users\/1"}],"replies":[{"embeddable":true,"href":"https:\/\/computaex.es\/en\/wp-json\/wp\/v2\/comments?post=10452"}],"version-history":[{"count":39,"href":"https:\/\/computaex.es\/en\/wp-json\/wp\/v2\/pages\/10452\/revisions"}],"predecessor-version":[{"id":10647,"href":"https:\/\/computaex.es\/en\/wp-json\/wp\/v2\/pages\/10452\/revisions\/10647"}],"up":[{"embeddable":true,"href":"https:\/\/computaex.es\/en\/wp-json\/wp\/v2\/pages\/7859"}],"wp:attachment":[{"href":"https:\/\/computaex.es\/en\/wp-json\/wp\/v2\/media?parent=10452"}],"wp:term":[{"taxonomy":"category","embeddable":true,"href":"https:\/\/computaex.es\/en\/wp-json\/wp\/v2\/categories?post=10452"},{"taxonomy":"post_tag","embeddable":true,"href":"https:\/\/computaex.es\/en\/wp-json\/wp\/v2\/tags?post=10452"}],"curies":[{"name":"wp","href":"https:\/\/api.w.org\/{rel}","templated":true}]}}