{"id":10583,"date":"2025-11-18T13:45:16","date_gmt":"2025-11-18T12:45:16","guid":{"rendered":"https:\/\/computaex.es\/?page_id=10583"},"modified":"2025-12-29T14:51:40","modified_gmt":"2025-12-29T13:51:40","slug":"ref_2025-8","status":"publish","type":"page","link":"https:\/\/computaex.es\/en\/empleo\/ref_2025-8\/","title":{"rendered":"REF 2025-8 Auxiliar de Administraci\u00f3n"},"content":{"rendered":"<div data-elementor-type=\"wp-page\" data-elementor-id=\"10583\" class=\"elementor elementor-10583\">\n\t\t\t\t<div class=\"elementor-element elementor-element-b2da6a2 e-flex e-con-boxed wpr-particle-no wpr-jarallax-no wpr-parallax-no wpr-sticky-section-no e-con e-parent\" data-id=\"b2da6a2\" data-element_type=\"container\" data-e-type=\"container\">\n\t\t\t\t\t<div class=\"e-con-inner\">\n\t\t\t\t<div class=\"elementor-element elementor-element-895079c elementor-widget elementor-widget-text-editor\" data-id=\"895079c\" data-element_type=\"widget\" data-e-type=\"widget\" data-widget_type=\"text-editor.default\">\n\t\t\t\t<div class=\"elementor-widget-container\">\n\t\t\t\t\t\t\t\t\t<p><span style=\"font-weight: bold;\">REF 2025-8 Auxiliar de Administraci\u00f3n&nbsp;<\/span><\/p>\n<p>La Fundaci\u00f3n COMPUTAEX oferta un puesto con contrato laboral temporal:<\/p>\n<ul>\n<li><span style=\"font-weight: bolder;\"><span style=\"text-align: justify;\">Auxiliar de Administraci\u00f3n<\/span>&nbsp;(Ref. 2025-8).<\/span><\/li>\n<\/ul>\n<p>Todos los detalles de la convocatoria pueden ser consultados en las bases.<\/p>\n<p><span style=\"font-weight: bolder;\">Solicitudes:<\/span><br>Las solicitudes para participar en el proceso de selecci\u00f3n se formular\u00e1n mediante el modelo oficial (Anexo I) debidamente cumplimentadas y firmadas, y deber\u00e1n ir acompa\u00f1adas de la siguiente documentaci\u00f3n:<\/p>\n<ul>\n<li><a href=\"https:\/\/computaex.es\/wp-content\/uploads\/2025\/11\/solicitud_ref_2025-8.pdf\">Anexo I &#8211; Solicitud<\/a>&nbsp;<img decoding=\"async\" style=\"display: inline-block; margin-left: 4px;\" src=\"https:\/\/computaex.es\/wp-content\/uploads\/2025\/07\/icono-pdf-e1753341024523.png\" alt=\"\" width=\"16\" height=\"20\"><\/li>\n<li>Copia del Documento Nacional de Identidad o equivalente<\/li>\n<li>Copia del t\u00edtulo oficial exigido o resguardo de solicitud del mismo.<\/li>\n<li>Curr\u00edculum Vitae detallado, junto con la documentaci\u00f3n acreditativa de los m\u00e9ritos alegados.<\/li>\n<li>Informe de vida laboral actualizado.<\/li>\n<li><a href=\"https:\/\/computaex.es\/wp-content\/uploads\/2025\/11\/Informacion_y_tratamiento_de_datos_ref_2025-8.pdf\">Anexo II &#8211; Tratamiento de datos<\/a>&nbsp;<img decoding=\"async\" style=\"display: inline-block; margin-left: 4px;\" src=\"https:\/\/computaex.es\/wp-content\/uploads\/2025\/07\/icono-pdf-e1753341024523.png\" alt=\"\" width=\"16\" height=\"20\"><\/li>\n<\/ul>\n<hr style=\"background-color: #ffffff;\">\n<p><span style=\"font-weight: bolder;\">Fases del proceso:<\/span><\/p>\n<ul>\n<li>Plazo presentaci\u00f3n de solicitudes:<span style=\"font-weight: bolder;\">&nbsp; 21 de noviembre de 2025<\/span><\/li>\n<li>Listado provisional de personas admitidas y excluidas:<span style=\"font-weight: bolder;\"> 24 de noviembre de 2025<\/span><\/li>\n<li>Listado definitivo de personas admitidas y excluidas y baremo provisional:<span style=\"font-weight: bolder;\"> 03 de diciembre de 2025<\/span><\/li>\n<li>Baremo definitivo:<b> 11 de diciembre de 2025<\/b><\/li>\n<li>Relaci\u00f3n de personas aprobadas: <b>23 de diciembre de 2025<\/b><\/li>\n<\/ul>\t\t\t\t\t\t\t\t<\/div>\n\t\t\t\t<\/div>\n\t\t\t\t\t<\/div>\n\t\t\t\t<\/div>\n\t\t<div class=\"elementor-element elementor-element-a04a337 e-flex e-con-boxed wpr-particle-no wpr-jarallax-no wpr-parallax-no wpr-sticky-section-no e-con e-parent\" data-id=\"a04a337\" data-element_type=\"container\" data-e-type=\"container\">\n\t\t\t\t\t<div class=\"e-con-inner\">\n\t\t\t\t<div class=\"elementor-element elementor-element-35e6bf8 elementor-widget elementor-widget-tabla_descargas\" data-id=\"35e6bf8\" data-element_type=\"widget\" data-e-type=\"widget\" data-settings=\"{&quot;boton_anadir_ids&quot;:&quot;10587,10610,10657,10751,10873,10889&quot;,&quot;fechas_personalizadas&quot;:&quot;{}&quot;}\" data-widget_type=\"tabla_descargas.default\">\n\t\t\t\t<div class=\"elementor-widget-container\">\n\t\t\t\t\t<div class=\"tabla-descargas-container\" data-widget-id=\"35e6bf8\"><table class=\"tabla-descargas\"><thead><tr><th class=\"sortable\" data-sort=\"nombre\">Archivo <span class=\"sort-arrow\"><\/span><\/th><th class=\"sortable\" data-sort=\"tamano\">Size <span class=\"sort-arrow\"><\/span><\/th><th class=\"sortable asc\" data-sort=\"fecha\">Date <span class=\"sort-arrow asc\"><\/span><\/th><th>Descargar<\/th><\/tr><\/thead><tr data-nombre=\"BasesContratacion-Ref-2025-8_signed\" data-tamano=\"469830\" data-fecha=\"2025-11-18\"><td><div class=\"archivo-info\"><div class=\"titulo-archivo\">BasesContratacion-Ref-2025-8_signed<\/div><div class=\"nombre-archivo\">BasesContratacion-Ref-2025-8_signed.pdf<\/div><\/div><\/td><td>459 KB<\/td><td>18\/11\/2025<\/td><td><a href=\"https:\/\/computaex.es\/wp-content\/uploads\/2025\/11\/BasesContratacion-Ref-2025-8_signed.pdf\" class=\"boton-descarga\" download=\"BasesContratacion-Ref-2025-8_signed.pdf\">\u2193 Descargar<\/a><\/td><\/tr><tr data-nombre=\"Listado Provisional Personas Admitidas y Excluidas-Ref-2025-8\" data-tamano=\"280568\" data-fecha=\"2025-11-24\"><td><div class=\"archivo-info\"><div class=\"titulo-archivo\">Listado Provisional Personas Admitidas y Excluidas-Ref-2025-8<\/div><div class=\"nombre-archivo\">Listado-Provisional-Personas-Admitidas-y-Excluidas-Ref-2025-8_signed.pdf<\/div><\/div><\/td><td>274 KB<\/td><td>24\/11\/2025<\/td><td><a href=\"https:\/\/computaex.es\/wp-content\/uploads\/2025\/11\/Listado-Provisional-Personas-Admitidas-y-Excluidas-Ref-2025-8_signed.pdf\" class=\"boton-descarga\" download=\"Listado-Provisional-Personas-Admitidas-y-Excluidas-Ref-2025-8_signed.pdf\">\u2193 Descargar<\/a><\/td><\/tr><tr data-nombre=\"Listado Definitivo Personas Admitidas y Excluidas y Baremo Provisional -Ref-2025-8_signed\" data-tamano=\"290539\" data-fecha=\"2025-12-03\"><td><div class=\"archivo-info\"><div class=\"titulo-archivo\">Listado Definitivo Personas Admitidas y Excluidas y Baremo Provisional -Ref-2025-8_signed<\/div><div class=\"nombre-archivo\">Listado-Definitivo-Personas-Admitidas-y-Excluidas-y-Baremo-Provisional-Ref-2025-8_signed.pdf<\/div><\/div><\/td><td>284 KB<\/td><td>03\/12\/2025<\/td><td><a href=\"https:\/\/computaex.es\/wp-content\/uploads\/2025\/12\/Listado-Definitivo-Personas-Admitidas-y-Excluidas-y-Baremo-Provisional-Ref-2025-8_signed.pdf\" class=\"boton-descarga\" download=\"Listado-Definitivo-Personas-Admitidas-y-Excluidas-y-Baremo-Provisional-Ref-2025-8_signed.pdf\">\u2193 Descargar<\/a><\/td><\/tr><tr data-nombre=\"Baremo Definitivo -Ref-2025-8_signed\" data-tamano=\"561067\" data-fecha=\"2025-12-11\"><td><div class=\"archivo-info\"><div class=\"titulo-archivo\">Baremo Definitivo -Ref-2025-8_signed<\/div><div class=\"nombre-archivo\">Baremo-Definitivo-Ref-2025-8_signed.pdf<\/div><\/div><\/td><td>548 KB<\/td><td>11\/12\/2025<\/td><td><a href=\"https:\/\/computaex.es\/wp-content\/uploads\/2025\/12\/Baremo-Definitivo-Ref-2025-8_signed.pdf\" class=\"boton-descarga\" download=\"Baremo-Definitivo-Ref-2025-8_signed.pdf\">\u2193 Descargar<\/a><\/td><\/tr><tr data-nombre=\"Relacio\u0301n de personas aprobadas-Ref-2025-8_signed\" data-tamano=\"223784\" data-fecha=\"2025-12-23\"><td><div class=\"archivo-info\"><div class=\"titulo-archivo\">Relacio\u0301n de personas aprobadas-Ref-2025-8_signed<\/div><div class=\"nombre-archivo\">Relacion-de-personas-aprobadas-Ref-2025-8_signed.pdf<\/div><\/div><\/td><td>219 KB<\/td><td>23\/12\/2025<\/td><td><a href=\"https:\/\/computaex.es\/wp-content\/uploads\/2025\/12\/Relacion-de-personas-aprobadas-Ref-2025-8_signed.pdf\" class=\"boton-descarga\" download=\"Relacion-de-personas-aprobadas-Ref-2025-8_signed.pdf\">\u2193 Descargar<\/a><\/td><\/tr><tr data-nombre=\"Resolucio\u0301n de Contratacio\u0301n-Ref-2025-8_signed\" data-tamano=\"212692\" data-fecha=\"2025-12-29\"><td><div class=\"archivo-info\"><div class=\"titulo-archivo\">Resolucio\u0301n de Contratacio\u0301n-Ref-2025-8_signed<\/div><div class=\"nombre-archivo\">Resolucion-de-Contratacion-Ref-2025-8_signed.pdf<\/div><\/div><\/td><td>208 KB<\/td><td>29\/12\/2025<\/td><td><a href=\"https:\/\/computaex.es\/wp-content\/uploads\/2025\/12\/Resolucion-de-Contratacion-Ref-2025-8_signed.pdf\" class=\"boton-descarga\" download=\"Resolucion-de-Contratacion-Ref-2025-8_signed.pdf\">\u2193 Descargar<\/a><\/td><\/tr><\/tbody><\/table><\/div>\t\t\t\t<\/div>\n\t\t\t\t<\/div>\n\t\t\t\t\t<\/div>\n\t\t\t\t<\/div>\n\t\t\t\t<\/div>","protected":false},"excerpt":{"rendered":"<p>REF 2025-8 Auxiliar de Administraci\u00f3n&nbsp; La Fundaci\u00f3n COMPUTAEX oferta un puesto con contrato laboral temporal: Auxiliar de Administraci\u00f3n&nbsp;(Ref. 2025-8). Todos los detalles de la convocatoria pueden ser consultados en las &#8230;<\/p>","protected":false},"author":1,"featured_media":0,"parent":7859,"menu_order":0,"comment_status":"closed","ping_status":"closed","template":"","meta":{"footnotes":""},"categories":[108,105],"class_list":["post-10583","page","type-page","status-publish","hentry","category-108","category-empleo"],"yoast_head":"<!-- This site is optimized with the Yoast SEO plugin v27.1.1 - https:\/\/yoast.com\/product\/yoast-seo-wordpress\/ -->\n<title>REF 2025-8 Auxiliar de Administraci\u00f3n - Fundaci\u00f3n COMPUTAEX<\/title>\n<meta name=\"robots\" content=\"index, follow, max-snippet:-1, max-image-preview:large, max-video-preview:-1\" \/>\n<link rel=\"canonical\" href=\"https:\/\/computaex.es\/en\/empleo\/ref_2025-8\/\" \/>\n<meta property=\"og:locale\" content=\"en_US\" \/>\n<meta property=\"og:type\" content=\"article\" \/>\n<meta property=\"og:title\" content=\"REF 2025-8 Auxiliar de Administraci\u00f3n - Fundaci\u00f3n COMPUTAEX\" \/>\n<meta property=\"og:description\" content=\"REF 2025-8 Auxiliar de Administraci\u00f3n&nbsp; La Fundaci\u00f3n COMPUTAEX oferta un puesto con contrato laboral temporal: Auxiliar de Administraci\u00f3n&nbsp;(Ref. 2025-8). Todos los detalles de la convocatoria pueden ser consultados en las ...\" \/>\n<meta property=\"og:url\" content=\"https:\/\/computaex.es\/en\/empleo\/ref_2025-8\/\" \/>\n<meta property=\"og:site_name\" content=\"Fundaci\u00f3n COMPUTAEX\" \/>\n<meta property=\"article:publisher\" content=\"https:\/\/m.facebook.com\/computaex\/\" \/>\n<meta property=\"article:modified_time\" content=\"2025-12-29T13:51:40+00:00\" \/>\n<meta property=\"og:image\" content=\"https:\/\/computaex.es\/wp-content\/uploads\/2025\/07\/icono-pdf-e1753341024523.png\" \/>\n<meta name=\"twitter:card\" content=\"summary_large_image\" \/>\n<meta name=\"twitter:site\" content=\"@computaex\" \/>\n<meta name=\"twitter:label1\" content=\"Est. reading time\" \/>\n\t<meta name=\"twitter:data1\" content=\"2 minutes\" \/>\n<script type=\"application\/ld+json\" class=\"yoast-schema-graph\">{\"@context\":\"https:\/\/schema.org\",\"@graph\":[{\"@type\":\"WebPage\",\"@id\":\"https:\/\/computaex.es\/empleo\/ref_2025-8\/\",\"url\":\"https:\/\/computaex.es\/empleo\/ref_2025-8\/\",\"name\":\"REF 2025-8 Auxiliar de Administraci\u00f3n - Fundaci\u00f3n COMPUTAEX\",\"isPartOf\":{\"@id\":\"https:\/\/computaex.es\/#website\"},\"primaryImageOfPage\":{\"@id\":\"https:\/\/computaex.es\/empleo\/ref_2025-8\/#primaryimage\"},\"image\":{\"@id\":\"https:\/\/computaex.es\/empleo\/ref_2025-8\/#primaryimage\"},\"thumbnailUrl\":\"https:\/\/computaex.es\/wp-content\/uploads\/2025\/07\/icono-pdf-e1753341024523.png\",\"datePublished\":\"2025-11-18T12:45:16+00:00\",\"dateModified\":\"2025-12-29T13:51:40+00:00\",\"breadcrumb\":{\"@id\":\"https:\/\/computaex.es\/empleo\/ref_2025-8\/#breadcrumb\"},\"inLanguage\":\"en-US\",\"potentialAction\":[{\"@type\":\"ReadAction\",\"target\":[\"https:\/\/computaex.es\/empleo\/ref_2025-8\/\"]}]},{\"@type\":\"ImageObject\",\"inLanguage\":\"en-US\",\"@id\":\"https:\/\/computaex.es\/empleo\/ref_2025-8\/#primaryimage\",\"url\":\"https:\/\/computaex.es\/wp-content\/uploads\/2025\/07\/icono-pdf-e1753341024523.png\",\"contentUrl\":\"https:\/\/computaex.es\/wp-content\/uploads\/2025\/07\/icono-pdf-e1753341024523.png\"},{\"@type\":\"BreadcrumbList\",\"@id\":\"https:\/\/computaex.es\/empleo\/ref_2025-8\/#breadcrumb\",\"itemListElement\":[{\"@type\":\"ListItem\",\"position\":1,\"name\":\"Portada\",\"item\":\"https:\/\/computaex.es\/\"},{\"@type\":\"ListItem\",\"position\":2,\"name\":\"Empleo\",\"item\":\"https:\/\/computaex.es\/empleo\/\"},{\"@type\":\"ListItem\",\"position\":3,\"name\":\"REF 2025-8 Auxiliar de Administraci\u00f3n\"}]},{\"@type\":\"WebSite\",\"@id\":\"https:\/\/computaex.es\/#website\",\"url\":\"https:\/\/computaex.es\/\",\"name\":\"Fundaci\u00f3n COMPUTAEX\",\"description\":\"COMPUTAEX\",\"publisher\":{\"@id\":\"https:\/\/computaex.es\/#organization\"},\"potentialAction\":[{\"@type\":\"SearchAction\",\"target\":{\"@type\":\"EntryPoint\",\"urlTemplate\":\"https:\/\/computaex.es\/?s={search_term_string}\"},\"query-input\":{\"@type\":\"PropertyValueSpecification\",\"valueRequired\":true,\"valueName\":\"search_term_string\"}}],\"inLanguage\":\"en-US\"},{\"@type\":\"Organization\",\"@id\":\"https:\/\/computaex.es\/#organization\",\"name\":\"COMPUTAEX\",\"url\":\"https:\/\/computaex.es\/\",\"logo\":{\"@type\":\"ImageObject\",\"inLanguage\":\"en-US\",\"@id\":\"https:\/\/computaex.es\/#\/schema\/logo\/image\/\",\"url\":\"https:\/\/computaex.es\/wp-content\/uploads\/2025\/05\/cropped-COMPUTAEX_transparente-scaled-1.png\",\"contentUrl\":\"https:\/\/computaex.es\/wp-content\/uploads\/2025\/05\/cropped-COMPUTAEX_transparente-scaled-1.png\",\"width\":2560,\"height\":970,\"caption\":\"COMPUTAEX\"},\"image\":{\"@id\":\"https:\/\/computaex.es\/#\/schema\/logo\/image\/\"},\"sameAs\":[\"https:\/\/m.facebook.com\/computaex\/\",\"https:\/\/x.com\/computaex\",\"https:\/\/es.linkedin.com\/company\/cenits\"]}]}<\/script>\n<!-- \/ Yoast SEO plugin. -->","yoast_head_json":{"title":"REF 2025-8 Auxiliar de Administraci\u00f3n - Fundaci\u00f3n COMPUTAEX","robots":{"index":"index","follow":"follow","max-snippet":"max-snippet:-1","max-image-preview":"max-image-preview:large","max-video-preview":"max-video-preview:-1"},"canonical":"https:\/\/computaex.es\/en\/empleo\/ref_2025-8\/","og_locale":"en_US","og_type":"article","og_title":"REF 2025-8 Auxiliar de Administraci\u00f3n - Fundaci\u00f3n COMPUTAEX","og_description":"REF 2025-8 Auxiliar de Administraci\u00f3n&nbsp; La Fundaci\u00f3n COMPUTAEX oferta un puesto con contrato laboral temporal: Auxiliar de Administraci\u00f3n&nbsp;(Ref. 2025-8). Todos los detalles de la convocatoria pueden ser consultados en las ...","og_url":"https:\/\/computaex.es\/en\/empleo\/ref_2025-8\/","og_site_name":"Fundaci\u00f3n COMPUTAEX","article_publisher":"https:\/\/m.facebook.com\/computaex\/","article_modified_time":"2025-12-29T13:51:40+00:00","og_image":[{"url":"https:\/\/computaex.es\/wp-content\/uploads\/2025\/07\/icono-pdf-e1753341024523.png","type":"","width":"","height":""}],"twitter_card":"summary_large_image","twitter_site":"@computaex","twitter_misc":{"Est. reading time":"2 minutes"},"schema":{"@context":"https:\/\/schema.org","@graph":[{"@type":"WebPage","@id":"https:\/\/computaex.es\/empleo\/ref_2025-8\/","url":"https:\/\/computaex.es\/empleo\/ref_2025-8\/","name":"REF 2025-8 Auxiliar de Administraci\u00f3n - Fundaci\u00f3n COMPUTAEX","isPartOf":{"@id":"https:\/\/computaex.es\/#website"},"primaryImageOfPage":{"@id":"https:\/\/computaex.es\/empleo\/ref_2025-8\/#primaryimage"},"image":{"@id":"https:\/\/computaex.es\/empleo\/ref_2025-8\/#primaryimage"},"thumbnailUrl":"https:\/\/computaex.es\/wp-content\/uploads\/2025\/07\/icono-pdf-e1753341024523.png","datePublished":"2025-11-18T12:45:16+00:00","dateModified":"2025-12-29T13:51:40+00:00","breadcrumb":{"@id":"https:\/\/computaex.es\/empleo\/ref_2025-8\/#breadcrumb"},"inLanguage":"en-US","potentialAction":[{"@type":"ReadAction","target":["https:\/\/computaex.es\/empleo\/ref_2025-8\/"]}]},{"@type":"ImageObject","inLanguage":"en-US","@id":"https:\/\/computaex.es\/empleo\/ref_2025-8\/#primaryimage","url":"https:\/\/computaex.es\/wp-content\/uploads\/2025\/07\/icono-pdf-e1753341024523.png","contentUrl":"https:\/\/computaex.es\/wp-content\/uploads\/2025\/07\/icono-pdf-e1753341024523.png"},{"@type":"BreadcrumbList","@id":"https:\/\/computaex.es\/empleo\/ref_2025-8\/#breadcrumb","itemListElement":[{"@type":"ListItem","position":1,"name":"Portada","item":"https:\/\/computaex.es\/"},{"@type":"ListItem","position":2,"name":"Empleo","item":"https:\/\/computaex.es\/empleo\/"},{"@type":"ListItem","position":3,"name":"REF 2025-8 Auxiliar de Administraci\u00f3n"}]},{"@type":"WebSite","@id":"https:\/\/computaex.es\/#website","url":"https:\/\/computaex.es\/","name":"COMPUTAEX Foundation","description":"COMPUTAEX","publisher":{"@id":"https:\/\/computaex.es\/#organization"},"potentialAction":[{"@type":"SearchAction","target":{"@type":"EntryPoint","urlTemplate":"https:\/\/computaex.es\/?s={search_term_string}"},"query-input":{"@type":"PropertyValueSpecification","valueRequired":true,"valueName":"search_term_string"}}],"inLanguage":"en-US"},{"@type":"Organization","@id":"https:\/\/computaex.es\/#organization","name":"COMPUTAEX","url":"https:\/\/computaex.es\/","logo":{"@type":"ImageObject","inLanguage":"en-US","@id":"https:\/\/computaex.es\/#\/schema\/logo\/image\/","url":"https:\/\/computaex.es\/wp-content\/uploads\/2025\/05\/cropped-COMPUTAEX_transparente-scaled-1.png","contentUrl":"https:\/\/computaex.es\/wp-content\/uploads\/2025\/05\/cropped-COMPUTAEX_transparente-scaled-1.png","width":2560,"height":970,"caption":"COMPUTAEX"},"image":{"@id":"https:\/\/computaex.es\/#\/schema\/logo\/image\/"},"sameAs":["https:\/\/m.facebook.com\/computaex\/","https:\/\/x.com\/computaex","https:\/\/es.linkedin.com\/company\/cenits"]}]}},"_links":{"self":[{"href":"https:\/\/computaex.es\/en\/wp-json\/wp\/v2\/pages\/10583","targetHints":{"allow":["GET"]}}],"collection":[{"href":"https:\/\/computaex.es\/en\/wp-json\/wp\/v2\/pages"}],"about":[{"href":"https:\/\/computaex.es\/en\/wp-json\/wp\/v2\/types\/page"}],"author":[{"embeddable":true,"href":"https:\/\/computaex.es\/en\/wp-json\/wp\/v2\/users\/1"}],"replies":[{"embeddable":true,"href":"https:\/\/computaex.es\/en\/wp-json\/wp\/v2\/comments?post=10583"}],"version-history":[{"count":25,"href":"https:\/\/computaex.es\/en\/wp-json\/wp\/v2\/pages\/10583\/revisions"}],"predecessor-version":[{"id":10892,"href":"https:\/\/computaex.es\/en\/wp-json\/wp\/v2\/pages\/10583\/revisions\/10892"}],"up":[{"embeddable":true,"href":"https:\/\/computaex.es\/en\/wp-json\/wp\/v2\/pages\/7859"}],"wp:attachment":[{"href":"https:\/\/computaex.es\/en\/wp-json\/wp\/v2\/media?parent=10583"}],"wp:term":[{"taxonomy":"category","embeddable":true,"href":"https:\/\/computaex.es\/en\/wp-json\/wp\/v2\/categories?post=10583"}],"curies":[{"name":"wp","href":"https:\/\/api.w.org\/{rel}","templated":true}]}}