{"id":10755,"date":"2025-12-11T15:32:37","date_gmt":"2025-12-11T14:32:37","guid":{"rendered":"https:\/\/computaex.es\/?page_id=10755"},"modified":"2025-12-15T16:03:38","modified_gmt":"2025-12-15T15:03:38","slug":"plan-de-igualdad","status":"publish","type":"page","link":"https:\/\/computaex.es\/en\/plan-de-igualdad\/","title":{"rendered":"Plan de igualdad"},"content":{"rendered":"<h2 style=\"text-align: justify;\" data-start=\"388\" data-end=\"437\">1. Introducci\u00f3n y compromiso institucional<\/h2>\n<p style=\"text-align: justify;\" data-start=\"439\" data-end=\"880\">The <strong>Fundaci\u00f3n COMPUTAEX manifiesta su compromiso firme con la igualdad efectiva entre mujeres y hombres, as\u00ed como con la incorporaci\u00f3n transversal de la perspectiva de g\u00e9nero en todas sus actuaciones.<\/strong> Este compromiso se sustenta en la Ley Org\u00e1nica 3\/2007 para la igualdad efectiva entre mujeres y hombres, el Estatuto de los Trabajadores (Real Decreto Legislativo 2\/2015), y la Ley 8\/2011 de Igualdad entre mujeres y hombres en Extremadura.<\/p>\n<p style=\"text-align: justify;\" data-start=\"882\" data-end=\"1120\">Asimismo, COMPUTAEX aplica las orientaciones recogidas en la <em data-start=\"943\" data-end=\"1078\">Gu\u00eda para las Administraciones P\u00fablicas para incorporar la perspectiva de g\u00e9nero en las actuaciones financiables en el marco del PRTR<\/em>, publicada por el Ministerio de Igualdad.<\/p>\n<p style=\"text-align: justify;\" data-start=\"1122\" data-end=\"1475\">Como entidad vinculada funcionalmente a la Junta de Extremadura, y mientras se desarrolla y aprueba el Plan de Igualdad propio, COMPUTAEX <strong data-start=\"1260\" data-end=\"1347\">se adscribe de manera provisional al <a href=\"https:\/\/www.juntaex.es\/w\/vi-plan-igualdad\">VI Plan de Igualdad de la Junta de Extremadura<\/a><\/strong>, adoptando sus principios, objetivos y criterios de actuaci\u00f3n en todo aquello que sea aplicable a la actividad de la Fundaci\u00f3n.<\/p>\n<h2 style=\"text-align: justify;\" data-start=\"1482\" data-end=\"1529\">2. Estado del plan: elaboraci\u00f3n en curso<\/h2>\n<p style=\"text-align: justify;\" data-start=\"1531\" data-end=\"1790\">Actualmente, l<strong>a Fundaci\u00f3n se encuentra en proceso de elaboraci\u00f3n de su Plan de Igualdad<\/strong>, siguiendo la metodolog\u00eda prevista en la normativa vigente: diagn\u00f3stico inicial, definici\u00f3n de objetivos, dise\u00f1o de medidas y establecimiento de mecanismos de seguimiento.<\/p>\n<p style=\"text-align: justify;\" data-start=\"1792\" data-end=\"2216\">Con objeto de garantizar transparencia y compromiso institucional, COMPUTAEX ha aprobado un <a href=\"https:\/\/computaex.es\/wp-content\/uploads\/2025\/12\/Documento-de-compromiso-con-el-plan-de-igualdad_signed.pdf\"><strong data-start=\"1884\" data-end=\"1927\">Documento de Compromiso con la Igualdad<\/strong><\/a>, en el que se declara formalmente que el Plan de Igualdad propio est\u00e1 en fase de desarrollo y se especifican los principios rectores que gu\u00edan el proceso. Este documento acompa\u00f1a al presente borrador y puede ser presentado en convocatorias o procesos administrativos que as\u00ed lo requieran.<\/p>\n<h2 style=\"text-align: justify;\" data-start=\"2223\" data-end=\"2268\">3. Marco legal y referencias aplicadas<\/h2>\n<p style=\"text-align: justify;\" data-start=\"2270\" data-end=\"2326\">El Plan de Igualdad en elaboraci\u00f3n toma como referencia:<\/p>\n<ul style=\"text-align: justify;\" data-start=\"2328\" data-end=\"2723\">\n<li data-start=\"2328\" data-end=\"2405\">\n<p data-start=\"2330\" data-end=\"2405\">La Ley Org\u00e1nica 3\/2007 para la igualdad efectiva entre mujeres y hombres.<\/p>\n<\/li>\n<li data-start=\"2406\" data-end=\"2473\">\n<p data-start=\"2408\" data-end=\"2473\">El Estatuto de los Trabajadores y la normativa laboral vigente.<\/p>\n<\/li>\n<li data-start=\"2474\" data-end=\"2543\">\n<p data-start=\"2476\" data-end=\"2543\">La Ley 8\/2011 de Igualdad entre mujeres y hombres en Extremadura.<\/p>\n<\/li>\n<li data-start=\"2544\" data-end=\"2615\">\n<p data-start=\"2546\" data-end=\"2615\">La Gu\u00eda del PRTR para la incorporaci\u00f3n de la perspectiva de g\u00e9nero.<\/p>\n<\/li>\n<li data-start=\"2616\" data-end=\"2723\">\n<p data-start=\"2618\" data-end=\"2723\">El VI Plan de Igualdad de la Junta de Extremadura, que se adopta temporalmente como marco de orientaci\u00f3n.<\/p>\n<\/li>\n<\/ul>\n<h2 style=\"text-align: justify;\" data-start=\"2730\" data-end=\"2780\">4. Objetivos generales del Plan de Igualdad<\/h2>\n<p style=\"text-align: justify;\" data-start=\"2782\" data-end=\"2895\">El Plan de Igualdad de COMPUTAEX, actualmente en desarrollo, persigue objetivos de car\u00e1cter general orientados a:<\/p>\n<ul style=\"text-align: justify;\" data-start=\"2897\" data-end=\"3425\">\n<li data-start=\"2897\" data-end=\"2991\">\n<p data-start=\"2899\" data-end=\"2991\">Garantizar la igualdad efectiva entre mujeres y hombres en el conjunto de la organizaci\u00f3n.<\/p>\n<\/li>\n<li data-start=\"2992\" data-end=\"3057\">\n<p data-start=\"2994\" data-end=\"3057\">Prevenir cualquier forma de discriminaci\u00f3n por raz\u00f3n de sexo.<\/p>\n<\/li>\n<li data-start=\"3058\" data-end=\"3163\">\n<p data-start=\"3060\" data-end=\"3163\">Promover un entorno laboral que facilite la conciliaci\u00f3n de la vida personal, familiar y profesional.<\/p>\n<\/li>\n<li data-start=\"3164\" data-end=\"3322\">\n<p data-start=\"3166\" data-end=\"3322\">Incorporar la perspectiva de g\u00e9nero en la planificaci\u00f3n, ejecuci\u00f3n y evaluaci\u00f3n de proyectos, especialmente en aquellos vinculados a financiaci\u00f3n p\u00fablica.<\/p>\n<\/li>\n<li data-start=\"3323\" data-end=\"3425\">\n<p data-start=\"3325\" data-end=\"3425\">Fomentar una cultura organizativa basada en el respeto, la inclusi\u00f3n y la igualdad de oportunidades.<\/p>\n<\/li>\n<\/ul>\n<p style=\"text-align: justify;\" data-start=\"3427\" data-end=\"3601\">Estos objetivos ser\u00e1n concretados y desarrollados en el documento definitivo del Plan de Igualdad, una vez completado el diagn\u00f3stico y aprobadas las medidas correspondientes.<\/p>\n<h2 style=\"text-align: justify;\" data-start=\"3608\" data-end=\"3645\">5. Seguimiento y actualizaci\u00f3n<\/h2>\n<p style=\"text-align: justify;\" data-start=\"3647\" data-end=\"3994\">Hasta la aprobaci\u00f3n del Plan de Igualdad definitivo, COMPUTAEX establecer\u00e1 mecanismos b\u00e1sicos de seguimiento que garanticen el cumplimiento del Documento de Compromiso y la coherencia con el VI Plan de Igualdad de la Junta de Extremadura. Cuando el proceso de elaboraci\u00f3n finalice, se adoptar\u00e1 un sistema formal de evaluaci\u00f3n y revisi\u00f3n peri\u00f3dica.<\/p>","protected":false},"excerpt":{"rendered":"<p>1. Introducci\u00f3n y compromiso institucional La Fundaci\u00f3n COMPUTAEX manifiesta su compromiso firme con la igualdad efectiva entre mujeres y hombres, as\u00ed como con la incorporaci\u00f3n transversal de la perspectiva de &#8230;<\/p>","protected":false},"author":1,"featured_media":0,"parent":0,"menu_order":0,"comment_status":"closed","ping_status":"closed","template":"","meta":{"footnotes":""},"categories":[],"tags":[],"class_list":["post-10755","page","type-page","status-publish","hentry"],"yoast_head":"<!-- This site is optimized with the Yoast SEO plugin v27.1.1 - https:\/\/yoast.com\/product\/yoast-seo-wordpress\/ -->\n<title>Plan de igualdad - Fundaci\u00f3n COMPUTAEX<\/title>\n<meta name=\"robots\" content=\"index, follow, max-snippet:-1, max-image-preview:large, max-video-preview:-1\" \/>\n<link rel=\"canonical\" href=\"https:\/\/computaex.es\/en\/plan-de-igualdad\/\" \/>\n<meta property=\"og:locale\" content=\"en_US\" \/>\n<meta property=\"og:type\" content=\"article\" \/>\n<meta property=\"og:title\" content=\"Plan de igualdad - Fundaci\u00f3n COMPUTAEX\" \/>\n<meta property=\"og:description\" content=\"1. Introducci\u00f3n y compromiso institucional La Fundaci\u00f3n COMPUTAEX manifiesta su compromiso firme con la igualdad efectiva entre mujeres y hombres, as\u00ed como con la incorporaci\u00f3n transversal de la perspectiva de ...\" \/>\n<meta property=\"og:url\" content=\"https:\/\/computaex.es\/en\/plan-de-igualdad\/\" \/>\n<meta property=\"og:site_name\" content=\"Fundaci\u00f3n COMPUTAEX\" \/>\n<meta property=\"article:publisher\" content=\"https:\/\/m.facebook.com\/computaex\/\" \/>\n<meta property=\"article:modified_time\" content=\"2025-12-15T15:03:38+00:00\" \/>\n<meta property=\"og:image\" content=\"https:\/\/computaex.es\/wp-content\/uploads\/2025\/08\/COMPUTAEX.jpg\" \/>\n\t<meta property=\"og:image:width\" content=\"1024\" \/>\n\t<meta property=\"og:image:height\" content=\"403\" \/>\n\t<meta property=\"og:image:type\" content=\"image\/jpeg\" \/>\n<meta name=\"twitter:card\" content=\"summary_large_image\" \/>\n<meta name=\"twitter:site\" content=\"@computaex\" \/>\n<meta name=\"twitter:label1\" content=\"Est. reading time\" \/>\n\t<meta name=\"twitter:data1\" content=\"3 minutes\" \/>\n<script type=\"application\/ld+json\" class=\"yoast-schema-graph\">{\"@context\":\"https:\/\/schema.org\",\"@graph\":[{\"@type\":\"WebPage\",\"@id\":\"https:\/\/computaex.es\/plan-de-igualdad\/\",\"url\":\"https:\/\/computaex.es\/plan-de-igualdad\/\",\"name\":\"Plan de igualdad - Fundaci\u00f3n COMPUTAEX\",\"isPartOf\":{\"@id\":\"https:\/\/computaex.es\/#website\"},\"datePublished\":\"2025-12-11T14:32:37+00:00\",\"dateModified\":\"2025-12-15T15:03:38+00:00\",\"breadcrumb\":{\"@id\":\"https:\/\/computaex.es\/plan-de-igualdad\/#breadcrumb\"},\"inLanguage\":\"en-US\",\"potentialAction\":[{\"@type\":\"ReadAction\",\"target\":[\"https:\/\/computaex.es\/plan-de-igualdad\/\"]}]},{\"@type\":\"BreadcrumbList\",\"@id\":\"https:\/\/computaex.es\/plan-de-igualdad\/#breadcrumb\",\"itemListElement\":[{\"@type\":\"ListItem\",\"position\":1,\"name\":\"Portada\",\"item\":\"https:\/\/computaex.es\/\"},{\"@type\":\"ListItem\",\"position\":2,\"name\":\"Plan de igualdad\"}]},{\"@type\":\"WebSite\",\"@id\":\"https:\/\/computaex.es\/#website\",\"url\":\"https:\/\/computaex.es\/\",\"name\":\"Fundaci\u00f3n COMPUTAEX\",\"description\":\"COMPUTAEX\",\"publisher\":{\"@id\":\"https:\/\/computaex.es\/#organization\"},\"potentialAction\":[{\"@type\":\"SearchAction\",\"target\":{\"@type\":\"EntryPoint\",\"urlTemplate\":\"https:\/\/computaex.es\/?s={search_term_string}\"},\"query-input\":{\"@type\":\"PropertyValueSpecification\",\"valueRequired\":true,\"valueName\":\"search_term_string\"}}],\"inLanguage\":\"en-US\"},{\"@type\":\"Organization\",\"@id\":\"https:\/\/computaex.es\/#organization\",\"name\":\"COMPUTAEX\",\"url\":\"https:\/\/computaex.es\/\",\"logo\":{\"@type\":\"ImageObject\",\"inLanguage\":\"en-US\",\"@id\":\"https:\/\/computaex.es\/#\/schema\/logo\/image\/\",\"url\":\"https:\/\/computaex.es\/wp-content\/uploads\/2025\/05\/cropped-COMPUTAEX_transparente-scaled-1.png\",\"contentUrl\":\"https:\/\/computaex.es\/wp-content\/uploads\/2025\/05\/cropped-COMPUTAEX_transparente-scaled-1.png\",\"width\":2560,\"height\":970,\"caption\":\"COMPUTAEX\"},\"image\":{\"@id\":\"https:\/\/computaex.es\/#\/schema\/logo\/image\/\"},\"sameAs\":[\"https:\/\/m.facebook.com\/computaex\/\",\"https:\/\/x.com\/computaex\",\"https:\/\/es.linkedin.com\/company\/cenits\"]}]}<\/script>\n<!-- \/ Yoast SEO plugin. -->","yoast_head_json":{"title":"Plan de igualdad - Fundaci\u00f3n COMPUTAEX","robots":{"index":"index","follow":"follow","max-snippet":"max-snippet:-1","max-image-preview":"max-image-preview:large","max-video-preview":"max-video-preview:-1"},"canonical":"https:\/\/computaex.es\/en\/plan-de-igualdad\/","og_locale":"en_US","og_type":"article","og_title":"Plan de igualdad - Fundaci\u00f3n COMPUTAEX","og_description":"1. Introducci\u00f3n y compromiso institucional La Fundaci\u00f3n COMPUTAEX manifiesta su compromiso firme con la igualdad efectiva entre mujeres y hombres, as\u00ed como con la incorporaci\u00f3n transversal de la perspectiva de ...","og_url":"https:\/\/computaex.es\/en\/plan-de-igualdad\/","og_site_name":"Fundaci\u00f3n COMPUTAEX","article_publisher":"https:\/\/m.facebook.com\/computaex\/","article_modified_time":"2025-12-15T15:03:38+00:00","og_image":[{"width":1024,"height":403,"url":"https:\/\/computaex.es\/wp-content\/uploads\/2025\/08\/COMPUTAEX.jpg","type":"image\/jpeg"}],"twitter_card":"summary_large_image","twitter_site":"@computaex","twitter_misc":{"Est. reading time":"3 minutes"},"schema":{"@context":"https:\/\/schema.org","@graph":[{"@type":"WebPage","@id":"https:\/\/computaex.es\/plan-de-igualdad\/","url":"https:\/\/computaex.es\/plan-de-igualdad\/","name":"Plan de igualdad - Fundaci\u00f3n COMPUTAEX","isPartOf":{"@id":"https:\/\/computaex.es\/#website"},"datePublished":"2025-12-11T14:32:37+00:00","dateModified":"2025-12-15T15:03:38+00:00","breadcrumb":{"@id":"https:\/\/computaex.es\/plan-de-igualdad\/#breadcrumb"},"inLanguage":"en-US","potentialAction":[{"@type":"ReadAction","target":["https:\/\/computaex.es\/plan-de-igualdad\/"]}]},{"@type":"BreadcrumbList","@id":"https:\/\/computaex.es\/plan-de-igualdad\/#breadcrumb","itemListElement":[{"@type":"ListItem","position":1,"name":"Portada","item":"https:\/\/computaex.es\/"},{"@type":"ListItem","position":2,"name":"Plan de igualdad"}]},{"@type":"WebSite","@id":"https:\/\/computaex.es\/#website","url":"https:\/\/computaex.es\/","name":"COMPUTAEX Foundation","description":"COMPUTAEX","publisher":{"@id":"https:\/\/computaex.es\/#organization"},"potentialAction":[{"@type":"SearchAction","target":{"@type":"EntryPoint","urlTemplate":"https:\/\/computaex.es\/?s={search_term_string}"},"query-input":{"@type":"PropertyValueSpecification","valueRequired":true,"valueName":"search_term_string"}}],"inLanguage":"en-US"},{"@type":"Organization","@id":"https:\/\/computaex.es\/#organization","name":"COMPUTAEX","url":"https:\/\/computaex.es\/","logo":{"@type":"ImageObject","inLanguage":"en-US","@id":"https:\/\/computaex.es\/#\/schema\/logo\/image\/","url":"https:\/\/computaex.es\/wp-content\/uploads\/2025\/05\/cropped-COMPUTAEX_transparente-scaled-1.png","contentUrl":"https:\/\/computaex.es\/wp-content\/uploads\/2025\/05\/cropped-COMPUTAEX_transparente-scaled-1.png","width":2560,"height":970,"caption":"COMPUTAEX"},"image":{"@id":"https:\/\/computaex.es\/#\/schema\/logo\/image\/"},"sameAs":["https:\/\/m.facebook.com\/computaex\/","https:\/\/x.com\/computaex","https:\/\/es.linkedin.com\/company\/cenits"]}]}},"_links":{"self":[{"href":"https:\/\/computaex.es\/en\/wp-json\/wp\/v2\/pages\/10755","targetHints":{"allow":["GET"]}}],"collection":[{"href":"https:\/\/computaex.es\/en\/wp-json\/wp\/v2\/pages"}],"about":[{"href":"https:\/\/computaex.es\/en\/wp-json\/wp\/v2\/types\/page"}],"author":[{"embeddable":true,"href":"https:\/\/computaex.es\/en\/wp-json\/wp\/v2\/users\/1"}],"replies":[{"embeddable":true,"href":"https:\/\/computaex.es\/en\/wp-json\/wp\/v2\/comments?post=10755"}],"version-history":[{"count":6,"href":"https:\/\/computaex.es\/en\/wp-json\/wp\/v2\/pages\/10755\/revisions"}],"predecessor-version":[{"id":10824,"href":"https:\/\/computaex.es\/en\/wp-json\/wp\/v2\/pages\/10755\/revisions\/10824"}],"wp:attachment":[{"href":"https:\/\/computaex.es\/en\/wp-json\/wp\/v2\/media?parent=10755"}],"wp:term":[{"taxonomy":"category","embeddable":true,"href":"https:\/\/computaex.es\/en\/wp-json\/wp\/v2\/categories?post=10755"},{"taxonomy":"post_tag","embeddable":true,"href":"https:\/\/computaex.es\/en\/wp-json\/wp\/v2\/tags?post=10755"}],"curies":[{"name":"wp","href":"https:\/\/api.w.org\/{rel}","templated":true}]}}