{"id":11529,"date":"2026-04-10T11:58:40","date_gmt":"2026-04-10T09:58:40","guid":{"rendered":"https:\/\/computaex.es\/?page_id=11529"},"modified":"2026-04-10T12:30:21","modified_gmt":"2026-04-10T10:30:21","slug":"memoria-computaex-2023","status":"publish","type":"page","link":"https:\/\/computaex.es\/en\/memorias-anuales\/memoria-computaex-2023\/","title":{"rendered":"Memoria COMPUTAEX 2023"},"content":{"rendered":"<div class=\"field-label\">Informaci\u00f3n relacionada:<\/div>\n<div class=\"field-items\">\n<div class=\"field-item even\">\n<p>T\u00edtulo: Memoria Anual 2023 de la Fundaci\u00f3n COMPUTAEX<br \/>\nISBN &#8211; . \u00bf?<br \/>\nDep\u00f3sito Legal: CC-000153-2023.<br \/>\nFecha: Julio, 2023.<br \/>\n<a href=\"\/wp-content\/uploads\/2026\/04\/memoria_computaex_2023.pdf\" target=\"_blank\" rel=\"noopener\">Descarga en formato PDF <\/a><a href=\"\/wp-content\/uploads\/2026\/04\/memoria_computaex_2023.pdf\" target=\"_blank\" rel=\"noopener\"><img decoding=\"async\" class=\"alignnone wp-image-8562 size-full\" style=\"display: inline-block; vertical-align: middle; margin-left: 4px;\" src=\"https:\/\/computaex.es\/wp-content\/uploads\/2025\/07\/icono-pdf-e1753341024523.png\" alt=\"\" width=\"16\" height=\"20\" \/><\/a><\/p>\n<\/div>\n<\/div>\n<div class=\"_df_book df-lite\" id=\"df_11546\"  _slug=\"11546\" data-title=\"\" wpoptions=\"true\" thumb=\"https:\/\/computaex.es\/wp-content\/uploads\/2026\/04\/portada-memoria-computaex-2023.png\" thumbtype=\"\" ><\/div><script class=\"df-shortcode-script\" nowprocket type=\"application\/javascript\">window.option_df_11546 = {\"outline\":[],\"autoEnableOutline\":\"false\",\"autoEnableThumbnail\":\"false\",\"overwritePDFOutline\":\"false\",\"direction\":\"1\",\"pageSize\":\"0\",\"source\":\"https:\\\/\\\/computaex.es\\\/wp-content\\\/uploads\\\/2026\\\/04\\\/memoria_computaex_2023.pdf\",\"wpOptions\":\"true\"}; if(window.DFLIP && window.DFLIP.parseBooks){window.DFLIP.parseBooks();}<\/script>","protected":false},"excerpt":{"rendered":"<p>Informaci\u00f3n relacionada: T\u00edtulo: Memoria Anual 2023 de la Fundaci\u00f3n COMPUTAEX ISBN &#8211; . \u00bf? Dep\u00f3sito Legal: CC-000153-2023. Fecha: Julio, 2023. Descarga en formato PDF<\/p>","protected":false},"author":1,"featured_media":0,"parent":1579,"menu_order":0,"comment_status":"closed","ping_status":"closed","template":"","meta":{"footnotes":""},"categories":[],"class_list":["post-11529","page","type-page","status-publish","hentry"],"yoast_head":"<!-- This site is optimized with the Yoast SEO plugin v27.1.1 - https:\/\/yoast.com\/product\/yoast-seo-wordpress\/ -->\n<title>Memoria COMPUTAEX 2023 - Fundaci\u00f3n COMPUTAEX<\/title>\n<meta name=\"robots\" content=\"index, follow, max-snippet:-1, max-image-preview:large, max-video-preview:-1\" \/>\n<link rel=\"canonical\" href=\"https:\/\/computaex.es\/en\/memorias-anuales\/memoria-computaex-2023\/\" \/>\n<meta property=\"og:locale\" content=\"en_US\" \/>\n<meta property=\"og:type\" content=\"article\" \/>\n<meta property=\"og:title\" content=\"Memoria COMPUTAEX 2023 - Fundaci\u00f3n COMPUTAEX\" \/>\n<meta property=\"og:description\" content=\"Informaci\u00f3n relacionada: T\u00edtulo: Memoria Anual 2023 de la Fundaci\u00f3n COMPUTAEX ISBN &#8211; . \u00bf? Dep\u00f3sito Legal: CC-000153-2023. Fecha: Julio, 2023. Descarga en formato PDF\" \/>\n<meta property=\"og:url\" content=\"https:\/\/computaex.es\/en\/memorias-anuales\/memoria-computaex-2023\/\" \/>\n<meta property=\"og:site_name\" content=\"Fundaci\u00f3n COMPUTAEX\" \/>\n<meta property=\"article:publisher\" content=\"https:\/\/m.facebook.com\/computaex\/\" \/>\n<meta property=\"article:modified_time\" content=\"2026-04-10T10:30:21+00:00\" \/>\n<meta property=\"og:image\" content=\"https:\/\/computaex.es\/wp-content\/uploads\/2025\/07\/icono-pdf-e1753341024523.png\" \/>\n\t<meta property=\"og:image:width\" content=\"16\" \/>\n\t<meta property=\"og:image:height\" content=\"20\" \/>\n\t<meta property=\"og:image:type\" content=\"image\/png\" \/>\n<meta name=\"twitter:card\" content=\"summary_large_image\" \/>\n<meta name=\"twitter:site\" content=\"@computaex\" \/>\n<meta name=\"twitter:label1\" content=\"Est. reading time\" \/>\n\t<meta name=\"twitter:data1\" content=\"1 minute\" \/>\n<script type=\"application\/ld+json\" class=\"yoast-schema-graph\">{\"@context\":\"https:\/\/schema.org\",\"@graph\":[{\"@type\":\"WebPage\",\"@id\":\"https:\/\/computaex.es\/memorias-anuales\/memoria-computaex-2023\/\",\"url\":\"https:\/\/computaex.es\/memorias-anuales\/memoria-computaex-2023\/\",\"name\":\"Memoria COMPUTAEX 2023 - Fundaci\u00f3n COMPUTAEX\",\"isPartOf\":{\"@id\":\"https:\/\/computaex.es\/#website\"},\"primaryImageOfPage\":{\"@id\":\"https:\/\/computaex.es\/memorias-anuales\/memoria-computaex-2023\/#primaryimage\"},\"image\":{\"@id\":\"https:\/\/computaex.es\/memorias-anuales\/memoria-computaex-2023\/#primaryimage\"},\"thumbnailUrl\":\"https:\/\/computaex.es\/wp-content\/uploads\/2025\/07\/icono-pdf-e1753341024523.png\",\"datePublished\":\"2026-04-10T09:58:40+00:00\",\"dateModified\":\"2026-04-10T10:30:21+00:00\",\"breadcrumb\":{\"@id\":\"https:\/\/computaex.es\/memorias-anuales\/memoria-computaex-2023\/#breadcrumb\"},\"inLanguage\":\"en-US\",\"potentialAction\":[{\"@type\":\"ReadAction\",\"target\":[\"https:\/\/computaex.es\/memorias-anuales\/memoria-computaex-2023\/\"]}]},{\"@type\":\"ImageObject\",\"inLanguage\":\"en-US\",\"@id\":\"https:\/\/computaex.es\/memorias-anuales\/memoria-computaex-2023\/#primaryimage\",\"url\":\"https:\/\/computaex.es\/wp-content\/uploads\/2025\/07\/icono-pdf-e1753341024523.png\",\"contentUrl\":\"https:\/\/computaex.es\/wp-content\/uploads\/2025\/07\/icono-pdf-e1753341024523.png\"},{\"@type\":\"BreadcrumbList\",\"@id\":\"https:\/\/computaex.es\/memorias-anuales\/memoria-computaex-2023\/#breadcrumb\",\"itemListElement\":[{\"@type\":\"ListItem\",\"position\":1,\"name\":\"Portada\",\"item\":\"https:\/\/computaex.es\/\"},{\"@type\":\"ListItem\",\"position\":2,\"name\":\"Memorias anuales\",\"item\":\"https:\/\/computaex.es\/memorias-anuales\/\"},{\"@type\":\"ListItem\",\"position\":3,\"name\":\"Memoria COMPUTAEX 2023\"}]},{\"@type\":\"WebSite\",\"@id\":\"https:\/\/computaex.es\/#website\",\"url\":\"https:\/\/computaex.es\/\",\"name\":\"Fundaci\u00f3n COMPUTAEX\",\"description\":\"COMPUTAEX\",\"publisher\":{\"@id\":\"https:\/\/computaex.es\/#organization\"},\"potentialAction\":[{\"@type\":\"SearchAction\",\"target\":{\"@type\":\"EntryPoint\",\"urlTemplate\":\"https:\/\/computaex.es\/?s={search_term_string}\"},\"query-input\":{\"@type\":\"PropertyValueSpecification\",\"valueRequired\":true,\"valueName\":\"search_term_string\"}}],\"inLanguage\":\"en-US\"},{\"@type\":\"Organization\",\"@id\":\"https:\/\/computaex.es\/#organization\",\"name\":\"COMPUTAEX\",\"url\":\"https:\/\/computaex.es\/\",\"logo\":{\"@type\":\"ImageObject\",\"inLanguage\":\"en-US\",\"@id\":\"https:\/\/computaex.es\/#\/schema\/logo\/image\/\",\"url\":\"https:\/\/computaex.es\/wp-content\/uploads\/2025\/05\/cropped-COMPUTAEX_transparente-scaled-1.png\",\"contentUrl\":\"https:\/\/computaex.es\/wp-content\/uploads\/2025\/05\/cropped-COMPUTAEX_transparente-scaled-1.png\",\"width\":2560,\"height\":970,\"caption\":\"COMPUTAEX\"},\"image\":{\"@id\":\"https:\/\/computaex.es\/#\/schema\/logo\/image\/\"},\"sameAs\":[\"https:\/\/m.facebook.com\/computaex\/\",\"https:\/\/x.com\/computaex\",\"https:\/\/es.linkedin.com\/company\/cenits\"]}]}<\/script>\n<!-- \/ Yoast SEO plugin. -->","yoast_head_json":{"title":"Memoria COMPUTAEX 2023 - Fundaci\u00f3n COMPUTAEX","robots":{"index":"index","follow":"follow","max-snippet":"max-snippet:-1","max-image-preview":"max-image-preview:large","max-video-preview":"max-video-preview:-1"},"canonical":"https:\/\/computaex.es\/en\/memorias-anuales\/memoria-computaex-2023\/","og_locale":"en_US","og_type":"article","og_title":"Memoria COMPUTAEX 2023 - Fundaci\u00f3n COMPUTAEX","og_description":"Informaci\u00f3n relacionada: T\u00edtulo: Memoria Anual 2023 de la Fundaci\u00f3n COMPUTAEX ISBN &#8211; . \u00bf? Dep\u00f3sito Legal: CC-000153-2023. Fecha: Julio, 2023. Descarga en formato PDF","og_url":"https:\/\/computaex.es\/en\/memorias-anuales\/memoria-computaex-2023\/","og_site_name":"Fundaci\u00f3n COMPUTAEX","article_publisher":"https:\/\/m.facebook.com\/computaex\/","article_modified_time":"2026-04-10T10:30:21+00:00","og_image":[{"width":16,"height":20,"url":"https:\/\/computaex.es\/wp-content\/uploads\/2025\/07\/icono-pdf-e1753341024523.png","type":"image\/png"}],"twitter_card":"summary_large_image","twitter_site":"@computaex","twitter_misc":{"Est. reading time":"1 minute"},"schema":{"@context":"https:\/\/schema.org","@graph":[{"@type":"WebPage","@id":"https:\/\/computaex.es\/memorias-anuales\/memoria-computaex-2023\/","url":"https:\/\/computaex.es\/memorias-anuales\/memoria-computaex-2023\/","name":"Memoria COMPUTAEX 2023 - Fundaci\u00f3n COMPUTAEX","isPartOf":{"@id":"https:\/\/computaex.es\/#website"},"primaryImageOfPage":{"@id":"https:\/\/computaex.es\/memorias-anuales\/memoria-computaex-2023\/#primaryimage"},"image":{"@id":"https:\/\/computaex.es\/memorias-anuales\/memoria-computaex-2023\/#primaryimage"},"thumbnailUrl":"https:\/\/computaex.es\/wp-content\/uploads\/2025\/07\/icono-pdf-e1753341024523.png","datePublished":"2026-04-10T09:58:40+00:00","dateModified":"2026-04-10T10:30:21+00:00","breadcrumb":{"@id":"https:\/\/computaex.es\/memorias-anuales\/memoria-computaex-2023\/#breadcrumb"},"inLanguage":"en-US","potentialAction":[{"@type":"ReadAction","target":["https:\/\/computaex.es\/memorias-anuales\/memoria-computaex-2023\/"]}]},{"@type":"ImageObject","inLanguage":"en-US","@id":"https:\/\/computaex.es\/memorias-anuales\/memoria-computaex-2023\/#primaryimage","url":"https:\/\/computaex.es\/wp-content\/uploads\/2025\/07\/icono-pdf-e1753341024523.png","contentUrl":"https:\/\/computaex.es\/wp-content\/uploads\/2025\/07\/icono-pdf-e1753341024523.png"},{"@type":"BreadcrumbList","@id":"https:\/\/computaex.es\/memorias-anuales\/memoria-computaex-2023\/#breadcrumb","itemListElement":[{"@type":"ListItem","position":1,"name":"Portada","item":"https:\/\/computaex.es\/"},{"@type":"ListItem","position":2,"name":"Memorias anuales","item":"https:\/\/computaex.es\/memorias-anuales\/"},{"@type":"ListItem","position":3,"name":"Memoria COMPUTAEX 2023"}]},{"@type":"WebSite","@id":"https:\/\/computaex.es\/#website","url":"https:\/\/computaex.es\/","name":"COMPUTAEX Foundation","description":"COMPUTAEX","publisher":{"@id":"https:\/\/computaex.es\/#organization"},"potentialAction":[{"@type":"SearchAction","target":{"@type":"EntryPoint","urlTemplate":"https:\/\/computaex.es\/?s={search_term_string}"},"query-input":{"@type":"PropertyValueSpecification","valueRequired":true,"valueName":"search_term_string"}}],"inLanguage":"en-US"},{"@type":"Organization","@id":"https:\/\/computaex.es\/#organization","name":"COMPUTAEX","url":"https:\/\/computaex.es\/","logo":{"@type":"ImageObject","inLanguage":"en-US","@id":"https:\/\/computaex.es\/#\/schema\/logo\/image\/","url":"https:\/\/computaex.es\/wp-content\/uploads\/2025\/05\/cropped-COMPUTAEX_transparente-scaled-1.png","contentUrl":"https:\/\/computaex.es\/wp-content\/uploads\/2025\/05\/cropped-COMPUTAEX_transparente-scaled-1.png","width":2560,"height":970,"caption":"COMPUTAEX"},"image":{"@id":"https:\/\/computaex.es\/#\/schema\/logo\/image\/"},"sameAs":["https:\/\/m.facebook.com\/computaex\/","https:\/\/x.com\/computaex","https:\/\/es.linkedin.com\/company\/cenits"]}]}},"_links":{"self":[{"href":"https:\/\/computaex.es\/en\/wp-json\/wp\/v2\/pages\/11529","targetHints":{"allow":["GET"]}}],"collection":[{"href":"https:\/\/computaex.es\/en\/wp-json\/wp\/v2\/pages"}],"about":[{"href":"https:\/\/computaex.es\/en\/wp-json\/wp\/v2\/types\/page"}],"author":[{"embeddable":true,"href":"https:\/\/computaex.es\/en\/wp-json\/wp\/v2\/users\/1"}],"replies":[{"embeddable":true,"href":"https:\/\/computaex.es\/en\/wp-json\/wp\/v2\/comments?post=11529"}],"version-history":[{"count":6,"href":"https:\/\/computaex.es\/en\/wp-json\/wp\/v2\/pages\/11529\/revisions"}],"predecessor-version":[{"id":11549,"href":"https:\/\/computaex.es\/en\/wp-json\/wp\/v2\/pages\/11529\/revisions\/11549"}],"up":[{"embeddable":true,"href":"https:\/\/computaex.es\/en\/wp-json\/wp\/v2\/pages\/1579"}],"wp:attachment":[{"href":"https:\/\/computaex.es\/en\/wp-json\/wp\/v2\/media?parent=11529"}],"wp:term":[{"taxonomy":"category","embeddable":true,"href":"https:\/\/computaex.es\/en\/wp-json\/wp\/v2\/categories?post=11529"}],"curies":[{"name":"wp","href":"https:\/\/api.w.org\/{rel}","templated":true}]}}