{"id":11703,"date":"2026-04-16T14:20:16","date_gmt":"2026-04-16T12:20:16","guid":{"rendered":"https:\/\/computaex.es\/?page_id=11703"},"modified":"2026-04-16T14:20:16","modified_gmt":"2026-04-16T12:20:16","slug":"ref-2026-4-tecnica-o-de-investigacion-en-inteligencia-artificial","status":"publish","type":"page","link":"https:\/\/computaex.es\/en\/empleo\/ref-2026-4-tecnica-o-de-investigacion-en-inteligencia-artificial\/","title":{"rendered":"REF 2026-4 T\u00e9cnica\/o de Investigaci\u00f3n en Inteligencia Artificial"},"content":{"rendered":"<div data-elementor-type=\"wp-page\" data-elementor-id=\"11703\" class=\"elementor elementor-11703\">\n\t\t\t\t<div class=\"elementor-element elementor-element-7459449 e-flex e-con-boxed wpr-particle-no wpr-jarallax-no wpr-parallax-no wpr-sticky-section-no e-con e-parent\" data-id=\"7459449\" data-element_type=\"container\" data-e-type=\"container\">\n\t\t\t\t\t<div class=\"e-con-inner\">\n\t\t\t\t<div class=\"elementor-element elementor-element-362cb24 elementor-widget elementor-widget-text-editor\" data-id=\"362cb24\" data-element_type=\"widget\" data-e-type=\"widget\" data-widget_type=\"text-editor.default\">\n\t\t\t\t<div class=\"elementor-widget-container\">\n\t\t\t\t\t\t\t\t\t<p style=\"text-align: start;\"><strong>REF 2026-4&nbsp;<\/strong><span style=\"text-align: start;\"><b>T\u00e9cnica\/o de Investigaci\u00f3n en Inteligencia Artificial<\/b><\/span><\/p>\n<p><span style=\"font-size: 0.875rem;\">La Fundaci\u00f3n COMPUTAEX oferta tres puestos:<\/span><\/p>\n<ul>\n<li><b>T\u00e9cnica\/o de investigaci\u00f3n en Inteligencia Artificial&nbsp;(Ref. 2026-4).<\/b><\/li>\n<\/ul>\n<p>Todos los detalles de la convocatoria pueden ser consultados en las bases.<\/p>\n<p><strong>Solicitudes:<\/strong><br>Las solicitudes para participar en el proceso de selecci\u00f3n se formular\u00e1n mediante el modelo oficial (Anexo I) debidamente cumplimentadas y firmadas, y deber\u00e1n ir acompa\u00f1adas de la siguiente documentaci\u00f3n:<\/p>\n<ul>\n<li><a href=\"https:\/\/computaex.es\/wp-content\/uploads\/2026\/04\/solicitud_ref_2026-4.pdf\" target=\"_blank\" rel=\"noopener\">&nbsp;Anexo I &#8211; Solicitud_ref_2026-4<\/a>&nbsp;<img decoding=\"async\" style=\"display: inline-block; vertical-align: middle; margin-left: 4px;\" src=\"\/wp-content\/uploads\/2025\/07\/icono-pdf-e1753341024523.png\" alt=\"\" width=\"16\" height=\"20\"><\/li>\n<li>Copia del Documento Nacional de Identidad o equivalente<\/li>\n<li>Copia del t\u00edtulo oficial exigido o resguardo de solicitud del mismo. Junto con la titulaci\u00f3n, deber\u00e1 aportarse verificaci\u00f3n de t\u00edtulos universitarios obtenida a trav\u00e9s del siguiente enlace <a href=\"https:\/\/carpetaciudadana.gob.es\/carpeta\/clave.htm\" target=\"_blank\" rel=\"noopener\">https:\/\/carpetaciudadana.gob.es\/carpeta\/clave.htm<\/a>, salvo aportaci\u00f3n de copia electr\u00f3nica aut\u00e9ntica.<\/li>\n<li>Curr\u00edculum Vitae detallado, junto con la documentaci\u00f3n acreditativa de los m\u00e9ritos alegados.<\/li>\n<li>Informe de vida laboral actualizado.<\/li>\n<li><a href=\"\/wp-content\/uploads\/2025\/07\/informacion_y_tratamiento_de_datos_ref_2025-3.pdf\">Anexo II &#8211; Tratamiento de datos<\/a> <img decoding=\"async\" style=\"display: inline-block; vertical-align: middle; margin-left: 4px;\" src=\"\/wp-content\/uploads\/2025\/07\/icono-pdf-e1753341024523.png\" alt=\"\" width=\"16\" height=\"20\"><\/li>\n<\/ul>\n<hr>\n<p><strong>Fases del proceso:<\/strong><\/p>\n<ul>\n<li>Plazo presentaci\u00f3n de solicitudes:<strong>&nbsp; 21 de abril de 2026.<\/strong><\/li>\n<\/ul>\t\t\t\t\t\t\t\t<\/div>\n\t\t\t\t<\/div>\n\t\t\t\t<div class=\"elementor-element elementor-element-5dd19b4 elementor-widget elementor-widget-tabla_descargas\" data-id=\"5dd19b4\" data-element_type=\"widget\" data-e-type=\"widget\" data-settings=\"{&quot;boton_anadir_ids&quot;:&quot;11706&quot;,&quot;fechas_personalizadas&quot;:&quot;{}&quot;}\" data-widget_type=\"tabla_descargas.default\">\n\t\t\t\t<div class=\"elementor-widget-container\">\n\t\t\t\t\t<div class=\"tabla-descargas-container\" data-widget-id=\"5dd19b4\"><table class=\"tabla-descargas\"><thead><tr><th class=\"sortable\" data-sort=\"nombre\">Archivo <span class=\"sort-arrow\"><\/span><\/th><th class=\"sortable\" data-sort=\"tamano\">Size <span class=\"sort-arrow\"><\/span><\/th><th class=\"sortable asc\" data-sort=\"fecha\">Date <span class=\"sort-arrow asc\"><\/span><\/th><th style=\"text-align: center;\">Ver<\/th><th>Descargar<\/th><\/tr><\/thead><tr data-nombre=\"BasesContratacion-Ref-2026-4_signed\" data-tamano=\"610192\" data-fecha=\"2026-04-16\"><td><div class=\"archivo-info\"><div class=\"titulo-archivo\">BasesContratacion-Ref-2026-4_signed<\/div><div class=\"nombre-archivo\">BasesContratacion-Ref-2026-4_signed.pdf<\/div><\/div><\/td><td>596 KB<\/td><td>16\/04\/2026<\/td><td style=\"text-align: center;\"><a href=\"https:\/\/computaex.es\/wp-content\/uploads\/2026\/04\/BasesContratacion-Ref-2026-4_signed.pdf\" class=\"boton-ver\" target=\"_blank\" rel=\"noopener noreferrer\" title=\"Ver documento\">\ud83d\udc41<\/a><\/td><td><a href=\"https:\/\/computaex.es\/wp-content\/uploads\/2026\/04\/BasesContratacion-Ref-2026-4_signed.pdf\" class=\"boton-descarga\" download=\"BasesContratacion-Ref-2026-4_signed.pdf\">\u2193 Descargar<\/a><\/td><\/tr><\/tbody><\/table><\/div>\t\t\t\t<\/div>\n\t\t\t\t<\/div>\n\t\t\t\t\t<\/div>\n\t\t\t\t<\/div>\n\t\t\t\t<\/div>","protected":false},"excerpt":{"rendered":"<p>REF 2026-4\u00a0T\u00e9cnica\/o de Investigaci\u00f3n en Inteligencia Artificial La Fundaci\u00f3n COMPUTAEX oferta tres puestos: T\u00e9cnica\/o de investigaci\u00f3n en Inteligencia Artificial\u00a0(Ref. 2026-4). Todos los detalles de la convocatoria pueden ser consultados en &#8230;<\/p>","protected":false},"author":1,"featured_media":0,"parent":7859,"menu_order":0,"comment_status":"closed","ping_status":"closed","template":"","meta":{"footnotes":""},"categories":[109,105],"class_list":["post-11703","page","type-page","status-publish","hentry","category-109","category-empleo"],"yoast_head":"<!-- This site is optimized with the Yoast SEO plugin v27.1.1 - https:\/\/yoast.com\/product\/yoast-seo-wordpress\/ -->\n<title>REF 2026-4 T\u00e9cnica\/o de Investigaci\u00f3n en Inteligencia Artificial - Fundaci\u00f3n COMPUTAEX<\/title>\n<meta name=\"robots\" content=\"index, follow, max-snippet:-1, max-image-preview:large, max-video-preview:-1\" \/>\n<link rel=\"canonical\" href=\"https:\/\/computaex.es\/en\/empleo\/ref-2026-4-tecnica-o-de-investigacion-en-inteligencia-artificial\/\" \/>\n<meta property=\"og:locale\" content=\"en_US\" \/>\n<meta property=\"og:type\" content=\"article\" \/>\n<meta property=\"og:title\" content=\"REF 2026-4 T\u00e9cnica\/o de Investigaci\u00f3n en Inteligencia Artificial - Fundaci\u00f3n COMPUTAEX\" \/>\n<meta property=\"og:description\" content=\"REF 2026-4\u00a0T\u00e9cnica\/o de Investigaci\u00f3n en Inteligencia Artificial La Fundaci\u00f3n COMPUTAEX oferta tres puestos: T\u00e9cnica\/o de investigaci\u00f3n en Inteligencia Artificial\u00a0(Ref. 2026-4). Todos los detalles de la convocatoria pueden ser consultados en ...\" \/>\n<meta property=\"og:url\" content=\"https:\/\/computaex.es\/en\/empleo\/ref-2026-4-tecnica-o-de-investigacion-en-inteligencia-artificial\/\" \/>\n<meta property=\"og:site_name\" content=\"Fundaci\u00f3n COMPUTAEX\" \/>\n<meta property=\"article:publisher\" content=\"https:\/\/m.facebook.com\/computaex\/\" \/>\n<meta property=\"og:image\" content=\"https:\/\/computaex.es\/wp-content\/uploads\/2025\/08\/COMPUTAEX.jpg\" \/>\n\t<meta property=\"og:image:width\" content=\"1024\" \/>\n\t<meta property=\"og:image:height\" content=\"403\" \/>\n\t<meta property=\"og:image:type\" content=\"image\/jpeg\" \/>\n<meta name=\"twitter:card\" content=\"summary_large_image\" \/>\n<meta name=\"twitter:site\" content=\"@computaex\" \/>\n<meta name=\"twitter:label1\" content=\"Est. reading time\" \/>\n\t<meta name=\"twitter:data1\" content=\"2 minutes\" \/>\n<script type=\"application\/ld+json\" class=\"yoast-schema-graph\">{\"@context\":\"https:\/\/schema.org\",\"@graph\":[{\"@type\":\"WebPage\",\"@id\":\"https:\/\/computaex.es\/empleo\/ref-2026-4-tecnica-o-de-investigacion-en-inteligencia-artificial\/\",\"url\":\"https:\/\/computaex.es\/empleo\/ref-2026-4-tecnica-o-de-investigacion-en-inteligencia-artificial\/\",\"name\":\"REF 2026-4 T\u00e9cnica\/o de Investigaci\u00f3n en Inteligencia Artificial - Fundaci\u00f3n COMPUTAEX\",\"isPartOf\":{\"@id\":\"https:\/\/computaex.es\/#website\"},\"datePublished\":\"2026-04-16T12:20:16+00:00\",\"breadcrumb\":{\"@id\":\"https:\/\/computaex.es\/empleo\/ref-2026-4-tecnica-o-de-investigacion-en-inteligencia-artificial\/#breadcrumb\"},\"inLanguage\":\"en-US\",\"potentialAction\":[{\"@type\":\"ReadAction\",\"target\":[\"https:\/\/computaex.es\/empleo\/ref-2026-4-tecnica-o-de-investigacion-en-inteligencia-artificial\/\"]}]},{\"@type\":\"BreadcrumbList\",\"@id\":\"https:\/\/computaex.es\/empleo\/ref-2026-4-tecnica-o-de-investigacion-en-inteligencia-artificial\/#breadcrumb\",\"itemListElement\":[{\"@type\":\"ListItem\",\"position\":1,\"name\":\"Portada\",\"item\":\"https:\/\/computaex.es\/\"},{\"@type\":\"ListItem\",\"position\":2,\"name\":\"Empleo\",\"item\":\"https:\/\/computaex.es\/empleo\/\"},{\"@type\":\"ListItem\",\"position\":3,\"name\":\"REF 2026-4 T\u00e9cnica\/o de Investigaci\u00f3n en Inteligencia Artificial\"}]},{\"@type\":\"WebSite\",\"@id\":\"https:\/\/computaex.es\/#website\",\"url\":\"https:\/\/computaex.es\/\",\"name\":\"Fundaci\u00f3n COMPUTAEX\",\"description\":\"COMPUTAEX\",\"publisher\":{\"@id\":\"https:\/\/computaex.es\/#organization\"},\"potentialAction\":[{\"@type\":\"SearchAction\",\"target\":{\"@type\":\"EntryPoint\",\"urlTemplate\":\"https:\/\/computaex.es\/?s={search_term_string}\"},\"query-input\":{\"@type\":\"PropertyValueSpecification\",\"valueRequired\":true,\"valueName\":\"search_term_string\"}}],\"inLanguage\":\"en-US\"},{\"@type\":\"Organization\",\"@id\":\"https:\/\/computaex.es\/#organization\",\"name\":\"COMPUTAEX\",\"url\":\"https:\/\/computaex.es\/\",\"logo\":{\"@type\":\"ImageObject\",\"inLanguage\":\"en-US\",\"@id\":\"https:\/\/computaex.es\/#\/schema\/logo\/image\/\",\"url\":\"https:\/\/computaex.es\/wp-content\/uploads\/2025\/05\/cropped-COMPUTAEX_transparente-scaled-1.png\",\"contentUrl\":\"https:\/\/computaex.es\/wp-content\/uploads\/2025\/05\/cropped-COMPUTAEX_transparente-scaled-1.png\",\"width\":2560,\"height\":970,\"caption\":\"COMPUTAEX\"},\"image\":{\"@id\":\"https:\/\/computaex.es\/#\/schema\/logo\/image\/\"},\"sameAs\":[\"https:\/\/m.facebook.com\/computaex\/\",\"https:\/\/x.com\/computaex\",\"https:\/\/es.linkedin.com\/company\/cenits\"]}]}<\/script>\n<!-- \/ Yoast SEO plugin. -->","yoast_head_json":{"title":"REF 2026-4 T\u00e9cnica\/o de Investigaci\u00f3n en Inteligencia Artificial - Fundaci\u00f3n COMPUTAEX","robots":{"index":"index","follow":"follow","max-snippet":"max-snippet:-1","max-image-preview":"max-image-preview:large","max-video-preview":"max-video-preview:-1"},"canonical":"https:\/\/computaex.es\/en\/empleo\/ref-2026-4-tecnica-o-de-investigacion-en-inteligencia-artificial\/","og_locale":"en_US","og_type":"article","og_title":"REF 2026-4 T\u00e9cnica\/o de Investigaci\u00f3n en Inteligencia Artificial - Fundaci\u00f3n COMPUTAEX","og_description":"REF 2026-4\u00a0T\u00e9cnica\/o de Investigaci\u00f3n en Inteligencia Artificial La Fundaci\u00f3n COMPUTAEX oferta tres puestos: T\u00e9cnica\/o de investigaci\u00f3n en Inteligencia Artificial\u00a0(Ref. 2026-4). Todos los detalles de la convocatoria pueden ser consultados en ...","og_url":"https:\/\/computaex.es\/en\/empleo\/ref-2026-4-tecnica-o-de-investigacion-en-inteligencia-artificial\/","og_site_name":"Fundaci\u00f3n COMPUTAEX","article_publisher":"https:\/\/m.facebook.com\/computaex\/","og_image":[{"width":1024,"height":403,"url":"https:\/\/computaex.es\/wp-content\/uploads\/2025\/08\/COMPUTAEX.jpg","type":"image\/jpeg"}],"twitter_card":"summary_large_image","twitter_site":"@computaex","twitter_misc":{"Est. reading time":"2 minutes"},"schema":{"@context":"https:\/\/schema.org","@graph":[{"@type":"WebPage","@id":"https:\/\/computaex.es\/empleo\/ref-2026-4-tecnica-o-de-investigacion-en-inteligencia-artificial\/","url":"https:\/\/computaex.es\/empleo\/ref-2026-4-tecnica-o-de-investigacion-en-inteligencia-artificial\/","name":"REF 2026-4 T\u00e9cnica\/o de Investigaci\u00f3n en Inteligencia Artificial - Fundaci\u00f3n COMPUTAEX","isPartOf":{"@id":"https:\/\/computaex.es\/#website"},"datePublished":"2026-04-16T12:20:16+00:00","breadcrumb":{"@id":"https:\/\/computaex.es\/empleo\/ref-2026-4-tecnica-o-de-investigacion-en-inteligencia-artificial\/#breadcrumb"},"inLanguage":"en-US","potentialAction":[{"@type":"ReadAction","target":["https:\/\/computaex.es\/empleo\/ref-2026-4-tecnica-o-de-investigacion-en-inteligencia-artificial\/"]}]},{"@type":"BreadcrumbList","@id":"https:\/\/computaex.es\/empleo\/ref-2026-4-tecnica-o-de-investigacion-en-inteligencia-artificial\/#breadcrumb","itemListElement":[{"@type":"ListItem","position":1,"name":"Portada","item":"https:\/\/computaex.es\/"},{"@type":"ListItem","position":2,"name":"Empleo","item":"https:\/\/computaex.es\/empleo\/"},{"@type":"ListItem","position":3,"name":"REF 2026-4 T\u00e9cnica\/o de Investigaci\u00f3n en Inteligencia Artificial"}]},{"@type":"WebSite","@id":"https:\/\/computaex.es\/#website","url":"https:\/\/computaex.es\/","name":"COMPUTAEX Foundation","description":"COMPUTAEX","publisher":{"@id":"https:\/\/computaex.es\/#organization"},"potentialAction":[{"@type":"SearchAction","target":{"@type":"EntryPoint","urlTemplate":"https:\/\/computaex.es\/?s={search_term_string}"},"query-input":{"@type":"PropertyValueSpecification","valueRequired":true,"valueName":"search_term_string"}}],"inLanguage":"en-US"},{"@type":"Organization","@id":"https:\/\/computaex.es\/#organization","name":"COMPUTAEX","url":"https:\/\/computaex.es\/","logo":{"@type":"ImageObject","inLanguage":"en-US","@id":"https:\/\/computaex.es\/#\/schema\/logo\/image\/","url":"https:\/\/computaex.es\/wp-content\/uploads\/2025\/05\/cropped-COMPUTAEX_transparente-scaled-1.png","contentUrl":"https:\/\/computaex.es\/wp-content\/uploads\/2025\/05\/cropped-COMPUTAEX_transparente-scaled-1.png","width":2560,"height":970,"caption":"COMPUTAEX"},"image":{"@id":"https:\/\/computaex.es\/#\/schema\/logo\/image\/"},"sameAs":["https:\/\/m.facebook.com\/computaex\/","https:\/\/x.com\/computaex","https:\/\/es.linkedin.com\/company\/cenits"]}]}},"_links":{"self":[{"href":"https:\/\/computaex.es\/en\/wp-json\/wp\/v2\/pages\/11703","targetHints":{"allow":["GET"]}}],"collection":[{"href":"https:\/\/computaex.es\/en\/wp-json\/wp\/v2\/pages"}],"about":[{"href":"https:\/\/computaex.es\/en\/wp-json\/wp\/v2\/types\/page"}],"author":[{"embeddable":true,"href":"https:\/\/computaex.es\/en\/wp-json\/wp\/v2\/users\/1"}],"replies":[{"embeddable":true,"href":"https:\/\/computaex.es\/en\/wp-json\/wp\/v2\/comments?post=11703"}],"version-history":[{"count":5,"href":"https:\/\/computaex.es\/en\/wp-json\/wp\/v2\/pages\/11703\/revisions"}],"predecessor-version":[{"id":11710,"href":"https:\/\/computaex.es\/en\/wp-json\/wp\/v2\/pages\/11703\/revisions\/11710"}],"up":[{"embeddable":true,"href":"https:\/\/computaex.es\/en\/wp-json\/wp\/v2\/pages\/7859"}],"wp:attachment":[{"href":"https:\/\/computaex.es\/en\/wp-json\/wp\/v2\/media?parent=11703"}],"wp:term":[{"taxonomy":"category","embeddable":true,"href":"https:\/\/computaex.es\/en\/wp-json\/wp\/v2\/categories?post=11703"}],"curies":[{"name":"wp","href":"https:\/\/api.w.org\/{rel}","templated":true}]}}