{"id":1551,"date":"2024-04-03T10:29:22","date_gmt":"2024-04-03T08:29:22","guid":{"rendered":"http:\/\/10.128.3.28\/?page_id=1551"},"modified":"2025-10-20T14:26:19","modified_gmt":"2025-10-20T12:26:19","slug":"descripcion-centro","status":"publish","type":"page","link":"https:\/\/computaex.es\/en\/descripcion-centro\/","title":{"rendered":"Extremadura Supercomputing Center"},"content":{"rendered":"<p>&nbsp;<\/p>\n<p><img fetchpriority=\"high\" decoding=\"async\" class=\"aligncenter wp-image-7050 size-full\" src=\"https:\/\/computaex.es\/wp-content\/uploads\/2025\/05\/CSE_who.png\" alt=\"\" width=\"640\" height=\"400\" srcset=\"https:\/\/computaex.es\/wp-content\/uploads\/2025\/05\/CSE_who.png 640w, https:\/\/computaex.es\/wp-content\/uploads\/2025\/05\/CSE_who-300x188.png 300w, https:\/\/computaex.es\/wp-content\/uploads\/2025\/05\/CSE_who-480x300.png 480w\" sizes=\"(max-width: 640px) 100vw, 640px\" \/><\/p>\n<p style=\"text-align: justify;\">The <b>Extremadura Supercomputing Center <\/b>aims to promote, disseminate, and provide intensive computing and advanced communications services to research communities in Extremadura, or to those companies or institutions that request them, thereby contributing to improving the competitiveness of researchers and companies through technological advancement and innovation.<\/p>\n<p style=\"text-align: justify;\">The Center has supercomputers <a href=\"\/en\/lusitania\/lusitania-i\/\">LUSITANIA<\/a>,\u00a0<a href=\"\/en\/lusitania\/lusitania-ii\/\">LUSITANIA II<\/a> and\u00a0<a href=\"\/en\/lusitania\/lusitania-iii\/\">LUSITANIA III<\/a>, located at its Data Processing Center in C\u00e1ceres. All three are powerful tools for developing projects in a wide range of diverse and heterogeneous fields. In addition, the Center offers infrastructure, resources, and technical support to undertake <a href=\"\/en\/proyectos\/\">projects<\/a>\u00a0(scientific, technical, or business) where its\u00a0<a href=\"\/en\/servicios\/\">services are required<\/a>.<br \/>\n<!--\nEn noviembre de 2018, el Supercomputador LUSITANIA II fue\u00a0reconocido por el <a href=\"https:\/\/www.ciencia.gob.es\/\">Ministerio de Ciencia, Innovaci\u00f3n y Universidades<\/a> como Infraestructura Cient\u00edfica y T\u00e9cnica Singular (ICTS).\n--><\/p>\n<p>&nbsp;<\/p>\n<p><img decoding=\"async\" class=\"aligncenter wp-image-9392 size-large\" src=\"https:\/\/computaex.es\/wp-content\/uploads\/2025\/08\/cabecera_web1-1024x636.jpg\" alt=\"\" width=\"800\" height=\"497\" srcset=\"https:\/\/computaex.es\/wp-content\/uploads\/2025\/08\/cabecera_web1-1024x636.jpg 1024w, https:\/\/computaex.es\/wp-content\/uploads\/2025\/08\/cabecera_web1-300x186.jpg 300w, https:\/\/computaex.es\/wp-content\/uploads\/2025\/08\/cabecera_web1-768x477.jpg 768w, https:\/\/computaex.es\/wp-content\/uploads\/2025\/08\/cabecera_web1.jpg 1500w\" sizes=\"(max-width: 800px) 100vw, 800px\" \/><\/p>\n<p>&nbsp;<\/p>\n<p><img decoding=\"async\" class=\"aligncenter wp-image-9396 size-large\" src=\"https:\/\/computaex.es\/wp-content\/uploads\/2025\/08\/IMG_8898-1024x683.jpg\" alt=\"\" width=\"800\" height=\"534\" srcset=\"https:\/\/computaex.es\/wp-content\/uploads\/2025\/08\/IMG_8898-1024x683.jpg 1024w, https:\/\/computaex.es\/wp-content\/uploads\/2025\/08\/IMG_8898-300x200.jpg 300w, https:\/\/computaex.es\/wp-content\/uploads\/2025\/08\/IMG_8898-768x512.jpg 768w, https:\/\/computaex.es\/wp-content\/uploads\/2025\/08\/IMG_8898-1536x1024.jpg 1536w, https:\/\/computaex.es\/wp-content\/uploads\/2025\/08\/IMG_8898-2048x1365.jpg 2048w\" sizes=\"(max-width: 800px) 100vw, 800px\" \/><\/p>\n<p>&nbsp;<\/p>\n<p><img loading=\"lazy\" decoding=\"async\" class=\"aligncenter wp-image-9393 size-large\" src=\"https:\/\/computaex.es\/wp-content\/uploads\/2025\/08\/IMG_9016-1024x683.jpg\" alt=\"\" width=\"800\" height=\"534\" srcset=\"https:\/\/computaex.es\/wp-content\/uploads\/2025\/08\/IMG_9016-1024x683.jpg 1024w, https:\/\/computaex.es\/wp-content\/uploads\/2025\/08\/IMG_9016-300x200.jpg 300w, https:\/\/computaex.es\/wp-content\/uploads\/2025\/08\/IMG_9016-768x512.jpg 768w, https:\/\/computaex.es\/wp-content\/uploads\/2025\/08\/IMG_9016-1536x1024.jpg 1536w, https:\/\/computaex.es\/wp-content\/uploads\/2025\/08\/IMG_9016-2048x1365.jpg 2048w\" sizes=\"(max-width: 800px) 100vw, 800px\" \/><\/p>\n<p>&nbsp;<\/p>\n<p>&nbsp;<\/p>","protected":false},"excerpt":{"rendered":"<p>The Extremadura Supercomputing Center aims to promote, disseminate, and provide intensive computing and advanced communications services to the Extremadura research community, or to those companies or institutions that request it, thereby contributing to improving the competitiveness of researchers and companies through technological advancement and innovation.<\/p>","protected":false},"author":1,"featured_media":7050,"parent":0,"menu_order":0,"comment_status":"closed","ping_status":"closed","template":"","meta":{"footnotes":""},"categories":[],"tags":[],"class_list":["post-1551","page","type-page","status-publish","has-post-thumbnail","hentry"],"yoast_head":"<!-- This site is optimized with the Yoast SEO plugin v27.1.1 - https:\/\/yoast.com\/product\/yoast-seo-wordpress\/ -->\n<title>Centro de Supercomputaci\u00f3n de Extremadura - Fundaci\u00f3n COMPUTAEX<\/title>\n<meta name=\"robots\" content=\"index, follow, max-snippet:-1, max-image-preview:large, max-video-preview:-1\" \/>\n<link rel=\"canonical\" href=\"https:\/\/computaex.es\/en\/descripcion-centro\/\" \/>\n<meta property=\"og:locale\" content=\"en_US\" \/>\n<meta property=\"og:type\" content=\"article\" \/>\n<meta property=\"og:title\" content=\"Centro de Supercomputaci\u00f3n de Extremadura - Fundaci\u00f3n COMPUTAEX\" \/>\n<meta property=\"og:description\" content=\"El Centro de Supercomputaci\u00f3n de Extremadura tiene por objetivo\u00a0fomentar, difundir y prestar servicios de c\u00e1lculo intensivo y comunicaciones avanzadas a las comunidades investigadoras extreme\u00f1as, o a aquellas empresas o instituciones que lo soliciten y, de esta forma, contribuir mediante el perfeccionamiento tecnol\u00f3gico y la innovaci\u00f3n, a la mejora de la competitividad de los investigadores y las empresas.\" \/>\n<meta property=\"og:url\" content=\"https:\/\/computaex.es\/en\/descripcion-centro\/\" \/>\n<meta property=\"og:site_name\" content=\"Fundaci\u00f3n COMPUTAEX\" \/>\n<meta property=\"article:publisher\" content=\"https:\/\/m.facebook.com\/computaex\/\" \/>\n<meta property=\"article:modified_time\" content=\"2025-10-20T12:26:19+00:00\" \/>\n<meta property=\"og:image\" content=\"https:\/\/computaex.es\/wp-content\/uploads\/2025\/05\/CSE_who.png\" \/>\n\t<meta property=\"og:image:width\" content=\"640\" \/>\n\t<meta property=\"og:image:height\" content=\"400\" \/>\n\t<meta property=\"og:image:type\" content=\"image\/png\" \/>\n<meta name=\"twitter:card\" content=\"summary_large_image\" \/>\n<meta name=\"twitter:site\" content=\"@computaex\" \/>\n<meta name=\"twitter:label1\" content=\"Est. reading time\" \/>\n\t<meta name=\"twitter:data1\" content=\"2 minutes\" \/>\n<script type=\"application\/ld+json\" class=\"yoast-schema-graph\">{\"@context\":\"https:\/\/schema.org\",\"@graph\":[{\"@type\":\"WebPage\",\"@id\":\"https:\/\/computaex.es\/descripcion-centro\/\",\"url\":\"https:\/\/computaex.es\/descripcion-centro\/\",\"name\":\"Centro de Supercomputaci\u00f3n de Extremadura - Fundaci\u00f3n COMPUTAEX\",\"isPartOf\":{\"@id\":\"https:\/\/computaex.es\/#website\"},\"primaryImageOfPage\":{\"@id\":\"https:\/\/computaex.es\/descripcion-centro\/#primaryimage\"},\"image\":{\"@id\":\"https:\/\/computaex.es\/descripcion-centro\/#primaryimage\"},\"thumbnailUrl\":\"https:\/\/computaex.es\/wp-content\/uploads\/2025\/05\/CSE_who.png\",\"datePublished\":\"2024-04-03T08:29:22+00:00\",\"dateModified\":\"2025-10-20T12:26:19+00:00\",\"breadcrumb\":{\"@id\":\"https:\/\/computaex.es\/descripcion-centro\/#breadcrumb\"},\"inLanguage\":\"en-US\",\"potentialAction\":[{\"@type\":\"ReadAction\",\"target\":[\"https:\/\/computaex.es\/descripcion-centro\/\"]}]},{\"@type\":\"ImageObject\",\"inLanguage\":\"en-US\",\"@id\":\"https:\/\/computaex.es\/descripcion-centro\/#primaryimage\",\"url\":\"https:\/\/computaex.es\/wp-content\/uploads\/2025\/05\/CSE_who.png\",\"contentUrl\":\"https:\/\/computaex.es\/wp-content\/uploads\/2025\/05\/CSE_who.png\",\"width\":640,\"height\":400},{\"@type\":\"BreadcrumbList\",\"@id\":\"https:\/\/computaex.es\/descripcion-centro\/#breadcrumb\",\"itemListElement\":[{\"@type\":\"ListItem\",\"position\":1,\"name\":\"Portada\",\"item\":\"https:\/\/computaex.es\/\"},{\"@type\":\"ListItem\",\"position\":2,\"name\":\"Centro de Supercomputaci\u00f3n de Extremadura\"}]},{\"@type\":\"WebSite\",\"@id\":\"https:\/\/computaex.es\/#website\",\"url\":\"https:\/\/computaex.es\/\",\"name\":\"Fundaci\u00f3n COMPUTAEX\",\"description\":\"COMPUTAEX\",\"publisher\":{\"@id\":\"https:\/\/computaex.es\/#organization\"},\"potentialAction\":[{\"@type\":\"SearchAction\",\"target\":{\"@type\":\"EntryPoint\",\"urlTemplate\":\"https:\/\/computaex.es\/?s={search_term_string}\"},\"query-input\":{\"@type\":\"PropertyValueSpecification\",\"valueRequired\":true,\"valueName\":\"search_term_string\"}}],\"inLanguage\":\"en-US\"},{\"@type\":\"Organization\",\"@id\":\"https:\/\/computaex.es\/#organization\",\"name\":\"COMPUTAEX\",\"url\":\"https:\/\/computaex.es\/\",\"logo\":{\"@type\":\"ImageObject\",\"inLanguage\":\"en-US\",\"@id\":\"https:\/\/computaex.es\/#\/schema\/logo\/image\/\",\"url\":\"https:\/\/computaex.es\/wp-content\/uploads\/2025\/05\/cropped-COMPUTAEX_transparente-scaled-1.png\",\"contentUrl\":\"https:\/\/computaex.es\/wp-content\/uploads\/2025\/05\/cropped-COMPUTAEX_transparente-scaled-1.png\",\"width\":2560,\"height\":970,\"caption\":\"COMPUTAEX\"},\"image\":{\"@id\":\"https:\/\/computaex.es\/#\/schema\/logo\/image\/\"},\"sameAs\":[\"https:\/\/m.facebook.com\/computaex\/\",\"https:\/\/x.com\/computaex\",\"https:\/\/es.linkedin.com\/company\/cenits\"]}]}<\/script>\n<!-- \/ Yoast SEO plugin. -->","yoast_head_json":{"title":"Centro de Supercomputaci\u00f3n de Extremadura - Fundaci\u00f3n COMPUTAEX","robots":{"index":"index","follow":"follow","max-snippet":"max-snippet:-1","max-image-preview":"max-image-preview:large","max-video-preview":"max-video-preview:-1"},"canonical":"https:\/\/computaex.es\/en\/descripcion-centro\/","og_locale":"en_US","og_type":"article","og_title":"Centro de Supercomputaci\u00f3n de Extremadura - Fundaci\u00f3n COMPUTAEX","og_description":"El Centro de Supercomputaci\u00f3n de Extremadura tiene por objetivo\u00a0fomentar, difundir y prestar servicios de c\u00e1lculo intensivo y comunicaciones avanzadas a las comunidades investigadoras extreme\u00f1as, o a aquellas empresas o instituciones que lo soliciten y, de esta forma, contribuir mediante el perfeccionamiento tecnol\u00f3gico y la innovaci\u00f3n, a la mejora de la competitividad de los investigadores y las empresas.","og_url":"https:\/\/computaex.es\/en\/descripcion-centro\/","og_site_name":"Fundaci\u00f3n COMPUTAEX","article_publisher":"https:\/\/m.facebook.com\/computaex\/","article_modified_time":"2025-10-20T12:26:19+00:00","og_image":[{"width":640,"height":400,"url":"https:\/\/computaex.es\/wp-content\/uploads\/2025\/05\/CSE_who.png","type":"image\/png"}],"twitter_card":"summary_large_image","twitter_site":"@computaex","twitter_misc":{"Est. reading time":"2 minutes"},"schema":{"@context":"https:\/\/schema.org","@graph":[{"@type":"WebPage","@id":"https:\/\/computaex.es\/descripcion-centro\/","url":"https:\/\/computaex.es\/descripcion-centro\/","name":"Centro de Supercomputaci\u00f3n de Extremadura - Fundaci\u00f3n COMPUTAEX","isPartOf":{"@id":"https:\/\/computaex.es\/#website"},"primaryImageOfPage":{"@id":"https:\/\/computaex.es\/descripcion-centro\/#primaryimage"},"image":{"@id":"https:\/\/computaex.es\/descripcion-centro\/#primaryimage"},"thumbnailUrl":"https:\/\/computaex.es\/wp-content\/uploads\/2025\/05\/CSE_who.png","datePublished":"2024-04-03T08:29:22+00:00","dateModified":"2025-10-20T12:26:19+00:00","breadcrumb":{"@id":"https:\/\/computaex.es\/descripcion-centro\/#breadcrumb"},"inLanguage":"en-US","potentialAction":[{"@type":"ReadAction","target":["https:\/\/computaex.es\/descripcion-centro\/"]}]},{"@type":"ImageObject","inLanguage":"en-US","@id":"https:\/\/computaex.es\/descripcion-centro\/#primaryimage","url":"https:\/\/computaex.es\/wp-content\/uploads\/2025\/05\/CSE_who.png","contentUrl":"https:\/\/computaex.es\/wp-content\/uploads\/2025\/05\/CSE_who.png","width":640,"height":400},{"@type":"BreadcrumbList","@id":"https:\/\/computaex.es\/descripcion-centro\/#breadcrumb","itemListElement":[{"@type":"ListItem","position":1,"name":"Portada","item":"https:\/\/computaex.es\/"},{"@type":"ListItem","position":2,"name":"Centro de Supercomputaci\u00f3n de Extremadura"}]},{"@type":"WebSite","@id":"https:\/\/computaex.es\/#website","url":"https:\/\/computaex.es\/","name":"COMPUTAEX Foundation","description":"COMPUTAEX","publisher":{"@id":"https:\/\/computaex.es\/#organization"},"potentialAction":[{"@type":"SearchAction","target":{"@type":"EntryPoint","urlTemplate":"https:\/\/computaex.es\/?s={search_term_string}"},"query-input":{"@type":"PropertyValueSpecification","valueRequired":true,"valueName":"search_term_string"}}],"inLanguage":"en-US"},{"@type":"Organization","@id":"https:\/\/computaex.es\/#organization","name":"COMPUTAEX","url":"https:\/\/computaex.es\/","logo":{"@type":"ImageObject","inLanguage":"en-US","@id":"https:\/\/computaex.es\/#\/schema\/logo\/image\/","url":"https:\/\/computaex.es\/wp-content\/uploads\/2025\/05\/cropped-COMPUTAEX_transparente-scaled-1.png","contentUrl":"https:\/\/computaex.es\/wp-content\/uploads\/2025\/05\/cropped-COMPUTAEX_transparente-scaled-1.png","width":2560,"height":970,"caption":"COMPUTAEX"},"image":{"@id":"https:\/\/computaex.es\/#\/schema\/logo\/image\/"},"sameAs":["https:\/\/m.facebook.com\/computaex\/","https:\/\/x.com\/computaex","https:\/\/es.linkedin.com\/company\/cenits"]}]}},"_links":{"self":[{"href":"https:\/\/computaex.es\/en\/wp-json\/wp\/v2\/pages\/1551","targetHints":{"allow":["GET"]}}],"collection":[{"href":"https:\/\/computaex.es\/en\/wp-json\/wp\/v2\/pages"}],"about":[{"href":"https:\/\/computaex.es\/en\/wp-json\/wp\/v2\/types\/page"}],"author":[{"embeddable":true,"href":"https:\/\/computaex.es\/en\/wp-json\/wp\/v2\/users\/1"}],"replies":[{"embeddable":true,"href":"https:\/\/computaex.es\/en\/wp-json\/wp\/v2\/comments?post=1551"}],"version-history":[{"count":61,"href":"https:\/\/computaex.es\/en\/wp-json\/wp\/v2\/pages\/1551\/revisions"}],"predecessor-version":[{"id":9851,"href":"https:\/\/computaex.es\/en\/wp-json\/wp\/v2\/pages\/1551\/revisions\/9851"}],"wp:featuredmedia":[{"embeddable":true,"href":"https:\/\/computaex.es\/en\/wp-json\/wp\/v2\/media\/7050"}],"wp:attachment":[{"href":"https:\/\/computaex.es\/en\/wp-json\/wp\/v2\/media?parent=1551"}],"wp:term":[{"taxonomy":"category","embeddable":true,"href":"https:\/\/computaex.es\/en\/wp-json\/wp\/v2\/categories?post=1551"},{"taxonomy":"post_tag","embeddable":true,"href":"https:\/\/computaex.es\/en\/wp-json\/wp\/v2\/tags?post=1551"}],"curies":[{"name":"wp","href":"https:\/\/api.w.org\/{rel}","templated":true}]}}