{"id":1555,"date":"2024-04-03T10:30:29","date_gmt":"2024-04-03T08:30:29","guid":{"rendered":"http:\/\/10.128.3.28\/?page_id=1555"},"modified":"2025-08-27T12:28:20","modified_gmt":"2025-08-27T10:28:20","slug":"perfil-del-contratante","status":"publish","type":"page","link":"https:\/\/computaex.es\/en\/perfil-del-contratante\/","title":{"rendered":"Contractor Profile"},"content":{"rendered":"<style>\/*! elementor - v3.20.0 - 26-03-2024 *\/<br \/>.elementor-heading-title{padding:0;margin:0;line-height:1}.elementor-widget-heading .elementor-heading-title[class*=elementor-size-]>a{color:inherit;font-size:inherit;line-height:inherit}.elementor-widget-heading .elementor-heading-title.elementor-size-small{font-size:15px}.elementor-widget-heading .elementor-heading-title.elementor-size-medium{font-size:19px}.elementor-widget-heading .elementor-heading-title.elementor-size-large{font-size:29px}.elementor-widget-heading .elementor-heading-title.elementor-size-xl{font-size:39px}.elementor-widget-heading .elementor-heading-title.elementor-size-xxl{font-size:59px}<\/style>\n<h2>Listado de Licitaciones<\/h2>\n<p>Con motivo de la entrada en vigor, el 09 de marzo de 2018, de la nueva\u00a0<strong>Ley 9\/2017 de Contratos del Sector P\u00fablico<\/strong>, el perfil de contratante de la Fundaci\u00f3n COMPUTAEX, en lo que respecta a la publicidad de las nuevas licitaciones, se har\u00e1, a partir de ahora, en la\u00a0<strong><a href=\"https:\/\/contrataciondelestado.es\/wps\/poc?uri=deeplink%3AperfilContratante&amp;idBp=qKEAdqW0P3IQK2TEfXGy%2BA%3D%3D\" target=\"_blank\" rel=\"noopener\">Plataforma de Contrataci\u00f3n del Sector P\u00fablico del Estado<\/a><\/strong> del Ministerio de Hacienda.<\/p>\n<table style=\"width: 100%; height: 56px;\" data-id=\"e40668e\">\n<thead>\n<tr style=\"height: 20px;\">\n<th style=\"height: 20px;\">eXPEDIENTE<\/th>\n<th style=\"height: 20px;\">fECHA DE PUBLICACI\u00d3N<\/th>\n<\/tr>\n<\/thead>\n<tbody>\n<tr style=\"height: 18px;\">\n<td style=\"height: 18px;\"><a href=\"\/perfil-del-contratante\/li4vdi\/\" target=\"_blank\" rel=\"noopener\">FI4VDI<\/a><\/td>\n<td style=\"height: 18px;\">09\/12\/2015<\/td>\n<\/tr>\n<tr style=\"height: 18px;\">\n<td style=\"height: 18px;\"><a href=\"\/perfil-del-contratante\/2-2015\/\" target=\"_blank\" rel=\"noopener\">2\/2015<\/a><\/td>\n<td style=\"height: 18px;\">05\/06\/2015<\/td>\n<\/tr>\n<\/tbody>\n<\/table>\n<p>La informaci\u00f3n relativa a la Fundaci\u00f3n de Inform\u00e1tica y Tecnolog\u00edas Avanzadas de Extremadura (Fundaci\u00f3n COMPUTAEX) est\u00e1 disponible en el perfil de contratante de este portal, de conformidad con el art\u00edculo 53 del Real Decreto Legislativo 3\/2011, de 14 de noviembre, por el que se aprueba el texto refundido de la Ley de Contratos del Sector P\u00fablico.<br \/>\nAsimismo, con el fin de garantizar la publicidad y transparencia en los procesos de licitaci\u00f3n, Fundaci\u00f3n COMPUTAEX pone a disposici\u00f3n de los licitadores la documentaci\u00f3n asociada en la plataforma de contrataci\u00f3n de la Junta de Extremadura:\u00a0<strong> <a href=\"https:\/\/contratacion.gobex.es\" target=\"_blank\" rel=\"noopener\">https:\/\/contratacion.gobex.es<\/a>. <\/strong><\/p>\n<style>\/*! elementor - v3.20.0 - 26-03-2024 *\/<br \/>.elementor-column .elementor-spacer-inner{height:var(--spacer-size)}.e-con{--container-widget-width:100%}.e-con-inner>.elementor-widget-spacer,.e-con>.elementor-widget-spacer{width:var(--container-widget-width,var(--spacer-size));--align-self:var(--container-widget-align-self,initial);--flex-shrink:0}.e-con-inner>.elementor-widget-spacer>.elementor-widget-container,.e-con>.elementor-widget-spacer>.elementor-widget-container{height:100%;width:100%}.e-con-inner>.elementor-widget-spacer>.elementor-widget-container>.elementor-spacer,.e-con>.elementor-widget-spacer>.elementor-widget-container>.elementor-spacer{height:100%}.e-con-inner>.elementor-widget-spacer>.elementor-widget-container>.elementor-spacer>.elementor-spacer-inner,.e-con>.elementor-widget-spacer>.elementor-widget-container>.elementor-spacer>.elementor-spacer-inner{height:var(--container-widget-height,var(--spacer-size))}.e-con-inner>.elementor-widget-spacer.elementor-widget-empty,.e-con>.elementor-widget-spacer.elementor-widget-empty{position:relative;min-height:22px;min-width:22px}.e-con-inner>.elementor-widget-spacer.elementor-widget-empty .elementor-widget-empty-icon,.e-con>.elementor-widget-spacer.elementor-widget-empty .elementor-widget-empty-icon{position:absolute;top:0;bottom:0;left:0;right:0;margin:auto;padding:0;width:22px;height:22px}<\/style>\n<h2>Instrucciones de Contrataci\u00f3n<\/h2>\n<p>Las presentes instrucciones tienen por objeto regular los procedimientos de contrataci\u00f3n de los contratos no sujetos a regulaci\u00f3n armonizada que celebre\u00a0COMPUTAEX\u00a0de forma que quede garantizada la efectividad de los principios de publicidad, concurrencia, transparencia, confidencialidad, igualdad y no discriminaci\u00f3n.<\/p>\n<table data-id=\"85387e2\">\n<thead>\n<tr>\n<th>adjunto<\/th>\n<th>tama\u00f1o<\/th>\n<\/tr>\n<\/thead>\n<tbody>\n<tr>\n<td><a href=\"\/wp-content\/uploads\/2024\/04\/instrucciones-contratacion-computaex.pdf\" target=\"_blank\" rel=\"noopener\">instrucciones-contratacion-computaex.pdf<\/a><\/td>\n<td>370.9 KB<\/td>\n<\/tr>\n<\/tbody>\n<\/table>\n","protected":false},"excerpt":{"rendered":"<p>Listado de Licitaciones Con motivo de la entrada en vigor, el 09 de marzo de 2018, de la nueva\u00a0Ley 9\/2017 de Contratos del Sector P\u00fablico, el perfil de contratante de &#8230;<\/p>","protected":false},"author":1,"featured_media":0,"parent":0,"menu_order":0,"comment_status":"closed","ping_status":"closed","template":"","meta":{"footnotes":""},"categories":[],"tags":[],"class_list":["post-1555","page","type-page","status-publish","hentry"],"yoast_head":"<!-- This site is optimized with the Yoast SEO plugin v27.1.1 - https:\/\/yoast.com\/product\/yoast-seo-wordpress\/ -->\n<title>Perfil del Contratante - Fundaci\u00f3n COMPUTAEX<\/title>\n<meta name=\"robots\" content=\"index, follow, max-snippet:-1, max-image-preview:large, max-video-preview:-1\" \/>\n<link rel=\"canonical\" href=\"https:\/\/computaex.es\/en\/perfil-del-contratante\/\" \/>\n<meta property=\"og:locale\" content=\"en_US\" \/>\n<meta property=\"og:type\" content=\"article\" \/>\n<meta property=\"og:title\" content=\"Perfil del Contratante - Fundaci\u00f3n COMPUTAEX\" \/>\n<meta property=\"og:description\" content=\"Listado de Licitaciones Con motivo de la entrada en vigor, el 09 de marzo de 2018, de la nueva\u00a0Ley 9\/2017 de Contratos del Sector P\u00fablico, el perfil de contratante de ...\" \/>\n<meta property=\"og:url\" content=\"https:\/\/computaex.es\/en\/perfil-del-contratante\/\" \/>\n<meta property=\"og:site_name\" content=\"Fundaci\u00f3n COMPUTAEX\" \/>\n<meta property=\"article:publisher\" content=\"https:\/\/m.facebook.com\/computaex\/\" \/>\n<meta property=\"article:modified_time\" content=\"2025-08-27T10:28:20+00:00\" \/>\n<meta property=\"og:image\" content=\"https:\/\/computaex.es\/wp-content\/uploads\/2025\/08\/COMPUTAEX.jpg\" \/>\n\t<meta property=\"og:image:width\" content=\"1024\" \/>\n\t<meta property=\"og:image:height\" content=\"403\" \/>\n\t<meta property=\"og:image:type\" content=\"image\/jpeg\" \/>\n<meta name=\"twitter:card\" content=\"summary_large_image\" \/>\n<meta name=\"twitter:site\" content=\"@computaex\" \/>\n<meta name=\"twitter:label1\" content=\"Est. reading time\" \/>\n\t<meta name=\"twitter:data1\" content=\"1 minute\" \/>\n<script type=\"application\/ld+json\" class=\"yoast-schema-graph\">{\"@context\":\"https:\/\/schema.org\",\"@graph\":[{\"@type\":\"WebPage\",\"@id\":\"https:\/\/computaex.es\/perfil-del-contratante\/\",\"url\":\"https:\/\/computaex.es\/perfil-del-contratante\/\",\"name\":\"Perfil del Contratante - Fundaci\u00f3n COMPUTAEX\",\"isPartOf\":{\"@id\":\"https:\/\/computaex.es\/#website\"},\"datePublished\":\"2024-04-03T08:30:29+00:00\",\"dateModified\":\"2025-08-27T10:28:20+00:00\",\"breadcrumb\":{\"@id\":\"https:\/\/computaex.es\/perfil-del-contratante\/#breadcrumb\"},\"inLanguage\":\"en-US\",\"potentialAction\":[{\"@type\":\"ReadAction\",\"target\":[\"https:\/\/computaex.es\/perfil-del-contratante\/\"]}]},{\"@type\":\"BreadcrumbList\",\"@id\":\"https:\/\/computaex.es\/perfil-del-contratante\/#breadcrumb\",\"itemListElement\":[{\"@type\":\"ListItem\",\"position\":1,\"name\":\"Portada\",\"item\":\"https:\/\/computaex.es\/\"},{\"@type\":\"ListItem\",\"position\":2,\"name\":\"Perfil del Contratante\"}]},{\"@type\":\"WebSite\",\"@id\":\"https:\/\/computaex.es\/#website\",\"url\":\"https:\/\/computaex.es\/\",\"name\":\"Fundaci\u00f3n COMPUTAEX\",\"description\":\"COMPUTAEX\",\"publisher\":{\"@id\":\"https:\/\/computaex.es\/#organization\"},\"potentialAction\":[{\"@type\":\"SearchAction\",\"target\":{\"@type\":\"EntryPoint\",\"urlTemplate\":\"https:\/\/computaex.es\/?s={search_term_string}\"},\"query-input\":{\"@type\":\"PropertyValueSpecification\",\"valueRequired\":true,\"valueName\":\"search_term_string\"}}],\"inLanguage\":\"en-US\"},{\"@type\":\"Organization\",\"@id\":\"https:\/\/computaex.es\/#organization\",\"name\":\"COMPUTAEX\",\"url\":\"https:\/\/computaex.es\/\",\"logo\":{\"@type\":\"ImageObject\",\"inLanguage\":\"en-US\",\"@id\":\"https:\/\/computaex.es\/#\/schema\/logo\/image\/\",\"url\":\"https:\/\/computaex.es\/wp-content\/uploads\/2025\/05\/cropped-COMPUTAEX_transparente-scaled-1.png\",\"contentUrl\":\"https:\/\/computaex.es\/wp-content\/uploads\/2025\/05\/cropped-COMPUTAEX_transparente-scaled-1.png\",\"width\":2560,\"height\":970,\"caption\":\"COMPUTAEX\"},\"image\":{\"@id\":\"https:\/\/computaex.es\/#\/schema\/logo\/image\/\"},\"sameAs\":[\"https:\/\/m.facebook.com\/computaex\/\",\"https:\/\/x.com\/computaex\",\"https:\/\/es.linkedin.com\/company\/cenits\"]}]}<\/script>\n<!-- \/ Yoast SEO plugin. -->","yoast_head_json":{"title":"Perfil del Contratante - Fundaci\u00f3n COMPUTAEX","robots":{"index":"index","follow":"follow","max-snippet":"max-snippet:-1","max-image-preview":"max-image-preview:large","max-video-preview":"max-video-preview:-1"},"canonical":"https:\/\/computaex.es\/en\/perfil-del-contratante\/","og_locale":"en_US","og_type":"article","og_title":"Perfil del Contratante - Fundaci\u00f3n COMPUTAEX","og_description":"Listado de Licitaciones Con motivo de la entrada en vigor, el 09 de marzo de 2018, de la nueva\u00a0Ley 9\/2017 de Contratos del Sector P\u00fablico, el perfil de contratante de ...","og_url":"https:\/\/computaex.es\/en\/perfil-del-contratante\/","og_site_name":"Fundaci\u00f3n COMPUTAEX","article_publisher":"https:\/\/m.facebook.com\/computaex\/","article_modified_time":"2025-08-27T10:28:20+00:00","og_image":[{"width":1024,"height":403,"url":"https:\/\/computaex.es\/wp-content\/uploads\/2025\/08\/COMPUTAEX.jpg","type":"image\/jpeg"}],"twitter_card":"summary_large_image","twitter_site":"@computaex","twitter_misc":{"Est. reading time":"1 minute"},"schema":{"@context":"https:\/\/schema.org","@graph":[{"@type":"WebPage","@id":"https:\/\/computaex.es\/perfil-del-contratante\/","url":"https:\/\/computaex.es\/perfil-del-contratante\/","name":"Perfil del Contratante - Fundaci\u00f3n COMPUTAEX","isPartOf":{"@id":"https:\/\/computaex.es\/#website"},"datePublished":"2024-04-03T08:30:29+00:00","dateModified":"2025-08-27T10:28:20+00:00","breadcrumb":{"@id":"https:\/\/computaex.es\/perfil-del-contratante\/#breadcrumb"},"inLanguage":"en-US","potentialAction":[{"@type":"ReadAction","target":["https:\/\/computaex.es\/perfil-del-contratante\/"]}]},{"@type":"BreadcrumbList","@id":"https:\/\/computaex.es\/perfil-del-contratante\/#breadcrumb","itemListElement":[{"@type":"ListItem","position":1,"name":"Portada","item":"https:\/\/computaex.es\/"},{"@type":"ListItem","position":2,"name":"Perfil del Contratante"}]},{"@type":"WebSite","@id":"https:\/\/computaex.es\/#website","url":"https:\/\/computaex.es\/","name":"COMPUTAEX Foundation","description":"COMPUTAEX","publisher":{"@id":"https:\/\/computaex.es\/#organization"},"potentialAction":[{"@type":"SearchAction","target":{"@type":"EntryPoint","urlTemplate":"https:\/\/computaex.es\/?s={search_term_string}"},"query-input":{"@type":"PropertyValueSpecification","valueRequired":true,"valueName":"search_term_string"}}],"inLanguage":"en-US"},{"@type":"Organization","@id":"https:\/\/computaex.es\/#organization","name":"COMPUTAEX","url":"https:\/\/computaex.es\/","logo":{"@type":"ImageObject","inLanguage":"en-US","@id":"https:\/\/computaex.es\/#\/schema\/logo\/image\/","url":"https:\/\/computaex.es\/wp-content\/uploads\/2025\/05\/cropped-COMPUTAEX_transparente-scaled-1.png","contentUrl":"https:\/\/computaex.es\/wp-content\/uploads\/2025\/05\/cropped-COMPUTAEX_transparente-scaled-1.png","width":2560,"height":970,"caption":"COMPUTAEX"},"image":{"@id":"https:\/\/computaex.es\/#\/schema\/logo\/image\/"},"sameAs":["https:\/\/m.facebook.com\/computaex\/","https:\/\/x.com\/computaex","https:\/\/es.linkedin.com\/company\/cenits"]}]}},"_links":{"self":[{"href":"https:\/\/computaex.es\/en\/wp-json\/wp\/v2\/pages\/1555","targetHints":{"allow":["GET"]}}],"collection":[{"href":"https:\/\/computaex.es\/en\/wp-json\/wp\/v2\/pages"}],"about":[{"href":"https:\/\/computaex.es\/en\/wp-json\/wp\/v2\/types\/page"}],"author":[{"embeddable":true,"href":"https:\/\/computaex.es\/en\/wp-json\/wp\/v2\/users\/1"}],"replies":[{"embeddable":true,"href":"https:\/\/computaex.es\/en\/wp-json\/wp\/v2\/comments?post=1555"}],"version-history":[{"count":34,"href":"https:\/\/computaex.es\/en\/wp-json\/wp\/v2\/pages\/1555\/revisions"}],"predecessor-version":[{"id":9779,"href":"https:\/\/computaex.es\/en\/wp-json\/wp\/v2\/pages\/1555\/revisions\/9779"}],"wp:attachment":[{"href":"https:\/\/computaex.es\/en\/wp-json\/wp\/v2\/media?parent=1555"}],"wp:term":[{"taxonomy":"category","embeddable":true,"href":"https:\/\/computaex.es\/en\/wp-json\/wp\/v2\/categories?post=1555"},{"taxonomy":"post_tag","embeddable":true,"href":"https:\/\/computaex.es\/en\/wp-json\/wp\/v2\/tags?post=1555"}],"curies":[{"name":"wp","href":"https:\/\/api.w.org\/{rel}","templated":true}]}}