{"id":1559,"date":"2024-04-03T10:30:50","date_gmt":"2024-04-03T08:30:50","guid":{"rendered":"http:\/\/10.128.3.28\/?page_id=1559"},"modified":"2025-08-28T10:46:54","modified_gmt":"2025-08-28T08:46:54","slug":"etica","status":"publish","type":"page","link":"https:\/\/computaex.es\/en\/etica\/","title":{"rendered":"Ethics"},"content":{"rendered":"\t\t<div data-elementor-type=\"wp-page\" data-elementor-id=\"1559\" class=\"elementor elementor-1559\">\n\t\t\t\t<div class=\"elementor-element elementor-element-111c21e e-flex e-con-boxed wpr-particle-no wpr-jarallax-no wpr-parallax-no wpr-sticky-section-no e-con e-parent\" data-id=\"111c21e\" data-element_type=\"container\" data-e-type=\"container\">\n\t\t\t\t\t<div class=\"e-con-inner\">\n\t\t\t\t<div class=\"elementor-element elementor-element-942aff3 elementor-widget elementor-widget-heading\" data-id=\"942aff3\" data-element_type=\"widget\" data-e-type=\"widget\" data-widget_type=\"heading.default\">\n\t\t\t\t<div class=\"elementor-widget-container\">\n\t\t\t\t\t<h2 class=\"elementor-heading-title elementor-size-default\">Compromiso \u00e9tico de Computaex<\/h2>\t\t\t\t<\/div>\n\t\t\t\t<\/div>\n\t\t\t\t<div class=\"elementor-element elementor-element-8d6576a elementor-widget elementor-widget-text-editor\" data-id=\"8d6576a\" data-element_type=\"widget\" data-e-type=\"widget\" data-widget_type=\"text-editor.default\">\n\t\t\t\t<div class=\"elementor-widget-container\">\n\t\t\t\t\t\t\t\t\t<p data-start=\"247\" data-end=\"555\">En la Fundaci\u00f3n COMPUTAEX promovemos una cultura organizacional basada en la <strong data-start=\"324\" data-end=\"385\">integridad, la transparencia y la responsabilidad p\u00fablica<\/strong>.<br data-start=\"386\" data-end=\"389\" \/>Nuestro compromiso con la \u00e9tica va m\u00e1s all\u00e1 del cumplimiento normativo: forma parte esencial de nuestra identidad como entidad tecnol\u00f3gica al servicio de la sociedad.<\/p><p data-start=\"557\" data-end=\"910\">Con el objetivo de garantizar la <strong data-start=\"590\" data-end=\"610\">buena gobernanza<\/strong>, alinearnos con los requisitos del <strong data-start=\"646\" data-end=\"707\">Plan de Recuperaci\u00f3n, Transformaci\u00f3n y Resiliencia (PRTR)<\/strong> y responder a los principios de la <strong data-start=\"743\" data-end=\"785\">Ley 2\/2023 de protecci\u00f3n al informante<\/strong>, hemos desarrollado mecanismos que refuerzan la prevenci\u00f3n, la detecci\u00f3n y la respuesta ante posibles conductas irregulares.<\/p>\t\t\t\t\t\t\t\t<\/div>\n\t\t\t\t<\/div>\n\t\t\t\t\t<\/div>\n\t\t\t\t<\/div>\n\t\t<div class=\"elementor-element elementor-element-4e950e5 e-flex e-con-boxed wpr-particle-no wpr-jarallax-no wpr-parallax-no wpr-sticky-section-no e-con e-parent\" data-id=\"4e950e5\" data-element_type=\"container\" data-e-type=\"container\">\n\t\t\t\t\t<div class=\"e-con-inner\">\n\t\t\t\t<div class=\"elementor-element elementor-element-b4de678 elementor-widget elementor-widget-heading\" data-id=\"b4de678\" data-element_type=\"widget\" data-e-type=\"widget\" data-widget_type=\"heading.default\">\n\t\t\t\t<div class=\"elementor-widget-container\">\n\t\t\t\t\t<h2 class=\"elementor-heading-title elementor-size-default\">En esta secci\u00f3n puedes acceder a:<\/h2>\t\t\t\t<\/div>\n\t\t\t\t<\/div>\n\t\t\t\t<div class=\"elementor-element elementor-element-21707fb elementor-widget elementor-widget-text-editor\" data-id=\"21707fb\" data-element_type=\"widget\" data-e-type=\"widget\" data-widget_type=\"text-editor.default\">\n\t\t\t\t<div class=\"elementor-widget-container\">\n\t\t\t\t\t\t\t\t\t<ul><li style=\"text-align: justify;\" data-start=\"959\" data-end=\"1127\"><a href=\"https:\/\/computaex.es\/codigo-etico-y-cumplimiento\/\" target=\"_blank\" rel=\"noopener\">[<strong data-start=\"963\" data-end=\"1004\">C\u00f3digo \u00c9tico y Cumplimiento Normativo<\/strong>]<\/a><br data-start=\"1005\" data-end=\"1008\" \/>Conoce los valores y principios que rigen nuestra actuaci\u00f3n institucional, as\u00ed como nuestro Plan de Medidas Antifraude.<\/li><li style=\"text-align: justify;\" data-start=\"1129\" data-end=\"1305\"><a href=\"https:\/\/computaex.es\/canal-etico\/\" target=\"_blank\" rel=\"noopener\">[<strong data-start=\"1133\" data-end=\"1148\">Canal \u00c9tico<\/strong>]<\/a><br data-start=\"1149\" data-end=\"1152\" \/>Un espacio confidencial para comunicar, de forma segura y sin represalias, cualquier hecho que pueda suponer fraude, corrupci\u00f3n o conflicto de intereses.<\/li><\/ul>\t\t\t\t\t\t\t\t<\/div>\n\t\t\t\t<\/div>\n\t\t\t\t\t<\/div>\n\t\t\t\t<\/div>\n\t\t<div class=\"elementor-element elementor-element-05a9edd e-flex e-con-boxed wpr-particle-no wpr-jarallax-no wpr-parallax-no wpr-sticky-section-no e-con e-parent\" data-id=\"05a9edd\" data-element_type=\"container\" data-e-type=\"container\">\n\t\t\t\t\t<div class=\"e-con-inner\">\n\t\t\t\t<div class=\"elementor-element elementor-element-ebba229 elementor-widget elementor-widget-text-editor\" data-id=\"ebba229\" data-element_type=\"widget\" data-e-type=\"widget\" data-widget_type=\"text-editor.default\">\n\t\t\t\t<div class=\"elementor-widget-container\">\n\t\t\t\t\t\t\t\t\t<p style=\"text-align: justify;\">La \u00e9tica no es un a\u00f1adido, es parte de c\u00f3mo trabajamos.<\/p>\t\t\t\t\t\t\t\t<\/div>\n\t\t\t\t<\/div>\n\t\t\t\t\t<\/div>\n\t\t\t\t<\/div>\n\t\t\t\t<\/div>\n\t\t","protected":false},"excerpt":{"rendered":"<p>Compromiso \u00e9tico de Computaex En la Fundaci\u00f3n COMPUTAEX promovemos una cultura organizacional basada en la integridad, la transparencia y la responsabilidad p\u00fablica.Nuestro compromiso con la \u00e9tica va m\u00e1s all\u00e1 del &#8230;<\/p>","protected":false},"author":1,"featured_media":0,"parent":0,"menu_order":0,"comment_status":"closed","ping_status":"closed","template":"","meta":{"footnotes":""},"categories":[],"tags":[],"class_list":["post-1559","page","type-page","status-publish","hentry"],"yoast_head":"<!-- This site is optimized with the Yoast SEO plugin v27.1.1 - https:\/\/yoast.com\/product\/yoast-seo-wordpress\/ -->\n<title>\u00c9tica - Fundaci\u00f3n COMPUTAEX<\/title>\n<meta name=\"robots\" content=\"index, follow, max-snippet:-1, max-image-preview:large, max-video-preview:-1\" \/>\n<link rel=\"canonical\" href=\"https:\/\/computaex.es\/en\/etica\/\" \/>\n<meta property=\"og:locale\" content=\"en_US\" \/>\n<meta property=\"og:type\" content=\"article\" \/>\n<meta property=\"og:title\" content=\"\u00c9tica - Fundaci\u00f3n COMPUTAEX\" \/>\n<meta property=\"og:description\" content=\"Compromiso \u00e9tico de Computaex En la Fundaci\u00f3n COMPUTAEX promovemos una cultura organizacional basada en la integridad, la transparencia y la responsabilidad p\u00fablica.Nuestro compromiso con la \u00e9tica va m\u00e1s all\u00e1 del ...\" \/>\n<meta property=\"og:url\" content=\"https:\/\/computaex.es\/en\/etica\/\" \/>\n<meta property=\"og:site_name\" content=\"Fundaci\u00f3n COMPUTAEX\" \/>\n<meta property=\"article:publisher\" content=\"https:\/\/m.facebook.com\/computaex\/\" \/>\n<meta property=\"article:modified_time\" content=\"2025-08-28T08:46:54+00:00\" \/>\n<meta property=\"og:image\" content=\"https:\/\/computaex.es\/wp-content\/uploads\/2025\/08\/COMPUTAEX.jpg\" \/>\n\t<meta property=\"og:image:width\" content=\"1024\" \/>\n\t<meta property=\"og:image:height\" content=\"403\" \/>\n\t<meta property=\"og:image:type\" content=\"image\/jpeg\" \/>\n<meta name=\"twitter:card\" content=\"summary_large_image\" \/>\n<meta name=\"twitter:site\" content=\"@computaex\" \/>\n<meta name=\"twitter:label1\" content=\"Est. reading time\" \/>\n\t<meta name=\"twitter:data1\" content=\"1 minute\" \/>\n<script type=\"application\/ld+json\" class=\"yoast-schema-graph\">{\"@context\":\"https:\/\/schema.org\",\"@graph\":[{\"@type\":\"WebPage\",\"@id\":\"https:\/\/computaex.es\/etica\/\",\"url\":\"https:\/\/computaex.es\/etica\/\",\"name\":\"\u00c9tica - Fundaci\u00f3n COMPUTAEX\",\"isPartOf\":{\"@id\":\"https:\/\/computaex.es\/#website\"},\"datePublished\":\"2024-04-03T08:30:50+00:00\",\"dateModified\":\"2025-08-28T08:46:54+00:00\",\"breadcrumb\":{\"@id\":\"https:\/\/computaex.es\/etica\/#breadcrumb\"},\"inLanguage\":\"en-US\",\"potentialAction\":[{\"@type\":\"ReadAction\",\"target\":[\"https:\/\/computaex.es\/etica\/\"]}]},{\"@type\":\"BreadcrumbList\",\"@id\":\"https:\/\/computaex.es\/etica\/#breadcrumb\",\"itemListElement\":[{\"@type\":\"ListItem\",\"position\":1,\"name\":\"Portada\",\"item\":\"https:\/\/computaex.es\/\"},{\"@type\":\"ListItem\",\"position\":2,\"name\":\"\u00c9tica\"}]},{\"@type\":\"WebSite\",\"@id\":\"https:\/\/computaex.es\/#website\",\"url\":\"https:\/\/computaex.es\/\",\"name\":\"Fundaci\u00f3n COMPUTAEX\",\"description\":\"COMPUTAEX\",\"publisher\":{\"@id\":\"https:\/\/computaex.es\/#organization\"},\"potentialAction\":[{\"@type\":\"SearchAction\",\"target\":{\"@type\":\"EntryPoint\",\"urlTemplate\":\"https:\/\/computaex.es\/?s={search_term_string}\"},\"query-input\":{\"@type\":\"PropertyValueSpecification\",\"valueRequired\":true,\"valueName\":\"search_term_string\"}}],\"inLanguage\":\"en-US\"},{\"@type\":\"Organization\",\"@id\":\"https:\/\/computaex.es\/#organization\",\"name\":\"COMPUTAEX\",\"url\":\"https:\/\/computaex.es\/\",\"logo\":{\"@type\":\"ImageObject\",\"inLanguage\":\"en-US\",\"@id\":\"https:\/\/computaex.es\/#\/schema\/logo\/image\/\",\"url\":\"https:\/\/computaex.es\/wp-content\/uploads\/2025\/05\/cropped-COMPUTAEX_transparente-scaled-1.png\",\"contentUrl\":\"https:\/\/computaex.es\/wp-content\/uploads\/2025\/05\/cropped-COMPUTAEX_transparente-scaled-1.png\",\"width\":2560,\"height\":970,\"caption\":\"COMPUTAEX\"},\"image\":{\"@id\":\"https:\/\/computaex.es\/#\/schema\/logo\/image\/\"},\"sameAs\":[\"https:\/\/m.facebook.com\/computaex\/\",\"https:\/\/x.com\/computaex\",\"https:\/\/es.linkedin.com\/company\/cenits\"]}]}<\/script>\n<!-- \/ Yoast SEO plugin. -->","yoast_head_json":{"title":"\u00c9tica - Fundaci\u00f3n COMPUTAEX","robots":{"index":"index","follow":"follow","max-snippet":"max-snippet:-1","max-image-preview":"max-image-preview:large","max-video-preview":"max-video-preview:-1"},"canonical":"https:\/\/computaex.es\/en\/etica\/","og_locale":"en_US","og_type":"article","og_title":"\u00c9tica - Fundaci\u00f3n COMPUTAEX","og_description":"Compromiso \u00e9tico de Computaex En la Fundaci\u00f3n COMPUTAEX promovemos una cultura organizacional basada en la integridad, la transparencia y la responsabilidad p\u00fablica.Nuestro compromiso con la \u00e9tica va m\u00e1s all\u00e1 del ...","og_url":"https:\/\/computaex.es\/en\/etica\/","og_site_name":"Fundaci\u00f3n COMPUTAEX","article_publisher":"https:\/\/m.facebook.com\/computaex\/","article_modified_time":"2025-08-28T08:46:54+00:00","og_image":[{"width":1024,"height":403,"url":"https:\/\/computaex.es\/wp-content\/uploads\/2025\/08\/COMPUTAEX.jpg","type":"image\/jpeg"}],"twitter_card":"summary_large_image","twitter_site":"@computaex","twitter_misc":{"Est. reading time":"1 minute"},"schema":{"@context":"https:\/\/schema.org","@graph":[{"@type":"WebPage","@id":"https:\/\/computaex.es\/etica\/","url":"https:\/\/computaex.es\/etica\/","name":"\u00c9tica - Fundaci\u00f3n COMPUTAEX","isPartOf":{"@id":"https:\/\/computaex.es\/#website"},"datePublished":"2024-04-03T08:30:50+00:00","dateModified":"2025-08-28T08:46:54+00:00","breadcrumb":{"@id":"https:\/\/computaex.es\/etica\/#breadcrumb"},"inLanguage":"en-US","potentialAction":[{"@type":"ReadAction","target":["https:\/\/computaex.es\/etica\/"]}]},{"@type":"BreadcrumbList","@id":"https:\/\/computaex.es\/etica\/#breadcrumb","itemListElement":[{"@type":"ListItem","position":1,"name":"Portada","item":"https:\/\/computaex.es\/"},{"@type":"ListItem","position":2,"name":"\u00c9tica"}]},{"@type":"WebSite","@id":"https:\/\/computaex.es\/#website","url":"https:\/\/computaex.es\/","name":"COMPUTAEX Foundation","description":"COMPUTAEX","publisher":{"@id":"https:\/\/computaex.es\/#organization"},"potentialAction":[{"@type":"SearchAction","target":{"@type":"EntryPoint","urlTemplate":"https:\/\/computaex.es\/?s={search_term_string}"},"query-input":{"@type":"PropertyValueSpecification","valueRequired":true,"valueName":"search_term_string"}}],"inLanguage":"en-US"},{"@type":"Organization","@id":"https:\/\/computaex.es\/#organization","name":"COMPUTAEX","url":"https:\/\/computaex.es\/","logo":{"@type":"ImageObject","inLanguage":"en-US","@id":"https:\/\/computaex.es\/#\/schema\/logo\/image\/","url":"https:\/\/computaex.es\/wp-content\/uploads\/2025\/05\/cropped-COMPUTAEX_transparente-scaled-1.png","contentUrl":"https:\/\/computaex.es\/wp-content\/uploads\/2025\/05\/cropped-COMPUTAEX_transparente-scaled-1.png","width":2560,"height":970,"caption":"COMPUTAEX"},"image":{"@id":"https:\/\/computaex.es\/#\/schema\/logo\/image\/"},"sameAs":["https:\/\/m.facebook.com\/computaex\/","https:\/\/x.com\/computaex","https:\/\/es.linkedin.com\/company\/cenits"]}]}},"_links":{"self":[{"href":"https:\/\/computaex.es\/en\/wp-json\/wp\/v2\/pages\/1559","targetHints":{"allow":["GET"]}}],"collection":[{"href":"https:\/\/computaex.es\/en\/wp-json\/wp\/v2\/pages"}],"about":[{"href":"https:\/\/computaex.es\/en\/wp-json\/wp\/v2\/types\/page"}],"author":[{"embeddable":true,"href":"https:\/\/computaex.es\/en\/wp-json\/wp\/v2\/users\/1"}],"replies":[{"embeddable":true,"href":"https:\/\/computaex.es\/en\/wp-json\/wp\/v2\/comments?post=1559"}],"version-history":[{"count":13,"href":"https:\/\/computaex.es\/en\/wp-json\/wp\/v2\/pages\/1559\/revisions"}],"predecessor-version":[{"id":9861,"href":"https:\/\/computaex.es\/en\/wp-json\/wp\/v2\/pages\/1559\/revisions\/9861"}],"wp:attachment":[{"href":"https:\/\/computaex.es\/en\/wp-json\/wp\/v2\/media?parent=1559"}],"wp:term":[{"taxonomy":"category","embeddable":true,"href":"https:\/\/computaex.es\/en\/wp-json\/wp\/v2\/categories?post=1559"},{"taxonomy":"post_tag","embeddable":true,"href":"https:\/\/computaex.es\/en\/wp-json\/wp\/v2\/tags?post=1559"}],"curies":[{"name":"wp","href":"https:\/\/api.w.org\/{rel}","templated":true}]}}