{"id":1563,"date":"2024-04-03T10:31:10","date_gmt":"2024-04-03T08:31:10","guid":{"rendered":"http:\/\/10.128.3.28\/?page_id=1563"},"modified":"2026-01-12T10:46:14","modified_gmt":"2026-01-12T09:46:14","slug":"personal","status":"publish","type":"page","link":"https:\/\/computaex.es\/en\/personal\/","title":{"rendered":"Staff"},"content":{"rendered":"\t\t<div data-elementor-type=\"wp-page\" data-elementor-id=\"1563\" class=\"elementor elementor-1563\">\n\t\t\t\t<div class=\"elementor-element elementor-element-c5d5f2d e-flex e-con-boxed wpr-particle-no wpr-jarallax-no wpr-parallax-no wpr-sticky-section-no e-con e-parent\" data-id=\"c5d5f2d\" data-element_type=\"container\" data-e-type=\"container\">\n\t\t\t\t\t<div class=\"e-con-inner\">\n\t\t\t\t<div class=\"elementor-element elementor-element-8da2687 elementor-widget elementor-widget-image\" data-id=\"8da2687\" data-element_type=\"widget\" data-e-type=\"widget\" data-widget_type=\"image.default\">\n\t\t\t\t<div class=\"elementor-widget-container\">\n\t\t\t\t\t\t\t\t\t\t\t\t\t\t\t<img fetchpriority=\"high\" decoding=\"async\" width=\"800\" height=\"280\" src=\"https:\/\/computaex.es\/wp-content\/uploads\/2026\/01\/20251202-FOTO-GRUPO-15-Photoroom-e1768208239367-1024x358.png\" class=\"attachment-large size-large wp-image-10914\" alt=\"\" srcset=\"https:\/\/computaex.es\/wp-content\/uploads\/2026\/01\/20251202-FOTO-GRUPO-15-Photoroom-e1768208239367-1024x358.png 1024w, https:\/\/computaex.es\/wp-content\/uploads\/2026\/01\/20251202-FOTO-GRUPO-15-Photoroom-e1768208239367-300x105.png 300w, https:\/\/computaex.es\/wp-content\/uploads\/2026\/01\/20251202-FOTO-GRUPO-15-Photoroom-e1768208239367-768x269.png 768w, https:\/\/computaex.es\/wp-content\/uploads\/2026\/01\/20251202-FOTO-GRUPO-15-Photoroom-e1768208239367-18x6.png 18w, https:\/\/computaex.es\/wp-content\/uploads\/2026\/01\/20251202-FOTO-GRUPO-15-Photoroom-e1768208239367.png 1280w\" sizes=\"(max-width: 800px) 100vw, 800px\" \/>\t\t\t\t\t\t\t\t\t\t\t\t\t\t\t<\/div>\n\t\t\t\t<\/div>\n\t\t\t\t\t<\/div>\n\t\t\t\t<\/div>\n\t\t<div class=\"elementor-element elementor-element-c109a62 e-flex e-con-boxed wpr-particle-no wpr-jarallax-no wpr-parallax-no wpr-sticky-section-no e-con e-parent\" data-id=\"c109a62\" data-element_type=\"container\" data-e-type=\"container\">\n\t\t\t\t\t<div class=\"e-con-inner\">\n\t\t\t\t<div class=\"elementor-element elementor-element-aab5d50 elementor-widget elementor-widget-text-editor\" data-id=\"aab5d50\" data-element_type=\"widget\" data-e-type=\"widget\" data-widget_type=\"text-editor.default\">\n\t\t\t\t<div class=\"elementor-widget-container\">\n\t\t\t\t\t\t\t\t\t<table>\n<tbody>\n<tr>\n<td colspan=\"2\" style=\"width: 400px;\">\n<div style=\"text-align: center;\">\n<h4 style=\"margin: 0;\">Juan Antonio Rico<\/h4>\n<p style=\"text-align: center; margin: 0px;\">Director General<\/p>\n\n<div style=\"text-align: center;\"><a href=\"#\" data-correo=\"director@computaex.es\">Haz clic para ver el correo<\/a><\/div>\n<\/div><\/td>\n<\/tr>\n\n<tr>\n<td style=\"width: 400px;\">\n<div style=\"text-align: center;\">\n<h4 style=\"margin: 0;\">Julio Ma\u00f1as<\/h4>\n<p style=\"text-align: center; margin: 0;\">Responsable de personal y asuntos jur\u00eddicos<\/p>\n\n<div style=\"text-align: center;\"><a href=\"#\" data-correo=\"julio.manas@computaex.es\">Haz clic para ver el correo<\/a><\/div>\n<\/div><\/td>\n\n<td style=\"width: 400px;\">\n<div style=\"text-align: center;\">\n<h4 style=\"margin: 0;\">Javier Corral<\/h4>\n<p style=\"text-align: center; margin: 0;\">Responsable de proyectos y comunicaci\u00f3n<\/p>\n\n<div style=\"text-align: center;\"><a href=\"#\" data-correo=\"javier.corral@computaex.es\">Haz clic para ver el correo<\/a><\/div>\n<\/div><\/td>\n\n<\/tr>\n\n<tr>\n<td style=\"width: 400px;\">\n<div style=\"text-align: center;\">\n<h4 style=\"margin: 0;\">Felipe Lemus<\/h4>\n<p style=\"text-align: center; margin: 0;\">Responsable de redes y comunicaciones<\/p>\n\n<div style=\"text-align: center;\"><a href=\"#\" data-correo=\"felipe.lemus@computaex.es\">Haz clic para ver el correo<\/a><\/div>\n<\/div><\/td>\n<td style=\"width: 400px;\">\n<div style=\"text-align: center;\">\n<h4 style=\"margin: 0;\">Daniel Flores<\/h4>\n<p style=\"text-align: center; margin: 0;\">Responsable de sistemas y supercomputaci\u00f3n<\/p>\n\n<div style=\"text-align: center;\"><a href=\"#\" data-correo=\"daniel.flores@computaex.es\">Haz clic para ver el correo<\/a><\/div>\n<\/div><\/td>\n<\/tr>\n<tr>\n\n<td style=\"width: 400px;\">\n<div style=\"text-align: center;\">\n<h4 style=\"margin: 0;\">Renata S\u00e1nchez<\/h4>\n<p style=\"text-align: center; margin: 0;\">Analista de proyectos y comunicaci\u00f3n<\/p>\n\n<div style=\"text-align: center;\"><a href=\"#\" data-correo=\"renata.sanchez@computaex.es\">Haz clic para ver el correo<\/a><\/div>\n<\/div><\/td>\n\n<td style=\"width: 400px;\">\n<div style=\"text-align: center;\">\n<h4 style=\"margin: 0;\">Nuria Hern\u00e1ndez<\/h4>\n<p style=\"text-align: center; margin: 0;\">Gestor de proyectos en IA y aprendizaje autom\u00e1tico<\/p>\n\n<div style=\"text-align: center;\"><a href=\"#\" data-correo=\"nuria.hern\u00e1ndez@computaex.es\">Haz clic para ver el correo<\/a><\/div>\n<\/div><\/td>\n<\/tr>\n<tr>\n<td style=\"width: 400px;\">\n<div style=\"text-align: center;\">\n<h4 style=\"margin: 0;\">Jorge Cancho<\/h4>\n<p style=\"text-align: center; margin: 0;\">Administrador de sistemas y supercomputaci\u00f3n<\/p>\n\n<div style=\"text-align: center;\"><a href=\"#\" data-correo=\"jorge.cancho@computaex.es\">Haz clic para ver el correo<\/a><\/div>\n<\/div><\/td>\n<td style=\"width: 400px;\">\n<div style=\"text-align: center;\">\n<h4 style=\"margin: 0;\">Ahmed Ziabat<\/h4>\n<p style=\"text-align: center; margin: 0;\">Administrador de sistemas y supercomputaci\u00f3n<\/p>\n\n<div style=\"text-align: center;\"><a href=\"#\" data-correo=\"ahmed.ziabat@computaex.es\">Haz clic para ver el correo<\/a><\/div>\n<\/div><\/td>\n<\/tr>\n<tr>\n\n<td style=\"width: 400px;\">\n<div style=\"text-align: center;\">\n<h4 style=\"margin: 0;\">Antonio Porras<\/h4>\n<p style=\"text-align: center; margin: 0;\">T\u00e9cnico en contabilidad y fiscalidad<\/p>\n\n<div style=\"text-align: center;\"><a href=\"#\" data-correo=\"antonio.porras@computaex.es\">Haz clic para ver el correo<\/a><\/div>\n<\/div><\/td>\n\n<td style=\"width: 400px;\">\n<div style=\"text-align: center;\">\n<h4 style=\"margin: 0;\">Gema Villa<\/h4>\n<p style=\"text-align: center; margin: 0;\">Auxiliar en administraci\u00f3n<\/p>\n\n<div style=\"text-align: center;\"><a href=\"#\" data-correo=\"gema.villa@computaex.es\">Haz clic para ver el correo<\/a><\/div>\n<\/div><\/td>\n<\/tr>\n\n<tr>\n<td style=\"width: 400px;\">\n<div style=\"text-align: center;\">\n<h4 style=\"margin: 0;\">Ester Carranza<\/h4>\n<p style=\"text-align: center; margin: 0;\">T\u00e9cnico de apoyo a la I+D+I<\/p>\n\n<div style=\"text-align: center;\"><a href=\"#\" data-correo=\"ester.carranza@computaex.es\">Haz clic para ver el correo<\/a><\/div>\n<\/div><\/td>\n\n<td style=\"width: 400px;\">\n<div style=\"text-align: center;\">\n<h4 style=\"margin: 0;\">Jorge Carmona<\/h4>\n<p style=\"text-align: center; margin: 0;\">T\u00e9cnico de apoyo a la I+D+I<\/p>\n\n<div style=\"text-align: center;\"><a href=\"#\" data-correo=\"jorge.carmona@computaex.es\">Haz clic para ver el correo<\/a><\/div>\n<\/div><\/td>\n<\/tr>\n\n<tr>\n<td style=\"width: 400px;\">\n<div style=\"text-align: center;\">\n<h4 style=\"margin: 0;\">Jose Mar\u00eda Contreras-Cervantes<\/h4>\n<p style=\"text-align: center; margin: 0;\">T\u00e9cnico de apoyo a la I+D+I<\/p>\n\n<div style=\"text-align: center;\"><a href=\"#\" data-correo=\"josemaria.contrerascervantes@computaex.es\">Haz clic para ver el correo<\/a><\/div>\n<\/div><\/td>\n\n<td style=\"width: 400px;\">\n<div style=\"text-align: center;\">\n<h4 style=\"margin: 0;\">Rodrigo Gallardo<\/h4>\n<p style=\"text-align: center; margin: 0;\">T\u00e9cnico de apoyo a la I+D+I<\/p>\n\n<div style=\"text-align: center;\"><a href=\"#\" data-correo=\"rodrigo.gallardo@computaex.es\">Haz clic para ver el correo<\/a><\/div>\n<\/div><\/td>\n<\/tr>\n\n<tr>\n<td style=\"width: 400px;\">\n<div style=\"text-align: center;\">\n<h4 style=\"margin: 0;\">Pedro Del Moral<\/h4>\n<p style=\"text-align: center; margin: 0;\">T\u00e9cnico de apoyo a la I+D+I<\/p>\n\n<div style=\"text-align: center;\"><a href=\"#\" data-correo=\"pedro.delmoral@computaex.es\">Haz clic para ver el correo<\/a><\/div>\n<\/div><\/td>\n\n<td style=\"width: 400px;\">\n<div style=\"text-align: center;\">\n<h4 style=\"margin: 0;\">Jorge Maese<\/h4>\n<p style=\"text-align: center; margin: 0;\">T\u00e9cnico de apoyo a la I+D+I<\/p>\n\n<div style=\"text-align: center;\"><a href=\"#\" data-correo=\"jorge.maese@computaex.es\">Haz clic para ver el correo<\/a><\/div>\n<\/div><\/td>\n<\/tr>\n<\/tbody>\n<\/table>\n<script>\n        document.addEventListener(\"DOMContentLoaded\", function() {\n            const links = document.querySelectorAll('a[data-correo]');\n            links.forEach(link => {\n                link.addEventListener('click', function(event) {\n                    event.preventDefault();\n                    const correo = this.getAttribute('data-correo');\n                    this.innerHTML = `<a href=\"mailto:${correo}\">${correo}<\/a>`;\n                });\n            });\n        });\n    <\/script>\t\t\t\t\t\t\t\t<\/div>\n\t\t\t\t<\/div>\n\t\t\t\t\t<\/div>\n\t\t\t\t<\/div>\n\t\t\t\t<\/div>\n\t\t","protected":false},"excerpt":{"rendered":"<p>Juan Antonio Rico Director General Haz clic para ver el correo Julio Ma\u00f1as Responsable de personal y asuntos jur\u00eddicos Haz clic para ver el correo Javier Corral Responsable de proyectos &#8230;<\/p>","protected":false},"author":1,"featured_media":0,"parent":0,"menu_order":0,"comment_status":"closed","ping_status":"closed","template":"","meta":{"footnotes":""},"categories":[],"class_list":["post-1563","page","type-page","status-publish","hentry"],"yoast_head":"<!-- This site is optimized with the Yoast SEO plugin v27.1.1 - https:\/\/yoast.com\/product\/yoast-seo-wordpress\/ -->\n<title>Personal - Fundaci\u00f3n COMPUTAEX<\/title>\n<meta name=\"robots\" content=\"index, follow, max-snippet:-1, max-image-preview:large, max-video-preview:-1\" \/>\n<link rel=\"canonical\" href=\"https:\/\/computaex.es\/en\/personal\/\" \/>\n<meta property=\"og:locale\" content=\"en_US\" \/>\n<meta property=\"og:type\" content=\"article\" \/>\n<meta property=\"og:title\" content=\"Personal - Fundaci\u00f3n COMPUTAEX\" \/>\n<meta property=\"og:description\" content=\"Juan Antonio Rico Director General Haz clic para ver el correo Julio Ma\u00f1as Responsable de personal y asuntos jur\u00eddicos Haz clic para ver el correo Javier Corral Responsable de proyectos ...\" \/>\n<meta property=\"og:url\" content=\"https:\/\/computaex.es\/en\/personal\/\" \/>\n<meta property=\"og:site_name\" content=\"Fundaci\u00f3n COMPUTAEX\" \/>\n<meta property=\"article:publisher\" content=\"https:\/\/m.facebook.com\/computaex\/\" \/>\n<meta property=\"article:modified_time\" content=\"2026-01-12T09:46:14+00:00\" \/>\n<meta property=\"og:image\" content=\"https:\/\/computaex.es\/wp-content\/uploads\/2026\/01\/20251202-FOTO-GRUPO-15-Photoroom-e1768208239367.png\" \/>\n\t<meta property=\"og:image:width\" content=\"1280\" \/>\n\t<meta property=\"og:image:height\" content=\"448\" \/>\n\t<meta property=\"og:image:type\" content=\"image\/png\" \/>\n<meta name=\"twitter:card\" content=\"summary_large_image\" \/>\n<meta name=\"twitter:site\" content=\"@computaex\" \/>\n<meta name=\"twitter:label1\" content=\"Est. reading time\" \/>\n\t<meta name=\"twitter:data1\" content=\"2 minutes\" \/>\n<script type=\"application\/ld+json\" class=\"yoast-schema-graph\">{\"@context\":\"https:\/\/schema.org\",\"@graph\":[{\"@type\":\"WebPage\",\"@id\":\"https:\/\/computaex.es\/personal\/\",\"url\":\"https:\/\/computaex.es\/personal\/\",\"name\":\"Personal - Fundaci\u00f3n COMPUTAEX\",\"isPartOf\":{\"@id\":\"https:\/\/computaex.es\/#website\"},\"primaryImageOfPage\":{\"@id\":\"https:\/\/computaex.es\/personal\/#primaryimage\"},\"image\":{\"@id\":\"https:\/\/computaex.es\/personal\/#primaryimage\"},\"thumbnailUrl\":\"https:\/\/computaex.es\/wp-content\/uploads\/2026\/01\/20251202-FOTO-GRUPO-15-Photoroom-e1768208239367-1024x358.png\",\"datePublished\":\"2024-04-03T08:31:10+00:00\",\"dateModified\":\"2026-01-12T09:46:14+00:00\",\"breadcrumb\":{\"@id\":\"https:\/\/computaex.es\/personal\/#breadcrumb\"},\"inLanguage\":\"en-US\",\"potentialAction\":[{\"@type\":\"ReadAction\",\"target\":[\"https:\/\/computaex.es\/personal\/\"]}]},{\"@type\":\"ImageObject\",\"inLanguage\":\"en-US\",\"@id\":\"https:\/\/computaex.es\/personal\/#primaryimage\",\"url\":\"https:\/\/computaex.es\/wp-content\/uploads\/2026\/01\/20251202-FOTO-GRUPO-15-Photoroom-e1768208239367-1024x358.png\",\"contentUrl\":\"https:\/\/computaex.es\/wp-content\/uploads\/2026\/01\/20251202-FOTO-GRUPO-15-Photoroom-e1768208239367-1024x358.png\"},{\"@type\":\"BreadcrumbList\",\"@id\":\"https:\/\/computaex.es\/personal\/#breadcrumb\",\"itemListElement\":[{\"@type\":\"ListItem\",\"position\":1,\"name\":\"Portada\",\"item\":\"https:\/\/computaex.es\/\"},{\"@type\":\"ListItem\",\"position\":2,\"name\":\"Personal\"}]},{\"@type\":\"WebSite\",\"@id\":\"https:\/\/computaex.es\/#website\",\"url\":\"https:\/\/computaex.es\/\",\"name\":\"Fundaci\u00f3n COMPUTAEX\",\"description\":\"COMPUTAEX\",\"publisher\":{\"@id\":\"https:\/\/computaex.es\/#organization\"},\"potentialAction\":[{\"@type\":\"SearchAction\",\"target\":{\"@type\":\"EntryPoint\",\"urlTemplate\":\"https:\/\/computaex.es\/?s={search_term_string}\"},\"query-input\":{\"@type\":\"PropertyValueSpecification\",\"valueRequired\":true,\"valueName\":\"search_term_string\"}}],\"inLanguage\":\"en-US\"},{\"@type\":\"Organization\",\"@id\":\"https:\/\/computaex.es\/#organization\",\"name\":\"COMPUTAEX\",\"url\":\"https:\/\/computaex.es\/\",\"logo\":{\"@type\":\"ImageObject\",\"inLanguage\":\"en-US\",\"@id\":\"https:\/\/computaex.es\/#\/schema\/logo\/image\/\",\"url\":\"https:\/\/computaex.es\/wp-content\/uploads\/2025\/05\/cropped-COMPUTAEX_transparente-scaled-1.png\",\"contentUrl\":\"https:\/\/computaex.es\/wp-content\/uploads\/2025\/05\/cropped-COMPUTAEX_transparente-scaled-1.png\",\"width\":2560,\"height\":970,\"caption\":\"COMPUTAEX\"},\"image\":{\"@id\":\"https:\/\/computaex.es\/#\/schema\/logo\/image\/\"},\"sameAs\":[\"https:\/\/m.facebook.com\/computaex\/\",\"https:\/\/x.com\/computaex\",\"https:\/\/es.linkedin.com\/company\/cenits\"]}]}<\/script>\n<!-- \/ Yoast SEO plugin. -->","yoast_head_json":{"title":"Personal - Fundaci\u00f3n COMPUTAEX","robots":{"index":"index","follow":"follow","max-snippet":"max-snippet:-1","max-image-preview":"max-image-preview:large","max-video-preview":"max-video-preview:-1"},"canonical":"https:\/\/computaex.es\/en\/personal\/","og_locale":"en_US","og_type":"article","og_title":"Personal - Fundaci\u00f3n COMPUTAEX","og_description":"Juan Antonio Rico Director General Haz clic para ver el correo Julio Ma\u00f1as Responsable de personal y asuntos jur\u00eddicos Haz clic para ver el correo Javier Corral Responsable de proyectos ...","og_url":"https:\/\/computaex.es\/en\/personal\/","og_site_name":"Fundaci\u00f3n COMPUTAEX","article_publisher":"https:\/\/m.facebook.com\/computaex\/","article_modified_time":"2026-01-12T09:46:14+00:00","og_image":[{"width":1280,"height":448,"url":"https:\/\/computaex.es\/wp-content\/uploads\/2026\/01\/20251202-FOTO-GRUPO-15-Photoroom-e1768208239367.png","type":"image\/png"}],"twitter_card":"summary_large_image","twitter_site":"@computaex","twitter_misc":{"Est. reading time":"2 minutes"},"schema":{"@context":"https:\/\/schema.org","@graph":[{"@type":"WebPage","@id":"https:\/\/computaex.es\/personal\/","url":"https:\/\/computaex.es\/personal\/","name":"Personal - Fundaci\u00f3n COMPUTAEX","isPartOf":{"@id":"https:\/\/computaex.es\/#website"},"primaryImageOfPage":{"@id":"https:\/\/computaex.es\/personal\/#primaryimage"},"image":{"@id":"https:\/\/computaex.es\/personal\/#primaryimage"},"thumbnailUrl":"https:\/\/computaex.es\/wp-content\/uploads\/2026\/01\/20251202-FOTO-GRUPO-15-Photoroom-e1768208239367-1024x358.png","datePublished":"2024-04-03T08:31:10+00:00","dateModified":"2026-01-12T09:46:14+00:00","breadcrumb":{"@id":"https:\/\/computaex.es\/personal\/#breadcrumb"},"inLanguage":"en-US","potentialAction":[{"@type":"ReadAction","target":["https:\/\/computaex.es\/personal\/"]}]},{"@type":"ImageObject","inLanguage":"en-US","@id":"https:\/\/computaex.es\/personal\/#primaryimage","url":"https:\/\/computaex.es\/wp-content\/uploads\/2026\/01\/20251202-FOTO-GRUPO-15-Photoroom-e1768208239367-1024x358.png","contentUrl":"https:\/\/computaex.es\/wp-content\/uploads\/2026\/01\/20251202-FOTO-GRUPO-15-Photoroom-e1768208239367-1024x358.png"},{"@type":"BreadcrumbList","@id":"https:\/\/computaex.es\/personal\/#breadcrumb","itemListElement":[{"@type":"ListItem","position":1,"name":"Portada","item":"https:\/\/computaex.es\/"},{"@type":"ListItem","position":2,"name":"Personal"}]},{"@type":"WebSite","@id":"https:\/\/computaex.es\/#website","url":"https:\/\/computaex.es\/","name":"COMPUTAEX Foundation","description":"COMPUTAEX","publisher":{"@id":"https:\/\/computaex.es\/#organization"},"potentialAction":[{"@type":"SearchAction","target":{"@type":"EntryPoint","urlTemplate":"https:\/\/computaex.es\/?s={search_term_string}"},"query-input":{"@type":"PropertyValueSpecification","valueRequired":true,"valueName":"search_term_string"}}],"inLanguage":"en-US"},{"@type":"Organization","@id":"https:\/\/computaex.es\/#organization","name":"COMPUTAEX","url":"https:\/\/computaex.es\/","logo":{"@type":"ImageObject","inLanguage":"en-US","@id":"https:\/\/computaex.es\/#\/schema\/logo\/image\/","url":"https:\/\/computaex.es\/wp-content\/uploads\/2025\/05\/cropped-COMPUTAEX_transparente-scaled-1.png","contentUrl":"https:\/\/computaex.es\/wp-content\/uploads\/2025\/05\/cropped-COMPUTAEX_transparente-scaled-1.png","width":2560,"height":970,"caption":"COMPUTAEX"},"image":{"@id":"https:\/\/computaex.es\/#\/schema\/logo\/image\/"},"sameAs":["https:\/\/m.facebook.com\/computaex\/","https:\/\/x.com\/computaex","https:\/\/es.linkedin.com\/company\/cenits"]}]}},"_links":{"self":[{"href":"https:\/\/computaex.es\/en\/wp-json\/wp\/v2\/pages\/1563","targetHints":{"allow":["GET"]}}],"collection":[{"href":"https:\/\/computaex.es\/en\/wp-json\/wp\/v2\/pages"}],"about":[{"href":"https:\/\/computaex.es\/en\/wp-json\/wp\/v2\/types\/page"}],"author":[{"embeddable":true,"href":"https:\/\/computaex.es\/en\/wp-json\/wp\/v2\/users\/1"}],"replies":[{"embeddable":true,"href":"https:\/\/computaex.es\/en\/wp-json\/wp\/v2\/comments?post=1563"}],"version-history":[{"count":55,"href":"https:\/\/computaex.es\/en\/wp-json\/wp\/v2\/pages\/1563\/revisions"}],"predecessor-version":[{"id":10926,"href":"https:\/\/computaex.es\/en\/wp-json\/wp\/v2\/pages\/1563\/revisions\/10926"}],"wp:attachment":[{"href":"https:\/\/computaex.es\/en\/wp-json\/wp\/v2\/media?parent=1563"}],"wp:term":[{"taxonomy":"category","embeddable":true,"href":"https:\/\/computaex.es\/en\/wp-json\/wp\/v2\/categories?post=1563"}],"curies":[{"name":"wp","href":"https:\/\/api.w.org\/{rel}","templated":true}]}}