{"id":1565,"date":"2024-04-03T10:31:18","date_gmt":"2024-04-03T08:31:18","guid":{"rendered":"http:\/\/10.128.3.28\/?page_id=1565"},"modified":"2025-07-22T14:12:40","modified_gmt":"2025-07-22T12:12:40","slug":"empleo_old","status":"publish","type":"page","link":"https:\/\/computaex.es\/en\/empleo_old\/","title":{"rendered":"Empleo_old"},"content":{"rendered":"<div data-elementor-type=\"wp-page\" data-elementor-id=\"1565\" class=\"elementor elementor-1565\">\n\t\t\t\t<div class=\"elementor-element elementor-element-57c433f e-flex e-con-boxed wpr-particle-no wpr-jarallax-no wpr-parallax-no wpr-sticky-section-no e-con e-parent\" data-id=\"57c433f\" data-element_type=\"container\" data-e-type=\"container\">\n\t\t\t\t\t<div class=\"e-con-inner\">\n\t\t\t\t<div class=\"elementor-element elementor-element-85f5e4d elementor-tabs-view-horizontal elementor-widget elementor-widget-tabs\" data-id=\"85f5e4d\" data-element_type=\"widget\" data-e-type=\"widget\" data-widget_type=\"tabs.default\">\n\t\t\t\t<div class=\"elementor-widget-container\">\n\t\t\t\t\t\t\t<div class=\"elementor-tabs\">\n\t\t\t<div class=\"elementor-tabs-wrapper\" role=\"tablist\" >\n\t\t\t\t\t\t\t\t\t<div id=\"elementor-tab-title-1401\" class=\"elementor-tab-title elementor-tab-desktop-title\" aria-selected=\"true\" data-tab=\"1\" role=\"tab\" tabindex=\"0\" aria-controls=\"elementor-tab-content-1401\" aria-expanded=\"false\">2024<\/div>\n\t\t\t\t\t\t\t\t\t<div id=\"elementor-tab-title-1402\" class=\"elementor-tab-title elementor-tab-desktop-title\" aria-selected=\"false\" data-tab=\"2\" role=\"tab\" tabindex=\"-1\" aria-controls=\"elementor-tab-content-1402\" aria-expanded=\"false\">2023<\/div>\n\t\t\t\t\t\t\t\t\t<div id=\"elementor-tab-title-1403\" class=\"elementor-tab-title elementor-tab-desktop-title\" aria-selected=\"false\" data-tab=\"3\" role=\"tab\" tabindex=\"-1\" aria-controls=\"elementor-tab-content-1403\" aria-expanded=\"false\">2022<\/div>\n\t\t\t\t\t\t\t\t\t<div id=\"elementor-tab-title-1404\" class=\"elementor-tab-title elementor-tab-desktop-title\" aria-selected=\"false\" data-tab=\"4\" role=\"tab\" tabindex=\"-1\" aria-controls=\"elementor-tab-content-1404\" aria-expanded=\"false\">2021<\/div>\n\t\t\t\t\t\t\t\t\t<div id=\"elementor-tab-title-1405\" class=\"elementor-tab-title elementor-tab-desktop-title\" aria-selected=\"false\" data-tab=\"5\" role=\"tab\" tabindex=\"-1\" aria-controls=\"elementor-tab-content-1405\" aria-expanded=\"false\">2020<\/div>\n\t\t\t\t\t\t\t<\/div>\n\t\t\t<div class=\"elementor-tabs-content-wrapper\" role=\"tablist\" aria-orientation=\"vertical\">\n\t\t\t\t\t\t\t\t\t<div class=\"elementor-tab-title elementor-tab-mobile-title\" aria-selected=\"true\" data-tab=\"1\" role=\"tab\" tabindex=\"0\" aria-controls=\"elementor-tab-content-1401\" aria-expanded=\"false\">2024<\/div>\n\t\t\t\t\t<div id=\"elementor-tab-content-1401\" class=\"elementor-tab-content elementor-clearfix\" data-tab=\"1\" role=\"tabpanel\" aria-labelledby=\"elementor-tab-title-1401\" tabindex=\"0\" hidden=\"false\"><table data-id=\"8429012\"><thead><tr><th>T\u00edtulo<\/th><th>Date<\/th><\/tr><\/thead><tbody><tr><td><a href=\"\/en\/empleo\/oferta-18-03-2024\/\">Convocada oferta de empleo de cuatro puestos de T\u00e9cnico\/a PPCC en la Fundaci\u00f3n COMPUTAEX<\/a><\/td><td>18\/03\/2024<\/td><\/tr><tr><td><a href=\"\/en\/ofertas-de-empleo\/convocada-oferta-de-empleo-de-dos-puestos-de-tecnico-a-ggdd-en-computaex\/\">Convocada oferta de empleo de dos puestos de T\u00e9cnico\/a GGDD en COMPUTAEX<\/a><\/td><td>05\/11\/2024<\/td><\/tr><\/tbody><\/table><\/div>\n\t\t\t\t\t\t\t\t\t<div class=\"elementor-tab-title elementor-tab-mobile-title\" aria-selected=\"false\" data-tab=\"2\" role=\"tab\" tabindex=\"-1\" aria-controls=\"elementor-tab-content-1402\" aria-expanded=\"false\">2023<\/div>\n\t\t\t\t\t<div id=\"elementor-tab-content-1402\" class=\"elementor-tab-content elementor-clearfix\" data-tab=\"2\" role=\"tabpanel\" aria-labelledby=\"elementor-tab-title-1402\" tabindex=\"0\" hidden=\"hidden\"><table data-id=\"8429012\" data-items-per-page=\"10\"><thead><tr><th>T\u00edtulo<\/th><th>Date<\/th><\/tr><\/thead><tbody><tr><td><a href=\"\/en\/empleo\/oferta-07-11-2023\/\">Convocada oferta de empleo de T\u00e9cnico\/a EDIH en la Fundaci\u00f3n COMPUTAEX<\/a><\/td><td>07\/11\/2023<\/td><\/tr><tr><td><a href=\"\/en\/empleo\/oferta-07-11-2023-2\/\">Convocada oferta de empleo de Auxiliar de Administraci\u00f3n EDIH en la Fundaci\u00f3n COMPUTAEX<\/a><\/td><td>07\/11\/2023<\/td><\/tr><tr><td><a href=\"\/en\/empleo\/oferta-02-10-2023\/\">Convocada oferta de empleo de T\u00e9cnico\/a para el proyecto Quantum Spain en la Fundaci\u00f3n COMPUTAEX<\/a><\/td><td>02\/10\/2023<\/td><\/tr><tr><td><a href=\"\/en\/empleo\/oferta-25-09-2023\/\">Convocada oferta de empleo de Administrador de Sistemas y Supercomputaci\u00f3n en la Fundaci\u00f3n COMPUTAEX<\/a><\/td><td>25\/09\/2023<\/td><\/tr><tr><td><a href=\"http:\/\/10.128.3.28\/empleo\/oferta-29-03-2023\/\">Convocada oferta de empleo de Auxiliar de Administraci\u00f3n en la Fundaci\u00f3n COMPUTAEX<\/a><\/td><td>29\/03\/2023<\/td><\/tr><tr><td><a href=\"\/en\/empleo\/oferta-13-01-2023\/\">COMPUTAEX ofrece 3 contratos en pr\u00e1cticas de personal investigador<\/a><\/td><td>13\/01\/2023<\/td><\/tr><\/tbody><\/table><\/div>\n\t\t\t\t\t\t\t\t\t<div class=\"elementor-tab-title elementor-tab-mobile-title\" aria-selected=\"false\" data-tab=\"3\" role=\"tab\" tabindex=\"-1\" aria-controls=\"elementor-tab-content-1403\" aria-expanded=\"false\">2022<\/div>\n\t\t\t\t\t<div id=\"elementor-tab-content-1403\" class=\"elementor-tab-content elementor-clearfix\" data-tab=\"3\" role=\"tabpanel\" aria-labelledby=\"elementor-tab-title-1403\" tabindex=\"0\" hidden=\"hidden\"><table style=\"width: 100%; height: 445px;\" data-id=\"8429012\" data-items-per-page=\"10\"><thead><tr style=\"height: 20px;\"><th style=\"height: 20px;\">T\u00edtulo<\/th><th style=\"height: 20px;\">Date<\/th><\/tr><\/thead><tbody><tr style=\"height: 37px;\"><td style=\"height: 37px;\"><a href=\"\/en\/empleo\/oferta-28-12-2022\/\">COMPUTAEX ofrece un contrato indefinido de Analista de Proyectos y Comunicaci\u00f3n<\/a><\/td><td style=\"height: 37px;\">28\/12\/2022<\/td><\/tr><tr style=\"height: 37px;\"><td style=\"height: 37px;\"><a href=\"\/en\/empleo\/oferta-02-12-2022\/\">COMPUTAEX ofrece 2 contratos en pr\u00e1cticas de personal investigador<\/a><\/td><td style=\"height: 37px;\">02\/12\/2022<\/td><\/tr><tr style=\"height: 37px;\"><td style=\"height: 37px;\"><a href=\"\/en\/empleo\/oferta-19-10-2022\/\">COMPUTAEX ofrece un contrato en pr\u00e1cticas de personal de apoyo a la investigaci\u00f3n<\/a><\/td><td style=\"height: 37px;\">19\/10\/2022<\/td><\/tr><tr style=\"height: 37px;\"><td style=\"height: 37px;\"><a href=\"http:\/\/10.128.3.28\/empleo\/oferta-20-09-2022\/\">Convocada oferta de empleo de Auxiliar de Administraci\u00f3n en la Fundaci\u00f3n COMPUTAEX<\/a><\/td><td style=\"height: 37px;\">20\/09\/2022<\/td><\/tr><tr style=\"height: 37px;\"><td style=\"height: 37px;\"><a href=\"\/en\/empleo\/oferta-13-05-2022\/\">COMPUTAEX ofrece un contrato en pr\u00e1cticas de personal de apoyo a la investigaci\u00f3n<\/a><\/td><td style=\"height: 37px;\">13\/05\/2022<\/td><\/tr><tr style=\"height: 37px;\"><td style=\"height: 37px;\"><a href=\"\/en\/empleo\/oferta-26-04-2022\/\">Oferta de empleo para el proyecto Quantum Spain<\/a><\/td><td style=\"height: 37px;\">26\/04\/2022<\/td><\/tr><tr style=\"height: 37px;\"><td style=\"height: 37px;\"><a href=\"\/en\/empleo\/oferta-08-04-2022\/\">COMPUTAEX ofrece un contrato en pr\u00e1cticas de personal de apoyo a la investigaci\u00f3n<\/a><\/td><td style=\"height: 37px;\">08\/04\/2022<\/td><\/tr><tr style=\"height: 55px;\"><td style=\"height: 55px;\"><a href=\"\/en\/empleo\/oferta-17-03-2022\/\">Convocada oferta de empleo de Oficial de Primera de Mantenimiento en la Fundaci\u00f3n COMPUTAEX<\/a><\/td><td style=\"height: 55px;\">17\/03\/2022<\/td><\/tr><tr style=\"height: 37px;\"><td style=\"height: 37px;\"><a href=\"\/en\/empleo\/oferta-17-03-2022-2\/\">Convocada oferta de empleo de Auxiliar de Administraci\u00f3n en la Fundaci\u00f3n COMPUTAEX<\/a><\/td><td style=\"height: 37px;\">17\/03\/2022<\/td><\/tr><tr style=\"height: 37px;\"><td style=\"height: 37px;\"><a href=\"\/en\/empleo\/oferta-25-02-2022\/\">Convocada una plaza de car\u00e1cter indefinido en la Fundaci\u00f3n COMPUTAEX<\/a><\/td><td style=\"height: 37px;\">25\/02\/2022<\/td><\/tr><tr style=\"height: 37px;\"><td style=\"height: 37px;\"><a href=\"\/en\/empleo\/oferta-24-01-2022\/\">Convocada una plaza de car\u00e1cter indefinido en la Fundaci\u00f3n COMPUTAEX<\/a><\/td><td style=\"height: 37px;\">24\/01\/2022<\/td><\/tr><\/tbody><\/table><\/div>\n\t\t\t\t\t\t\t\t\t<div class=\"elementor-tab-title elementor-tab-mobile-title\" aria-selected=\"false\" data-tab=\"4\" role=\"tab\" tabindex=\"-1\" aria-controls=\"elementor-tab-content-1404\" aria-expanded=\"false\">2021<\/div>\n\t\t\t\t\t<div id=\"elementor-tab-content-1404\" class=\"elementor-tab-content elementor-clearfix\" data-tab=\"4\" role=\"tabpanel\" aria-labelledby=\"elementor-tab-title-1404\" tabindex=\"0\" hidden=\"hidden\"><table data-id=\"8429012\" data-items-per-page=\"10\"><thead><tr><th>T\u00edtulo<\/th><th>Date<\/th><\/tr><\/thead><tbody><tr><td><a href=\"http:\/\/10.128.3.28\/empleo\/oferta-20-12-2021\/\">Convocada una beca a trav\u00e9s del convenio entre COMPUTAEX y la UEx<\/a><\/td><td>20\/12\/2021<\/td><\/tr><tr><td><a href=\"http:\/\/10.128.3.28\/empleo\/oferta-29-10-2021\/\">Convocada una plaza a tiempo completo en la Fundaci\u00f3n COMPUTAEX<\/a><\/td><td>29\/10\/2021<\/td><\/tr><tr><td><a href=\"http:\/\/10.128.3.28\/empleo\/oferta-20-10-2021\/\">Convocadas dos becas a trav\u00e9s del convenio entre COMPUTAEX y la UEx<\/a><\/td><td>20\/10\/2021<\/td><\/tr><tr><td><a href=\"http:\/\/10.128.3.28\/empleo\/oferta-27-08-2021\/\">Convocada una plaza a tiempo completo en la Fundaci\u00f3n COMPUTAEX<\/a><\/td><td>27\/08\/2021<\/td><\/tr><tr><td><a href=\"http:\/\/10.128.3.28\/empleo\/oferta-10-06-2021\/\">Convocada una plaza a tiempo completo en la Fundaci\u00f3n COMPUTAEX<\/a><\/td><td>10\/06\/2021<\/td><\/tr><tr><td><a href=\"http:\/\/10.128.3.28\/empleo\/oferta-12-05-2021\/\">Convocada una plaza a tiempo completo en la Fundaci\u00f3n COMPUTAEX<\/a><\/td><td>12\/05\/2021<\/td><\/tr><tr><td><a href=\"http:\/\/10.128.3.28\/empleo\/oferta-26-03-2021\/\">Convocada una plaza a tiempo completo en la Fundaci\u00f3n COMPUTAEX<\/a><\/td><td>26\/03\/2021<\/td><\/tr><tr><td><a href=\"http:\/\/10.128.3.28\/empleo\/oferta-15-03-2021\/\">Convocada una beca a trav\u00e9s del convenio entre COMPUTAEX y la UEx<\/a><\/td><td>15\/03\/2021<\/td><\/tr><tr><td><a href=\"http:\/\/10.128.3.28\/empleo\/oferta-22-01-2021\/\">COMPUTAEX ofrece un contrato en pr\u00e1cticas de personal de apoyo a la investigaci\u00f3n<\/a><\/td><td>22\/01\/2021<\/td><\/tr><\/tbody><\/table><\/div>\n\t\t\t\t\t\t\t\t\t<div class=\"elementor-tab-title elementor-tab-mobile-title\" aria-selected=\"false\" data-tab=\"5\" role=\"tab\" tabindex=\"-1\" aria-controls=\"elementor-tab-content-1405\" aria-expanded=\"false\">2020<\/div>\n\t\t\t\t\t<div id=\"elementor-tab-content-1405\" class=\"elementor-tab-content elementor-clearfix\" data-tab=\"5\" role=\"tabpanel\" aria-labelledby=\"elementor-tab-title-1405\" tabindex=\"0\" hidden=\"hidden\"><table data-id=\"8429012\" data-items-per-page=\"10\"><thead><tr><th>T\u00edtulo<\/th><th>Date<\/th><\/tr><\/thead><tbody><tr><td><a href=\"http:\/\/10.128.3.28\/empleo\/oferta-28-02-2020\/\">COMPUTAEX ofrece un contrato en pr\u00e1cticas de personal de apoyo a la investigaci\u00f3n<\/a><\/td><td>28\/02\/2020<\/td><\/tr><tr><td><a href=\"http:\/\/10.128.3.28\/empleo\/oferta-30-01-2020\/\">COMPUTAEX ofrece un contrato en pr\u00e1cticas de personal de apoyo a la investigaci\u00f3n<\/a><\/td><td>30\/01\/2020<\/td><\/tr><tr><td><a href=\"http:\/\/10.128.3.28\/empleo\/oferta-27-01-2020\/\">Convocadas dos becas a trav\u00e9s del convenio entre COMPUTAEX y la UEx<\/a><\/td><td>27\/01\/2020<\/td><\/tr><\/tbody><\/table><\/div>\n\t\t\t\t\t\t\t<\/div>\n\t\t<\/div>\n\t\t\t\t\t\t<\/div>\n\t\t\t\t<\/div>\n\t\t\t\t\t<\/div>\n\t\t\t\t<\/div>\n\t\t\t\t<\/div>","protected":false},"excerpt":{"rendered":"<p>2024 2023 2022 2021 2020 2024 T\u00edtulo Fecha Convocada oferta de empleo de cuatro puestos de T\u00e9cnico\/a PPCC en la Fundaci\u00f3n COMPUTAEX 18\/03\/2024 Convocada oferta de empleo de dos puestos &#8230;<\/p>","protected":false},"author":1,"featured_media":0,"parent":0,"menu_order":0,"comment_status":"closed","ping_status":"closed","template":"","meta":{"footnotes":""},"categories":[],"tags":[],"class_list":["post-1565","page","type-page","status-publish","hentry"],"yoast_head":"<!-- This site is optimized with the Yoast SEO plugin v27.1.1 - https:\/\/yoast.com\/product\/yoast-seo-wordpress\/ -->\n<title>Empleo_old - Fundaci\u00f3n COMPUTAEX<\/title>\n<meta name=\"robots\" content=\"index, follow, max-snippet:-1, max-image-preview:large, max-video-preview:-1\" \/>\n<link rel=\"canonical\" href=\"https:\/\/computaex.es\/en\/empleo_old\/\" \/>\n<meta property=\"og:locale\" content=\"en_US\" \/>\n<meta property=\"og:type\" content=\"article\" \/>\n<meta property=\"og:title\" content=\"Empleo_old - Fundaci\u00f3n COMPUTAEX\" \/>\n<meta property=\"og:description\" content=\"2024 2023 2022 2021 2020 2024 T\u00edtulo Fecha Convocada oferta de empleo de cuatro puestos de T\u00e9cnico\/a PPCC en la Fundaci\u00f3n COMPUTAEX 18\/03\/2024 Convocada oferta de empleo de dos puestos ...\" \/>\n<meta property=\"og:url\" content=\"https:\/\/computaex.es\/en\/empleo_old\/\" \/>\n<meta property=\"og:site_name\" content=\"Fundaci\u00f3n COMPUTAEX\" \/>\n<meta property=\"article:publisher\" content=\"https:\/\/m.facebook.com\/computaex\/\" \/>\n<meta property=\"article:modified_time\" content=\"2025-07-22T12:12:40+00:00\" \/>\n<meta property=\"og:image\" content=\"https:\/\/computaex.es\/wp-content\/uploads\/2025\/08\/COMPUTAEX.jpg\" \/>\n\t<meta property=\"og:image:width\" content=\"1024\" \/>\n\t<meta property=\"og:image:height\" content=\"403\" \/>\n\t<meta property=\"og:image:type\" content=\"image\/jpeg\" \/>\n<meta name=\"twitter:card\" content=\"summary_large_image\" \/>\n<meta name=\"twitter:site\" content=\"@computaex\" \/>\n<meta name=\"twitter:label1\" content=\"Est. reading time\" \/>\n\t<meta name=\"twitter:data1\" content=\"2 minutes\" \/>\n<script type=\"application\/ld+json\" class=\"yoast-schema-graph\">{\"@context\":\"https:\/\/schema.org\",\"@graph\":[{\"@type\":\"WebPage\",\"@id\":\"https:\/\/computaex.es\/empleo_old\/\",\"url\":\"https:\/\/computaex.es\/empleo_old\/\",\"name\":\"Empleo_old - Fundaci\u00f3n COMPUTAEX\",\"isPartOf\":{\"@id\":\"https:\/\/computaex.es\/#website\"},\"datePublished\":\"2024-04-03T08:31:18+00:00\",\"dateModified\":\"2025-07-22T12:12:40+00:00\",\"breadcrumb\":{\"@id\":\"https:\/\/computaex.es\/empleo_old\/#breadcrumb\"},\"inLanguage\":\"en-US\",\"potentialAction\":[{\"@type\":\"ReadAction\",\"target\":[\"https:\/\/computaex.es\/empleo_old\/\"]}]},{\"@type\":\"BreadcrumbList\",\"@id\":\"https:\/\/computaex.es\/empleo_old\/#breadcrumb\",\"itemListElement\":[{\"@type\":\"ListItem\",\"position\":1,\"name\":\"Portada\",\"item\":\"https:\/\/computaex.es\/\"},{\"@type\":\"ListItem\",\"position\":2,\"name\":\"Empleo_old\"}]},{\"@type\":\"WebSite\",\"@id\":\"https:\/\/computaex.es\/#website\",\"url\":\"https:\/\/computaex.es\/\",\"name\":\"Fundaci\u00f3n COMPUTAEX\",\"description\":\"COMPUTAEX\",\"publisher\":{\"@id\":\"https:\/\/computaex.es\/#organization\"},\"potentialAction\":[{\"@type\":\"SearchAction\",\"target\":{\"@type\":\"EntryPoint\",\"urlTemplate\":\"https:\/\/computaex.es\/?s={search_term_string}\"},\"query-input\":{\"@type\":\"PropertyValueSpecification\",\"valueRequired\":true,\"valueName\":\"search_term_string\"}}],\"inLanguage\":\"en-US\"},{\"@type\":\"Organization\",\"@id\":\"https:\/\/computaex.es\/#organization\",\"name\":\"COMPUTAEX\",\"url\":\"https:\/\/computaex.es\/\",\"logo\":{\"@type\":\"ImageObject\",\"inLanguage\":\"en-US\",\"@id\":\"https:\/\/computaex.es\/#\/schema\/logo\/image\/\",\"url\":\"https:\/\/computaex.es\/wp-content\/uploads\/2025\/05\/cropped-COMPUTAEX_transparente-scaled-1.png\",\"contentUrl\":\"https:\/\/computaex.es\/wp-content\/uploads\/2025\/05\/cropped-COMPUTAEX_transparente-scaled-1.png\",\"width\":2560,\"height\":970,\"caption\":\"COMPUTAEX\"},\"image\":{\"@id\":\"https:\/\/computaex.es\/#\/schema\/logo\/image\/\"},\"sameAs\":[\"https:\/\/m.facebook.com\/computaex\/\",\"https:\/\/x.com\/computaex\",\"https:\/\/es.linkedin.com\/company\/cenits\"]}]}<\/script>\n<!-- \/ Yoast SEO plugin. -->","yoast_head_json":{"title":"Empleo_old - Fundaci\u00f3n COMPUTAEX","robots":{"index":"index","follow":"follow","max-snippet":"max-snippet:-1","max-image-preview":"max-image-preview:large","max-video-preview":"max-video-preview:-1"},"canonical":"https:\/\/computaex.es\/en\/empleo_old\/","og_locale":"en_US","og_type":"article","og_title":"Empleo_old - Fundaci\u00f3n COMPUTAEX","og_description":"2024 2023 2022 2021 2020 2024 T\u00edtulo Fecha Convocada oferta de empleo de cuatro puestos de T\u00e9cnico\/a PPCC en la Fundaci\u00f3n COMPUTAEX 18\/03\/2024 Convocada oferta de empleo de dos puestos ...","og_url":"https:\/\/computaex.es\/en\/empleo_old\/","og_site_name":"Fundaci\u00f3n COMPUTAEX","article_publisher":"https:\/\/m.facebook.com\/computaex\/","article_modified_time":"2025-07-22T12:12:40+00:00","og_image":[{"width":1024,"height":403,"url":"https:\/\/computaex.es\/wp-content\/uploads\/2025\/08\/COMPUTAEX.jpg","type":"image\/jpeg"}],"twitter_card":"summary_large_image","twitter_site":"@computaex","twitter_misc":{"Est. reading time":"2 minutes"},"schema":{"@context":"https:\/\/schema.org","@graph":[{"@type":"WebPage","@id":"https:\/\/computaex.es\/empleo_old\/","url":"https:\/\/computaex.es\/empleo_old\/","name":"Empleo_old - Fundaci\u00f3n COMPUTAEX","isPartOf":{"@id":"https:\/\/computaex.es\/#website"},"datePublished":"2024-04-03T08:31:18+00:00","dateModified":"2025-07-22T12:12:40+00:00","breadcrumb":{"@id":"https:\/\/computaex.es\/empleo_old\/#breadcrumb"},"inLanguage":"en-US","potentialAction":[{"@type":"ReadAction","target":["https:\/\/computaex.es\/empleo_old\/"]}]},{"@type":"BreadcrumbList","@id":"https:\/\/computaex.es\/empleo_old\/#breadcrumb","itemListElement":[{"@type":"ListItem","position":1,"name":"Portada","item":"https:\/\/computaex.es\/"},{"@type":"ListItem","position":2,"name":"Empleo_old"}]},{"@type":"WebSite","@id":"https:\/\/computaex.es\/#website","url":"https:\/\/computaex.es\/","name":"COMPUTAEX Foundation","description":"COMPUTAEX","publisher":{"@id":"https:\/\/computaex.es\/#organization"},"potentialAction":[{"@type":"SearchAction","target":{"@type":"EntryPoint","urlTemplate":"https:\/\/computaex.es\/?s={search_term_string}"},"query-input":{"@type":"PropertyValueSpecification","valueRequired":true,"valueName":"search_term_string"}}],"inLanguage":"en-US"},{"@type":"Organization","@id":"https:\/\/computaex.es\/#organization","name":"COMPUTAEX","url":"https:\/\/computaex.es\/","logo":{"@type":"ImageObject","inLanguage":"en-US","@id":"https:\/\/computaex.es\/#\/schema\/logo\/image\/","url":"https:\/\/computaex.es\/wp-content\/uploads\/2025\/05\/cropped-COMPUTAEX_transparente-scaled-1.png","contentUrl":"https:\/\/computaex.es\/wp-content\/uploads\/2025\/05\/cropped-COMPUTAEX_transparente-scaled-1.png","width":2560,"height":970,"caption":"COMPUTAEX"},"image":{"@id":"https:\/\/computaex.es\/#\/schema\/logo\/image\/"},"sameAs":["https:\/\/m.facebook.com\/computaex\/","https:\/\/x.com\/computaex","https:\/\/es.linkedin.com\/company\/cenits"]}]}},"_links":{"self":[{"href":"https:\/\/computaex.es\/en\/wp-json\/wp\/v2\/pages\/1565","targetHints":{"allow":["GET"]}}],"collection":[{"href":"https:\/\/computaex.es\/en\/wp-json\/wp\/v2\/pages"}],"about":[{"href":"https:\/\/computaex.es\/en\/wp-json\/wp\/v2\/types\/page"}],"author":[{"embeddable":true,"href":"https:\/\/computaex.es\/en\/wp-json\/wp\/v2\/users\/1"}],"replies":[{"embeddable":true,"href":"https:\/\/computaex.es\/en\/wp-json\/wp\/v2\/comments?post=1565"}],"version-history":[{"count":61,"href":"https:\/\/computaex.es\/en\/wp-json\/wp\/v2\/pages\/1565\/revisions"}],"predecessor-version":[{"id":8133,"href":"https:\/\/computaex.es\/en\/wp-json\/wp\/v2\/pages\/1565\/revisions\/8133"}],"wp:attachment":[{"href":"https:\/\/computaex.es\/en\/wp-json\/wp\/v2\/media?parent=1565"}],"wp:term":[{"taxonomy":"category","embeddable":true,"href":"https:\/\/computaex.es\/en\/wp-json\/wp\/v2\/categories?post=1565"},{"taxonomy":"post_tag","embeddable":true,"href":"https:\/\/computaex.es\/en\/wp-json\/wp\/v2\/tags?post=1565"}],"curies":[{"name":"wp","href":"https:\/\/api.w.org\/{rel}","templated":true}]}}