{"id":1567,"date":"2024-04-03T10:31:40","date_gmt":"2024-04-03T08:31:40","guid":{"rendered":"http:\/\/10.128.3.28\/?page_id=1567"},"modified":"2025-10-20T14:44:34","modified_gmt":"2025-10-20T12:44:34","slug":"lusitania","status":"publish","type":"page","link":"https:\/\/computaex.es\/en\/lusitania\/","title":{"rendered":"LUSITANIA"},"content":{"rendered":"<div data-elementor-type=\"wp-page\" data-elementor-id=\"1567\" class=\"elementor elementor-1567\">\n\t\t\t\t<div class=\"elementor-element elementor-element-b1abc91 e-flex e-con-boxed wpr-particle-no wpr-jarallax-no wpr-parallax-no wpr-sticky-section-no e-con e-parent\" data-id=\"b1abc91\" data-element_type=\"container\" data-e-type=\"container\">\n\t\t\t\t\t<div class=\"e-con-inner\">\n\t\t<div class=\"elementor-element elementor-element-dada14a e-con-full e-flex wpr-particle-no wpr-jarallax-no wpr-parallax-no wpr-sticky-section-no e-con e-child\" data-id=\"dada14a\" data-element_type=\"container\" data-e-type=\"container\">\n\t\t\t\t<div class=\"elementor-element elementor-element-a28fc84 elementor-widget elementor-widget-image\" data-id=\"a28fc84\" data-element_type=\"widget\" data-e-type=\"widget\" data-widget_type=\"image.default\">\n\t\t\t\t<div class=\"elementor-widget-container\">\n\t\t\t\t\t\t\t\t\t\t\t\t\t\t\t<img fetchpriority=\"high\" decoding=\"async\" width=\"800\" height=\"772\" src=\"https:\/\/computaex.es\/wp-content\/uploads\/2024\/04\/lusitania_silueta_invertida-1024x988.jpg\" class=\"attachment-large size-large wp-image-2547\" alt=\"\" srcset=\"https:\/\/computaex.es\/wp-content\/uploads\/2024\/04\/lusitania_silueta_invertida-1024x988.jpg 1024w, https:\/\/computaex.es\/wp-content\/uploads\/2024\/04\/lusitania_silueta_invertida-300x289.jpg 300w, https:\/\/computaex.es\/wp-content\/uploads\/2024\/04\/lusitania_silueta_invertida-768x741.jpg 768w, https:\/\/computaex.es\/wp-content\/uploads\/2024\/04\/lusitania_silueta_invertida-1536x1482.jpg 1536w, https:\/\/computaex.es\/wp-content\/uploads\/2024\/04\/lusitania_silueta_invertida-2048x1975.jpg 2048w\" sizes=\"(max-width: 800px) 100vw, 800px\" \/>\t\t\t\t\t\t\t\t\t\t\t\t\t\t\t<\/div>\n\t\t\t\t<\/div>\n\t\t\t\t<\/div>\n\t\t<div class=\"elementor-element elementor-element-76d3cd1 e-con-full e-flex wpr-particle-no wpr-jarallax-no wpr-parallax-no wpr-sticky-section-no e-con e-child\" data-id=\"76d3cd1\" data-element_type=\"container\" data-e-type=\"container\">\n\t\t\t\t<div class=\"elementor-element elementor-element-6485fc7 elementor-widget elementor-widget-text-editor\" data-id=\"6485fc7\" data-element_type=\"widget\" data-e-type=\"widget\" data-widget_type=\"text-editor.default\">\n\t\t\t\t<div class=\"elementor-widget-container\">\n\t\t\t\t\t\t\t\t\t<p>Extremadura Supercomputing Center managed Extremadura's first supercomputer, <a href=\"\/en\/lusitania\/lusitania-i\/\"><strong>LUSITANIA<\/strong><\/a>, since its launch in 2009 until the end of 2017. It has provided researchers, innovators, and technologists with a resource capable of meeting requirements that would otherwise have been impossible to address, providing intensive computing and advanced communications services to the research community, companies, institutions, and technology centers in Extremadura.<\/p>\t\t\t\t\t\t\t\t<\/div>\n\t\t\t\t<\/div>\n\t\t\t\t<\/div>\n\t\t\t\t\t<\/div>\n\t\t\t\t<\/div>\n\t\t<div class=\"elementor-element elementor-element-f29fa6a e-flex e-con-boxed wpr-particle-no wpr-jarallax-no wpr-parallax-no wpr-sticky-section-no e-con e-parent\" data-id=\"f29fa6a\" data-element_type=\"container\" data-e-type=\"container\">\n\t\t\t\t\t<div class=\"e-con-inner\">\n\t\t<div class=\"elementor-element elementor-element-46684cf e-con-full e-flex wpr-particle-no wpr-jarallax-no wpr-parallax-no wpr-sticky-section-no e-con e-child\" data-id=\"46684cf\" data-element_type=\"container\" data-e-type=\"container\">\n\t\t\t\t<div class=\"elementor-element elementor-element-edd1355 elementor-widget elementor-widget-text-editor\" data-id=\"edd1355\" data-element_type=\"widget\" data-e-type=\"widget\" data-widget_type=\"text-editor.default\">\n\t\t\t\t<div class=\"elementor-widget-container\">\n\t\t\t\t\t\t\t\t\t<p>Since the end of 2015, Extremadura also has\u00a0<strong><a href=\"\/en\/lusitania\/lusitania-ii\/\">LUSITANIA II<\/a><\/strong>. This significantly increased the computing resources offered by the COMPUTAEX Foundation, reaching a computing capacity of 90.8 teraflops, thus considerably increasing the power offered by the first LUSITANIA supercomputer.<\/p>\t\t\t\t\t\t\t\t<\/div>\n\t\t\t\t<\/div>\n\t\t\t\t<\/div>\n\t\t<div class=\"elementor-element elementor-element-049ebad e-con-full e-flex wpr-particle-no wpr-jarallax-no wpr-parallax-no wpr-sticky-section-no e-con e-child\" data-id=\"049ebad\" data-element_type=\"container\" data-e-type=\"container\">\n\t\t\t\t<div class=\"elementor-element elementor-element-43ecc8a elementor-widget elementor-widget-image\" data-id=\"43ecc8a\" data-element_type=\"widget\" data-e-type=\"widget\" data-widget_type=\"image.default\">\n\t\t\t\t<div class=\"elementor-widget-container\">\n\t\t\t\t\t\t\t\t\t\t\t\t\t\t\t<img decoding=\"async\" width=\"800\" height=\"689\" src=\"https:\/\/computaex.es\/wp-content\/uploads\/2024\/04\/lusitaniaiib-1024x882.jpg\" class=\"attachment-large size-large wp-image-2549\" alt=\"\" srcset=\"https:\/\/computaex.es\/wp-content\/uploads\/2024\/04\/lusitaniaiib-1024x882.jpg 1024w, https:\/\/computaex.es\/wp-content\/uploads\/2024\/04\/lusitaniaiib-300x258.jpg 300w, https:\/\/computaex.es\/wp-content\/uploads\/2024\/04\/lusitaniaiib-768x662.jpg 768w, https:\/\/computaex.es\/wp-content\/uploads\/2024\/04\/lusitaniaiib-1536x1323.jpg 1536w, https:\/\/computaex.es\/wp-content\/uploads\/2024\/04\/lusitaniaiib-2048x1764.jpg 2048w\" sizes=\"(max-width: 800px) 100vw, 800px\" \/>\t\t\t\t\t\t\t\t\t\t\t\t\t\t\t<\/div>\n\t\t\t\t<\/div>\n\t\t\t\t<\/div>\n\t\t\t\t\t<\/div>\n\t\t\t\t<\/div>\n\t\t<div class=\"elementor-element elementor-element-4c062ad e-flex e-con-boxed wpr-particle-no wpr-jarallax-no wpr-parallax-no wpr-sticky-section-no e-con e-parent\" data-id=\"4c062ad\" data-element_type=\"container\" data-e-type=\"container\">\n\t\t\t\t\t<div class=\"e-con-inner\">\n\t\t<div class=\"elementor-element elementor-element-c216a67 e-con-full e-flex wpr-particle-no wpr-jarallax-no wpr-parallax-no wpr-sticky-section-no e-con e-child\" data-id=\"c216a67\" data-element_type=\"container\" data-e-type=\"container\">\n\t\t\t\t<div class=\"elementor-element elementor-element-b06803e elementor-widget elementor-widget-image\" data-id=\"b06803e\" data-element_type=\"widget\" data-e-type=\"widget\" data-widget_type=\"image.default\">\n\t\t\t\t<div class=\"elementor-widget-container\">\n\t\t\t\t\t\t\t\t\t\t\t\t\t\t\t<img decoding=\"async\" width=\"683\" height=\"1024\" src=\"https:\/\/computaex.es\/wp-content\/uploads\/2024\/04\/lusitania_iii-683x1024.jpg\" class=\"attachment-large size-large wp-image-2545\" alt=\"\" srcset=\"https:\/\/computaex.es\/wp-content\/uploads\/2024\/04\/lusitania_iii-683x1024.jpg 683w, https:\/\/computaex.es\/wp-content\/uploads\/2024\/04\/lusitania_iii-200x300.jpg 200w, https:\/\/computaex.es\/wp-content\/uploads\/2024\/04\/lusitania_iii-768x1152.jpg 768w, https:\/\/computaex.es\/wp-content\/uploads\/2024\/04\/lusitania_iii-1024x1536.jpg 1024w, https:\/\/computaex.es\/wp-content\/uploads\/2024\/04\/lusitania_iii-1365x2048.jpg 1365w, https:\/\/computaex.es\/wp-content\/uploads\/2024\/04\/lusitania_iii-scaled.jpg 1707w\" sizes=\"(max-width: 683px) 100vw, 683px\" \/>\t\t\t\t\t\t\t\t\t\t\t\t\t\t\t<\/div>\n\t\t\t\t<\/div>\n\t\t\t\t<\/div>\n\t\t<div class=\"elementor-element elementor-element-7035f7e e-con-full e-flex wpr-particle-no wpr-jarallax-no wpr-parallax-no wpr-sticky-section-no e-con e-child\" data-id=\"7035f7e\" data-element_type=\"container\" data-e-type=\"container\">\n\t\t\t\t<div class=\"elementor-element elementor-element-f522a8c elementor-widget elementor-widget-text-editor\" data-id=\"f522a8c\" data-element_type=\"widget\" data-e-type=\"widget\" data-widget_type=\"text-editor.default\">\n\t\t\t\t<div class=\"elementor-widget-container\">\n\t\t\t\t\t\t\t\t\t<p>Since early 2020, Extremadura has had\u00a0<a href=\"\/en\/lusitania\/lusitania-iii\/\"><strong>LUSITANIA III<\/strong><\/a>, located in C\u00e1ceres. LUSITANIA III has been financed with ERDF funds managed by the Regional Ministry of Economy, Science, and Digital Agenda of the Regional Government of Extremadura through the General Secretariat for Science, Technology, Innovation, and Universities.<\/p><p>For COMPUTAEX, this represents an extraordinarily important milestone in the foundation's ten-year history, during which it has provided intensive computing services for projects developed by the scientific community and businesses across all sectors.<\/p><p>Specifically, LUSITANIA III significantly increases the computing resources offered by the COMPUTAEX Foundation, reaching a total supercomputing capacity of 93 TFlops plus 120 TFlops of graphics computing, on an Infiniband network of up to 100 Gbps, and providing a total of 3,696 cores and 40,960 CUDA cores, which are available to researchers, innovators, technologists, and all types of users who need its resources.<\/p>\t\t\t\t\t\t\t\t<\/div>\n\t\t\t\t<\/div>\n\t\t\t\t<\/div>\n\t\t\t\t\t<\/div>\n\t\t\t\t<\/div>\n\t\t<div class=\"elementor-element elementor-element-e5d5c39 e-flex e-con-boxed wpr-particle-no wpr-jarallax-no wpr-parallax-no wpr-sticky-section-no e-con e-parent\" data-id=\"e5d5c39\" data-element_type=\"container\" data-e-type=\"container\">\n\t\t\t\t\t<div class=\"e-con-inner\">\n\t\t\t\t<div class=\"elementor-element elementor-element-33aa4e4 elementor-widget elementor-widget-text-editor\" data-id=\"33aa4e4\" data-element_type=\"widget\" data-e-type=\"widget\" data-widget_type=\"text-editor.default\">\n\t\t\t\t<div class=\"elementor-widget-container\">\n\t\t\t\t\t\t\t\t\t<p>Please, visit the following link if you wish to <a href=\"\/en\/peticion-de-recursos\/\">request supercomputing resources and services<\/a>.<\/p><p>More information:<\/p><ul><li>Technical specifications of <a href=\"\/en\/lusitania\/lusitania-i\/\">LUSITANIA<\/a>, <a href=\"\/en\/lusitania\/lusitania-ii\/\">LUSITANIA II<\/a> and <a href=\"\/en\/lusitania\/lusitania-iii\/\">LUSITANIA III<\/a>.<\/li><\/ul>\t\t\t\t\t\t\t\t<\/div>\n\t\t\t\t<\/div>\n\t\t\t\t\t<\/div>\n\t\t\t\t<\/div>\n\t\t\t\t<\/div>","protected":false},"excerpt":{"rendered":"<p>Extremadura Supercomputing Center gestion\u00f3 el primer Supercomputador de Extremadura, LUSITANIA, desde su puesta en marcha en el a\u00f1o 2009, hasta finales de 2017, proporcionando a investigadores, innovadores y tecn\u00f3logos un &#8230;<\/p>","protected":false},"author":1,"featured_media":0,"parent":0,"menu_order":0,"comment_status":"closed","ping_status":"closed","template":"","meta":{"footnotes":""},"categories":[],"tags":[],"class_list":["post-1567","page","type-page","status-publish","hentry"],"yoast_head":"<!-- This site is optimized with the Yoast SEO plugin v27.1.1 - https:\/\/yoast.com\/product\/yoast-seo-wordpress\/ -->\n<title>LUSITANIA - Fundaci\u00f3n COMPUTAEX<\/title>\n<meta name=\"robots\" content=\"index, follow, max-snippet:-1, max-image-preview:large, max-video-preview:-1\" \/>\n<link rel=\"canonical\" href=\"https:\/\/computaex.es\/en\/lusitania\/\" \/>\n<meta property=\"og:locale\" content=\"en_US\" \/>\n<meta property=\"og:type\" content=\"article\" \/>\n<meta property=\"og:title\" content=\"LUSITANIA - Fundaci\u00f3n COMPUTAEX\" \/>\n<meta property=\"og:description\" content=\"Extremadura Supercomputing Center gestion\u00f3 el primer Supercomputador de Extremadura, LUSITANIA, desde su puesta en marcha en el a\u00f1o 2009, hasta finales de 2017, proporcionando a investigadores, innovadores y tecn\u00f3logos un ...\" \/>\n<meta property=\"og:url\" content=\"https:\/\/computaex.es\/en\/lusitania\/\" \/>\n<meta property=\"og:site_name\" content=\"Fundaci\u00f3n COMPUTAEX\" \/>\n<meta property=\"article:publisher\" content=\"https:\/\/m.facebook.com\/computaex\/\" \/>\n<meta property=\"article:modified_time\" content=\"2025-10-20T12:44:34+00:00\" \/>\n<meta property=\"og:image\" content=\"https:\/\/computaex.es\/wp-content\/uploads\/2024\/04\/lusitania_silueta_invertida-scaled.jpg\" \/>\n\t<meta property=\"og:image:width\" content=\"2560\" \/>\n\t<meta property=\"og:image:height\" content=\"2469\" \/>\n\t<meta property=\"og:image:type\" content=\"image\/jpeg\" \/>\n<meta name=\"twitter:card\" content=\"summary_large_image\" \/>\n<meta name=\"twitter:site\" content=\"@computaex\" \/>\n<meta name=\"twitter:label1\" content=\"Est. reading time\" \/>\n\t<meta name=\"twitter:data1\" content=\"2 minutes\" \/>\n<script type=\"application\/ld+json\" class=\"yoast-schema-graph\">{\"@context\":\"https:\/\/schema.org\",\"@graph\":[{\"@type\":\"WebPage\",\"@id\":\"https:\/\/computaex.es\/lusitania\/\",\"url\":\"https:\/\/computaex.es\/lusitania\/\",\"name\":\"LUSITANIA - Fundaci\u00f3n COMPUTAEX\",\"isPartOf\":{\"@id\":\"https:\/\/computaex.es\/#website\"},\"primaryImageOfPage\":{\"@id\":\"https:\/\/computaex.es\/lusitania\/#primaryimage\"},\"image\":{\"@id\":\"https:\/\/computaex.es\/lusitania\/#primaryimage\"},\"thumbnailUrl\":\"https:\/\/computaex.es\/wp-content\/uploads\/2024\/04\/lusitania_silueta_invertida-1024x988.jpg\",\"datePublished\":\"2024-04-03T08:31:40+00:00\",\"dateModified\":\"2025-10-20T12:44:34+00:00\",\"breadcrumb\":{\"@id\":\"https:\/\/computaex.es\/lusitania\/#breadcrumb\"},\"inLanguage\":\"en-US\",\"potentialAction\":[{\"@type\":\"ReadAction\",\"target\":[\"https:\/\/computaex.es\/lusitania\/\"]}]},{\"@type\":\"ImageObject\",\"inLanguage\":\"en-US\",\"@id\":\"https:\/\/computaex.es\/lusitania\/#primaryimage\",\"url\":\"https:\/\/computaex.es\/wp-content\/uploads\/2024\/04\/lusitania_silueta_invertida-1024x988.jpg\",\"contentUrl\":\"https:\/\/computaex.es\/wp-content\/uploads\/2024\/04\/lusitania_silueta_invertida-1024x988.jpg\"},{\"@type\":\"BreadcrumbList\",\"@id\":\"https:\/\/computaex.es\/lusitania\/#breadcrumb\",\"itemListElement\":[{\"@type\":\"ListItem\",\"position\":1,\"name\":\"Portada\",\"item\":\"https:\/\/computaex.es\/\"},{\"@type\":\"ListItem\",\"position\":2,\"name\":\"LUSITANIA\"}]},{\"@type\":\"WebSite\",\"@id\":\"https:\/\/computaex.es\/#website\",\"url\":\"https:\/\/computaex.es\/\",\"name\":\"Fundaci\u00f3n COMPUTAEX\",\"description\":\"COMPUTAEX\",\"publisher\":{\"@id\":\"https:\/\/computaex.es\/#organization\"},\"potentialAction\":[{\"@type\":\"SearchAction\",\"target\":{\"@type\":\"EntryPoint\",\"urlTemplate\":\"https:\/\/computaex.es\/?s={search_term_string}\"},\"query-input\":{\"@type\":\"PropertyValueSpecification\",\"valueRequired\":true,\"valueName\":\"search_term_string\"}}],\"inLanguage\":\"en-US\"},{\"@type\":\"Organization\",\"@id\":\"https:\/\/computaex.es\/#organization\",\"name\":\"COMPUTAEX\",\"url\":\"https:\/\/computaex.es\/\",\"logo\":{\"@type\":\"ImageObject\",\"inLanguage\":\"en-US\",\"@id\":\"https:\/\/computaex.es\/#\/schema\/logo\/image\/\",\"url\":\"https:\/\/computaex.es\/wp-content\/uploads\/2025\/05\/cropped-COMPUTAEX_transparente-scaled-1.png\",\"contentUrl\":\"https:\/\/computaex.es\/wp-content\/uploads\/2025\/05\/cropped-COMPUTAEX_transparente-scaled-1.png\",\"width\":2560,\"height\":970,\"caption\":\"COMPUTAEX\"},\"image\":{\"@id\":\"https:\/\/computaex.es\/#\/schema\/logo\/image\/\"},\"sameAs\":[\"https:\/\/m.facebook.com\/computaex\/\",\"https:\/\/x.com\/computaex\",\"https:\/\/es.linkedin.com\/company\/cenits\"]}]}<\/script>\n<!-- \/ Yoast SEO plugin. -->","yoast_head_json":{"title":"LUSITANIA - Fundaci\u00f3n COMPUTAEX","robots":{"index":"index","follow":"follow","max-snippet":"max-snippet:-1","max-image-preview":"max-image-preview:large","max-video-preview":"max-video-preview:-1"},"canonical":"https:\/\/computaex.es\/en\/lusitania\/","og_locale":"en_US","og_type":"article","og_title":"LUSITANIA - Fundaci\u00f3n COMPUTAEX","og_description":"Extremadura Supercomputing Center gestion\u00f3 el primer Supercomputador de Extremadura, LUSITANIA, desde su puesta en marcha en el a\u00f1o 2009, hasta finales de 2017, proporcionando a investigadores, innovadores y tecn\u00f3logos un ...","og_url":"https:\/\/computaex.es\/en\/lusitania\/","og_site_name":"Fundaci\u00f3n COMPUTAEX","article_publisher":"https:\/\/m.facebook.com\/computaex\/","article_modified_time":"2025-10-20T12:44:34+00:00","og_image":[{"width":2560,"height":2469,"url":"https:\/\/computaex.es\/wp-content\/uploads\/2024\/04\/lusitania_silueta_invertida-scaled.jpg","type":"image\/jpeg"}],"twitter_card":"summary_large_image","twitter_site":"@computaex","twitter_misc":{"Est. reading time":"2 minutes"},"schema":{"@context":"https:\/\/schema.org","@graph":[{"@type":"WebPage","@id":"https:\/\/computaex.es\/lusitania\/","url":"https:\/\/computaex.es\/lusitania\/","name":"LUSITANIA - Fundaci\u00f3n COMPUTAEX","isPartOf":{"@id":"https:\/\/computaex.es\/#website"},"primaryImageOfPage":{"@id":"https:\/\/computaex.es\/lusitania\/#primaryimage"},"image":{"@id":"https:\/\/computaex.es\/lusitania\/#primaryimage"},"thumbnailUrl":"https:\/\/computaex.es\/wp-content\/uploads\/2024\/04\/lusitania_silueta_invertida-1024x988.jpg","datePublished":"2024-04-03T08:31:40+00:00","dateModified":"2025-10-20T12:44:34+00:00","breadcrumb":{"@id":"https:\/\/computaex.es\/lusitania\/#breadcrumb"},"inLanguage":"en-US","potentialAction":[{"@type":"ReadAction","target":["https:\/\/computaex.es\/lusitania\/"]}]},{"@type":"ImageObject","inLanguage":"en-US","@id":"https:\/\/computaex.es\/lusitania\/#primaryimage","url":"https:\/\/computaex.es\/wp-content\/uploads\/2024\/04\/lusitania_silueta_invertida-1024x988.jpg","contentUrl":"https:\/\/computaex.es\/wp-content\/uploads\/2024\/04\/lusitania_silueta_invertida-1024x988.jpg"},{"@type":"BreadcrumbList","@id":"https:\/\/computaex.es\/lusitania\/#breadcrumb","itemListElement":[{"@type":"ListItem","position":1,"name":"Portada","item":"https:\/\/computaex.es\/"},{"@type":"ListItem","position":2,"name":"LUSITANIA"}]},{"@type":"WebSite","@id":"https:\/\/computaex.es\/#website","url":"https:\/\/computaex.es\/","name":"COMPUTAEX Foundation","description":"COMPUTAEX","publisher":{"@id":"https:\/\/computaex.es\/#organization"},"potentialAction":[{"@type":"SearchAction","target":{"@type":"EntryPoint","urlTemplate":"https:\/\/computaex.es\/?s={search_term_string}"},"query-input":{"@type":"PropertyValueSpecification","valueRequired":true,"valueName":"search_term_string"}}],"inLanguage":"en-US"},{"@type":"Organization","@id":"https:\/\/computaex.es\/#organization","name":"COMPUTAEX","url":"https:\/\/computaex.es\/","logo":{"@type":"ImageObject","inLanguage":"en-US","@id":"https:\/\/computaex.es\/#\/schema\/logo\/image\/","url":"https:\/\/computaex.es\/wp-content\/uploads\/2025\/05\/cropped-COMPUTAEX_transparente-scaled-1.png","contentUrl":"https:\/\/computaex.es\/wp-content\/uploads\/2025\/05\/cropped-COMPUTAEX_transparente-scaled-1.png","width":2560,"height":970,"caption":"COMPUTAEX"},"image":{"@id":"https:\/\/computaex.es\/#\/schema\/logo\/image\/"},"sameAs":["https:\/\/m.facebook.com\/computaex\/","https:\/\/x.com\/computaex","https:\/\/es.linkedin.com\/company\/cenits"]}]}},"_links":{"self":[{"href":"https:\/\/computaex.es\/en\/wp-json\/wp\/v2\/pages\/1567","targetHints":{"allow":["GET"]}}],"collection":[{"href":"https:\/\/computaex.es\/en\/wp-json\/wp\/v2\/pages"}],"about":[{"href":"https:\/\/computaex.es\/en\/wp-json\/wp\/v2\/types\/page"}],"author":[{"embeddable":true,"href":"https:\/\/computaex.es\/en\/wp-json\/wp\/v2\/users\/1"}],"replies":[{"embeddable":true,"href":"https:\/\/computaex.es\/en\/wp-json\/wp\/v2\/comments?post=1567"}],"version-history":[{"count":22,"href":"https:\/\/computaex.es\/en\/wp-json\/wp\/v2\/pages\/1567\/revisions"}],"predecessor-version":[{"id":10411,"href":"https:\/\/computaex.es\/en\/wp-json\/wp\/v2\/pages\/1567\/revisions\/10411"}],"wp:attachment":[{"href":"https:\/\/computaex.es\/en\/wp-json\/wp\/v2\/media?parent=1567"}],"wp:term":[{"taxonomy":"category","embeddable":true,"href":"https:\/\/computaex.es\/en\/wp-json\/wp\/v2\/categories?post=1567"},{"taxonomy":"post_tag","embeddable":true,"href":"https:\/\/computaex.es\/en\/wp-json\/wp\/v2\/tags?post=1567"}],"curies":[{"name":"wp","href":"https:\/\/api.w.org\/{rel}","templated":true}]}}