{"id":1571,"date":"2024-04-03T10:32:03","date_gmt":"2024-04-03T08:32:03","guid":{"rendered":"http:\/\/10.128.3.28\/?page_id=1571"},"modified":"2025-07-18T10:29:57","modified_gmt":"2025-07-18T08:29:57","slug":"res","status":"publish","type":"page","link":"https:\/\/computaex.es\/en\/res\/","title":{"rendered":"RES"},"content":{"rendered":"<p style=\"text-align: justify;\">The <a href=\"https:\/\/www.res.es\/\">Spanish Supercomputing Network (RES)<\/a>\u00a0is a distributed infrastructure that brings together some of Spain's most advanced supercomputing centers. Its main mission is to provide the scientific, technological, and business communities with the resources necessary to carry out projects that require high-performance computing and storage capabilities.<\/p>\n<p style=\"text-align: justify;\">The RES supports researchers in multiple disciplines, including areas such as bioinformatics, astrophysics, artificial intelligence, climate change, and industrial process simulation. This network contributes significantly to the advancement of science and technology in Spain, facilitating innovative solutions with global impact.<\/p>\n<p style=\"text-align: justify;\">The Computing and Advanced Technologies Foundation of Extremadura (<a href=\"\/en\/descripcion-la-fundacion\/\">COMPUTAEX<\/a>) is one of the centers that form part of the Spanish Supercomputing Network (RES). Its contribution focuses on the use of the LUSITANIA supercomputer <strong>LUSITANIA<\/strong>, which provides advanced computing and storage resources distributed across the network.<\/p>\n<p style=\"text-align: justify;\">COMPUTAEX's collaboration within the RES facilitates the execution of projects that require high-performance supercomputing, expanding research possibilities at both the regional and national levels. This effort strengthens the national network of technological infrastructures, promoting innovation and cooperation between academic, scientific, and business institutions throughout the country.<\/p>","protected":false},"excerpt":{"rendered":"<p>La Red Espa\u00f1ola de Supercomputaci\u00f3n (RES)\u00a0es una infraestructura distribuida que re\u00fane algunos de los centros de supercomputaci\u00f3n m\u00e1s avanzados de Espa\u00f1a. Su misi\u00f3n principal es poner a disposici\u00f3n de la &#8230;<\/p>","protected":false},"author":1,"featured_media":0,"parent":0,"menu_order":0,"comment_status":"closed","ping_status":"closed","template":"","meta":{"footnotes":""},"categories":[],"tags":[],"class_list":["post-1571","page","type-page","status-publish","hentry"],"yoast_head":"<!-- This site is optimized with the Yoast SEO plugin v27.1.1 - https:\/\/yoast.com\/product\/yoast-seo-wordpress\/ -->\n<title>RES - Fundaci\u00f3n COMPUTAEX<\/title>\n<meta name=\"robots\" content=\"index, follow, max-snippet:-1, max-image-preview:large, max-video-preview:-1\" \/>\n<link rel=\"canonical\" href=\"https:\/\/computaex.es\/en\/res\/\" \/>\n<meta property=\"og:locale\" content=\"en_US\" \/>\n<meta property=\"og:type\" content=\"article\" \/>\n<meta property=\"og:title\" content=\"RES - Fundaci\u00f3n COMPUTAEX\" \/>\n<meta property=\"og:description\" content=\"La Red Espa\u00f1ola de Supercomputaci\u00f3n (RES)\u00a0es una infraestructura distribuida que re\u00fane algunos de los centros de supercomputaci\u00f3n m\u00e1s avanzados de Espa\u00f1a. Su misi\u00f3n principal es poner a disposici\u00f3n de la ...\" \/>\n<meta property=\"og:url\" content=\"https:\/\/computaex.es\/en\/res\/\" \/>\n<meta property=\"og:site_name\" content=\"Fundaci\u00f3n COMPUTAEX\" \/>\n<meta property=\"article:publisher\" content=\"https:\/\/m.facebook.com\/computaex\/\" \/>\n<meta property=\"article:modified_time\" content=\"2025-07-18T08:29:57+00:00\" \/>\n<meta property=\"og:image\" content=\"https:\/\/computaex.es\/wp-content\/uploads\/2025\/08\/COMPUTAEX.jpg\" \/>\n\t<meta property=\"og:image:width\" content=\"1024\" \/>\n\t<meta property=\"og:image:height\" content=\"403\" \/>\n\t<meta property=\"og:image:type\" content=\"image\/jpeg\" \/>\n<meta name=\"twitter:card\" content=\"summary_large_image\" \/>\n<meta name=\"twitter:site\" content=\"@computaex\" \/>\n<meta name=\"twitter:label1\" content=\"Est. reading time\" \/>\n\t<meta name=\"twitter:data1\" content=\"1 minute\" \/>\n<script type=\"application\/ld+json\" class=\"yoast-schema-graph\">{\"@context\":\"https:\/\/schema.org\",\"@graph\":[{\"@type\":\"WebPage\",\"@id\":\"https:\/\/computaex.es\/res\/\",\"url\":\"https:\/\/computaex.es\/res\/\",\"name\":\"RES - Fundaci\u00f3n COMPUTAEX\",\"isPartOf\":{\"@id\":\"https:\/\/computaex.es\/#website\"},\"datePublished\":\"2024-04-03T08:32:03+00:00\",\"dateModified\":\"2025-07-18T08:29:57+00:00\",\"breadcrumb\":{\"@id\":\"https:\/\/computaex.es\/res\/#breadcrumb\"},\"inLanguage\":\"en-US\",\"potentialAction\":[{\"@type\":\"ReadAction\",\"target\":[\"https:\/\/computaex.es\/res\/\"]}]},{\"@type\":\"BreadcrumbList\",\"@id\":\"https:\/\/computaex.es\/res\/#breadcrumb\",\"itemListElement\":[{\"@type\":\"ListItem\",\"position\":1,\"name\":\"Portada\",\"item\":\"https:\/\/computaex.es\/\"},{\"@type\":\"ListItem\",\"position\":2,\"name\":\"RES\"}]},{\"@type\":\"WebSite\",\"@id\":\"https:\/\/computaex.es\/#website\",\"url\":\"https:\/\/computaex.es\/\",\"name\":\"Fundaci\u00f3n COMPUTAEX\",\"description\":\"COMPUTAEX\",\"publisher\":{\"@id\":\"https:\/\/computaex.es\/#organization\"},\"potentialAction\":[{\"@type\":\"SearchAction\",\"target\":{\"@type\":\"EntryPoint\",\"urlTemplate\":\"https:\/\/computaex.es\/?s={search_term_string}\"},\"query-input\":{\"@type\":\"PropertyValueSpecification\",\"valueRequired\":true,\"valueName\":\"search_term_string\"}}],\"inLanguage\":\"en-US\"},{\"@type\":\"Organization\",\"@id\":\"https:\/\/computaex.es\/#organization\",\"name\":\"COMPUTAEX\",\"url\":\"https:\/\/computaex.es\/\",\"logo\":{\"@type\":\"ImageObject\",\"inLanguage\":\"en-US\",\"@id\":\"https:\/\/computaex.es\/#\/schema\/logo\/image\/\",\"url\":\"https:\/\/computaex.es\/wp-content\/uploads\/2025\/05\/cropped-COMPUTAEX_transparente-scaled-1.png\",\"contentUrl\":\"https:\/\/computaex.es\/wp-content\/uploads\/2025\/05\/cropped-COMPUTAEX_transparente-scaled-1.png\",\"width\":2560,\"height\":970,\"caption\":\"COMPUTAEX\"},\"image\":{\"@id\":\"https:\/\/computaex.es\/#\/schema\/logo\/image\/\"},\"sameAs\":[\"https:\/\/m.facebook.com\/computaex\/\",\"https:\/\/x.com\/computaex\",\"https:\/\/es.linkedin.com\/company\/cenits\"]}]}<\/script>\n<!-- \/ Yoast SEO plugin. -->","yoast_head_json":{"title":"RES - Fundaci\u00f3n COMPUTAEX","robots":{"index":"index","follow":"follow","max-snippet":"max-snippet:-1","max-image-preview":"max-image-preview:large","max-video-preview":"max-video-preview:-1"},"canonical":"https:\/\/computaex.es\/en\/res\/","og_locale":"en_US","og_type":"article","og_title":"RES - Fundaci\u00f3n COMPUTAEX","og_description":"La Red Espa\u00f1ola de Supercomputaci\u00f3n (RES)\u00a0es una infraestructura distribuida que re\u00fane algunos de los centros de supercomputaci\u00f3n m\u00e1s avanzados de Espa\u00f1a. Su misi\u00f3n principal es poner a disposici\u00f3n de la ...","og_url":"https:\/\/computaex.es\/en\/res\/","og_site_name":"Fundaci\u00f3n COMPUTAEX","article_publisher":"https:\/\/m.facebook.com\/computaex\/","article_modified_time":"2025-07-18T08:29:57+00:00","og_image":[{"width":1024,"height":403,"url":"https:\/\/computaex.es\/wp-content\/uploads\/2025\/08\/COMPUTAEX.jpg","type":"image\/jpeg"}],"twitter_card":"summary_large_image","twitter_site":"@computaex","twitter_misc":{"Est. reading time":"1 minute"},"schema":{"@context":"https:\/\/schema.org","@graph":[{"@type":"WebPage","@id":"https:\/\/computaex.es\/res\/","url":"https:\/\/computaex.es\/res\/","name":"RES - Fundaci\u00f3n COMPUTAEX","isPartOf":{"@id":"https:\/\/computaex.es\/#website"},"datePublished":"2024-04-03T08:32:03+00:00","dateModified":"2025-07-18T08:29:57+00:00","breadcrumb":{"@id":"https:\/\/computaex.es\/res\/#breadcrumb"},"inLanguage":"en-US","potentialAction":[{"@type":"ReadAction","target":["https:\/\/computaex.es\/res\/"]}]},{"@type":"BreadcrumbList","@id":"https:\/\/computaex.es\/res\/#breadcrumb","itemListElement":[{"@type":"ListItem","position":1,"name":"Portada","item":"https:\/\/computaex.es\/"},{"@type":"ListItem","position":2,"name":"RES"}]},{"@type":"WebSite","@id":"https:\/\/computaex.es\/#website","url":"https:\/\/computaex.es\/","name":"COMPUTAEX Foundation","description":"COMPUTAEX","publisher":{"@id":"https:\/\/computaex.es\/#organization"},"potentialAction":[{"@type":"SearchAction","target":{"@type":"EntryPoint","urlTemplate":"https:\/\/computaex.es\/?s={search_term_string}"},"query-input":{"@type":"PropertyValueSpecification","valueRequired":true,"valueName":"search_term_string"}}],"inLanguage":"en-US"},{"@type":"Organization","@id":"https:\/\/computaex.es\/#organization","name":"COMPUTAEX","url":"https:\/\/computaex.es\/","logo":{"@type":"ImageObject","inLanguage":"en-US","@id":"https:\/\/computaex.es\/#\/schema\/logo\/image\/","url":"https:\/\/computaex.es\/wp-content\/uploads\/2025\/05\/cropped-COMPUTAEX_transparente-scaled-1.png","contentUrl":"https:\/\/computaex.es\/wp-content\/uploads\/2025\/05\/cropped-COMPUTAEX_transparente-scaled-1.png","width":2560,"height":970,"caption":"COMPUTAEX"},"image":{"@id":"https:\/\/computaex.es\/#\/schema\/logo\/image\/"},"sameAs":["https:\/\/m.facebook.com\/computaex\/","https:\/\/x.com\/computaex","https:\/\/es.linkedin.com\/company\/cenits"]}]}},"_links":{"self":[{"href":"https:\/\/computaex.es\/en\/wp-json\/wp\/v2\/pages\/1571","targetHints":{"allow":["GET"]}}],"collection":[{"href":"https:\/\/computaex.es\/en\/wp-json\/wp\/v2\/pages"}],"about":[{"href":"https:\/\/computaex.es\/en\/wp-json\/wp\/v2\/types\/page"}],"author":[{"embeddable":true,"href":"https:\/\/computaex.es\/en\/wp-json\/wp\/v2\/users\/1"}],"replies":[{"embeddable":true,"href":"https:\/\/computaex.es\/en\/wp-json\/wp\/v2\/comments?post=1571"}],"version-history":[{"count":4,"href":"https:\/\/computaex.es\/en\/wp-json\/wp\/v2\/pages\/1571\/revisions"}],"predecessor-version":[{"id":7965,"href":"https:\/\/computaex.es\/en\/wp-json\/wp\/v2\/pages\/1571\/revisions\/7965"}],"wp:attachment":[{"href":"https:\/\/computaex.es\/en\/wp-json\/wp\/v2\/media?parent=1571"}],"wp:term":[{"taxonomy":"category","embeddable":true,"href":"https:\/\/computaex.es\/en\/wp-json\/wp\/v2\/categories?post=1571"},{"taxonomy":"post_tag","embeddable":true,"href":"https:\/\/computaex.es\/en\/wp-json\/wp\/v2\/tags?post=1571"}],"curies":[{"name":"wp","href":"https:\/\/api.w.org\/{rel}","templated":true}]}}