{"id":1575,"date":"2024-04-03T10:32:33","date_gmt":"2024-04-03T08:32:33","guid":{"rendered":"http:\/\/10.128.3.28\/?page_id=1575"},"modified":"2025-09-01T09:07:34","modified_gmt":"2025-09-01T07:07:34","slug":"peticion-de-recursos","status":"publish","type":"page","link":"https:\/\/computaex.es\/en\/peticion-de-recursos\/","title":{"rendered":"Request for resources"},"content":{"rendered":"\t\t<div data-elementor-type=\"wp-page\" data-elementor-id=\"1575\" class=\"elementor elementor-1575\">\n\t\t\t\t<div class=\"elementor-element elementor-element-fe44a62 e-flex e-con-boxed wpr-particle-no wpr-jarallax-no wpr-parallax-no wpr-sticky-section-no e-con e-parent\" data-id=\"fe44a62\" data-element_type=\"container\" data-e-type=\"container\">\n\t\t\t\t\t<div class=\"e-con-inner\">\n\t\t\t\t<div class=\"elementor-element elementor-element-2def390 elementor-widget elementor-widget-text-editor\" data-id=\"2def390\" data-element_type=\"widget\" data-e-type=\"widget\" data-widget_type=\"text-editor.default\">\n\t\t\t\t<div class=\"elementor-widget-container\">\n\t\t\t\t\t\t\t\t\t<p>Si desea solicitar alguno de los recursos ofrecidos por el <a href=\"\/descripcion-centro\">Centro de Supercomputaci\u00f3n de Extremadura<\/a>, complete el siguiente formulario.<br \/>Una vez enviado, recibir\u00e1 un correo electr\u00f3nico con su solicitud, en formato PDF, y las instrucciones a seguir para completar su registro.<\/p>\t\t\t\t\t\t\t\t<\/div>\n\t\t\t\t<\/div>\n\t\t\t\t<div class=\"elementor-element elementor-element-b346df9 elementor-widget elementor-widget-wpforms\" data-id=\"b346df9\" data-element_type=\"widget\" data-e-type=\"widget\" data-widget_type=\"wpforms.default\">\n\t\t\t\t<div class=\"elementor-widget-container\">\n\t\t\t\t\t<style id=\"wpforms-css-vars-elementor-widget-b346df9\">\n\t\t\t\t.elementor-widget-wpforms.elementor-element-b346df9 {\n\t\t\t\t--wpforms-button-background-color: #74B3A1;\n\t\t\t}\n\t\t\t<\/style><div class=\"wpforms-container wpforms-container-full wpforms-render-modern\" id=\"wpforms-2088\"><form id=\"wpforms-form-2088\" class=\"wpforms-validate wpforms-form wpforms-ajax-form\" data-formid=\"2088\" method=\"post\" enctype=\"multipart\/form-data\" action=\"\/en\/wp-json\/wp\/v2\/pages\/1575\" data-token=\"acfb6b1142fb9c3da9601409bae6e54f\" data-token-time=\"1776771498\"><noscript class=\"wpforms-error-noscript\">Please enable JavaScript in your browser to complete this form.<\/noscript><div id=\"wpforms-error-noscript\" style=\"display: none;\">Please enable JavaScript in your browser to complete this form.<\/div><div class=\"wpforms-field-container\"><div id=\"wpforms-2088-field_0-container\" class=\"wpforms-field wpforms-field-name\" data-field-id=\"0\"><fieldset><legend class=\"wpforms-field-label\">Nombre <span class=\"wpforms-required-label\" aria-hidden=\"true\">*<\/span><\/legend><div class=\"wpforms-field-row wpforms-field-medium\"><div class=\"wpforms-field-row-block wpforms-first wpforms-one-half\"><input type=\"text\" id=\"wpforms-2088-field_0\" class=\"wpforms-field-name-first wpforms-field-required\" name=\"wpforms[fields][0][first]\" aria-errormessage=\"wpforms-2088-field_0-error\" required><label for=\"wpforms-2088-field_0\" class=\"wpforms-field-sublabel after\">First<\/label><\/div><div class=\"wpforms-field-row-block wpforms-one-half\"><input type=\"text\" id=\"wpforms-2088-field_0-last\" class=\"wpforms-field-name-last wpforms-field-required\" name=\"wpforms[fields][0][last]\" aria-errormessage=\"wpforms-2088-field_0-last-error\" required><label for=\"wpforms-2088-field_0-last\" class=\"wpforms-field-sublabel after\">Last<\/label><\/div><\/div><\/fieldset><\/div><div id=\"wpforms-2088-field_3-container\" class=\"wpforms-field wpforms-field-text\" data-field-id=\"3\"><label class=\"wpforms-field-label\" for=\"wpforms-2088-field_3\">DNI \/ NIE <span class=\"wpforms-required-label\" aria-hidden=\"true\">*<\/span><\/label><input type=\"text\" id=\"wpforms-2088-field_3\" class=\"wpforms-field-medium wpforms-field-required wpforms-limit-characters-enabled\" data-form-id=\"2088\" data-field-id=\"3\" data-text-limit=\"9\" name=\"wpforms[fields][3]\" aria-errormessage=\"wpforms-2088-field_3-error\" aria-describedby=\"wpforms-2088-field_3-description\" maxlength=\"9\" required><div id=\"wpforms-2088-field_3-description\" class=\"wpforms-field-description\">N\u00famero de identificaci\u00f3n del solicitante.<\/div><\/div><div id=\"wpforms-2088-field_1-container\" class=\"wpforms-field wpforms-field-email\" data-field-id=\"1\"><label class=\"wpforms-field-label\" for=\"wpforms-2088-field_1\">Correo electr\u00f3nico <span class=\"wpforms-required-label\" aria-hidden=\"true\">*<\/span><\/label><input type=\"email\" id=\"wpforms-2088-field_1\" class=\"wpforms-field-medium wpforms-field-required\" name=\"wpforms[fields][1]\" spellcheck=\"false\" aria-errormessage=\"wpforms-2088-field_1-error\" aria-describedby=\"wpforms-2088-field_1-description\" required><div id=\"wpforms-2088-field_1-description\" class=\"wpforms-field-description\">Correo electr\u00f3nico del solicitante.<\/div><\/div><div id=\"wpforms-2088-field_4-container\" class=\"wpforms-field wpforms-field-text\" data-field-id=\"4\"><label class=\"wpforms-field-label\" for=\"wpforms-2088-field_4\">Instituci\u00f3n <span class=\"wpforms-required-label\" aria-hidden=\"true\">*<\/span><\/label><input type=\"text\" id=\"wpforms-2088-field_4\" class=\"wpforms-field-medium wpforms-field-required\" name=\"wpforms[fields][4]\" aria-errormessage=\"wpforms-2088-field_4-error\" aria-describedby=\"wpforms-2088-field_4-description\" required><div id=\"wpforms-2088-field_4-description\" class=\"wpforms-field-description\">Nombre de la instituci\u00f3n.<\/div><\/div><div id=\"wpforms-2088-field_6-container\" class=\"wpforms-field wpforms-field-text\" data-field-id=\"6\"><label class=\"wpforms-field-label\" for=\"wpforms-2088-field_6\">Centro <span class=\"wpforms-required-label\" aria-hidden=\"true\">*<\/span><\/label><input type=\"text\" id=\"wpforms-2088-field_6\" class=\"wpforms-field-medium wpforms-field-required\" name=\"wpforms[fields][6]\" aria-errormessage=\"wpforms-2088-field_6-error\" aria-describedby=\"wpforms-2088-field_6-description\" required><div id=\"wpforms-2088-field_6-description\" class=\"wpforms-field-description\">Nombre del centro correspondiente.<\/div><\/div><div id=\"wpforms-2088-field_7-container\" class=\"wpforms-field wpforms-field-text\" data-field-id=\"7\"><label class=\"wpforms-field-label\" for=\"wpforms-2088-field_7\">Departamento <span class=\"wpforms-required-label\" aria-hidden=\"true\">*<\/span><\/label><input type=\"text\" id=\"wpforms-2088-field_7\" class=\"wpforms-field-medium wpforms-field-required\" name=\"wpforms[fields][7]\" aria-errormessage=\"wpforms-2088-field_7-error\" aria-describedby=\"wpforms-2088-field_7-description\" required><div id=\"wpforms-2088-field_7-description\" class=\"wpforms-field-description\">Departamento al que pertenece el solicitante.<\/div><\/div><div id=\"wpforms-2088-field_8-container\" class=\"wpforms-field wpforms-field-text\" data-field-id=\"8\"><label class=\"wpforms-field-label\" for=\"wpforms-2088-field_8\">Grupo de investigaci\u00f3n <span class=\"wpforms-required-label\" aria-hidden=\"true\">*<\/span><\/label><input type=\"text\" id=\"wpforms-2088-field_8\" class=\"wpforms-field-medium wpforms-field-required\" name=\"wpforms[fields][8]\" aria-errormessage=\"wpforms-2088-field_8-error\" aria-describedby=\"wpforms-2088-field_8-description\" required><div id=\"wpforms-2088-field_8-description\" class=\"wpforms-field-description\">Grupo de investigaci\u00f3n. Indicar \"Ninguno\" en caso de no pertenencia.<\/div><\/div><div id=\"wpforms-2088-field_10-container\" class=\"wpforms-field wpforms-field-text\" data-field-id=\"10\"><label class=\"wpforms-field-label\" for=\"wpforms-2088-field_10\">Direcci\u00f3n postal <span class=\"wpforms-required-label\" aria-hidden=\"true\">*<\/span><\/label><input type=\"text\" id=\"wpforms-2088-field_10\" class=\"wpforms-field-medium wpforms-field-required\" name=\"wpforms[fields][10]\" aria-errormessage=\"wpforms-2088-field_10-error\" aria-describedby=\"wpforms-2088-field_10-description\" required><div id=\"wpforms-2088-field_10-description\" class=\"wpforms-field-description\">Direcci\u00f3n postal (nombre o n\u00famero del edificio, nombre de la calle, c\u00f3digo postal, ciudad y provincia).<\/div><\/div><div id=\"wpforms-2088-field_14-container\" class=\"wpforms-field wpforms-field-text\" data-field-id=\"14\"><label class=\"wpforms-field-label\" for=\"wpforms-2088-field_14\">Tel\u00e9fono <span class=\"wpforms-required-label\" aria-hidden=\"true\">*<\/span><\/label><input type=\"text\" id=\"wpforms-2088-field_14\" class=\"wpforms-field-medium wpforms-field-required wpforms-limit-characters-enabled\" data-form-id=\"2088\" data-field-id=\"14\" data-text-limit=\"20\" name=\"wpforms[fields][14]\" placeholder=\"(+34)\" aria-errormessage=\"wpforms-2088-field_14-error\" aria-describedby=\"wpforms-2088-field_14-description\" maxlength=\"20\" required><div id=\"wpforms-2088-field_14-description\" class=\"wpforms-field-description\">Tel\u00e9fono de contacto del solicitante.<\/div><\/div><div id=\"wpforms-2088-field_15-container\" class=\"wpforms-field wpforms-field-text\" data-field-id=\"15\"><label class=\"wpforms-field-label\" for=\"wpforms-2088-field_15\">Web<\/label><input type=\"text\" id=\"wpforms-2088-field_15\" class=\"wpforms-field-medium\" name=\"wpforms[fields][15]\" placeholder=\"Ejemplo: https:\/\/www.computaex.es\" aria-errormessage=\"wpforms-2088-field_15-error\" aria-describedby=\"wpforms-2088-field_15-description\" ><div id=\"wpforms-2088-field_15-description\" class=\"wpforms-field-description\">Portal de Internet del solicitante o de su organizaci\u00f3n.<\/div><\/div><div id=\"wpforms-2088-field_16-container\" class=\"wpforms-field wpforms-field-text\" data-field-id=\"16\"><label class=\"wpforms-field-label\" for=\"wpforms-2088-field_16\">T\u00edtulo del proyecto <span class=\"wpforms-required-label\" aria-hidden=\"true\">*<\/span><\/label><input type=\"text\" id=\"wpforms-2088-field_16\" class=\"wpforms-field-medium wpforms-field-required\" name=\"wpforms[fields][16]\" aria-errormessage=\"wpforms-2088-field_16-error\" aria-describedby=\"wpforms-2088-field_16-description\" required><div id=\"wpforms-2088-field_16-description\" class=\"wpforms-field-description\">T\u00edtulo del proyecto o actividad a desarrollar.<\/div><\/div><div id=\"wpforms-2088-field_18-container\" class=\"wpforms-field wpforms-field-textarea\" data-field-id=\"18\"><label class=\"wpforms-field-label\" for=\"wpforms-2088-field_18\">Objetivos del proyecto <span class=\"wpforms-required-label\" aria-hidden=\"true\">*<\/span><\/label><textarea id=\"wpforms-2088-field_18\" class=\"wpforms-field-medium wpforms-field-required\" name=\"wpforms[fields][18]\" aria-errormessage=\"wpforms-2088-field_18-error\" aria-describedby=\"wpforms-2088-field_18-description\" required><\/textarea><div id=\"wpforms-2088-field_18-description\" class=\"wpforms-field-description\">Breve memoria descriptiva de la actividad\/proyecto.<\/div><\/div><div id=\"wpforms-2088-field_20-container\" class=\"wpforms-field wpforms-field-select wpforms-field-select-style-modern\" data-field-id=\"20\"><label class=\"wpforms-field-label\" for=\"wpforms-2088-field_20\">Servicio <span class=\"wpforms-required-label\" aria-hidden=\"true\">*<\/span><\/label><select id=\"wpforms-2088-field_20\" class=\"wpforms-field-medium wpforms-field-required choicesjs-select\" data-size-class=\"wpforms-field-row wpforms-field-medium\" data-search-enabled=\"\" name=\"wpforms[fields][20]\" required=\"required\"><option value=\"\" class=\"placeholder\" disabled  selected='selected'>Seleccionar<\/option><option value=\"Computaci\u00f3n de altas prestaciones\"  class=\"choice-1 depth-1\"  >Computaci\u00f3n de altas prestaciones<\/option><option value=\"Servicios en la nube\"  class=\"choice-2 depth-1\"  >Servicios en la nube<\/option><\/select><div id=\"wpforms-2088-field_20-description\" class=\"wpforms-field-description\">Tipo del servicio solicitado.<\/div><\/div><div id=\"wpforms-2088-field_27-container\" class=\"wpforms-field wpforms-field-number\" data-field-id=\"27\"><label class=\"wpforms-field-label\" for=\"wpforms-2088-field_27\">N\u00famero de cores <span class=\"wpforms-required-label\" aria-hidden=\"true\">*<\/span><\/label><input type=\"number\" id=\"wpforms-2088-field_27\" class=\"wpforms-field-medium wpforms-field-required\" name=\"wpforms[fields][27]\" min=\"1\" step=\"any\" aria-errormessage=\"wpforms-2088-field_27-error\" aria-describedby=\"wpforms-2088-field_27-description\" required><div id=\"wpforms-2088-field_27-description\" class=\"wpforms-field-description\">N\u00famero de n\u00facleos solicitados.<\/div><\/div><div id=\"wpforms-2088-field_22-container\" class=\"wpforms-field wpforms-field-number\" data-field-id=\"22\"><label class=\"wpforms-field-label\" for=\"wpforms-2088-field_22\">Memoria principal (RAM) <span class=\"wpforms-required-label\" aria-hidden=\"true\">*<\/span><\/label><input type=\"number\" id=\"wpforms-2088-field_22\" class=\"wpforms-field-medium wpforms-field-required\" name=\"wpforms[fields][22]\" min=\"1\" step=\"any\" aria-errormessage=\"wpforms-2088-field_22-error\" aria-describedby=\"wpforms-2088-field_22-description\" required><div id=\"wpforms-2088-field_22-description\" class=\"wpforms-field-description\">Memoria RAM solicitada (en GB).<\/div><\/div><div id=\"wpforms-2088-field_23-container\" class=\"wpforms-field wpforms-field-number\" data-field-id=\"23\"><label class=\"wpforms-field-label\" for=\"wpforms-2088-field_23\">Espacio de almacenamiento <span class=\"wpforms-required-label\" aria-hidden=\"true\">*<\/span><\/label><input type=\"number\" id=\"wpforms-2088-field_23\" class=\"wpforms-field-medium wpforms-field-required\" name=\"wpforms[fields][23]\" min=\"1\" step=\"any\" aria-errormessage=\"wpforms-2088-field_23-error\" aria-describedby=\"wpforms-2088-field_23-description\" required><div id=\"wpforms-2088-field_23-description\" class=\"wpforms-field-description\">Espacio de almacenamiento en disco a largo plazo (en GB).<\/div><\/div><div id=\"wpforms-2088-field_19-container\" class=\"wpforms-field wpforms-field-textarea\" data-field-id=\"19\"><label class=\"wpforms-field-label\" for=\"wpforms-2088-field_19\">Software \/ Librer\u00edas <span class=\"wpforms-required-label\" aria-hidden=\"true\">*<\/span><\/label><textarea id=\"wpforms-2088-field_19\" class=\"wpforms-field-medium wpforms-field-required\" name=\"wpforms[fields][19]\" aria-errormessage=\"wpforms-2088-field_19-error\" aria-describedby=\"wpforms-2088-field_19-description\" required><\/textarea><div id=\"wpforms-2088-field_19-description\" class=\"wpforms-field-description\">Software necesario para la consecuci\u00f3n del proyecto.<\/div><\/div><\/div><!-- .wpforms-field-container --><div class=\"wpforms-recaptcha-container wpforms-is-recaptcha wpforms-is-recaptcha-type-v2\" ><div class=\"g-recaptcha\" data-sitekey=\"6LcrSrAsAAAAACehamwPM5oAKulMxVFxnCKJDWwA\"><\/div><input type=\"text\" name=\"g-recaptcha-hidden\" class=\"wpforms-recaptcha-hidden\" style=\"position:absolute!important;clip:rect(0,0,0,0)!important;height:1px!important;width:1px!important;border:0!important;overflow:hidden!important;padding:0!important;margin:0!important;\" data-rule-recaptcha=\"1\"><\/div><div class=\"wpforms-submit-container\" ><input type=\"hidden\" name=\"wpforms[id]\" value=\"2088\"><input type=\"hidden\" name=\"page_title\" value=\"\"><input type=\"hidden\" name=\"page_url\" value=\"https:\/\/computaex.es\/en\/wp-json\/wp\/v2\/pages\/1575\"><input type=\"hidden\" name=\"url_referer\" value=\"\"><button type=\"submit\" name=\"wpforms[submit]\" id=\"wpforms-submit-2088\" class=\"wpforms-submit\" data-alt-text=\"Enviando...\" data-submit-text=\"Enviar\" aria-live=\"assertive\" value=\"wpforms-submit\">Enviar<\/button><img decoding=\"async\" src=\"https:\/\/computaex.es\/wp-content\/plugins\/wpforms-lite\/assets\/images\/submit-spin.svg\" class=\"wpforms-submit-spinner\" style=\"display: none;\" width=\"26\" height=\"26\" alt=\"Loading\"><\/div><\/form><\/div>  <!-- .wpforms-container -->\t\t\t\t<\/div>\n\t\t\t\t<\/div>\n\t\t\t\t\t<\/div>\n\t\t\t\t<\/div>\n\t\t\t\t<\/div>\n\t\t","protected":false},"excerpt":{"rendered":"<p>Si desea solicitar alguno de los recursos ofrecidos por el Centro de Supercomputaci\u00f3n de Extremadura, complete el siguiente formulario.Una vez enviado, recibir\u00e1 un correo electr\u00f3nico con su solicitud, en formato &#8230;<\/p>","protected":false},"author":1,"featured_media":0,"parent":0,"menu_order":0,"comment_status":"closed","ping_status":"closed","template":"","meta":{"footnotes":""},"categories":[],"tags":[],"class_list":["post-1575","page","type-page","status-publish","hentry"],"yoast_head":"<!-- This site is optimized with the Yoast SEO plugin v27.1.1 - https:\/\/yoast.com\/product\/yoast-seo-wordpress\/ -->\n<title>Petici\u00f3n de recursos - Fundaci\u00f3n COMPUTAEX<\/title>\n<meta name=\"robots\" content=\"index, follow, max-snippet:-1, max-image-preview:large, max-video-preview:-1\" \/>\n<link rel=\"canonical\" href=\"https:\/\/computaex.es\/en\/peticion-de-recursos\/\" \/>\n<meta property=\"og:locale\" content=\"en_US\" \/>\n<meta property=\"og:type\" content=\"article\" \/>\n<meta property=\"og:title\" content=\"Petici\u00f3n de recursos - Fundaci\u00f3n COMPUTAEX\" \/>\n<meta property=\"og:description\" content=\"Si desea solicitar alguno de los recursos ofrecidos por el Centro de Supercomputaci\u00f3n de Extremadura, complete el siguiente formulario.Una vez enviado, recibir\u00e1 un correo electr\u00f3nico con su solicitud, en formato ...\" \/>\n<meta property=\"og:url\" content=\"https:\/\/computaex.es\/en\/peticion-de-recursos\/\" \/>\n<meta property=\"og:site_name\" content=\"Fundaci\u00f3n COMPUTAEX\" \/>\n<meta property=\"article:publisher\" content=\"https:\/\/m.facebook.com\/computaex\/\" \/>\n<meta property=\"article:modified_time\" content=\"2025-09-01T07:07:34+00:00\" \/>\n<meta property=\"og:image\" content=\"https:\/\/computaex.es\/wp-content\/plugins\/wpforms-lite\/assets\/images\/submit-spin.svg\" \/>\n<meta name=\"twitter:card\" content=\"summary_large_image\" \/>\n<meta name=\"twitter:site\" content=\"@computaex\" \/>\n<meta name=\"twitter:label1\" content=\"Est. reading time\" \/>\n\t<meta name=\"twitter:data1\" content=\"2 minutes\" \/>\n<script type=\"application\/ld+json\" class=\"yoast-schema-graph\">{\"@context\":\"https:\/\/schema.org\",\"@graph\":[{\"@type\":\"WebPage\",\"@id\":\"https:\/\/computaex.es\/peticion-de-recursos\/\",\"url\":\"https:\/\/computaex.es\/peticion-de-recursos\/\",\"name\":\"Petici\u00f3n de recursos - Fundaci\u00f3n COMPUTAEX\",\"isPartOf\":{\"@id\":\"https:\/\/computaex.es\/#website\"},\"primaryImageOfPage\":{\"@id\":\"https:\/\/computaex.es\/peticion-de-recursos\/#primaryimage\"},\"image\":{\"@id\":\"https:\/\/computaex.es\/peticion-de-recursos\/#primaryimage\"},\"thumbnailUrl\":\"https:\/\/computaex.es\/wp-content\/plugins\/wpforms-lite\/assets\/images\/submit-spin.svg\",\"datePublished\":\"2024-04-03T08:32:33+00:00\",\"dateModified\":\"2025-09-01T07:07:34+00:00\",\"breadcrumb\":{\"@id\":\"https:\/\/computaex.es\/peticion-de-recursos\/#breadcrumb\"},\"inLanguage\":\"en-US\",\"potentialAction\":[{\"@type\":\"ReadAction\",\"target\":[\"https:\/\/computaex.es\/peticion-de-recursos\/\"]}]},{\"@type\":\"ImageObject\",\"inLanguage\":\"en-US\",\"@id\":\"https:\/\/computaex.es\/peticion-de-recursos\/#primaryimage\",\"url\":\"https:\/\/computaex.es\/wp-content\/plugins\/wpforms-lite\/assets\/images\/submit-spin.svg\",\"contentUrl\":\"https:\/\/computaex.es\/wp-content\/plugins\/wpforms-lite\/assets\/images\/submit-spin.svg\"},{\"@type\":\"BreadcrumbList\",\"@id\":\"https:\/\/computaex.es\/peticion-de-recursos\/#breadcrumb\",\"itemListElement\":[{\"@type\":\"ListItem\",\"position\":1,\"name\":\"Portada\",\"item\":\"https:\/\/computaex.es\/\"},{\"@type\":\"ListItem\",\"position\":2,\"name\":\"Petici\u00f3n de recursos\"}]},{\"@type\":\"WebSite\",\"@id\":\"https:\/\/computaex.es\/#website\",\"url\":\"https:\/\/computaex.es\/\",\"name\":\"Fundaci\u00f3n COMPUTAEX\",\"description\":\"COMPUTAEX\",\"publisher\":{\"@id\":\"https:\/\/computaex.es\/#organization\"},\"potentialAction\":[{\"@type\":\"SearchAction\",\"target\":{\"@type\":\"EntryPoint\",\"urlTemplate\":\"https:\/\/computaex.es\/?s={search_term_string}\"},\"query-input\":{\"@type\":\"PropertyValueSpecification\",\"valueRequired\":true,\"valueName\":\"search_term_string\"}}],\"inLanguage\":\"en-US\"},{\"@type\":\"Organization\",\"@id\":\"https:\/\/computaex.es\/#organization\",\"name\":\"COMPUTAEX\",\"url\":\"https:\/\/computaex.es\/\",\"logo\":{\"@type\":\"ImageObject\",\"inLanguage\":\"en-US\",\"@id\":\"https:\/\/computaex.es\/#\/schema\/logo\/image\/\",\"url\":\"https:\/\/computaex.es\/wp-content\/uploads\/2025\/05\/cropped-COMPUTAEX_transparente-scaled-1.png\",\"contentUrl\":\"https:\/\/computaex.es\/wp-content\/uploads\/2025\/05\/cropped-COMPUTAEX_transparente-scaled-1.png\",\"width\":2560,\"height\":970,\"caption\":\"COMPUTAEX\"},\"image\":{\"@id\":\"https:\/\/computaex.es\/#\/schema\/logo\/image\/\"},\"sameAs\":[\"https:\/\/m.facebook.com\/computaex\/\",\"https:\/\/x.com\/computaex\",\"https:\/\/es.linkedin.com\/company\/cenits\"]}]}<\/script>\n<!-- \/ Yoast SEO plugin. -->","yoast_head_json":{"title":"Petici\u00f3n de recursos - Fundaci\u00f3n COMPUTAEX","robots":{"index":"index","follow":"follow","max-snippet":"max-snippet:-1","max-image-preview":"max-image-preview:large","max-video-preview":"max-video-preview:-1"},"canonical":"https:\/\/computaex.es\/en\/peticion-de-recursos\/","og_locale":"en_US","og_type":"article","og_title":"Petici\u00f3n de recursos - Fundaci\u00f3n COMPUTAEX","og_description":"Si desea solicitar alguno de los recursos ofrecidos por el Centro de Supercomputaci\u00f3n de Extremadura, complete el siguiente formulario.Una vez enviado, recibir\u00e1 un correo electr\u00f3nico con su solicitud, en formato ...","og_url":"https:\/\/computaex.es\/en\/peticion-de-recursos\/","og_site_name":"Fundaci\u00f3n COMPUTAEX","article_publisher":"https:\/\/m.facebook.com\/computaex\/","article_modified_time":"2025-09-01T07:07:34+00:00","og_image":[{"url":"https:\/\/computaex.es\/wp-content\/plugins\/wpforms-lite\/assets\/images\/submit-spin.svg","type":"","width":"","height":""}],"twitter_card":"summary_large_image","twitter_site":"@computaex","twitter_misc":{"Est. reading time":"2 minutes"},"schema":{"@context":"https:\/\/schema.org","@graph":[{"@type":"WebPage","@id":"https:\/\/computaex.es\/peticion-de-recursos\/","url":"https:\/\/computaex.es\/peticion-de-recursos\/","name":"Petici\u00f3n de recursos - Fundaci\u00f3n COMPUTAEX","isPartOf":{"@id":"https:\/\/computaex.es\/#website"},"primaryImageOfPage":{"@id":"https:\/\/computaex.es\/peticion-de-recursos\/#primaryimage"},"image":{"@id":"https:\/\/computaex.es\/peticion-de-recursos\/#primaryimage"},"thumbnailUrl":"https:\/\/computaex.es\/wp-content\/plugins\/wpforms-lite\/assets\/images\/submit-spin.svg","datePublished":"2024-04-03T08:32:33+00:00","dateModified":"2025-09-01T07:07:34+00:00","breadcrumb":{"@id":"https:\/\/computaex.es\/peticion-de-recursos\/#breadcrumb"},"inLanguage":"en-US","potentialAction":[{"@type":"ReadAction","target":["https:\/\/computaex.es\/peticion-de-recursos\/"]}]},{"@type":"ImageObject","inLanguage":"en-US","@id":"https:\/\/computaex.es\/peticion-de-recursos\/#primaryimage","url":"https:\/\/computaex.es\/wp-content\/plugins\/wpforms-lite\/assets\/images\/submit-spin.svg","contentUrl":"https:\/\/computaex.es\/wp-content\/plugins\/wpforms-lite\/assets\/images\/submit-spin.svg"},{"@type":"BreadcrumbList","@id":"https:\/\/computaex.es\/peticion-de-recursos\/#breadcrumb","itemListElement":[{"@type":"ListItem","position":1,"name":"Portada","item":"https:\/\/computaex.es\/"},{"@type":"ListItem","position":2,"name":"Petici\u00f3n de recursos"}]},{"@type":"WebSite","@id":"https:\/\/computaex.es\/#website","url":"https:\/\/computaex.es\/","name":"COMPUTAEX Foundation","description":"COMPUTAEX","publisher":{"@id":"https:\/\/computaex.es\/#organization"},"potentialAction":[{"@type":"SearchAction","target":{"@type":"EntryPoint","urlTemplate":"https:\/\/computaex.es\/?s={search_term_string}"},"query-input":{"@type":"PropertyValueSpecification","valueRequired":true,"valueName":"search_term_string"}}],"inLanguage":"en-US"},{"@type":"Organization","@id":"https:\/\/computaex.es\/#organization","name":"COMPUTAEX","url":"https:\/\/computaex.es\/","logo":{"@type":"ImageObject","inLanguage":"en-US","@id":"https:\/\/computaex.es\/#\/schema\/logo\/image\/","url":"https:\/\/computaex.es\/wp-content\/uploads\/2025\/05\/cropped-COMPUTAEX_transparente-scaled-1.png","contentUrl":"https:\/\/computaex.es\/wp-content\/uploads\/2025\/05\/cropped-COMPUTAEX_transparente-scaled-1.png","width":2560,"height":970,"caption":"COMPUTAEX"},"image":{"@id":"https:\/\/computaex.es\/#\/schema\/logo\/image\/"},"sameAs":["https:\/\/m.facebook.com\/computaex\/","https:\/\/x.com\/computaex","https:\/\/es.linkedin.com\/company\/cenits"]}]}},"_links":{"self":[{"href":"https:\/\/computaex.es\/en\/wp-json\/wp\/v2\/pages\/1575","targetHints":{"allow":["GET"]}}],"collection":[{"href":"https:\/\/computaex.es\/en\/wp-json\/wp\/v2\/pages"}],"about":[{"href":"https:\/\/computaex.es\/en\/wp-json\/wp\/v2\/types\/page"}],"author":[{"embeddable":true,"href":"https:\/\/computaex.es\/en\/wp-json\/wp\/v2\/users\/1"}],"replies":[{"embeddable":true,"href":"https:\/\/computaex.es\/en\/wp-json\/wp\/v2\/comments?post=1575"}],"version-history":[{"count":17,"href":"https:\/\/computaex.es\/en\/wp-json\/wp\/v2\/pages\/1575\/revisions"}],"predecessor-version":[{"id":9977,"href":"https:\/\/computaex.es\/en\/wp-json\/wp\/v2\/pages\/1575\/revisions\/9977"}],"wp:attachment":[{"href":"https:\/\/computaex.es\/en\/wp-json\/wp\/v2\/media?parent=1575"}],"wp:term":[{"taxonomy":"category","embeddable":true,"href":"https:\/\/computaex.es\/en\/wp-json\/wp\/v2\/categories?post=1575"},{"taxonomy":"post_tag","embeddable":true,"href":"https:\/\/computaex.es\/en\/wp-json\/wp\/v2\/tags?post=1575"}],"curies":[{"name":"wp","href":"https:\/\/api.w.org\/{rel}","templated":true}]}}