{"id":1720,"date":"2024-04-04T10:20:00","date_gmt":"2024-04-04T08:20:00","guid":{"rendered":"http:\/\/10.128.3.28\/?page_id=1720"},"modified":"2024-04-05T08:15:10","modified_gmt":"2024-04-05T06:15:10","slug":"2-2015","status":"publish","type":"page","link":"https:\/\/computaex.es\/en\/perfil-del-contratante\/2-2015\/","title":{"rendered":"2\/2015"},"content":{"rendered":"<div data-elementor-type=\"wp-page\" data-elementor-id=\"1720\" class=\"elementor elementor-1720\">\n\t\t\t\t<div class=\"elementor-element elementor-element-25d474e e-flex e-con-boxed wpr-particle-no wpr-jarallax-no wpr-parallax-no wpr-sticky-section-no e-con e-parent\" data-id=\"25d474e\" data-element_type=\"container\" data-e-type=\"container\">\n\t\t\t\t\t<div class=\"e-con-inner\">\n\t\t\t\t<div class=\"elementor-element elementor-element-cf81674 elementor-widget elementor-widget-text-editor\" data-id=\"cf81674\" data-element_type=\"widget\" data-e-type=\"widget\" data-widget_type=\"text-editor.default\">\n\t\t\t\t<div class=\"elementor-widget-container\">\n\t\t\t\t\t\t\t\t\t<div class=\"field field-name-field-licitacion-objeto field-type-text-long field-label-above\"><div class=\"field-label\"><strong>Objeto:\u00a0<\/strong><\/div><div class=\"field-items\"><div class=\"field-item even\"><p>Adquisici\u00f3n e instalaci\u00f3n de infraestructura cient\u00edfica y tecnol\u00f3gica para completar la equipaci\u00f3n High Performance Computing con la que cuenta el centro C\u00e9nitS. Proyecto cofinanciado con fondos FEDER correspondientes al Programa Operativo Plurirregional de Econom\u00eda basada en el Conocimiento, periodo\u00a02007-2013.<\/p><\/div><\/div><\/div><div class=\"field field-name-field-licitacion-tipo field-type-list-text field-label-inline clearfix\"><div class=\"field-label\"><strong>Tipo:\u00a0 <\/strong>Suministro<\/div><\/div><div class=\"field field-name-field-licitacion-estado field-type-list-text field-label-inline clearfix\"><div class=\"field-label\"><strong>Estado:\u00a0 <\/strong>Adjudicada<\/div><\/div><div class=\"field field-name-field-licitacion-importe-max field-type-number-decimal field-label-inline clearfix\"><div class=\"field-label\"><strong>Presupuesto (sin IVA): <\/strong>427.482,64 \u20ac<\/div><\/div><div class=\"field field-name-field-licitacion-fecha-ini-fin field-type-datetime field-label-inline clearfix\"><div class=\"field-label\"><strong>Recepci\u00f3n de ofertas<\/strong>: Mi\u00e9, 15\/07\/2015<\/div><\/div>\t\t\t\t\t\t\t\t<\/div>\n\t\t\t\t<\/div>\n\t\t\t\t\t<\/div>\n\t\t\t\t<\/div>\n\t\t<div class=\"elementor-element elementor-element-55bd778 e-flex e-con-boxed wpr-particle-no wpr-jarallax-no wpr-parallax-no wpr-sticky-section-no e-con e-parent\" data-id=\"55bd778\" data-element_type=\"container\" data-e-type=\"container\">\n\t\t\t\t\t<div class=\"e-con-inner\">\n\t\t\t\t<div class=\"elementor-element elementor-element-da6f339 elementor-widget elementor-widget-eael-advanced-data-table\" data-id=\"da6f339\" data-element_type=\"widget\" data-e-type=\"widget\" data-widget_type=\"eael-advanced-data-table.default\">\n\t\t\t\t<div class=\"elementor-widget-container\">\n\t\t\t\t\t<div class=\"ea-advanced-data-table-wrap\" data-id=\"da6f339\"><div class=\"ea-advanced-data-table-search-wrap ea-advanced-data-table-search-right\"><input type=\"search\" placeholder=\"Buscar\" class=\"ea-advanced-data-table-search\"><\/div><div class=\"ea-advanced-data-table-wrap-inner\">\n                <table class=\"ea-advanced-data-table ea-advanced-data-table-static ea-advanced-data-table-da6f339 ea-advanced-data-table-sortable ea-advanced-data-table-paginated ea-advanced-data-table-searchable\" data-id=\"da6f339\" data-items-per-page=\"10\"><thead><tr><th><p>Attached<\/p><\/th><th><p>Size<\/p><\/th><\/tr><\/thead><tbody><tr><td><p><a href=\"http:\/\/10.128.3.28\/wp-content\/uploads\/2024\/04\/ppa_computaex_exp.2-2015.pdf\" target=\"_blank\">ppa_computaex_exp.2-2015.pdf<\/a><\/p><\/td><td><p><span>317.51 KB<\/span><\/p><\/td><\/tr><tr><td><p><a href=\"http:\/\/10.128.3.28\/wp-content\/uploads\/2024\/04\/ppt_computaex_exp.2-2015.pdf\" target=\"_blank\">ppt_computaex_exp.2-2015.pdf<\/a><\/p><\/td><td><p><span>145.51 KB<\/span><\/p><\/td><\/tr><tr><td><p><a href=\"http:\/\/10.128.3.28\/wp-content\/uploads\/2024\/04\/convocatoria_y_composicion_mesa_contratacion_exp.2-2015.pdf\" target=\"_blank\">convocatoria_y_composicion_mesa_contratacion_exp.2-2015.pdf<\/a><\/p><\/td><td><p><span>47.1 KB<\/span><\/p><\/td><\/tr><tr><td><p><a href=\"http:\/\/10.128.3.28\/wp-content\/uploads\/2024\/04\/fe_de_erratas-mesa_contratacion_exp.2-2015.pdf\" target=\"_blank\">fe_de_erratas-mesa_contratacion_exp.2-2015.pdf<\/a><\/p><\/td><td><p><span>42.49 KB<\/span><\/p><\/td><\/tr><tr><td><p><a href=\"http:\/\/10.128.3.28\/wp-content\/uploads\/2024\/04\/anuncio_doue_exp._2-2015.pdf\" target=\"_blank\">anuncio_doue_exp._2-2015.pdf<\/a><\/p><\/td><td><p><span>108.35 KB<\/span><\/p><\/td><\/tr><tr><td><p><a href=\"http:\/\/10.128.3.28\/wp-content\/uploads\/2024\/04\/fe_de_erratas_2-mesa_contratacion_exp2-2015.pdf\" target=\"_blank\">fe_de_erratas_2-mesa_contratacion_exp2-2015.pdf<\/a><\/p><\/td><td><p><span>34.26 KB<\/span><\/p><\/td><\/tr><tr><td><p><a href=\"http:\/\/10.128.3.28\/wp-content\/uploads\/2024\/04\/resultado_mesa_contratacion_1_02_2015.pdf\" target=\"_blank\">resultado_mesa_contratacion_1_02_2015.pdf<\/a><\/p><\/td><td><p>186.09 KB<\/p><\/td><\/tr><tr><td><p><a href=\"http:\/\/10.128.3.28\/wp-content\/uploads\/2024\/04\/resultado_mesa_contratacion_2_02_2015.pdf\" target=\"_blank\">resultado_mesa_contratacion_2_02_2015.pdf<\/a><\/p><\/td><td><p><span>82.42 KB<\/span><\/p><\/td><\/tr><tr><td><p><a href=\"http:\/\/10.128.3.28\/wp-content\/uploads\/2024\/04\/resolucion_exlusion_hp_02_2015_0.pdf\" target=\"_blank\">resolucion_exlusion_hp_02_2015.pdf<\/a><\/p><\/td><td><p><span>155.28 KB<\/span><\/p><\/td><\/tr><tr><td><p><a href=\"http:\/\/10.128.3.28\/wp-content\/uploads\/2024\/04\/resultado_mesa_contratacion_3_02_2015_0.pdf\" target=\"_blank\">resultado_mesa_contratacion_3_02_2015.pdf<\/a><\/p><\/td><td><p>134.87 KB<\/p><\/td><\/tr><tr><td><p><a href=\"http:\/\/10.128.3.28\/wp-content\/uploads\/2024\/04\/fe_erratas_resultado_mesa_3.pdf\" target=\"_blank\">fe_erratas_resultado_mesa_3.pdf<\/a><\/p><\/td><td><p><span>63.89 KB<\/span><\/p><\/td><\/tr><tr><td><p><a href=\"http:\/\/10.128.3.28\/wp-content\/uploads\/2024\/04\/resolucion_adjudicacion_exp.2-2015.pdf\" target=\"_blank\">resolucion_adjudicacion_exp.2-2015.pdf<\/a><\/p><\/td><td><p>158.66 KB<\/p><\/td><\/tr><tr><td><p><a href=\"http:\/\/10.128.3.28\/wp-content\/uploads\/2024\/04\/anuncio_perfil_formalizacion_computaex_exp.2-2015.pdf\" target=\"_blank\">anuncio_perfil_formalizacion_computaex_exp.2-2015.pdf<\/a><\/p><\/td><td><p><span>60.47 KB<\/span><\/p><\/td><\/tr><\/tbody><\/table>\n            <\/div><div class=\"ea-advanced-data-table-pagination ea-advanced-data-table-pagination-button clearfix\"><\/div><\/div>\t\t\t\t<\/div>\n\t\t\t\t<\/div>\n\t\t\t\t\t<\/div>\n\t\t\t\t<\/div>\n\t\t\t\t<\/div>","protected":false},"excerpt":{"rendered":"<p>Objeto:\u00a0 Adquisici\u00f3n e instalaci\u00f3n de infraestructura cient\u00edfica y tecnol\u00f3gica para completar la equipaci\u00f3n High Performance Computing con la que cuenta el centro C\u00e9nitS. Proyecto cofinanciado con fondos FEDER correspondientes al &#8230;<\/p>","protected":false},"author":1,"featured_media":0,"parent":1555,"menu_order":0,"comment_status":"closed","ping_status":"closed","template":"","meta":{"footnotes":""},"categories":[],"tags":[],"class_list":["post-1720","page","type-page","status-publish","hentry"],"yoast_head":"<!-- This site is optimized with the Yoast SEO plugin v27.1.1 - https:\/\/yoast.com\/product\/yoast-seo-wordpress\/ -->\n<title>2\/2015 - Fundaci\u00f3n COMPUTAEX<\/title>\n<meta name=\"robots\" content=\"index, follow, max-snippet:-1, max-image-preview:large, max-video-preview:-1\" \/>\n<link rel=\"canonical\" href=\"https:\/\/computaex.es\/en\/perfil-del-contratante\/2-2015\/\" \/>\n<meta property=\"og:locale\" content=\"en_US\" \/>\n<meta property=\"og:type\" content=\"article\" \/>\n<meta property=\"og:title\" content=\"2\/2015 - Fundaci\u00f3n COMPUTAEX\" \/>\n<meta property=\"og:description\" content=\"Objeto:\u00a0 Adquisici\u00f3n e instalaci\u00f3n de infraestructura cient\u00edfica y tecnol\u00f3gica para completar la equipaci\u00f3n High Performance Computing con la que cuenta el centro C\u00e9nitS. Proyecto cofinanciado con fondos FEDER correspondientes al ...\" \/>\n<meta property=\"og:url\" content=\"https:\/\/computaex.es\/en\/perfil-del-contratante\/2-2015\/\" \/>\n<meta property=\"og:site_name\" content=\"Fundaci\u00f3n COMPUTAEX\" \/>\n<meta property=\"article:publisher\" content=\"https:\/\/m.facebook.com\/computaex\/\" \/>\n<meta property=\"article:modified_time\" content=\"2024-04-05T06:15:10+00:00\" \/>\n<meta property=\"og:image\" content=\"https:\/\/computaex.es\/wp-content\/uploads\/2025\/08\/COMPUTAEX.jpg\" \/>\n\t<meta property=\"og:image:width\" content=\"1024\" \/>\n\t<meta property=\"og:image:height\" content=\"403\" \/>\n\t<meta property=\"og:image:type\" content=\"image\/jpeg\" \/>\n<meta name=\"twitter:card\" content=\"summary_large_image\" \/>\n<meta name=\"twitter:site\" content=\"@computaex\" \/>\n<meta name=\"twitter:label1\" content=\"Est. reading time\" \/>\n\t<meta name=\"twitter:data1\" content=\"1 minute\" \/>\n<script type=\"application\/ld+json\" class=\"yoast-schema-graph\">{\"@context\":\"https:\/\/schema.org\",\"@graph\":[{\"@type\":\"WebPage\",\"@id\":\"https:\/\/computaex.es\/perfil-del-contratante\/2-2015\/\",\"url\":\"https:\/\/computaex.es\/perfil-del-contratante\/2-2015\/\",\"name\":\"2\/2015 - Fundaci\u00f3n COMPUTAEX\",\"isPartOf\":{\"@id\":\"https:\/\/computaex.es\/#website\"},\"datePublished\":\"2024-04-04T08:20:00+00:00\",\"dateModified\":\"2024-04-05T06:15:10+00:00\",\"breadcrumb\":{\"@id\":\"https:\/\/computaex.es\/perfil-del-contratante\/2-2015\/#breadcrumb\"},\"inLanguage\":\"en-US\",\"potentialAction\":[{\"@type\":\"ReadAction\",\"target\":[\"https:\/\/computaex.es\/perfil-del-contratante\/2-2015\/\"]}]},{\"@type\":\"BreadcrumbList\",\"@id\":\"https:\/\/computaex.es\/perfil-del-contratante\/2-2015\/#breadcrumb\",\"itemListElement\":[{\"@type\":\"ListItem\",\"position\":1,\"name\":\"Portada\",\"item\":\"https:\/\/computaex.es\/\"},{\"@type\":\"ListItem\",\"position\":2,\"name\":\"Perfil del Contratante\",\"item\":\"https:\/\/computaex.es\/perfil-del-contratante\/\"},{\"@type\":\"ListItem\",\"position\":3,\"name\":\"2\/2015\"}]},{\"@type\":\"WebSite\",\"@id\":\"https:\/\/computaex.es\/#website\",\"url\":\"https:\/\/computaex.es\/\",\"name\":\"Fundaci\u00f3n COMPUTAEX\",\"description\":\"COMPUTAEX\",\"publisher\":{\"@id\":\"https:\/\/computaex.es\/#organization\"},\"potentialAction\":[{\"@type\":\"SearchAction\",\"target\":{\"@type\":\"EntryPoint\",\"urlTemplate\":\"https:\/\/computaex.es\/?s={search_term_string}\"},\"query-input\":{\"@type\":\"PropertyValueSpecification\",\"valueRequired\":true,\"valueName\":\"search_term_string\"}}],\"inLanguage\":\"en-US\"},{\"@type\":\"Organization\",\"@id\":\"https:\/\/computaex.es\/#organization\",\"name\":\"COMPUTAEX\",\"url\":\"https:\/\/computaex.es\/\",\"logo\":{\"@type\":\"ImageObject\",\"inLanguage\":\"en-US\",\"@id\":\"https:\/\/computaex.es\/#\/schema\/logo\/image\/\",\"url\":\"https:\/\/computaex.es\/wp-content\/uploads\/2025\/05\/cropped-COMPUTAEX_transparente-scaled-1.png\",\"contentUrl\":\"https:\/\/computaex.es\/wp-content\/uploads\/2025\/05\/cropped-COMPUTAEX_transparente-scaled-1.png\",\"width\":2560,\"height\":970,\"caption\":\"COMPUTAEX\"},\"image\":{\"@id\":\"https:\/\/computaex.es\/#\/schema\/logo\/image\/\"},\"sameAs\":[\"https:\/\/m.facebook.com\/computaex\/\",\"https:\/\/x.com\/computaex\",\"https:\/\/es.linkedin.com\/company\/cenits\"]}]}<\/script>\n<!-- \/ Yoast SEO plugin. -->","yoast_head_json":{"title":"2\/2015 - Fundaci\u00f3n COMPUTAEX","robots":{"index":"index","follow":"follow","max-snippet":"max-snippet:-1","max-image-preview":"max-image-preview:large","max-video-preview":"max-video-preview:-1"},"canonical":"https:\/\/computaex.es\/en\/perfil-del-contratante\/2-2015\/","og_locale":"en_US","og_type":"article","og_title":"2\/2015 - Fundaci\u00f3n COMPUTAEX","og_description":"Objeto:\u00a0 Adquisici\u00f3n e instalaci\u00f3n de infraestructura cient\u00edfica y tecnol\u00f3gica para completar la equipaci\u00f3n High Performance Computing con la que cuenta el centro C\u00e9nitS. Proyecto cofinanciado con fondos FEDER correspondientes al ...","og_url":"https:\/\/computaex.es\/en\/perfil-del-contratante\/2-2015\/","og_site_name":"Fundaci\u00f3n COMPUTAEX","article_publisher":"https:\/\/m.facebook.com\/computaex\/","article_modified_time":"2024-04-05T06:15:10+00:00","og_image":[{"width":1024,"height":403,"url":"https:\/\/computaex.es\/wp-content\/uploads\/2025\/08\/COMPUTAEX.jpg","type":"image\/jpeg"}],"twitter_card":"summary_large_image","twitter_site":"@computaex","twitter_misc":{"Est. reading time":"1 minute"},"schema":{"@context":"https:\/\/schema.org","@graph":[{"@type":"WebPage","@id":"https:\/\/computaex.es\/perfil-del-contratante\/2-2015\/","url":"https:\/\/computaex.es\/perfil-del-contratante\/2-2015\/","name":"2\/2015 - Fundaci\u00f3n COMPUTAEX","isPartOf":{"@id":"https:\/\/computaex.es\/#website"},"datePublished":"2024-04-04T08:20:00+00:00","dateModified":"2024-04-05T06:15:10+00:00","breadcrumb":{"@id":"https:\/\/computaex.es\/perfil-del-contratante\/2-2015\/#breadcrumb"},"inLanguage":"en-US","potentialAction":[{"@type":"ReadAction","target":["https:\/\/computaex.es\/perfil-del-contratante\/2-2015\/"]}]},{"@type":"BreadcrumbList","@id":"https:\/\/computaex.es\/perfil-del-contratante\/2-2015\/#breadcrumb","itemListElement":[{"@type":"ListItem","position":1,"name":"Portada","item":"https:\/\/computaex.es\/"},{"@type":"ListItem","position":2,"name":"Perfil del Contratante","item":"https:\/\/computaex.es\/perfil-del-contratante\/"},{"@type":"ListItem","position":3,"name":"2\/2015"}]},{"@type":"WebSite","@id":"https:\/\/computaex.es\/#website","url":"https:\/\/computaex.es\/","name":"COMPUTAEX Foundation","description":"COMPUTAEX","publisher":{"@id":"https:\/\/computaex.es\/#organization"},"potentialAction":[{"@type":"SearchAction","target":{"@type":"EntryPoint","urlTemplate":"https:\/\/computaex.es\/?s={search_term_string}"},"query-input":{"@type":"PropertyValueSpecification","valueRequired":true,"valueName":"search_term_string"}}],"inLanguage":"en-US"},{"@type":"Organization","@id":"https:\/\/computaex.es\/#organization","name":"COMPUTAEX","url":"https:\/\/computaex.es\/","logo":{"@type":"ImageObject","inLanguage":"en-US","@id":"https:\/\/computaex.es\/#\/schema\/logo\/image\/","url":"https:\/\/computaex.es\/wp-content\/uploads\/2025\/05\/cropped-COMPUTAEX_transparente-scaled-1.png","contentUrl":"https:\/\/computaex.es\/wp-content\/uploads\/2025\/05\/cropped-COMPUTAEX_transparente-scaled-1.png","width":2560,"height":970,"caption":"COMPUTAEX"},"image":{"@id":"https:\/\/computaex.es\/#\/schema\/logo\/image\/"},"sameAs":["https:\/\/m.facebook.com\/computaex\/","https:\/\/x.com\/computaex","https:\/\/es.linkedin.com\/company\/cenits"]}]}},"_links":{"self":[{"href":"https:\/\/computaex.es\/en\/wp-json\/wp\/v2\/pages\/1720","targetHints":{"allow":["GET"]}}],"collection":[{"href":"https:\/\/computaex.es\/en\/wp-json\/wp\/v2\/pages"}],"about":[{"href":"https:\/\/computaex.es\/en\/wp-json\/wp\/v2\/types\/page"}],"author":[{"embeddable":true,"href":"https:\/\/computaex.es\/en\/wp-json\/wp\/v2\/users\/1"}],"replies":[{"embeddable":true,"href":"https:\/\/computaex.es\/en\/wp-json\/wp\/v2\/comments?post=1720"}],"version-history":[{"count":16,"href":"https:\/\/computaex.es\/en\/wp-json\/wp\/v2\/pages\/1720\/revisions"}],"predecessor-version":[{"id":1775,"href":"https:\/\/computaex.es\/en\/wp-json\/wp\/v2\/pages\/1720\/revisions\/1775"}],"up":[{"embeddable":true,"href":"https:\/\/computaex.es\/en\/wp-json\/wp\/v2\/pages\/1555"}],"wp:attachment":[{"href":"https:\/\/computaex.es\/en\/wp-json\/wp\/v2\/media?parent=1720"}],"wp:term":[{"taxonomy":"category","embeddable":true,"href":"https:\/\/computaex.es\/en\/wp-json\/wp\/v2\/categories?post=1720"},{"taxonomy":"post_tag","embeddable":true,"href":"https:\/\/computaex.es\/en\/wp-json\/wp\/v2\/tags?post=1720"}],"curies":[{"name":"wp","href":"https:\/\/api.w.org\/{rel}","templated":true}]}}