{"id":1861,"date":"2023-10-02T08:28:36","date_gmt":"2023-10-02T06:28:36","guid":{"rendered":"http:\/\/10.128.3.28\/?page_id=1861"},"modified":"2025-07-30T14:13:35","modified_gmt":"2025-07-30T12:13:35","slug":"ref-2023-3","status":"publish","type":"page","link":"https:\/\/computaex.es\/en\/empleo\/ref-2023-3\/","title":{"rendered":"REF 2023-3 T\u00e9cnico\/a\u00a0para el proyecto Quantum Spain en la Fundaci\u00f3n COMPUTAEX"},"content":{"rendered":"<div data-elementor-type=\"wp-page\" data-elementor-id=\"1861\" class=\"elementor elementor-1861\">\n\t\t\t\t<div class=\"elementor-element elementor-element-457cf966 e-flex e-con-boxed wpr-particle-no wpr-jarallax-no wpr-parallax-no wpr-sticky-section-no e-con e-parent\" data-id=\"457cf966\" data-element_type=\"container\" data-e-type=\"container\">\n\t\t\t\t\t<div class=\"e-con-inner\">\n\t\t\t\t<div class=\"elementor-element elementor-element-3cd69773 elementor-widget elementor-widget-text-editor\" data-id=\"3cd69773\" data-element_type=\"widget\" data-e-type=\"widget\" data-widget_type=\"text-editor.default\">\n\t\t\t\t<div class=\"elementor-widget-container\">\n\t\t\t\t\t\t\t\t\t<div class=\"field field-name-body field-type-text-with-summary field-label-hidden\"><div class=\"field-items\"><div class=\"field-item even\"><p><strong>REF 2023-3 T\u00e9cnico\/a\u00a0para el proyecto Quantum Spain en la Fundaci\u00f3n COMPUTAEX<\/strong><\/p><p>La Fundaci\u00f3n\u00a0COMPUTAEX\u00a0oferta un puesto para su Centro C\u00e9nitS:<\/p><ul><li><strong>T\u00e9cnico\/a para el proyecto\u00a0Quantum Spain (Ref. 2023-3).<\/strong><\/li><\/ul><p>Todos los detalles de la convocatoria pueden ser consultados en las bases.<\/p><p><strong>Solicitudes:<\/strong><br \/>Las solicitudes para participar en el proceso de selecci\u00f3n se formular\u00e1n mediante el modelo oficial (Anexo I) debidamente cumplimentadas y firmadas, y deber\u00e1n ir acompa\u00f1adas de la siguiente documentaci\u00f3n:<\/p><ul><li><a href=\"https:\/\/computaex.es\/en\/sites\/cenits.es\/files\/centro\/modelo_de_solicitud_ref_2023-3.pdf\/\" target=\"_blank\" rel=\"noopener\">Anexo I &#8211; Solicitud<\/a>\u00a0<img decoding=\"async\" class=\"\" src=\"https:\/\/www.computaex.es\/sites\/cenits.es\/files\/galeria_imagenes\/icono-pdf.png\" alt=\"\" width=\"19\" height=\"24\" \/><\/li><li>Copia del Documento Nacional de Identidad o equivalente<\/li><li>Copia del t\u00edtulo oficial exigido o resguardo de solicitud del mismo.<\/li><li>Curr\u00edculum Vitae detallado<\/li><li>Informe de vida laboral actualizado<\/li><li><a href=\"https:\/\/computaex.es\/en\/sites\/cenits.es\/files\/centro\/informacion_y_tratamiento_de_datos.pdf\/\" target=\"_blank\" rel=\"noopener\">Anexo II &#8211; Tratamiento de datos\u00a0<img decoding=\"async\" class=\"\" src=\"https:\/\/www.computaex.es\/sites\/cenits.es\/files\/galeria_imagenes\/icono-pdf.png\" alt=\"\" width=\"19\" height=\"23\" \/><\/a><\/li><\/ul><hr \/><p><strong>Fases del proceso:<\/strong><\/p><ul><li>Plazo presentaci\u00f3n de solicitudes:<strong>\u00a0 9 de octubre de 2023<\/strong><\/li><li>Listado provisional de personas admitidas y excluidas:<strong>\u00a0Alegaciones\u00a0hasta las 23:59 horas del d\u00eda 16 de octubre de 2023<\/strong><\/li><li>Listado definitivo de personas admitidas y excluidas<strong>:\u00a0Aportaci\u00f3n de la documentaci\u00f3n que acredite los m\u00e9ritos alegados en el curriculum vitae hasta las 23:59 horas del d\u00eda 22 de octubre de 2023<\/strong><\/li><li>Listado provisional de m\u00e9ritos valorables de la fase de concurso:<strong>\u00a0Alegaciones\u00a0hasta las 23:59 horas del d\u00eda 30 de octubre de 2023<\/strong><\/li><li>Listado definitivo de m\u00e9ritos valorables de la fase de concurso<\/li><\/ul><\/div><\/div><\/div>\t\t\t\t\t\t\t\t<\/div>\n\t\t\t\t<\/div>\n\t\t\t\t\t<\/div>\n\t\t\t\t<\/div>\n\t\t<div class=\"elementor-element elementor-element-61536c2 e-flex e-con-boxed wpr-particle-no wpr-jarallax-no wpr-parallax-no wpr-sticky-section-no e-con e-parent\" data-id=\"61536c2\" data-element_type=\"container\" data-e-type=\"container\">\n\t\t\t\t\t<div class=\"e-con-inner\">\n\t\t\t\t<div class=\"elementor-element elementor-element-2a0987b elementor-widget elementor-widget-tabla_descargas\" data-id=\"2a0987b\" data-element_type=\"widget\" data-e-type=\"widget\" data-settings=\"{&quot;boton_anadir_ids&quot;:&quot;9176,9177,9178,9179,9180&quot;,&quot;fechas_personalizadas&quot;:&quot;{}&quot;}\" data-widget_type=\"tabla_descargas.default\">\n\t\t\t\t<div class=\"elementor-widget-container\">\n\t\t\t\t\t<div class=\"tabla-descargas-container\" data-widget-id=\"2a0987b\"><table class=\"tabla-descargas\"><thead><tr><th class=\"sortable\" data-sort=\"nombre\">Archivo <span class=\"sort-arrow\"><\/span><\/th><th class=\"sortable\" data-sort=\"tamano\">Size <span class=\"sort-arrow\"><\/span><\/th><th class=\"sortable asc\" data-sort=\"fecha\">Date <span class=\"sort-arrow asc\"><\/span><\/th><th style=\"text-align: center;\">Ver<\/th><th>Descargar<\/th><\/tr><\/thead><tr data-nombre=\"Baremo definitivo\" data-tamano=\"311593\" data-fecha=\"2025-07-30\"><td><div class=\"archivo-info\"><div class=\"titulo-archivo\">Baremo definitivo<\/div><div class=\"nombre-archivo\">baremo_definitivo_ref-2023-3.pdf<\/div><\/div><\/td><td>304 KB<\/td><td>30\/07\/2025<\/td><td style=\"text-align: center;\"><a href=\"https:\/\/computaex.es\/wp-content\/uploads\/2025\/07\/baremo_definitivo_ref-2023-3.pdf\" class=\"boton-ver\" target=\"_blank\" rel=\"noopener noreferrer\" title=\"Ver documento\">\ud83d\udc41<\/a><\/td><td><a href=\"https:\/\/computaex.es\/wp-content\/uploads\/2025\/07\/baremo_definitivo_ref-2023-3.pdf\" class=\"boton-descarga\" download=\"baremo_definitivo_ref-2023-3.pdf\">\u2193 Descargar<\/a><\/td><\/tr><tr data-nombre=\"Baremo provisional\" data-tamano=\"340839\" data-fecha=\"2025-07-30\"><td><div class=\"archivo-info\"><div class=\"titulo-archivo\">Baremo provisional<\/div><div class=\"nombre-archivo\">baremo_provisional_ref-2023-3.pdf<\/div><\/div><\/td><td>333 KB<\/td><td>30\/07\/2025<\/td><td style=\"text-align: center;\"><a href=\"https:\/\/computaex.es\/wp-content\/uploads\/2025\/07\/baremo_provisional_ref-2023-3.pdf\" class=\"boton-ver\" target=\"_blank\" rel=\"noopener noreferrer\" title=\"Ver documento\">\ud83d\udc41<\/a><\/td><td><a href=\"https:\/\/computaex.es\/wp-content\/uploads\/2025\/07\/baremo_provisional_ref-2023-3.pdf\" class=\"boton-descarga\" download=\"baremo_provisional_ref-2023-3.pdf\">\u2193 Descargar<\/a><\/td><\/tr><tr data-nombre=\"Listado definitivo de personas admitidas y excluidas\" data-tamano=\"351017\" data-fecha=\"2025-07-30\"><td><div class=\"archivo-info\"><div class=\"titulo-archivo\">Listado definitivo de personas admitidas y excluidas<\/div><div class=\"nombre-archivo\">listado_definitivo_de_personas_admitidas_y_excluidas-ref-2023-3.pdf<\/div><\/div><\/td><td>343 KB<\/td><td>30\/07\/2025<\/td><td style=\"text-align: center;\"><a href=\"https:\/\/computaex.es\/wp-content\/uploads\/2025\/07\/listado_definitivo_de_personas_admitidas_y_excluidas-ref-2023-3.pdf\" class=\"boton-ver\" target=\"_blank\" rel=\"noopener noreferrer\" title=\"Ver documento\">\ud83d\udc41<\/a><\/td><td><a href=\"https:\/\/computaex.es\/wp-content\/uploads\/2025\/07\/listado_definitivo_de_personas_admitidas_y_excluidas-ref-2023-3.pdf\" class=\"boton-descarga\" download=\"listado_definitivo_de_personas_admitidas_y_excluidas-ref-2023-3.pdf\">\u2193 Descargar<\/a><\/td><\/tr><tr data-nombre=\"Listado provisional de personas admitidas y excluidas\" data-tamano=\"351325\" data-fecha=\"2025-07-30\"><td><div class=\"archivo-info\"><div class=\"titulo-archivo\">Listado provisional de personas admitidas y excluidas<\/div><div class=\"nombre-archivo\">listado_de_personas_admitidas_y_excluidas-ref-2023-3.pdf<\/div><\/div><\/td><td>343 KB<\/td><td>30\/07\/2025<\/td><td style=\"text-align: center;\"><a href=\"https:\/\/computaex.es\/wp-content\/uploads\/2025\/07\/listado_de_personas_admitidas_y_excluidas-ref-2023-3.pdf\" class=\"boton-ver\" target=\"_blank\" rel=\"noopener noreferrer\" title=\"Ver documento\">\ud83d\udc41<\/a><\/td><td><a href=\"https:\/\/computaex.es\/wp-content\/uploads\/2025\/07\/listado_de_personas_admitidas_y_excluidas-ref-2023-3.pdf\" class=\"boton-descarga\" download=\"listado_de_personas_admitidas_y_excluidas-ref-2023-3.pdf\">\u2193 Descargar<\/a><\/td><\/tr><tr data-nombre=\"Bases de contrataci\u00f3n\" data-tamano=\"626073\" data-fecha=\"2025-07-30\"><td><div class=\"archivo-info\"><div class=\"titulo-archivo\">Bases de contrataci\u00f3n<\/div><div class=\"nombre-archivo\">basescontratacion-ref-2023-3.pdf<\/div><\/div><\/td><td>611 KB<\/td><td>30\/07\/2025<\/td><td style=\"text-align: center;\"><a href=\"https:\/\/computaex.es\/wp-content\/uploads\/2025\/07\/basescontratacion-ref-2023-3.pdf\" class=\"boton-ver\" target=\"_blank\" rel=\"noopener noreferrer\" title=\"Ver documento\">\ud83d\udc41<\/a><\/td><td><a href=\"https:\/\/computaex.es\/wp-content\/uploads\/2025\/07\/basescontratacion-ref-2023-3.pdf\" class=\"boton-descarga\" download=\"basescontratacion-ref-2023-3.pdf\">\u2193 Descargar<\/a><\/td><\/tr><\/tbody><\/table><\/div>\t\t\t\t<\/div>\n\t\t\t\t<\/div>\n\t\t\t\t\t<\/div>\n\t\t\t\t<\/div>\n\t\t\t\t<\/div>","protected":false},"excerpt":{"rendered":"<p>REF 2023-3 T\u00e9cnico\/a\u00a0para el proyecto Quantum Spain en la Fundaci\u00f3n COMPUTAEX La Fundaci\u00f3n\u00a0COMPUTAEX\u00a0oferta un puesto para su Centro C\u00e9nitS: T\u00e9cnico\/a para el proyecto\u00a0Quantum Spain (Ref. 2023-3). Todos los detalles de &#8230;<\/p>","protected":false},"author":1,"featured_media":0,"parent":7859,"menu_order":0,"comment_status":"closed","ping_status":"closed","template":"","meta":{"footnotes":""},"categories":[106,105],"tags":[],"class_list":["post-1861","page","type-page","status-publish","hentry","category-106","category-empleo"],"yoast_head":"<!-- This site is optimized with the Yoast SEO plugin v27.1.1 - https:\/\/yoast.com\/product\/yoast-seo-wordpress\/ -->\n<title>REF 2023-3 T\u00e9cnico\/a\u00a0para el proyecto Quantum Spain en la Fundaci\u00f3n COMPUTAEX - Fundaci\u00f3n COMPUTAEX<\/title>\n<meta name=\"robots\" content=\"index, follow, max-snippet:-1, max-image-preview:large, max-video-preview:-1\" \/>\n<link rel=\"canonical\" href=\"https:\/\/computaex.es\/en\/empleo\/ref-2023-3\/\" \/>\n<meta property=\"og:locale\" content=\"en_US\" \/>\n<meta property=\"og:type\" content=\"article\" \/>\n<meta property=\"og:title\" content=\"REF 2023-3 T\u00e9cnico\/a\u00a0para el proyecto Quantum Spain en la Fundaci\u00f3n COMPUTAEX - Fundaci\u00f3n COMPUTAEX\" \/>\n<meta property=\"og:description\" content=\"REF 2023-3 T\u00e9cnico\/a\u00a0para el proyecto Quantum Spain en la Fundaci\u00f3n COMPUTAEX La Fundaci\u00f3n\u00a0COMPUTAEX\u00a0oferta un puesto para su Centro C\u00e9nitS: T\u00e9cnico\/a para el proyecto\u00a0Quantum Spain (Ref. 2023-3). Todos los detalles de ...\" \/>\n<meta property=\"og:url\" content=\"https:\/\/computaex.es\/en\/empleo\/ref-2023-3\/\" \/>\n<meta property=\"og:site_name\" content=\"Fundaci\u00f3n COMPUTAEX\" \/>\n<meta property=\"article:publisher\" content=\"https:\/\/m.facebook.com\/computaex\/\" \/>\n<meta property=\"article:modified_time\" content=\"2025-07-30T12:13:35+00:00\" \/>\n<meta property=\"og:image\" content=\"https:\/\/www.computaex.es\/sites\/cenits.es\/files\/galeria_imagenes\/icono-pdf.png\" \/>\n<meta name=\"twitter:card\" content=\"summary_large_image\" \/>\n<meta name=\"twitter:site\" content=\"@computaex\" \/>\n<meta name=\"twitter:label1\" content=\"Est. reading time\" \/>\n\t<meta name=\"twitter:data1\" content=\"2 minutes\" \/>\n<script type=\"application\/ld+json\" class=\"yoast-schema-graph\">{\"@context\":\"https:\/\/schema.org\",\"@graph\":[{\"@type\":\"WebPage\",\"@id\":\"https:\/\/computaex.es\/empleo\/ref-2023-3\/\",\"url\":\"https:\/\/computaex.es\/empleo\/ref-2023-3\/\",\"name\":\"REF 2023-3 T\u00e9cnico\/a\u00a0para el proyecto Quantum Spain en la Fundaci\u00f3n COMPUTAEX - Fundaci\u00f3n COMPUTAEX\",\"isPartOf\":{\"@id\":\"https:\/\/computaex.es\/#website\"},\"primaryImageOfPage\":{\"@id\":\"https:\/\/computaex.es\/empleo\/ref-2023-3\/#primaryimage\"},\"image\":{\"@id\":\"https:\/\/computaex.es\/empleo\/ref-2023-3\/#primaryimage\"},\"thumbnailUrl\":\"https:\/\/www.computaex.es\/sites\/cenits.es\/files\/galeria_imagenes\/icono-pdf.png\",\"datePublished\":\"2023-10-02T06:28:36+00:00\",\"dateModified\":\"2025-07-30T12:13:35+00:00\",\"breadcrumb\":{\"@id\":\"https:\/\/computaex.es\/empleo\/ref-2023-3\/#breadcrumb\"},\"inLanguage\":\"en-US\",\"potentialAction\":[{\"@type\":\"ReadAction\",\"target\":[\"https:\/\/computaex.es\/empleo\/ref-2023-3\/\"]}]},{\"@type\":\"ImageObject\",\"inLanguage\":\"en-US\",\"@id\":\"https:\/\/computaex.es\/empleo\/ref-2023-3\/#primaryimage\",\"url\":\"https:\/\/www.computaex.es\/sites\/cenits.es\/files\/galeria_imagenes\/icono-pdf.png\",\"contentUrl\":\"https:\/\/www.computaex.es\/sites\/cenits.es\/files\/galeria_imagenes\/icono-pdf.png\"},{\"@type\":\"BreadcrumbList\",\"@id\":\"https:\/\/computaex.es\/empleo\/ref-2023-3\/#breadcrumb\",\"itemListElement\":[{\"@type\":\"ListItem\",\"position\":1,\"name\":\"Portada\",\"item\":\"https:\/\/computaex.es\/\"},{\"@type\":\"ListItem\",\"position\":2,\"name\":\"Empleo\",\"item\":\"https:\/\/computaex.es\/empleo\/\"},{\"@type\":\"ListItem\",\"position\":3,\"name\":\"REF 2023-3 T\u00e9cnico\/a\u00a0para el proyecto Quantum Spain en la Fundaci\u00f3n COMPUTAEX\"}]},{\"@type\":\"WebSite\",\"@id\":\"https:\/\/computaex.es\/#website\",\"url\":\"https:\/\/computaex.es\/\",\"name\":\"Fundaci\u00f3n COMPUTAEX\",\"description\":\"COMPUTAEX\",\"publisher\":{\"@id\":\"https:\/\/computaex.es\/#organization\"},\"potentialAction\":[{\"@type\":\"SearchAction\",\"target\":{\"@type\":\"EntryPoint\",\"urlTemplate\":\"https:\/\/computaex.es\/?s={search_term_string}\"},\"query-input\":{\"@type\":\"PropertyValueSpecification\",\"valueRequired\":true,\"valueName\":\"search_term_string\"}}],\"inLanguage\":\"en-US\"},{\"@type\":\"Organization\",\"@id\":\"https:\/\/computaex.es\/#organization\",\"name\":\"COMPUTAEX\",\"url\":\"https:\/\/computaex.es\/\",\"logo\":{\"@type\":\"ImageObject\",\"inLanguage\":\"en-US\",\"@id\":\"https:\/\/computaex.es\/#\/schema\/logo\/image\/\",\"url\":\"https:\/\/computaex.es\/wp-content\/uploads\/2025\/05\/cropped-COMPUTAEX_transparente-scaled-1.png\",\"contentUrl\":\"https:\/\/computaex.es\/wp-content\/uploads\/2025\/05\/cropped-COMPUTAEX_transparente-scaled-1.png\",\"width\":2560,\"height\":970,\"caption\":\"COMPUTAEX\"},\"image\":{\"@id\":\"https:\/\/computaex.es\/#\/schema\/logo\/image\/\"},\"sameAs\":[\"https:\/\/m.facebook.com\/computaex\/\",\"https:\/\/x.com\/computaex\",\"https:\/\/es.linkedin.com\/company\/cenits\"]}]}<\/script>\n<!-- \/ Yoast SEO plugin. -->","yoast_head_json":{"title":"REF 2023-3 T\u00e9cnico\/a\u00a0para el proyecto Quantum Spain en la Fundaci\u00f3n COMPUTAEX - Fundaci\u00f3n COMPUTAEX","robots":{"index":"index","follow":"follow","max-snippet":"max-snippet:-1","max-image-preview":"max-image-preview:large","max-video-preview":"max-video-preview:-1"},"canonical":"https:\/\/computaex.es\/en\/empleo\/ref-2023-3\/","og_locale":"en_US","og_type":"article","og_title":"REF 2023-3 T\u00e9cnico\/a\u00a0para el proyecto Quantum Spain en la Fundaci\u00f3n COMPUTAEX - Fundaci\u00f3n COMPUTAEX","og_description":"REF 2023-3 T\u00e9cnico\/a\u00a0para el proyecto Quantum Spain en la Fundaci\u00f3n COMPUTAEX La Fundaci\u00f3n\u00a0COMPUTAEX\u00a0oferta un puesto para su Centro C\u00e9nitS: T\u00e9cnico\/a para el proyecto\u00a0Quantum Spain (Ref. 2023-3). Todos los detalles de ...","og_url":"https:\/\/computaex.es\/en\/empleo\/ref-2023-3\/","og_site_name":"Fundaci\u00f3n COMPUTAEX","article_publisher":"https:\/\/m.facebook.com\/computaex\/","article_modified_time":"2025-07-30T12:13:35+00:00","og_image":[{"url":"https:\/\/www.computaex.es\/sites\/cenits.es\/files\/galeria_imagenes\/icono-pdf.png","type":"","width":"","height":""}],"twitter_card":"summary_large_image","twitter_site":"@computaex","twitter_misc":{"Est. reading time":"2 minutes"},"schema":{"@context":"https:\/\/schema.org","@graph":[{"@type":"WebPage","@id":"https:\/\/computaex.es\/empleo\/ref-2023-3\/","url":"https:\/\/computaex.es\/empleo\/ref-2023-3\/","name":"REF 2023-3 T\u00e9cnico\/a\u00a0para el proyecto Quantum Spain en la Fundaci\u00f3n COMPUTAEX - Fundaci\u00f3n COMPUTAEX","isPartOf":{"@id":"https:\/\/computaex.es\/#website"},"primaryImageOfPage":{"@id":"https:\/\/computaex.es\/empleo\/ref-2023-3\/#primaryimage"},"image":{"@id":"https:\/\/computaex.es\/empleo\/ref-2023-3\/#primaryimage"},"thumbnailUrl":"https:\/\/www.computaex.es\/sites\/cenits.es\/files\/galeria_imagenes\/icono-pdf.png","datePublished":"2023-10-02T06:28:36+00:00","dateModified":"2025-07-30T12:13:35+00:00","breadcrumb":{"@id":"https:\/\/computaex.es\/empleo\/ref-2023-3\/#breadcrumb"},"inLanguage":"en-US","potentialAction":[{"@type":"ReadAction","target":["https:\/\/computaex.es\/empleo\/ref-2023-3\/"]}]},{"@type":"ImageObject","inLanguage":"en-US","@id":"https:\/\/computaex.es\/empleo\/ref-2023-3\/#primaryimage","url":"https:\/\/www.computaex.es\/sites\/cenits.es\/files\/galeria_imagenes\/icono-pdf.png","contentUrl":"https:\/\/www.computaex.es\/sites\/cenits.es\/files\/galeria_imagenes\/icono-pdf.png"},{"@type":"BreadcrumbList","@id":"https:\/\/computaex.es\/empleo\/ref-2023-3\/#breadcrumb","itemListElement":[{"@type":"ListItem","position":1,"name":"Portada","item":"https:\/\/computaex.es\/"},{"@type":"ListItem","position":2,"name":"Empleo","item":"https:\/\/computaex.es\/empleo\/"},{"@type":"ListItem","position":3,"name":"REF 2023-3 T\u00e9cnico\/a\u00a0para el proyecto Quantum Spain en la Fundaci\u00f3n COMPUTAEX"}]},{"@type":"WebSite","@id":"https:\/\/computaex.es\/#website","url":"https:\/\/computaex.es\/","name":"COMPUTAEX Foundation","description":"COMPUTAEX","publisher":{"@id":"https:\/\/computaex.es\/#organization"},"potentialAction":[{"@type":"SearchAction","target":{"@type":"EntryPoint","urlTemplate":"https:\/\/computaex.es\/?s={search_term_string}"},"query-input":{"@type":"PropertyValueSpecification","valueRequired":true,"valueName":"search_term_string"}}],"inLanguage":"en-US"},{"@type":"Organization","@id":"https:\/\/computaex.es\/#organization","name":"COMPUTAEX","url":"https:\/\/computaex.es\/","logo":{"@type":"ImageObject","inLanguage":"en-US","@id":"https:\/\/computaex.es\/#\/schema\/logo\/image\/","url":"https:\/\/computaex.es\/wp-content\/uploads\/2025\/05\/cropped-COMPUTAEX_transparente-scaled-1.png","contentUrl":"https:\/\/computaex.es\/wp-content\/uploads\/2025\/05\/cropped-COMPUTAEX_transparente-scaled-1.png","width":2560,"height":970,"caption":"COMPUTAEX"},"image":{"@id":"https:\/\/computaex.es\/#\/schema\/logo\/image\/"},"sameAs":["https:\/\/m.facebook.com\/computaex\/","https:\/\/x.com\/computaex","https:\/\/es.linkedin.com\/company\/cenits"]}]}},"_links":{"self":[{"href":"https:\/\/computaex.es\/en\/wp-json\/wp\/v2\/pages\/1861","targetHints":{"allow":["GET"]}}],"collection":[{"href":"https:\/\/computaex.es\/en\/wp-json\/wp\/v2\/pages"}],"about":[{"href":"https:\/\/computaex.es\/en\/wp-json\/wp\/v2\/types\/page"}],"author":[{"embeddable":true,"href":"https:\/\/computaex.es\/en\/wp-json\/wp\/v2\/users\/1"}],"replies":[{"embeddable":true,"href":"https:\/\/computaex.es\/en\/wp-json\/wp\/v2\/comments?post=1861"}],"version-history":[{"count":24,"href":"https:\/\/computaex.es\/en\/wp-json\/wp\/v2\/pages\/1861\/revisions"}],"predecessor-version":[{"id":9183,"href":"https:\/\/computaex.es\/en\/wp-json\/wp\/v2\/pages\/1861\/revisions\/9183"}],"up":[{"embeddable":true,"href":"https:\/\/computaex.es\/en\/wp-json\/wp\/v2\/pages\/7859"}],"wp:attachment":[{"href":"https:\/\/computaex.es\/en\/wp-json\/wp\/v2\/media?parent=1861"}],"wp:term":[{"taxonomy":"category","embeddable":true,"href":"https:\/\/computaex.es\/en\/wp-json\/wp\/v2\/categories?post=1861"},{"taxonomy":"post_tag","embeddable":true,"href":"https:\/\/computaex.es\/en\/wp-json\/wp\/v2\/tags?post=1861"}],"curies":[{"name":"wp","href":"https:\/\/api.w.org\/{rel}","templated":true}]}}