{"id":1867,"date":"2023-01-13T08:29:40","date_gmt":"2023-01-13T07:29:40","guid":{"rendered":"http:\/\/10.128.3.28\/?page_id=1867"},"modified":"2025-07-30T13:55:43","modified_gmt":"2025-07-30T11:55:43","slug":"ref-2023-0","status":"publish","type":"page","link":"https:\/\/computaex.es\/en\/empleo\/ref-2023-0\/","title":{"rendered":"REF 2023-0 Personal investigador al amparo del programa investigo"},"content":{"rendered":"<div data-elementor-type=\"wp-page\" data-elementor-id=\"1867\" class=\"elementor elementor-1867\">\n\t\t\t\t<div class=\"elementor-element elementor-element-30ab368d e-flex e-con-boxed wpr-particle-no wpr-jarallax-no wpr-parallax-no wpr-sticky-section-no e-con e-parent\" data-id=\"30ab368d\" data-element_type=\"container\" data-e-type=\"container\">\n\t\t\t\t\t<div class=\"e-con-inner\">\n\t\t\t\t<div class=\"elementor-element elementor-element-7e94f16d elementor-widget elementor-widget-text-editor\" data-id=\"7e94f16d\" data-element_type=\"widget\" data-e-type=\"widget\" data-widget_type=\"text-editor.default\">\n\t\t\t\t<div class=\"elementor-widget-container\">\n\t\t\t\t\t\t\t\t\t<ul class=\"meta clearfix\"><li>Vie, 13\/01\/2023<\/li><\/ul><div class=\"content node-story\"><div class=\"field field-name-field-noticia-imagen field-type-image field-label-hidden\"><div class=\"field-items\"><div class=\"field-item even\"><img decoding=\"async\" class=\"alignnone\" title=\"COMPUTAEX ofrece 3 contratos en pr\u00e1cticas de personal investigador\" src=\"https:\/\/www.cenits.es\/sites\/cenits.es\/files\/styles\/noticia\/public\/noticias\/20220317_logo-computaex_1.png?itok=F_tUYShd\" alt=\"COMPUTAEX ofrece 3 contratos en pr\u00e1cticas de personal investigador\" width=\"185\" height=\"70\" \/><\/div><\/div><\/div><div class=\"field field-name-body field-type-text-with-summary field-label-hidden\"><div class=\"field-items\"><div class=\"field-item even\"><p>\u00a0<\/p><p>The Foundation\u00a0<a href=\"https:\/\/computaex.es\/en\/fundacion\/\">COMPUTAEX<\/a>, como beneficiaria del programa de ayudas destinadas a la financiaci\u00f3n de los programas de empleo creados para la ejecuci\u00f3n del\u00a0<a href=\"https:\/\/extremaduratrabaja.juntaex.es\/ayudas_plan_recuperacion_transformacion_risilencia\" target=\"_blank\" rel=\"noopener\">Plan de Recuperaci\u00f3n, Transformaci\u00f3n y Resiliencia en la Comunidad Aut\u00f3noma de Extremadura<\/a>, al amparo del Decreto 137\/2021, de 15 de diciembre, por el que se establecen las bases reguladoras para la concesi\u00f3n de subvenciones destinadas a la financiaci\u00f3n de los programas de empleo creados para la ejecuci\u00f3n del\u00a0<a href=\"https:\/\/planderecuperacion.gob.es\/\" target=\"_blank\" rel=\"noopener\">Plan de Recuperaci\u00f3n, Transformaci\u00f3n y Resiliencia<\/a>, financiado por la Uni\u00f3n Europea &#8211;\u00a0<a href=\"https:\/\/next-generation-eu.europa.eu\/index_es\" target=\"_blank\" rel=\"noopener\">NextGenerationEU<\/a>, en la Comunidad\u00a0 Aut\u00f3noma de Extremadura y se aprueban las primeras convocatorias de dichos programas y para el Cap\u00edtulo II \u201c<strong>Programa Investigo<\/strong>\u201d recogido en el mismo, ofrece la\u00a0<strong>contrataci\u00f3n en pr\u00e1cticas de 3 personas menores de 30 a\u00f1os<\/strong>,\u00a0en su centro\u00a0<a href=\"https:\/\/computaex.es\/en\/cenits\/\">C\u00e9nitS<\/a>,\u00a0para los siguientes proyectos de investigaci\u00f3n:<\/p><ul><li><em>Quantum Circuit Simulator as a Service on LUSITANIA III &#8211; QCS-LUSITANIA<\/em><\/li><li><em>DASIA-IoT: Detecci\u00f3n de Ataques mediante t\u00e9cnicas Side-channel y de Inteligencia Artificial en entornos IoT<\/em><\/li><\/ul><p>Todos los detalles de la convocatoria pueden ser consultados en el\u00a0<a href=\"https:\/\/www.cenits.es\/sites\/cenits.es\/files\/noticias\/bases_investigo_-_qcs-lusitania_y_dasia-iot.pdf\"><strong>documento adjunto<\/strong><\/a>. El plazo concluir\u00e1 a las 10 horas del d\u00eda 20 de enero de 2023.<\/p><p>Estos proyectos de investigaci\u00f3n se encuentran incluidos en la Inversi\u00f3n 1, \u201cEmpleo Joven\u201d, comprendida en el Componente 23 \u201cNuevas pol\u00edticas p\u00fablicas para un mercado de trabajo din\u00e1mico, resiliente e inclusivo\u201d, que est\u00e1 encuadrado en la pol\u00edtica palanca VIII, \u201cNueva\u00a0econom\u00eda de los cuidados y pol\u00edticas de empleo\u201d, del Plan de Recuperaci\u00f3n, Transformaci\u00f3n y\u00a0Resiliencia, financiado por la Uni\u00f3n Europea \u2013 NextGenerationEU, aprobado por el Consejo de\u00a0Ministros el 27 de abril de 2021, y por la Decisi\u00f3n de Ejecuci\u00f3n del Consejo relativa a la\u00a0aprobaci\u00f3n de la evaluaci\u00f3n del plan de recuperaci\u00f3n y\u00a0 resiliencia de Espa\u00f1a (Council\u00a0Implementing Decision-CID), de 13 de julio de 2021.<\/p><center><img decoding=\"async\" src=\"https:\/\/www.computaex.es\/sites\/cenits.es\/files\/noticias\/logos_investigo_2022.jpg\" alt=\"\" \/><\/center><\/div><\/div><\/div><div class=\"field field-name-field-noticia-documentos field-type-file field-label-hidden\"><div class=\"field-items\"><div class=\"field-item even\">\u00a0<\/div><\/div><\/div><\/div>\t\t\t\t\t\t\t\t<\/div>\n\t\t\t\t<\/div>\n\t\t\t\t\t<\/div>\n\t\t\t\t<\/div>\n\t\t<div class=\"elementor-element elementor-element-2a0c07e e-flex e-con-boxed wpr-particle-no wpr-jarallax-no wpr-parallax-no wpr-sticky-section-no e-con e-parent\" data-id=\"2a0c07e\" data-element_type=\"container\" data-e-type=\"container\">\n\t\t\t\t\t<div class=\"e-con-inner\">\n\t\t\t\t<div class=\"elementor-element elementor-element-064762f elementor-widget elementor-widget-tabla_descargas\" data-id=\"064762f\" data-element_type=\"widget\" data-e-type=\"widget\" data-settings=\"{&quot;boton_anadir_ids&quot;:&quot;6172&quot;,&quot;fechas_personalizadas&quot;:&quot;{}&quot;}\" data-widget_type=\"tabla_descargas.default\">\n\t\t\t\t<div class=\"elementor-widget-container\">\n\t\t\t\t\t<div class=\"tabla-descargas-container\" data-widget-id=\"064762f\"><table class=\"tabla-descargas\"><thead><tr><th class=\"sortable\" data-sort=\"nombre\">Archivo <span class=\"sort-arrow\"><\/span><\/th><th class=\"sortable\" data-sort=\"tamano\">Size <span class=\"sort-arrow\"><\/span><\/th><th class=\"sortable asc\" data-sort=\"fecha\">Date <span class=\"sort-arrow asc\"><\/span><\/th><th style=\"text-align: center;\">Ver<\/th><th>Descargar<\/th><\/tr><\/thead><tr data-nombre=\"Bases INVESTIGO - QCS-LUSITANIA y DASIA-IoT\" data-tamano=\"507709\" data-fecha=\"2025-01-24\"><td><div class=\"archivo-info\"><div class=\"titulo-archivo\">Bases INVESTIGO - QCS-LUSITANIA y DASIA-IoT<\/div><div class=\"nombre-archivo\">bases_investigo_-_qcs-lusitania_y_dasia-iot.pdf<\/div><\/div><\/td><td>496 KB<\/td><td>24\/01\/2025<\/td><td style=\"text-align: center;\"><a href=\"https:\/\/computaex.es\/wp-content\/uploads\/2025\/01\/bases_investigo_-_qcs-lusitania_y_dasia-iot.pdf\" class=\"boton-ver\" target=\"_blank\" rel=\"noopener noreferrer\" title=\"Ver documento\">\ud83d\udc41<\/a><\/td><td><a href=\"https:\/\/computaex.es\/wp-content\/uploads\/2025\/01\/bases_investigo_-_qcs-lusitania_y_dasia-iot.pdf\" class=\"boton-descarga\" download=\"bases_investigo_-_qcs-lusitania_y_dasia-iot.pdf\">\u2193 Descargar<\/a><\/td><\/tr><\/tbody><\/table><\/div>\t\t\t\t<\/div>\n\t\t\t\t<\/div>\n\t\t\t\t\t<\/div>\n\t\t\t\t<\/div>\n\t\t\t\t<\/div>","protected":false},"excerpt":{"rendered":"<p>Vie, 13\/01\/2023 \u00a0 La Fundaci\u00f3n\u00a0COMPUTAEX, como beneficiaria del programa de ayudas destinadas a la financiaci\u00f3n de los programas de empleo creados para la ejecuci\u00f3n del\u00a0Plan de Recuperaci\u00f3n, Transformaci\u00f3n y Resiliencia &#8230;<\/p>","protected":false},"author":1,"featured_media":0,"parent":7859,"menu_order":0,"comment_status":"closed","ping_status":"closed","template":"","meta":{"footnotes":""},"categories":[106,105],"tags":[],"class_list":["post-1867","page","type-page","status-publish","hentry","category-106","category-empleo"],"yoast_head":"<!-- This site is optimized with the Yoast SEO plugin v27.1.1 - https:\/\/yoast.com\/product\/yoast-seo-wordpress\/ -->\n<title>REF 2023-0 Personal investigador al amparo del programa investigo - Fundaci\u00f3n COMPUTAEX<\/title>\n<meta name=\"robots\" content=\"index, follow, max-snippet:-1, max-image-preview:large, max-video-preview:-1\" \/>\n<link rel=\"canonical\" href=\"https:\/\/computaex.es\/en\/empleo\/ref-2023-0\/\" \/>\n<meta property=\"og:locale\" content=\"en_US\" \/>\n<meta property=\"og:type\" content=\"article\" \/>\n<meta property=\"og:title\" content=\"REF 2023-0 Personal investigador al amparo del programa investigo - Fundaci\u00f3n COMPUTAEX\" \/>\n<meta property=\"og:description\" content=\"Vie, 13\/01\/2023 \u00a0 La Fundaci\u00f3n\u00a0COMPUTAEX, como beneficiaria del programa de ayudas destinadas a la financiaci\u00f3n de los programas de empleo creados para la ejecuci\u00f3n del\u00a0Plan de Recuperaci\u00f3n, Transformaci\u00f3n y Resiliencia ...\" \/>\n<meta property=\"og:url\" content=\"https:\/\/computaex.es\/en\/empleo\/ref-2023-0\/\" \/>\n<meta property=\"og:site_name\" content=\"Fundaci\u00f3n COMPUTAEX\" \/>\n<meta property=\"article:publisher\" content=\"https:\/\/m.facebook.com\/computaex\/\" \/>\n<meta property=\"article:modified_time\" content=\"2025-07-30T11:55:43+00:00\" \/>\n<meta property=\"og:image\" content=\"https:\/\/www.cenits.es\/sites\/cenits.es\/files\/styles\/noticia\/public\/noticias\/20220317_logo-computaex_1.png?itok=F_tUYShd\" \/>\n<meta name=\"twitter:card\" content=\"summary_large_image\" \/>\n<meta name=\"twitter:site\" content=\"@computaex\" \/>\n<meta name=\"twitter:label1\" content=\"Est. reading time\" \/>\n\t<meta name=\"twitter:data1\" content=\"2 minutes\" \/>\n<script type=\"application\/ld+json\" class=\"yoast-schema-graph\">{\"@context\":\"https:\/\/schema.org\",\"@graph\":[{\"@type\":\"WebPage\",\"@id\":\"https:\/\/computaex.es\/empleo\/ref-2023-0\/\",\"url\":\"https:\/\/computaex.es\/empleo\/ref-2023-0\/\",\"name\":\"REF 2023-0 Personal investigador al amparo del programa investigo - Fundaci\u00f3n COMPUTAEX\",\"isPartOf\":{\"@id\":\"https:\/\/computaex.es\/#website\"},\"primaryImageOfPage\":{\"@id\":\"https:\/\/computaex.es\/empleo\/ref-2023-0\/#primaryimage\"},\"image\":{\"@id\":\"https:\/\/computaex.es\/empleo\/ref-2023-0\/#primaryimage\"},\"thumbnailUrl\":\"https:\/\/www.cenits.es\/sites\/cenits.es\/files\/styles\/noticia\/public\/noticias\/20220317_logo-computaex_1.png?itok=F_tUYShd\",\"datePublished\":\"2023-01-13T07:29:40+00:00\",\"dateModified\":\"2025-07-30T11:55:43+00:00\",\"breadcrumb\":{\"@id\":\"https:\/\/computaex.es\/empleo\/ref-2023-0\/#breadcrumb\"},\"inLanguage\":\"en-US\",\"potentialAction\":[{\"@type\":\"ReadAction\",\"target\":[\"https:\/\/computaex.es\/empleo\/ref-2023-0\/\"]}]},{\"@type\":\"ImageObject\",\"inLanguage\":\"en-US\",\"@id\":\"https:\/\/computaex.es\/empleo\/ref-2023-0\/#primaryimage\",\"url\":\"https:\/\/www.cenits.es\/sites\/cenits.es\/files\/styles\/noticia\/public\/noticias\/20220317_logo-computaex_1.png?itok=F_tUYShd\",\"contentUrl\":\"https:\/\/www.cenits.es\/sites\/cenits.es\/files\/styles\/noticia\/public\/noticias\/20220317_logo-computaex_1.png?itok=F_tUYShd\"},{\"@type\":\"BreadcrumbList\",\"@id\":\"https:\/\/computaex.es\/empleo\/ref-2023-0\/#breadcrumb\",\"itemListElement\":[{\"@type\":\"ListItem\",\"position\":1,\"name\":\"Portada\",\"item\":\"https:\/\/computaex.es\/\"},{\"@type\":\"ListItem\",\"position\":2,\"name\":\"Empleo\",\"item\":\"https:\/\/computaex.es\/empleo\/\"},{\"@type\":\"ListItem\",\"position\":3,\"name\":\"REF 2023-0 Personal investigador al amparo del programa investigo\"}]},{\"@type\":\"WebSite\",\"@id\":\"https:\/\/computaex.es\/#website\",\"url\":\"https:\/\/computaex.es\/\",\"name\":\"Fundaci\u00f3n COMPUTAEX\",\"description\":\"COMPUTAEX\",\"publisher\":{\"@id\":\"https:\/\/computaex.es\/#organization\"},\"potentialAction\":[{\"@type\":\"SearchAction\",\"target\":{\"@type\":\"EntryPoint\",\"urlTemplate\":\"https:\/\/computaex.es\/?s={search_term_string}\"},\"query-input\":{\"@type\":\"PropertyValueSpecification\",\"valueRequired\":true,\"valueName\":\"search_term_string\"}}],\"inLanguage\":\"en-US\"},{\"@type\":\"Organization\",\"@id\":\"https:\/\/computaex.es\/#organization\",\"name\":\"COMPUTAEX\",\"url\":\"https:\/\/computaex.es\/\",\"logo\":{\"@type\":\"ImageObject\",\"inLanguage\":\"en-US\",\"@id\":\"https:\/\/computaex.es\/#\/schema\/logo\/image\/\",\"url\":\"https:\/\/computaex.es\/wp-content\/uploads\/2025\/05\/cropped-COMPUTAEX_transparente-scaled-1.png\",\"contentUrl\":\"https:\/\/computaex.es\/wp-content\/uploads\/2025\/05\/cropped-COMPUTAEX_transparente-scaled-1.png\",\"width\":2560,\"height\":970,\"caption\":\"COMPUTAEX\"},\"image\":{\"@id\":\"https:\/\/computaex.es\/#\/schema\/logo\/image\/\"},\"sameAs\":[\"https:\/\/m.facebook.com\/computaex\/\",\"https:\/\/x.com\/computaex\",\"https:\/\/es.linkedin.com\/company\/cenits\"]}]}<\/script>\n<!-- \/ Yoast SEO plugin. -->","yoast_head_json":{"title":"REF 2023-0 Personal investigador al amparo del programa investigo - Fundaci\u00f3n COMPUTAEX","robots":{"index":"index","follow":"follow","max-snippet":"max-snippet:-1","max-image-preview":"max-image-preview:large","max-video-preview":"max-video-preview:-1"},"canonical":"https:\/\/computaex.es\/en\/empleo\/ref-2023-0\/","og_locale":"en_US","og_type":"article","og_title":"REF 2023-0 Personal investigador al amparo del programa investigo - Fundaci\u00f3n COMPUTAEX","og_description":"Vie, 13\/01\/2023 \u00a0 La Fundaci\u00f3n\u00a0COMPUTAEX, como beneficiaria del programa de ayudas destinadas a la financiaci\u00f3n de los programas de empleo creados para la ejecuci\u00f3n del\u00a0Plan de Recuperaci\u00f3n, Transformaci\u00f3n y Resiliencia ...","og_url":"https:\/\/computaex.es\/en\/empleo\/ref-2023-0\/","og_site_name":"Fundaci\u00f3n COMPUTAEX","article_publisher":"https:\/\/m.facebook.com\/computaex\/","article_modified_time":"2025-07-30T11:55:43+00:00","og_image":[{"url":"https:\/\/www.cenits.es\/sites\/cenits.es\/files\/styles\/noticia\/public\/noticias\/20220317_logo-computaex_1.png?itok=F_tUYShd","type":"","width":"","height":""}],"twitter_card":"summary_large_image","twitter_site":"@computaex","twitter_misc":{"Est. reading time":"2 minutes"},"schema":{"@context":"https:\/\/schema.org","@graph":[{"@type":"WebPage","@id":"https:\/\/computaex.es\/empleo\/ref-2023-0\/","url":"https:\/\/computaex.es\/empleo\/ref-2023-0\/","name":"REF 2023-0 Personal investigador al amparo del programa investigo - Fundaci\u00f3n COMPUTAEX","isPartOf":{"@id":"https:\/\/computaex.es\/#website"},"primaryImageOfPage":{"@id":"https:\/\/computaex.es\/empleo\/ref-2023-0\/#primaryimage"},"image":{"@id":"https:\/\/computaex.es\/empleo\/ref-2023-0\/#primaryimage"},"thumbnailUrl":"https:\/\/www.cenits.es\/sites\/cenits.es\/files\/styles\/noticia\/public\/noticias\/20220317_logo-computaex_1.png?itok=F_tUYShd","datePublished":"2023-01-13T07:29:40+00:00","dateModified":"2025-07-30T11:55:43+00:00","breadcrumb":{"@id":"https:\/\/computaex.es\/empleo\/ref-2023-0\/#breadcrumb"},"inLanguage":"en-US","potentialAction":[{"@type":"ReadAction","target":["https:\/\/computaex.es\/empleo\/ref-2023-0\/"]}]},{"@type":"ImageObject","inLanguage":"en-US","@id":"https:\/\/computaex.es\/empleo\/ref-2023-0\/#primaryimage","url":"https:\/\/www.cenits.es\/sites\/cenits.es\/files\/styles\/noticia\/public\/noticias\/20220317_logo-computaex_1.png?itok=F_tUYShd","contentUrl":"https:\/\/www.cenits.es\/sites\/cenits.es\/files\/styles\/noticia\/public\/noticias\/20220317_logo-computaex_1.png?itok=F_tUYShd"},{"@type":"BreadcrumbList","@id":"https:\/\/computaex.es\/empleo\/ref-2023-0\/#breadcrumb","itemListElement":[{"@type":"ListItem","position":1,"name":"Portada","item":"https:\/\/computaex.es\/"},{"@type":"ListItem","position":2,"name":"Empleo","item":"https:\/\/computaex.es\/empleo\/"},{"@type":"ListItem","position":3,"name":"REF 2023-0 Personal investigador al amparo del programa investigo"}]},{"@type":"WebSite","@id":"https:\/\/computaex.es\/#website","url":"https:\/\/computaex.es\/","name":"COMPUTAEX Foundation","description":"COMPUTAEX","publisher":{"@id":"https:\/\/computaex.es\/#organization"},"potentialAction":[{"@type":"SearchAction","target":{"@type":"EntryPoint","urlTemplate":"https:\/\/computaex.es\/?s={search_term_string}"},"query-input":{"@type":"PropertyValueSpecification","valueRequired":true,"valueName":"search_term_string"}}],"inLanguage":"en-US"},{"@type":"Organization","@id":"https:\/\/computaex.es\/#organization","name":"COMPUTAEX","url":"https:\/\/computaex.es\/","logo":{"@type":"ImageObject","inLanguage":"en-US","@id":"https:\/\/computaex.es\/#\/schema\/logo\/image\/","url":"https:\/\/computaex.es\/wp-content\/uploads\/2025\/05\/cropped-COMPUTAEX_transparente-scaled-1.png","contentUrl":"https:\/\/computaex.es\/wp-content\/uploads\/2025\/05\/cropped-COMPUTAEX_transparente-scaled-1.png","width":2560,"height":970,"caption":"COMPUTAEX"},"image":{"@id":"https:\/\/computaex.es\/#\/schema\/logo\/image\/"},"sameAs":["https:\/\/m.facebook.com\/computaex\/","https:\/\/x.com\/computaex","https:\/\/es.linkedin.com\/company\/cenits"]}]}},"_links":{"self":[{"href":"https:\/\/computaex.es\/en\/wp-json\/wp\/v2\/pages\/1867","targetHints":{"allow":["GET"]}}],"collection":[{"href":"https:\/\/computaex.es\/en\/wp-json\/wp\/v2\/pages"}],"about":[{"href":"https:\/\/computaex.es\/en\/wp-json\/wp\/v2\/types\/page"}],"author":[{"embeddable":true,"href":"https:\/\/computaex.es\/en\/wp-json\/wp\/v2\/users\/1"}],"replies":[{"embeddable":true,"href":"https:\/\/computaex.es\/en\/wp-json\/wp\/v2\/comments?post=1867"}],"version-history":[{"count":11,"href":"https:\/\/computaex.es\/en\/wp-json\/wp\/v2\/pages\/1867\/revisions"}],"predecessor-version":[{"id":9169,"href":"https:\/\/computaex.es\/en\/wp-json\/wp\/v2\/pages\/1867\/revisions\/9169"}],"up":[{"embeddable":true,"href":"https:\/\/computaex.es\/en\/wp-json\/wp\/v2\/pages\/7859"}],"wp:attachment":[{"href":"https:\/\/computaex.es\/en\/wp-json\/wp\/v2\/media?parent=1867"}],"wp:term":[{"taxonomy":"category","embeddable":true,"href":"https:\/\/computaex.es\/en\/wp-json\/wp\/v2\/categories?post=1867"},{"taxonomy":"post_tag","embeddable":true,"href":"https:\/\/computaex.es\/en\/wp-json\/wp\/v2\/tags?post=1867"}],"curies":[{"name":"wp","href":"https:\/\/api.w.org\/{rel}","templated":true}]}}