{"id":1954,"date":"2024-04-08T12:23:02","date_gmt":"2024-04-08T10:23:02","guid":{"rendered":"http:\/\/10.128.3.28\/?page_id=1954"},"modified":"2025-08-28T09:30:19","modified_gmt":"2025-08-28T07:30:19","slug":"lusitania-i","status":"publish","type":"page","link":"https:\/\/computaex.es\/en\/lusitania\/lusitania-i\/","title":{"rendered":"LUSITANIA I"},"content":{"rendered":"\t\t<div data-elementor-type=\"wp-page\" data-elementor-id=\"1954\" class=\"elementor elementor-1954\">\n\t\t\t\t<div class=\"elementor-element elementor-element-c1b516e e-flex e-con-boxed wpr-particle-no wpr-jarallax-no wpr-parallax-no wpr-sticky-section-no e-con e-parent\" data-id=\"c1b516e\" data-element_type=\"container\" data-e-type=\"container\">\n\t\t\t\t\t<div class=\"e-con-inner\">\n\t\t<div class=\"elementor-element elementor-element-2a63bbd e-con-full e-flex wpr-particle-no wpr-jarallax-no wpr-parallax-no wpr-sticky-section-no e-con e-child\" data-id=\"2a63bbd\" data-element_type=\"container\" data-e-type=\"container\">\n\t\t\t\t<div class=\"elementor-element elementor-element-4ee7d46 elementor-widget elementor-widget-image\" data-id=\"4ee7d46\" data-element_type=\"widget\" data-e-type=\"widget\" data-widget_type=\"image.default\">\n\t\t\t\t<div class=\"elementor-widget-container\">\n\t\t\t\t\t\t\t\t\t\t\t\t\t\t\t<img fetchpriority=\"high\" decoding=\"async\" width=\"800\" height=\"772\" src=\"https:\/\/computaex.es\/wp-content\/uploads\/2024\/04\/lusitania_silueta_invertida-1024x988.jpg\" class=\"attachment-large size-large wp-image-2547\" alt=\"\" srcset=\"https:\/\/computaex.es\/wp-content\/uploads\/2024\/04\/lusitania_silueta_invertida-1024x988.jpg 1024w, https:\/\/computaex.es\/wp-content\/uploads\/2024\/04\/lusitania_silueta_invertida-300x289.jpg 300w, https:\/\/computaex.es\/wp-content\/uploads\/2024\/04\/lusitania_silueta_invertida-768x741.jpg 768w, https:\/\/computaex.es\/wp-content\/uploads\/2024\/04\/lusitania_silueta_invertida-1536x1482.jpg 1536w, https:\/\/computaex.es\/wp-content\/uploads\/2024\/04\/lusitania_silueta_invertida-2048x1975.jpg 2048w\" sizes=\"(max-width: 800px) 100vw, 800px\" \/>\t\t\t\t\t\t\t\t\t\t\t\t\t\t\t<\/div>\n\t\t\t\t<\/div>\n\t\t\t\t<\/div>\n\t\t<div class=\"elementor-element elementor-element-93be971 e-con-full e-flex wpr-particle-no wpr-jarallax-no wpr-parallax-no wpr-sticky-section-no e-con e-child\" data-id=\"93be971\" data-element_type=\"container\" data-e-type=\"container\">\n\t\t\t\t<div class=\"elementor-element elementor-element-65ce29c elementor-widget elementor-widget-text-editor\" data-id=\"65ce29c\" data-element_type=\"widget\" data-e-type=\"widget\" data-widget_type=\"text-editor.default\">\n\t\t\t\t<div class=\"elementor-widget-container\">\n\t\t\t\t\t\t\t\t\t<p>El <a href=\"\/descripcion-centro\">Centro de Supercomputaci\u00f3n de Extremadura<\/a> gestion\u00f3 el primer Supercomputador de Extremadura, LUSITANIA, desde su puesta en marcha en el a\u00f1o 2009, hasta finales de 2017, proporcionando a investigadores, innovadores y tecn\u00f3logos un recurso capaz de satisfacer requerimientos que de otra forma no ser\u00eda posible atender, prestando servicios de c\u00e1lculo intensivo y comunicaciones avanzadas a la comunidad investigadora, empresas, instituciones y centros tecnol\u00f3gicos de Extremadura.<\/p><p>Las caracter\u00edsticas t\u00e9cnicas de LUSITANIA se detallan a continuaci\u00f3n:<\/p>\t\t\t\t\t\t\t\t<\/div>\n\t\t\t\t<\/div>\n\t\t\t\t<\/div>\n\t\t\t\t\t<\/div>\n\t\t\t\t<\/div>\n\t\t<div class=\"elementor-element elementor-element-4de2c92 e-flex e-con-boxed wpr-particle-no wpr-jarallax-no wpr-parallax-no wpr-sticky-section-no e-con e-parent\" data-id=\"4de2c92\" data-element_type=\"container\" data-e-type=\"container\">\n\t\t\t\t\t<div class=\"e-con-inner\">\n\t\t\t\t<div class=\"elementor-element elementor-element-8948852 elementor-widget elementor-widget-text-editor\" data-id=\"8948852\" data-element_type=\"widget\" data-e-type=\"widget\" data-widget_type=\"text-editor.default\">\n\t\t\t\t<div class=\"elementor-widget-container\">\n\t\t\t\t\t\t\t\t\t<p><strong>Nodos de C\u00f3mputo:<\/strong><\/p><ul><li>2\u00a0<strong>HP Integrity SuperDome<\/strong>\u00a0SX2000 con 64 procesadores de doble n\u00facleo cada uno (<strong>128 procesadores\u00a0<\/strong>\/\u00a0<strong>256 cores<\/strong>),\u00a0Itanium2 Montvale @ 1.6 GHz, 18 MB cache.<\/li><li>2 x 1TB de memoria RAM en una sola imagen =\u00a0<strong>2TB de memoria<\/strong>.<\/li><li>2 x 40x146GB discos SAS = 2 x 3,6TB para \u00abscratch\u00bb en RAID 5.<\/li><li>Sistema Operativo\u00a0<strong>Suse Linux Entreprise Server 11\u00a0<\/strong>\u00a0(con posibilidad de ejecutar simult\u00e1neamente\u00a0Windows Server,\u00a0HP-UX,\u00a0Red Hat,\u00a0SLES, &#8230;).<\/li><li><strong>Alta disponibilidad.<\/strong><\/li><li>Hasta\u00a0<strong>16 particiones f\u00edsicas<\/strong>\u00a0y\u00a0<strong>64 particiones virtuales<\/strong>.<\/li><\/ul><p><strong>Nodos de servicio<\/strong><\/p><ul><li>Servicio de acceso\/desarrollo\/gesti\u00f3n HPC.<\/li><li>4 x\u00a0<strong>HP Integrity rx2660<\/strong>\u00a0cada uno con: 4 n\u00facleos del procesador\u00a0<strong>Intel Itanium-2 dual-core Montvale<\/strong>\u00a0(1,6Ghz\/18MB \u201ccach\u00e9-en el chip\u201d); 16GB de memoria DDR-2; 6 discos SAS de 146 GB.<\/li><\/ul><p><strong>Nodos de gesti\u00f3n<\/strong><\/p><ul><li>2 x\u00a0<strong>HP Proliant DL380-G5<\/strong>\u00a0cada uno con: con 8 n\u00facleos del procesador\u00a0<strong>Intel Xeon Quad-Core E5450<\/strong>\u00a0(3.0 GHz, 1333 FSB, 80W); 8 GB de memoria FBD DDR-2; 2 discos SAS de 146 GB.<\/li><\/ul><p><strong>Nodos de cloud computing<\/strong><\/p><ul><li>2 x\u00a0<strong>HP Proliant DL-380-G7<\/strong>\u00a0cada uno con dos procesadores<strong>\u00a0Intel Xeon \u00a0E5630<\/strong>\u00a0(2,53GHz\/4-core\/12MB), uno con 32 GB de \u00a0memoria RAM y otro con 64 GB y dos discos SAS de 146 GB por servidor.<\/li><li>1 x\u00a0<strong>HP Proliant DL-380-G5<\/strong>\u00a0con 2 procesadores\u00a0<strong>Intel Xeon E5450<\/strong>\u00a0(3GHz\/4-core\/12MB), con 16 GB de memoria RAM y dos discos SAS de 146 GB.<\/li><li>2 x\u00a0<strong>HP ProLiant BL465c<\/strong>\u00a0<strong>Gen8<\/strong>\u00a0con dos procesadores\u00a0<strong>AMD Opteron 6366 HE\u00a0<\/strong>(1,8GHz\/8-core\/16MB), 128 GB de memoria RAM y dos discos duros SAS de 300 GB por servidor.\u00a0\u00a0Estos servidores pertenecen al proyecto\u00a0<a href=\"\/proyectos\/proyecto-fi4vdi-desarrollo-de-una-red-de-infraestructuras-federadas-para-la-generacion-de-servicios-de-virtualizacion-de-puestos-de-trabajo\/\">FI4VDI<\/a>\u00a0(Desarrollo de una red de infraestructuras federadas para la generaci\u00f3n de servicios de virtualizaci\u00f3n de puestos de trabajo), correspondiente al Programa Interreg IV B SUDOE, financiado por el Fondo Europeo de Desarrollo Regional (FEDER).\u00a0<\/li><li>2 x\u00a0<strong>HP ProLiant BL465c<\/strong>\u00a0<strong>Gen8<\/strong>\u00a0con dos procesadores\u00a0<strong>AMD Opteron 627<\/strong>6 (2,3GHz\/8-core\/16MB), 256 GB de memoria RAM y dos discos duros SAS de 300 GB por servidor.\u00a0\u00a0Estos servidores y el software\u00a0Intel Cluster Studio for Linux\u00a0incluido en ellos, pertenecen al proyecto\u00a0<a href=\"\/proyectos\/proyecto-siatdeco-sistema-de-informacion-para-la-ayuda-a-la-toma-de-decisiones-en-energias-ecologicas\/\">SIATDECO<\/a>\u00a0(RITECA II), que est\u00e1 cofinanciado por el Fondo Europeo de Desarrollo Regional (FEDER) a trav\u00e9s del Programa Operativo de Cooperaci\u00f3n Transfronteriza Espa\u00f1a-Portugal (POCTEP) 2007-2013.<\/li><li>4 x\u00a0<strong>HP ProLiant BL460c G6<\/strong>\u00a0con dos procesadores\u00a0<strong>Intel Xeon E5540<\/strong>\u00a0(2,53GHz\/4-core\/8MB), 24GB de memoria RAM y dos discos duros SAS de 146 GB por servidor.\u00a0Estos servidores pertenecen al proyecto\u00a0<a href=\"\/proyectos\/proyecto-fi4vdi-desarrollo-de-una-red-de-infraestructuras-federadas-para-la-generacion-de-servicios-de-virtualizacion-de-puestos-de-trabajo\/\">FI<\/a><a href=\"\/proyectos\/proyecto-fi4vdi-desarrollo-de-una-red-de-infraestructuras-federadas-para-la-generacion-de-servicios-de-virtualizacion-de-puestos-de-trabajo\/\">4VDI<\/a>\u00a0(Desarrollo de una red de infraestructuras federadas para la generaci\u00f3n de servicios de\u00a0virtualizaci\u00f3n de puestos de trabajo), correspondiente al Programa Interreg IV B SUDOE, financiado por el Fondo Europeo de Desarrollo Regional.\u00a0<\/li><li>4 x\u00a0<strong>HP ProLiant BL465c Gen8<\/strong>\u00a0con dos procesadores\u00a0<strong>AMD Opteron 6376<\/strong>\u00a0(2,3GHz\/16-core\/16MB), 128 GB de memoria RAM y dos discos duros SAS de 300 GB por servidor.<\/li><li>1 x\u00a0<strong>Fujitsu Server PRIMERGY RX350 S8<\/strong>, con dos procesadores\u00a0<strong>Intel Xeon E5 2620v2<\/strong>\u00a0(2,10GHz\/6 cores\/15MB), 256 GB de memoria RAM y dos discos duros SAS de 300GB. Este servidor pertenece al proyecto\u00a0<a href=\"\/proyectos\/proyecto-mittic-modernizacion-e-innovacion-tecnologica-con-base-tic-en-sectores-estrategicos-y-tradicionales\/\">MITTIC<\/a>\u00a0(Modernizaci\u00f3n e Innovaci\u00f3n Tecnol\u00f3gica con base TIC en sectores estrat\u00e9gicos y tradicionales), que est\u00e1 cofinanciado por el Fondo Europeo de Desarrollo Regional (FEDER)\u00a0a trav\u00e9s del Programa Operativo de Cooperaci\u00f3n Transfronteriza Espa\u00f1a-Portugal (POCTEP) 2007-2013.\u00a0<\/li><\/ul><p><strong>Unidades aceleradoras de c\u00f3mputo<\/strong><\/p><ul><li>2 x\u00a0<strong>HP ProLiant WS460c G6 Workstation Blade<\/strong>\u00a0con procesadores\u00a0<strong>HP BL460c G7 Intel Xeon E5645<\/strong>\u00a0(2.40GHz\/6-core\/12MB), 96 GB de memoria RAM por servidor, cuatro discos SAS de 300 GB y dos\u00a0<strong>NVIDIA Tesla M2070Q<\/strong>\u00a0(448 cuda cores y 6GB GDDR5).\u00a0\u00a0Estos servidores pertenecen al proyecto\u00a0<a href=\"\/proyectos\/proyecto-siatdeco-sistema-de-informacion-para-la-ayuda-a-la-toma-de-decisiones-en-energias-ecologicas\/\">SIATDECO<\/a>\u00a0(RITECA II), que est\u00e1 cofinanciado por el Fondo Europeo de Desarrollo Regional (FEDER) a trav\u00e9s del Programa Operativo de Cooperaci\u00f3n Transfronteriza Espa\u00f1a-Portugal (POCTEP) 2007-2013.<\/li><li>1 x\u00a0<strong>Intel Xeon Phi Co-Processor 3120P<\/strong>.\u00a0Este procesador pertenece al proyecto\u00a0<a href=\"\/proyectos\/proyecto-mittic-modernizacion-e-innovacion-tecnologica-con-base-tic-en-sectores-estrategicos-y-tradicionales\/\">MITTIC<\/a>\u00a0(Modernizaci\u00f3n e Innovaci\u00f3n Tecnol\u00f3gica con base TIC en sectores estrat\u00e9gicos y tradicionales), que est\u00e1 cofinanciado Fondo Europeo de Desarrollo Regional (FEDER) a trav\u00e9s del Programa Operativo de Cooperaci\u00f3n Transfronteriza Espa\u00f1a-Portugal (POCTEP) 2007-2013.\u00a0<\/li><\/ul><p><strong>Almacenamiento<\/strong><\/p><ul><li>Red\u00a0<strong>fibre channel<\/strong>\u00a0con\u00a0<strong>multipathing activo-activo<\/strong>\u00a0(8 puertos x 4 controladoras).<\/li><li>2 x\u00a0<strong>EVAs 8100<\/strong>\u00a0x [(<strong>208 discos FAT<\/strong>A x 1TB) + (<strong>128 discos FC<\/strong>\u00a0x 450GB)] =\u00a0<strong>265,6TB<\/strong>.<\/li><li>2 x\u00a0<strong>DL380-G5<\/strong>\u00a0servidores NAS ejecutando el sistema de ficheros distribuido\u00a0<strong>HP StorageWorks PolyServe<\/strong>.<\/li><li><p><strong>HP 3PAR StoreServ 7200<\/strong>\u00a0x (<strong>14 discos SA<\/strong>S 10k x 900GB) = 11,5TB. Esta unidad de almacenamiento\u00a0pertenece al proyecto\u00a0<a href=\"\/proyectos\/proyecto-fi4vdi-desarrollo-de-una-red-de-infraestructuras-federadas-para-la-generacion-de-servicios-de-virtualizacion-de-puestos-de-trabajo\/\">FI4VDI<\/a>\u00a0(Desarrollo de una red de infraestructuras federadas para la\u00a0generaci\u00f3n de servicios\u00a0de virtualizaci\u00f3n de puestos de trabajo), correspondiente al Programa Interreg IV B SUDOE, financiado por el Fondo Europeo de Desarrollo Regional.\u00a0<\/p><\/li><\/ul><p><strong>Copias de seguridad<\/strong><\/p><ul><li>Sistema de backup basado en la librer\u00eda de cintas\u00a0<strong>HP Storageworks EML 245e<\/strong>.<\/li><li>Capacidad para\u00a0<strong>245 cintas<\/strong>\u00a0de tecnolog\u00eda\u00a0<strong>LTO-4 Ultrium 1840<\/strong>, lo que ofrece una capacidad de\u00a0<strong>392 TB<\/strong>\u00a0en comprimido 2:1.<\/li><li>Software de gesti\u00f3n y planificaci\u00f3n de backups desatendidos\u00a0<strong>HP StorageWorks DataProtector<\/strong>.<\/li><\/ul><p><strong>Topolog\u00eda de red<\/strong><\/p><p>La conectividad del Centro con el exterior se resuelve a trav\u00e9s de una conexi\u00f3n a\u00a0<strong>10Gbps<\/strong>\u00a0con la Red Cient\u00edfico Tecnol\u00f3gica de Extremadura, que conecta las principales ciudades y centros tecnol\u00f3gicos de la regi\u00f3n. Interconectada a su vez con\u00a0<a href=\"https:\/\/www.rediris.es\/home\/\" target=\"_blank\" rel=\"noopener\">RedIRIS<\/a>\u00a0y con la red europea\u00a0<a href=\"https:\/\/geant.org\/projects\/\" target=\"_blank\" rel=\"noopener\">G\u00c9ANT<\/a>.<\/p><p>Internamente, la infraestructura de servicio y c\u00e1lculo se vertebra sobre:<\/p><ul><li>Dos firewall Fortinet Fortigate 1000C como sistema de seguridad perimetral, con conexiones a 10Gbps, capacidad de firewall, VPN, antivirus, detecci\u00f3n de intrusiones y gesti\u00f3n de ancho de banda por conexi\u00f3n, configurados como un cluster redundante activo-pasivo de alto rendimiento y gran capacidad de procesamiento.<\/li><li>Dos balanceadores de carga Radware AppDirector, con capacidades de balanceo de carga en aplicaciones y capacidades de gesti\u00f3n remota, en configuraci\u00f3n de cluster redundante activo-pasivo.<\/li><li>Dos switches de core HP ProCurve 5406ZL con capacidad de conmutaci\u00f3n a 10Gbps para la red de c\u00f3mputo e interfaces a 1Gbps para las redes de administraci\u00f3n y usuarios. Cuentan con 48 puertos ethernet y 4 fibre channel cada uno.<\/li><li>Dos switches de interconexi\u00f3n para la red de usuarios y servidores, un HP ProCurve 2626 y un HP ProCurve 2810-24G, para permitir el resto de servidores y a los usuarios la conexi\u00f3n a las redes de servicio.<\/li><\/ul>\t\t\t\t\t\t\t\t<\/div>\n\t\t\t\t<\/div>\n\t\t\t\t<div class=\"elementor-element elementor-element-477d282 elementor-widget elementor-widget-image\" data-id=\"477d282\" data-element_type=\"widget\" data-e-type=\"widget\" data-widget_type=\"image.default\">\n\t\t\t\t<div class=\"elementor-widget-container\">\n\t\t\t\t\t\t\t\t\t\t\t\t\t\t\t\t<a href=\"https:\/\/computaex.es\/wp-content\/uploads\/2024\/04\/topologia-red-lusitania-2015.png\" data-elementor-open-lightbox=\"yes\" data-e-action-hash=\"#elementor-action%3Aaction%3Dlightbox%26settings%3DeyJpZCI6MTk2OSwidXJsIjoiaHR0cHM6XC9cL2NvbXB1dGFleC5lc1wvd3AtY29udGVudFwvdXBsb2Fkc1wvMjAyNFwvMDRcL3RvcG9sb2dpYS1yZWQtbHVzaXRhbmlhLTIwMTUucG5nIn0%3D\">\n\t\t\t\t\t\t\t<img decoding=\"async\" width=\"800\" height=\"523\" src=\"https:\/\/computaex.es\/wp-content\/uploads\/2024\/04\/topologia-red-lusitania-2015-1024x669.png\" class=\"attachment-large size-large wp-image-1969\" alt=\"\" srcset=\"https:\/\/computaex.es\/wp-content\/uploads\/2024\/04\/topologia-red-lusitania-2015-1024x669.png 1024w, https:\/\/computaex.es\/wp-content\/uploads\/2024\/04\/topologia-red-lusitania-2015-300x196.png 300w, https:\/\/computaex.es\/wp-content\/uploads\/2024\/04\/topologia-red-lusitania-2015-768x502.png 768w, https:\/\/computaex.es\/wp-content\/uploads\/2024\/04\/topologia-red-lusitania-2015.png 1041w\" sizes=\"(max-width: 800px) 100vw, 800px\" \/>\t\t\t\t\t\t\t\t<\/a>\n\t\t\t\t\t\t\t\t\t\t\t\t\t\t\t<\/div>\n\t\t\t\t<\/div>\n\t\t\t\t\t<\/div>\n\t\t\t\t<\/div>\n\t\t\t\t<\/div>\n\t\t","protected":false},"excerpt":{"rendered":"<p>El Centro de Supercomputaci\u00f3n de Extremadura gestion\u00f3 el primer Supercomputador de Extremadura, LUSITANIA, desde su puesta en marcha en el a\u00f1o 2009, hasta finales de 2017, proporcionando a investigadores, innovadores &#8230;<\/p>","protected":false},"author":1,"featured_media":0,"parent":1567,"menu_order":0,"comment_status":"closed","ping_status":"closed","template":"","meta":{"footnotes":""},"categories":[],"tags":[],"class_list":["post-1954","page","type-page","status-publish","hentry"],"yoast_head":"<!-- This site is optimized with the Yoast SEO plugin v27.1.1 - https:\/\/yoast.com\/product\/yoast-seo-wordpress\/ -->\n<title>LUSITANIA I - Fundaci\u00f3n COMPUTAEX<\/title>\n<meta name=\"robots\" content=\"index, follow, max-snippet:-1, max-image-preview:large, max-video-preview:-1\" \/>\n<link rel=\"canonical\" href=\"https:\/\/computaex.es\/en\/lusitania\/lusitania-i\/\" \/>\n<meta property=\"og:locale\" content=\"en_US\" \/>\n<meta property=\"og:type\" content=\"article\" \/>\n<meta property=\"og:title\" content=\"LUSITANIA I - Fundaci\u00f3n COMPUTAEX\" \/>\n<meta property=\"og:description\" content=\"El Centro de Supercomputaci\u00f3n de Extremadura gestion\u00f3 el primer Supercomputador de Extremadura, LUSITANIA, desde su puesta en marcha en el a\u00f1o 2009, hasta finales de 2017, proporcionando a investigadores, innovadores ...\" \/>\n<meta property=\"og:url\" content=\"https:\/\/computaex.es\/en\/lusitania\/lusitania-i\/\" \/>\n<meta property=\"og:site_name\" content=\"Fundaci\u00f3n COMPUTAEX\" \/>\n<meta property=\"article:publisher\" content=\"https:\/\/m.facebook.com\/computaex\/\" \/>\n<meta property=\"article:modified_time\" content=\"2025-08-28T07:30:19+00:00\" \/>\n<meta property=\"og:image\" content=\"https:\/\/computaex.es\/wp-content\/uploads\/2024\/04\/lusitania_silueta_invertida-1024x988.jpg\" \/>\n<meta name=\"twitter:card\" content=\"summary_large_image\" \/>\n<meta name=\"twitter:site\" content=\"@computaex\" \/>\n<meta name=\"twitter:label1\" content=\"Est. reading time\" \/>\n\t<meta name=\"twitter:data1\" content=\"6 minutes\" \/>\n<script type=\"application\/ld+json\" class=\"yoast-schema-graph\">{\"@context\":\"https:\/\/schema.org\",\"@graph\":[{\"@type\":\"WebPage\",\"@id\":\"https:\/\/computaex.es\/lusitania\/lusitania-i\/\",\"url\":\"https:\/\/computaex.es\/lusitania\/lusitania-i\/\",\"name\":\"LUSITANIA I - Fundaci\u00f3n COMPUTAEX\",\"isPartOf\":{\"@id\":\"https:\/\/computaex.es\/#website\"},\"primaryImageOfPage\":{\"@id\":\"https:\/\/computaex.es\/lusitania\/lusitania-i\/#primaryimage\"},\"image\":{\"@id\":\"https:\/\/computaex.es\/lusitania\/lusitania-i\/#primaryimage\"},\"thumbnailUrl\":\"https:\/\/computaex.es\/wp-content\/uploads\/2024\/04\/lusitania_silueta_invertida-1024x988.jpg\",\"datePublished\":\"2024-04-08T10:23:02+00:00\",\"dateModified\":\"2025-08-28T07:30:19+00:00\",\"breadcrumb\":{\"@id\":\"https:\/\/computaex.es\/lusitania\/lusitania-i\/#breadcrumb\"},\"inLanguage\":\"en-US\",\"potentialAction\":[{\"@type\":\"ReadAction\",\"target\":[\"https:\/\/computaex.es\/lusitania\/lusitania-i\/\"]}]},{\"@type\":\"ImageObject\",\"inLanguage\":\"en-US\",\"@id\":\"https:\/\/computaex.es\/lusitania\/lusitania-i\/#primaryimage\",\"url\":\"https:\/\/computaex.es\/wp-content\/uploads\/2024\/04\/lusitania_silueta_invertida-1024x988.jpg\",\"contentUrl\":\"https:\/\/computaex.es\/wp-content\/uploads\/2024\/04\/lusitania_silueta_invertida-1024x988.jpg\"},{\"@type\":\"BreadcrumbList\",\"@id\":\"https:\/\/computaex.es\/lusitania\/lusitania-i\/#breadcrumb\",\"itemListElement\":[{\"@type\":\"ListItem\",\"position\":1,\"name\":\"Portada\",\"item\":\"https:\/\/computaex.es\/\"},{\"@type\":\"ListItem\",\"position\":2,\"name\":\"LUSITANIA\",\"item\":\"https:\/\/computaex.es\/lusitania\/\"},{\"@type\":\"ListItem\",\"position\":3,\"name\":\"LUSITANIA I\"}]},{\"@type\":\"WebSite\",\"@id\":\"https:\/\/computaex.es\/#website\",\"url\":\"https:\/\/computaex.es\/\",\"name\":\"Fundaci\u00f3n COMPUTAEX\",\"description\":\"COMPUTAEX\",\"publisher\":{\"@id\":\"https:\/\/computaex.es\/#organization\"},\"potentialAction\":[{\"@type\":\"SearchAction\",\"target\":{\"@type\":\"EntryPoint\",\"urlTemplate\":\"https:\/\/computaex.es\/?s={search_term_string}\"},\"query-input\":{\"@type\":\"PropertyValueSpecification\",\"valueRequired\":true,\"valueName\":\"search_term_string\"}}],\"inLanguage\":\"en-US\"},{\"@type\":\"Organization\",\"@id\":\"https:\/\/computaex.es\/#organization\",\"name\":\"COMPUTAEX\",\"url\":\"https:\/\/computaex.es\/\",\"logo\":{\"@type\":\"ImageObject\",\"inLanguage\":\"en-US\",\"@id\":\"https:\/\/computaex.es\/#\/schema\/logo\/image\/\",\"url\":\"https:\/\/computaex.es\/wp-content\/uploads\/2025\/05\/cropped-COMPUTAEX_transparente-scaled-1.png\",\"contentUrl\":\"https:\/\/computaex.es\/wp-content\/uploads\/2025\/05\/cropped-COMPUTAEX_transparente-scaled-1.png\",\"width\":2560,\"height\":970,\"caption\":\"COMPUTAEX\"},\"image\":{\"@id\":\"https:\/\/computaex.es\/#\/schema\/logo\/image\/\"},\"sameAs\":[\"https:\/\/m.facebook.com\/computaex\/\",\"https:\/\/x.com\/computaex\",\"https:\/\/es.linkedin.com\/company\/cenits\"]}]}<\/script>\n<!-- \/ Yoast SEO plugin. -->","yoast_head_json":{"title":"LUSITANIA I - Fundaci\u00f3n COMPUTAEX","robots":{"index":"index","follow":"follow","max-snippet":"max-snippet:-1","max-image-preview":"max-image-preview:large","max-video-preview":"max-video-preview:-1"},"canonical":"https:\/\/computaex.es\/en\/lusitania\/lusitania-i\/","og_locale":"en_US","og_type":"article","og_title":"LUSITANIA I - Fundaci\u00f3n COMPUTAEX","og_description":"El Centro de Supercomputaci\u00f3n de Extremadura gestion\u00f3 el primer Supercomputador de Extremadura, LUSITANIA, desde su puesta en marcha en el a\u00f1o 2009, hasta finales de 2017, proporcionando a investigadores, innovadores ...","og_url":"https:\/\/computaex.es\/en\/lusitania\/lusitania-i\/","og_site_name":"Fundaci\u00f3n COMPUTAEX","article_publisher":"https:\/\/m.facebook.com\/computaex\/","article_modified_time":"2025-08-28T07:30:19+00:00","og_image":[{"url":"https:\/\/computaex.es\/wp-content\/uploads\/2024\/04\/lusitania_silueta_invertida-1024x988.jpg","type":"","width":"","height":""}],"twitter_card":"summary_large_image","twitter_site":"@computaex","twitter_misc":{"Est. reading time":"6 minutes"},"schema":{"@context":"https:\/\/schema.org","@graph":[{"@type":"WebPage","@id":"https:\/\/computaex.es\/lusitania\/lusitania-i\/","url":"https:\/\/computaex.es\/lusitania\/lusitania-i\/","name":"LUSITANIA I - Fundaci\u00f3n COMPUTAEX","isPartOf":{"@id":"https:\/\/computaex.es\/#website"},"primaryImageOfPage":{"@id":"https:\/\/computaex.es\/lusitania\/lusitania-i\/#primaryimage"},"image":{"@id":"https:\/\/computaex.es\/lusitania\/lusitania-i\/#primaryimage"},"thumbnailUrl":"https:\/\/computaex.es\/wp-content\/uploads\/2024\/04\/lusitania_silueta_invertida-1024x988.jpg","datePublished":"2024-04-08T10:23:02+00:00","dateModified":"2025-08-28T07:30:19+00:00","breadcrumb":{"@id":"https:\/\/computaex.es\/lusitania\/lusitania-i\/#breadcrumb"},"inLanguage":"en-US","potentialAction":[{"@type":"ReadAction","target":["https:\/\/computaex.es\/lusitania\/lusitania-i\/"]}]},{"@type":"ImageObject","inLanguage":"en-US","@id":"https:\/\/computaex.es\/lusitania\/lusitania-i\/#primaryimage","url":"https:\/\/computaex.es\/wp-content\/uploads\/2024\/04\/lusitania_silueta_invertida-1024x988.jpg","contentUrl":"https:\/\/computaex.es\/wp-content\/uploads\/2024\/04\/lusitania_silueta_invertida-1024x988.jpg"},{"@type":"BreadcrumbList","@id":"https:\/\/computaex.es\/lusitania\/lusitania-i\/#breadcrumb","itemListElement":[{"@type":"ListItem","position":1,"name":"Portada","item":"https:\/\/computaex.es\/"},{"@type":"ListItem","position":2,"name":"LUSITANIA","item":"https:\/\/computaex.es\/lusitania\/"},{"@type":"ListItem","position":3,"name":"LUSITANIA I"}]},{"@type":"WebSite","@id":"https:\/\/computaex.es\/#website","url":"https:\/\/computaex.es\/","name":"COMPUTAEX Foundation","description":"COMPUTAEX","publisher":{"@id":"https:\/\/computaex.es\/#organization"},"potentialAction":[{"@type":"SearchAction","target":{"@type":"EntryPoint","urlTemplate":"https:\/\/computaex.es\/?s={search_term_string}"},"query-input":{"@type":"PropertyValueSpecification","valueRequired":true,"valueName":"search_term_string"}}],"inLanguage":"en-US"},{"@type":"Organization","@id":"https:\/\/computaex.es\/#organization","name":"COMPUTAEX","url":"https:\/\/computaex.es\/","logo":{"@type":"ImageObject","inLanguage":"en-US","@id":"https:\/\/computaex.es\/#\/schema\/logo\/image\/","url":"https:\/\/computaex.es\/wp-content\/uploads\/2025\/05\/cropped-COMPUTAEX_transparente-scaled-1.png","contentUrl":"https:\/\/computaex.es\/wp-content\/uploads\/2025\/05\/cropped-COMPUTAEX_transparente-scaled-1.png","width":2560,"height":970,"caption":"COMPUTAEX"},"image":{"@id":"https:\/\/computaex.es\/#\/schema\/logo\/image\/"},"sameAs":["https:\/\/m.facebook.com\/computaex\/","https:\/\/x.com\/computaex","https:\/\/es.linkedin.com\/company\/cenits"]}]}},"_links":{"self":[{"href":"https:\/\/computaex.es\/en\/wp-json\/wp\/v2\/pages\/1954","targetHints":{"allow":["GET"]}}],"collection":[{"href":"https:\/\/computaex.es\/en\/wp-json\/wp\/v2\/pages"}],"about":[{"href":"https:\/\/computaex.es\/en\/wp-json\/wp\/v2\/types\/page"}],"author":[{"embeddable":true,"href":"https:\/\/computaex.es\/en\/wp-json\/wp\/v2\/users\/1"}],"replies":[{"embeddable":true,"href":"https:\/\/computaex.es\/en\/wp-json\/wp\/v2\/comments?post=1954"}],"version-history":[{"count":29,"href":"https:\/\/computaex.es\/en\/wp-json\/wp\/v2\/pages\/1954\/revisions"}],"predecessor-version":[{"id":9843,"href":"https:\/\/computaex.es\/en\/wp-json\/wp\/v2\/pages\/1954\/revisions\/9843"}],"up":[{"embeddable":true,"href":"https:\/\/computaex.es\/en\/wp-json\/wp\/v2\/pages\/1567"}],"wp:attachment":[{"href":"https:\/\/computaex.es\/en\/wp-json\/wp\/v2\/media?parent=1954"}],"wp:term":[{"taxonomy":"category","embeddable":true,"href":"https:\/\/computaex.es\/en\/wp-json\/wp\/v2\/categories?post=1954"},{"taxonomy":"post_tag","embeddable":true,"href":"https:\/\/computaex.es\/en\/wp-json\/wp\/v2\/tags?post=1954"}],"curies":[{"name":"wp","href":"https:\/\/api.w.org\/{rel}","templated":true}]}}