{"id":1980,"date":"2024-04-08T12:53:26","date_gmt":"2024-04-08T10:53:26","guid":{"rendered":"http:\/\/10.128.3.28\/?page_id=1980"},"modified":"2025-08-28T09:31:06","modified_gmt":"2025-08-28T07:31:06","slug":"lusitania-ii","status":"publish","type":"page","link":"https:\/\/computaex.es\/en\/lusitania\/lusitania-ii\/","title":{"rendered":"LUSITANIA II"},"content":{"rendered":"<div data-elementor-type=\"wp-page\" data-elementor-id=\"1980\" class=\"elementor elementor-1980\">\n\t\t\t\t<div class=\"elementor-element elementor-element-c1b516e e-flex e-con-boxed wpr-particle-no wpr-jarallax-no wpr-parallax-no wpr-sticky-section-no e-con e-parent\" data-id=\"c1b516e\" data-element_type=\"container\" data-e-type=\"container\">\n\t\t\t\t\t<div class=\"e-con-inner\">\n\t\t<div class=\"elementor-element elementor-element-2a63bbd e-con-full e-flex wpr-particle-no wpr-jarallax-no wpr-parallax-no wpr-sticky-section-no e-con e-child\" data-id=\"2a63bbd\" data-element_type=\"container\" data-e-type=\"container\">\n\t\t\t\t<div class=\"elementor-element elementor-element-4ee7d46 elementor-widget elementor-widget-image\" data-id=\"4ee7d46\" data-element_type=\"widget\" data-e-type=\"widget\" data-widget_type=\"image.default\">\n\t\t\t\t<div class=\"elementor-widget-container\">\n\t\t\t\t\t\t\t\t\t\t\t\t\t\t\t<img fetchpriority=\"high\" decoding=\"async\" width=\"800\" height=\"689\" src=\"https:\/\/computaex.es\/wp-content\/uploads\/2024\/04\/lusitaniaiib-1024x882.jpg\" class=\"attachment-large size-large wp-image-2549\" alt=\"\" srcset=\"https:\/\/computaex.es\/wp-content\/uploads\/2024\/04\/lusitaniaiib-1024x882.jpg 1024w, https:\/\/computaex.es\/wp-content\/uploads\/2024\/04\/lusitaniaiib-300x258.jpg 300w, https:\/\/computaex.es\/wp-content\/uploads\/2024\/04\/lusitaniaiib-768x662.jpg 768w, https:\/\/computaex.es\/wp-content\/uploads\/2024\/04\/lusitaniaiib-1536x1323.jpg 1536w, https:\/\/computaex.es\/wp-content\/uploads\/2024\/04\/lusitaniaiib-2048x1764.jpg 2048w\" sizes=\"(max-width: 800px) 100vw, 800px\" \/>\t\t\t\t\t\t\t\t\t\t\t\t\t\t\t<\/div>\n\t\t\t\t<\/div>\n\t\t\t\t<\/div>\n\t\t<div class=\"elementor-element elementor-element-93be971 e-con-full e-flex wpr-particle-no wpr-jarallax-no wpr-parallax-no wpr-sticky-section-no e-con e-child\" data-id=\"93be971\" data-element_type=\"container\" data-e-type=\"container\">\n\t\t\t\t<div class=\"elementor-element elementor-element-65ce29c elementor-widget elementor-widget-text-editor\" data-id=\"65ce29c\" data-element_type=\"widget\" data-e-type=\"widget\" data-widget_type=\"text-editor.default\">\n\t\t\t\t<div class=\"elementor-widget-container\">\n\t\t\t\t\t\t\t\t\t<p>Since late 2015, Extremadura has had the LUSITANIA II supercomputer, located in C\u00e1ceres. This significantly increased the computing resources offered by the COMPUTAEX Foundation and considerably increased the power available with the first LUSITANIA supercomputer.<\/p><p>In November 2018, LUSITANIA II was\u00a0<a href=\"\/en\/icts-infraestructura-cientifica-y-tecnica-singular\/\">recognized by the Ministry of Science, Innovation, and Universities as a Unique Scientific and Technical Infrastructure (ICTS).<\/a><\/p><p>Please, visit the following link if you wish to\u00a0<a href=\"\/en\/peticion-de-recursos\/\"><strong>request supercomputing resources and services<\/strong>.<\/a><\/p><p>The technical characteristics of LUSITANIA II are detailed below:<\/p>\t\t\t\t\t\t\t\t<\/div>\n\t\t\t\t<\/div>\n\t\t\t\t<\/div>\n\t\t\t\t\t<\/div>\n\t\t\t\t<\/div>\n\t\t<div class=\"elementor-element elementor-element-4de2c92 e-flex e-con-boxed wpr-particle-no wpr-jarallax-no wpr-parallax-no wpr-sticky-section-no e-con e-parent\" data-id=\"4de2c92\" data-element_type=\"container\" data-e-type=\"container\">\n\t\t\t\t\t<div class=\"e-con-inner\">\n\t\t\t\t<div class=\"elementor-element elementor-element-8948852 elementor-widget elementor-widget-text-editor\" data-id=\"8948852\" data-element_type=\"widget\" data-e-type=\"widget\" data-widget_type=\"text-editor.default\">\n\t\t\t\t<div class=\"elementor-widget-container\">\n\t\t\t\t\t\t\t\t\t<p><strong>Shared memory computing node<\/strong><\/p><ul><li>1\u00a0<strong>Primergy RX4770 M2<\/strong>\u00a0with 4\u00a0<strong>Intel Xeon E7-4830v3<\/strong>\u00a0processors with 12 cores each, 2.1GHz, 30MB cache (<strong>48 cores<\/strong>\u00a0in total), 1.5TB DDR4 RAM, 4 power supplies, and 300GB SAS disks.<\/li><\/ul><p><strong>Distributed memory cluster<\/strong><\/p><ul><li>10\u00a0<strong>Fujitsu Primergy CX400<\/strong>\u00a0chasis with capacity for up to 4 servers each.<\/li><li>40\u00a0<strong>Fujitsu Primergy CX2550 servers<\/strong>\u00a0with 2\u00a0<strong>Intel Xeon E5-2660v3<\/strong>processors, each with 10 cores, at 2.6GHz (20 cores per node,\u00a0<strong>800 cores<\/strong>\u00a0in total) and 25MB cache, with 80GB RAM and 2 x 128GB SSD disks.<\/li><li>168\u00a0<strong>IBM System x iDataPlex dx360 M4 servers<\/strong>\u00a0with 2\u00a0<strong>Intel E5-2670 SandyBridge-EP processors<\/strong>, each with 8 cores, at 2.6GHz (16 cores per node, 2688 cores in total), 20MB cache and 32GB RAM.<\/li><li>2 racks\u00a0<strong>IBM iDPx con RDHX<\/strong>\u00a0(water cooling) with capacity to house 84 servers each.<\/li><\/ul><p><strong>Cloud computing nodes<\/strong><\/p><ul><li>2\u00a0<strong>HP Proliant DL-380-G7<\/strong>\u00a0with 2\u00a0<strong>Intel Xeon E5630<\/strong>\u00a0(2.53GHz\/4-core\/12MB), one with 32 GB of RAM and another with 64 GB and two 146 GB SAS disks per server.<\/li><li>1\u00a0<strong>HP Proliant DL-380-G5<\/strong>\u00a0with 2\u00a0<strong>Intel Xeon E5450 processors<\/strong>\u00a0with 16GB RAM and 2 x 146GB SAS disks.<\/li><li>2\u00a0<strong>HP ProLiant BL465c Gen8<\/strong>\u00a0with 2\u00a0<strong>AMD Opteron 6366 HE<\/strong>\u00a0(1.8GHz\/8-core\/16MB), 128 GB of RAM, and two 300 GB SAS hard drives per server. These servers belong to the FI4VDI project (Development of a network of federated infrastructures for the generation of workstation virtualization services), part of the Interreg IV B SUDOE Program, funded by the European Regional Development Fund (ERDF).<\/li><li>2\u00a0<strong>HP ProLiant BL465c Gen8<\/strong>\u00a0with 2\u00a0<strong>AMD Opteron 6276<\/strong>\u00a0(2.3GHz\/8-core\/16MB), 256 GB of RAM, and two 300 GB SAS hard drives per server. These servers and the Intel Cluster Studio for Linux software included in them belong to the SIATDECO (RITECA II) project, which is co-financed by the European Regional Development Fund (ERDF) through the Spain-Portugal Cross-Border Cooperation Operational Program (POCTEP) 2007-2013.<\/li><li>4 servidores\u00a0<strong>HP ProLiant BL460c G6<\/strong>\u00a0with 2\u00a0<strong>Intel Xeon E5540 processors<\/strong>\u00a0(2.53GHz\/4-core\/8MB), 24GB of RAM, and two 146GB SAS hard drives per server. These servers belong to the FI4VDI project (Development of a network of federated infrastructures for the generation of workstation virtualization services), part of the Interreg IV B SUDOE Program, financed by the European Regional Development Fund.<\/li><li>4 servidores\u00a0<strong>HP ProLiant BL465c Gen8<\/strong>\u00a0with 2\u00a0<strong>AMD Opteron 6376 processors<\/strong>\u00a0(2,3GHz\/16-core\/16MB), 128GB RAM and 2 x 300GB SAS disks per server.<\/li><\/ul><p><strong>Nodes with computing accelerators<\/strong><\/p><ul><li>1\u00a0<strong>Fujitsu PRIMERGY RX350 S8<\/strong>, with 2\u00a0<strong>Intel Xeon E5 2620v2 processors<\/strong>\u00a0(2.10GHz\/6 cores\/15MB), 256 GB of RAM, and two 300GB SAS hard drives. This server is part of the MITTIC project (Modernization and Technological Innovation based on ICT in strategic and traditional sectors), which is co-financed by the European Regional Development Fund (ERDF) through the Spain-Portugal Cross-Border Cooperation Operational Program (POCTEP) 2007-2013.<\/li><li>2\u00a0<strong>HP ProLiant WS460c G6 Workstation Blade<\/strong>\u00a0with\u00a0<strong>HP BL460c G7 Intel Xeon E5645<\/strong>\u00a0processors (2.40GHz\/6-core\/12MB), 96GB RAM per server, 4 x 300GB SAS disks and 2\u00a0<strong>NVIDIA Tesla M2070Q<\/strong>\u00a0(448 cores and 6GB GDDR5). These servers belong to the SIATDECO (RITECA II) project, which is co-financed by the European Regional Development Fund (ERDF) through the Spain-Portugal Cross-Border Cooperation Operational Program (POCTEP) 2007-2013.<\/li><li>2\u00a0<strong>NVIDIA Tesla M2070Q<\/strong>\u00a0specialized in computing with PCI Express 2.0 connection, 448 CUDA cores at 1150 MHz with 6GB GDDR5 SDRAM video memory, each with an operational consumption of 225W. These cards are part of the SIATDECO (RITECA II) project, which is co-financed by the European Regional Development Fund (ERDF) through the Spain-Portugal Cross-Border Cooperation Operational Program (POCTEP) 2007-2013.<\/li><li>1\u00a0<strong>Asus ROG Strix NVIDIA Geforce GTX 1080 Advanced<\/strong>\u00a0Specialized in graphics processing with PCI Express 3.0 connection, 2560 CUDA cores at 1695 MHz with 8GB GDDR5X video memory and OpenGL\u00ae4.5 support, with an operating power consumption of 600W. It belongs to the CultivData project, co-financed by the European Regional Development Fund (ERDF), within priority axis 1, priority 1.2., specific objective 1.2.1.<\/li><li>1\u00a0<strong>Intel Xeon Phi 3120P coprocessor<\/strong>. This processor belongs to the MITTIC project (Modernization and Technological Innovation based on ICT in strategic and traditional sectors), which is co-financed by the European Regional Development Fund (ERDF) through the Spain-Portugal Cross-Border Cooperation Operational Program (POCTEP) 2007-2013.<\/li><\/ul><p><strong>Service nodes<\/strong><\/p><ul><li>3\u00a0<strong>Fujitsu Primergy RX2530 M1 servers<\/strong>, each with 2\u00a0<strong>Intel Xeon E5-2620v3 processors<\/strong>\u00a0(6 cores at 2.4GHz and 15 MB cache); 32GB DDR4 RAM, 2 x 300GB SAS disks.<\/li><li>1\u00a0<strong>IBM System x x3550 M4 server<\/strong>\u00a0with 1\u00a0<strong>Intel SandyBridge-EP processor<\/strong>\u00a0(8 cores at 2.6GHz and 20MB cache); 16GB RAM, 2 x 300GB SAS disks.<\/li><\/ul><p><strong>Development nodes<\/strong><\/p><ul><li>2\u00a0<strong>Fujitsu Primergy RX2530 M1 servers<\/strong>\u00a0with 2<strong>\u00a0Intel Xeon E5-2620v3 processors<\/strong>\u00a0(6 cores at 2.4GHz and 15 MB cache); 64GB DDR4 RAM, 2 x 300GB SAS disks.<\/li><\/ul><p><strong>Storage<\/strong><\/p><ul><li>Metadata Data Terminal (MDT)\u00a0<strong>Eternus DX 200S3<\/strong>\u00a0(15 x 900GB SAS disks) =\u00a0<strong>12 TB<\/strong>.<\/li><li>2\u00a0<strong>Fujitsu Primergy RX2530 M1 servers<\/strong>\u00a0with 2\u00a0<strong>Intel Xeon E5-2620v3 processors<\/strong>\u00a0(6 cores at 2.4GHz y 15 MB cache); 64GB DDR4 RAM and 2 x 300GB SAS disks for metadata management with Lustre.<\/li><li>Data cabin (OST)\u00a0<strong>Eternus DX 200<\/strong>\u00a0(41 x 2TB NL-SAS disks and 31 x 4TB NL-SAS disks) =\u00a0<strong>206<\/strong><strong>\u00a0TB<\/strong><\/li><li>2\u00a0<strong>Fujitsu Primergy RX2530 M1 servers<\/strong>\u00a0with 2\u00a0<strong>Intel Xeon E5-2620v3 processors<\/strong>\u00a0(6 cores at 2.4GHz and 15 MB cache); 64GB DDR4 RAM, 2 x 300GB SAS disks for object management with Lustre.<\/li><\/ul><p><strong>Network topology<\/strong><\/p><p>The supercomputer's connectivity with the outside world is provided by a connection of up to 10Gbps with the Extremadura Scientific and Technological Network, which connects the region's main cities and technology centers. It is also interconnected with RedIRIS and the European G\u00c9ANT network.<\/p><p>Internally, the service and computing infrastructure is structured around:<\/p><ul><li>2\u00a0<strong>Fortinet Fortigate 1000C<\/strong>\u00a0firewalls as a perimeter security system, firewall capability, VPN, antivirus, intrusion detection, and bandwidth management per connection, configured as a high-performance active-passive redundant cluster with high processing capacity.<\/li><li>14 switches\u00a0<strong>Infiniband Mellanox SX6036<\/strong>\u00a0with 36 FDR 56Gbps ports for computing networks.<\/li><li>4\u00a0<strong>BNT G8052F<\/strong>\u00a0switches with 48 ports and 1\u00a0<strong>BNT G8000<\/strong>\u00a0with 48 ports.<\/li><li>3\u00a0<strong>Brocade ICX6430<\/strong>\u00a0switches with 48 ports and one\u00a0<strong>Brocade ICX6430<\/strong>\u00a0switch with 24 ports for communication and management networks.<\/li><li>3\u00a0<strong>InfiniBand Mellanox IS5030<\/strong>\u00a0with 36 QDR 40Gbps ports for computing networks.\u00a0<\/li><\/ul>\t\t\t\t\t\t\t\t<\/div>\n\t\t\t\t<\/div>\n\t\t\t\t<div class=\"elementor-element elementor-element-4d2462b elementor-widget elementor-widget-image\" data-id=\"4d2462b\" data-element_type=\"widget\" data-e-type=\"widget\" data-widget_type=\"image.default\">\n\t\t\t\t<div class=\"elementor-widget-container\">\n\t\t\t\t\t\t\t\t\t\t\t\t\t\t\t\t<a href=\"https:\/\/computaex.es\/wp-content\/uploads\/2024\/04\/arquitectura_lusitania_2018.png\" data-elementor-open-lightbox=\"yes\" data-e-action-hash=\"#elementor-action%3Aaction%3Dlightbox%26settings%3DeyJpZCI6MTk4MiwidXJsIjoiaHR0cHM6XC9cL2NvbXB1dGFleC5lc1wvd3AtY29udGVudFwvdXBsb2Fkc1wvMjAyNFwvMDRcL2FycXVpdGVjdHVyYV9sdXNpdGFuaWFfMjAxOC5wbmcifQ%3D%3D\">\n\t\t\t\t\t\t\t<img decoding=\"async\" width=\"800\" height=\"470\" src=\"https:\/\/computaex.es\/wp-content\/uploads\/2024\/04\/arquitectura_lusitania_2018-1024x601.png\" class=\"attachment-large size-large wp-image-1982\" alt=\"\" srcset=\"https:\/\/computaex.es\/wp-content\/uploads\/2024\/04\/arquitectura_lusitania_2018-1024x601.png 1024w, https:\/\/computaex.es\/wp-content\/uploads\/2024\/04\/arquitectura_lusitania_2018-300x176.png 300w, https:\/\/computaex.es\/wp-content\/uploads\/2024\/04\/arquitectura_lusitania_2018-768x451.png 768w, https:\/\/computaex.es\/wp-content\/uploads\/2024\/04\/arquitectura_lusitania_2018-1536x902.png 1536w, https:\/\/computaex.es\/wp-content\/uploads\/2024\/04\/arquitectura_lusitania_2018-2048x1202.png 2048w\" sizes=\"(max-width: 800px) 100vw, 800px\" \/>\t\t\t\t\t\t\t\t<\/a>\n\t\t\t\t\t\t\t\t\t\t\t\t\t\t\t<\/div>\n\t\t\t\t<\/div>\n\t\t\t\t<div class=\"elementor-element elementor-element-c090ae0 elementor-widget elementor-widget-text-editor\" data-id=\"c090ae0\" data-element_type=\"widget\" data-e-type=\"widget\" data-widget_type=\"text-editor.default\">\n\t\t\t\t<div class=\"elementor-widget-container\">\n\t\t\t\t\t\t\t\t\t<p>This project (FCYA10-1E-157) has been co-financed with ERDF funds by the Ministry of Economy and Competitiveness, within the subprogram of Scientific and Technological Infrastructure Projects (2010-2011) of the National Plan for Scientific Research, Development, and Technological Innovation, 2008-2011.<\/p><p><img decoding=\"async\" class=\"aligncenter wp-image-7914 size-medium\" src=\"https:\/\/web.computaex.es\/wp-content\/uploads\/2025\/07\/feder-mineco_0-300x149.png\" alt=\"\" width=\"300\" height=\"149\" srcset=\"https:\/\/computaex.es\/wp-content\/uploads\/2025\/07\/feder-mineco_0-300x150.png 300w, https:\/\/computaex.es\/wp-content\/uploads\/2025\/07\/feder-mineco_0-768x382.png 768w, https:\/\/computaex.es\/wp-content\/uploads\/2025\/07\/feder-mineco_0.png 946w\" sizes=\"(max-width: 300px) 100vw, 300px\" \/><\/p>\t\t\t\t\t\t\t\t<\/div>\n\t\t\t\t<\/div>\n\t\t\t\t\t<\/div>\n\t\t\t\t<\/div>\n\t\t\t\t<\/div>","protected":false},"excerpt":{"rendered":"<p>Desde finales de 2015, Extremadura cuenta con el supercomputador LUSITANIA II, alojado en C\u00e1ceres.\u00a0\u00c9ste increment\u00f3 de forma destacable los recursos de c\u00f3mputo ofrecidos por la Fundaci\u00f3n COMPUTAEX y aument\u00f3 considerablemente &#8230;<\/p>","protected":false},"author":1,"featured_media":0,"parent":1567,"menu_order":0,"comment_status":"closed","ping_status":"closed","template":"","meta":{"footnotes":""},"categories":[],"tags":[],"class_list":["post-1980","page","type-page","status-publish","hentry"],"yoast_head":"<!-- This site is optimized with the Yoast SEO plugin v27.1.1 - https:\/\/yoast.com\/product\/yoast-seo-wordpress\/ -->\n<title>LUSITANIA II - Fundaci\u00f3n COMPUTAEX<\/title>\n<meta name=\"robots\" content=\"index, follow, max-snippet:-1, max-image-preview:large, max-video-preview:-1\" \/>\n<link rel=\"canonical\" href=\"https:\/\/computaex.es\/en\/lusitania\/lusitania-ii\/\" \/>\n<meta property=\"og:locale\" content=\"en_US\" \/>\n<meta property=\"og:type\" content=\"article\" \/>\n<meta property=\"og:title\" content=\"LUSITANIA II - Fundaci\u00f3n COMPUTAEX\" \/>\n<meta property=\"og:description\" content=\"Desde finales de 2015, Extremadura cuenta con el supercomputador LUSITANIA II, alojado en C\u00e1ceres.\u00a0\u00c9ste increment\u00f3 de forma destacable los recursos de c\u00f3mputo ofrecidos por la Fundaci\u00f3n COMPUTAEX y aument\u00f3 considerablemente ...\" \/>\n<meta property=\"og:url\" content=\"https:\/\/computaex.es\/en\/lusitania\/lusitania-ii\/\" \/>\n<meta property=\"og:site_name\" content=\"Fundaci\u00f3n COMPUTAEX\" \/>\n<meta property=\"article:publisher\" content=\"https:\/\/m.facebook.com\/computaex\/\" \/>\n<meta property=\"article:modified_time\" content=\"2025-08-28T07:31:06+00:00\" \/>\n<meta property=\"og:image\" content=\"https:\/\/computaex.es\/wp-content\/uploads\/2024\/04\/lusitaniaiib-1024x882.jpg\" \/>\n<meta name=\"twitter:card\" content=\"summary_large_image\" \/>\n<meta name=\"twitter:site\" content=\"@computaex\" \/>\n<meta name=\"twitter:label1\" content=\"Est. reading time\" \/>\n\t<meta name=\"twitter:data1\" content=\"7 minutes\" \/>\n<script type=\"application\/ld+json\" class=\"yoast-schema-graph\">{\"@context\":\"https:\/\/schema.org\",\"@graph\":[{\"@type\":\"WebPage\",\"@id\":\"https:\/\/computaex.es\/lusitania\/lusitania-ii\/\",\"url\":\"https:\/\/computaex.es\/lusitania\/lusitania-ii\/\",\"name\":\"LUSITANIA II - Fundaci\u00f3n COMPUTAEX\",\"isPartOf\":{\"@id\":\"https:\/\/computaex.es\/#website\"},\"primaryImageOfPage\":{\"@id\":\"https:\/\/computaex.es\/lusitania\/lusitania-ii\/#primaryimage\"},\"image\":{\"@id\":\"https:\/\/computaex.es\/lusitania\/lusitania-ii\/#primaryimage\"},\"thumbnailUrl\":\"https:\/\/computaex.es\/wp-content\/uploads\/2024\/04\/lusitaniaiib-1024x882.jpg\",\"datePublished\":\"2024-04-08T10:53:26+00:00\",\"dateModified\":\"2025-08-28T07:31:06+00:00\",\"breadcrumb\":{\"@id\":\"https:\/\/computaex.es\/lusitania\/lusitania-ii\/#breadcrumb\"},\"inLanguage\":\"en-US\",\"potentialAction\":[{\"@type\":\"ReadAction\",\"target\":[\"https:\/\/computaex.es\/lusitania\/lusitania-ii\/\"]}]},{\"@type\":\"ImageObject\",\"inLanguage\":\"en-US\",\"@id\":\"https:\/\/computaex.es\/lusitania\/lusitania-ii\/#primaryimage\",\"url\":\"https:\/\/computaex.es\/wp-content\/uploads\/2024\/04\/lusitaniaiib-1024x882.jpg\",\"contentUrl\":\"https:\/\/computaex.es\/wp-content\/uploads\/2024\/04\/lusitaniaiib-1024x882.jpg\"},{\"@type\":\"BreadcrumbList\",\"@id\":\"https:\/\/computaex.es\/lusitania\/lusitania-ii\/#breadcrumb\",\"itemListElement\":[{\"@type\":\"ListItem\",\"position\":1,\"name\":\"Portada\",\"item\":\"https:\/\/computaex.es\/\"},{\"@type\":\"ListItem\",\"position\":2,\"name\":\"LUSITANIA\",\"item\":\"https:\/\/computaex.es\/lusitania\/\"},{\"@type\":\"ListItem\",\"position\":3,\"name\":\"LUSITANIA II\"}]},{\"@type\":\"WebSite\",\"@id\":\"https:\/\/computaex.es\/#website\",\"url\":\"https:\/\/computaex.es\/\",\"name\":\"Fundaci\u00f3n COMPUTAEX\",\"description\":\"COMPUTAEX\",\"publisher\":{\"@id\":\"https:\/\/computaex.es\/#organization\"},\"potentialAction\":[{\"@type\":\"SearchAction\",\"target\":{\"@type\":\"EntryPoint\",\"urlTemplate\":\"https:\/\/computaex.es\/?s={search_term_string}\"},\"query-input\":{\"@type\":\"PropertyValueSpecification\",\"valueRequired\":true,\"valueName\":\"search_term_string\"}}],\"inLanguage\":\"en-US\"},{\"@type\":\"Organization\",\"@id\":\"https:\/\/computaex.es\/#organization\",\"name\":\"COMPUTAEX\",\"url\":\"https:\/\/computaex.es\/\",\"logo\":{\"@type\":\"ImageObject\",\"inLanguage\":\"en-US\",\"@id\":\"https:\/\/computaex.es\/#\/schema\/logo\/image\/\",\"url\":\"https:\/\/computaex.es\/wp-content\/uploads\/2025\/05\/cropped-COMPUTAEX_transparente-scaled-1.png\",\"contentUrl\":\"https:\/\/computaex.es\/wp-content\/uploads\/2025\/05\/cropped-COMPUTAEX_transparente-scaled-1.png\",\"width\":2560,\"height\":970,\"caption\":\"COMPUTAEX\"},\"image\":{\"@id\":\"https:\/\/computaex.es\/#\/schema\/logo\/image\/\"},\"sameAs\":[\"https:\/\/m.facebook.com\/computaex\/\",\"https:\/\/x.com\/computaex\",\"https:\/\/es.linkedin.com\/company\/cenits\"]}]}<\/script>\n<!-- \/ Yoast SEO plugin. -->","yoast_head_json":{"title":"LUSITANIA II - Fundaci\u00f3n COMPUTAEX","robots":{"index":"index","follow":"follow","max-snippet":"max-snippet:-1","max-image-preview":"max-image-preview:large","max-video-preview":"max-video-preview:-1"},"canonical":"https:\/\/computaex.es\/en\/lusitania\/lusitania-ii\/","og_locale":"en_US","og_type":"article","og_title":"LUSITANIA II - Fundaci\u00f3n COMPUTAEX","og_description":"Desde finales de 2015, Extremadura cuenta con el supercomputador LUSITANIA II, alojado en C\u00e1ceres.\u00a0\u00c9ste increment\u00f3 de forma destacable los recursos de c\u00f3mputo ofrecidos por la Fundaci\u00f3n COMPUTAEX y aument\u00f3 considerablemente ...","og_url":"https:\/\/computaex.es\/en\/lusitania\/lusitania-ii\/","og_site_name":"Fundaci\u00f3n COMPUTAEX","article_publisher":"https:\/\/m.facebook.com\/computaex\/","article_modified_time":"2025-08-28T07:31:06+00:00","og_image":[{"url":"https:\/\/computaex.es\/wp-content\/uploads\/2024\/04\/lusitaniaiib-1024x882.jpg","type":"","width":"","height":""}],"twitter_card":"summary_large_image","twitter_site":"@computaex","twitter_misc":{"Est. reading time":"7 minutes"},"schema":{"@context":"https:\/\/schema.org","@graph":[{"@type":"WebPage","@id":"https:\/\/computaex.es\/lusitania\/lusitania-ii\/","url":"https:\/\/computaex.es\/lusitania\/lusitania-ii\/","name":"LUSITANIA II - Fundaci\u00f3n COMPUTAEX","isPartOf":{"@id":"https:\/\/computaex.es\/#website"},"primaryImageOfPage":{"@id":"https:\/\/computaex.es\/lusitania\/lusitania-ii\/#primaryimage"},"image":{"@id":"https:\/\/computaex.es\/lusitania\/lusitania-ii\/#primaryimage"},"thumbnailUrl":"https:\/\/computaex.es\/wp-content\/uploads\/2024\/04\/lusitaniaiib-1024x882.jpg","datePublished":"2024-04-08T10:53:26+00:00","dateModified":"2025-08-28T07:31:06+00:00","breadcrumb":{"@id":"https:\/\/computaex.es\/lusitania\/lusitania-ii\/#breadcrumb"},"inLanguage":"en-US","potentialAction":[{"@type":"ReadAction","target":["https:\/\/computaex.es\/lusitania\/lusitania-ii\/"]}]},{"@type":"ImageObject","inLanguage":"en-US","@id":"https:\/\/computaex.es\/lusitania\/lusitania-ii\/#primaryimage","url":"https:\/\/computaex.es\/wp-content\/uploads\/2024\/04\/lusitaniaiib-1024x882.jpg","contentUrl":"https:\/\/computaex.es\/wp-content\/uploads\/2024\/04\/lusitaniaiib-1024x882.jpg"},{"@type":"BreadcrumbList","@id":"https:\/\/computaex.es\/lusitania\/lusitania-ii\/#breadcrumb","itemListElement":[{"@type":"ListItem","position":1,"name":"Portada","item":"https:\/\/computaex.es\/"},{"@type":"ListItem","position":2,"name":"LUSITANIA","item":"https:\/\/computaex.es\/lusitania\/"},{"@type":"ListItem","position":3,"name":"LUSITANIA II"}]},{"@type":"WebSite","@id":"https:\/\/computaex.es\/#website","url":"https:\/\/computaex.es\/","name":"COMPUTAEX Foundation","description":"COMPUTAEX","publisher":{"@id":"https:\/\/computaex.es\/#organization"},"potentialAction":[{"@type":"SearchAction","target":{"@type":"EntryPoint","urlTemplate":"https:\/\/computaex.es\/?s={search_term_string}"},"query-input":{"@type":"PropertyValueSpecification","valueRequired":true,"valueName":"search_term_string"}}],"inLanguage":"en-US"},{"@type":"Organization","@id":"https:\/\/computaex.es\/#organization","name":"COMPUTAEX","url":"https:\/\/computaex.es\/","logo":{"@type":"ImageObject","inLanguage":"en-US","@id":"https:\/\/computaex.es\/#\/schema\/logo\/image\/","url":"https:\/\/computaex.es\/wp-content\/uploads\/2025\/05\/cropped-COMPUTAEX_transparente-scaled-1.png","contentUrl":"https:\/\/computaex.es\/wp-content\/uploads\/2025\/05\/cropped-COMPUTAEX_transparente-scaled-1.png","width":2560,"height":970,"caption":"COMPUTAEX"},"image":{"@id":"https:\/\/computaex.es\/#\/schema\/logo\/image\/"},"sameAs":["https:\/\/m.facebook.com\/computaex\/","https:\/\/x.com\/computaex","https:\/\/es.linkedin.com\/company\/cenits"]}]}},"_links":{"self":[{"href":"https:\/\/computaex.es\/en\/wp-json\/wp\/v2\/pages\/1980","targetHints":{"allow":["GET"]}}],"collection":[{"href":"https:\/\/computaex.es\/en\/wp-json\/wp\/v2\/pages"}],"about":[{"href":"https:\/\/computaex.es\/en\/wp-json\/wp\/v2\/types\/page"}],"author":[{"embeddable":true,"href":"https:\/\/computaex.es\/en\/wp-json\/wp\/v2\/users\/1"}],"replies":[{"embeddable":true,"href":"https:\/\/computaex.es\/en\/wp-json\/wp\/v2\/comments?post=1980"}],"version-history":[{"count":20,"href":"https:\/\/computaex.es\/en\/wp-json\/wp\/v2\/pages\/1980\/revisions"}],"predecessor-version":[{"id":9846,"href":"https:\/\/computaex.es\/en\/wp-json\/wp\/v2\/pages\/1980\/revisions\/9846"}],"up":[{"embeddable":true,"href":"https:\/\/computaex.es\/en\/wp-json\/wp\/v2\/pages\/1567"}],"wp:attachment":[{"href":"https:\/\/computaex.es\/en\/wp-json\/wp\/v2\/media?parent=1980"}],"wp:term":[{"taxonomy":"category","embeddable":true,"href":"https:\/\/computaex.es\/en\/wp-json\/wp\/v2\/categories?post=1980"},{"taxonomy":"post_tag","embeddable":true,"href":"https:\/\/computaex.es\/en\/wp-json\/wp\/v2\/tags?post=1980"}],"curies":[{"name":"wp","href":"https:\/\/api.w.org\/{rel}","templated":true}]}}