{"id":2128,"date":"2024-04-10T12:50:34","date_gmt":"2024-04-10T10:50:34","guid":{"rendered":"http:\/\/10.128.3.28\/?page_id=2128"},"modified":"2025-12-04T12:36:53","modified_gmt":"2025-12-04T11:36:53","slug":"proyecto-plan-complementario-de-biotecnologia-aplicada-a-la-salud","status":"publish","type":"page","link":"https:\/\/computaex.es\/en\/proyecto-plan-complementario-de-biotecnologia-aplicada-a-la-salud\/","title":{"rendered":"Plan complementario de Biotecnolog\u00eda aplicada a la salud. LA2 \u00abImplementaci\u00f3n y an\u00e1lisis de bases de datos en medicina de precisi\u00f3n\u00bb."},"content":{"rendered":"\t\t<div data-elementor-type=\"wp-page\" data-elementor-id=\"2128\" class=\"elementor elementor-2128\">\n\t\t\t\t<div class=\"elementor-element elementor-element-2a87b7ac e-flex e-con-boxed wpr-particle-no wpr-jarallax-no wpr-parallax-no wpr-sticky-section-no e-con e-parent\" data-id=\"2a87b7ac\" data-element_type=\"container\" data-e-type=\"container\">\n\t\t\t\t\t<div class=\"e-con-inner\">\n\t\t\t\t<div class=\"elementor-element elementor-element-770b9014 elementor-widget elementor-widget-text-editor\" data-id=\"770b9014\" data-element_type=\"widget\" data-e-type=\"widget\" data-widget_type=\"text-editor.default\">\n\t\t\t\t<div class=\"elementor-widget-container\">\n\t\t\t\t\t\t\t\t\t<div class=\"field field-name-field-proy-investigadores field-type-text-long field-label-above\"><div class=\"field-label\" style=\"text-align: justify;\"><strong>Investigadores:\u00a0<\/strong><\/div><div class=\"field-items\" style=\"text-align: justify;\"><div class=\"field-item even\"><ul><li>Entidades beneficiarias por regiones: Catalu\u00f1a (5), Pa\u00eds Vasco (9), Castilla la Mancha (2), Galicia (7), Extremadura (4), Arag\u00f3n (3) y Andaluc\u00eda.<\/li><li>Entidades beneficiarias en Extremadura:\u00a0Centro de Cirug\u00eda de M\u00ednima Invasi\u00f3n Jes\u00fas Us\u00f3n (<a href=\"https:\/\/www.ccmijesususon.com\/\" target=\"_blank\" rel=\"noopener\">CCMIJU<\/a>); Fundaci\u00f3n Computaci\u00f3n y Tecnolog\u00edas Avanzadas de Extremadura (<a href=\"\/descripcion-la-fundacion\">COMPUTAEX<\/a>); Fundaci\u00f3n para la Formaci\u00f3n e Investigaci\u00f3n de los Profesionales de la Salud de Extremadura (<a href=\"https:\/saludextremadura.ses.es\/fundesalud\/web\/inicio\" target=\"_blank\" rel=\"noopener\">FundeSalud<\/a>); Universidad de Extremadura (<a href=\"https:\/\/www.unex.es\/\" target=\"_blank\" rel=\"noopener\">UEx<\/a>).<\/li><\/ul><\/div><\/div><\/div><div class=\"field field-name-field-proy-descripcion field-type-text-long field-label-above\" style=\"text-align: justify;\"><div class=\"field-label\"><strong>Descripci\u00f3n:\u00a0<\/strong><\/div><div class=\"field-items\"><div class=\"field-item even\"><p>En los \u00faltimos a\u00f1os se han logrado relevantes desarrollos biotecnol\u00f3gicos y digitales (inteligencia artificial, supercomputaci\u00f3n, rob\u00f3tica y tecnolog\u00eda de sensores, bioingenier\u00eda, o nanotecnolog\u00eda, entre otros) que est\u00e1n permitiendo la generaci\u00f3n y el an\u00e1lisis masivo de datos \u00f3micos relacionados con la salud y la enfermedad. Esto est\u00e1 llevando a un cambio radical de las herramientas para dise\u00f1ar y producir nuevos sistemas y dispositivos de diagn\u00f3stico, pron\u00f3stico y terapia.<\/p><p>La integraci\u00f3n y adopci\u00f3n de estas tecnolog\u00edas facilitadoras en la industria biotecnol\u00f3gica y de tecnolog\u00edas m\u00e9dicas es donde radica el gran potencial de conseguir una medicina personalizada o de precisi\u00f3n que establezca, para cada individuo, herramientas para la prevenci\u00f3n seg\u00fan su predisposici\u00f3n a determinadas enfermedades, sistemas para el diagn\u00f3stico precoz, y m\u00e9todos para elegir la estrategia terap\u00e9utica que mejor se adapte a cada persona en cada circunstancia.<\/p><p>Sin embargo, \u00fanicamente con un enfoque integrador que considere la gran complejidad de las patolog\u00edas humanas conseguiremos dar respuesta a los retos m\u00e1s importantes en salud al que nos enfrentamos: el c\u00e1ncer, las enfermedades asociadas al proceso de envejecimiento, las enfermedades minoritarias y las enfermedades infecciosas.<\/p><p>\u200bEl objetivo general del plan complementario de biotecnolog\u00eda aplicada a salud es el desarrollo de herramientas para diagn\u00f3stico, pron\u00f3stico y terapias avanzadas, o dirigidas, en medicina personalizada. Para ello se han definido las siguientes l\u00edneas de actuaci\u00f3n:<\/p><p><strong>L\u00ednea de actuaci\u00f3n 1: Plataforma brem de criomicroscop\u00eda electr\u00f3nica aplicada a la medicina personalizada.<\/strong><\/p><p>Esta l\u00ednea contribuir\u00e1 con estudios estructurales por crio-microscop\u00eda electr\u00f3nica (crioME) que son clave para comprender mejor los mecanismos por los cuales determinadas mutaciones en las prote\u00ednas diana de pacientes individuales son patog\u00e9nicas, y para definir mejor las estrategias de desarrollo y administraci\u00f3n de f\u00e1rmacos para el tratamiento personalizado de pacientes. Con este fin se pondr\u00e1 en funcionamiento el Basque Resource for Electron Microscopy (BREM), una plataforma avanzada de crioME dotada de tecnolog\u00eda singular y disruptiva para la biolog\u00eda estructural aplicada a la medicina personalizada.<\/p><p><strong>L\u00ednea de actuaci\u00f3n 2: Implementaci\u00f3n y an\u00e1lisis de bases de datos en medicina de precisi\u00f3n.<\/strong><\/p><p>La medicina de precisi\u00f3n est\u00e1 supeditada a la obtenci\u00f3n y estudio de amplias bases de datos experimentales que permitan la caracterizaci\u00f3n fisiopatol\u00f3gica de la poblaci\u00f3n.<br \/>Uno de los objetivos de esta l\u00ednea es la construcci\u00f3n de bases de datos a partir de muestras de biofluidos y tejidos de cohortes[1] no orientadas y\/o de cohortes orientadas a determinadas patolog\u00edas: COVID-19, enfermedades metab\u00f3licas, c\u00e1ncer (p.e. glioblastoma y c\u00e1ncer de pr\u00f3stata), enfermedades del sistema nervioso central, patolog\u00edas cardiacas y reproductivas. Esto permitir\u00e1, por un lado, la caracterizaci\u00f3n de la poblaci\u00f3n general y por otro, complementar estudios enfocados a enfermedades concretas.<br \/>Por otro lado, se realizar\u00e1n an\u00e1lisis de modificaciones gen\u00f3micas, epigen\u00e9ticas, metabol\u00f3micas, prote\u00f3micas y transcript\u00f3micas de las muestras de pacientes m\u00e1s all\u00e1 de la identificaci\u00f3n inicial de mutaciones y polimorfismos, como, por ejemplo, an\u00e1lisis masivos de c\u00e9lula individual (single cell). Para poder analizar todos estos datos se desarrollar\u00e1n innovadoras soluciones de integraci\u00f3n, minado y tratamiento de datos. El desarrollo de esta LA permitir\u00e1 la integraci\u00f3n y contextualizaci\u00f3n de los datos gracias a los avances tecnol\u00f3gicos aportado por las plataformas integrales de an\u00e1lisis -\u00f3micas (metabol\u00f3mica, prote\u00f3mica, flux\u00f3mica, microbi\u00f3tica y gen\u00f3mica), de la potencia de c\u00e1lculo y capacidad para desentra\u00f1ar la complejidad de la inteligencia artificial, y de la informaci\u00f3n mecan\u00edstica basada en la biolog\u00eda estructural obtenida por BREM, para as\u00ed favorecer la identificaci\u00f3n de huellas biol\u00f3gicas validadas (biomarcadores) de manera personalizada.<\/p><p><strong>L\u00ednea de actuaci\u00f3n 3: Plataforma de cribado de f\u00e1rmacos y an\u00e1lisis interacciones f\u00e1rmaco-diana.<\/strong><\/p><p>Esta l\u00ednea contribuir\u00e1 a la identificaci\u00f3n de nuevas dianas terap\u00e9uticas y al desarrollo de f\u00e1rmacos espec\u00edficos personalizados que maximicen su potencial terap\u00e9utico minimizando los efectos adversos, y a la definici\u00f3n de nuevas indicaciones para grupos poblacionales concretos. La identificaci\u00f3n y caracterizaci\u00f3n de dianas terap\u00e9uticas permitir\u00e1 identificar la reutilizaci\u00f3n de mol\u00e9culas (reposicionamiento de f\u00e1rmacos), haciendo posible tanto desarrollar y optimizar nuevos compuestos susceptibles de ser utilizados en medicina de precisi\u00f3n como el uso de f\u00e1rmacos existentes para otras indicaciones terap\u00e9uticas.<br \/>Para este fin se propone un abordaje integral mediante el establecimiento de una red de colaboraci\u00f3n para screening de f\u00e1rmacos que permitan dar soporte a las fases tempranas del descubrimiento de nuevas mol\u00e9culas terap\u00e9uticas mediante abordajes no convencionales. De manera complementaria, se abordar\u00e1 el dise\u00f1o \u00abde novo\u00bb de compuestos con nuevas propiedades farmacol\u00f3gicas que permitan aumentar las muy reducidas tasas de \u00e9xito de los compuestos actuales en fases cl\u00ednicas avanzadas.<\/p><p><strong>L\u00ednea de actuaci\u00f3n 4: Desarrollo de modelos biol\u00f3gicos para cribado y estudio de la actividad de mol\u00e9culas terap\u00e9uticas.<\/strong><\/p><p>Esta l\u00ednea se centrar\u00e1 en la generaci\u00f3n y validaci\u00f3n de modelos biol\u00f3gicos de organoides (tanto existentes como desarrollados en el marco del proyecto) y animales (tanto generados como comerciales) para las patolog\u00edas objeto de estudio que permitan abordar con mayor seguridad cient\u00edfica el desarrollo de las mol\u00e9culas y su salto hacia un posible desarrollo comercial. Para tal fin, se esperan obtener biomodelos humanizados, \u00f3rganos en un chip, organoides, as\u00ed como sus gemelos digitales (digital twins) para una medicina de precisi\u00f3n que permita avanzar en la comprensi\u00f3n las diversas patolog\u00edas en las que se va a focalizar el proyecto.<\/p><p><strong>L\u00ednea de actuaci\u00f3n 5: Desarrollo de nanof\u00e1rmacos, biodistribuci\u00f3n, toxicidad y acciones terap\u00e9uticas en modelos de patolog\u00eda.<\/strong><\/p><p>Esta l\u00ednea pretende desarrollar nanof\u00e1rmacos frente a patolog\u00edas para las que todav\u00eda no hay tratamientos eficaces y modelos biol\u00f3gicos que replican \u00f3rganos o tejidos de pacientes para facilitar su estudio. Para tal fin, se caracterizar\u00e1n las nanopart\u00edculas m\u00e1s prometedoras estudiadas in vitro durante la LA3, se estudiar\u00e1 su toxicidad in vivo, su biodistribuci\u00f3n y sus acciones, bien directas per se, bien liberando f\u00e1rmacos o material gen\u00e9tico (siRNA, miRNA), sobre los modelos de patolog\u00eda (organoides y animales) descritos en la LA4.<\/p><p><strong>L\u00ednea de actuaci\u00f3n 6: T\u00e9cnicas y procesos para terapias avanzadas y dirigidas, formaci\u00f3n quir\u00fargica y rob\u00f3tica m\u00e9dica.<\/strong><\/p><p>Esta l\u00ednea se centrar\u00e1 en desarrollar e implementar terapias avanzadas y estrategias innovadoras para el tratamiento de diversas patolog\u00edas (cardiovascular, reproductiva, c\u00e1ncer, autoinmunes) mediante ingenier\u00eda de tejidos, innovaci\u00f3n en biomateriales y medicina regenerativa para tratamientos m\u00e9dicos personalizados. A tal fin se utilizar\u00e1n impresi\u00f3n de 3D para generar modelos de formaci\u00f3n y asistencia en cirug\u00eda de m\u00ednima invasi\u00f3n, se desarrollar\u00e1n nuevos procesos innovadores de bioimpresi\u00f3n y deposici\u00f3n robotizada y personalizada para implantes en cirug\u00eda regenerativa y se combinar\u00e1n tecnolog\u00edas digitales emergentes (inteligencia artificial, internet de las cosas, etc.) e inmersivas en el \u00e1mbito de la salud (realidad virtual, aumentada, etc.) para el desarrollo de innovadoras herramientas de formaci\u00f3n y asistencia m\u00e9dico-quir\u00fargica para impulsar el futuro en la formaci\u00f3n m\u00e9dica y el aprendizaje a distancia.<br \/>Asimismo, se trabajar\u00e1 en la producci\u00f3n en condiciones GMP de vectores lentivirales\/retrovirales no-replicativos para validaci\u00f3n de estudios con terapias avanzadas (ex-vivo) para el env\u00edo a la Agencia regulatoria de datos y documentos en un ensayo cl\u00ednico, en la generaci\u00f3n de lotes de producci\u00f3n lentivirales\/retrovirales bajo condiciones GMP para ensayos cl\u00ednicos (fase I o II); en el dise\u00f1o de productos lentivirales y su escalado posterior para uso cl\u00ednico as\u00ed como en el dise\u00f1o de estrategias de productos celulares gen\u00e9ticamente modificados ex-vivo.<\/p><\/div><\/div><\/div><div class=\"field field-name-field-proy-objetivos field-type-text-long field-label-above\" style=\"text-align: justify;\"><div class=\"field-label\"><strong>Objetivos:\u00a0<\/strong><\/div><div class=\"field-items\"><div class=\"field-item even\"><p>\u200bEl objetivo general del plan complementario de biotecnolog\u00eda aplicada a salud es el desarrollo de herramientas para diagn\u00f3stico, pron\u00f3stico y terapias avanzadas, o dirigidas, en medicina personalizada.<\/p><p>El plan complementario de biotecnolog\u00eda aplicada a salud pretende superar las limitaciones de las primeras aproximaciones para medicina personalizada. Para tal fin, se han definido los siguientes objetivos:<\/p><ul><li>Incrementar el conocimiento de los efectos de todas las variantes posibles en los genomas, transcriptomas, proteomas humanos y de pat\u00f3genos.<\/li><li>Profundizar en el estudio de la expresi\u00f3n g\u00e9nica a nivel celular individual, esencial para desarrollar nuevos sistemas avanzados de diagn\u00f3stico y pron\u00f3stico e identificar nuevas dianas terap\u00e9uticas.<\/li><li>Desarrollar nuevas terapias personalizadas y dirigidas como los nanof\u00e1rmacos, as\u00ed como t\u00e9cnicas avanzadas de cirug\u00eda mediante el desarrollo de modelos de enfermedad precl\u00ednicos que aprovechen el potencial de los sistemas biomim\u00e9ticos y los biomodelos.<\/li><\/ul><\/div><\/div><\/div><div class=\"field field-name-field-proy-financiacion field-type-text-long field-label-above\"><div class=\"field-label\" style=\"text-align: justify;\"><strong>Fuentes de financiaci\u00f3n:\u00a0<\/strong><\/div><div class=\"field-items\"><div class=\"field-item even\"><center><a href=\"https:\/planescomplementariossalud.es\/\" target=\"_blank\" rel=\"noopener\"><img decoding=\"async\" src=\"\/wp-content\/uploads\/2025\/01\/logos-eugobminresilencia.jpg\" alt=\"\" \/><\/a><\/center><p style=\"text-align: justify;\">Este Plan ha sido cofinanciado por el Ministerio de Ciencia e Innovaci\u00f3n con fondos de la Uni\u00f3n Europea NextGenerationEU (PRTR-C17.I1) y las siguientes Comunidades Aut\u00f3nomas:<\/p><center><a href=\"https:\/planescomplementariossalud.es\/\" target=\"_blank\" rel=\"noopener\"><img decoding=\"async\" src=\"\/wp-content\/uploads\/2025\/01\/logos-pcb-regiones.png\" alt=\"\" \/><\/a><\/center><\/div><\/div><\/div><div class=\"field field-name-field-proy-web field-type-text-long field-label-above\"><div class=\"field-label\"><ul><li style=\"text-align: justify;\"><a href=\"https:\/\/doe.juntaex.es\/pdfs\/doe\/2023\/350o\/23060479.pdf\">Convenio<\/a>. Publicado en el DOE n\u00famero 35, el lunes 20 de febrero de 2023. Convenio para la formalizaci\u00f3n de una transferencia espec\u00edfica plurianual a la Fundaci\u00f3n Computaci\u00f3n y Tecnolog\u00edas Avanzadas de Extremadura (COMPUTAEX) para la realizaci\u00f3n del Programa de I+D+I en el \u00c1rea Biotecnolog\u00eda Aplicada a la Salud para la realizaci\u00f3n de la l\u00ednea de actuaci\u00f3n LA2, financiada con los Fondos NextGenerationEU, incluida en la medida de inversi\u00f3n I1, Planes Complementarios con las Comunidades Aut\u00f3nomas, que forman parte del componente 17 del Plan de Recuperaci\u00f3n, Transformaci\u00f3n y Resiliencia.<\/li><\/ul><p><strong>Web: <\/strong><a href=\"https:\/planescomplementariossalud.es\/\" target=\"_blank\" rel=\"noopener\"><strong>https:\/planescomplementariossalud.es\/<\/strong>\u00a0\u00a0<\/a><\/p><\/div><\/div>\t\t\t\t\t\t\t\t<\/div>\n\t\t\t\t<\/div>\n\t\t\t\t\t<\/div>\n\t\t\t\t<\/div>\n\t\t\t\t<\/div>\n\t\t","protected":false},"excerpt":{"rendered":"<p>Investigadores:\u00a0 Entidades beneficiarias por regiones: Catalu\u00f1a (5), Pa\u00eds Vasco (9), Castilla la Mancha (2), Galicia (7), Extremadura (4), Arag\u00f3n (3) y Andaluc\u00eda. Entidades beneficiarias en Extremadura:\u00a0Centro de Cirug\u00eda de M\u00ednima &#8230;<\/p>","protected":false},"author":1,"featured_media":0,"parent":0,"menu_order":0,"comment_status":"closed","ping_status":"closed","template":"","meta":{"footnotes":""},"categories":[117,118,120,103,81],"tags":[],"class_list":["post-2128","page","type-page","status-publish","hentry","category-activos","category-aprendizaje-automatico","category-ciencia-de-datos","category-ciencias-de-la-vida","category-proyectos"],"yoast_head":"<!-- This site is optimized with the Yoast SEO plugin v27.5 - https:\/\/yoast.com\/product\/yoast-seo-wordpress\/ -->\n<title>Plan complementario de Biotecnolog\u00eda aplicada a la salud. LA2 &quot;Implementaci\u00f3n y an\u00e1lisis de bases de datos en medicina de precisi\u00f3n&quot;. - Fundaci\u00f3n COMPUTAEX<\/title>\n<meta name=\"robots\" content=\"index, follow, max-snippet:-1, max-image-preview:large, max-video-preview:-1\" \/>\n<link rel=\"canonical\" href=\"https:\/\/computaex.es\/en\/proyecto-plan-complementario-de-biotecnologia-aplicada-a-la-salud\/\" \/>\n<meta property=\"og:locale\" content=\"en_US\" \/>\n<meta property=\"og:type\" content=\"article\" \/>\n<meta property=\"og:title\" content=\"Plan complementario de Biotecnolog\u00eda aplicada a la salud. LA2 &quot;Implementaci\u00f3n y an\u00e1lisis de bases de datos en medicina de precisi\u00f3n&quot;. - Fundaci\u00f3n COMPUTAEX\" \/>\n<meta property=\"og:description\" content=\"Investigadores:\u00a0 Entidades beneficiarias por regiones: Catalu\u00f1a (5), Pa\u00eds Vasco (9), Castilla la Mancha (2), Galicia (7), Extremadura (4), Arag\u00f3n (3) y Andaluc\u00eda. Entidades beneficiarias en Extremadura:\u00a0Centro de Cirug\u00eda de M\u00ednima ...\" \/>\n<meta property=\"og:url\" content=\"https:\/\/computaex.es\/en\/proyecto-plan-complementario-de-biotecnologia-aplicada-a-la-salud\/\" \/>\n<meta property=\"og:site_name\" content=\"Fundaci\u00f3n COMPUTAEX\" \/>\n<meta property=\"article:publisher\" content=\"https:\/\/m.facebook.com\/computaex\/\" \/>\n<meta property=\"article:modified_time\" content=\"2025-12-04T11:36:53+00:00\" \/>\n<meta property=\"og:image\" content=\"https:\/\/computaex.es\/wp-content\/uploads\/2025\/08\/COMPUTAEX.jpg\" \/>\n\t<meta property=\"og:image:width\" content=\"1024\" \/>\n\t<meta property=\"og:image:height\" content=\"403\" \/>\n\t<meta property=\"og:image:type\" content=\"image\/jpeg\" \/>\n<meta name=\"twitter:card\" content=\"summary_large_image\" \/>\n<meta name=\"twitter:site\" content=\"@computaex\" \/>\n<meta name=\"twitter:label1\" content=\"Est. reading time\" \/>\n\t<meta name=\"twitter:data1\" content=\"8 minutes\" \/>\n<script type=\"application\/ld+json\" class=\"yoast-schema-graph\">{\"@context\":\"https:\\\/\\\/schema.org\",\"@graph\":[{\"@type\":\"WebPage\",\"@id\":\"https:\\\/\\\/computaex.es\\\/proyecto-plan-complementario-de-biotecnologia-aplicada-a-la-salud\\\/\",\"url\":\"https:\\\/\\\/computaex.es\\\/proyecto-plan-complementario-de-biotecnologia-aplicada-a-la-salud\\\/\",\"name\":\"Plan complementario de Biotecnolog\u00eda aplicada a la salud. LA2 \\\"Implementaci\u00f3n y an\u00e1lisis de bases de datos en medicina de precisi\u00f3n\\\". - Fundaci\u00f3n COMPUTAEX\",\"isPartOf\":{\"@id\":\"https:\\\/\\\/computaex.es\\\/#website\"},\"datePublished\":\"2024-04-10T10:50:34+00:00\",\"dateModified\":\"2025-12-04T11:36:53+00:00\",\"breadcrumb\":{\"@id\":\"https:\\\/\\\/computaex.es\\\/proyecto-plan-complementario-de-biotecnologia-aplicada-a-la-salud\\\/#breadcrumb\"},\"inLanguage\":\"en-US\",\"potentialAction\":[{\"@type\":\"ReadAction\",\"target\":[\"https:\\\/\\\/computaex.es\\\/proyecto-plan-complementario-de-biotecnologia-aplicada-a-la-salud\\\/\"]}]},{\"@type\":\"BreadcrumbList\",\"@id\":\"https:\\\/\\\/computaex.es\\\/proyecto-plan-complementario-de-biotecnologia-aplicada-a-la-salud\\\/#breadcrumb\",\"itemListElement\":[{\"@type\":\"ListItem\",\"position\":1,\"name\":\"Portada\",\"item\":\"https:\\\/\\\/computaex.es\\\/\"},{\"@type\":\"ListItem\",\"position\":2,\"name\":\"Plan complementario de Biotecnolog\u00eda aplicada a la salud. LA2 \u00abImplementaci\u00f3n y an\u00e1lisis de bases de datos en medicina de precisi\u00f3n\u00bb.\"}]},{\"@type\":\"WebSite\",\"@id\":\"https:\\\/\\\/computaex.es\\\/#website\",\"url\":\"https:\\\/\\\/computaex.es\\\/\",\"name\":\"Fundaci\u00f3n COMPUTAEX\",\"description\":\"COMPUTAEX\",\"publisher\":{\"@id\":\"https:\\\/\\\/computaex.es\\\/#organization\"},\"potentialAction\":[{\"@type\":\"SearchAction\",\"target\":{\"@type\":\"EntryPoint\",\"urlTemplate\":\"https:\\\/\\\/computaex.es\\\/?s={search_term_string}\"},\"query-input\":{\"@type\":\"PropertyValueSpecification\",\"valueRequired\":true,\"valueName\":\"search_term_string\"}}],\"inLanguage\":\"en-US\"},{\"@type\":\"Organization\",\"@id\":\"https:\\\/\\\/computaex.es\\\/#organization\",\"name\":\"COMPUTAEX\",\"url\":\"https:\\\/\\\/computaex.es\\\/\",\"logo\":{\"@type\":\"ImageObject\",\"inLanguage\":\"en-US\",\"@id\":\"https:\\\/\\\/computaex.es\\\/#\\\/schema\\\/logo\\\/image\\\/\",\"url\":\"https:\\\/\\\/computaex.es\\\/wp-content\\\/uploads\\\/2025\\\/05\\\/cropped-COMPUTAEX_transparente-scaled-1.png\",\"contentUrl\":\"https:\\\/\\\/computaex.es\\\/wp-content\\\/uploads\\\/2025\\\/05\\\/cropped-COMPUTAEX_transparente-scaled-1.png\",\"width\":2560,\"height\":970,\"caption\":\"COMPUTAEX\"},\"image\":{\"@id\":\"https:\\\/\\\/computaex.es\\\/#\\\/schema\\\/logo\\\/image\\\/\"},\"sameAs\":[\"https:\\\/\\\/m.facebook.com\\\/computaex\\\/\",\"https:\\\/\\\/x.com\\\/computaex\",\"https:\\\/\\\/es.linkedin.com\\\/company\\\/cenits\"]}]}<\/script>\n<!-- \/ Yoast SEO plugin. -->","yoast_head_json":{"title":"Plan complementario de Biotecnolog\u00eda aplicada a la salud. LA2 \"Implementaci\u00f3n y an\u00e1lisis de bases de datos en medicina de precisi\u00f3n\". - Fundaci\u00f3n COMPUTAEX","robots":{"index":"index","follow":"follow","max-snippet":"max-snippet:-1","max-image-preview":"max-image-preview:large","max-video-preview":"max-video-preview:-1"},"canonical":"https:\/\/computaex.es\/en\/proyecto-plan-complementario-de-biotecnologia-aplicada-a-la-salud\/","og_locale":"en_US","og_type":"article","og_title":"Plan complementario de Biotecnolog\u00eda aplicada a la salud. LA2 \"Implementaci\u00f3n y an\u00e1lisis de bases de datos en medicina de precisi\u00f3n\". - Fundaci\u00f3n COMPUTAEX","og_description":"Investigadores:\u00a0 Entidades beneficiarias por regiones: Catalu\u00f1a (5), Pa\u00eds Vasco (9), Castilla la Mancha (2), Galicia (7), Extremadura (4), Arag\u00f3n (3) y Andaluc\u00eda. Entidades beneficiarias en Extremadura:\u00a0Centro de Cirug\u00eda de M\u00ednima ...","og_url":"https:\/\/computaex.es\/en\/proyecto-plan-complementario-de-biotecnologia-aplicada-a-la-salud\/","og_site_name":"Fundaci\u00f3n COMPUTAEX","article_publisher":"https:\/\/m.facebook.com\/computaex\/","article_modified_time":"2025-12-04T11:36:53+00:00","og_image":[{"width":1024,"height":403,"url":"https:\/\/computaex.es\/wp-content\/uploads\/2025\/08\/COMPUTAEX.jpg","type":"image\/jpeg"}],"twitter_card":"summary_large_image","twitter_site":"@computaex","twitter_misc":{"Est. reading time":"8 minutes"},"schema":{"@context":"https:\/\/schema.org","@graph":[{"@type":"WebPage","@id":"https:\/\/computaex.es\/proyecto-plan-complementario-de-biotecnologia-aplicada-a-la-salud\/","url":"https:\/\/computaex.es\/proyecto-plan-complementario-de-biotecnologia-aplicada-a-la-salud\/","name":"Plan complementario de Biotecnolog\u00eda aplicada a la salud. LA2 \"Implementaci\u00f3n y an\u00e1lisis de bases de datos en medicina de precisi\u00f3n\". - Fundaci\u00f3n COMPUTAEX","isPartOf":{"@id":"https:\/\/computaex.es\/#website"},"datePublished":"2024-04-10T10:50:34+00:00","dateModified":"2025-12-04T11:36:53+00:00","breadcrumb":{"@id":"https:\/\/computaex.es\/proyecto-plan-complementario-de-biotecnologia-aplicada-a-la-salud\/#breadcrumb"},"inLanguage":"en-US","potentialAction":[{"@type":"ReadAction","target":["https:\/\/computaex.es\/proyecto-plan-complementario-de-biotecnologia-aplicada-a-la-salud\/"]}]},{"@type":"BreadcrumbList","@id":"https:\/\/computaex.es\/proyecto-plan-complementario-de-biotecnologia-aplicada-a-la-salud\/#breadcrumb","itemListElement":[{"@type":"ListItem","position":1,"name":"Portada","item":"https:\/\/computaex.es\/"},{"@type":"ListItem","position":2,"name":"Plan complementario de Biotecnolog\u00eda aplicada a la salud. LA2 \u00abImplementaci\u00f3n y an\u00e1lisis de bases de datos en medicina de precisi\u00f3n\u00bb."}]},{"@type":"WebSite","@id":"https:\/\/computaex.es\/#website","url":"https:\/\/computaex.es\/","name":"COMPUTAEX Foundation","description":"COMPUTAEX","publisher":{"@id":"https:\/\/computaex.es\/#organization"},"potentialAction":[{"@type":"SearchAction","target":{"@type":"EntryPoint","urlTemplate":"https:\/\/computaex.es\/?s={search_term_string}"},"query-input":{"@type":"PropertyValueSpecification","valueRequired":true,"valueName":"search_term_string"}}],"inLanguage":"en-US"},{"@type":"Organization","@id":"https:\/\/computaex.es\/#organization","name":"COMPUTAEX","url":"https:\/\/computaex.es\/","logo":{"@type":"ImageObject","inLanguage":"en-US","@id":"https:\/\/computaex.es\/#\/schema\/logo\/image\/","url":"https:\/\/computaex.es\/wp-content\/uploads\/2025\/05\/cropped-COMPUTAEX_transparente-scaled-1.png","contentUrl":"https:\/\/computaex.es\/wp-content\/uploads\/2025\/05\/cropped-COMPUTAEX_transparente-scaled-1.png","width":2560,"height":970,"caption":"COMPUTAEX"},"image":{"@id":"https:\/\/computaex.es\/#\/schema\/logo\/image\/"},"sameAs":["https:\/\/m.facebook.com\/computaex\/","https:\/\/x.com\/computaex","https:\/\/es.linkedin.com\/company\/cenits"]}]}},"_links":{"self":[{"href":"https:\/\/computaex.es\/en\/wp-json\/wp\/v2\/pages\/2128","targetHints":{"allow":["GET"]}}],"collection":[{"href":"https:\/\/computaex.es\/en\/wp-json\/wp\/v2\/pages"}],"about":[{"href":"https:\/\/computaex.es\/en\/wp-json\/wp\/v2\/types\/page"}],"author":[{"embeddable":true,"href":"https:\/\/computaex.es\/en\/wp-json\/wp\/v2\/users\/1"}],"replies":[{"embeddable":true,"href":"https:\/\/computaex.es\/en\/wp-json\/wp\/v2\/comments?post=2128"}],"version-history":[{"count":14,"href":"https:\/\/computaex.es\/en\/wp-json\/wp\/v2\/pages\/2128\/revisions"}],"predecessor-version":[{"id":10716,"href":"https:\/\/computaex.es\/en\/wp-json\/wp\/v2\/pages\/2128\/revisions\/10716"}],"wp:attachment":[{"href":"https:\/\/computaex.es\/en\/wp-json\/wp\/v2\/media?parent=2128"}],"wp:term":[{"taxonomy":"category","embeddable":true,"href":"https:\/\/computaex.es\/en\/wp-json\/wp\/v2\/categories?post=2128"},{"taxonomy":"post_tag","embeddable":true,"href":"https:\/\/computaex.es\/en\/wp-json\/wp\/v2\/tags?post=2128"}],"curies":[{"name":"wp","href":"https:\/\/api.w.org\/{rel}","templated":true}]}}