{"id":2147,"date":"2024-04-10T13:12:16","date_gmt":"2024-04-10T11:12:16","guid":{"rendered":"http:\/\/10.128.3.28\/?page_id=2147"},"modified":"2025-07-23T10:51:52","modified_gmt":"2025-07-23T08:51:52","slug":"proyecto-anemoi2-avances-en-el-modelo-predictivo-de-productividad-y-operatividad-de-parques-eolicos","status":"publish","type":"page","link":"https:\/\/computaex.es\/en\/proyecto-anemoi2-avances-en-el-modelo-predictivo-de-productividad-y-operatividad-de-parques-eolicos\/","title":{"rendered":"Anemoi2: avances en el modelo predictivo de productividad y operatividad de parques e\u00f3licos"},"content":{"rendered":"<div class=\"field field-name-field-proy-investigadores field-type-text-long field-label-above\">\n<div class=\"field-label\" style=\"text-align: justify;\"><strong>Researchers:\u00a0<\/strong><\/div>\n<div class=\"field-items\" style=\"text-align: justify;\">\n<div class=\"field-item even\">\n<ul>\n<li>Andr\u00e9s Ventura, Javier Corral y Juan Manuel Murrillo. Fundaci\u00f3n COMPUTAEX.<\/li>\n<\/ul>\n<\/div>\n<\/div>\n<\/div>\n<div class=\"field field-name-field-proy-descripcion field-type-text-long field-label-above\" style=\"text-align: justify;\">\n<div class=\"field-label\"><strong>Description:\u00a0<\/strong><\/div>\n<div class=\"field-items\">\n<div class=\"field-item even\">\n<p>La excesiva dependencia de nuestra sociedad de los combustibles f\u00f3siles y de las fuentes de energ\u00eda no renovables est\u00e1 en tela de juicio. Algunos estudios se\u00f1alan este uso extensivo de combustibles f\u00f3siles como la principal fuente de emisiones de CO2 y una causa importante del cambio clim\u00e1tico antropog\u00e9nico. En los \u00faltimos 20 a\u00f1os se ha producido un crecimiento lento pero constante del uso de fuentes de energ\u00eda renovables o ecol\u00f3gicas en el contexto de un esfuerzo de gobiernos y empresas por la \u00abdescarbonizaci\u00f3n\u00bb de la econom\u00eda.<\/p>\n<p>En este contexto, los aerogeneradores han sido una importante fuente de producci\u00f3n de energ\u00eda renovable: pa\u00edses como Espa\u00f1a o Suecia obtienen entre el 10 y el 13% de su consumo total de energ\u00eda de los aerogeneradores. Este crecimiento puede confirmarse f\u00e1cilmente con datos que muestran la capacidad total de generaci\u00f3n de energ\u00eda (en GW) de todas las instalaciones de parques e\u00f3licos del mundo. Este gr\u00e1fico muestra un aumento de 37,75 veces en la energ\u00eda generada por aerogeneradores desde 2001 hasta 2022, con especial \u00e9nfasis en los \u00faltimos 10 a\u00f1os, donde se ha alcanzado un aumento total del 220%. Uno de los problemas encontrados en los parques e\u00f3licos son los costes de Operaci\u00f3n y Mantenimiento (O&amp;M), que suelen suponer el 25%-35% de los costes totales.<\/p>\n<p>Anemoi2 ha obtenido interesantes resultados a trav\u00e9s de la anal\u00edtica de los datos de operaci\u00f3n de parques e\u00f3licos reales. Esta informaci\u00f3n es de un alto valor para el alcance de este proyecto.<\/p>\n<\/div>\n<\/div>\n<\/div>\n<div class=\"field field-name-field-proy-objetivos field-type-text-long field-label-above\" style=\"text-align: justify;\">\n<div class=\"field-label\"><strong>Objectives:\u00a0<\/strong><\/div>\n<div class=\"field-items\">\n<div class=\"field-item even\">\n<p>El objetivo general del proyecto ha consistido en analizar los datos extra\u00eddos de un parque e\u00f3lico a fin de identificar y analizar todas las variables que pueden influir en su vida \u00fatil, as\u00ed como en las causas de sus aver\u00edas. Anemoi2 es el proyecto continuaci\u00f3n de Anemoi, y ampl\u00eda este con el uso de modelos predictivos basados en t\u00e9cnicas computacionales y de inteligencia artificial para la predicci\u00f3n de aver\u00edas.<\/p>\n<p><strong>Objetivos espec\u00edficos del proyecto:<\/strong><\/p>\n<ul>\n<li>Analizar los datos extra\u00eddos de parques e\u00f3licos: se ha analizado el dataset obtenido de las mediciones de diversas caracter\u00edsticas de 8 aerogeneradores distintos, enfoc\u00e1ndose en la selecci\u00f3n y limpieza de los datos para su posterior an\u00e1lisis.<\/li>\n<li>Identificar y analizar todas las variables que pueden influir en su vida \u00fatil, as\u00ed como en las causas de sus aver\u00edas: se han identificado las variables m\u00e1s influyentes en los distintos tipos de fallo que puede sufrir el aerogenerador.<\/li>\n<li>Realizar estudios estad\u00edsticos para comprobar la influencia de las variables observadas en la productividad de los aerogeneradores: se han aplicado modelos estad\u00edsticos y t\u00e9cnicas de selecci\u00f3n de caracter\u00edsticas para entender el impacto de cada variable en los fallos del aerogenerador.<\/li>\n<li>Analizar, modelar e identificar patrones de comportamiento en el funcionamiento de los aerogeneradores que puedan usarse para la predictibilidad del \u00f3ptimo funcionamiento: se han evaluado distintos modelos (como LTSM, Prophet, PCA, etc.) para seleccionar el m\u00e1s adecuado para el proyecto.<\/li>\n<li>Reducci\u00f3n de incidencias de funcionamiento en el parque y que favorezca el aumento de vida \u00fatil de los equipos: tras la selecci\u00f3n del modelo, se ha procedido a su entrenamiento y validaci\u00f3n, buscando optimizar su rendimiento y evitar problemas como el overfitting.<\/li>\n<\/ul>\n<\/div>\n<\/div>\n<\/div>\n<div class=\"field field-name-field-proy-financiacion field-type-text-long field-label-above\">\n<div class=\"field-label\" style=\"text-align: justify;\"><strong>Sources of funding:\u00a0<\/strong><\/div>\n<div class=\"field-items\">\n<div class=\"field-item even\">\n<p style=\"text-align: justify;\">Proyecto financiado por la Consejer\u00eda de Educaci\u00f3n y Empleo de la Junta de Extremadura, a trav\u00e9s del Programa PAI (Personal de Apoyo a la Investigaci\u00f3n). Ayudas destinadas al fomento de la contrataci\u00f3n de personal de apoyo a la investigaci\u00f3n en la Comunidad Aut\u00f3noma de Extremadura, correspondiente al ejercicio 2021 (Resoluci\u00f3n de 22 de julio de 2021).<\/p>\n<p><center><img decoding=\"async\" src=\"\/wp-content\/uploads\/2025\/01\/logos_pai_2021.jpg\" alt=\"\" \/><\/center><\/div>\n<\/div>\n<\/div>","protected":false},"excerpt":{"rendered":"<p>Investigadores:\u00a0 Andr\u00e9s Ventura, Javier Corral y Juan Manuel Murrillo. Fundaci\u00f3n COMPUTAEX. Descripci\u00f3n:\u00a0 La excesiva dependencia de nuestra sociedad de los combustibles f\u00f3siles y de las fuentes de energ\u00eda no renovables &#8230;<\/p>","protected":false},"author":1,"featured_media":0,"parent":0,"menu_order":0,"comment_status":"closed","ping_status":"closed","template":"","meta":{"footnotes":""},"categories":[104,81],"tags":[],"class_list":["post-2147","page","type-page","status-publish","hentry","category-ciencias-informaticas-y-de-comunicaciones","category-proyectos"],"yoast_head":"<!-- This site is optimized with the Yoast SEO plugin v27.1.1 - https:\/\/yoast.com\/product\/yoast-seo-wordpress\/ -->\n<title>Anemoi2: avances en el modelo predictivo de productividad y operatividad de parques e\u00f3licos - Fundaci\u00f3n COMPUTAEX<\/title>\n<meta name=\"robots\" content=\"index, follow, max-snippet:-1, max-image-preview:large, max-video-preview:-1\" \/>\n<link rel=\"canonical\" href=\"https:\/\/computaex.es\/en\/proyecto-anemoi2-avances-en-el-modelo-predictivo-de-productividad-y-operatividad-de-parques-eolicos\/\" \/>\n<meta property=\"og:locale\" content=\"en_US\" \/>\n<meta property=\"og:type\" content=\"article\" \/>\n<meta property=\"og:title\" content=\"Anemoi2: avances en el modelo predictivo de productividad y operatividad de parques e\u00f3licos - Fundaci\u00f3n COMPUTAEX\" \/>\n<meta property=\"og:description\" content=\"Investigadores:\u00a0 Andr\u00e9s Ventura, Javier Corral y Juan Manuel Murrillo. Fundaci\u00f3n COMPUTAEX. Descripci\u00f3n:\u00a0 La excesiva dependencia de nuestra sociedad de los combustibles f\u00f3siles y de las fuentes de energ\u00eda no renovables ...\" \/>\n<meta property=\"og:url\" content=\"https:\/\/computaex.es\/en\/proyecto-anemoi2-avances-en-el-modelo-predictivo-de-productividad-y-operatividad-de-parques-eolicos\/\" \/>\n<meta property=\"og:site_name\" content=\"Fundaci\u00f3n COMPUTAEX\" \/>\n<meta property=\"article:publisher\" content=\"https:\/\/m.facebook.com\/computaex\/\" \/>\n<meta property=\"article:modified_time\" content=\"2025-07-23T08:51:52+00:00\" \/>\n<meta property=\"og:image\" content=\"https:\/\/computaex.es\/wp-content\/uploads\/2025\/08\/COMPUTAEX.jpg\" \/>\n\t<meta property=\"og:image:width\" content=\"1024\" \/>\n\t<meta property=\"og:image:height\" content=\"403\" \/>\n\t<meta property=\"og:image:type\" content=\"image\/jpeg\" \/>\n<meta name=\"twitter:card\" content=\"summary_large_image\" \/>\n<meta name=\"twitter:site\" content=\"@computaex\" \/>\n<meta name=\"twitter:label1\" content=\"Est. reading time\" \/>\n\t<meta name=\"twitter:data1\" content=\"3 minutes\" \/>\n<script type=\"application\/ld+json\" class=\"yoast-schema-graph\">{\"@context\":\"https:\/\/schema.org\",\"@graph\":[{\"@type\":\"WebPage\",\"@id\":\"https:\/\/computaex.es\/proyecto-anemoi2-avances-en-el-modelo-predictivo-de-productividad-y-operatividad-de-parques-eolicos\/\",\"url\":\"https:\/\/computaex.es\/proyecto-anemoi2-avances-en-el-modelo-predictivo-de-productividad-y-operatividad-de-parques-eolicos\/\",\"name\":\"Anemoi2: avances en el modelo predictivo de productividad y operatividad de parques e\u00f3licos - Fundaci\u00f3n COMPUTAEX\",\"isPartOf\":{\"@id\":\"https:\/\/computaex.es\/#website\"},\"datePublished\":\"2024-04-10T11:12:16+00:00\",\"dateModified\":\"2025-07-23T08:51:52+00:00\",\"breadcrumb\":{\"@id\":\"https:\/\/computaex.es\/proyecto-anemoi2-avances-en-el-modelo-predictivo-de-productividad-y-operatividad-de-parques-eolicos\/#breadcrumb\"},\"inLanguage\":\"en-US\",\"potentialAction\":[{\"@type\":\"ReadAction\",\"target\":[\"https:\/\/computaex.es\/proyecto-anemoi2-avances-en-el-modelo-predictivo-de-productividad-y-operatividad-de-parques-eolicos\/\"]}]},{\"@type\":\"BreadcrumbList\",\"@id\":\"https:\/\/computaex.es\/proyecto-anemoi2-avances-en-el-modelo-predictivo-de-productividad-y-operatividad-de-parques-eolicos\/#breadcrumb\",\"itemListElement\":[{\"@type\":\"ListItem\",\"position\":1,\"name\":\"Portada\",\"item\":\"https:\/\/computaex.es\/\"},{\"@type\":\"ListItem\",\"position\":2,\"name\":\"Anemoi2: avances en el modelo predictivo de productividad y operatividad de parques e\u00f3licos\"}]},{\"@type\":\"WebSite\",\"@id\":\"https:\/\/computaex.es\/#website\",\"url\":\"https:\/\/computaex.es\/\",\"name\":\"Fundaci\u00f3n COMPUTAEX\",\"description\":\"COMPUTAEX\",\"publisher\":{\"@id\":\"https:\/\/computaex.es\/#organization\"},\"potentialAction\":[{\"@type\":\"SearchAction\",\"target\":{\"@type\":\"EntryPoint\",\"urlTemplate\":\"https:\/\/computaex.es\/?s={search_term_string}\"},\"query-input\":{\"@type\":\"PropertyValueSpecification\",\"valueRequired\":true,\"valueName\":\"search_term_string\"}}],\"inLanguage\":\"en-US\"},{\"@type\":\"Organization\",\"@id\":\"https:\/\/computaex.es\/#organization\",\"name\":\"COMPUTAEX\",\"url\":\"https:\/\/computaex.es\/\",\"logo\":{\"@type\":\"ImageObject\",\"inLanguage\":\"en-US\",\"@id\":\"https:\/\/computaex.es\/#\/schema\/logo\/image\/\",\"url\":\"https:\/\/computaex.es\/wp-content\/uploads\/2025\/05\/cropped-COMPUTAEX_transparente-scaled-1.png\",\"contentUrl\":\"https:\/\/computaex.es\/wp-content\/uploads\/2025\/05\/cropped-COMPUTAEX_transparente-scaled-1.png\",\"width\":2560,\"height\":970,\"caption\":\"COMPUTAEX\"},\"image\":{\"@id\":\"https:\/\/computaex.es\/#\/schema\/logo\/image\/\"},\"sameAs\":[\"https:\/\/m.facebook.com\/computaex\/\",\"https:\/\/x.com\/computaex\",\"https:\/\/es.linkedin.com\/company\/cenits\"]}]}<\/script>\n<!-- \/ Yoast SEO plugin. -->","yoast_head_json":{"title":"Anemoi2: avances en el modelo predictivo de productividad y operatividad de parques e\u00f3licos - Fundaci\u00f3n COMPUTAEX","robots":{"index":"index","follow":"follow","max-snippet":"max-snippet:-1","max-image-preview":"max-image-preview:large","max-video-preview":"max-video-preview:-1"},"canonical":"https:\/\/computaex.es\/en\/proyecto-anemoi2-avances-en-el-modelo-predictivo-de-productividad-y-operatividad-de-parques-eolicos\/","og_locale":"en_US","og_type":"article","og_title":"Anemoi2: avances en el modelo predictivo de productividad y operatividad de parques e\u00f3licos - Fundaci\u00f3n COMPUTAEX","og_description":"Investigadores:\u00a0 Andr\u00e9s Ventura, Javier Corral y Juan Manuel Murrillo. Fundaci\u00f3n COMPUTAEX. Descripci\u00f3n:\u00a0 La excesiva dependencia de nuestra sociedad de los combustibles f\u00f3siles y de las fuentes de energ\u00eda no renovables ...","og_url":"https:\/\/computaex.es\/en\/proyecto-anemoi2-avances-en-el-modelo-predictivo-de-productividad-y-operatividad-de-parques-eolicos\/","og_site_name":"Fundaci\u00f3n COMPUTAEX","article_publisher":"https:\/\/m.facebook.com\/computaex\/","article_modified_time":"2025-07-23T08:51:52+00:00","og_image":[{"width":1024,"height":403,"url":"https:\/\/computaex.es\/wp-content\/uploads\/2025\/08\/COMPUTAEX.jpg","type":"image\/jpeg"}],"twitter_card":"summary_large_image","twitter_site":"@computaex","twitter_misc":{"Est. reading time":"3 minutes"},"schema":{"@context":"https:\/\/schema.org","@graph":[{"@type":"WebPage","@id":"https:\/\/computaex.es\/proyecto-anemoi2-avances-en-el-modelo-predictivo-de-productividad-y-operatividad-de-parques-eolicos\/","url":"https:\/\/computaex.es\/proyecto-anemoi2-avances-en-el-modelo-predictivo-de-productividad-y-operatividad-de-parques-eolicos\/","name":"Anemoi2: avances en el modelo predictivo de productividad y operatividad de parques e\u00f3licos - Fundaci\u00f3n COMPUTAEX","isPartOf":{"@id":"https:\/\/computaex.es\/#website"},"datePublished":"2024-04-10T11:12:16+00:00","dateModified":"2025-07-23T08:51:52+00:00","breadcrumb":{"@id":"https:\/\/computaex.es\/proyecto-anemoi2-avances-en-el-modelo-predictivo-de-productividad-y-operatividad-de-parques-eolicos\/#breadcrumb"},"inLanguage":"en-US","potentialAction":[{"@type":"ReadAction","target":["https:\/\/computaex.es\/proyecto-anemoi2-avances-en-el-modelo-predictivo-de-productividad-y-operatividad-de-parques-eolicos\/"]}]},{"@type":"BreadcrumbList","@id":"https:\/\/computaex.es\/proyecto-anemoi2-avances-en-el-modelo-predictivo-de-productividad-y-operatividad-de-parques-eolicos\/#breadcrumb","itemListElement":[{"@type":"ListItem","position":1,"name":"Portada","item":"https:\/\/computaex.es\/"},{"@type":"ListItem","position":2,"name":"Anemoi2: avances en el modelo predictivo de productividad y operatividad de parques e\u00f3licos"}]},{"@type":"WebSite","@id":"https:\/\/computaex.es\/#website","url":"https:\/\/computaex.es\/","name":"COMPUTAEX Foundation","description":"COMPUTAEX","publisher":{"@id":"https:\/\/computaex.es\/#organization"},"potentialAction":[{"@type":"SearchAction","target":{"@type":"EntryPoint","urlTemplate":"https:\/\/computaex.es\/?s={search_term_string}"},"query-input":{"@type":"PropertyValueSpecification","valueRequired":true,"valueName":"search_term_string"}}],"inLanguage":"en-US"},{"@type":"Organization","@id":"https:\/\/computaex.es\/#organization","name":"COMPUTAEX","url":"https:\/\/computaex.es\/","logo":{"@type":"ImageObject","inLanguage":"en-US","@id":"https:\/\/computaex.es\/#\/schema\/logo\/image\/","url":"https:\/\/computaex.es\/wp-content\/uploads\/2025\/05\/cropped-COMPUTAEX_transparente-scaled-1.png","contentUrl":"https:\/\/computaex.es\/wp-content\/uploads\/2025\/05\/cropped-COMPUTAEX_transparente-scaled-1.png","width":2560,"height":970,"caption":"COMPUTAEX"},"image":{"@id":"https:\/\/computaex.es\/#\/schema\/logo\/image\/"},"sameAs":["https:\/\/m.facebook.com\/computaex\/","https:\/\/x.com\/computaex","https:\/\/es.linkedin.com\/company\/cenits"]}]}},"_links":{"self":[{"href":"https:\/\/computaex.es\/en\/wp-json\/wp\/v2\/pages\/2147","targetHints":{"allow":["GET"]}}],"collection":[{"href":"https:\/\/computaex.es\/en\/wp-json\/wp\/v2\/pages"}],"about":[{"href":"https:\/\/computaex.es\/en\/wp-json\/wp\/v2\/types\/page"}],"author":[{"embeddable":true,"href":"https:\/\/computaex.es\/en\/wp-json\/wp\/v2\/users\/1"}],"replies":[{"embeddable":true,"href":"https:\/\/computaex.es\/en\/wp-json\/wp\/v2\/comments?post=2147"}],"version-history":[{"count":4,"href":"https:\/\/computaex.es\/en\/wp-json\/wp\/v2\/pages\/2147\/revisions"}],"predecessor-version":[{"id":8293,"href":"https:\/\/computaex.es\/en\/wp-json\/wp\/v2\/pages\/2147\/revisions\/8293"}],"wp:attachment":[{"href":"https:\/\/computaex.es\/en\/wp-json\/wp\/v2\/media?parent=2147"}],"wp:term":[{"taxonomy":"category","embeddable":true,"href":"https:\/\/computaex.es\/en\/wp-json\/wp\/v2\/categories?post=2147"},{"taxonomy":"post_tag","embeddable":true,"href":"https:\/\/computaex.es\/en\/wp-json\/wp\/v2\/tags?post=2147"}],"curies":[{"name":"wp","href":"https:\/\/api.w.org\/{rel}","templated":true}]}}