{"id":2196,"date":"2024-04-10T13:27:04","date_gmt":"2024-04-10T11:27:04","guid":{"rendered":"http:\/\/10.128.3.28\/?page_id=2196"},"modified":"2025-10-09T12:43:52","modified_gmt":"2025-10-09T10:43:52","slug":"proyecto-quantum-spain-creacion-de-un-ecosistema-de-computacion-cuantica-para-la-inteligencia-artificial","status":"publish","type":"page","link":"https:\/\/computaex.es\/en\/proyectos\/proyecto-quantum-spain-creacion-de-un-ecosistema-de-computacion-cuantica-para-la-inteligencia-artificial\/","title":{"rendered":"Quantum Spain: creaci\u00f3n de un ecosistema de computaci\u00f3n cu\u00e1ntica para la Inteligencia Artificial"},"content":{"rendered":"<div class=\"field field-name-field-proy-investigadores field-type-text-long field-label-above\">\n<div class=\"field-label\" style=\"text-align: justify;\"><strong>Researchers:\u00a0<\/strong><\/div>\n<div class=\"field-items\" style=\"text-align: justify;\">\n<div class=\"field-item even\">\n<p>27 instituciones de investigaci\u00f3n formadas por:<\/p>\n<p>11 nodos de la Red Espa\u00f1ola de Supercomputaci\u00f3n:<\/p>\n<ul>\n<li>BSC (Barcelona Supercomputing Center).<\/li>\n<li>CESGA (Centro de Supercomputaci\u00f3n de Galicia).<\/li>\n<li>SCAYLE (Centro de Supercomputaci\u00f3n de Castilla y Le\u00f3n).<\/li>\n<li>NASERTIC (Navarra de Servicios y Tecnolog\u00edas).<\/li>\n<li>BIFI (Instituto de Biocomputaci\u00f3n y F\u00edsica de Sistemas Complejos de la Universidad de Zaragoza).<\/li>\n<li>CSUC (Consorcio de Servicios Universitarios de Catalu\u00f1a).<\/li>\n<li>PIC (CIEMAT-IFAE) (Port d&#8217;Informaci\u00f3 Cient\u00edfica de la Universidad de Barcelona).<\/li>\n<li>UAM (Universidad Aut\u00f3noma de Madrid).<\/li>\n<li>COMPUTAEX.<\/li>\n<li>UMA (Universidad de M\u00e1laga).<\/li>\n<li>IAC (Instituto de Astrof\u00edsica de Canarias).<\/li>\n<\/ul>\n<p>13 Universidades:<\/p>\n<ul>\n<li>USC (Universidad de Santiago de Compostela).<\/li>\n<li>UNIOVI (Universidad de Oviedo).<\/li>\n<li>UNICAN (Universidad de Cantabria).<\/li>\n<li>UPV\/EHU (Universidad del Pa\u00eds Vasco).<\/li>\n<li>TECNUN (Universidad de Navarra).<\/li>\n<li>UAB (Universidad Aut\u00f3noma de Barcelona).<\/li>\n<li>UB (Universidad de Barcelona).<\/li>\n<li>UV (Universidad de Valencia).<\/li>\n<li>UPV (Universidad Polit\u00e9cnica de Valencia).<\/li>\n<li>UCM (Universidad Complutense de Madrid).<\/li>\n<li>US (Universidad de Sevilla).<\/li>\n<li>UGR (Universidad de Granada).<\/li>\n<li>UIB (Universidad de Islas Baleares).<\/li>\n<\/ul>\n<p>3 Centros de investigaci\u00f3n:<\/p>\n<ul>\n<li>DIPC (Donostia International Physics Center).<\/li>\n<li>ICFO (Institut de Ci\u00e8ncies Fot\u00f2niques).<\/li>\n<li>CSIC (Consejo Superior de Investigaciones Cient\u00edficas).<\/li>\n<\/ul>\n<\/div>\n<\/div>\n<\/div>\n<div class=\"field field-name-field-proy-descripcion field-type-text-long field-label-above\" style=\"text-align: justify;\">\n<div class=\"field-label\"><strong>Description:\u00a0<\/strong><\/div>\n<div class=\"field-items\">\n<div class=\"field-item even\">\n<p>El proyecto Quantum Spain prev\u00e9 la construcci\u00f3n e instalaci\u00f3n del primer ordenador cu\u00e1ntico basado en tecnolog\u00eda europea. El objetivo estrat\u00e9gico del proyecto Quantum Spain, es crear un ecosistema s\u00f3lido de computaci\u00f3n cu\u00e1ntica en Espa\u00f1a.<\/p>\n<p>Quantum Espa\u00f1a involucra a 25 universidades y centros de infraestructuras y supercomputaci\u00f3n, de 14 comunidades aut\u00f3nomas.<\/p>\n<p>El ordenador cu\u00e1ntico se ir\u00e1 dotando progresivamente de chips de distintas generaciones y n\u00famero de qubits. El qubit es la unidad b\u00e1sica de la computaci\u00f3n cu\u00e1ntica y el proyecto Quantum Espa\u00f1a utilizar\u00e1 qubits basados \u200b\u200ben tecnolog\u00eda de circuitos superconductores. La construcci\u00f3n del hardware se realizar\u00e1 en colaboraci\u00f3n con empresas especializadas en este sector emergente.<\/p>\n<p>La previsi\u00f3n es que el ordenador tenga un primer chip de dos qubits operativo a finales de 2022 e ir\u00e1 incorporando progresivamente nuevas versiones de chips, hasta llegar a los 20 qubits en 2025.<\/p>\n<p>La prioridad de Quantum Spain, enmarcada en la Estrategia Nacional de Inteligencia Artificial (ENIA), es establecer un ecosistema de computaci\u00f3n cu\u00e1ntica s\u00f3lido en Espa\u00f1a, aprovechando y potenciando el talento de los investigadores locales expertos en esta tecnolog\u00eda. Este objetivo se basa en cuatro pilares:<\/p>\n<ul>\n<li>La computadora cu\u00e1ntica<\/li>\n<li>El desarrollo de algoritmos cu\u00e1nticos \u00fatiles aplicables a problemas reales de los usuarios, tanto empresas como entidades p\u00fablicas.<\/li>\n<li>La creaci\u00f3n de un sistema de acceso remoto en la nube para permitir a la industria y al sector p\u00fablico experimentar con nuevos algoritmos cu\u00e1nticos.<\/li>\n<li>Un programa de formaci\u00f3n para aumentar las capacidades de los usuarios potenciales de la computaci\u00f3n cu\u00e1ntica y para que todos los nodos de la Red Espa\u00f1ola de Supercomputaci\u00f3n (RES) sean capaces de dar servicio a los futuros usuarios de estas tecnolog\u00edas.<\/li>\n<\/ul>\n<\/div>\n<\/div>\n<\/div>\n<div class=\"field field-name-field-proy-objetivos field-type-text-long field-label-above\" style=\"text-align: justify;\">\n<div class=\"field-label\"><strong>Objectives:\u00a0<\/strong><\/div>\n<div class=\"field-items\">\n<div class=\"field-item even\">\n<p>La propuesta Quantum ENIA persigue tres objetivos:<\/p>\n<ol>\n<li>Crear un computador cu\u00e1ntico de altas prestaciones, a partir de una aproximaci\u00f3n tecnol\u00f3gica de c\u00fabits basados en corrientes superconductoras.<\/li>\n<li>Crear un servicio de acceso remoto en la nube al procesador, para permitir a la industria y al sector p\u00fablico experimentar con los nuevos algoritmos cu\u00e1nticos.<\/li>\n<li>Desarrollar librer\u00edas de algoritmos cu\u00e1nticos \u00fatiles, aplicables a problemas reales, para usuarios finales tanto de empresas como de entidades p\u00fablicas. Este software har\u00e1 especial hincapi\u00e9 en el desarrollo de \u00abQuantum Machine Learning\u00bb, en profunda conexi\u00f3n con los avances en IA.<\/li>\n<\/ol>\n<p>La propuesta pretende crear un ecosistema cu\u00e1ntico competitivo, con implicaciones de medio y largo plazo en tecnolog\u00edas de hardware\u00a0<em>deep tech<\/em>. El objetivo principal del proyecto es la puesta en marcha de la primera infraestructura de computaci\u00f3n cu\u00e1ntica situada en el sur de Europa, que de acceso a las empresas y al sector p\u00fablico, con especial atenci\u00f3n al desarrollo del \u00abQuantum Machine Learning\u00bb.<\/p>\n<\/div>\n<\/div>\n<\/div>\n<div class=\"field field-name-field-proy-metodologia field-type-text-long field-label-above\" style=\"text-align: justify;\">\n<div class=\"field-label\"><strong>Metodolog\u00eda:\u00a0<\/strong><\/div>\n<div class=\"field-items\">\n<div class=\"field-item even\">\n<p>En una fase inmediata, se desarrollar\u00e1n los aspectos tecnol\u00f3gicos de esta infraestructura en colaboraci\u00f3n con empresas de este sector emergente, centros con competencias pr\u00f3ximas y con los programas europeos de tecnolog\u00eda y computaci\u00f3n cu\u00e1ntica como el EuroHPC Joint Undertaking.<\/p>\n<p>En una segunda fase, debe ser incorporado el tejido industrial como usuario de computaci\u00f3n cu\u00e1ntica. Desde este punto de vista, la infraestructura de computaci\u00f3n cu\u00e1ntica debe preexistir a la invitaci\u00f3n al uso por parte de los diferentes sectores productivos. Es importante notar que la computaci\u00f3n cu\u00e1ntica tiene potenciales aplicaciones en IA, en qu\u00edmica cu\u00e1ntica, en finanzas, en optimizaci\u00f3n de procesos de la cadena productiva, en criptograf\u00eda y en cualquier problema de necesidades computacionales intensas. Sobre estos temas se desarrollar\u00e1n los primeros casos de uso del proyecto. En particular, cabe destacar las aplicaciones que va a tener en el campo de la inteligencia artificial, donde se desarrollar\u00e1n los primeros casos de uso, en la que se denomina \u00abQuantum Machine Learning\u00bb (QML). La arquitectura computacional de la infraestructura cu\u00e1ntica puede facilitar el proceso de entrenamiento de ciertos algoritmos de aprendizaje profundo, que ahora mismo tienen ciertas limitaciones por parte de las instalaciones de supercomputaci\u00f3n cl\u00e1sica, aun maximizando el uso de aceleradores. Se trata de acelerar el propio procedimiento de aprendizaje utilizando algoritmos dise\u00f1ados para computaci\u00f3n cu\u00e1ntica.<\/p>\n<p>Un segundo grupo de casos de uso se desarrollar\u00e1n alrededor del campo de la criptograf\u00eda y la ciberseguridad. El objetivo es desarrollar casos donde, algoritmos como el de Glover o el de Shor, permitan entender el impacto futuro sobre la seguridad de las comunicaciones, y de qu\u00e9 manera las empresas e instituciones tiene que proteger las mismas, entrando en lo que se conoce como la criptograf\u00eda post-cu\u00e1ntica.<\/p>\n<p>Finalmente, otro grupo de casos de uso, se desarrollar\u00e1 alrededor del campo de la industria qu\u00edmica y farmac\u00e9utica. El uso de los supercomputadores cl\u00e1sicos est\u00e1 muy extendido en estos sectores, porque permiten hacer simulaciones en temas como la modelizaci\u00f3n molecular, la creaci\u00f3n y parametrizaci\u00f3n de nuevos materiales o el descubrimiento de nuevos catalizadores. La computaci\u00f3n cu\u00e1ntica deber\u00eda permitir acelerar algunos c\u00e1lculos necesarios en estos procedimientos, lo que abre las puertas a grandes avances para las industrias de estos sectores.<\/p>\n<p>A parte de estos primeros casos, se trabajar\u00e1 para desarrollar pilotos tambi\u00e9n en temas como las finanzas, donde la computaci\u00f3n cu\u00e1ntica deber\u00eda permitir acelerar metodolog\u00edas como Monte Carlo, com\u00fanmente aplicadas a problemas de optimizaci\u00f3n\u00a0en finanzas o al an\u00e1lisis de riesgos, o la log\u00edstica, donde el tradicional problema del viajante podr\u00e1 ser resuelto a niveles nunca vistos a trav\u00e9s de la computaci\u00f3n cu\u00e1ntica, cuando exista un computador cu\u00e1ntico suficientemente potente<\/p>\n<p><strong>Web del proyecto:\u00a0<\/strong><a href=\"https:\/\/quantumspain-project.es\/\">https:\/\/quantumspain-project.es\/<\/a><\/p>\n<\/div>\n<\/div>\n<\/div>\n<div class=\"field field-name-field-proy-financiacion field-type-text-long field-label-above\">\n<div class=\"field-label\" style=\"text-align: justify;\"><strong>Sources of funding:\u00a0<\/strong><\/div>\n<div class=\"field-items\">\n<div class=\"field-item even\">\n<p style=\"text-align: justify;\">Proyecto cofinanciado mediante concesi\u00f3n directa de subvenci\u00f3n, en el marco del Plan de Recuperaci\u00f3n, Transformaci\u00f3n y Resiliencia, y regulada por el Real Decreto 936\/2021, publicado en el BOE n\u00famero 258 de 28 de octubre de 2021, por el que se regula la concesi\u00f3n directa de una subvenci\u00f3n a varios centros de la Red Espa\u00f1ola de Supercomputaci\u00f3n, para el desarrollo del proyecto Quantum ENIA, en el marco del Plan de Recuperaci\u00f3n, Transformaci\u00f3n y Resiliencia. Financiado por la Uni\u00f3n Europea-Next GenerationEU.<\/p>\n<p><center><img decoding=\"async\" src=\"\/wp-content\/uploads\/2025\/01\/logos_quantum-spain_v3.png\" alt=\"\" \/><br \/>\n<center>\u00a0<\/center><\/center><\/div>\n<\/div>\n<\/div>","protected":false},"excerpt":{"rendered":"<p>Investigadores:\u00a0 27 instituciones de investigaci\u00f3n formadas por: 11 nodos de la Red Espa\u00f1ola de Supercomputaci\u00f3n: BSC (Barcelona Supercomputing Center). CESGA (Centro de Supercomputaci\u00f3n de Galicia). SCAYLE (Centro de Supercomputaci\u00f3n de &#8230;<\/p>","protected":false},"author":1,"featured_media":0,"parent":9950,"menu_order":0,"comment_status":"closed","ping_status":"closed","template":"","meta":{"footnotes":""},"categories":[117,118,104,121,81],"tags":[],"class_list":["post-2196","page","type-page","status-publish","hentry","category-activos","category-aprendizaje-automatico","category-ciencias-informaticas-y-de-comunicaciones","category-computacion-cuantica","category-proyectos"],"yoast_head":"<!-- This site is optimized with the Yoast SEO plugin v27.1.1 - https:\/\/yoast.com\/product\/yoast-seo-wordpress\/ -->\n<title>Quantum Spain: creaci\u00f3n de un ecosistema de computaci\u00f3n cu\u00e1ntica para la Inteligencia Artificial - Fundaci\u00f3n COMPUTAEX<\/title>\n<meta name=\"robots\" content=\"index, follow, max-snippet:-1, max-image-preview:large, max-video-preview:-1\" \/>\n<link rel=\"canonical\" href=\"https:\/\/computaex.es\/en\/proyectos\/proyecto-quantum-spain-creacion-de-un-ecosistema-de-computacion-cuantica-para-la-inteligencia-artificial\/\" \/>\n<meta property=\"og:locale\" content=\"en_US\" \/>\n<meta property=\"og:type\" content=\"article\" \/>\n<meta property=\"og:title\" content=\"Quantum Spain: creaci\u00f3n de un ecosistema de computaci\u00f3n cu\u00e1ntica para la Inteligencia Artificial - Fundaci\u00f3n COMPUTAEX\" \/>\n<meta property=\"og:description\" content=\"Investigadores:\u00a0 27 instituciones de investigaci\u00f3n formadas por: 11 nodos de la Red Espa\u00f1ola de Supercomputaci\u00f3n: BSC (Barcelona Supercomputing Center). CESGA (Centro de Supercomputaci\u00f3n de Galicia). SCAYLE (Centro de Supercomputaci\u00f3n de ...\" \/>\n<meta property=\"og:url\" content=\"https:\/\/computaex.es\/en\/proyectos\/proyecto-quantum-spain-creacion-de-un-ecosistema-de-computacion-cuantica-para-la-inteligencia-artificial\/\" \/>\n<meta property=\"og:site_name\" content=\"Fundaci\u00f3n COMPUTAEX\" \/>\n<meta property=\"article:publisher\" content=\"https:\/\/m.facebook.com\/computaex\/\" \/>\n<meta property=\"article:modified_time\" content=\"2025-10-09T10:43:52+00:00\" \/>\n<meta property=\"og:image\" content=\"https:\/\/computaex.es\/wp-content\/uploads\/2025\/08\/COMPUTAEX.jpg\" \/>\n\t<meta property=\"og:image:width\" content=\"1024\" \/>\n\t<meta property=\"og:image:height\" content=\"403\" \/>\n\t<meta property=\"og:image:type\" content=\"image\/jpeg\" \/>\n<meta name=\"twitter:card\" content=\"summary_large_image\" \/>\n<meta name=\"twitter:site\" content=\"@computaex\" \/>\n<meta name=\"twitter:label1\" content=\"Est. reading time\" \/>\n\t<meta name=\"twitter:data1\" content=\"6 minutes\" \/>\n<script type=\"application\/ld+json\" class=\"yoast-schema-graph\">{\"@context\":\"https:\/\/schema.org\",\"@graph\":[{\"@type\":\"WebPage\",\"@id\":\"https:\/\/computaex.es\/proyectos\/proyecto-quantum-spain-creacion-de-un-ecosistema-de-computacion-cuantica-para-la-inteligencia-artificial\/\",\"url\":\"https:\/\/computaex.es\/proyectos\/proyecto-quantum-spain-creacion-de-un-ecosistema-de-computacion-cuantica-para-la-inteligencia-artificial\/\",\"name\":\"Quantum Spain: creaci\u00f3n de un ecosistema de computaci\u00f3n cu\u00e1ntica para la Inteligencia Artificial - Fundaci\u00f3n COMPUTAEX\",\"isPartOf\":{\"@id\":\"https:\/\/computaex.es\/#website\"},\"datePublished\":\"2024-04-10T11:27:04+00:00\",\"dateModified\":\"2025-10-09T10:43:52+00:00\",\"breadcrumb\":{\"@id\":\"https:\/\/computaex.es\/proyectos\/proyecto-quantum-spain-creacion-de-un-ecosistema-de-computacion-cuantica-para-la-inteligencia-artificial\/#breadcrumb\"},\"inLanguage\":\"en-US\",\"potentialAction\":[{\"@type\":\"ReadAction\",\"target\":[\"https:\/\/computaex.es\/proyectos\/proyecto-quantum-spain-creacion-de-un-ecosistema-de-computacion-cuantica-para-la-inteligencia-artificial\/\"]}]},{\"@type\":\"BreadcrumbList\",\"@id\":\"https:\/\/computaex.es\/proyectos\/proyecto-quantum-spain-creacion-de-un-ecosistema-de-computacion-cuantica-para-la-inteligencia-artificial\/#breadcrumb\",\"itemListElement\":[{\"@type\":\"ListItem\",\"position\":1,\"name\":\"Portada\",\"item\":\"https:\/\/computaex.es\/\"},{\"@type\":\"ListItem\",\"position\":2,\"name\":\"Proyectos\",\"item\":\"https:\/\/computaex.es\/proyectos\/\"},{\"@type\":\"ListItem\",\"position\":3,\"name\":\"Quantum Spain: creaci\u00f3n de un ecosistema de computaci\u00f3n cu\u00e1ntica para la Inteligencia Artificial\"}]},{\"@type\":\"WebSite\",\"@id\":\"https:\/\/computaex.es\/#website\",\"url\":\"https:\/\/computaex.es\/\",\"name\":\"Fundaci\u00f3n COMPUTAEX\",\"description\":\"COMPUTAEX\",\"publisher\":{\"@id\":\"https:\/\/computaex.es\/#organization\"},\"potentialAction\":[{\"@type\":\"SearchAction\",\"target\":{\"@type\":\"EntryPoint\",\"urlTemplate\":\"https:\/\/computaex.es\/?s={search_term_string}\"},\"query-input\":{\"@type\":\"PropertyValueSpecification\",\"valueRequired\":true,\"valueName\":\"search_term_string\"}}],\"inLanguage\":\"en-US\"},{\"@type\":\"Organization\",\"@id\":\"https:\/\/computaex.es\/#organization\",\"name\":\"COMPUTAEX\",\"url\":\"https:\/\/computaex.es\/\",\"logo\":{\"@type\":\"ImageObject\",\"inLanguage\":\"en-US\",\"@id\":\"https:\/\/computaex.es\/#\/schema\/logo\/image\/\",\"url\":\"https:\/\/computaex.es\/wp-content\/uploads\/2025\/05\/cropped-COMPUTAEX_transparente-scaled-1.png\",\"contentUrl\":\"https:\/\/computaex.es\/wp-content\/uploads\/2025\/05\/cropped-COMPUTAEX_transparente-scaled-1.png\",\"width\":2560,\"height\":970,\"caption\":\"COMPUTAEX\"},\"image\":{\"@id\":\"https:\/\/computaex.es\/#\/schema\/logo\/image\/\"},\"sameAs\":[\"https:\/\/m.facebook.com\/computaex\/\",\"https:\/\/x.com\/computaex\",\"https:\/\/es.linkedin.com\/company\/cenits\"]}]}<\/script>\n<!-- \/ Yoast SEO plugin. -->","yoast_head_json":{"title":"Quantum Spain: creaci\u00f3n de un ecosistema de computaci\u00f3n cu\u00e1ntica para la Inteligencia Artificial - Fundaci\u00f3n COMPUTAEX","robots":{"index":"index","follow":"follow","max-snippet":"max-snippet:-1","max-image-preview":"max-image-preview:large","max-video-preview":"max-video-preview:-1"},"canonical":"https:\/\/computaex.es\/en\/proyectos\/proyecto-quantum-spain-creacion-de-un-ecosistema-de-computacion-cuantica-para-la-inteligencia-artificial\/","og_locale":"en_US","og_type":"article","og_title":"Quantum Spain: creaci\u00f3n de un ecosistema de computaci\u00f3n cu\u00e1ntica para la Inteligencia Artificial - Fundaci\u00f3n COMPUTAEX","og_description":"Investigadores:\u00a0 27 instituciones de investigaci\u00f3n formadas por: 11 nodos de la Red Espa\u00f1ola de Supercomputaci\u00f3n: BSC (Barcelona Supercomputing Center). CESGA (Centro de Supercomputaci\u00f3n de Galicia). SCAYLE (Centro de Supercomputaci\u00f3n de ...","og_url":"https:\/\/computaex.es\/en\/proyectos\/proyecto-quantum-spain-creacion-de-un-ecosistema-de-computacion-cuantica-para-la-inteligencia-artificial\/","og_site_name":"Fundaci\u00f3n COMPUTAEX","article_publisher":"https:\/\/m.facebook.com\/computaex\/","article_modified_time":"2025-10-09T10:43:52+00:00","og_image":[{"width":1024,"height":403,"url":"https:\/\/computaex.es\/wp-content\/uploads\/2025\/08\/COMPUTAEX.jpg","type":"image\/jpeg"}],"twitter_card":"summary_large_image","twitter_site":"@computaex","twitter_misc":{"Est. reading time":"6 minutes"},"schema":{"@context":"https:\/\/schema.org","@graph":[{"@type":"WebPage","@id":"https:\/\/computaex.es\/proyectos\/proyecto-quantum-spain-creacion-de-un-ecosistema-de-computacion-cuantica-para-la-inteligencia-artificial\/","url":"https:\/\/computaex.es\/proyectos\/proyecto-quantum-spain-creacion-de-un-ecosistema-de-computacion-cuantica-para-la-inteligencia-artificial\/","name":"Quantum Spain: creaci\u00f3n de un ecosistema de computaci\u00f3n cu\u00e1ntica para la Inteligencia Artificial - Fundaci\u00f3n COMPUTAEX","isPartOf":{"@id":"https:\/\/computaex.es\/#website"},"datePublished":"2024-04-10T11:27:04+00:00","dateModified":"2025-10-09T10:43:52+00:00","breadcrumb":{"@id":"https:\/\/computaex.es\/proyectos\/proyecto-quantum-spain-creacion-de-un-ecosistema-de-computacion-cuantica-para-la-inteligencia-artificial\/#breadcrumb"},"inLanguage":"en-US","potentialAction":[{"@type":"ReadAction","target":["https:\/\/computaex.es\/proyectos\/proyecto-quantum-spain-creacion-de-un-ecosistema-de-computacion-cuantica-para-la-inteligencia-artificial\/"]}]},{"@type":"BreadcrumbList","@id":"https:\/\/computaex.es\/proyectos\/proyecto-quantum-spain-creacion-de-un-ecosistema-de-computacion-cuantica-para-la-inteligencia-artificial\/#breadcrumb","itemListElement":[{"@type":"ListItem","position":1,"name":"Portada","item":"https:\/\/computaex.es\/"},{"@type":"ListItem","position":2,"name":"Proyectos","item":"https:\/\/computaex.es\/proyectos\/"},{"@type":"ListItem","position":3,"name":"Quantum Spain: creaci\u00f3n de un ecosistema de computaci\u00f3n cu\u00e1ntica para la Inteligencia Artificial"}]},{"@type":"WebSite","@id":"https:\/\/computaex.es\/#website","url":"https:\/\/computaex.es\/","name":"COMPUTAEX Foundation","description":"COMPUTAEX","publisher":{"@id":"https:\/\/computaex.es\/#organization"},"potentialAction":[{"@type":"SearchAction","target":{"@type":"EntryPoint","urlTemplate":"https:\/\/computaex.es\/?s={search_term_string}"},"query-input":{"@type":"PropertyValueSpecification","valueRequired":true,"valueName":"search_term_string"}}],"inLanguage":"en-US"},{"@type":"Organization","@id":"https:\/\/computaex.es\/#organization","name":"COMPUTAEX","url":"https:\/\/computaex.es\/","logo":{"@type":"ImageObject","inLanguage":"en-US","@id":"https:\/\/computaex.es\/#\/schema\/logo\/image\/","url":"https:\/\/computaex.es\/wp-content\/uploads\/2025\/05\/cropped-COMPUTAEX_transparente-scaled-1.png","contentUrl":"https:\/\/computaex.es\/wp-content\/uploads\/2025\/05\/cropped-COMPUTAEX_transparente-scaled-1.png","width":2560,"height":970,"caption":"COMPUTAEX"},"image":{"@id":"https:\/\/computaex.es\/#\/schema\/logo\/image\/"},"sameAs":["https:\/\/m.facebook.com\/computaex\/","https:\/\/x.com\/computaex","https:\/\/es.linkedin.com\/company\/cenits"]}]}},"_links":{"self":[{"href":"https:\/\/computaex.es\/en\/wp-json\/wp\/v2\/pages\/2196","targetHints":{"allow":["GET"]}}],"collection":[{"href":"https:\/\/computaex.es\/en\/wp-json\/wp\/v2\/pages"}],"about":[{"href":"https:\/\/computaex.es\/en\/wp-json\/wp\/v2\/types\/page"}],"author":[{"embeddable":true,"href":"https:\/\/computaex.es\/en\/wp-json\/wp\/v2\/users\/1"}],"replies":[{"embeddable":true,"href":"https:\/\/computaex.es\/en\/wp-json\/wp\/v2\/comments?post=2196"}],"version-history":[{"count":6,"href":"https:\/\/computaex.es\/en\/wp-json\/wp\/v2\/pages\/2196\/revisions"}],"predecessor-version":[{"id":10308,"href":"https:\/\/computaex.es\/en\/wp-json\/wp\/v2\/pages\/2196\/revisions\/10308"}],"up":[{"embeddable":true,"href":"https:\/\/computaex.es\/en\/wp-json\/wp\/v2\/pages\/9950"}],"wp:attachment":[{"href":"https:\/\/computaex.es\/en\/wp-json\/wp\/v2\/media?parent=2196"}],"wp:term":[{"taxonomy":"category","embeddable":true,"href":"https:\/\/computaex.es\/en\/wp-json\/wp\/v2\/categories?post=2196"},{"taxonomy":"post_tag","embeddable":true,"href":"https:\/\/computaex.es\/en\/wp-json\/wp\/v2\/tags?post=2196"}],"curies":[{"name":"wp","href":"https:\/\/api.w.org\/{rel}","templated":true}]}}