{"id":2231,"date":"2024-04-10T13:35:29","date_gmt":"2024-04-10T11:35:29","guid":{"rendered":"http:\/\/10.128.3.28\/?page_id=2231"},"modified":"2025-07-23T14:19:54","modified_gmt":"2025-07-23T12:19:54","slug":"proyecto-direct-numerical-simulations-of-spanwise-flexible-wings-in-tandem-configuration","status":"publish","type":"page","link":"https:\/\/computaex.es\/en\/proyecto-direct-numerical-simulations-of-spanwise-flexible-wings-in-tandem-configuration\/","title":{"rendered":"Direct Numerical Simulations of spanwise flexible wings in tandem configuration"},"content":{"rendered":"<p style=\"text-align: justify;\"><strong>Researchers:<\/strong><\/p>\n<ul style=\"text-align: justify;\">\n<li>Oscar Flores.\u00a0Universidad Carlos III de Madrid (<a href=\"https:\/\/www.uc3m.es\/\" target=\"_blank\" rel=\"noopener\" data-cke-saved-href=\"https:\/\/www.uc3m.es\/\">UC3M<\/a>).<\/li>\n<\/ul>\n<p style=\"text-align: justify;\"><strong>Description:<\/strong><\/p>\n<p style=\"text-align: justify;\">Proyecto asignado a trav\u00e9s de la Red Espa\u00f1ola de Supercomputaci\u00f3n (<a href=\"https:\/\/www.res.es\/\" target=\"_blank\" rel=\"noopener\" data-cke-saved-href=\"https:\/\/www.res.es\/\">RES<\/a>).<\/p>\n<p style=\"text-align: justify;\">The objective of this activity is to evaluate the effects that spanwise flexibility has over the aerodynamic performance of a pair of flapping wings in tandem, in a configuration similar to that of a dragonfly. The kinematics of the wings are chosen to be the optimal ones in 2D simulations of two airfoils in tandem, and they are implemented here for rectangular wings of aspect ratio 2 and 4 for a pitching and heaving (vertical) motion imposed at the mid-span section of the wing. The results of the 3D simulations will allow the analysis of the impact that spanwise flexibility has over the global system in terms of total forces and power, and their relation with the interactions of the vortical structures over both wings, comparing their behaviour with those of wings that are rigid.<\/p>","protected":false},"excerpt":{"rendered":"<p>Investigadores: Oscar Flores.\u00a0Universidad Carlos III de Madrid (UC3M). Descripci\u00f3n: Proyecto asignado a trav\u00e9s de la Red Espa\u00f1ola de Supercomputaci\u00f3n (RES). The objective of this activity is to evaluate the effects &#8230;<\/p>","protected":false},"author":1,"featured_media":0,"parent":0,"menu_order":0,"comment_status":"closed","ping_status":"closed","template":"","meta":{"footnotes":""},"categories":[102,81],"tags":[],"class_list":["post-2231","page","type-page","status-publish","hentry","category-ciencias-de-la-tierra","category-proyectos"],"yoast_head":"<!-- This site is optimized with the Yoast SEO plugin v27.1.1 - https:\/\/yoast.com\/product\/yoast-seo-wordpress\/ -->\n<title>Direct Numerical Simulations of spanwise flexible wings in tandem configuration - Fundaci\u00f3n COMPUTAEX<\/title>\n<meta name=\"robots\" content=\"index, follow, max-snippet:-1, max-image-preview:large, max-video-preview:-1\" \/>\n<link rel=\"canonical\" href=\"https:\/\/computaex.es\/en\/proyecto-direct-numerical-simulations-of-spanwise-flexible-wings-in-tandem-configuration\/\" \/>\n<meta property=\"og:locale\" content=\"en_US\" \/>\n<meta property=\"og:type\" content=\"article\" \/>\n<meta property=\"og:title\" content=\"Direct Numerical Simulations of spanwise flexible wings in tandem configuration - Fundaci\u00f3n COMPUTAEX\" \/>\n<meta property=\"og:description\" content=\"Investigadores: Oscar Flores.\u00a0Universidad Carlos III de Madrid (UC3M). Descripci\u00f3n: Proyecto asignado a trav\u00e9s de la Red Espa\u00f1ola de Supercomputaci\u00f3n (RES). The objective of this activity is to evaluate the effects ...\" \/>\n<meta property=\"og:url\" content=\"https:\/\/computaex.es\/en\/proyecto-direct-numerical-simulations-of-spanwise-flexible-wings-in-tandem-configuration\/\" \/>\n<meta property=\"og:site_name\" content=\"Fundaci\u00f3n COMPUTAEX\" \/>\n<meta property=\"article:publisher\" content=\"https:\/\/m.facebook.com\/computaex\/\" \/>\n<meta property=\"article:modified_time\" content=\"2025-07-23T12:19:54+00:00\" \/>\n<meta property=\"og:image\" content=\"https:\/\/computaex.es\/wp-content\/uploads\/2025\/08\/COMPUTAEX.jpg\" \/>\n\t<meta property=\"og:image:width\" content=\"1024\" \/>\n\t<meta property=\"og:image:height\" content=\"403\" \/>\n\t<meta property=\"og:image:type\" content=\"image\/jpeg\" \/>\n<meta name=\"twitter:card\" content=\"summary_large_image\" \/>\n<meta name=\"twitter:site\" content=\"@computaex\" \/>\n<meta name=\"twitter:label1\" content=\"Est. reading time\" \/>\n\t<meta name=\"twitter:data1\" content=\"1 minute\" \/>\n<script type=\"application\/ld+json\" class=\"yoast-schema-graph\">{\"@context\":\"https:\/\/schema.org\",\"@graph\":[{\"@type\":\"WebPage\",\"@id\":\"https:\/\/computaex.es\/proyecto-direct-numerical-simulations-of-spanwise-flexible-wings-in-tandem-configuration\/\",\"url\":\"https:\/\/computaex.es\/proyecto-direct-numerical-simulations-of-spanwise-flexible-wings-in-tandem-configuration\/\",\"name\":\"Direct Numerical Simulations of spanwise flexible wings in tandem configuration - Fundaci\u00f3n COMPUTAEX\",\"isPartOf\":{\"@id\":\"https:\/\/computaex.es\/#website\"},\"datePublished\":\"2024-04-10T11:35:29+00:00\",\"dateModified\":\"2025-07-23T12:19:54+00:00\",\"breadcrumb\":{\"@id\":\"https:\/\/computaex.es\/proyecto-direct-numerical-simulations-of-spanwise-flexible-wings-in-tandem-configuration\/#breadcrumb\"},\"inLanguage\":\"en-US\",\"potentialAction\":[{\"@type\":\"ReadAction\",\"target\":[\"https:\/\/computaex.es\/proyecto-direct-numerical-simulations-of-spanwise-flexible-wings-in-tandem-configuration\/\"]}]},{\"@type\":\"BreadcrumbList\",\"@id\":\"https:\/\/computaex.es\/proyecto-direct-numerical-simulations-of-spanwise-flexible-wings-in-tandem-configuration\/#breadcrumb\",\"itemListElement\":[{\"@type\":\"ListItem\",\"position\":1,\"name\":\"Portada\",\"item\":\"https:\/\/computaex.es\/\"},{\"@type\":\"ListItem\",\"position\":2,\"name\":\"Direct Numerical Simulations of spanwise flexible wings in tandem configuration\"}]},{\"@type\":\"WebSite\",\"@id\":\"https:\/\/computaex.es\/#website\",\"url\":\"https:\/\/computaex.es\/\",\"name\":\"Fundaci\u00f3n COMPUTAEX\",\"description\":\"COMPUTAEX\",\"publisher\":{\"@id\":\"https:\/\/computaex.es\/#organization\"},\"potentialAction\":[{\"@type\":\"SearchAction\",\"target\":{\"@type\":\"EntryPoint\",\"urlTemplate\":\"https:\/\/computaex.es\/?s={search_term_string}\"},\"query-input\":{\"@type\":\"PropertyValueSpecification\",\"valueRequired\":true,\"valueName\":\"search_term_string\"}}],\"inLanguage\":\"en-US\"},{\"@type\":\"Organization\",\"@id\":\"https:\/\/computaex.es\/#organization\",\"name\":\"COMPUTAEX\",\"url\":\"https:\/\/computaex.es\/\",\"logo\":{\"@type\":\"ImageObject\",\"inLanguage\":\"en-US\",\"@id\":\"https:\/\/computaex.es\/#\/schema\/logo\/image\/\",\"url\":\"https:\/\/computaex.es\/wp-content\/uploads\/2025\/05\/cropped-COMPUTAEX_transparente-scaled-1.png\",\"contentUrl\":\"https:\/\/computaex.es\/wp-content\/uploads\/2025\/05\/cropped-COMPUTAEX_transparente-scaled-1.png\",\"width\":2560,\"height\":970,\"caption\":\"COMPUTAEX\"},\"image\":{\"@id\":\"https:\/\/computaex.es\/#\/schema\/logo\/image\/\"},\"sameAs\":[\"https:\/\/m.facebook.com\/computaex\/\",\"https:\/\/x.com\/computaex\",\"https:\/\/es.linkedin.com\/company\/cenits\"]}]}<\/script>\n<!-- \/ Yoast SEO plugin. -->","yoast_head_json":{"title":"Direct Numerical Simulations of spanwise flexible wings in tandem configuration - Fundaci\u00f3n COMPUTAEX","robots":{"index":"index","follow":"follow","max-snippet":"max-snippet:-1","max-image-preview":"max-image-preview:large","max-video-preview":"max-video-preview:-1"},"canonical":"https:\/\/computaex.es\/en\/proyecto-direct-numerical-simulations-of-spanwise-flexible-wings-in-tandem-configuration\/","og_locale":"en_US","og_type":"article","og_title":"Direct Numerical Simulations of spanwise flexible wings in tandem configuration - Fundaci\u00f3n COMPUTAEX","og_description":"Investigadores: Oscar Flores.\u00a0Universidad Carlos III de Madrid (UC3M). Descripci\u00f3n: Proyecto asignado a trav\u00e9s de la Red Espa\u00f1ola de Supercomputaci\u00f3n (RES). The objective of this activity is to evaluate the effects ...","og_url":"https:\/\/computaex.es\/en\/proyecto-direct-numerical-simulations-of-spanwise-flexible-wings-in-tandem-configuration\/","og_site_name":"Fundaci\u00f3n COMPUTAEX","article_publisher":"https:\/\/m.facebook.com\/computaex\/","article_modified_time":"2025-07-23T12:19:54+00:00","og_image":[{"width":1024,"height":403,"url":"https:\/\/computaex.es\/wp-content\/uploads\/2025\/08\/COMPUTAEX.jpg","type":"image\/jpeg"}],"twitter_card":"summary_large_image","twitter_site":"@computaex","twitter_misc":{"Est. reading time":"1 minute"},"schema":{"@context":"https:\/\/schema.org","@graph":[{"@type":"WebPage","@id":"https:\/\/computaex.es\/proyecto-direct-numerical-simulations-of-spanwise-flexible-wings-in-tandem-configuration\/","url":"https:\/\/computaex.es\/proyecto-direct-numerical-simulations-of-spanwise-flexible-wings-in-tandem-configuration\/","name":"Direct Numerical Simulations of spanwise flexible wings in tandem configuration - Fundaci\u00f3n COMPUTAEX","isPartOf":{"@id":"https:\/\/computaex.es\/#website"},"datePublished":"2024-04-10T11:35:29+00:00","dateModified":"2025-07-23T12:19:54+00:00","breadcrumb":{"@id":"https:\/\/computaex.es\/proyecto-direct-numerical-simulations-of-spanwise-flexible-wings-in-tandem-configuration\/#breadcrumb"},"inLanguage":"en-US","potentialAction":[{"@type":"ReadAction","target":["https:\/\/computaex.es\/proyecto-direct-numerical-simulations-of-spanwise-flexible-wings-in-tandem-configuration\/"]}]},{"@type":"BreadcrumbList","@id":"https:\/\/computaex.es\/proyecto-direct-numerical-simulations-of-spanwise-flexible-wings-in-tandem-configuration\/#breadcrumb","itemListElement":[{"@type":"ListItem","position":1,"name":"Portada","item":"https:\/\/computaex.es\/"},{"@type":"ListItem","position":2,"name":"Direct Numerical Simulations of spanwise flexible wings in tandem configuration"}]},{"@type":"WebSite","@id":"https:\/\/computaex.es\/#website","url":"https:\/\/computaex.es\/","name":"COMPUTAEX Foundation","description":"COMPUTAEX","publisher":{"@id":"https:\/\/computaex.es\/#organization"},"potentialAction":[{"@type":"SearchAction","target":{"@type":"EntryPoint","urlTemplate":"https:\/\/computaex.es\/?s={search_term_string}"},"query-input":{"@type":"PropertyValueSpecification","valueRequired":true,"valueName":"search_term_string"}}],"inLanguage":"en-US"},{"@type":"Organization","@id":"https:\/\/computaex.es\/#organization","name":"COMPUTAEX","url":"https:\/\/computaex.es\/","logo":{"@type":"ImageObject","inLanguage":"en-US","@id":"https:\/\/computaex.es\/#\/schema\/logo\/image\/","url":"https:\/\/computaex.es\/wp-content\/uploads\/2025\/05\/cropped-COMPUTAEX_transparente-scaled-1.png","contentUrl":"https:\/\/computaex.es\/wp-content\/uploads\/2025\/05\/cropped-COMPUTAEX_transparente-scaled-1.png","width":2560,"height":970,"caption":"COMPUTAEX"},"image":{"@id":"https:\/\/computaex.es\/#\/schema\/logo\/image\/"},"sameAs":["https:\/\/m.facebook.com\/computaex\/","https:\/\/x.com\/computaex","https:\/\/es.linkedin.com\/company\/cenits"]}]}},"_links":{"self":[{"href":"https:\/\/computaex.es\/en\/wp-json\/wp\/v2\/pages\/2231","targetHints":{"allow":["GET"]}}],"collection":[{"href":"https:\/\/computaex.es\/en\/wp-json\/wp\/v2\/pages"}],"about":[{"href":"https:\/\/computaex.es\/en\/wp-json\/wp\/v2\/types\/page"}],"author":[{"embeddable":true,"href":"https:\/\/computaex.es\/en\/wp-json\/wp\/v2\/users\/1"}],"replies":[{"embeddable":true,"href":"https:\/\/computaex.es\/en\/wp-json\/wp\/v2\/comments?post=2231"}],"version-history":[{"count":7,"href":"https:\/\/computaex.es\/en\/wp-json\/wp\/v2\/pages\/2231\/revisions"}],"predecessor-version":[{"id":8387,"href":"https:\/\/computaex.es\/en\/wp-json\/wp\/v2\/pages\/2231\/revisions\/8387"}],"wp:attachment":[{"href":"https:\/\/computaex.es\/en\/wp-json\/wp\/v2\/media?parent=2231"}],"wp:term":[{"taxonomy":"category","embeddable":true,"href":"https:\/\/computaex.es\/en\/wp-json\/wp\/v2\/categories?post=2231"},{"taxonomy":"post_tag","embeddable":true,"href":"https:\/\/computaex.es\/en\/wp-json\/wp\/v2\/tags?post=2231"}],"curies":[{"name":"wp","href":"https:\/\/api.w.org\/{rel}","templated":true}]}}