{"id":2265,"date":"2024-04-10T13:41:55","date_gmt":"2024-04-10T11:41:55","guid":{"rendered":"http:\/\/10.128.3.28\/?page_id=2265"},"modified":"2025-08-29T11:58:36","modified_gmt":"2025-08-29T09:58:36","slug":"proyecto-go2edge-disenando-las-futuras-redes-sistemas-y-servicios-de-computacion-seguros-en-el-extremo","status":"publish","type":"page","link":"https:\/\/computaex.es\/en\/proyectos\/proyecto-go2edge-disenando-las-futuras-redes-sistemas-y-servicios-de-computacion-seguros-en-el-extremo\/","title":{"rendered":"Go2Edge: dise\u00f1ando las futuras redes, sistemas y servicios de computaci\u00f3n seguros en el extremo"},"content":{"rendered":"<div class=\"field field-name-field-proy-investigadores field-type-text-long field-label-above\">\n<div class=\"field-label\" style=\"text-align: justify;\"><strong>Researchers:\u00a0<\/strong><\/div>\n<div class=\"field-items\" style=\"text-align: justify;\">\n<div class=\"field-item even\">\n<ul>\n<li>Universidad de Valladolid.<\/li>\n<li>Universidad Carlos III de Madrid.<\/li>\n<li>Universitat Polit\u00e8cnica de Catalunya.<\/li>\n<li>Universidad Polit\u00e9cnica de Cartagena.<\/li>\n<li>Universidad Polit\u00e9cnica de Madrid.<\/li>\n<li>Universitat de Girona.<\/li>\n<li>Universitat Polit\u00e8cnica de Val\u00e8ncia.<\/li>\n<li>Universidad de Salamanca.<\/li>\n<li>Universidad de Granada.<\/li>\n<li>Universidad de Vigo.<\/li>\n<li>Centre Tecnol\u00f2gic de Telecomunicacions de Catalunya.<\/li>\n<li>Barcelona Supercomputing Center.<\/li>\n<li>Fundaci\u00f3n Computaci\u00f3n y Tecnolog\u00edas Avanzadas de Extremadura.<\/li>\n<li>Instituto Nacional de Ciberseguridad.<\/li>\n<\/ul>\n<\/div>\n<\/div>\n<\/div>\n<div class=\"field field-name-field-proy-descripcion field-type-text-long field-label-above\" style=\"text-align: justify;\">\n<div class=\"field-label\"><strong>Description:\u00a0<\/strong><\/div>\n<div class=\"field-items\">\n<div class=\"field-item even\">\n<p>Red tem\u00e1tica de excelencia formada por 15 entidades para combinar su experiencia, coordinar esfuerzos de investigaci\u00f3n y compartir resultados sobre tecnolog\u00edas que permiten acercar los recursos computacionales y de almacenamiento al extremo de la red. Para ello se desarrolla una visi\u00f3n multidisciplinar con capacidades complementarias e intereses diversos en las tecnolog\u00edas involucradas: computaci\u00f3n distribuida; cloud y fog computing; redes de comunicaciones; ciberseguridad; y aplicaciones finales que permitan explotar estas tecnolog\u00edas.<\/p>\n<\/div>\n<\/div>\n<\/div>\n<div class=\"field field-name-field-proy-financiacion field-type-text-long field-label-above\" style=\"text-align: justify;\">\n<div class=\"field-label\"><strong>Sources of funding:\u00a0<\/strong><\/div>\n<div class=\"field-items\">\n<div class=\"field-item even\">\n<p>Convocatoria 2018 de acciones de dinamizaci\u00f3n Redes de Investigaci\u00f3n del Programa estatal de generaci\u00f3n de conocimiento y fortalecimiento cient\u00edfico y tecnol\u00f3gico del sistema de I+D+i.\u00a0<a href=\"https:\/\/www.ciencia.gob.es\/portal\/site\/MICINN\/\" target=\"_blank\" rel=\"noopener\">Ministerio de Ciencia, Innovaci\u00f3n y Universidades<\/a>.<\/p>\n<\/div>\n<\/div>\n<\/div>\n<div class=\"field field-name-field-proy-web field-type-text-long field-label-above\" style=\"text-align: justify;\">\n<div class=\"field-label\"><strong>Web:\u00a0<\/strong><\/div>\n<div class=\"field-items\">\n<div class=\"field-item even\">\n<ul>\n<li><a href=\"http:\/\/\/en\/go2edge.uva.es\/\" target=\"_blank\" rel=\"noopener\">http:\/go2edge.uva.es<\/a><\/li>\n<\/ul>\n<\/div>\n<\/div>\n<\/div>\n<div class=\"field field-name-taxonomy-vocabulary-4 field-type-taxonomy-term-reference field-label-hidden\"><\/div>","protected":false},"excerpt":{"rendered":"<p>Investigadores:\u00a0 Universidad de Valladolid. Universidad Carlos III de Madrid. Universitat Polit\u00e8cnica de Catalunya. Universidad Polit\u00e9cnica de Cartagena. Universidad Polit\u00e9cnica de Madrid. Universitat de Girona. Universitat Polit\u00e8cnica de Val\u00e8ncia. Universidad de &#8230;<\/p>","protected":false},"author":1,"featured_media":0,"parent":9950,"menu_order":0,"comment_status":"closed","ping_status":"closed","template":"","meta":{"footnotes":""},"categories":[104,81],"tags":[],"class_list":["post-2265","page","type-page","status-publish","hentry","category-ciencias-informaticas-y-de-comunicaciones","category-proyectos"],"yoast_head":"<!-- This site is optimized with the Yoast SEO plugin v27.5 - https:\/\/yoast.com\/product\/yoast-seo-wordpress\/ -->\n<title>Go2Edge: dise\u00f1ando las futuras redes, sistemas y servicios de computaci\u00f3n seguros en el extremo - Fundaci\u00f3n COMPUTAEX<\/title>\n<meta name=\"robots\" content=\"index, follow, max-snippet:-1, max-image-preview:large, max-video-preview:-1\" \/>\n<link rel=\"canonical\" href=\"https:\/\/computaex.es\/en\/proyectos\/proyecto-go2edge-disenando-las-futuras-redes-sistemas-y-servicios-de-computacion-seguros-en-el-extremo\/\" \/>\n<meta property=\"og:locale\" content=\"en_US\" \/>\n<meta property=\"og:type\" content=\"article\" \/>\n<meta property=\"og:title\" content=\"Go2Edge: dise\u00f1ando las futuras redes, sistemas y servicios de computaci\u00f3n seguros en el extremo - Fundaci\u00f3n COMPUTAEX\" \/>\n<meta property=\"og:description\" content=\"Investigadores:\u00a0 Universidad de Valladolid. Universidad Carlos III de Madrid. Universitat Polit\u00e8cnica de Catalunya. Universidad Polit\u00e9cnica de Cartagena. Universidad Polit\u00e9cnica de Madrid. Universitat de Girona. Universitat Polit\u00e8cnica de Val\u00e8ncia. Universidad de ...\" \/>\n<meta property=\"og:url\" content=\"https:\/\/computaex.es\/en\/proyectos\/proyecto-go2edge-disenando-las-futuras-redes-sistemas-y-servicios-de-computacion-seguros-en-el-extremo\/\" \/>\n<meta property=\"og:site_name\" content=\"Fundaci\u00f3n COMPUTAEX\" \/>\n<meta property=\"article:publisher\" content=\"https:\/\/m.facebook.com\/computaex\/\" \/>\n<meta property=\"article:modified_time\" content=\"2025-08-29T09:58:36+00:00\" \/>\n<meta property=\"og:image\" content=\"https:\/\/computaex.es\/wp-content\/uploads\/2025\/08\/COMPUTAEX.jpg\" \/>\n\t<meta property=\"og:image:width\" content=\"1024\" \/>\n\t<meta property=\"og:image:height\" content=\"403\" \/>\n\t<meta property=\"og:image:type\" content=\"image\/jpeg\" \/>\n<meta name=\"twitter:card\" content=\"summary_large_image\" \/>\n<meta name=\"twitter:site\" content=\"@computaex\" \/>\n<meta name=\"twitter:label1\" content=\"Est. reading time\" \/>\n\t<meta name=\"twitter:data1\" content=\"1 minute\" \/>\n<script type=\"application\/ld+json\" class=\"yoast-schema-graph\">{\"@context\":\"https:\\\/\\\/schema.org\",\"@graph\":[{\"@type\":\"WebPage\",\"@id\":\"https:\\\/\\\/computaex.es\\\/proyectos\\\/proyecto-go2edge-disenando-las-futuras-redes-sistemas-y-servicios-de-computacion-seguros-en-el-extremo\\\/\",\"url\":\"https:\\\/\\\/computaex.es\\\/proyectos\\\/proyecto-go2edge-disenando-las-futuras-redes-sistemas-y-servicios-de-computacion-seguros-en-el-extremo\\\/\",\"name\":\"Go2Edge: dise\u00f1ando las futuras redes, sistemas y servicios de computaci\u00f3n seguros en el extremo - Fundaci\u00f3n COMPUTAEX\",\"isPartOf\":{\"@id\":\"https:\\\/\\\/computaex.es\\\/#website\"},\"datePublished\":\"2024-04-10T11:41:55+00:00\",\"dateModified\":\"2025-08-29T09:58:36+00:00\",\"breadcrumb\":{\"@id\":\"https:\\\/\\\/computaex.es\\\/proyectos\\\/proyecto-go2edge-disenando-las-futuras-redes-sistemas-y-servicios-de-computacion-seguros-en-el-extremo\\\/#breadcrumb\"},\"inLanguage\":\"en-US\",\"potentialAction\":[{\"@type\":\"ReadAction\",\"target\":[\"https:\\\/\\\/computaex.es\\\/proyectos\\\/proyecto-go2edge-disenando-las-futuras-redes-sistemas-y-servicios-de-computacion-seguros-en-el-extremo\\\/\"]}]},{\"@type\":\"BreadcrumbList\",\"@id\":\"https:\\\/\\\/computaex.es\\\/proyectos\\\/proyecto-go2edge-disenando-las-futuras-redes-sistemas-y-servicios-de-computacion-seguros-en-el-extremo\\\/#breadcrumb\",\"itemListElement\":[{\"@type\":\"ListItem\",\"position\":1,\"name\":\"Portada\",\"item\":\"https:\\\/\\\/computaex.es\\\/\"},{\"@type\":\"ListItem\",\"position\":2,\"name\":\"Proyectos\",\"item\":\"https:\\\/\\\/computaex.es\\\/proyectos\\\/\"},{\"@type\":\"ListItem\",\"position\":3,\"name\":\"Go2Edge: dise\u00f1ando las futuras redes, sistemas y servicios de computaci\u00f3n seguros en el extremo\"}]},{\"@type\":\"WebSite\",\"@id\":\"https:\\\/\\\/computaex.es\\\/#website\",\"url\":\"https:\\\/\\\/computaex.es\\\/\",\"name\":\"Fundaci\u00f3n COMPUTAEX\",\"description\":\"COMPUTAEX\",\"publisher\":{\"@id\":\"https:\\\/\\\/computaex.es\\\/#organization\"},\"potentialAction\":[{\"@type\":\"SearchAction\",\"target\":{\"@type\":\"EntryPoint\",\"urlTemplate\":\"https:\\\/\\\/computaex.es\\\/?s={search_term_string}\"},\"query-input\":{\"@type\":\"PropertyValueSpecification\",\"valueRequired\":true,\"valueName\":\"search_term_string\"}}],\"inLanguage\":\"en-US\"},{\"@type\":\"Organization\",\"@id\":\"https:\\\/\\\/computaex.es\\\/#organization\",\"name\":\"COMPUTAEX\",\"url\":\"https:\\\/\\\/computaex.es\\\/\",\"logo\":{\"@type\":\"ImageObject\",\"inLanguage\":\"en-US\",\"@id\":\"https:\\\/\\\/computaex.es\\\/#\\\/schema\\\/logo\\\/image\\\/\",\"url\":\"https:\\\/\\\/computaex.es\\\/wp-content\\\/uploads\\\/2025\\\/05\\\/cropped-COMPUTAEX_transparente-scaled-1.png\",\"contentUrl\":\"https:\\\/\\\/computaex.es\\\/wp-content\\\/uploads\\\/2025\\\/05\\\/cropped-COMPUTAEX_transparente-scaled-1.png\",\"width\":2560,\"height\":970,\"caption\":\"COMPUTAEX\"},\"image\":{\"@id\":\"https:\\\/\\\/computaex.es\\\/#\\\/schema\\\/logo\\\/image\\\/\"},\"sameAs\":[\"https:\\\/\\\/m.facebook.com\\\/computaex\\\/\",\"https:\\\/\\\/x.com\\\/computaex\",\"https:\\\/\\\/es.linkedin.com\\\/company\\\/cenits\"]}]}<\/script>\n<!-- \/ Yoast SEO plugin. -->","yoast_head_json":{"title":"Go2Edge: dise\u00f1ando las futuras redes, sistemas y servicios de computaci\u00f3n seguros en el extremo - Fundaci\u00f3n COMPUTAEX","robots":{"index":"index","follow":"follow","max-snippet":"max-snippet:-1","max-image-preview":"max-image-preview:large","max-video-preview":"max-video-preview:-1"},"canonical":"https:\/\/computaex.es\/en\/proyectos\/proyecto-go2edge-disenando-las-futuras-redes-sistemas-y-servicios-de-computacion-seguros-en-el-extremo\/","og_locale":"en_US","og_type":"article","og_title":"Go2Edge: dise\u00f1ando las futuras redes, sistemas y servicios de computaci\u00f3n seguros en el extremo - Fundaci\u00f3n COMPUTAEX","og_description":"Investigadores:\u00a0 Universidad de Valladolid. Universidad Carlos III de Madrid. Universitat Polit\u00e8cnica de Catalunya. Universidad Polit\u00e9cnica de Cartagena. Universidad Polit\u00e9cnica de Madrid. Universitat de Girona. Universitat Polit\u00e8cnica de Val\u00e8ncia. Universidad de ...","og_url":"https:\/\/computaex.es\/en\/proyectos\/proyecto-go2edge-disenando-las-futuras-redes-sistemas-y-servicios-de-computacion-seguros-en-el-extremo\/","og_site_name":"Fundaci\u00f3n COMPUTAEX","article_publisher":"https:\/\/m.facebook.com\/computaex\/","article_modified_time":"2025-08-29T09:58:36+00:00","og_image":[{"width":1024,"height":403,"url":"https:\/\/computaex.es\/wp-content\/uploads\/2025\/08\/COMPUTAEX.jpg","type":"image\/jpeg"}],"twitter_card":"summary_large_image","twitter_site":"@computaex","twitter_misc":{"Est. reading time":"1 minute"},"schema":{"@context":"https:\/\/schema.org","@graph":[{"@type":"WebPage","@id":"https:\/\/computaex.es\/proyectos\/proyecto-go2edge-disenando-las-futuras-redes-sistemas-y-servicios-de-computacion-seguros-en-el-extremo\/","url":"https:\/\/computaex.es\/proyectos\/proyecto-go2edge-disenando-las-futuras-redes-sistemas-y-servicios-de-computacion-seguros-en-el-extremo\/","name":"Go2Edge: dise\u00f1ando las futuras redes, sistemas y servicios de computaci\u00f3n seguros en el extremo - Fundaci\u00f3n COMPUTAEX","isPartOf":{"@id":"https:\/\/computaex.es\/#website"},"datePublished":"2024-04-10T11:41:55+00:00","dateModified":"2025-08-29T09:58:36+00:00","breadcrumb":{"@id":"https:\/\/computaex.es\/proyectos\/proyecto-go2edge-disenando-las-futuras-redes-sistemas-y-servicios-de-computacion-seguros-en-el-extremo\/#breadcrumb"},"inLanguage":"en-US","potentialAction":[{"@type":"ReadAction","target":["https:\/\/computaex.es\/proyectos\/proyecto-go2edge-disenando-las-futuras-redes-sistemas-y-servicios-de-computacion-seguros-en-el-extremo\/"]}]},{"@type":"BreadcrumbList","@id":"https:\/\/computaex.es\/proyectos\/proyecto-go2edge-disenando-las-futuras-redes-sistemas-y-servicios-de-computacion-seguros-en-el-extremo\/#breadcrumb","itemListElement":[{"@type":"ListItem","position":1,"name":"Portada","item":"https:\/\/computaex.es\/"},{"@type":"ListItem","position":2,"name":"Proyectos","item":"https:\/\/computaex.es\/proyectos\/"},{"@type":"ListItem","position":3,"name":"Go2Edge: dise\u00f1ando las futuras redes, sistemas y servicios de computaci\u00f3n seguros en el extremo"}]},{"@type":"WebSite","@id":"https:\/\/computaex.es\/#website","url":"https:\/\/computaex.es\/","name":"COMPUTAEX Foundation","description":"COMPUTAEX","publisher":{"@id":"https:\/\/computaex.es\/#organization"},"potentialAction":[{"@type":"SearchAction","target":{"@type":"EntryPoint","urlTemplate":"https:\/\/computaex.es\/?s={search_term_string}"},"query-input":{"@type":"PropertyValueSpecification","valueRequired":true,"valueName":"search_term_string"}}],"inLanguage":"en-US"},{"@type":"Organization","@id":"https:\/\/computaex.es\/#organization","name":"COMPUTAEX","url":"https:\/\/computaex.es\/","logo":{"@type":"ImageObject","inLanguage":"en-US","@id":"https:\/\/computaex.es\/#\/schema\/logo\/image\/","url":"https:\/\/computaex.es\/wp-content\/uploads\/2025\/05\/cropped-COMPUTAEX_transparente-scaled-1.png","contentUrl":"https:\/\/computaex.es\/wp-content\/uploads\/2025\/05\/cropped-COMPUTAEX_transparente-scaled-1.png","width":2560,"height":970,"caption":"COMPUTAEX"},"image":{"@id":"https:\/\/computaex.es\/#\/schema\/logo\/image\/"},"sameAs":["https:\/\/m.facebook.com\/computaex\/","https:\/\/x.com\/computaex","https:\/\/es.linkedin.com\/company\/cenits"]}]}},"_links":{"self":[{"href":"https:\/\/computaex.es\/en\/wp-json\/wp\/v2\/pages\/2265","targetHints":{"allow":["GET"]}}],"collection":[{"href":"https:\/\/computaex.es\/en\/wp-json\/wp\/v2\/pages"}],"about":[{"href":"https:\/\/computaex.es\/en\/wp-json\/wp\/v2\/types\/page"}],"author":[{"embeddable":true,"href":"https:\/\/computaex.es\/en\/wp-json\/wp\/v2\/users\/1"}],"replies":[{"embeddable":true,"href":"https:\/\/computaex.es\/en\/wp-json\/wp\/v2\/comments?post=2265"}],"version-history":[{"count":4,"href":"https:\/\/computaex.es\/en\/wp-json\/wp\/v2\/pages\/2265\/revisions"}],"predecessor-version":[{"id":8447,"href":"https:\/\/computaex.es\/en\/wp-json\/wp\/v2\/pages\/2265\/revisions\/8447"}],"up":[{"embeddable":true,"href":"https:\/\/computaex.es\/en\/wp-json\/wp\/v2\/pages\/9950"}],"wp:attachment":[{"href":"https:\/\/computaex.es\/en\/wp-json\/wp\/v2\/media?parent=2265"}],"wp:term":[{"taxonomy":"category","embeddable":true,"href":"https:\/\/computaex.es\/en\/wp-json\/wp\/v2\/categories?post=2265"},{"taxonomy":"post_tag","embeddable":true,"href":"https:\/\/computaex.es\/en\/wp-json\/wp\/v2\/tags?post=2265"}],"curies":[{"name":"wp","href":"https:\/\/api.w.org\/{rel}","templated":true}]}}