{"id":2325,"date":"2024-04-10T13:51:35","date_gmt":"2024-04-10T11:51:35","guid":{"rendered":"http:\/\/10.128.3.28\/?page_id=2325"},"modified":"2025-07-23T14:19:28","modified_gmt":"2025-07-23T12:19:28","slug":"proyecto-dft-simulations-on-the-study-of-the-dielectric-function-of-novel-nanostructured-materials","status":"publish","type":"page","link":"https:\/\/computaex.es\/en\/proyecto-dft-simulations-on-the-study-of-the-dielectric-function-of-novel-nanostructured-materials\/","title":{"rendered":"DFT simulations on the study of the dielectric function of novel nanostructured materials"},"content":{"rendered":"<div class=\"field field-name-field-proy-investigadores field-type-text-long field-label-above\">\n<div class=\"field-label\" style=\"text-align: justify;\"><strong>Investigadores:\u00a0<\/strong><\/div>\n<div class=\"field-items\" style=\"text-align: justify;\">\n<div class=\"field-item even\">\n<ul>\n<li>Francesca Peir\u00f3.\u00a0Universitat de Barcelona.<\/li>\n<\/ul>\n<\/div>\n<\/div>\n<\/div>\n<div class=\"field field-name-field-proy-descripcion field-type-text-long field-label-above\">\n<div class=\"field-label\" style=\"text-align: justify;\"><strong>Descripci\u00f3n:\u00a0<\/strong><\/div>\n<div class=\"field-items\">\n<div class=\"field-item even\">\n<p style=\"text-align: justify;\">Proyecto asignado a trav\u00e9s de la Red Espa\u00f1ola de Supercomputaci\u00f3n (<a href=\"https:\/\/www.res.es\/\" target=\"_blank\" rel=\"noopener\">RES<\/a>).<\/p>\n<p style=\"text-align: justify;\">In the present work, the anisotropic electrical conductivity of GaInP CuPtB type ordered layers will be assessed by using in-situ biasing in a Transmission Electron Microscopy (TEM). The electrical conductivity of GaInP thin films with different degree of order (controlled by the amount of Sb flux during the growth) will be measured in the orthogonal [110] and [1-10] directions. The anisotropy will be evaluated as a function of the density of ordered domains and antiphase boundaries and the results will be discussed in the light of DFT simulations.<\/p>\n<\/div>\n<\/div>\n<\/div>\n","protected":false},"excerpt":{"rendered":"<p>Investigadores:\u00a0 Francesca Peir\u00f3.\u00a0Universitat de Barcelona. Descripci\u00f3n:\u00a0 Proyecto asignado a trav\u00e9s de la Red Espa\u00f1ola de Supercomputaci\u00f3n (RES). In the present work, the anisotropic electrical conductivity of GaInP CuPtB type ordered &#8230;<\/p>","protected":false},"author":1,"featured_media":0,"parent":0,"menu_order":0,"comment_status":"closed","ping_status":"closed","template":"","meta":{"footnotes":""},"categories":[103,81],"tags":[],"class_list":["post-2325","page","type-page","status-publish","hentry","category-ciencias-de-la-vida","category-proyectos"],"yoast_head":"<!-- This site is optimized with the Yoast SEO plugin v27.1.1 - https:\/\/yoast.com\/product\/yoast-seo-wordpress\/ -->\n<title>DFT simulations on the study of the dielectric function of novel nanostructured materials - Fundaci\u00f3n COMPUTAEX<\/title>\n<meta name=\"robots\" content=\"index, follow, max-snippet:-1, max-image-preview:large, max-video-preview:-1\" \/>\n<link rel=\"canonical\" href=\"https:\/\/computaex.es\/en\/proyecto-dft-simulations-on-the-study-of-the-dielectric-function-of-novel-nanostructured-materials\/\" \/>\n<meta property=\"og:locale\" content=\"en_US\" \/>\n<meta property=\"og:type\" content=\"article\" \/>\n<meta property=\"og:title\" content=\"DFT simulations on the study of the dielectric function of novel nanostructured materials - Fundaci\u00f3n COMPUTAEX\" \/>\n<meta property=\"og:description\" content=\"Investigadores:\u00a0 Francesca Peir\u00f3.\u00a0Universitat de Barcelona. Descripci\u00f3n:\u00a0 Proyecto asignado a trav\u00e9s de la Red Espa\u00f1ola de Supercomputaci\u00f3n (RES). In the present work, the anisotropic electrical conductivity of GaInP CuPtB type ordered ...\" \/>\n<meta property=\"og:url\" content=\"https:\/\/computaex.es\/en\/proyecto-dft-simulations-on-the-study-of-the-dielectric-function-of-novel-nanostructured-materials\/\" \/>\n<meta property=\"og:site_name\" content=\"Fundaci\u00f3n COMPUTAEX\" \/>\n<meta property=\"article:publisher\" content=\"https:\/\/m.facebook.com\/computaex\/\" \/>\n<meta property=\"article:modified_time\" content=\"2025-07-23T12:19:28+00:00\" \/>\n<meta property=\"og:image\" content=\"https:\/\/computaex.es\/wp-content\/uploads\/2025\/08\/COMPUTAEX.jpg\" \/>\n\t<meta property=\"og:image:width\" content=\"1024\" \/>\n\t<meta property=\"og:image:height\" content=\"403\" \/>\n\t<meta property=\"og:image:type\" content=\"image\/jpeg\" \/>\n<meta name=\"twitter:card\" content=\"summary_large_image\" \/>\n<meta name=\"twitter:site\" content=\"@computaex\" \/>\n<meta name=\"twitter:label1\" content=\"Est. reading time\" \/>\n\t<meta name=\"twitter:data1\" content=\"1 minute\" \/>\n<script type=\"application\/ld+json\" class=\"yoast-schema-graph\">{\"@context\":\"https:\/\/schema.org\",\"@graph\":[{\"@type\":\"WebPage\",\"@id\":\"https:\/\/computaex.es\/proyecto-dft-simulations-on-the-study-of-the-dielectric-function-of-novel-nanostructured-materials\/\",\"url\":\"https:\/\/computaex.es\/proyecto-dft-simulations-on-the-study-of-the-dielectric-function-of-novel-nanostructured-materials\/\",\"name\":\"DFT simulations on the study of the dielectric function of novel nanostructured materials - Fundaci\u00f3n COMPUTAEX\",\"isPartOf\":{\"@id\":\"https:\/\/computaex.es\/#website\"},\"datePublished\":\"2024-04-10T11:51:35+00:00\",\"dateModified\":\"2025-07-23T12:19:28+00:00\",\"breadcrumb\":{\"@id\":\"https:\/\/computaex.es\/proyecto-dft-simulations-on-the-study-of-the-dielectric-function-of-novel-nanostructured-materials\/#breadcrumb\"},\"inLanguage\":\"en-US\",\"potentialAction\":[{\"@type\":\"ReadAction\",\"target\":[\"https:\/\/computaex.es\/proyecto-dft-simulations-on-the-study-of-the-dielectric-function-of-novel-nanostructured-materials\/\"]}]},{\"@type\":\"BreadcrumbList\",\"@id\":\"https:\/\/computaex.es\/proyecto-dft-simulations-on-the-study-of-the-dielectric-function-of-novel-nanostructured-materials\/#breadcrumb\",\"itemListElement\":[{\"@type\":\"ListItem\",\"position\":1,\"name\":\"Portada\",\"item\":\"https:\/\/computaex.es\/\"},{\"@type\":\"ListItem\",\"position\":2,\"name\":\"DFT simulations on the study of the dielectric function of novel nanostructured materials\"}]},{\"@type\":\"WebSite\",\"@id\":\"https:\/\/computaex.es\/#website\",\"url\":\"https:\/\/computaex.es\/\",\"name\":\"Fundaci\u00f3n COMPUTAEX\",\"description\":\"COMPUTAEX\",\"publisher\":{\"@id\":\"https:\/\/computaex.es\/#organization\"},\"potentialAction\":[{\"@type\":\"SearchAction\",\"target\":{\"@type\":\"EntryPoint\",\"urlTemplate\":\"https:\/\/computaex.es\/?s={search_term_string}\"},\"query-input\":{\"@type\":\"PropertyValueSpecification\",\"valueRequired\":true,\"valueName\":\"search_term_string\"}}],\"inLanguage\":\"en-US\"},{\"@type\":\"Organization\",\"@id\":\"https:\/\/computaex.es\/#organization\",\"name\":\"COMPUTAEX\",\"url\":\"https:\/\/computaex.es\/\",\"logo\":{\"@type\":\"ImageObject\",\"inLanguage\":\"en-US\",\"@id\":\"https:\/\/computaex.es\/#\/schema\/logo\/image\/\",\"url\":\"https:\/\/computaex.es\/wp-content\/uploads\/2025\/05\/cropped-COMPUTAEX_transparente-scaled-1.png\",\"contentUrl\":\"https:\/\/computaex.es\/wp-content\/uploads\/2025\/05\/cropped-COMPUTAEX_transparente-scaled-1.png\",\"width\":2560,\"height\":970,\"caption\":\"COMPUTAEX\"},\"image\":{\"@id\":\"https:\/\/computaex.es\/#\/schema\/logo\/image\/\"},\"sameAs\":[\"https:\/\/m.facebook.com\/computaex\/\",\"https:\/\/x.com\/computaex\",\"https:\/\/es.linkedin.com\/company\/cenits\"]}]}<\/script>\n<!-- \/ Yoast SEO plugin. -->","yoast_head_json":{"title":"DFT simulations on the study of the dielectric function of novel nanostructured materials - Fundaci\u00f3n COMPUTAEX","robots":{"index":"index","follow":"follow","max-snippet":"max-snippet:-1","max-image-preview":"max-image-preview:large","max-video-preview":"max-video-preview:-1"},"canonical":"https:\/\/computaex.es\/en\/proyecto-dft-simulations-on-the-study-of-the-dielectric-function-of-novel-nanostructured-materials\/","og_locale":"en_US","og_type":"article","og_title":"DFT simulations on the study of the dielectric function of novel nanostructured materials - Fundaci\u00f3n COMPUTAEX","og_description":"Investigadores:\u00a0 Francesca Peir\u00f3.\u00a0Universitat de Barcelona. Descripci\u00f3n:\u00a0 Proyecto asignado a trav\u00e9s de la Red Espa\u00f1ola de Supercomputaci\u00f3n (RES). In the present work, the anisotropic electrical conductivity of GaInP CuPtB type ordered ...","og_url":"https:\/\/computaex.es\/en\/proyecto-dft-simulations-on-the-study-of-the-dielectric-function-of-novel-nanostructured-materials\/","og_site_name":"Fundaci\u00f3n COMPUTAEX","article_publisher":"https:\/\/m.facebook.com\/computaex\/","article_modified_time":"2025-07-23T12:19:28+00:00","og_image":[{"width":1024,"height":403,"url":"https:\/\/computaex.es\/wp-content\/uploads\/2025\/08\/COMPUTAEX.jpg","type":"image\/jpeg"}],"twitter_card":"summary_large_image","twitter_site":"@computaex","twitter_misc":{"Est. reading time":"1 minute"},"schema":{"@context":"https:\/\/schema.org","@graph":[{"@type":"WebPage","@id":"https:\/\/computaex.es\/proyecto-dft-simulations-on-the-study-of-the-dielectric-function-of-novel-nanostructured-materials\/","url":"https:\/\/computaex.es\/proyecto-dft-simulations-on-the-study-of-the-dielectric-function-of-novel-nanostructured-materials\/","name":"DFT simulations on the study of the dielectric function of novel nanostructured materials - Fundaci\u00f3n COMPUTAEX","isPartOf":{"@id":"https:\/\/computaex.es\/#website"},"datePublished":"2024-04-10T11:51:35+00:00","dateModified":"2025-07-23T12:19:28+00:00","breadcrumb":{"@id":"https:\/\/computaex.es\/proyecto-dft-simulations-on-the-study-of-the-dielectric-function-of-novel-nanostructured-materials\/#breadcrumb"},"inLanguage":"en-US","potentialAction":[{"@type":"ReadAction","target":["https:\/\/computaex.es\/proyecto-dft-simulations-on-the-study-of-the-dielectric-function-of-novel-nanostructured-materials\/"]}]},{"@type":"BreadcrumbList","@id":"https:\/\/computaex.es\/proyecto-dft-simulations-on-the-study-of-the-dielectric-function-of-novel-nanostructured-materials\/#breadcrumb","itemListElement":[{"@type":"ListItem","position":1,"name":"Portada","item":"https:\/\/computaex.es\/"},{"@type":"ListItem","position":2,"name":"DFT simulations on the study of the dielectric function of novel nanostructured materials"}]},{"@type":"WebSite","@id":"https:\/\/computaex.es\/#website","url":"https:\/\/computaex.es\/","name":"COMPUTAEX Foundation","description":"COMPUTAEX","publisher":{"@id":"https:\/\/computaex.es\/#organization"},"potentialAction":[{"@type":"SearchAction","target":{"@type":"EntryPoint","urlTemplate":"https:\/\/computaex.es\/?s={search_term_string}"},"query-input":{"@type":"PropertyValueSpecification","valueRequired":true,"valueName":"search_term_string"}}],"inLanguage":"en-US"},{"@type":"Organization","@id":"https:\/\/computaex.es\/#organization","name":"COMPUTAEX","url":"https:\/\/computaex.es\/","logo":{"@type":"ImageObject","inLanguage":"en-US","@id":"https:\/\/computaex.es\/#\/schema\/logo\/image\/","url":"https:\/\/computaex.es\/wp-content\/uploads\/2025\/05\/cropped-COMPUTAEX_transparente-scaled-1.png","contentUrl":"https:\/\/computaex.es\/wp-content\/uploads\/2025\/05\/cropped-COMPUTAEX_transparente-scaled-1.png","width":2560,"height":970,"caption":"COMPUTAEX"},"image":{"@id":"https:\/\/computaex.es\/#\/schema\/logo\/image\/"},"sameAs":["https:\/\/m.facebook.com\/computaex\/","https:\/\/x.com\/computaex","https:\/\/es.linkedin.com\/company\/cenits"]}]}},"_links":{"self":[{"href":"https:\/\/computaex.es\/en\/wp-json\/wp\/v2\/pages\/2325","targetHints":{"allow":["GET"]}}],"collection":[{"href":"https:\/\/computaex.es\/en\/wp-json\/wp\/v2\/pages"}],"about":[{"href":"https:\/\/computaex.es\/en\/wp-json\/wp\/v2\/types\/page"}],"author":[{"embeddable":true,"href":"https:\/\/computaex.es\/en\/wp-json\/wp\/v2\/users\/1"}],"replies":[{"embeddable":true,"href":"https:\/\/computaex.es\/en\/wp-json\/wp\/v2\/comments?post=2325"}],"version-history":[{"count":5,"href":"https:\/\/computaex.es\/en\/wp-json\/wp\/v2\/pages\/2325\/revisions"}],"predecessor-version":[{"id":8384,"href":"https:\/\/computaex.es\/en\/wp-json\/wp\/v2\/pages\/2325\/revisions\/8384"}],"wp:attachment":[{"href":"https:\/\/computaex.es\/en\/wp-json\/wp\/v2\/media?parent=2325"}],"wp:term":[{"taxonomy":"category","embeddable":true,"href":"https:\/\/computaex.es\/en\/wp-json\/wp\/v2\/categories?post=2325"},{"taxonomy":"post_tag","embeddable":true,"href":"https:\/\/computaex.es\/en\/wp-json\/wp\/v2\/tags?post=2325"}],"curies":[{"name":"wp","href":"https:\/\/api.w.org\/{rel}","templated":true}]}}