{"id":2446,"date":"2024-04-11T09:05:08","date_gmt":"2024-04-11T07:05:08","guid":{"rendered":"http:\/\/10.128.3.28\/?page_id=2446"},"modified":"2025-08-29T12:14:48","modified_gmt":"2025-08-29T10:14:48","slug":"proyecto-taxonomtic-2016","status":"publish","type":"page","link":"https:\/\/computaex.es\/en\/proyectos\/proyecto-taxonomtic-2016\/","title":{"rendered":"TaxonomTIC 2016"},"content":{"rendered":"<div class=\"field field-name-field-proy-investigadores field-type-text-long field-label-above\">\n<div class=\"field-label\"><strong>Researchers:\u00a0<\/strong><\/div>\n<div class=\"field-items\">\n<div class=\"field-item even\">\n<ul>\n<li>Equipo de COMPUTAEX.<\/li>\n<\/ul>\n<\/div>\n<\/div>\n<\/div>\n<div class=\"field field-name-field-proy-descripcion field-type-text-long field-label-above\">\n<div class=\"field-label\"><strong>Description:\u00a0<\/strong><\/div>\n<div class=\"field-items\">\n<div class=\"field-item even\">\n<p>El proyecto TaxonomTIC, dio comienzo en el a\u00f1o 2013 y su objetivo principal consist\u00eda en conocer y entender las TIC desde su origen, y no s\u00f3lo desde el punto de vista del usuario final, ya que existen empresas y profesionales cuyas actividades se constituyen como un potente motor econ\u00f3mico dentro del nuevo ecosistema socio-econ\u00f3mico y que merece la consideraci\u00f3n de sector.<\/p>\n<p>Como parte fundamental de dicho objetivo, se buscaba tambi\u00e9n la creaci\u00f3n de un observatorio del Sector TIC en Extremadura. Este observatorio permitir\u00eda identificar qu\u00e9 son las TIC, los elementos que las componen, describirlos y clasificarlos, para poder estudiar su impacto en la regi\u00f3n y generar una fuente de informaci\u00f3n adicional, que permita conocer qu\u00e9 profesionales, empresas u organismos se encuentran relacionados con este sector y cu\u00e1les se apoyan en dichas entidades para ofrecer servicios TIC.<\/p>\n<p>Adem\u00e1s, el proyecto persegu\u00eda los siguientes objetivos espec\u00edficos: definici\u00f3n del concepto TIC; identificaci\u00f3n de actividades econ\u00f3micas TIC; identificaci\u00f3n y caracterizaci\u00f3n del sector en Extremadura; an\u00e1lisis del sector; hacer p\u00fablica toda la informaci\u00f3n sobre el sector.<\/p>\n<p>El proyecto TaxonomTIC est\u00e1 relacionado as\u00edmismo con la Agenda Digital de Extremadura y el V Plan Regional de Investigaci\u00f3n, Desarrollo tecnol\u00f3gico e innovaci\u00f3n. Ambas iniciativas impulsadas por el Gobierno de Extremadura con la finalidad de establecer una hoja de ruta para las pol\u00edticas de implementaci\u00f3n de las TIC en Extremadura e impulsar la I+D+i en la regi\u00f3n. Es, adem\u00e1s, el cuarto a\u00f1o de desarrollo del proyecto y conviene analizar la trayectoria seguida por el mismo.<\/p>\n<p>Durante el a\u00f1o 2013 se identificaron y clasificaron aquellas actividades que, desde el punto de vista del equipo de C\u00e9nitS, podr\u00edan ser consideradas TIC. Partiendo de dicha clasificaci\u00f3n, se identific\u00f3 y caracteriz\u00f3 el sector, analizando todas las posibles empresas cuyas actividades principales estuvieran entre las establecidas como TIC para, finalmente, analizar el sector en Extremadura desde un punto de vista interno y externo (compar\u00e1ndolo con otros sectores m\u00e1s tradicionales de la regi\u00f3n).<\/p>\n<p>En 2014 se analiz\u00f3 el sector TIC en Espa\u00f1a y Europa para ver las diferencias existentes con Extremadura. Se realiz\u00f3, tambi\u00e9n, el dise\u00f1o y desarrollo de la plataforma OpenData\u00a0OLISTIC (Observatorio regionaL de Informaci\u00f3n del Sector TIC), con toda la informaci\u00f3n de las empresas que componen el sector y las actividades TIC que desempe\u00f1an. Finalmente, con el fin de entender mejor el sector desde otro punto de vista, se realiz\u00f3 un estudio desde el punto de vista de los directivos de las empresas TIC, con una encuesta y una serie de entrevistas a directivos de car\u00e1cter regional y nacional.<\/p>\n<p>Ya en 2015 se automatizaron ciertas actividades asociadas al proyecto, como son la detecci\u00f3n de constituciones y disoluciones de sociedades y se desarrollaron nuevas aplicaciones para la plataforma Opendata. De nuevo, con el fin de analizar el sector desde todos los puntos de vista posibles, se realiz\u00f3 un estudio del equipamiento y uso de las TIC en Extremadura, ofreciendo de este modo una visi\u00f3n de las TIC m\u00e1s orientada a sus usuarios finales.<\/p>\n<p><strong>En este contexto, los objetivos del proyecto TaxonomTIC en el a\u00f1o 2016 fueron los siguientes:<\/strong><\/p>\n<ul>\n<li><strong>Actualizaci\u00f3n de la informaci\u00f3n recopilada en el proyecto TaxonomTIC<\/strong>: Actualizaci\u00f3n de la informaci\u00f3n recopilada desde el comienzo del proyecto sobre el sector regional, nacional y europeo.<\/li>\n<li><strong>Estudio de los perfiles profesionales TIC en Extremadura<\/strong>: Realizaci\u00f3n de un estudio sobre los perfiles profesionales TIC m\u00e1s demandados en Extremadura. Este estudio incluye un an\u00e1lisis de las clasificaciones de perfiles existentes y la elaboraci\u00f3n de un formulario web que permita conocer la realidad de los profesionales TIC en Extremadura.<\/li>\n<li><strong>Integraci\u00f3n de la informaci\u00f3n del proyecto en la plataforma OLISTIC<\/strong>: Integraci\u00f3n de la informaci\u00f3n del proyecto en una \u00fanica plataforma lo cual supone un redise\u00f1o y un nuevo desarrollo de la misma y la inclusi\u00f3n de nuevas funcionalidades.<\/li>\n<li><strong>Documentaci\u00f3n y divulgaci\u00f3n<\/strong>: Elaboraci\u00f3n de informes y obtenci\u00f3n de conclusiones de la taxonom\u00eda del Sector TIC y su proyecci\u00f3n para el futuro. Participaci\u00f3n en eventos organizados por el propio sector para actuar como dinamizadores del mismo.<\/li>\n<\/ul>\n<\/div>\n<\/div>\n<\/div>\n<div class=\"field field-name-field-proy-documentos field-type-file field-label-hidden\">\n<div class=\"field-items\"><\/div>\n<\/div>\n<div class=\"field field-name-taxonomy-vocabulary-4 field-type-taxonomy-term-reference field-label-hidden\">\n<div class=\"field-items\">\n<div class=\"field-item even\"><\/div>\n<\/div>\n<\/div>","protected":false},"excerpt":{"rendered":"<p>Investigadores:\u00a0 Equipo de COMPUTAEX. Descripci\u00f3n:\u00a0 El proyecto TaxonomTIC, dio comienzo en el a\u00f1o 2013 y su objetivo principal consist\u00eda en conocer y entender las TIC desde su origen, y no &#8230;<\/p>","protected":false},"author":1,"featured_media":0,"parent":9950,"menu_order":0,"comment_status":"closed","ping_status":"closed","template":"","meta":{"footnotes":""},"categories":[104,81],"tags":[],"class_list":["post-2446","page","type-page","status-publish","hentry","category-ciencias-informaticas-y-de-comunicaciones","category-proyectos"],"yoast_head":"<!-- This site is optimized with the Yoast SEO plugin v27.1.1 - https:\/\/yoast.com\/product\/yoast-seo-wordpress\/ -->\n<title>TaxonomTIC 2016 - Fundaci\u00f3n COMPUTAEX<\/title>\n<meta name=\"robots\" content=\"index, follow, max-snippet:-1, max-image-preview:large, max-video-preview:-1\" \/>\n<link rel=\"canonical\" href=\"https:\/\/computaex.es\/en\/proyectos\/proyecto-taxonomtic-2016\/\" \/>\n<meta property=\"og:locale\" content=\"en_US\" \/>\n<meta property=\"og:type\" content=\"article\" \/>\n<meta property=\"og:title\" content=\"TaxonomTIC 2016 - Fundaci\u00f3n COMPUTAEX\" \/>\n<meta property=\"og:description\" content=\"Investigadores:\u00a0 Equipo de COMPUTAEX. Descripci\u00f3n:\u00a0 El proyecto TaxonomTIC, dio comienzo en el a\u00f1o 2013 y su objetivo principal consist\u00eda en conocer y entender las TIC desde su origen, y no ...\" \/>\n<meta property=\"og:url\" content=\"https:\/\/computaex.es\/en\/proyectos\/proyecto-taxonomtic-2016\/\" \/>\n<meta property=\"og:site_name\" content=\"Fundaci\u00f3n COMPUTAEX\" \/>\n<meta property=\"article:publisher\" content=\"https:\/\/m.facebook.com\/computaex\/\" \/>\n<meta property=\"article:modified_time\" content=\"2025-08-29T10:14:48+00:00\" \/>\n<meta property=\"og:image\" content=\"https:\/\/computaex.es\/wp-content\/uploads\/2025\/08\/COMPUTAEX.jpg\" \/>\n\t<meta property=\"og:image:width\" content=\"1024\" \/>\n\t<meta property=\"og:image:height\" content=\"403\" \/>\n\t<meta property=\"og:image:type\" content=\"image\/jpeg\" \/>\n<meta name=\"twitter:card\" content=\"summary_large_image\" \/>\n<meta name=\"twitter:site\" content=\"@computaex\" \/>\n<meta name=\"twitter:label1\" content=\"Est. reading time\" \/>\n\t<meta name=\"twitter:data1\" content=\"4 minutes\" \/>\n<script type=\"application\/ld+json\" class=\"yoast-schema-graph\">{\"@context\":\"https:\/\/schema.org\",\"@graph\":[{\"@type\":\"WebPage\",\"@id\":\"https:\/\/computaex.es\/proyectos\/proyecto-taxonomtic-2016\/\",\"url\":\"https:\/\/computaex.es\/proyectos\/proyecto-taxonomtic-2016\/\",\"name\":\"TaxonomTIC 2016 - Fundaci\u00f3n COMPUTAEX\",\"isPartOf\":{\"@id\":\"https:\/\/computaex.es\/#website\"},\"datePublished\":\"2024-04-11T07:05:08+00:00\",\"dateModified\":\"2025-08-29T10:14:48+00:00\",\"breadcrumb\":{\"@id\":\"https:\/\/computaex.es\/proyectos\/proyecto-taxonomtic-2016\/#breadcrumb\"},\"inLanguage\":\"en-US\",\"potentialAction\":[{\"@type\":\"ReadAction\",\"target\":[\"https:\/\/computaex.es\/proyectos\/proyecto-taxonomtic-2016\/\"]}]},{\"@type\":\"BreadcrumbList\",\"@id\":\"https:\/\/computaex.es\/proyectos\/proyecto-taxonomtic-2016\/#breadcrumb\",\"itemListElement\":[{\"@type\":\"ListItem\",\"position\":1,\"name\":\"Portada\",\"item\":\"https:\/\/computaex.es\/\"},{\"@type\":\"ListItem\",\"position\":2,\"name\":\"Proyectos\",\"item\":\"https:\/\/computaex.es\/proyectos\/\"},{\"@type\":\"ListItem\",\"position\":3,\"name\":\"TaxonomTIC 2016\"}]},{\"@type\":\"WebSite\",\"@id\":\"https:\/\/computaex.es\/#website\",\"url\":\"https:\/\/computaex.es\/\",\"name\":\"Fundaci\u00f3n COMPUTAEX\",\"description\":\"COMPUTAEX\",\"publisher\":{\"@id\":\"https:\/\/computaex.es\/#organization\"},\"potentialAction\":[{\"@type\":\"SearchAction\",\"target\":{\"@type\":\"EntryPoint\",\"urlTemplate\":\"https:\/\/computaex.es\/?s={search_term_string}\"},\"query-input\":{\"@type\":\"PropertyValueSpecification\",\"valueRequired\":true,\"valueName\":\"search_term_string\"}}],\"inLanguage\":\"en-US\"},{\"@type\":\"Organization\",\"@id\":\"https:\/\/computaex.es\/#organization\",\"name\":\"COMPUTAEX\",\"url\":\"https:\/\/computaex.es\/\",\"logo\":{\"@type\":\"ImageObject\",\"inLanguage\":\"en-US\",\"@id\":\"https:\/\/computaex.es\/#\/schema\/logo\/image\/\",\"url\":\"https:\/\/computaex.es\/wp-content\/uploads\/2025\/05\/cropped-COMPUTAEX_transparente-scaled-1.png\",\"contentUrl\":\"https:\/\/computaex.es\/wp-content\/uploads\/2025\/05\/cropped-COMPUTAEX_transparente-scaled-1.png\",\"width\":2560,\"height\":970,\"caption\":\"COMPUTAEX\"},\"image\":{\"@id\":\"https:\/\/computaex.es\/#\/schema\/logo\/image\/\"},\"sameAs\":[\"https:\/\/m.facebook.com\/computaex\/\",\"https:\/\/x.com\/computaex\",\"https:\/\/es.linkedin.com\/company\/cenits\"]}]}<\/script>\n<!-- \/ Yoast SEO plugin. -->","yoast_head_json":{"title":"TaxonomTIC 2016 - Fundaci\u00f3n COMPUTAEX","robots":{"index":"index","follow":"follow","max-snippet":"max-snippet:-1","max-image-preview":"max-image-preview:large","max-video-preview":"max-video-preview:-1"},"canonical":"https:\/\/computaex.es\/en\/proyectos\/proyecto-taxonomtic-2016\/","og_locale":"en_US","og_type":"article","og_title":"TaxonomTIC 2016 - Fundaci\u00f3n COMPUTAEX","og_description":"Investigadores:\u00a0 Equipo de COMPUTAEX. Descripci\u00f3n:\u00a0 El proyecto TaxonomTIC, dio comienzo en el a\u00f1o 2013 y su objetivo principal consist\u00eda en conocer y entender las TIC desde su origen, y no ...","og_url":"https:\/\/computaex.es\/en\/proyectos\/proyecto-taxonomtic-2016\/","og_site_name":"Fundaci\u00f3n COMPUTAEX","article_publisher":"https:\/\/m.facebook.com\/computaex\/","article_modified_time":"2025-08-29T10:14:48+00:00","og_image":[{"width":1024,"height":403,"url":"https:\/\/computaex.es\/wp-content\/uploads\/2025\/08\/COMPUTAEX.jpg","type":"image\/jpeg"}],"twitter_card":"summary_large_image","twitter_site":"@computaex","twitter_misc":{"Est. reading time":"4 minutes"},"schema":{"@context":"https:\/\/schema.org","@graph":[{"@type":"WebPage","@id":"https:\/\/computaex.es\/proyectos\/proyecto-taxonomtic-2016\/","url":"https:\/\/computaex.es\/proyectos\/proyecto-taxonomtic-2016\/","name":"TaxonomTIC 2016 - Fundaci\u00f3n COMPUTAEX","isPartOf":{"@id":"https:\/\/computaex.es\/#website"},"datePublished":"2024-04-11T07:05:08+00:00","dateModified":"2025-08-29T10:14:48+00:00","breadcrumb":{"@id":"https:\/\/computaex.es\/proyectos\/proyecto-taxonomtic-2016\/#breadcrumb"},"inLanguage":"en-US","potentialAction":[{"@type":"ReadAction","target":["https:\/\/computaex.es\/proyectos\/proyecto-taxonomtic-2016\/"]}]},{"@type":"BreadcrumbList","@id":"https:\/\/computaex.es\/proyectos\/proyecto-taxonomtic-2016\/#breadcrumb","itemListElement":[{"@type":"ListItem","position":1,"name":"Portada","item":"https:\/\/computaex.es\/"},{"@type":"ListItem","position":2,"name":"Proyectos","item":"https:\/\/computaex.es\/proyectos\/"},{"@type":"ListItem","position":3,"name":"TaxonomTIC 2016"}]},{"@type":"WebSite","@id":"https:\/\/computaex.es\/#website","url":"https:\/\/computaex.es\/","name":"COMPUTAEX Foundation","description":"COMPUTAEX","publisher":{"@id":"https:\/\/computaex.es\/#organization"},"potentialAction":[{"@type":"SearchAction","target":{"@type":"EntryPoint","urlTemplate":"https:\/\/computaex.es\/?s={search_term_string}"},"query-input":{"@type":"PropertyValueSpecification","valueRequired":true,"valueName":"search_term_string"}}],"inLanguage":"en-US"},{"@type":"Organization","@id":"https:\/\/computaex.es\/#organization","name":"COMPUTAEX","url":"https:\/\/computaex.es\/","logo":{"@type":"ImageObject","inLanguage":"en-US","@id":"https:\/\/computaex.es\/#\/schema\/logo\/image\/","url":"https:\/\/computaex.es\/wp-content\/uploads\/2025\/05\/cropped-COMPUTAEX_transparente-scaled-1.png","contentUrl":"https:\/\/computaex.es\/wp-content\/uploads\/2025\/05\/cropped-COMPUTAEX_transparente-scaled-1.png","width":2560,"height":970,"caption":"COMPUTAEX"},"image":{"@id":"https:\/\/computaex.es\/#\/schema\/logo\/image\/"},"sameAs":["https:\/\/m.facebook.com\/computaex\/","https:\/\/x.com\/computaex","https:\/\/es.linkedin.com\/company\/cenits"]}]}},"_links":{"self":[{"href":"https:\/\/computaex.es\/en\/wp-json\/wp\/v2\/pages\/2446","targetHints":{"allow":["GET"]}}],"collection":[{"href":"https:\/\/computaex.es\/en\/wp-json\/wp\/v2\/pages"}],"about":[{"href":"https:\/\/computaex.es\/en\/wp-json\/wp\/v2\/types\/page"}],"author":[{"embeddable":true,"href":"https:\/\/computaex.es\/en\/wp-json\/wp\/v2\/users\/1"}],"replies":[{"embeddable":true,"href":"https:\/\/computaex.es\/en\/wp-json\/wp\/v2\/comments?post=2446"}],"version-history":[{"count":5,"href":"https:\/\/computaex.es\/en\/wp-json\/wp\/v2\/pages\/2446\/revisions"}],"predecessor-version":[{"id":8555,"href":"https:\/\/computaex.es\/en\/wp-json\/wp\/v2\/pages\/2446\/revisions\/8555"}],"up":[{"embeddable":true,"href":"https:\/\/computaex.es\/en\/wp-json\/wp\/v2\/pages\/9950"}],"wp:attachment":[{"href":"https:\/\/computaex.es\/en\/wp-json\/wp\/v2\/media?parent=2446"}],"wp:term":[{"taxonomy":"category","embeddable":true,"href":"https:\/\/computaex.es\/en\/wp-json\/wp\/v2\/categories?post=2446"},{"taxonomy":"post_tag","embeddable":true,"href":"https:\/\/computaex.es\/en\/wp-json\/wp\/v2\/tags?post=2446"}],"curies":[{"name":"wp","href":"https:\/\/api.w.org\/{rel}","templated":true}]}}