{"id":2450,"date":"2024-04-11T09:05:42","date_gmt":"2024-04-11T07:05:42","guid":{"rendered":"http:\/\/10.128.3.28\/?page_id=2450"},"modified":"2025-08-29T12:04:04","modified_gmt":"2025-08-29T10:04:04","slug":"proyecto-cenital-2015","status":"publish","type":"page","link":"https:\/\/computaex.es\/en\/proyectos\/proyecto-cenital-2015\/","title":{"rendered":"CENITAL 2015"},"content":{"rendered":"<div class=\"field field-name-field-proy-investigadores field-type-text-long field-label-above\">\n<div class=\"field-label\" style=\"text-align: justify;\"><strong>Researchers:\u00a0<\/strong><\/div>\n<div class=\"field-items\" style=\"text-align: justify;\">\n<div class=\"field-item even\">\n<ul>\n<li>Equipo de C\u00e9nitS-COMPUTAEX.<\/li>\n<\/ul>\n<\/div>\n<\/div>\n<\/div>\n<div class=\"field field-name-field-proy-descripcion field-type-text-long field-label-above\" style=\"text-align: justify;\">\n<div class=\"field-label\"><strong>Description:\u00a0<\/strong><\/div>\n<div class=\"field-items\">\n<div class=\"field-item even\">\n<p>El proyecto CENITAL 2015 fue propuesto como continuaci\u00f3n del proyecto\u00a0<a href=\"http:\/\/www.cenits.es\/proyectos\/cenital-2\">CENITAL-2<\/a>, que dio unos\u00a0notables resultados. As\u00ed, CENITAL 2015\u00a0centr\u00f3 especialmente las actividades de la\u00a0<a href=\"\/en\/descripcion-la-fundacion\/\">COMPUTAEX Foundation<\/a>\u00a0para enfocarse en los aspectos emergentes de las tecnolog\u00edas m\u00e1s avanzadas en materia de c\u00f3mputo y comunicaciones.<\/p>\n<p><strong>Los trabajos se estructuraron en los siguientes subproyectos:<\/strong><\/p>\n<ul>\n<li><a href=\"http:\/\/www.cenits.es\/proyectos\/accesibilidad-web\"><strong>Accesibilidad web<\/strong><\/a>:\u00a0propone la aportaci\u00f3n de soluciones para la reducci\u00f3n de la brecha digital y el aumento de la alfabetizaci\u00f3n tecnol\u00f3gica en la regi\u00f3n, haciendo especial hincapi\u00e9 en la disposici\u00f3n de la tecnolog\u00eda web a las personas con todo tipo de discapacidad, especialmente en zonas rurales, donde la tecnolog\u00eda est\u00e1 a\u00fan m\u00e1s desligada de los ciudadanos. En definitiva, este proyecto se propone como un servicio para analizar y evaluar la accesibilidad de un conjunto de portales web que proveen distintos tipos de servicios a los extreme\u00f1os. Para la selecci\u00f3n de los sitios web que se analizar\u00edan se han tenido en cuenta los tres principales sectores productivos (primario, secundario y terciario), as\u00ed como la relevancia de los mismos para los ciudadanos de la regi\u00f3n extreme\u00f1a.<\/li>\n<li><a href=\"http:\/\/www.cenits.es\/proyectos\/consumar\"><strong>ConSumar<\/strong><\/a>: el consumo energ\u00e9tico es uno de los principales gastos que deben afrontar, tanto los ciudadanos como las empresas. Las nuevas tecnolog\u00edas juegan un papel principal a la hora de establecer sistemas de control y seguimiento con vistas a gestionar el consumo y la sostenibilidad energ\u00e9tica. La adecuada planificaci\u00f3n de los equipos con gran consumo puede suponer un ahorro importante. El proyecto ConSumar busca el desarrollo de herramientas que, basadas en t\u00e9cnicas de Big Data, permita a los consumidores una mejor planificaci\u00f3n del gasto energ\u00e9tico a trav\u00e9s de la predicci\u00f3n de los costes, relacionando el precio de la energ\u00eda con los datos clim\u00e1ticos.<\/li>\n<li><a href=\"http:\/\/www.cenits.es\/proyectos\/taxonomtic-2015\"><strong>TaxonomTIC 2015<\/strong><\/a>: el proyecto TaxonomTIC dio comienzo en el a\u00f1o 2013 y su objetivo principal consist\u00eda en la creaci\u00f3n de un observatorio del Sector TIC en la regi\u00f3n. Este observatorio permitir\u00eda identificar qu\u00e9 son las TIC, los elementos que las componen, describirlos y clasificarlos, para poder estudiar su impacto en Extremadura y generar una fuente de informaci\u00f3n adicional, que permita conocer qu\u00e9 profesionales, empresas u organismos se encuentran relacionados con este sector y cu\u00e1les se apoyan en dichas entidades para ofrecer servicios TIC. El trabajo realizado durante 2015 ha supuesto la consolidaci\u00f3n del proyecto, extendiendo el an\u00e1lisis realizado en la regi\u00f3n y el estudio del Sector TIC nacional y europeo y profundizando en las TIC desde un punto de vista diferente, el punto de vista del usuario.<\/li>\n<\/ul>\n<\/div>\n<\/div>\n<\/div>\n<div class=\"field field-name-taxonomy-vocabulary-4 field-type-taxonomy-term-reference field-label-hidden\"><\/div>","protected":false},"excerpt":{"rendered":"<p>Investigadores:\u00a0 Equipo de C\u00e9nitS-COMPUTAEX. Descripci\u00f3n:\u00a0 El proyecto CENITAL 2015 fue propuesto como continuaci\u00f3n del proyecto\u00a0CENITAL-2, que dio unos\u00a0notables resultados. As\u00ed, CENITAL 2015\u00a0centr\u00f3 especialmente las actividades de la\u00a0Fundaci\u00f3n COMPUTAEX\u00a0para enfocarse en &#8230;<\/p>","protected":false},"author":1,"featured_media":0,"parent":9950,"menu_order":0,"comment_status":"closed","ping_status":"closed","template":"","meta":{"footnotes":""},"categories":[104,81],"tags":[],"class_list":["post-2450","page","type-page","status-publish","hentry","category-ciencias-informaticas-y-de-comunicaciones","category-proyectos"],"yoast_head":"<!-- This site is optimized with the Yoast SEO plugin v27.1.1 - https:\/\/yoast.com\/product\/yoast-seo-wordpress\/ -->\n<title>CENITAL 2015 - Fundaci\u00f3n COMPUTAEX<\/title>\n<meta name=\"robots\" content=\"index, follow, max-snippet:-1, max-image-preview:large, max-video-preview:-1\" \/>\n<link rel=\"canonical\" href=\"https:\/\/computaex.es\/en\/proyectos\/proyecto-cenital-2015\/\" \/>\n<meta property=\"og:locale\" content=\"en_US\" \/>\n<meta property=\"og:type\" content=\"article\" \/>\n<meta property=\"og:title\" content=\"CENITAL 2015 - Fundaci\u00f3n COMPUTAEX\" \/>\n<meta property=\"og:description\" content=\"Investigadores:\u00a0 Equipo de C\u00e9nitS-COMPUTAEX. Descripci\u00f3n:\u00a0 El proyecto CENITAL 2015 fue propuesto como continuaci\u00f3n del proyecto\u00a0CENITAL-2, que dio unos\u00a0notables resultados. As\u00ed, CENITAL 2015\u00a0centr\u00f3 especialmente las actividades de la\u00a0Fundaci\u00f3n COMPUTAEX\u00a0para enfocarse en ...\" \/>\n<meta property=\"og:url\" content=\"https:\/\/computaex.es\/en\/proyectos\/proyecto-cenital-2015\/\" \/>\n<meta property=\"og:site_name\" content=\"Fundaci\u00f3n COMPUTAEX\" \/>\n<meta property=\"article:publisher\" content=\"https:\/\/m.facebook.com\/computaex\/\" \/>\n<meta property=\"article:modified_time\" content=\"2025-08-29T10:04:04+00:00\" \/>\n<meta property=\"og:image\" content=\"https:\/\/computaex.es\/wp-content\/uploads\/2025\/08\/COMPUTAEX.jpg\" \/>\n\t<meta property=\"og:image:width\" content=\"1024\" \/>\n\t<meta property=\"og:image:height\" content=\"403\" \/>\n\t<meta property=\"og:image:type\" content=\"image\/jpeg\" \/>\n<meta name=\"twitter:card\" content=\"summary_large_image\" \/>\n<meta name=\"twitter:site\" content=\"@computaex\" \/>\n<meta name=\"twitter:label1\" content=\"Est. reading time\" \/>\n\t<meta name=\"twitter:data1\" content=\"2 minutes\" \/>\n<script type=\"application\/ld+json\" class=\"yoast-schema-graph\">{\"@context\":\"https:\/\/schema.org\",\"@graph\":[{\"@type\":\"WebPage\",\"@id\":\"https:\/\/computaex.es\/proyectos\/proyecto-cenital-2015\/\",\"url\":\"https:\/\/computaex.es\/proyectos\/proyecto-cenital-2015\/\",\"name\":\"CENITAL 2015 - Fundaci\u00f3n COMPUTAEX\",\"isPartOf\":{\"@id\":\"https:\/\/computaex.es\/#website\"},\"datePublished\":\"2024-04-11T07:05:42+00:00\",\"dateModified\":\"2025-08-29T10:04:04+00:00\",\"breadcrumb\":{\"@id\":\"https:\/\/computaex.es\/proyectos\/proyecto-cenital-2015\/#breadcrumb\"},\"inLanguage\":\"en-US\",\"potentialAction\":[{\"@type\":\"ReadAction\",\"target\":[\"https:\/\/computaex.es\/proyectos\/proyecto-cenital-2015\/\"]}]},{\"@type\":\"BreadcrumbList\",\"@id\":\"https:\/\/computaex.es\/proyectos\/proyecto-cenital-2015\/#breadcrumb\",\"itemListElement\":[{\"@type\":\"ListItem\",\"position\":1,\"name\":\"Portada\",\"item\":\"https:\/\/computaex.es\/\"},{\"@type\":\"ListItem\",\"position\":2,\"name\":\"Proyectos\",\"item\":\"https:\/\/computaex.es\/proyectos\/\"},{\"@type\":\"ListItem\",\"position\":3,\"name\":\"CENITAL 2015\"}]},{\"@type\":\"WebSite\",\"@id\":\"https:\/\/computaex.es\/#website\",\"url\":\"https:\/\/computaex.es\/\",\"name\":\"Fundaci\u00f3n COMPUTAEX\",\"description\":\"COMPUTAEX\",\"publisher\":{\"@id\":\"https:\/\/computaex.es\/#organization\"},\"potentialAction\":[{\"@type\":\"SearchAction\",\"target\":{\"@type\":\"EntryPoint\",\"urlTemplate\":\"https:\/\/computaex.es\/?s={search_term_string}\"},\"query-input\":{\"@type\":\"PropertyValueSpecification\",\"valueRequired\":true,\"valueName\":\"search_term_string\"}}],\"inLanguage\":\"en-US\"},{\"@type\":\"Organization\",\"@id\":\"https:\/\/computaex.es\/#organization\",\"name\":\"COMPUTAEX\",\"url\":\"https:\/\/computaex.es\/\",\"logo\":{\"@type\":\"ImageObject\",\"inLanguage\":\"en-US\",\"@id\":\"https:\/\/computaex.es\/#\/schema\/logo\/image\/\",\"url\":\"https:\/\/computaex.es\/wp-content\/uploads\/2025\/05\/cropped-COMPUTAEX_transparente-scaled-1.png\",\"contentUrl\":\"https:\/\/computaex.es\/wp-content\/uploads\/2025\/05\/cropped-COMPUTAEX_transparente-scaled-1.png\",\"width\":2560,\"height\":970,\"caption\":\"COMPUTAEX\"},\"image\":{\"@id\":\"https:\/\/computaex.es\/#\/schema\/logo\/image\/\"},\"sameAs\":[\"https:\/\/m.facebook.com\/computaex\/\",\"https:\/\/x.com\/computaex\",\"https:\/\/es.linkedin.com\/company\/cenits\"]}]}<\/script>\n<!-- \/ Yoast SEO plugin. -->","yoast_head_json":{"title":"CENITAL 2015 - Fundaci\u00f3n COMPUTAEX","robots":{"index":"index","follow":"follow","max-snippet":"max-snippet:-1","max-image-preview":"max-image-preview:large","max-video-preview":"max-video-preview:-1"},"canonical":"https:\/\/computaex.es\/en\/proyectos\/proyecto-cenital-2015\/","og_locale":"en_US","og_type":"article","og_title":"CENITAL 2015 - Fundaci\u00f3n COMPUTAEX","og_description":"Investigadores:\u00a0 Equipo de C\u00e9nitS-COMPUTAEX. Descripci\u00f3n:\u00a0 El proyecto CENITAL 2015 fue propuesto como continuaci\u00f3n del proyecto\u00a0CENITAL-2, que dio unos\u00a0notables resultados. As\u00ed, CENITAL 2015\u00a0centr\u00f3 especialmente las actividades de la\u00a0Fundaci\u00f3n COMPUTAEX\u00a0para enfocarse en ...","og_url":"https:\/\/computaex.es\/en\/proyectos\/proyecto-cenital-2015\/","og_site_name":"Fundaci\u00f3n COMPUTAEX","article_publisher":"https:\/\/m.facebook.com\/computaex\/","article_modified_time":"2025-08-29T10:04:04+00:00","og_image":[{"width":1024,"height":403,"url":"https:\/\/computaex.es\/wp-content\/uploads\/2025\/08\/COMPUTAEX.jpg","type":"image\/jpeg"}],"twitter_card":"summary_large_image","twitter_site":"@computaex","twitter_misc":{"Est. reading time":"2 minutes"},"schema":{"@context":"https:\/\/schema.org","@graph":[{"@type":"WebPage","@id":"https:\/\/computaex.es\/proyectos\/proyecto-cenital-2015\/","url":"https:\/\/computaex.es\/proyectos\/proyecto-cenital-2015\/","name":"CENITAL 2015 - Fundaci\u00f3n COMPUTAEX","isPartOf":{"@id":"https:\/\/computaex.es\/#website"},"datePublished":"2024-04-11T07:05:42+00:00","dateModified":"2025-08-29T10:04:04+00:00","breadcrumb":{"@id":"https:\/\/computaex.es\/proyectos\/proyecto-cenital-2015\/#breadcrumb"},"inLanguage":"en-US","potentialAction":[{"@type":"ReadAction","target":["https:\/\/computaex.es\/proyectos\/proyecto-cenital-2015\/"]}]},{"@type":"BreadcrumbList","@id":"https:\/\/computaex.es\/proyectos\/proyecto-cenital-2015\/#breadcrumb","itemListElement":[{"@type":"ListItem","position":1,"name":"Portada","item":"https:\/\/computaex.es\/"},{"@type":"ListItem","position":2,"name":"Proyectos","item":"https:\/\/computaex.es\/proyectos\/"},{"@type":"ListItem","position":3,"name":"CENITAL 2015"}]},{"@type":"WebSite","@id":"https:\/\/computaex.es\/#website","url":"https:\/\/computaex.es\/","name":"COMPUTAEX Foundation","description":"COMPUTAEX","publisher":{"@id":"https:\/\/computaex.es\/#organization"},"potentialAction":[{"@type":"SearchAction","target":{"@type":"EntryPoint","urlTemplate":"https:\/\/computaex.es\/?s={search_term_string}"},"query-input":{"@type":"PropertyValueSpecification","valueRequired":true,"valueName":"search_term_string"}}],"inLanguage":"en-US"},{"@type":"Organization","@id":"https:\/\/computaex.es\/#organization","name":"COMPUTAEX","url":"https:\/\/computaex.es\/","logo":{"@type":"ImageObject","inLanguage":"en-US","@id":"https:\/\/computaex.es\/#\/schema\/logo\/image\/","url":"https:\/\/computaex.es\/wp-content\/uploads\/2025\/05\/cropped-COMPUTAEX_transparente-scaled-1.png","contentUrl":"https:\/\/computaex.es\/wp-content\/uploads\/2025\/05\/cropped-COMPUTAEX_transparente-scaled-1.png","width":2560,"height":970,"caption":"COMPUTAEX"},"image":{"@id":"https:\/\/computaex.es\/#\/schema\/logo\/image\/"},"sameAs":["https:\/\/m.facebook.com\/computaex\/","https:\/\/x.com\/computaex","https:\/\/es.linkedin.com\/company\/cenits"]}]}},"_links":{"self":[{"href":"https:\/\/computaex.es\/en\/wp-json\/wp\/v2\/pages\/2450","targetHints":{"allow":["GET"]}}],"collection":[{"href":"https:\/\/computaex.es\/en\/wp-json\/wp\/v2\/pages"}],"about":[{"href":"https:\/\/computaex.es\/en\/wp-json\/wp\/v2\/types\/page"}],"author":[{"embeddable":true,"href":"https:\/\/computaex.es\/en\/wp-json\/wp\/v2\/users\/1"}],"replies":[{"embeddable":true,"href":"https:\/\/computaex.es\/en\/wp-json\/wp\/v2\/comments?post=2450"}],"version-history":[{"count":4,"href":"https:\/\/computaex.es\/en\/wp-json\/wp\/v2\/pages\/2450\/revisions"}],"predecessor-version":[{"id":8307,"href":"https:\/\/computaex.es\/en\/wp-json\/wp\/v2\/pages\/2450\/revisions\/8307"}],"up":[{"embeddable":true,"href":"https:\/\/computaex.es\/en\/wp-json\/wp\/v2\/pages\/9950"}],"wp:attachment":[{"href":"https:\/\/computaex.es\/en\/wp-json\/wp\/v2\/media?parent=2450"}],"wp:term":[{"taxonomy":"category","embeddable":true,"href":"https:\/\/computaex.es\/en\/wp-json\/wp\/v2\/categories?post=2450"},{"taxonomy":"post_tag","embeddable":true,"href":"https:\/\/computaex.es\/en\/wp-json\/wp\/v2\/tags?post=2450"}],"curies":[{"name":"wp","href":"https:\/\/api.w.org\/{rel}","templated":true}]}}