{"id":2458,"date":"2024-04-11T09:06:38","date_gmt":"2024-04-11T07:06:38","guid":{"rendered":"http:\/\/10.128.3.28\/?page_id=2458"},"modified":"2025-08-29T11:56:15","modified_gmt":"2025-08-29T09:56:15","slug":"proyecto-adecuacion-del-cpd-de-lusitania-ii","status":"publish","type":"page","link":"https:\/\/computaex.es\/en\/proyectos\/proyecto-adecuacion-del-cpd-de-lusitania-ii\/","title":{"rendered":"Adecuaci\u00f3n del CPD de LUSITANIA II"},"content":{"rendered":"<div class=\"field field-name-field-proy-investigadores field-type-text-long field-label-above\">\n<div class=\"field-label\" style=\"text-align: justify;\"><strong>Researchers:\u00a0<\/strong><\/div>\n<div class=\"field-items\" style=\"text-align: justify;\">\n<div class=\"field-item even\">\n<ul>\n<li>C\u00e9nitS-COMPUTAEX.<\/li>\n<\/ul>\n<\/div>\n<\/div>\n<\/div>\n<div class=\"field field-name-field-proy-descripcion field-type-text-long field-label-above\" style=\"text-align: justify;\">\n<div class=\"field-label\"><strong>Description:\u00a0<\/strong><\/div>\n<div class=\"field-items\">\n<div class=\"field-item even\">\n<p>Inicialmente el desarrollo y despliegue del nuevo\u00a0supercomputador de Extremadura, LUSITANIA II, arranc\u00f3 tras la aplicaci\u00f3n de los resultados obtenidos en el proyecto Smart Green Data Center (SGDC) para la instalaci\u00f3n del supercomputador en un CPD (Centro de Proceso de Datos) al aire libre. Esto permiti\u00f3 evaluar el comportamiento de la supercomputaci\u00f3n en campos tan dispares como el de la movilidad, la modularidad y la monitorizaci\u00f3n, siendo capaz de poner a disposici\u00f3n de la comunidad investigadora un supercomputador en un CPD logrando la eficacia de sus partes m\u00e1s importantes (c\u00f3mputo, climatizaci\u00f3n y suministro energ\u00e9tico) maximizando la eficiencia y minimizando los impactos que experimentan los edificios que albergan los CPD (consumo energ\u00e9tico, vibraciones, radiaciones, etc.).<\/p>\n<p>Una vez finalizado el periodo del proyecto definido para la toma de datos, tanto del uso del supercomputador al aire libre, como del rendimiento del mismo en un CPD al aire libre, se procedi\u00f3 a la ejecuci\u00f3n de la segunda fase del proyecto en la que se traslad\u00f3 el supercomputador a su nuevo emplazamiento, en una sala t\u00e9cnica en el interior del centro C\u00e9nitS, debiendo, para ello, abordar la correcta adecuaci\u00f3n de un espacio habilitado dentro del mismo para su conversi\u00f3n en un CPD que permitiese el traslado y alojamiento de los equipos que componen el supercomputador LUSITANIA II.<\/p>\n<p>Esta sala, por tanto, fue acondicionada desde el estado actual en el que se encontraba hasta una sala t\u00e9cnica con la adecuaci\u00f3n necesaria para el correcto funcionamiento de los equipos.<\/p>\n<\/div>\n<\/div>\n<\/div>\n<div class=\"field field-name-field-proy-objetivos field-type-text-long field-label-above\" style=\"text-align: justify;\">\n<div class=\"field-label\"><strong>Objectives:\u00a0<\/strong><\/div>\n<div class=\"field-items\">\n<div class=\"field-item even\">\n<p>El alcance de las tareas que se llevaron a cabo comprendi\u00f3 el dise\u00f1o completo de una sala t\u00e9cnica trabajando en cada uno de los siguientes grupos de trabajo:<\/p>\n<ul>\n<li>Adecuaci\u00f3n del suelo de la sala para coger equipamiento t\u00e9cnico.<\/li>\n<li>Sistemas de climatizaci\u00f3n destinados a mantener los niveles de refrigeraci\u00f3n correctos de los sistemas que alberga la sala t\u00e9cnica.<\/li>\n<li>Adecuaci\u00f3n el\u00e9ctrica para alimentar correctamente los equipos TI y los sistemas de climatizaci\u00f3n.<\/li>\n<\/ul>\n<\/div>\n<\/div>\n<\/div>\n<div class=\"field field-name-field-proy-metodologia field-type-text-long field-label-above\" style=\"text-align: justify;\">\n<div class=\"field-label\"><strong>Metodolog\u00eda:\u00a0<\/strong><\/div>\n<div class=\"field-items\">\n<div class=\"field-item even\">\n<p>La sala consist\u00eda en una estancia de 60 metros cuadrados, de forma rectangular, que fue habilitada como sala para albergar equipamiento TI. En dicha sala se dispuso de una zona de falso suelo elevado donde se instal\u00f3 todo el equipamiento inform\u00e1tico.<\/p>\n<p>El sistema de climatizaci\u00f3n para la sala t\u00e9cnica se implement\u00f3 mediante un sistema in-row compuesto por una chiller instalada en el exterior del edificio, de 77kW de capacidad de refrigeraci\u00f3n. El equipo in-row tiene una capacidad de refrigeraci\u00f3n de 17 kW y est\u00e1 destinado al enfriamiento de los equipos TI.<\/p>\n<p>Se realiz\u00f3 la adecuaci\u00f3n completa de la alimentaci\u00f3n el\u00e9ctrica para dotar de 100 kVA de capacidad, requerida por el supercomputador, tanto para su uso en ese momento, como para el crecimiento futuro.<\/p>\n<\/div>\n<\/div>\n<\/div>","protected":false},"excerpt":{"rendered":"<p>Investigadores:\u00a0 C\u00e9nitS-COMPUTAEX. Descripci\u00f3n:\u00a0 Inicialmente el desarrollo y despliegue del nuevo\u00a0supercomputador de Extremadura, LUSITANIA II, arranc\u00f3 tras la aplicaci\u00f3n de los resultados obtenidos en el proyecto Smart Green Data Center (SGDC) &#8230;<\/p>","protected":false},"author":1,"featured_media":0,"parent":9950,"menu_order":0,"comment_status":"closed","ping_status":"closed","template":"","meta":{"footnotes":""},"categories":[104,81],"tags":[],"class_list":["post-2458","page","type-page","status-publish","hentry","category-ciencias-informaticas-y-de-comunicaciones","category-proyectos"],"yoast_head":"<!-- This site is optimized with the Yoast SEO plugin v27.1.1 - https:\/\/yoast.com\/product\/yoast-seo-wordpress\/ -->\n<title>Adecuaci\u00f3n del CPD de LUSITANIA II - Fundaci\u00f3n COMPUTAEX<\/title>\n<meta name=\"robots\" content=\"index, follow, max-snippet:-1, max-image-preview:large, max-video-preview:-1\" \/>\n<link rel=\"canonical\" href=\"https:\/\/computaex.es\/en\/proyectos\/proyecto-adecuacion-del-cpd-de-lusitania-ii\/\" \/>\n<meta property=\"og:locale\" content=\"en_US\" \/>\n<meta property=\"og:type\" content=\"article\" \/>\n<meta property=\"og:title\" content=\"Adecuaci\u00f3n del CPD de LUSITANIA II - Fundaci\u00f3n COMPUTAEX\" \/>\n<meta property=\"og:description\" content=\"Investigadores:\u00a0 C\u00e9nitS-COMPUTAEX. Descripci\u00f3n:\u00a0 Inicialmente el desarrollo y despliegue del nuevo\u00a0supercomputador de Extremadura, LUSITANIA II, arranc\u00f3 tras la aplicaci\u00f3n de los resultados obtenidos en el proyecto Smart Green Data Center (SGDC) ...\" \/>\n<meta property=\"og:url\" content=\"https:\/\/computaex.es\/en\/proyectos\/proyecto-adecuacion-del-cpd-de-lusitania-ii\/\" \/>\n<meta property=\"og:site_name\" content=\"Fundaci\u00f3n COMPUTAEX\" \/>\n<meta property=\"article:publisher\" content=\"https:\/\/m.facebook.com\/computaex\/\" \/>\n<meta property=\"article:modified_time\" content=\"2025-08-29T09:56:15+00:00\" \/>\n<meta property=\"og:image\" content=\"https:\/\/computaex.es\/wp-content\/uploads\/2025\/08\/COMPUTAEX.jpg\" \/>\n\t<meta property=\"og:image:width\" content=\"1024\" \/>\n\t<meta property=\"og:image:height\" content=\"403\" \/>\n\t<meta property=\"og:image:type\" content=\"image\/jpeg\" \/>\n<meta name=\"twitter:card\" content=\"summary_large_image\" \/>\n<meta name=\"twitter:site\" content=\"@computaex\" \/>\n<meta name=\"twitter:label1\" content=\"Est. reading time\" \/>\n\t<meta name=\"twitter:data1\" content=\"3 minutes\" \/>\n<script type=\"application\/ld+json\" class=\"yoast-schema-graph\">{\"@context\":\"https:\/\/schema.org\",\"@graph\":[{\"@type\":\"WebPage\",\"@id\":\"https:\/\/computaex.es\/proyectos\/proyecto-adecuacion-del-cpd-de-lusitania-ii\/\",\"url\":\"https:\/\/computaex.es\/proyectos\/proyecto-adecuacion-del-cpd-de-lusitania-ii\/\",\"name\":\"Adecuaci\u00f3n del CPD de LUSITANIA II - Fundaci\u00f3n COMPUTAEX\",\"isPartOf\":{\"@id\":\"https:\/\/computaex.es\/#website\"},\"datePublished\":\"2024-04-11T07:06:38+00:00\",\"dateModified\":\"2025-08-29T09:56:15+00:00\",\"breadcrumb\":{\"@id\":\"https:\/\/computaex.es\/proyectos\/proyecto-adecuacion-del-cpd-de-lusitania-ii\/#breadcrumb\"},\"inLanguage\":\"en-US\",\"potentialAction\":[{\"@type\":\"ReadAction\",\"target\":[\"https:\/\/computaex.es\/proyectos\/proyecto-adecuacion-del-cpd-de-lusitania-ii\/\"]}]},{\"@type\":\"BreadcrumbList\",\"@id\":\"https:\/\/computaex.es\/proyectos\/proyecto-adecuacion-del-cpd-de-lusitania-ii\/#breadcrumb\",\"itemListElement\":[{\"@type\":\"ListItem\",\"position\":1,\"name\":\"Portada\",\"item\":\"https:\/\/computaex.es\/\"},{\"@type\":\"ListItem\",\"position\":2,\"name\":\"Proyectos\",\"item\":\"https:\/\/computaex.es\/proyectos\/\"},{\"@type\":\"ListItem\",\"position\":3,\"name\":\"Adecuaci\u00f3n del CPD de LUSITANIA II\"}]},{\"@type\":\"WebSite\",\"@id\":\"https:\/\/computaex.es\/#website\",\"url\":\"https:\/\/computaex.es\/\",\"name\":\"Fundaci\u00f3n COMPUTAEX\",\"description\":\"COMPUTAEX\",\"publisher\":{\"@id\":\"https:\/\/computaex.es\/#organization\"},\"potentialAction\":[{\"@type\":\"SearchAction\",\"target\":{\"@type\":\"EntryPoint\",\"urlTemplate\":\"https:\/\/computaex.es\/?s={search_term_string}\"},\"query-input\":{\"@type\":\"PropertyValueSpecification\",\"valueRequired\":true,\"valueName\":\"search_term_string\"}}],\"inLanguage\":\"en-US\"},{\"@type\":\"Organization\",\"@id\":\"https:\/\/computaex.es\/#organization\",\"name\":\"COMPUTAEX\",\"url\":\"https:\/\/computaex.es\/\",\"logo\":{\"@type\":\"ImageObject\",\"inLanguage\":\"en-US\",\"@id\":\"https:\/\/computaex.es\/#\/schema\/logo\/image\/\",\"url\":\"https:\/\/computaex.es\/wp-content\/uploads\/2025\/05\/cropped-COMPUTAEX_transparente-scaled-1.png\",\"contentUrl\":\"https:\/\/computaex.es\/wp-content\/uploads\/2025\/05\/cropped-COMPUTAEX_transparente-scaled-1.png\",\"width\":2560,\"height\":970,\"caption\":\"COMPUTAEX\"},\"image\":{\"@id\":\"https:\/\/computaex.es\/#\/schema\/logo\/image\/\"},\"sameAs\":[\"https:\/\/m.facebook.com\/computaex\/\",\"https:\/\/x.com\/computaex\",\"https:\/\/es.linkedin.com\/company\/cenits\"]}]}<\/script>\n<!-- \/ Yoast SEO plugin. -->","yoast_head_json":{"title":"Adecuaci\u00f3n del CPD de LUSITANIA II - Fundaci\u00f3n COMPUTAEX","robots":{"index":"index","follow":"follow","max-snippet":"max-snippet:-1","max-image-preview":"max-image-preview:large","max-video-preview":"max-video-preview:-1"},"canonical":"https:\/\/computaex.es\/en\/proyectos\/proyecto-adecuacion-del-cpd-de-lusitania-ii\/","og_locale":"en_US","og_type":"article","og_title":"Adecuaci\u00f3n del CPD de LUSITANIA II - Fundaci\u00f3n COMPUTAEX","og_description":"Investigadores:\u00a0 C\u00e9nitS-COMPUTAEX. Descripci\u00f3n:\u00a0 Inicialmente el desarrollo y despliegue del nuevo\u00a0supercomputador de Extremadura, LUSITANIA II, arranc\u00f3 tras la aplicaci\u00f3n de los resultados obtenidos en el proyecto Smart Green Data Center (SGDC) ...","og_url":"https:\/\/computaex.es\/en\/proyectos\/proyecto-adecuacion-del-cpd-de-lusitania-ii\/","og_site_name":"Fundaci\u00f3n COMPUTAEX","article_publisher":"https:\/\/m.facebook.com\/computaex\/","article_modified_time":"2025-08-29T09:56:15+00:00","og_image":[{"width":1024,"height":403,"url":"https:\/\/computaex.es\/wp-content\/uploads\/2025\/08\/COMPUTAEX.jpg","type":"image\/jpeg"}],"twitter_card":"summary_large_image","twitter_site":"@computaex","twitter_misc":{"Est. reading time":"3 minutes"},"schema":{"@context":"https:\/\/schema.org","@graph":[{"@type":"WebPage","@id":"https:\/\/computaex.es\/proyectos\/proyecto-adecuacion-del-cpd-de-lusitania-ii\/","url":"https:\/\/computaex.es\/proyectos\/proyecto-adecuacion-del-cpd-de-lusitania-ii\/","name":"Adecuaci\u00f3n del CPD de LUSITANIA II - Fundaci\u00f3n COMPUTAEX","isPartOf":{"@id":"https:\/\/computaex.es\/#website"},"datePublished":"2024-04-11T07:06:38+00:00","dateModified":"2025-08-29T09:56:15+00:00","breadcrumb":{"@id":"https:\/\/computaex.es\/proyectos\/proyecto-adecuacion-del-cpd-de-lusitania-ii\/#breadcrumb"},"inLanguage":"en-US","potentialAction":[{"@type":"ReadAction","target":["https:\/\/computaex.es\/proyectos\/proyecto-adecuacion-del-cpd-de-lusitania-ii\/"]}]},{"@type":"BreadcrumbList","@id":"https:\/\/computaex.es\/proyectos\/proyecto-adecuacion-del-cpd-de-lusitania-ii\/#breadcrumb","itemListElement":[{"@type":"ListItem","position":1,"name":"Portada","item":"https:\/\/computaex.es\/"},{"@type":"ListItem","position":2,"name":"Proyectos","item":"https:\/\/computaex.es\/proyectos\/"},{"@type":"ListItem","position":3,"name":"Adecuaci\u00f3n del CPD de LUSITANIA II"}]},{"@type":"WebSite","@id":"https:\/\/computaex.es\/#website","url":"https:\/\/computaex.es\/","name":"COMPUTAEX Foundation","description":"COMPUTAEX","publisher":{"@id":"https:\/\/computaex.es\/#organization"},"potentialAction":[{"@type":"SearchAction","target":{"@type":"EntryPoint","urlTemplate":"https:\/\/computaex.es\/?s={search_term_string}"},"query-input":{"@type":"PropertyValueSpecification","valueRequired":true,"valueName":"search_term_string"}}],"inLanguage":"en-US"},{"@type":"Organization","@id":"https:\/\/computaex.es\/#organization","name":"COMPUTAEX","url":"https:\/\/computaex.es\/","logo":{"@type":"ImageObject","inLanguage":"en-US","@id":"https:\/\/computaex.es\/#\/schema\/logo\/image\/","url":"https:\/\/computaex.es\/wp-content\/uploads\/2025\/05\/cropped-COMPUTAEX_transparente-scaled-1.png","contentUrl":"https:\/\/computaex.es\/wp-content\/uploads\/2025\/05\/cropped-COMPUTAEX_transparente-scaled-1.png","width":2560,"height":970,"caption":"COMPUTAEX"},"image":{"@id":"https:\/\/computaex.es\/#\/schema\/logo\/image\/"},"sameAs":["https:\/\/m.facebook.com\/computaex\/","https:\/\/x.com\/computaex","https:\/\/es.linkedin.com\/company\/cenits"]}]}},"_links":{"self":[{"href":"https:\/\/computaex.es\/en\/wp-json\/wp\/v2\/pages\/2458","targetHints":{"allow":["GET"]}}],"collection":[{"href":"https:\/\/computaex.es\/en\/wp-json\/wp\/v2\/pages"}],"about":[{"href":"https:\/\/computaex.es\/en\/wp-json\/wp\/v2\/types\/page"}],"author":[{"embeddable":true,"href":"https:\/\/computaex.es\/en\/wp-json\/wp\/v2\/users\/1"}],"replies":[{"embeddable":true,"href":"https:\/\/computaex.es\/en\/wp-json\/wp\/v2\/comments?post=2458"}],"version-history":[{"count":4,"href":"https:\/\/computaex.es\/en\/wp-json\/wp\/v2\/pages\/2458\/revisions"}],"predecessor-version":[{"id":8273,"href":"https:\/\/computaex.es\/en\/wp-json\/wp\/v2\/pages\/2458\/revisions\/8273"}],"up":[{"embeddable":true,"href":"https:\/\/computaex.es\/en\/wp-json\/wp\/v2\/pages\/9950"}],"wp:attachment":[{"href":"https:\/\/computaex.es\/en\/wp-json\/wp\/v2\/media?parent=2458"}],"wp:term":[{"taxonomy":"category","embeddable":true,"href":"https:\/\/computaex.es\/en\/wp-json\/wp\/v2\/categories?post=2458"},{"taxonomy":"post_tag","embeddable":true,"href":"https:\/\/computaex.es\/en\/wp-json\/wp\/v2\/tags?post=2458"}],"curies":[{"name":"wp","href":"https:\/\/api.w.org\/{rel}","templated":true}]}}