{"id":2462,"date":"2024-04-11T09:07:13","date_gmt":"2024-04-11T07:07:13","guid":{"rendered":"http:\/\/10.128.3.28\/?page_id=2462"},"modified":"2025-08-29T11:56:14","modified_gmt":"2025-08-29T09:56:14","slug":"proyecto-activacion-molecular-mediante-complejos-organometalicos-con-enlaces-multiples-heterometalicos","status":"publish","type":"page","link":"https:\/\/computaex.es\/en\/proyectos\/proyecto-activacion-molecular-mediante-complejos-organometalicos-con-enlaces-multiples-heterometalicos\/","title":{"rendered":"Activaci\u00f3n molecular mediante complejos organomet\u00e1licos con enlaces m\u00faltiples heteromet\u00e1licos"},"content":{"rendered":"<div class=\"field field-name-field-proy-investigadores field-type-text-long field-label-above\">\n<div class=\"field-label\" style=\"text-align: justify;\"><strong>Researchers:\u00a0<\/strong><\/div>\n<div class=\"field-items\" style=\"text-align: justify;\">\n<div class=\"field-item even\">\n<p>Miguel Angel Ruiz Alvarez (IP), Daniel Garc\u00eda-Viv\u00f3, M\u00aa Esther Garc\u00eda D\u00edaz, M\u00aa Angeles Alvarez Fidalgo.\u00a0Area de Qu\u00edmica Inorg\u00e1nica,\u00a0Universidad de Oviedo.<\/p>\n<\/div>\n<\/div>\n<\/div>\n<div class=\"field field-name-field-proy-descripcion field-type-text-long field-label-above\" style=\"text-align: justify;\">\n<div class=\"field-label\"><strong>Description:\u00a0<\/strong><\/div>\n<div class=\"field-items\">\n<div class=\"field-item even\">\n<p>El objetivo general de la presente investigaci\u00f3n es sintetizar nuevos complejos con enlaces m\u00faltiples heteromet\u00e1licos y estudiar su reactividad en un sentido amplio, poniendo especial atenci\u00f3n en los procesos generales de activaci\u00f3n de mol\u00e9culas sencillas y su posible utilidad en campos m\u00e1s aplicados como la cat\u00e1lisis. Se parte de la hip\u00f3tesis, contrastada en distintos estudios experimentales previos, de que los compuestos con enlaces m\u00faltiples heteromet\u00e1licos pueden mostrar una reactividad superior a la de sus hom\u00f3logos homomet\u00e1licos, debido a la polaridad intr\u00ednseca del enlace heteronuclear. En particular, y aprovechando la gran experiencia del grupo investigador en el \u00e1rea de los compuestos carbon\u00edlicos homobinucleares de los elementos de transici\u00f3n, se abordar\u00e1 la s\u00edntesis de nuevos compuestos carbon\u00edlicos y ciclopentadien\u00edlicos con enlaces m\u00faltiples entre \u00e1tomos met\u00e1licos diferentes, principalmente de los grupos 6 a 8, estabilizados mediante ligandos puente de tipo fosfuro (PR2) o fosfinideno (PR), que adicionalmente pueden contener, o no, ligandos hidruro puente. En una fase posterior se estudiar\u00e1 la reactividad general de estos complejos frente a mol\u00e9culas org\u00e1nicas e inorg\u00e1nicas sencillas, y frente a otros complejos met\u00e1licos, y tambi\u00e9n se analizar\u00e1 su actividad en relaci\u00f3n con algunos procesos de inter\u00e9s m\u00e1s aplicado, tales como procesos de hidrogenaci\u00f3n, activaci\u00f3n de \u00f3xidos de nitr\u00f3geno y del f\u00f3sforo elemental.<\/p>\n<\/div>\n<\/div>\n<\/div>\n<div class=\"field field-name-field-proy-metodologia field-type-text-long field-label-above\" style=\"text-align: justify;\">\n<div class=\"field-label\"><strong>Metodolog\u00eda:\u00a0<\/strong><\/div>\n<div class=\"field-items\">\n<div class=\"field-item even\">\n<p>El proyecto posee una componente mayoritaria de s\u00edntesis inorg\u00e1nica y estudios de reactividad qu\u00edmica. En el transcurso de estos estudios, sin embargo, se plantean con frecuencia problemas que no pueden resolverse exclusivamente mediante t\u00e9cnicas espectrosc\u00f3picas convencionales, y cuya soluci\u00f3n precisa acudir a c\u00e1lculos mecanocu\u00e1nticos, tipicamente de tipo DFT, que ser\u00e1n realizados empleando el programa GAUSSIAN para obtener informaci\u00f3n relativa a distintos extremos:<\/p>\n<ul>\n<li>Determinaci\u00f3n de la estructura electr\u00f3nica m\u00e1s probable de compuestos qu\u00edmicos de baja estabilidad, o de estructura no determinable mediante t\u00e9cnicas espectrosc\u00f3picas y difractom\u00e9tricas.<\/li>\n<li>Determinaci\u00f3n de energ\u00edas relativas de is\u00f3meros geom\u00e9tricos.<\/li>\n<li>An\u00e1lisis de la estructura electr\u00f3nica y enlace de compuestos de especial relevancia por su inusual estructura geom\u00e9trica o reactividad.<\/li>\n<li>Estudio de perfiles energ\u00e9ticos de reacci\u00f3n en transformaciones de especial inter\u00e9s, con identificaci\u00f3n de especies intermedias y los correspondientes estados de transici\u00f3n.<\/li>\n<\/ul>\n<\/div>\n<\/div>\n<\/div>\n<div class=\"field field-name-taxonomy-vocabulary-4 field-type-taxonomy-term-reference field-label-hidden\"><\/div>","protected":false},"excerpt":{"rendered":"<p>Investigadores:\u00a0 Miguel Angel Ruiz Alvarez (IP), Daniel Garc\u00eda-Viv\u00f3, M\u00aa Esther Garc\u00eda D\u00edaz, M\u00aa Angeles Alvarez Fidalgo.\u00a0Area de Qu\u00edmica Inorg\u00e1nica,\u00a0Universidad de Oviedo. Descripci\u00f3n:\u00a0 El objetivo general de la presente investigaci\u00f3n es &#8230;<\/p>","protected":false},"author":1,"featured_media":0,"parent":9950,"menu_order":0,"comment_status":"closed","ping_status":"closed","template":"","meta":{"footnotes":""},"categories":[103,81],"tags":[],"class_list":["post-2462","page","type-page","status-publish","hentry","category-ciencias-de-la-vida","category-proyectos"],"yoast_head":"<!-- This site is optimized with the Yoast SEO plugin v27.1.1 - https:\/\/yoast.com\/product\/yoast-seo-wordpress\/ -->\n<title>Activaci\u00f3n molecular mediante complejos organomet\u00e1licos con enlaces m\u00faltiples heteromet\u00e1licos - Fundaci\u00f3n COMPUTAEX<\/title>\n<meta name=\"robots\" content=\"index, follow, max-snippet:-1, max-image-preview:large, max-video-preview:-1\" \/>\n<link rel=\"canonical\" href=\"https:\/\/computaex.es\/en\/proyectos\/proyecto-activacion-molecular-mediante-complejos-organometalicos-con-enlaces-multiples-heterometalicos\/\" \/>\n<meta property=\"og:locale\" content=\"en_US\" \/>\n<meta property=\"og:type\" content=\"article\" \/>\n<meta property=\"og:title\" content=\"Activaci\u00f3n molecular mediante complejos organomet\u00e1licos con enlaces m\u00faltiples heteromet\u00e1licos - Fundaci\u00f3n COMPUTAEX\" \/>\n<meta property=\"og:description\" content=\"Investigadores:\u00a0 Miguel Angel Ruiz Alvarez (IP), Daniel Garc\u00eda-Viv\u00f3, M\u00aa Esther Garc\u00eda D\u00edaz, M\u00aa Angeles Alvarez Fidalgo.\u00a0Area de Qu\u00edmica Inorg\u00e1nica,\u00a0Universidad de Oviedo. Descripci\u00f3n:\u00a0 El objetivo general de la presente investigaci\u00f3n es ...\" \/>\n<meta property=\"og:url\" content=\"https:\/\/computaex.es\/en\/proyectos\/proyecto-activacion-molecular-mediante-complejos-organometalicos-con-enlaces-multiples-heterometalicos\/\" \/>\n<meta property=\"og:site_name\" content=\"Fundaci\u00f3n COMPUTAEX\" \/>\n<meta property=\"article:publisher\" content=\"https:\/\/m.facebook.com\/computaex\/\" \/>\n<meta property=\"article:modified_time\" content=\"2025-08-29T09:56:14+00:00\" \/>\n<meta property=\"og:image\" content=\"https:\/\/computaex.es\/wp-content\/uploads\/2025\/08\/COMPUTAEX.jpg\" \/>\n\t<meta property=\"og:image:width\" content=\"1024\" \/>\n\t<meta property=\"og:image:height\" content=\"403\" \/>\n\t<meta property=\"og:image:type\" content=\"image\/jpeg\" \/>\n<meta name=\"twitter:card\" content=\"summary_large_image\" \/>\n<meta name=\"twitter:site\" content=\"@computaex\" \/>\n<meta name=\"twitter:label1\" content=\"Est. reading time\" \/>\n\t<meta name=\"twitter:data1\" content=\"2 minutes\" \/>\n<script type=\"application\/ld+json\" class=\"yoast-schema-graph\">{\"@context\":\"https:\/\/schema.org\",\"@graph\":[{\"@type\":\"WebPage\",\"@id\":\"https:\/\/computaex.es\/proyectos\/proyecto-activacion-molecular-mediante-complejos-organometalicos-con-enlaces-multiples-heterometalicos\/\",\"url\":\"https:\/\/computaex.es\/proyectos\/proyecto-activacion-molecular-mediante-complejos-organometalicos-con-enlaces-multiples-heterometalicos\/\",\"name\":\"Activaci\u00f3n molecular mediante complejos organomet\u00e1licos con enlaces m\u00faltiples heteromet\u00e1licos - Fundaci\u00f3n COMPUTAEX\",\"isPartOf\":{\"@id\":\"https:\/\/computaex.es\/#website\"},\"datePublished\":\"2024-04-11T07:07:13+00:00\",\"dateModified\":\"2025-08-29T09:56:14+00:00\",\"breadcrumb\":{\"@id\":\"https:\/\/computaex.es\/proyectos\/proyecto-activacion-molecular-mediante-complejos-organometalicos-con-enlaces-multiples-heterometalicos\/#breadcrumb\"},\"inLanguage\":\"en-US\",\"potentialAction\":[{\"@type\":\"ReadAction\",\"target\":[\"https:\/\/computaex.es\/proyectos\/proyecto-activacion-molecular-mediante-complejos-organometalicos-con-enlaces-multiples-heterometalicos\/\"]}]},{\"@type\":\"BreadcrumbList\",\"@id\":\"https:\/\/computaex.es\/proyectos\/proyecto-activacion-molecular-mediante-complejos-organometalicos-con-enlaces-multiples-heterometalicos\/#breadcrumb\",\"itemListElement\":[{\"@type\":\"ListItem\",\"position\":1,\"name\":\"Portada\",\"item\":\"https:\/\/computaex.es\/\"},{\"@type\":\"ListItem\",\"position\":2,\"name\":\"Proyectos\",\"item\":\"https:\/\/computaex.es\/proyectos\/\"},{\"@type\":\"ListItem\",\"position\":3,\"name\":\"Activaci\u00f3n molecular mediante complejos organomet\u00e1licos con enlaces m\u00faltiples heteromet\u00e1licos\"}]},{\"@type\":\"WebSite\",\"@id\":\"https:\/\/computaex.es\/#website\",\"url\":\"https:\/\/computaex.es\/\",\"name\":\"Fundaci\u00f3n COMPUTAEX\",\"description\":\"COMPUTAEX\",\"publisher\":{\"@id\":\"https:\/\/computaex.es\/#organization\"},\"potentialAction\":[{\"@type\":\"SearchAction\",\"target\":{\"@type\":\"EntryPoint\",\"urlTemplate\":\"https:\/\/computaex.es\/?s={search_term_string}\"},\"query-input\":{\"@type\":\"PropertyValueSpecification\",\"valueRequired\":true,\"valueName\":\"search_term_string\"}}],\"inLanguage\":\"en-US\"},{\"@type\":\"Organization\",\"@id\":\"https:\/\/computaex.es\/#organization\",\"name\":\"COMPUTAEX\",\"url\":\"https:\/\/computaex.es\/\",\"logo\":{\"@type\":\"ImageObject\",\"inLanguage\":\"en-US\",\"@id\":\"https:\/\/computaex.es\/#\/schema\/logo\/image\/\",\"url\":\"https:\/\/computaex.es\/wp-content\/uploads\/2025\/05\/cropped-COMPUTAEX_transparente-scaled-1.png\",\"contentUrl\":\"https:\/\/computaex.es\/wp-content\/uploads\/2025\/05\/cropped-COMPUTAEX_transparente-scaled-1.png\",\"width\":2560,\"height\":970,\"caption\":\"COMPUTAEX\"},\"image\":{\"@id\":\"https:\/\/computaex.es\/#\/schema\/logo\/image\/\"},\"sameAs\":[\"https:\/\/m.facebook.com\/computaex\/\",\"https:\/\/x.com\/computaex\",\"https:\/\/es.linkedin.com\/company\/cenits\"]}]}<\/script>\n<!-- \/ Yoast SEO plugin. -->","yoast_head_json":{"title":"Activaci\u00f3n molecular mediante complejos organomet\u00e1licos con enlaces m\u00faltiples heteromet\u00e1licos - Fundaci\u00f3n COMPUTAEX","robots":{"index":"index","follow":"follow","max-snippet":"max-snippet:-1","max-image-preview":"max-image-preview:large","max-video-preview":"max-video-preview:-1"},"canonical":"https:\/\/computaex.es\/en\/proyectos\/proyecto-activacion-molecular-mediante-complejos-organometalicos-con-enlaces-multiples-heterometalicos\/","og_locale":"en_US","og_type":"article","og_title":"Activaci\u00f3n molecular mediante complejos organomet\u00e1licos con enlaces m\u00faltiples heteromet\u00e1licos - Fundaci\u00f3n COMPUTAEX","og_description":"Investigadores:\u00a0 Miguel Angel Ruiz Alvarez (IP), Daniel Garc\u00eda-Viv\u00f3, M\u00aa Esther Garc\u00eda D\u00edaz, M\u00aa Angeles Alvarez Fidalgo.\u00a0Area de Qu\u00edmica Inorg\u00e1nica,\u00a0Universidad de Oviedo. Descripci\u00f3n:\u00a0 El objetivo general de la presente investigaci\u00f3n es ...","og_url":"https:\/\/computaex.es\/en\/proyectos\/proyecto-activacion-molecular-mediante-complejos-organometalicos-con-enlaces-multiples-heterometalicos\/","og_site_name":"Fundaci\u00f3n COMPUTAEX","article_publisher":"https:\/\/m.facebook.com\/computaex\/","article_modified_time":"2025-08-29T09:56:14+00:00","og_image":[{"width":1024,"height":403,"url":"https:\/\/computaex.es\/wp-content\/uploads\/2025\/08\/COMPUTAEX.jpg","type":"image\/jpeg"}],"twitter_card":"summary_large_image","twitter_site":"@computaex","twitter_misc":{"Est. reading time":"2 minutes"},"schema":{"@context":"https:\/\/schema.org","@graph":[{"@type":"WebPage","@id":"https:\/\/computaex.es\/proyectos\/proyecto-activacion-molecular-mediante-complejos-organometalicos-con-enlaces-multiples-heterometalicos\/","url":"https:\/\/computaex.es\/proyectos\/proyecto-activacion-molecular-mediante-complejos-organometalicos-con-enlaces-multiples-heterometalicos\/","name":"Activaci\u00f3n molecular mediante complejos organomet\u00e1licos con enlaces m\u00faltiples heteromet\u00e1licos - Fundaci\u00f3n COMPUTAEX","isPartOf":{"@id":"https:\/\/computaex.es\/#website"},"datePublished":"2024-04-11T07:07:13+00:00","dateModified":"2025-08-29T09:56:14+00:00","breadcrumb":{"@id":"https:\/\/computaex.es\/proyectos\/proyecto-activacion-molecular-mediante-complejos-organometalicos-con-enlaces-multiples-heterometalicos\/#breadcrumb"},"inLanguage":"en-US","potentialAction":[{"@type":"ReadAction","target":["https:\/\/computaex.es\/proyectos\/proyecto-activacion-molecular-mediante-complejos-organometalicos-con-enlaces-multiples-heterometalicos\/"]}]},{"@type":"BreadcrumbList","@id":"https:\/\/computaex.es\/proyectos\/proyecto-activacion-molecular-mediante-complejos-organometalicos-con-enlaces-multiples-heterometalicos\/#breadcrumb","itemListElement":[{"@type":"ListItem","position":1,"name":"Portada","item":"https:\/\/computaex.es\/"},{"@type":"ListItem","position":2,"name":"Proyectos","item":"https:\/\/computaex.es\/proyectos\/"},{"@type":"ListItem","position":3,"name":"Activaci\u00f3n molecular mediante complejos organomet\u00e1licos con enlaces m\u00faltiples heteromet\u00e1licos"}]},{"@type":"WebSite","@id":"https:\/\/computaex.es\/#website","url":"https:\/\/computaex.es\/","name":"COMPUTAEX Foundation","description":"COMPUTAEX","publisher":{"@id":"https:\/\/computaex.es\/#organization"},"potentialAction":[{"@type":"SearchAction","target":{"@type":"EntryPoint","urlTemplate":"https:\/\/computaex.es\/?s={search_term_string}"},"query-input":{"@type":"PropertyValueSpecification","valueRequired":true,"valueName":"search_term_string"}}],"inLanguage":"en-US"},{"@type":"Organization","@id":"https:\/\/computaex.es\/#organization","name":"COMPUTAEX","url":"https:\/\/computaex.es\/","logo":{"@type":"ImageObject","inLanguage":"en-US","@id":"https:\/\/computaex.es\/#\/schema\/logo\/image\/","url":"https:\/\/computaex.es\/wp-content\/uploads\/2025\/05\/cropped-COMPUTAEX_transparente-scaled-1.png","contentUrl":"https:\/\/computaex.es\/wp-content\/uploads\/2025\/05\/cropped-COMPUTAEX_transparente-scaled-1.png","width":2560,"height":970,"caption":"COMPUTAEX"},"image":{"@id":"https:\/\/computaex.es\/#\/schema\/logo\/image\/"},"sameAs":["https:\/\/m.facebook.com\/computaex\/","https:\/\/x.com\/computaex","https:\/\/es.linkedin.com\/company\/cenits"]}]}},"_links":{"self":[{"href":"https:\/\/computaex.es\/en\/wp-json\/wp\/v2\/pages\/2462","targetHints":{"allow":["GET"]}}],"collection":[{"href":"https:\/\/computaex.es\/en\/wp-json\/wp\/v2\/pages"}],"about":[{"href":"https:\/\/computaex.es\/en\/wp-json\/wp\/v2\/types\/page"}],"author":[{"embeddable":true,"href":"https:\/\/computaex.es\/en\/wp-json\/wp\/v2\/users\/1"}],"replies":[{"embeddable":true,"href":"https:\/\/computaex.es\/en\/wp-json\/wp\/v2\/comments?post=2462"}],"version-history":[{"count":5,"href":"https:\/\/computaex.es\/en\/wp-json\/wp\/v2\/pages\/2462\/revisions"}],"predecessor-version":[{"id":8270,"href":"https:\/\/computaex.es\/en\/wp-json\/wp\/v2\/pages\/2462\/revisions\/8270"}],"up":[{"embeddable":true,"href":"https:\/\/computaex.es\/en\/wp-json\/wp\/v2\/pages\/9950"}],"wp:attachment":[{"href":"https:\/\/computaex.es\/en\/wp-json\/wp\/v2\/media?parent=2462"}],"wp:term":[{"taxonomy":"category","embeddable":true,"href":"https:\/\/computaex.es\/en\/wp-json\/wp\/v2\/categories?post=2462"},{"taxonomy":"post_tag","embeddable":true,"href":"https:\/\/computaex.es\/en\/wp-json\/wp\/v2\/tags?post=2462"}],"curies":[{"name":"wp","href":"https:\/\/api.w.org\/{rel}","templated":true}]}}