{"id":2481,"date":"2024-04-11T09:11:48","date_gmt":"2024-04-11T07:11:48","guid":{"rendered":"http:\/\/10.128.3.28\/?page_id=2481"},"modified":"2025-08-29T12:02:44","modified_gmt":"2025-08-29T10:02:44","slug":"bobimex-s-l","status":"publish","type":"page","link":"https:\/\/computaex.es\/en\/proyectos\/bobimex-s-l\/","title":{"rendered":"Bobimex S.L."},"content":{"rendered":"<div class=\"field field-name-field-proy-investigadores field-type-text-long field-label-above\">\n<div class=\"field-label\"><strong>Researchers:\u00a0<\/strong><\/div>\n<div class=\"field-items\">\n<div class=\"field-item even\">\n<p><a href=\"http:\/\/www.cenits.es\/descripcion-la-fundacion\">COMPUTAEX Foundation<\/a><\/p>\n<\/div>\n<\/div>\n<\/div>\n<div class=\"field field-name-field-proy-logo field-type-image field-label-hidden\">\n<div class=\"field-items\">\n<div class=\"field-item even\"><a class=\"colorbox init-colorbox-processed cboxElement\" title=\"Bobimex S.L.\" href=\"https:\/\/www.cenits.es\/wp-content\/uploads\/2025\/01\/bobimex_logo.jpg\" data-colorbox-gallery=\"\" data-cbox-img-attrs=\"{&quot;title&quot;: &quot;&quot;, &quot;alt&quot;: &quot;&quot;}\"><img decoding=\"async\" title=\"\" src=\"https:\/\/www.cenits.es\/sites\/cenits.es\/files\/styles\/proyecto\/public\/proyectos\/bobimex_logo.jpg?itok=74x9nMZC\" alt=\"\" width=\"185\" height=\"47\" \/><\/a><\/div>\n<\/div>\n<\/div>\n<div class=\"field field-name-field-proy-descripcion field-type-text-long field-label-above\">\n<div class=\"field-label\" style=\"text-align: justify;\"><strong>Description:\u00a0<\/strong><\/div>\n<div class=\"field-items\" style=\"text-align: justify;\">\n<div class=\"field-item even\">\n<p><a href=\"http:\/\/www.bobimex.com\/\">BOBIMEX<\/a>\u00a0es una empresa que se dedica a distribuci\u00f3n, instalaciones y reparaciones centr\u00e1ndose en: la venta y suministro de material industrial; instalaciones de aire comprimido certificadas; y reparaci\u00f3n y mantenimiento de m\u00e1quinas el\u00e9ctricas.<\/p>\n<p>En este vale se ha realizado el desarrollo de un sistema de innovaci\u00f3n que mejorase la productividad y la competitividad de las actividades de la empresa, mediante un estudio sobre la implantaci\u00f3n de una herramienta para gestionar toda la organizaci\u00f3n y de un sistema inform\u00e1tico de apoyo a la gesti\u00f3n de las relaciones con los clientes, la venta y el marketing.<\/p>\n<\/div>\n<\/div>\n<\/div>\n<div class=\"field field-name-field-proy-objetivos field-type-text-long field-label-above\" style=\"text-align: justify;\">\n<div class=\"field-label\"><strong>Objectives:\u00a0<\/strong><\/div>\n<div class=\"field-items\">\n<div class=\"field-item even\">\n<ul>\n<li>Necesidad de una mejor presencia en la red. La actual se consideraba insuficiente.<\/li>\n<li>La web corporativa realizaba su cometido pero no cumpl\u00eda los est\u00e1ndares de usabilidad y accesibilidad: era preciso un an\u00e1lisis\u00a0<strong>SEO<\/strong>\u00a0(Search Engine Optimization) completo de la web con el objetivo de identificar sus debilidades.<\/li>\n<li>No exist\u00eda una estrategia social-media definida: hab\u00eda que desarrollar una estrategia social-media.<\/li>\n<li>No se utilizaba ninguna herramienta de an\u00e1lisis de la actividad web, de manera que no se utilizaban palabras claves adecuadas y se desconoc\u00edan aquellos servicios que m\u00e1s inter\u00e9s despertaban en los visitantes de la p\u00e1gina: se necesitaba una herramienta de an\u00e1lisis de perfiles de navegaci\u00f3n.<\/li>\n<li>La p\u00e1gina web no ofrec\u00eda capacidades de edici\u00f3n y gesti\u00f3n de contenidos adecuados, y tampoco fue dise\u00f1ada pensando en dispositivos m\u00f3viles: era necesario migrar la web a una plataforma adaptable a dispositivos m\u00f3viles.<\/li>\n<\/ul>\n<\/div>\n<\/div>\n<\/div>\n<div class=\"field field-name-field-proy-objetivos-alcanzados field-type-text-long field-label-above\" style=\"text-align: justify;\">\n<div class=\"field-label\"><strong>Objetivos alcanzados:\u00a0<\/strong><\/div>\n<div class=\"field-items\">\n<div class=\"field-item even\">\n<ul>\n<li>Se defini\u00f3 la estrategia de remodelaci\u00f3n de la estructura web para comenzar a utilizar el gestor de contenidos\u00a0<a href=\"https:\/\/\/en\/es.wordpress.com\/\">WordPress<\/a>\u00a0con adaptaci\u00f3n responsable a dispositivos m\u00f3viles. De esta forma\u00a0<a href=\"http:\/\/www.bobimex.com\/\">BOBIMEX<\/a>\u00a0podr\u00e1 interactuar con la plataforma de una manera sencilla, a\u00f1adiendo productos en promoci\u00f3n, modificando el aspecto o tema en funci\u00f3n de la campa\u00f1a, introducci\u00f3n de novedades en su cat\u00e1logo on-line, etc.<\/li>\n<li>Se ha instalado la herramienta\u00a0<a href=\"https:\/\/www.google.es\/intl\/es\/analytics\/\">Google Analytics<\/a>\u00a0para permitir a\u00a0<a href=\"http:\/\/www.bobimex.com\/\">BOBIMEX<\/a>\u00a0analizar aspectos relativos a los perfiles de navegaci\u00f3n.<\/li>\n<li>Se ha incluido conectividad social-media para permitir el desarrollo de una estrategia social media adecuada.Se elabor\u00f3 un plan de trabajo en el que la formaci\u00f3n del empresario le permitiera continuar con la gesti\u00f3n del\u00a0<strong>CMS<\/strong>\u00a0(Content Management System) una vez concluido el desarrollo del vale tecnol\u00f3gico.<\/li>\n<li>Se estableci\u00f3 tambi\u00e9n un plan de migraci\u00f3n, que han llevado a cabo los t\u00e9cnicos de\u00a0<a href=\"http:\/\/www.cenits.es\/descripcion-la-fundacion\">COMPUTAEX<\/a>. Se examin\u00f3 el plan de hosting actual de\u00a0<a href=\"http:\/\/www.bobimex.com\/\">BOBIMEX<\/a>\u00a0y se corrobor\u00f3 que era suficiente para el alojamiento de un sistema de base de datos junto con un\u00a0<strong>CMS<\/strong>.<\/li>\n<li>Se han proporcionado al cliente todas las credenciales para la gesti\u00f3n del\u00a0<strong>CMS<\/strong>, de esta forma ser\u00e1 la empresa la que pueda realizar las modificaciones en los contenidos una vez analizado el proyecto.<\/li>\n<\/ul>\n<\/div>\n<\/div>\n<\/div>\n<div class=\"field field-name-field-proy-financiacion field-type-text-long field-label-above\">\n<div class=\"field-label\" style=\"text-align: justify;\"><strong>Sources of funding:\u00a0<\/strong><\/div>\n<div class=\"field-items\">\n<div class=\"field-item even\">\n<p style=\"text-align: justify;\"><a href=\"http:\/\/www.extremaduraavante.es\/index.php\/innovacion\/plan-de-innovacion-para-la-pyme\/programa-dime-innovacion-2\/91-plan-de-innovacion-para-la-pyme\">Plan de Innovaci\u00f3n para la PYME<\/a> de la Consejer\u00eda de Empleo, Empresa e Innovaci\u00f3n del Gobierno de Extremadura, gestionado por Extremadura Avante y cofinanciado con Fondo Social Europeo (FSE), Programa Operativo de Extremadura 2007-2013.<\/p>\n<\/div>\n<\/div>\n<\/div>","protected":false},"excerpt":{"rendered":"<p>Investigadores:\u00a0 Fundaci\u00f3n COMPUTAEX Descripci\u00f3n:\u00a0 BOBIMEX\u00a0es una empresa que se dedica a distribuci\u00f3n, instalaciones y reparaciones centr\u00e1ndose en: la venta y suministro de material industrial; instalaciones de aire comprimido certificadas; y &#8230;<\/p>","protected":false},"author":1,"featured_media":0,"parent":9950,"menu_order":0,"comment_status":"closed","ping_status":"closed","template":"","meta":{"footnotes":""},"categories":[104,81],"tags":[],"class_list":["post-2481","page","type-page","status-publish","hentry","category-ciencias-informaticas-y-de-comunicaciones","category-proyectos"],"yoast_head":"<!-- This site is optimized with the Yoast SEO plugin v27.1.1 - https:\/\/yoast.com\/product\/yoast-seo-wordpress\/ -->\n<title>Bobimex S.L. - Fundaci\u00f3n COMPUTAEX<\/title>\n<meta name=\"robots\" content=\"index, follow, max-snippet:-1, max-image-preview:large, max-video-preview:-1\" \/>\n<link rel=\"canonical\" href=\"https:\/\/computaex.es\/en\/proyectos\/bobimex-s-l\/\" \/>\n<meta property=\"og:locale\" content=\"en_US\" \/>\n<meta property=\"og:type\" content=\"article\" \/>\n<meta property=\"og:title\" content=\"Bobimex S.L. - Fundaci\u00f3n COMPUTAEX\" \/>\n<meta property=\"og:description\" content=\"Investigadores:\u00a0 Fundaci\u00f3n COMPUTAEX Descripci\u00f3n:\u00a0 BOBIMEX\u00a0es una empresa que se dedica a distribuci\u00f3n, instalaciones y reparaciones centr\u00e1ndose en: la venta y suministro de material industrial; instalaciones de aire comprimido certificadas; y ...\" \/>\n<meta property=\"og:url\" content=\"https:\/\/computaex.es\/en\/proyectos\/bobimex-s-l\/\" \/>\n<meta property=\"og:site_name\" content=\"Fundaci\u00f3n COMPUTAEX\" \/>\n<meta property=\"article:publisher\" content=\"https:\/\/m.facebook.com\/computaex\/\" \/>\n<meta property=\"article:modified_time\" content=\"2025-08-29T10:02:44+00:00\" \/>\n<meta property=\"og:image\" content=\"https:\/\/www.cenits.es\/sites\/cenits.es\/files\/styles\/proyecto\/public\/proyectos\/bobimex_logo.jpg?itok=74x9nMZC\" \/>\n<meta name=\"twitter:card\" content=\"summary_large_image\" \/>\n<meta name=\"twitter:site\" content=\"@computaex\" \/>\n<meta name=\"twitter:label1\" content=\"Est. reading time\" \/>\n\t<meta name=\"twitter:data1\" content=\"3 minutes\" \/>\n<script type=\"application\/ld+json\" class=\"yoast-schema-graph\">{\"@context\":\"https:\/\/schema.org\",\"@graph\":[{\"@type\":\"WebPage\",\"@id\":\"https:\/\/computaex.es\/proyectos\/bobimex-s-l\/\",\"url\":\"https:\/\/computaex.es\/proyectos\/bobimex-s-l\/\",\"name\":\"Bobimex S.L. - Fundaci\u00f3n COMPUTAEX\",\"isPartOf\":{\"@id\":\"https:\/\/computaex.es\/#website\"},\"primaryImageOfPage\":{\"@id\":\"https:\/\/computaex.es\/proyectos\/bobimex-s-l\/#primaryimage\"},\"image\":{\"@id\":\"https:\/\/computaex.es\/proyectos\/bobimex-s-l\/#primaryimage\"},\"thumbnailUrl\":\"https:\/\/www.cenits.es\/sites\/cenits.es\/files\/styles\/proyecto\/public\/proyectos\/bobimex_logo.jpg?itok=74x9nMZC\",\"datePublished\":\"2024-04-11T07:11:48+00:00\",\"dateModified\":\"2025-08-29T10:02:44+00:00\",\"breadcrumb\":{\"@id\":\"https:\/\/computaex.es\/proyectos\/bobimex-s-l\/#breadcrumb\"},\"inLanguage\":\"en-US\",\"potentialAction\":[{\"@type\":\"ReadAction\",\"target\":[\"https:\/\/computaex.es\/proyectos\/bobimex-s-l\/\"]}]},{\"@type\":\"ImageObject\",\"inLanguage\":\"en-US\",\"@id\":\"https:\/\/computaex.es\/proyectos\/bobimex-s-l\/#primaryimage\",\"url\":\"https:\/\/www.cenits.es\/sites\/cenits.es\/files\/styles\/proyecto\/public\/proyectos\/bobimex_logo.jpg?itok=74x9nMZC\",\"contentUrl\":\"https:\/\/www.cenits.es\/sites\/cenits.es\/files\/styles\/proyecto\/public\/proyectos\/bobimex_logo.jpg?itok=74x9nMZC\"},{\"@type\":\"BreadcrumbList\",\"@id\":\"https:\/\/computaex.es\/proyectos\/bobimex-s-l\/#breadcrumb\",\"itemListElement\":[{\"@type\":\"ListItem\",\"position\":1,\"name\":\"Portada\",\"item\":\"https:\/\/computaex.es\/\"},{\"@type\":\"ListItem\",\"position\":2,\"name\":\"Proyectos\",\"item\":\"https:\/\/computaex.es\/proyectos\/\"},{\"@type\":\"ListItem\",\"position\":3,\"name\":\"Bobimex S.L.\"}]},{\"@type\":\"WebSite\",\"@id\":\"https:\/\/computaex.es\/#website\",\"url\":\"https:\/\/computaex.es\/\",\"name\":\"Fundaci\u00f3n COMPUTAEX\",\"description\":\"COMPUTAEX\",\"publisher\":{\"@id\":\"https:\/\/computaex.es\/#organization\"},\"potentialAction\":[{\"@type\":\"SearchAction\",\"target\":{\"@type\":\"EntryPoint\",\"urlTemplate\":\"https:\/\/computaex.es\/?s={search_term_string}\"},\"query-input\":{\"@type\":\"PropertyValueSpecification\",\"valueRequired\":true,\"valueName\":\"search_term_string\"}}],\"inLanguage\":\"en-US\"},{\"@type\":\"Organization\",\"@id\":\"https:\/\/computaex.es\/#organization\",\"name\":\"COMPUTAEX\",\"url\":\"https:\/\/computaex.es\/\",\"logo\":{\"@type\":\"ImageObject\",\"inLanguage\":\"en-US\",\"@id\":\"https:\/\/computaex.es\/#\/schema\/logo\/image\/\",\"url\":\"https:\/\/computaex.es\/wp-content\/uploads\/2025\/05\/cropped-COMPUTAEX_transparente-scaled-1.png\",\"contentUrl\":\"https:\/\/computaex.es\/wp-content\/uploads\/2025\/05\/cropped-COMPUTAEX_transparente-scaled-1.png\",\"width\":2560,\"height\":970,\"caption\":\"COMPUTAEX\"},\"image\":{\"@id\":\"https:\/\/computaex.es\/#\/schema\/logo\/image\/\"},\"sameAs\":[\"https:\/\/m.facebook.com\/computaex\/\",\"https:\/\/x.com\/computaex\",\"https:\/\/es.linkedin.com\/company\/cenits\"]}]}<\/script>\n<!-- \/ Yoast SEO plugin. -->","yoast_head_json":{"title":"Bobimex S.L. - Fundaci\u00f3n COMPUTAEX","robots":{"index":"index","follow":"follow","max-snippet":"max-snippet:-1","max-image-preview":"max-image-preview:large","max-video-preview":"max-video-preview:-1"},"canonical":"https:\/\/computaex.es\/en\/proyectos\/bobimex-s-l\/","og_locale":"en_US","og_type":"article","og_title":"Bobimex S.L. - Fundaci\u00f3n COMPUTAEX","og_description":"Investigadores:\u00a0 Fundaci\u00f3n COMPUTAEX Descripci\u00f3n:\u00a0 BOBIMEX\u00a0es una empresa que se dedica a distribuci\u00f3n, instalaciones y reparaciones centr\u00e1ndose en: la venta y suministro de material industrial; instalaciones de aire comprimido certificadas; y ...","og_url":"https:\/\/computaex.es\/en\/proyectos\/bobimex-s-l\/","og_site_name":"Fundaci\u00f3n COMPUTAEX","article_publisher":"https:\/\/m.facebook.com\/computaex\/","article_modified_time":"2025-08-29T10:02:44+00:00","og_image":[{"url":"https:\/\/www.cenits.es\/sites\/cenits.es\/files\/styles\/proyecto\/public\/proyectos\/bobimex_logo.jpg?itok=74x9nMZC","type":"","width":"","height":""}],"twitter_card":"summary_large_image","twitter_site":"@computaex","twitter_misc":{"Est. reading time":"3 minutes"},"schema":{"@context":"https:\/\/schema.org","@graph":[{"@type":"WebPage","@id":"https:\/\/computaex.es\/proyectos\/bobimex-s-l\/","url":"https:\/\/computaex.es\/proyectos\/bobimex-s-l\/","name":"Bobimex S.L. - Fundaci\u00f3n COMPUTAEX","isPartOf":{"@id":"https:\/\/computaex.es\/#website"},"primaryImageOfPage":{"@id":"https:\/\/computaex.es\/proyectos\/bobimex-s-l\/#primaryimage"},"image":{"@id":"https:\/\/computaex.es\/proyectos\/bobimex-s-l\/#primaryimage"},"thumbnailUrl":"https:\/\/www.cenits.es\/sites\/cenits.es\/files\/styles\/proyecto\/public\/proyectos\/bobimex_logo.jpg?itok=74x9nMZC","datePublished":"2024-04-11T07:11:48+00:00","dateModified":"2025-08-29T10:02:44+00:00","breadcrumb":{"@id":"https:\/\/computaex.es\/proyectos\/bobimex-s-l\/#breadcrumb"},"inLanguage":"en-US","potentialAction":[{"@type":"ReadAction","target":["https:\/\/computaex.es\/proyectos\/bobimex-s-l\/"]}]},{"@type":"ImageObject","inLanguage":"en-US","@id":"https:\/\/computaex.es\/proyectos\/bobimex-s-l\/#primaryimage","url":"https:\/\/www.cenits.es\/sites\/cenits.es\/files\/styles\/proyecto\/public\/proyectos\/bobimex_logo.jpg?itok=74x9nMZC","contentUrl":"https:\/\/www.cenits.es\/sites\/cenits.es\/files\/styles\/proyecto\/public\/proyectos\/bobimex_logo.jpg?itok=74x9nMZC"},{"@type":"BreadcrumbList","@id":"https:\/\/computaex.es\/proyectos\/bobimex-s-l\/#breadcrumb","itemListElement":[{"@type":"ListItem","position":1,"name":"Portada","item":"https:\/\/computaex.es\/"},{"@type":"ListItem","position":2,"name":"Proyectos","item":"https:\/\/computaex.es\/proyectos\/"},{"@type":"ListItem","position":3,"name":"Bobimex S.L."}]},{"@type":"WebSite","@id":"https:\/\/computaex.es\/#website","url":"https:\/\/computaex.es\/","name":"COMPUTAEX Foundation","description":"COMPUTAEX","publisher":{"@id":"https:\/\/computaex.es\/#organization"},"potentialAction":[{"@type":"SearchAction","target":{"@type":"EntryPoint","urlTemplate":"https:\/\/computaex.es\/?s={search_term_string}"},"query-input":{"@type":"PropertyValueSpecification","valueRequired":true,"valueName":"search_term_string"}}],"inLanguage":"en-US"},{"@type":"Organization","@id":"https:\/\/computaex.es\/#organization","name":"COMPUTAEX","url":"https:\/\/computaex.es\/","logo":{"@type":"ImageObject","inLanguage":"en-US","@id":"https:\/\/computaex.es\/#\/schema\/logo\/image\/","url":"https:\/\/computaex.es\/wp-content\/uploads\/2025\/05\/cropped-COMPUTAEX_transparente-scaled-1.png","contentUrl":"https:\/\/computaex.es\/wp-content\/uploads\/2025\/05\/cropped-COMPUTAEX_transparente-scaled-1.png","width":2560,"height":970,"caption":"COMPUTAEX"},"image":{"@id":"https:\/\/computaex.es\/#\/schema\/logo\/image\/"},"sameAs":["https:\/\/m.facebook.com\/computaex\/","https:\/\/x.com\/computaex","https:\/\/es.linkedin.com\/company\/cenits"]}]}},"_links":{"self":[{"href":"https:\/\/computaex.es\/en\/wp-json\/wp\/v2\/pages\/2481","targetHints":{"allow":["GET"]}}],"collection":[{"href":"https:\/\/computaex.es\/en\/wp-json\/wp\/v2\/pages"}],"about":[{"href":"https:\/\/computaex.es\/en\/wp-json\/wp\/v2\/types\/page"}],"author":[{"embeddable":true,"href":"https:\/\/computaex.es\/en\/wp-json\/wp\/v2\/users\/1"}],"replies":[{"embeddable":true,"href":"https:\/\/computaex.es\/en\/wp-json\/wp\/v2\/comments?post=2481"}],"version-history":[{"count":6,"href":"https:\/\/computaex.es\/en\/wp-json\/wp\/v2\/pages\/2481\/revisions"}],"predecessor-version":[{"id":8300,"href":"https:\/\/computaex.es\/en\/wp-json\/wp\/v2\/pages\/2481\/revisions\/8300"}],"up":[{"embeddable":true,"href":"https:\/\/computaex.es\/en\/wp-json\/wp\/v2\/pages\/9950"}],"wp:attachment":[{"href":"https:\/\/computaex.es\/en\/wp-json\/wp\/v2\/media?parent=2481"}],"wp:term":[{"taxonomy":"category","embeddable":true,"href":"https:\/\/computaex.es\/en\/wp-json\/wp\/v2\/categories?post=2481"},{"taxonomy":"post_tag","embeddable":true,"href":"https:\/\/computaex.es\/en\/wp-json\/wp\/v2\/tags?post=2481"}],"curies":[{"name":"wp","href":"https:\/\/api.w.org\/{rel}","templated":true}]}}