{"id":2488,"date":"2024-04-11T09:12:42","date_gmt":"2024-04-11T07:12:42","guid":{"rendered":"http:\/\/10.128.3.28\/?page_id=2488"},"modified":"2025-07-23T15:01:49","modified_gmt":"2025-07-23T13:01:49","slug":"proyecto-proigam-instalaciones-s-l","status":"publish","type":"page","link":"https:\/\/computaex.es\/en\/proyecto-proigam-instalaciones-s-l\/","title":{"rendered":"Proigam Instalaciones S.L."},"content":{"rendered":"<p>&nbsp;<\/p>\n<div class=\"field field-name-field-proy-investigadores field-type-text-long field-label-above\">\n<div class=\"field-label\"><strong>Researchers:\u00a0<\/strong><\/div>\n<div class=\"field-items\">\n<div class=\"field-item even\">\n<p><a href=\"\/en\/descripcion-la-fundacion\/\">COMPUTAEX Foundation<\/a><\/p>\n<\/div>\n<\/div>\n<\/div>\n<div class=\"field field-name-field-proy-logo field-type-image field-label-hidden\">\n<div class=\"field-items\">\n<div class=\"field-item even\"><a class=\"colorbox init-colorbox-processed cboxElement\" title=\"Proigam Instalaciones S.L.\" href=\"https:\/\/www.cenits.es\/wp-content\/uploads\/2025\/01\/proigam_logo.jpg\" data-colorbox-gallery=\"\" data-cbox-img-attrs=\"{&quot;title&quot;: &quot;&quot;, &quot;alt&quot;: &quot;&quot;}\"><img decoding=\"async\" title=\"\" src=\"https:\/\/www.cenits.es\/sites\/cenits.es\/files\/styles\/proyecto\/public\/proyectos\/proigam_logo.jpg?itok=5TKuRE6J\" alt=\"\" width=\"185\" height=\"68\" \/><\/a><\/div>\n<\/div>\n<\/div>\n<div class=\"field field-name-field-proy-descripcion field-type-text-long field-label-above\">\n<div class=\"field-label\" style=\"text-align: justify;\"><strong>Description:\u00a0<\/strong><\/div>\n<div class=\"field-items\" style=\"text-align: justify;\">\n<div class=\"field-item even\">\n<p><a href=\"http:\/\/www.biothermia.es\/\">PROIGAM INSTALACIONES<\/a>\u00a0es una empresa dedicada al estudio, ejecuci\u00f3n y gesti\u00f3n de instalaciones t\u00e9rmicas con propuestas basadas en energ\u00edas renovables. Las propuestas de esta empresa siempre estar\u00e1n basadas en la mayor eficiencia solar, t\u00e9rmica, geotermica, aerot\u00e9rmica o de biomasa seg\u00fan el tipo de instalaci\u00f3n.<\/p>\n<p>Se ha ofrecido asistencia tecnol\u00f3gica para el desarrollo de un proyecto innovador, con servicio de transformaci\u00f3n de datos, representaci\u00f3n de los mismos e implantaci\u00f3n de licencia tecnol\u00f3gica y formaci\u00f3n de empleados para una mejor explotaci\u00f3n del producto.<\/p>\n<\/div>\n<\/div>\n<\/div>\n<div class=\"field field-name-field-proy-objetivos field-type-text-long field-label-above\" style=\"text-align: justify;\">\n<div class=\"field-label\"><strong>Objectives:\u00a0<\/strong><\/div>\n<div class=\"field-items\">\n<div class=\"field-item even\">\n<p>Las necesidades tecnol\u00f3gicas detectadas en esta empresa fueron las siguientes:<\/p>\n<ul>\n<li><a href=\"http:\/\/www.biothermia.es\/\">PROIGAM<\/a>, junto con otras empresas especializadas, deseaban comercializar un proyecto de calderas de biomasa y gas que denominaron Biokonex.<\/li>\n<li>Pretend\u00edan ofrecer a sus usuarios un sistema integral de gesti\u00f3n de calderas mediante la implantaci\u00f3n de un software o sistema de control y monitorizaci\u00f3n de las mismas.<\/li>\n<li>La soluci\u00f3n deb\u00eda ser alojada preferiblemente en la nube, usando tecnolog\u00edas de Cloud Computing, y accesible desde cualquier lugar del mundo.<\/li>\n<li>Deb\u00eda ser una soluci\u00f3n para consulta desde ordenadores personales, pero tambi\u00e9n desde dispositivos m\u00f3viles tales como tabletas, tel\u00e9fonos y similares.<\/li>\n<li>El sistema de control deb\u00eda disponer de diferentes perfiles de acceso, en funci\u00f3n de las necesidades de cada tipo de usuario.<\/li>\n<li>Se contemplaba la posibilidad de examinar el prototipo para que los t\u00e9cnicos pudieran estudiar usar sus caracter\u00edsticas y as\u00ed poder realizar una consultar\u00eda con mayores garant\u00edas de \u00e9xito.<\/li>\n<\/ul>\n<\/div>\n<\/div>\n<\/div>\n<div class=\"field field-name-field-proy-objetivos-alcanzados field-type-text-long field-label-above\" style=\"text-align: justify;\">\n<div class=\"field-label\"><strong>Objetivos alcanzados:\u00a0<\/strong><\/div>\n<div class=\"field-items\">\n<div class=\"field-item even\">\n<ul>\n<li>Estudio de un modelo de transformaci\u00f3n de los datos provenientes del prototipo, y almacenados en una base de datos\u00a0<strong>MySQL<\/strong>, hacia un sistema manejable por parte de\u00a0<a href=\"http:\/\/www.biothermia.es\/\">PROIGAM<\/a>\u00a0que permita su f\u00e1cil consulta y representaci\u00f3n.<\/li>\n<li>Obtenci\u00f3n de un sistema de representaci\u00f3n de dicha informaci\u00f3n transformada, centrando el inter\u00e9s en la representaci\u00f3n de un conjunto de valores de temperaturas y potencias obtenidos a partir de los datos en crudo enviados por el prototipo.<\/li>\n<li>Redacci\u00f3n de un documento de referencia a modo de manual de puesta en marcha.<\/li>\n<\/ul>\n<\/div>\n<\/div>\n<\/div>\n<div class=\"field field-name-field-proy-financiacion field-type-text-long field-label-above\">\n<div class=\"field-label\" style=\"text-align: justify;\"><strong>Sources of funding:\u00a0<\/strong><\/div>\n<div class=\"field-items\">\n<div class=\"field-item even\">\n<p style=\"text-align: justify;\"><a href=\"http:\/\/www.extremaduraavante.es\/index.php\/innovacion\/plan-de-innovacion-para-la-pyme\/programa-dime-innovacion-2\/91-plan-de-innovacion-para-la-pyme\">Plan de Innovaci\u00f3n para la PYME<\/a> de la Consejer\u00eda de Empleo, Empresa e Innovaci\u00f3n del Gobierno de Extremadura, gestionado por Extremadura Avante y cofinanciado con Fondo Social Europeo (FSE), Programa Operativo de Extremadura 2007-2013.<\/p>\n<\/div>\n<\/div>\n<\/div>","protected":false},"excerpt":{"rendered":"<p>&nbsp; Investigadores:\u00a0 Fundaci\u00f3n COMPUTAEX Descripci\u00f3n:\u00a0 PROIGAM INSTALACIONES\u00a0es una empresa dedicada al estudio, ejecuci\u00f3n y gesti\u00f3n de instalaciones t\u00e9rmicas con propuestas basadas en energ\u00edas renovables. Las propuestas de esta empresa siempre &#8230;<\/p>","protected":false},"author":1,"featured_media":0,"parent":0,"menu_order":0,"comment_status":"closed","ping_status":"closed","template":"","meta":{"footnotes":""},"categories":[104,81],"tags":[],"class_list":["post-2488","page","type-page","status-publish","hentry","category-ciencias-informaticas-y-de-comunicaciones","category-proyectos"],"yoast_head":"<!-- This site is optimized with the Yoast SEO plugin v27.1.1 - https:\/\/yoast.com\/product\/yoast-seo-wordpress\/ -->\n<title>Proigam Instalaciones S.L. - Fundaci\u00f3n COMPUTAEX<\/title>\n<meta name=\"robots\" content=\"index, follow, max-snippet:-1, max-image-preview:large, max-video-preview:-1\" \/>\n<link rel=\"canonical\" href=\"https:\/\/computaex.es\/en\/proyecto-proigam-instalaciones-s-l\/\" \/>\n<meta property=\"og:locale\" content=\"en_US\" \/>\n<meta property=\"og:type\" content=\"article\" \/>\n<meta property=\"og:title\" content=\"Proigam Instalaciones S.L. - Fundaci\u00f3n COMPUTAEX\" \/>\n<meta property=\"og:description\" content=\"&nbsp; Investigadores:\u00a0 Fundaci\u00f3n COMPUTAEX Descripci\u00f3n:\u00a0 PROIGAM INSTALACIONES\u00a0es una empresa dedicada al estudio, ejecuci\u00f3n y gesti\u00f3n de instalaciones t\u00e9rmicas con propuestas basadas en energ\u00edas renovables. Las propuestas de esta empresa siempre ...\" \/>\n<meta property=\"og:url\" content=\"https:\/\/computaex.es\/en\/proyecto-proigam-instalaciones-s-l\/\" \/>\n<meta property=\"og:site_name\" content=\"Fundaci\u00f3n COMPUTAEX\" \/>\n<meta property=\"article:publisher\" content=\"https:\/\/m.facebook.com\/computaex\/\" \/>\n<meta property=\"article:modified_time\" content=\"2025-07-23T13:01:49+00:00\" \/>\n<meta property=\"og:image\" content=\"https:\/\/www.cenits.es\/sites\/cenits.es\/files\/styles\/proyecto\/public\/proyectos\/proigam_logo.jpg?itok=5TKuRE6J\" \/>\n<meta name=\"twitter:card\" content=\"summary_large_image\" \/>\n<meta name=\"twitter:site\" content=\"@computaex\" \/>\n<meta name=\"twitter:label1\" content=\"Est. reading time\" \/>\n\t<meta name=\"twitter:data1\" content=\"2 minutes\" \/>\n<script type=\"application\/ld+json\" class=\"yoast-schema-graph\">{\"@context\":\"https:\/\/schema.org\",\"@graph\":[{\"@type\":\"WebPage\",\"@id\":\"https:\/\/computaex.es\/proyecto-proigam-instalaciones-s-l\/\",\"url\":\"https:\/\/computaex.es\/proyecto-proigam-instalaciones-s-l\/\",\"name\":\"Proigam Instalaciones S.L. - Fundaci\u00f3n COMPUTAEX\",\"isPartOf\":{\"@id\":\"https:\/\/computaex.es\/#website\"},\"primaryImageOfPage\":{\"@id\":\"https:\/\/computaex.es\/proyecto-proigam-instalaciones-s-l\/#primaryimage\"},\"image\":{\"@id\":\"https:\/\/computaex.es\/proyecto-proigam-instalaciones-s-l\/#primaryimage\"},\"thumbnailUrl\":\"https:\/\/www.cenits.es\/sites\/cenits.es\/files\/styles\/proyecto\/public\/proyectos\/proigam_logo.jpg?itok=5TKuRE6J\",\"datePublished\":\"2024-04-11T07:12:42+00:00\",\"dateModified\":\"2025-07-23T13:01:49+00:00\",\"breadcrumb\":{\"@id\":\"https:\/\/computaex.es\/proyecto-proigam-instalaciones-s-l\/#breadcrumb\"},\"inLanguage\":\"en-US\",\"potentialAction\":[{\"@type\":\"ReadAction\",\"target\":[\"https:\/\/computaex.es\/proyecto-proigam-instalaciones-s-l\/\"]}]},{\"@type\":\"ImageObject\",\"inLanguage\":\"en-US\",\"@id\":\"https:\/\/computaex.es\/proyecto-proigam-instalaciones-s-l\/#primaryimage\",\"url\":\"https:\/\/www.cenits.es\/sites\/cenits.es\/files\/styles\/proyecto\/public\/proyectos\/proigam_logo.jpg?itok=5TKuRE6J\",\"contentUrl\":\"https:\/\/www.cenits.es\/sites\/cenits.es\/files\/styles\/proyecto\/public\/proyectos\/proigam_logo.jpg?itok=5TKuRE6J\"},{\"@type\":\"BreadcrumbList\",\"@id\":\"https:\/\/computaex.es\/proyecto-proigam-instalaciones-s-l\/#breadcrumb\",\"itemListElement\":[{\"@type\":\"ListItem\",\"position\":1,\"name\":\"Portada\",\"item\":\"https:\/\/computaex.es\/\"},{\"@type\":\"ListItem\",\"position\":2,\"name\":\"Proigam Instalaciones S.L.\"}]},{\"@type\":\"WebSite\",\"@id\":\"https:\/\/computaex.es\/#website\",\"url\":\"https:\/\/computaex.es\/\",\"name\":\"Fundaci\u00f3n COMPUTAEX\",\"description\":\"COMPUTAEX\",\"publisher\":{\"@id\":\"https:\/\/computaex.es\/#organization\"},\"potentialAction\":[{\"@type\":\"SearchAction\",\"target\":{\"@type\":\"EntryPoint\",\"urlTemplate\":\"https:\/\/computaex.es\/?s={search_term_string}\"},\"query-input\":{\"@type\":\"PropertyValueSpecification\",\"valueRequired\":true,\"valueName\":\"search_term_string\"}}],\"inLanguage\":\"en-US\"},{\"@type\":\"Organization\",\"@id\":\"https:\/\/computaex.es\/#organization\",\"name\":\"COMPUTAEX\",\"url\":\"https:\/\/computaex.es\/\",\"logo\":{\"@type\":\"ImageObject\",\"inLanguage\":\"en-US\",\"@id\":\"https:\/\/computaex.es\/#\/schema\/logo\/image\/\",\"url\":\"https:\/\/computaex.es\/wp-content\/uploads\/2025\/05\/cropped-COMPUTAEX_transparente-scaled-1.png\",\"contentUrl\":\"https:\/\/computaex.es\/wp-content\/uploads\/2025\/05\/cropped-COMPUTAEX_transparente-scaled-1.png\",\"width\":2560,\"height\":970,\"caption\":\"COMPUTAEX\"},\"image\":{\"@id\":\"https:\/\/computaex.es\/#\/schema\/logo\/image\/\"},\"sameAs\":[\"https:\/\/m.facebook.com\/computaex\/\",\"https:\/\/x.com\/computaex\",\"https:\/\/es.linkedin.com\/company\/cenits\"]}]}<\/script>\n<!-- \/ Yoast SEO plugin. -->","yoast_head_json":{"title":"Proigam Instalaciones S.L. - Fundaci\u00f3n COMPUTAEX","robots":{"index":"index","follow":"follow","max-snippet":"max-snippet:-1","max-image-preview":"max-image-preview:large","max-video-preview":"max-video-preview:-1"},"canonical":"https:\/\/computaex.es\/en\/proyecto-proigam-instalaciones-s-l\/","og_locale":"en_US","og_type":"article","og_title":"Proigam Instalaciones S.L. - Fundaci\u00f3n COMPUTAEX","og_description":"&nbsp; Investigadores:\u00a0 Fundaci\u00f3n COMPUTAEX Descripci\u00f3n:\u00a0 PROIGAM INSTALACIONES\u00a0es una empresa dedicada al estudio, ejecuci\u00f3n y gesti\u00f3n de instalaciones t\u00e9rmicas con propuestas basadas en energ\u00edas renovables. Las propuestas de esta empresa siempre ...","og_url":"https:\/\/computaex.es\/en\/proyecto-proigam-instalaciones-s-l\/","og_site_name":"Fundaci\u00f3n COMPUTAEX","article_publisher":"https:\/\/m.facebook.com\/computaex\/","article_modified_time":"2025-07-23T13:01:49+00:00","og_image":[{"url":"https:\/\/www.cenits.es\/sites\/cenits.es\/files\/styles\/proyecto\/public\/proyectos\/proigam_logo.jpg?itok=5TKuRE6J","type":"","width":"","height":""}],"twitter_card":"summary_large_image","twitter_site":"@computaex","twitter_misc":{"Est. reading time":"2 minutes"},"schema":{"@context":"https:\/\/schema.org","@graph":[{"@type":"WebPage","@id":"https:\/\/computaex.es\/proyecto-proigam-instalaciones-s-l\/","url":"https:\/\/computaex.es\/proyecto-proigam-instalaciones-s-l\/","name":"Proigam Instalaciones S.L. - Fundaci\u00f3n COMPUTAEX","isPartOf":{"@id":"https:\/\/computaex.es\/#website"},"primaryImageOfPage":{"@id":"https:\/\/computaex.es\/proyecto-proigam-instalaciones-s-l\/#primaryimage"},"image":{"@id":"https:\/\/computaex.es\/proyecto-proigam-instalaciones-s-l\/#primaryimage"},"thumbnailUrl":"https:\/\/www.cenits.es\/sites\/cenits.es\/files\/styles\/proyecto\/public\/proyectos\/proigam_logo.jpg?itok=5TKuRE6J","datePublished":"2024-04-11T07:12:42+00:00","dateModified":"2025-07-23T13:01:49+00:00","breadcrumb":{"@id":"https:\/\/computaex.es\/proyecto-proigam-instalaciones-s-l\/#breadcrumb"},"inLanguage":"en-US","potentialAction":[{"@type":"ReadAction","target":["https:\/\/computaex.es\/proyecto-proigam-instalaciones-s-l\/"]}]},{"@type":"ImageObject","inLanguage":"en-US","@id":"https:\/\/computaex.es\/proyecto-proigam-instalaciones-s-l\/#primaryimage","url":"https:\/\/www.cenits.es\/sites\/cenits.es\/files\/styles\/proyecto\/public\/proyectos\/proigam_logo.jpg?itok=5TKuRE6J","contentUrl":"https:\/\/www.cenits.es\/sites\/cenits.es\/files\/styles\/proyecto\/public\/proyectos\/proigam_logo.jpg?itok=5TKuRE6J"},{"@type":"BreadcrumbList","@id":"https:\/\/computaex.es\/proyecto-proigam-instalaciones-s-l\/#breadcrumb","itemListElement":[{"@type":"ListItem","position":1,"name":"Portada","item":"https:\/\/computaex.es\/"},{"@type":"ListItem","position":2,"name":"Proigam Instalaciones S.L."}]},{"@type":"WebSite","@id":"https:\/\/computaex.es\/#website","url":"https:\/\/computaex.es\/","name":"COMPUTAEX Foundation","description":"COMPUTAEX","publisher":{"@id":"https:\/\/computaex.es\/#organization"},"potentialAction":[{"@type":"SearchAction","target":{"@type":"EntryPoint","urlTemplate":"https:\/\/computaex.es\/?s={search_term_string}"},"query-input":{"@type":"PropertyValueSpecification","valueRequired":true,"valueName":"search_term_string"}}],"inLanguage":"en-US"},{"@type":"Organization","@id":"https:\/\/computaex.es\/#organization","name":"COMPUTAEX","url":"https:\/\/computaex.es\/","logo":{"@type":"ImageObject","inLanguage":"en-US","@id":"https:\/\/computaex.es\/#\/schema\/logo\/image\/","url":"https:\/\/computaex.es\/wp-content\/uploads\/2025\/05\/cropped-COMPUTAEX_transparente-scaled-1.png","contentUrl":"https:\/\/computaex.es\/wp-content\/uploads\/2025\/05\/cropped-COMPUTAEX_transparente-scaled-1.png","width":2560,"height":970,"caption":"COMPUTAEX"},"image":{"@id":"https:\/\/computaex.es\/#\/schema\/logo\/image\/"},"sameAs":["https:\/\/m.facebook.com\/computaex\/","https:\/\/x.com\/computaex","https:\/\/es.linkedin.com\/company\/cenits"]}]}},"_links":{"self":[{"href":"https:\/\/computaex.es\/en\/wp-json\/wp\/v2\/pages\/2488","targetHints":{"allow":["GET"]}}],"collection":[{"href":"https:\/\/computaex.es\/en\/wp-json\/wp\/v2\/pages"}],"about":[{"href":"https:\/\/computaex.es\/en\/wp-json\/wp\/v2\/types\/page"}],"author":[{"embeddable":true,"href":"https:\/\/computaex.es\/en\/wp-json\/wp\/v2\/users\/1"}],"replies":[{"embeddable":true,"href":"https:\/\/computaex.es\/en\/wp-json\/wp\/v2\/comments?post=2488"}],"version-history":[{"count":5,"href":"https:\/\/computaex.es\/en\/wp-json\/wp\/v2\/pages\/2488\/revisions"}],"predecessor-version":[{"id":8531,"href":"https:\/\/computaex.es\/en\/wp-json\/wp\/v2\/pages\/2488\/revisions\/8531"}],"wp:attachment":[{"href":"https:\/\/computaex.es\/en\/wp-json\/wp\/v2\/media?parent=2488"}],"wp:term":[{"taxonomy":"category","embeddable":true,"href":"https:\/\/computaex.es\/en\/wp-json\/wp\/v2\/categories?post=2488"},{"taxonomy":"post_tag","embeddable":true,"href":"https:\/\/computaex.es\/en\/wp-json\/wp\/v2\/tags?post=2488"}],"curies":[{"name":"wp","href":"https:\/\/api.w.org\/{rel}","templated":true}]}}