{"id":2501,"date":"2024-04-11T09:14:35","date_gmt":"2024-04-11T07:14:35","guid":{"rendered":"http:\/\/10.128.3.28\/?page_id=2501"},"modified":"2025-08-29T12:14:34","modified_gmt":"2025-08-29T10:14:34","slug":"proyecto-taxonomtic-2014","status":"publish","type":"page","link":"https:\/\/computaex.es\/en\/proyectos\/proyecto-taxonomtic-2014\/","title":{"rendered":"TaxonomTIC 2014"},"content":{"rendered":"<div class=\"field field-name-field-proy-investigadores field-type-text-long field-label-above\">\n<div class=\"field-label\" style=\"text-align: justify;\"><strong>Researchers:\u00a0<\/strong><\/div>\n<div class=\"field-items\" style=\"text-align: justify;\">\n<div class=\"field-item even\">\n<ul>\n<li>Equipo de\u00a0<a href=\"\/en\/\">Computaex<\/a><\/li>\n<\/ul>\n<\/div>\n<\/div>\n<\/div>\n<div class=\"field field-name-field-proy-descripcion field-type-text-long field-label-above\" style=\"text-align: justify;\">\n<div class=\"field-label\"><strong>Description:\u00a0<\/strong><\/div>\n<div class=\"field-items\">\n<div class=\"field-item even\">\n<p>El objetivo inicial de\u00a0<a href=\"\/en\/proyectos\/taxonomtic\/\">TaxonomTIC<\/a>\u00a0consisti\u00f3 en identificar las TIC, los elementos que las componen, describirlos y clasificarlos, para poder estudiar su impacto en Extremadura y servir de fuente de informaci\u00f3n para conocer a los profesionales, empresas y organismos vinculados al sector.<\/p>\n<p>Sin embargo, algunos aspectos importantes no pudieron ser tratados. Por ello, como parte del proyecto CENITAL-2 se ha continuado con el subproyecto\u00a0<a href=\"\/en\/proyectos\/taxonomtic\/\">TaxonomTIC<\/a>\u00a0durante el a\u00f1o 2014, enmarcado espec\u00edficamente en el \u00e1rea de excelencia TIC de la\u00a0Estrategia RIS3\u00a0y cuyo objetivo principal era extender los trabajos realizados en el proyecto durante el a\u00f1o 2013.<\/p>\n<p class=\"rtecenter\"><img decoding=\"async\" class=\"aligncenter\" src=\"\/wp-content\/uploads\/2025\/01\/taxonomtic2014_1.jpg\" alt=\"\" \/><\/p>\n<\/div>\n<\/div>\n<\/div>\n<div class=\"field field-name-field-proy-objetivos field-type-text-long field-label-above\" style=\"text-align: justify;\">\n<div class=\"field-label\"><strong>Objectives:\u00a0<\/strong><\/div>\n<div class=\"field-items\">\n<div class=\"field-item even\">\n<ul>\n<li>Actualizaci\u00f3n de la informaci\u00f3n recopilada en el proyecto\u00a0<a href=\"\/en\/proyectos\/taxonomtic\/\">TaxonomTIC<\/a>. Puesto que el sector TIC es un sector emergente, y teniendo en cuenta la situaci\u00f3n socioecon\u00f3mica actual, es necesario un seguimiento de la evoluci\u00f3n del sector con el fin de detectar desviaciones en la misma que permita apoyar la toma de decisiones futuras.<\/li>\n<li>Aumento del conocimiento sobre el sector. Conocer la realidad del Sector TIC extreme\u00f1o no es posible sin realizar un seguimiento del mismo a escala nacional y europea que permita comprobar su estado y evoluci\u00f3n a lo largo del tiempo. Adem\u00e1s, conocer la visi\u00f3n que se tiene de un sector a trav\u00e9s de los responsables t\u00e9cnicos m\u00e1s cualificados es una de las aspiraciones que el Sector TIC tiene desde hace tiempo.<\/li>\n<li>Desarrollo e implementaci\u00f3n de una plataforma Open Data de empresas proveedoras de servicios TIC. Se pretend\u00eda crear una plataforma web que proporcionara acceso a informaci\u00f3n relativa a las empresas del Sector TIC extreme\u00f1o y que permitiera conocer a las empresas y los servicios que ofrecen a la sociedad.<\/li>\n<\/ul>\n<\/div>\n<\/div>\n<\/div>\n<div class=\"field field-name-field-proy-metodologia field-type-text-long field-label-above\">\n<div class=\"field-label\" style=\"text-align: justify;\"><strong>Metodolog\u00eda:\u00a0<\/strong><\/div>\n<div class=\"field-items\" style=\"text-align: justify;\">\n<div class=\"field-item even\">\n<div><img fetchpriority=\"high\" decoding=\"async\" class=\"\" src=\"\/wp-content\/uploads\/2025\/01\/taxonomtic2014_2.png\" alt=\"\" width=\"332\" height=\"261\" \/>\u00a0 \u00a0 \u00a0<img decoding=\"async\" class=\"\" src=\"\/wp-content\/uploads\/2025\/01\/taxonomtic2014_3.jpg\" alt=\"\" width=\"421\" height=\"402\" data-wp-editing=\"1\" \/><br \/>\n\/div<br \/>\nLa primera fase del proyecto consisti\u00f3 en la actualizaci\u00f3n de los datos recopilados el a\u00f1o anterior. Para ello, y utilizando como fuente los datos del proyecto en el a\u00f1o 2013 y el\u00a0<a href=\"http:\/\/www.ine.es\/\">INE<\/a>, se extrajeron las estad\u00edsticas econ\u00f3micas y de sociedades del sector. Para una adecuada clasificaci\u00f3n de las empresas y actividades, se utiliz\u00f3 la clasificaci\u00f3n de actividades desarrollada por el equipo de\u00a0<a href=\"\/en\/\">Computaex<\/a>\u00a0en 2013.Posteriormente, se actualiz\u00f3 la informaci\u00f3n disponible respecto a la formaci\u00f3n TIC en Extremadura a partir de los datos suministrados por el\u00a0<a href=\"http:\/\/www.unex.es\/organizacion\/servicios-universitarios\/unidades\/utec\/funciones\/estadisticas-e-indicadores-universitarios\">Observatorio de Indicadores de la UEx<\/a>. El siguiente paso del proyecto consisti\u00f3 en analizar exhaustivamente un gran n\u00famero de estad\u00edsticas extra\u00eddas del\u00a0<a href=\"http:\/\/www.ine.es\/\">INE<\/a>\u00a0y del\u00a0<a href=\"http:\/\/\/en\/ec.europa.eu\/eurostat\/\">EUROSTAT<\/a>\u00a0referentes al sector TIC en Espa\u00f1a y Europa, respectivamente. Esto, unido a la informaci\u00f3n extra\u00edda y analizada del sector en Extremadura, ha permitido la realizaci\u00f3n de una comparativa del sector TIC en cada uno de los \u00e1mbitos. Como parte del proyecto se elabor\u00f3 una encuesta especialmente dirigida a los CEOs del sector TIC y se distribuy\u00f3 con la finalidad de conocer la opini\u00f3n de los directivos del sector respecto a la situaci\u00f3n del mismo.El \u00faltimo paso del proyecto, y quiz\u00e1s el m\u00e1s importante, fue el desarrollo de una plataforma de datos abiertos basada en Drupal que permite a los usuarios de la misma consultar y extraer todos los datos recogidos a lo largo de los a\u00f1os 2013 y 2014 en el proyecto.<\/div>\n<\/div>\n<\/div>\n<div class=\"field field-name-field-proy-objetivos-alcanzados field-type-text-long field-label-above\" style=\"text-align: justify;\">\n<div class=\"field-label\"><strong>Objetivos alcanzados:\u00a0<\/strong><\/div>\n<div class=\"field-items\">\n<div class=\"field-item even\">\n<ul>\n<li>Disposici\u00f3n de informaci\u00f3n veraz y actualizada del sector TIC en Extremadura.<\/li>\n<li>An\u00e1lisis del sector TIC en Espa\u00f1a y Europa y comparativa con el sector en Extremadura.<\/li>\n<li>Visi\u00f3n de los directivos del sector en la regi\u00f3n.<\/li>\n<li>Piloto de la plataforma web en Drupal, hom\u00f3nima al proyecto, que permite acceder a la informaci\u00f3n recopilada por el equipo\u00a0<a href=\"\/en\/\">Computaex<\/a>\u00a0a lo largo de los a\u00f1os 2013 y 2014.<\/li>\n<\/ul>\n<\/div>\n<\/div>\n<\/div>\n<div class=\"field field-name-field-proy-publicaciones field-type-text-long field-label-above\" style=\"text-align: justify;\">\n<div class=\"field-label\"><strong>Publicaciones y congresos:\u00a0<\/strong><\/div>\n<div class=\"field-items\">\n<div class=\"field-item even\">\n<ul>\n<li><a href=\"http:\/\/www.cenits.es\/sites\/cenits.es\/files\/publicaciones\/taxonomtic_2014_resumen.pdf\" target=\"_blank\" rel=\"noopener\">Resumen TaxonomTIC 2014: Situaci\u00f3n de un sector clave en Extremadura<\/a>.<\/li>\n<li><a href=\"http:\/\/www.cenits.es\/sites\/cenits.es\/files\/publicaciones\/taxonomtic_2014_memoria.pdf\" target=\"_blank\" rel=\"noopener\">Memoria TaxonomTIC 2014<\/a>.<\/li>\n<\/ul>\n<\/div>\n<\/div>\n<\/div>\n<div class=\"field field-name-field-proy-financiacion field-type-text-long field-label-above\">\n<div class=\"field-label\" style=\"text-align: justify;\"><strong>Sources of funding:\u00a0<\/strong><\/div>\n<div class=\"field-items\">\n<div class=\"field-item even\">\n<p style=\"text-align: justify;\">TaxonomTIC forma parte de CENITAL-2, un proyecto de innovaci\u00f3n e investigaci\u00f3n desarrollado bajo el Programa Operativo FEDER Extremadura 2007-2013, dentro del Eje 1 \u201cDesarrollo de la Econom\u00eda del Conocimiento\u201d.<\/p>\n<\/div>\n<\/div>\n<\/div>\n<\/div>","protected":false},"excerpt":{"rendered":"<p>Investigadores:\u00a0 Equipo de\u00a0Computaex Descripci\u00f3n:\u00a0 El objetivo inicial de\u00a0TaxonomTIC\u00a0consisti\u00f3 en identificar las TIC, los elementos que las componen, describirlos y clasificarlos, para poder estudiar su impacto en Extremadura y servir de &#8230;<\/p>","protected":false},"author":1,"featured_media":0,"parent":9950,"menu_order":0,"comment_status":"closed","ping_status":"closed","template":"","meta":{"footnotes":""},"categories":[104,81],"tags":[],"class_list":["post-2501","page","type-page","status-publish","hentry","category-ciencias-informaticas-y-de-comunicaciones","category-proyectos"],"yoast_head":"<!-- This site is optimized with the Yoast SEO plugin v27.1.1 - https:\/\/yoast.com\/product\/yoast-seo-wordpress\/ -->\n<title>TaxonomTIC 2014 - Fundaci\u00f3n COMPUTAEX<\/title>\n<meta name=\"robots\" content=\"index, follow, max-snippet:-1, max-image-preview:large, max-video-preview:-1\" \/>\n<link rel=\"canonical\" href=\"https:\/\/computaex.es\/en\/proyectos\/proyecto-taxonomtic-2014\/\" \/>\n<meta property=\"og:locale\" content=\"en_US\" \/>\n<meta property=\"og:type\" content=\"article\" \/>\n<meta property=\"og:title\" content=\"TaxonomTIC 2014 - Fundaci\u00f3n COMPUTAEX\" \/>\n<meta property=\"og:description\" content=\"Investigadores:\u00a0 Equipo de\u00a0Computaex Descripci\u00f3n:\u00a0 El objetivo inicial de\u00a0TaxonomTIC\u00a0consisti\u00f3 en identificar las TIC, los elementos que las componen, describirlos y clasificarlos, para poder estudiar su impacto en Extremadura y servir de ...\" \/>\n<meta property=\"og:url\" content=\"https:\/\/computaex.es\/en\/proyectos\/proyecto-taxonomtic-2014\/\" \/>\n<meta property=\"og:site_name\" content=\"Fundaci\u00f3n COMPUTAEX\" \/>\n<meta property=\"article:publisher\" content=\"https:\/\/m.facebook.com\/computaex\/\" \/>\n<meta property=\"article:modified_time\" content=\"2025-08-29T10:14:34+00:00\" \/>\n<meta property=\"og:image\" content=\"https:\/\/computaex.es\/wp-content\/uploads\/2025\/08\/COMPUTAEX.jpg\" \/>\n\t<meta property=\"og:image:width\" content=\"1024\" \/>\n\t<meta property=\"og:image:height\" content=\"403\" \/>\n\t<meta property=\"og:image:type\" content=\"image\/jpeg\" \/>\n<meta name=\"twitter:card\" content=\"summary_large_image\" \/>\n<meta name=\"twitter:site\" content=\"@computaex\" \/>\n<meta name=\"twitter:label1\" content=\"Est. reading time\" \/>\n\t<meta name=\"twitter:data1\" content=\"4 minutes\" \/>\n<script type=\"application\/ld+json\" class=\"yoast-schema-graph\">{\"@context\":\"https:\/\/schema.org\",\"@graph\":[{\"@type\":\"WebPage\",\"@id\":\"https:\/\/computaex.es\/proyectos\/proyecto-taxonomtic-2014\/\",\"url\":\"https:\/\/computaex.es\/proyectos\/proyecto-taxonomtic-2014\/\",\"name\":\"TaxonomTIC 2014 - Fundaci\u00f3n COMPUTAEX\",\"isPartOf\":{\"@id\":\"https:\/\/computaex.es\/#website\"},\"datePublished\":\"2024-04-11T07:14:35+00:00\",\"dateModified\":\"2025-08-29T10:14:34+00:00\",\"breadcrumb\":{\"@id\":\"https:\/\/computaex.es\/proyectos\/proyecto-taxonomtic-2014\/#breadcrumb\"},\"inLanguage\":\"en-US\",\"potentialAction\":[{\"@type\":\"ReadAction\",\"target\":[\"https:\/\/computaex.es\/proyectos\/proyecto-taxonomtic-2014\/\"]}]},{\"@type\":\"BreadcrumbList\",\"@id\":\"https:\/\/computaex.es\/proyectos\/proyecto-taxonomtic-2014\/#breadcrumb\",\"itemListElement\":[{\"@type\":\"ListItem\",\"position\":1,\"name\":\"Portada\",\"item\":\"https:\/\/computaex.es\/\"},{\"@type\":\"ListItem\",\"position\":2,\"name\":\"Proyectos\",\"item\":\"https:\/\/computaex.es\/proyectos\/\"},{\"@type\":\"ListItem\",\"position\":3,\"name\":\"TaxonomTIC 2014\"}]},{\"@type\":\"WebSite\",\"@id\":\"https:\/\/computaex.es\/#website\",\"url\":\"https:\/\/computaex.es\/\",\"name\":\"Fundaci\u00f3n COMPUTAEX\",\"description\":\"COMPUTAEX\",\"publisher\":{\"@id\":\"https:\/\/computaex.es\/#organization\"},\"potentialAction\":[{\"@type\":\"SearchAction\",\"target\":{\"@type\":\"EntryPoint\",\"urlTemplate\":\"https:\/\/computaex.es\/?s={search_term_string}\"},\"query-input\":{\"@type\":\"PropertyValueSpecification\",\"valueRequired\":true,\"valueName\":\"search_term_string\"}}],\"inLanguage\":\"en-US\"},{\"@type\":\"Organization\",\"@id\":\"https:\/\/computaex.es\/#organization\",\"name\":\"COMPUTAEX\",\"url\":\"https:\/\/computaex.es\/\",\"logo\":{\"@type\":\"ImageObject\",\"inLanguage\":\"en-US\",\"@id\":\"https:\/\/computaex.es\/#\/schema\/logo\/image\/\",\"url\":\"https:\/\/computaex.es\/wp-content\/uploads\/2025\/05\/cropped-COMPUTAEX_transparente-scaled-1.png\",\"contentUrl\":\"https:\/\/computaex.es\/wp-content\/uploads\/2025\/05\/cropped-COMPUTAEX_transparente-scaled-1.png\",\"width\":2560,\"height\":970,\"caption\":\"COMPUTAEX\"},\"image\":{\"@id\":\"https:\/\/computaex.es\/#\/schema\/logo\/image\/\"},\"sameAs\":[\"https:\/\/m.facebook.com\/computaex\/\",\"https:\/\/x.com\/computaex\",\"https:\/\/es.linkedin.com\/company\/cenits\"]}]}<\/script>\n<!-- \/ Yoast SEO plugin. -->","yoast_head_json":{"title":"TaxonomTIC 2014 - Fundaci\u00f3n COMPUTAEX","robots":{"index":"index","follow":"follow","max-snippet":"max-snippet:-1","max-image-preview":"max-image-preview:large","max-video-preview":"max-video-preview:-1"},"canonical":"https:\/\/computaex.es\/en\/proyectos\/proyecto-taxonomtic-2014\/","og_locale":"en_US","og_type":"article","og_title":"TaxonomTIC 2014 - Fundaci\u00f3n COMPUTAEX","og_description":"Investigadores:\u00a0 Equipo de\u00a0Computaex Descripci\u00f3n:\u00a0 El objetivo inicial de\u00a0TaxonomTIC\u00a0consisti\u00f3 en identificar las TIC, los elementos que las componen, describirlos y clasificarlos, para poder estudiar su impacto en Extremadura y servir de ...","og_url":"https:\/\/computaex.es\/en\/proyectos\/proyecto-taxonomtic-2014\/","og_site_name":"Fundaci\u00f3n COMPUTAEX","article_publisher":"https:\/\/m.facebook.com\/computaex\/","article_modified_time":"2025-08-29T10:14:34+00:00","og_image":[{"width":1024,"height":403,"url":"https:\/\/computaex.es\/wp-content\/uploads\/2025\/08\/COMPUTAEX.jpg","type":"image\/jpeg"}],"twitter_card":"summary_large_image","twitter_site":"@computaex","twitter_misc":{"Est. reading time":"4 minutes"},"schema":{"@context":"https:\/\/schema.org","@graph":[{"@type":"WebPage","@id":"https:\/\/computaex.es\/proyectos\/proyecto-taxonomtic-2014\/","url":"https:\/\/computaex.es\/proyectos\/proyecto-taxonomtic-2014\/","name":"TaxonomTIC 2014 - Fundaci\u00f3n COMPUTAEX","isPartOf":{"@id":"https:\/\/computaex.es\/#website"},"datePublished":"2024-04-11T07:14:35+00:00","dateModified":"2025-08-29T10:14:34+00:00","breadcrumb":{"@id":"https:\/\/computaex.es\/proyectos\/proyecto-taxonomtic-2014\/#breadcrumb"},"inLanguage":"en-US","potentialAction":[{"@type":"ReadAction","target":["https:\/\/computaex.es\/proyectos\/proyecto-taxonomtic-2014\/"]}]},{"@type":"BreadcrumbList","@id":"https:\/\/computaex.es\/proyectos\/proyecto-taxonomtic-2014\/#breadcrumb","itemListElement":[{"@type":"ListItem","position":1,"name":"Portada","item":"https:\/\/computaex.es\/"},{"@type":"ListItem","position":2,"name":"Proyectos","item":"https:\/\/computaex.es\/proyectos\/"},{"@type":"ListItem","position":3,"name":"TaxonomTIC 2014"}]},{"@type":"WebSite","@id":"https:\/\/computaex.es\/#website","url":"https:\/\/computaex.es\/","name":"COMPUTAEX Foundation","description":"COMPUTAEX","publisher":{"@id":"https:\/\/computaex.es\/#organization"},"potentialAction":[{"@type":"SearchAction","target":{"@type":"EntryPoint","urlTemplate":"https:\/\/computaex.es\/?s={search_term_string}"},"query-input":{"@type":"PropertyValueSpecification","valueRequired":true,"valueName":"search_term_string"}}],"inLanguage":"en-US"},{"@type":"Organization","@id":"https:\/\/computaex.es\/#organization","name":"COMPUTAEX","url":"https:\/\/computaex.es\/","logo":{"@type":"ImageObject","inLanguage":"en-US","@id":"https:\/\/computaex.es\/#\/schema\/logo\/image\/","url":"https:\/\/computaex.es\/wp-content\/uploads\/2025\/05\/cropped-COMPUTAEX_transparente-scaled-1.png","contentUrl":"https:\/\/computaex.es\/wp-content\/uploads\/2025\/05\/cropped-COMPUTAEX_transparente-scaled-1.png","width":2560,"height":970,"caption":"COMPUTAEX"},"image":{"@id":"https:\/\/computaex.es\/#\/schema\/logo\/image\/"},"sameAs":["https:\/\/m.facebook.com\/computaex\/","https:\/\/x.com\/computaex","https:\/\/es.linkedin.com\/company\/cenits"]}]}},"_links":{"self":[{"href":"https:\/\/computaex.es\/en\/wp-json\/wp\/v2\/pages\/2501","targetHints":{"allow":["GET"]}}],"collection":[{"href":"https:\/\/computaex.es\/en\/wp-json\/wp\/v2\/pages"}],"about":[{"href":"https:\/\/computaex.es\/en\/wp-json\/wp\/v2\/types\/page"}],"author":[{"embeddable":true,"href":"https:\/\/computaex.es\/en\/wp-json\/wp\/v2\/users\/1"}],"replies":[{"embeddable":true,"href":"https:\/\/computaex.es\/en\/wp-json\/wp\/v2\/comments?post=2501"}],"version-history":[{"count":5,"href":"https:\/\/computaex.es\/en\/wp-json\/wp\/v2\/pages\/2501\/revisions"}],"predecessor-version":[{"id":8560,"href":"https:\/\/computaex.es\/en\/wp-json\/wp\/v2\/pages\/2501\/revisions\/8560"}],"up":[{"embeddable":true,"href":"https:\/\/computaex.es\/en\/wp-json\/wp\/v2\/pages\/9950"}],"wp:attachment":[{"href":"https:\/\/computaex.es\/en\/wp-json\/wp\/v2\/media?parent=2501"}],"wp:term":[{"taxonomy":"category","embeddable":true,"href":"https:\/\/computaex.es\/en\/wp-json\/wp\/v2\/categories?post=2501"},{"taxonomy":"post_tag","embeddable":true,"href":"https:\/\/computaex.es\/en\/wp-json\/wp\/v2\/tags?post=2501"}],"curies":[{"name":"wp","href":"https:\/\/api.w.org\/{rel}","templated":true}]}}