{"id":2505,"date":"2024-04-11T09:15:07","date_gmt":"2024-04-11T07:15:07","guid":{"rendered":"http:\/\/10.128.3.28\/?page_id=2505"},"modified":"2025-07-23T14:24:36","modified_gmt":"2025-07-23T12:24:36","slug":"proyecto-efectos-estereoelectronicos-y-del-disolvente-en-las-conformaciones-de-heterociclos-saturados-de-5-y-6-miembros","status":"publish","type":"page","link":"https:\/\/computaex.es\/en\/proyecto-efectos-estereoelectronicos-y-del-disolvente-en-las-conformaciones-de-heterociclos-saturados-de-5-y-6-miembros\/","title":{"rendered":"Efectos estereoelectr\u00f3nicos y del disolvente en las conformaciones de heterociclos saturados de 5 y 6 miembros"},"content":{"rendered":"<div class=\"field field-name-field-proy-investigadores field-type-text-long field-label-above\">\n<div class=\"field-label\" style=\"text-align: justify;\"><strong>Researchers:\u00a0<\/strong><\/div>\n<div class=\"field-items\" style=\"text-align: justify;\">\n<div class=\"field-item even\">\n<ul>\n<li><strong>Juan Manuel Garrido<\/strong>,\u00a0<a href=\"http:\/\/www.unex.es\/\">Universidad de Extremadura<\/a><\/li>\n<\/ul>\n<\/div>\n<\/div>\n<\/div>\n<div class=\"field field-name-field-proy-descripcion field-type-text-long field-label-above\" style=\"text-align: justify;\">\n<div class=\"field-label\"><strong>Description:\u00a0<\/strong><\/div>\n<div class=\"field-items\">\n<div class=\"field-item even\">\n<p>Algunos derivados de las 2-amino-2-desoxialdosas se presentan mayoritariamente bajo la forma anom\u00e9rica \u03b1 (hidroxilo anom\u00e9rico axial), lo cual tiene f\u00e1cil explicaci\u00f3n invocando el efecto anom\u00e9rico que favorecer\u00eda el predominio de compuestos con el hidroxilo anom\u00e9rico axial frente a las disposiciones ecuatoriales que los motivos est\u00e9ricos deber\u00edan favorecer.<\/p>\n<p>Se han descrito no obstante una serie de productos en los que la \u00fanica forma anom\u00e9rica presente es la \u03b2 (hidroxilo anom\u00e9rico ecuatorial) contraviniendo aparentemente al efecto anom\u00e9rico esperado: Iminas derivadas de aldeh\u00eddos arom\u00e1ticos, iminas derivadas de 2-amino-2-desoxialdosas y, m\u00e1s concretamente y como parte detonante de esta investigaci\u00f3n, iminas derivadas de 2-amino-2-desoxi-D-glicero-L-gluco-heptopiranosa cuyo comportamiento fue definido a partir de investigaciones del\u00a0<a href=\"http:\/\/www.unex.es\/investigacion\/grupos\/quorex\">Departamento de Qu\u00edmica Org\u00e1nica e Inorg\u00e1nica<\/a>\u00a0of the\u00a0<a href=\"http:\/\/www.unex.es\/\">Universidad de Extremadura<\/a>.<\/p>\n<p>Todos estos derivados pueden ser utilizados para proteger el grupo amino en s\u00edntesis gobernando la configuraci\u00f3n anom\u00e9rica de 2-amino-2-desoxialdosas.<\/p>\n<\/div>\n<\/div>\n<\/div>\n<div class=\"field field-name-field-proy-objetivos field-type-text-long field-label-above\" style=\"text-align: justify;\">\n<div class=\"field-label\"><strong>Objectives:\u00a0<\/strong><\/div>\n<div class=\"field-items\">\n<div class=\"field-item even\">\n<ul>\n<li>El objetivo de esta investigaci\u00f3n es profundizar en los motivos de esta anomal\u00eda estudiando estos compuestos y sus derivados mediante c\u00e1lculos energ\u00e9ticos, e interpretarlos observando el efecto que pueden producir variables como las interacciones estereoelectr\u00f3nicas o el disolvente utilizado.<\/li>\n<\/ul>\n<\/div>\n<\/div>\n<\/div>\n<div class=\"field field-name-taxonomy-vocabulary-4 field-type-taxonomy-term-reference field-label-hidden\"><\/div>","protected":false},"excerpt":{"rendered":"<p>Investigadores:\u00a0 Juan Manuel Garrido,\u00a0Universidad de Extremadura Descripci\u00f3n:\u00a0 Algunos derivados de las 2-amino-2-desoxialdosas se presentan mayoritariamente bajo la forma anom\u00e9rica \u03b1 (hidroxilo anom\u00e9rico axial), lo cual tiene f\u00e1cil explicaci\u00f3n invocando el &#8230;<\/p>","protected":false},"author":1,"featured_media":0,"parent":0,"menu_order":0,"comment_status":"closed","ping_status":"closed","template":"","meta":{"footnotes":""},"categories":[103,81],"tags":[],"class_list":["post-2505","page","type-page","status-publish","hentry","category-ciencias-de-la-vida","category-proyectos"],"yoast_head":"<!-- This site is optimized with the Yoast SEO plugin v27.1.1 - https:\/\/yoast.com\/product\/yoast-seo-wordpress\/ -->\n<title>Efectos estereoelectr\u00f3nicos y del disolvente en las conformaciones de heterociclos saturados de 5 y 6 miembros - Fundaci\u00f3n COMPUTAEX<\/title>\n<meta name=\"robots\" content=\"index, follow, max-snippet:-1, max-image-preview:large, max-video-preview:-1\" \/>\n<link rel=\"canonical\" href=\"https:\/\/computaex.es\/en\/proyecto-efectos-estereoelectronicos-y-del-disolvente-en-las-conformaciones-de-heterociclos-saturados-de-5-y-6-miembros\/\" \/>\n<meta property=\"og:locale\" content=\"en_US\" \/>\n<meta property=\"og:type\" content=\"article\" \/>\n<meta property=\"og:title\" content=\"Efectos estereoelectr\u00f3nicos y del disolvente en las conformaciones de heterociclos saturados de 5 y 6 miembros - Fundaci\u00f3n COMPUTAEX\" \/>\n<meta property=\"og:description\" content=\"Investigadores:\u00a0 Juan Manuel Garrido,\u00a0Universidad de Extremadura Descripci\u00f3n:\u00a0 Algunos derivados de las 2-amino-2-desoxialdosas se presentan mayoritariamente bajo la forma anom\u00e9rica \u03b1 (hidroxilo anom\u00e9rico axial), lo cual tiene f\u00e1cil explicaci\u00f3n invocando el ...\" \/>\n<meta property=\"og:url\" content=\"https:\/\/computaex.es\/en\/proyecto-efectos-estereoelectronicos-y-del-disolvente-en-las-conformaciones-de-heterociclos-saturados-de-5-y-6-miembros\/\" \/>\n<meta property=\"og:site_name\" content=\"Fundaci\u00f3n COMPUTAEX\" \/>\n<meta property=\"article:publisher\" content=\"https:\/\/m.facebook.com\/computaex\/\" \/>\n<meta property=\"article:modified_time\" content=\"2025-07-23T12:24:36+00:00\" \/>\n<meta property=\"og:image\" content=\"https:\/\/computaex.es\/wp-content\/uploads\/2025\/08\/COMPUTAEX.jpg\" \/>\n\t<meta property=\"og:image:width\" content=\"1024\" \/>\n\t<meta property=\"og:image:height\" content=\"403\" \/>\n\t<meta property=\"og:image:type\" content=\"image\/jpeg\" \/>\n<meta name=\"twitter:card\" content=\"summary_large_image\" \/>\n<meta name=\"twitter:site\" content=\"@computaex\" \/>\n<meta name=\"twitter:label1\" content=\"Est. reading time\" \/>\n\t<meta name=\"twitter:data1\" content=\"1 minute\" \/>\n<script type=\"application\/ld+json\" class=\"yoast-schema-graph\">{\"@context\":\"https:\/\/schema.org\",\"@graph\":[{\"@type\":\"WebPage\",\"@id\":\"https:\/\/computaex.es\/proyecto-efectos-estereoelectronicos-y-del-disolvente-en-las-conformaciones-de-heterociclos-saturados-de-5-y-6-miembros\/\",\"url\":\"https:\/\/computaex.es\/proyecto-efectos-estereoelectronicos-y-del-disolvente-en-las-conformaciones-de-heterociclos-saturados-de-5-y-6-miembros\/\",\"name\":\"Efectos estereoelectr\u00f3nicos y del disolvente en las conformaciones de heterociclos saturados de 5 y 6 miembros - Fundaci\u00f3n COMPUTAEX\",\"isPartOf\":{\"@id\":\"https:\/\/computaex.es\/#website\"},\"datePublished\":\"2024-04-11T07:15:07+00:00\",\"dateModified\":\"2025-07-23T12:24:36+00:00\",\"breadcrumb\":{\"@id\":\"https:\/\/computaex.es\/proyecto-efectos-estereoelectronicos-y-del-disolvente-en-las-conformaciones-de-heterociclos-saturados-de-5-y-6-miembros\/#breadcrumb\"},\"inLanguage\":\"en-US\",\"potentialAction\":[{\"@type\":\"ReadAction\",\"target\":[\"https:\/\/computaex.es\/proyecto-efectos-estereoelectronicos-y-del-disolvente-en-las-conformaciones-de-heterociclos-saturados-de-5-y-6-miembros\/\"]}]},{\"@type\":\"BreadcrumbList\",\"@id\":\"https:\/\/computaex.es\/proyecto-efectos-estereoelectronicos-y-del-disolvente-en-las-conformaciones-de-heterociclos-saturados-de-5-y-6-miembros\/#breadcrumb\",\"itemListElement\":[{\"@type\":\"ListItem\",\"position\":1,\"name\":\"Portada\",\"item\":\"https:\/\/computaex.es\/\"},{\"@type\":\"ListItem\",\"position\":2,\"name\":\"Efectos estereoelectr\u00f3nicos y del disolvente en las conformaciones de heterociclos saturados de 5 y 6 miembros\"}]},{\"@type\":\"WebSite\",\"@id\":\"https:\/\/computaex.es\/#website\",\"url\":\"https:\/\/computaex.es\/\",\"name\":\"Fundaci\u00f3n COMPUTAEX\",\"description\":\"COMPUTAEX\",\"publisher\":{\"@id\":\"https:\/\/computaex.es\/#organization\"},\"potentialAction\":[{\"@type\":\"SearchAction\",\"target\":{\"@type\":\"EntryPoint\",\"urlTemplate\":\"https:\/\/computaex.es\/?s={search_term_string}\"},\"query-input\":{\"@type\":\"PropertyValueSpecification\",\"valueRequired\":true,\"valueName\":\"search_term_string\"}}],\"inLanguage\":\"en-US\"},{\"@type\":\"Organization\",\"@id\":\"https:\/\/computaex.es\/#organization\",\"name\":\"COMPUTAEX\",\"url\":\"https:\/\/computaex.es\/\",\"logo\":{\"@type\":\"ImageObject\",\"inLanguage\":\"en-US\",\"@id\":\"https:\/\/computaex.es\/#\/schema\/logo\/image\/\",\"url\":\"https:\/\/computaex.es\/wp-content\/uploads\/2025\/05\/cropped-COMPUTAEX_transparente-scaled-1.png\",\"contentUrl\":\"https:\/\/computaex.es\/wp-content\/uploads\/2025\/05\/cropped-COMPUTAEX_transparente-scaled-1.png\",\"width\":2560,\"height\":970,\"caption\":\"COMPUTAEX\"},\"image\":{\"@id\":\"https:\/\/computaex.es\/#\/schema\/logo\/image\/\"},\"sameAs\":[\"https:\/\/m.facebook.com\/computaex\/\",\"https:\/\/x.com\/computaex\",\"https:\/\/es.linkedin.com\/company\/cenits\"]}]}<\/script>\n<!-- \/ Yoast SEO plugin. -->","yoast_head_json":{"title":"Efectos estereoelectr\u00f3nicos y del disolvente en las conformaciones de heterociclos saturados de 5 y 6 miembros - Fundaci\u00f3n COMPUTAEX","robots":{"index":"index","follow":"follow","max-snippet":"max-snippet:-1","max-image-preview":"max-image-preview:large","max-video-preview":"max-video-preview:-1"},"canonical":"https:\/\/computaex.es\/en\/proyecto-efectos-estereoelectronicos-y-del-disolvente-en-las-conformaciones-de-heterociclos-saturados-de-5-y-6-miembros\/","og_locale":"en_US","og_type":"article","og_title":"Efectos estereoelectr\u00f3nicos y del disolvente en las conformaciones de heterociclos saturados de 5 y 6 miembros - Fundaci\u00f3n COMPUTAEX","og_description":"Investigadores:\u00a0 Juan Manuel Garrido,\u00a0Universidad de Extremadura Descripci\u00f3n:\u00a0 Algunos derivados de las 2-amino-2-desoxialdosas se presentan mayoritariamente bajo la forma anom\u00e9rica \u03b1 (hidroxilo anom\u00e9rico axial), lo cual tiene f\u00e1cil explicaci\u00f3n invocando el ...","og_url":"https:\/\/computaex.es\/en\/proyecto-efectos-estereoelectronicos-y-del-disolvente-en-las-conformaciones-de-heterociclos-saturados-de-5-y-6-miembros\/","og_site_name":"Fundaci\u00f3n COMPUTAEX","article_publisher":"https:\/\/m.facebook.com\/computaex\/","article_modified_time":"2025-07-23T12:24:36+00:00","og_image":[{"width":1024,"height":403,"url":"https:\/\/computaex.es\/wp-content\/uploads\/2025\/08\/COMPUTAEX.jpg","type":"image\/jpeg"}],"twitter_card":"summary_large_image","twitter_site":"@computaex","twitter_misc":{"Est. reading time":"1 minute"},"schema":{"@context":"https:\/\/schema.org","@graph":[{"@type":"WebPage","@id":"https:\/\/computaex.es\/proyecto-efectos-estereoelectronicos-y-del-disolvente-en-las-conformaciones-de-heterociclos-saturados-de-5-y-6-miembros\/","url":"https:\/\/computaex.es\/proyecto-efectos-estereoelectronicos-y-del-disolvente-en-las-conformaciones-de-heterociclos-saturados-de-5-y-6-miembros\/","name":"Efectos estereoelectr\u00f3nicos y del disolvente en las conformaciones de heterociclos saturados de 5 y 6 miembros - Fundaci\u00f3n COMPUTAEX","isPartOf":{"@id":"https:\/\/computaex.es\/#website"},"datePublished":"2024-04-11T07:15:07+00:00","dateModified":"2025-07-23T12:24:36+00:00","breadcrumb":{"@id":"https:\/\/computaex.es\/proyecto-efectos-estereoelectronicos-y-del-disolvente-en-las-conformaciones-de-heterociclos-saturados-de-5-y-6-miembros\/#breadcrumb"},"inLanguage":"en-US","potentialAction":[{"@type":"ReadAction","target":["https:\/\/computaex.es\/proyecto-efectos-estereoelectronicos-y-del-disolvente-en-las-conformaciones-de-heterociclos-saturados-de-5-y-6-miembros\/"]}]},{"@type":"BreadcrumbList","@id":"https:\/\/computaex.es\/proyecto-efectos-estereoelectronicos-y-del-disolvente-en-las-conformaciones-de-heterociclos-saturados-de-5-y-6-miembros\/#breadcrumb","itemListElement":[{"@type":"ListItem","position":1,"name":"Portada","item":"https:\/\/computaex.es\/"},{"@type":"ListItem","position":2,"name":"Efectos estereoelectr\u00f3nicos y del disolvente en las conformaciones de heterociclos saturados de 5 y 6 miembros"}]},{"@type":"WebSite","@id":"https:\/\/computaex.es\/#website","url":"https:\/\/computaex.es\/","name":"COMPUTAEX Foundation","description":"COMPUTAEX","publisher":{"@id":"https:\/\/computaex.es\/#organization"},"potentialAction":[{"@type":"SearchAction","target":{"@type":"EntryPoint","urlTemplate":"https:\/\/computaex.es\/?s={search_term_string}"},"query-input":{"@type":"PropertyValueSpecification","valueRequired":true,"valueName":"search_term_string"}}],"inLanguage":"en-US"},{"@type":"Organization","@id":"https:\/\/computaex.es\/#organization","name":"COMPUTAEX","url":"https:\/\/computaex.es\/","logo":{"@type":"ImageObject","inLanguage":"en-US","@id":"https:\/\/computaex.es\/#\/schema\/logo\/image\/","url":"https:\/\/computaex.es\/wp-content\/uploads\/2025\/05\/cropped-COMPUTAEX_transparente-scaled-1.png","contentUrl":"https:\/\/computaex.es\/wp-content\/uploads\/2025\/05\/cropped-COMPUTAEX_transparente-scaled-1.png","width":2560,"height":970,"caption":"COMPUTAEX"},"image":{"@id":"https:\/\/computaex.es\/#\/schema\/logo\/image\/"},"sameAs":["https:\/\/m.facebook.com\/computaex\/","https:\/\/x.com\/computaex","https:\/\/es.linkedin.com\/company\/cenits"]}]}},"_links":{"self":[{"href":"https:\/\/computaex.es\/en\/wp-json\/wp\/v2\/pages\/2505","targetHints":{"allow":["GET"]}}],"collection":[{"href":"https:\/\/computaex.es\/en\/wp-json\/wp\/v2\/pages"}],"about":[{"href":"https:\/\/computaex.es\/en\/wp-json\/wp\/v2\/types\/page"}],"author":[{"embeddable":true,"href":"https:\/\/computaex.es\/en\/wp-json\/wp\/v2\/users\/1"}],"replies":[{"embeddable":true,"href":"https:\/\/computaex.es\/en\/wp-json\/wp\/v2\/comments?post=2505"}],"version-history":[{"count":4,"href":"https:\/\/computaex.es\/en\/wp-json\/wp\/v2\/pages\/2505\/revisions"}],"predecessor-version":[{"id":8396,"href":"https:\/\/computaex.es\/en\/wp-json\/wp\/v2\/pages\/2505\/revisions\/8396"}],"wp:attachment":[{"href":"https:\/\/computaex.es\/en\/wp-json\/wp\/v2\/media?parent=2505"}],"wp:term":[{"taxonomy":"category","embeddable":true,"href":"https:\/\/computaex.es\/en\/wp-json\/wp\/v2\/categories?post=2505"},{"taxonomy":"post_tag","embeddable":true,"href":"https:\/\/computaex.es\/en\/wp-json\/wp\/v2\/tags?post=2505"}],"curies":[{"name":"wp","href":"https:\/\/api.w.org\/{rel}","templated":true}]}}