{"id":2511,"date":"2024-04-11T09:15:55","date_gmt":"2024-04-11T07:15:55","guid":{"rendered":"http:\/\/10.128.3.28\/?page_id=2511"},"modified":"2025-07-23T14:26:00","modified_gmt":"2025-07-23T12:26:00","slug":"proyecto-eister-e-infranet-sustainability-training-and-educational-resource","status":"publish","type":"page","link":"https:\/\/computaex.es\/en\/proyecto-eister-e-infranet-sustainability-training-and-educational-resource\/","title":{"rendered":"EISTER &#8211; e-Infranet Sustainability Training and Educational Resource"},"content":{"rendered":"<div class=\"field field-name-field-proy-investigadores field-type-text-long field-label-above\">\n<div class=\"field-label\" style=\"text-align: justify;\"><strong>Researchers:\u00a0<\/strong><\/div>\n<div class=\"field-items\" style=\"text-align: justify;\">\n<div class=\"field-item even\">\n<ul>\n<li><a href=\"\/en\/\">COMPUTAEX<\/a> trabaj\u00f3 en el proyecto e-InfraNet junto a socios de pa\u00edses europeos con experiencia en Green ICT: <a href=\"http:\/\/www.howest.be\/\">University College of West Flanders<\/a>\u00a0(Howest, B\u00e9lgica),\u00a0<a href=\"http:\/\/www.ucd.ie\/\">University College\u00a0Dublin<\/a>\u00a0(Dublin, Irlanda),\u00a0<a href=\"http:\/\/www.leedsbeckett.ac.uk\/\">Leeds Metropolitan University<\/a>\u00a0(Leeds, Reino Unido) y\u00a0<a href=\"http:\/\/www.ulisboa.pt\/\">Technical University of Lisbon<\/a>\u00a0(Lisboa, Portugal). Adem\u00e1s de con otros socios expertos en el desarrollo de la educaci\u00f3n a distancia y materiales on-line:\u00a0<a href=\"http:\/\/www.rtu.lv\/es\/\">Riga Technical University<\/a>\u00a0(Riga, Letonia) y\u00a0<a href=\"https:\/\/www.ou.nl\/\">Open Universiteit<\/a>\u00a0(Pa\u00edses Bajos) y con expertos en centros de datos de\u00a0<a href=\"https:\/\/www.kamk.fi\/en\">Kajaani University of Applied Sciences<\/a>\u00a0(Kajaani, Finlandia).<\/li>\n<\/ul>\n<\/div>\n<\/div>\n<\/div>\n<div class=\"field field-name-field-proy-descripcion field-type-text-long field-label-above\" style=\"text-align: justify;\">\n<div class=\"field-label\"><strong>Description:\u00a0<\/strong><\/div>\n<div class=\"field-items\">\n<div class=\"field-item even\">\n<p>Este proyecto fue presentado a una call de un proyecto encuadrado dentro\u00a0<a href=\"http:\/\/\/en\/eur-lex.europa.eu\/legal-content\/ES\/TXT\/?uri=uriserv:i23022\">S\u00e9ptimo Programa Marco<\/a>, el cu\u00e1l agrupa todas las iniciativas comunitarias relativas a la investigaci\u00f3n bajo un mismo techo y desempe\u00f1a un papel crucial en el logro de los objetivos de crecimiento, competitividad y empleo, complementado por el nuevo\u00a0<a href=\"http:\/\/\/en\/ec.europa.eu\/cip\/index_es.htm\/\">Programa Marco para la Competitividad y la Innovaci\u00f3n (CIP)<\/a>, programas de educaci\u00f3n y formaci\u00f3n y\u00a0<a href=\"http:\/\/\/en\/ec.europa.eu\/contracts_grants\/funds_es.htm\/\">Fondos Estructurales y de Cohesi\u00f3n<\/a>\u00a0en apoyo de la convergencia y la competitividad de las regiones. Constituye tambi\u00e9n un pilar fundamental del\u00a0<a href=\"http:\/\/www.isciii.es\/ISCIII\/es\/contenidos\/fd-internacional\/espacio-europeo-investigacion.shtml\">Espacio Europeo de Investigaci\u00f3n (EEI)<\/a>.<\/p>\n<\/div>\n<\/div>\n<\/div>\n<div class=\"field field-name-field-proy-objetivos field-type-text-long field-label-above\" style=\"text-align: justify;\">\n<div class=\"field-label\"><strong>Objectives:\u00a0<\/strong><\/div>\n<div class=\"field-items\">\n<div class=\"field-item even\">\n<ul>\n<li>El objetivo de este proyecto fue el desarrollo de un programa educativo sobre la sostenibilidad verde de las tecnolog\u00edas de la informaci\u00f3n y la comunicaci\u00f3n, consistente en 3 partes vinculadas y en evoluci\u00f3n: material para una conferencia de sensibilizaci\u00f3n como parte del Workshop de introducci\u00f3n al curso; un curso de formaci\u00f3n para los profesiones de e-infraestructuras para que adquieran el conocimiento y las habilidades necesarias para llevar a cabo una auditor\u00eda de sostenibilidad y preparar una estrategia para actualizar el centro de datos; la implementaci\u00f3n de una hoja de ruta para el curso y un m\u00e1ster, empezando por un curso breve hasta llegar al programa completo.<\/li>\n<\/ul>\n<\/div>\n<\/div>\n<\/div>\n<div class=\"field field-name-taxonomy-vocabulary-4 field-type-taxonomy-term-reference field-label-hidden\" style=\"text-align: justify;\"><\/div>","protected":false},"excerpt":{"rendered":"<p>Investigadores:\u00a0 COMPUTAEX trabaj\u00f3 en el proyecto e-InfraNet junto a socios de pa\u00edses europeos con experiencia en Green ICT: University College of West Flanders\u00a0(Howest, B\u00e9lgica),\u00a0University College\u00a0Dublin\u00a0(Dublin, Irlanda),\u00a0Leeds Metropolitan University\u00a0(Leeds, Reino Unido) &#8230;<\/p>","protected":false},"author":1,"featured_media":0,"parent":0,"menu_order":0,"comment_status":"closed","ping_status":"closed","template":"","meta":{"footnotes":""},"categories":[104,81],"tags":[],"class_list":["post-2511","page","type-page","status-publish","hentry","category-ciencias-informaticas-y-de-comunicaciones","category-proyectos"],"yoast_head":"<!-- This site is optimized with the Yoast SEO plugin v27.1.1 - https:\/\/yoast.com\/product\/yoast-seo-wordpress\/ -->\n<title>EISTER - e-Infranet Sustainability Training and Educational Resource - Fundaci\u00f3n COMPUTAEX<\/title>\n<meta name=\"robots\" content=\"index, follow, max-snippet:-1, max-image-preview:large, max-video-preview:-1\" \/>\n<link rel=\"canonical\" href=\"https:\/\/computaex.es\/en\/proyecto-eister-e-infranet-sustainability-training-and-educational-resource\/\" \/>\n<meta property=\"og:locale\" content=\"en_US\" \/>\n<meta property=\"og:type\" content=\"article\" \/>\n<meta property=\"og:title\" content=\"EISTER - e-Infranet Sustainability Training and Educational Resource - Fundaci\u00f3n COMPUTAEX\" \/>\n<meta property=\"og:description\" content=\"Investigadores:\u00a0 COMPUTAEX trabaj\u00f3 en el proyecto e-InfraNet junto a socios de pa\u00edses europeos con experiencia en Green ICT: University College of West Flanders\u00a0(Howest, B\u00e9lgica),\u00a0University College\u00a0Dublin\u00a0(Dublin, Irlanda),\u00a0Leeds Metropolitan University\u00a0(Leeds, Reino Unido) ...\" \/>\n<meta property=\"og:url\" content=\"https:\/\/computaex.es\/en\/proyecto-eister-e-infranet-sustainability-training-and-educational-resource\/\" \/>\n<meta property=\"og:site_name\" content=\"Fundaci\u00f3n COMPUTAEX\" \/>\n<meta property=\"article:publisher\" content=\"https:\/\/m.facebook.com\/computaex\/\" \/>\n<meta property=\"article:modified_time\" content=\"2025-07-23T12:26:00+00:00\" \/>\n<meta property=\"og:image\" content=\"https:\/\/computaex.es\/wp-content\/uploads\/2025\/08\/COMPUTAEX.jpg\" \/>\n\t<meta property=\"og:image:width\" content=\"1024\" \/>\n\t<meta property=\"og:image:height\" content=\"403\" \/>\n\t<meta property=\"og:image:type\" content=\"image\/jpeg\" \/>\n<meta name=\"twitter:card\" content=\"summary_large_image\" \/>\n<meta name=\"twitter:site\" content=\"@computaex\" \/>\n<meta name=\"twitter:label1\" content=\"Est. reading time\" \/>\n\t<meta name=\"twitter:data1\" content=\"2 minutes\" \/>\n<script type=\"application\/ld+json\" class=\"yoast-schema-graph\">{\"@context\":\"https:\/\/schema.org\",\"@graph\":[{\"@type\":\"WebPage\",\"@id\":\"https:\/\/computaex.es\/proyecto-eister-e-infranet-sustainability-training-and-educational-resource\/\",\"url\":\"https:\/\/computaex.es\/proyecto-eister-e-infranet-sustainability-training-and-educational-resource\/\",\"name\":\"EISTER - e-Infranet Sustainability Training and Educational Resource - Fundaci\u00f3n COMPUTAEX\",\"isPartOf\":{\"@id\":\"https:\/\/computaex.es\/#website\"},\"datePublished\":\"2024-04-11T07:15:55+00:00\",\"dateModified\":\"2025-07-23T12:26:00+00:00\",\"breadcrumb\":{\"@id\":\"https:\/\/computaex.es\/proyecto-eister-e-infranet-sustainability-training-and-educational-resource\/#breadcrumb\"},\"inLanguage\":\"en-US\",\"potentialAction\":[{\"@type\":\"ReadAction\",\"target\":[\"https:\/\/computaex.es\/proyecto-eister-e-infranet-sustainability-training-and-educational-resource\/\"]}]},{\"@type\":\"BreadcrumbList\",\"@id\":\"https:\/\/computaex.es\/proyecto-eister-e-infranet-sustainability-training-and-educational-resource\/#breadcrumb\",\"itemListElement\":[{\"@type\":\"ListItem\",\"position\":1,\"name\":\"Portada\",\"item\":\"https:\/\/computaex.es\/\"},{\"@type\":\"ListItem\",\"position\":2,\"name\":\"EISTER &#8211; e-Infranet Sustainability Training and Educational Resource\"}]},{\"@type\":\"WebSite\",\"@id\":\"https:\/\/computaex.es\/#website\",\"url\":\"https:\/\/computaex.es\/\",\"name\":\"Fundaci\u00f3n COMPUTAEX\",\"description\":\"COMPUTAEX\",\"publisher\":{\"@id\":\"https:\/\/computaex.es\/#organization\"},\"potentialAction\":[{\"@type\":\"SearchAction\",\"target\":{\"@type\":\"EntryPoint\",\"urlTemplate\":\"https:\/\/computaex.es\/?s={search_term_string}\"},\"query-input\":{\"@type\":\"PropertyValueSpecification\",\"valueRequired\":true,\"valueName\":\"search_term_string\"}}],\"inLanguage\":\"en-US\"},{\"@type\":\"Organization\",\"@id\":\"https:\/\/computaex.es\/#organization\",\"name\":\"COMPUTAEX\",\"url\":\"https:\/\/computaex.es\/\",\"logo\":{\"@type\":\"ImageObject\",\"inLanguage\":\"en-US\",\"@id\":\"https:\/\/computaex.es\/#\/schema\/logo\/image\/\",\"url\":\"https:\/\/computaex.es\/wp-content\/uploads\/2025\/05\/cropped-COMPUTAEX_transparente-scaled-1.png\",\"contentUrl\":\"https:\/\/computaex.es\/wp-content\/uploads\/2025\/05\/cropped-COMPUTAEX_transparente-scaled-1.png\",\"width\":2560,\"height\":970,\"caption\":\"COMPUTAEX\"},\"image\":{\"@id\":\"https:\/\/computaex.es\/#\/schema\/logo\/image\/\"},\"sameAs\":[\"https:\/\/m.facebook.com\/computaex\/\",\"https:\/\/x.com\/computaex\",\"https:\/\/es.linkedin.com\/company\/cenits\"]}]}<\/script>\n<!-- \/ Yoast SEO plugin. -->","yoast_head_json":{"title":"EISTER - e-Infranet Sustainability Training and Educational Resource - Fundaci\u00f3n COMPUTAEX","robots":{"index":"index","follow":"follow","max-snippet":"max-snippet:-1","max-image-preview":"max-image-preview:large","max-video-preview":"max-video-preview:-1"},"canonical":"https:\/\/computaex.es\/en\/proyecto-eister-e-infranet-sustainability-training-and-educational-resource\/","og_locale":"en_US","og_type":"article","og_title":"EISTER - e-Infranet Sustainability Training and Educational Resource - Fundaci\u00f3n COMPUTAEX","og_description":"Investigadores:\u00a0 COMPUTAEX trabaj\u00f3 en el proyecto e-InfraNet junto a socios de pa\u00edses europeos con experiencia en Green ICT: University College of West Flanders\u00a0(Howest, B\u00e9lgica),\u00a0University College\u00a0Dublin\u00a0(Dublin, Irlanda),\u00a0Leeds Metropolitan University\u00a0(Leeds, Reino Unido) ...","og_url":"https:\/\/computaex.es\/en\/proyecto-eister-e-infranet-sustainability-training-and-educational-resource\/","og_site_name":"Fundaci\u00f3n COMPUTAEX","article_publisher":"https:\/\/m.facebook.com\/computaex\/","article_modified_time":"2025-07-23T12:26:00+00:00","og_image":[{"width":1024,"height":403,"url":"https:\/\/computaex.es\/wp-content\/uploads\/2025\/08\/COMPUTAEX.jpg","type":"image\/jpeg"}],"twitter_card":"summary_large_image","twitter_site":"@computaex","twitter_misc":{"Est. reading time":"2 minutes"},"schema":{"@context":"https:\/\/schema.org","@graph":[{"@type":"WebPage","@id":"https:\/\/computaex.es\/proyecto-eister-e-infranet-sustainability-training-and-educational-resource\/","url":"https:\/\/computaex.es\/proyecto-eister-e-infranet-sustainability-training-and-educational-resource\/","name":"EISTER - e-Infranet Sustainability Training and Educational Resource - Fundaci\u00f3n COMPUTAEX","isPartOf":{"@id":"https:\/\/computaex.es\/#website"},"datePublished":"2024-04-11T07:15:55+00:00","dateModified":"2025-07-23T12:26:00+00:00","breadcrumb":{"@id":"https:\/\/computaex.es\/proyecto-eister-e-infranet-sustainability-training-and-educational-resource\/#breadcrumb"},"inLanguage":"en-US","potentialAction":[{"@type":"ReadAction","target":["https:\/\/computaex.es\/proyecto-eister-e-infranet-sustainability-training-and-educational-resource\/"]}]},{"@type":"BreadcrumbList","@id":"https:\/\/computaex.es\/proyecto-eister-e-infranet-sustainability-training-and-educational-resource\/#breadcrumb","itemListElement":[{"@type":"ListItem","position":1,"name":"Portada","item":"https:\/\/computaex.es\/"},{"@type":"ListItem","position":2,"name":"EISTER &#8211; e-Infranet Sustainability Training and Educational Resource"}]},{"@type":"WebSite","@id":"https:\/\/computaex.es\/#website","url":"https:\/\/computaex.es\/","name":"COMPUTAEX Foundation","description":"COMPUTAEX","publisher":{"@id":"https:\/\/computaex.es\/#organization"},"potentialAction":[{"@type":"SearchAction","target":{"@type":"EntryPoint","urlTemplate":"https:\/\/computaex.es\/?s={search_term_string}"},"query-input":{"@type":"PropertyValueSpecification","valueRequired":true,"valueName":"search_term_string"}}],"inLanguage":"en-US"},{"@type":"Organization","@id":"https:\/\/computaex.es\/#organization","name":"COMPUTAEX","url":"https:\/\/computaex.es\/","logo":{"@type":"ImageObject","inLanguage":"en-US","@id":"https:\/\/computaex.es\/#\/schema\/logo\/image\/","url":"https:\/\/computaex.es\/wp-content\/uploads\/2025\/05\/cropped-COMPUTAEX_transparente-scaled-1.png","contentUrl":"https:\/\/computaex.es\/wp-content\/uploads\/2025\/05\/cropped-COMPUTAEX_transparente-scaled-1.png","width":2560,"height":970,"caption":"COMPUTAEX"},"image":{"@id":"https:\/\/computaex.es\/#\/schema\/logo\/image\/"},"sameAs":["https:\/\/m.facebook.com\/computaex\/","https:\/\/x.com\/computaex","https:\/\/es.linkedin.com\/company\/cenits"]}]}},"_links":{"self":[{"href":"https:\/\/computaex.es\/en\/wp-json\/wp\/v2\/pages\/2511","targetHints":{"allow":["GET"]}}],"collection":[{"href":"https:\/\/computaex.es\/en\/wp-json\/wp\/v2\/pages"}],"about":[{"href":"https:\/\/computaex.es\/en\/wp-json\/wp\/v2\/types\/page"}],"author":[{"embeddable":true,"href":"https:\/\/computaex.es\/en\/wp-json\/wp\/v2\/users\/1"}],"replies":[{"embeddable":true,"href":"https:\/\/computaex.es\/en\/wp-json\/wp\/v2\/comments?post=2511"}],"version-history":[{"count":5,"href":"https:\/\/computaex.es\/en\/wp-json\/wp\/v2\/pages\/2511\/revisions"}],"predecessor-version":[{"id":8398,"href":"https:\/\/computaex.es\/en\/wp-json\/wp\/v2\/pages\/2511\/revisions\/8398"}],"wp:attachment":[{"href":"https:\/\/computaex.es\/en\/wp-json\/wp\/v2\/media?parent=2511"}],"wp:term":[{"taxonomy":"category","embeddable":true,"href":"https:\/\/computaex.es\/en\/wp-json\/wp\/v2\/categories?post=2511"},{"taxonomy":"post_tag","embeddable":true,"href":"https:\/\/computaex.es\/en\/wp-json\/wp\/v2\/tags?post=2511"}],"curies":[{"name":"wp","href":"https:\/\/api.w.org\/{rel}","templated":true}]}}