{"id":2526,"date":"2024-04-11T09:18:14","date_gmt":"2024-04-11T07:18:14","guid":{"rendered":"http:\/\/10.128.3.28\/?page_id=2526"},"modified":"2025-07-24T09:35:20","modified_gmt":"2025-07-24T07:35:20","slug":"proyecto-proyecto-sysgobex","status":"publish","type":"page","link":"https:\/\/computaex.es\/en\/proyecto-proyecto-sysgobex\/","title":{"rendered":"Proyecto SysGobEx"},"content":{"rendered":"<div class=\"field field-name-field-proy-descripcion field-type-text-long field-label-above\">\n<div class=\"field-label\" style=\"text-align: justify;\"><strong>Description:\u00a0<\/strong><\/div>\n<div class=\"field-items\">\n<div class=\"field-item even\">\n<p style=\"text-align: justify;\">El SysGobEx, incluido como proyecto dentro del Plan de reordenaci\u00f3n del Entorno tecnol\u00f3gico de la administraci\u00f3n regional (Plan RETO), es un documento t\u00e9cnico que ten\u00eda como objetivo, por un lado, conseguir una foto fija sobre el entorno tecnol\u00f3gico de la administraci\u00f3n; trazar los objetivos de desarrollo futuro que permita ir tomando las decisiones m\u00e1s oportunas de adaptaci\u00f3n y nuevas incorporaciones de soluciones tecnol\u00f3gicas para la Administraci\u00f3n de acuerdo con la evoluci\u00f3n del sector.<\/p>\n<p style=\"text-align: justify;\">Aunque el documento aborda el estado actual y las perspectivas de futuro de la administraci\u00f3n p\u00fablica solamente, el\u00a0<a href=\"http:\/\/www.gobex.es\/web\/\">Gobierno de Extremadura<\/a>, en su apuesta por la transparencia y el fomento de la calidad empresarial, present\u00f3 el Plan estrat\u00e9gico a los empresarios y profesionales del sector para que tuvieran conocimiento de a d\u00f3nde se dirige la pol\u00edtica tecnol\u00f3gica de la Administraci\u00f3n regional.<\/p>\n<\/div>\n<\/div>\n<\/div>","protected":false},"excerpt":{"rendered":"<p>Descripci\u00f3n:\u00a0 El SysGobEx, incluido como proyecto dentro del Plan de reordenaci\u00f3n del Entorno tecnol\u00f3gico de la administraci\u00f3n regional (Plan RETO), es un documento t\u00e9cnico que ten\u00eda como objetivo, por un &#8230;<\/p>","protected":false},"author":1,"featured_media":0,"parent":0,"menu_order":0,"comment_status":"closed","ping_status":"closed","template":"","meta":{"footnotes":""},"categories":[104,81],"tags":[],"class_list":["post-2526","page","type-page","status-publish","hentry","category-ciencias-informaticas-y-de-comunicaciones","category-proyectos"],"yoast_head":"<!-- This site is optimized with the Yoast SEO plugin v27.1.1 - https:\/\/yoast.com\/product\/yoast-seo-wordpress\/ -->\n<title>Proyecto SysGobEx - Fundaci\u00f3n COMPUTAEX<\/title>\n<meta name=\"robots\" content=\"index, follow, max-snippet:-1, max-image-preview:large, max-video-preview:-1\" \/>\n<link rel=\"canonical\" href=\"https:\/\/computaex.es\/en\/proyecto-proyecto-sysgobex\/\" \/>\n<meta property=\"og:locale\" content=\"en_US\" \/>\n<meta property=\"og:type\" content=\"article\" \/>\n<meta property=\"og:title\" content=\"Proyecto SysGobEx - Fundaci\u00f3n COMPUTAEX\" \/>\n<meta property=\"og:description\" content=\"Descripci\u00f3n:\u00a0 El SysGobEx, incluido como proyecto dentro del Plan de reordenaci\u00f3n del Entorno tecnol\u00f3gico de la administraci\u00f3n regional (Plan RETO), es un documento t\u00e9cnico que ten\u00eda como objetivo, por un ...\" \/>\n<meta property=\"og:url\" content=\"https:\/\/computaex.es\/en\/proyecto-proyecto-sysgobex\/\" \/>\n<meta property=\"og:site_name\" content=\"Fundaci\u00f3n COMPUTAEX\" \/>\n<meta property=\"article:publisher\" content=\"https:\/\/m.facebook.com\/computaex\/\" \/>\n<meta property=\"article:modified_time\" content=\"2025-07-24T07:35:20+00:00\" \/>\n<meta property=\"og:image\" content=\"https:\/\/computaex.es\/wp-content\/uploads\/2025\/08\/COMPUTAEX.jpg\" \/>\n\t<meta property=\"og:image:width\" content=\"1024\" \/>\n\t<meta property=\"og:image:height\" content=\"403\" \/>\n\t<meta property=\"og:image:type\" content=\"image\/jpeg\" \/>\n<meta name=\"twitter:card\" content=\"summary_large_image\" \/>\n<meta name=\"twitter:site\" content=\"@computaex\" \/>\n<meta name=\"twitter:label1\" content=\"Est. reading time\" \/>\n\t<meta name=\"twitter:data1\" content=\"1 minute\" \/>\n<script type=\"application\/ld+json\" class=\"yoast-schema-graph\">{\"@context\":\"https:\/\/schema.org\",\"@graph\":[{\"@type\":\"WebPage\",\"@id\":\"https:\/\/computaex.es\/proyecto-proyecto-sysgobex\/\",\"url\":\"https:\/\/computaex.es\/proyecto-proyecto-sysgobex\/\",\"name\":\"Proyecto SysGobEx - Fundaci\u00f3n COMPUTAEX\",\"isPartOf\":{\"@id\":\"https:\/\/computaex.es\/#website\"},\"datePublished\":\"2024-04-11T07:18:14+00:00\",\"dateModified\":\"2025-07-24T07:35:20+00:00\",\"breadcrumb\":{\"@id\":\"https:\/\/computaex.es\/proyecto-proyecto-sysgobex\/#breadcrumb\"},\"inLanguage\":\"en-US\",\"potentialAction\":[{\"@type\":\"ReadAction\",\"target\":[\"https:\/\/computaex.es\/proyecto-proyecto-sysgobex\/\"]}]},{\"@type\":\"BreadcrumbList\",\"@id\":\"https:\/\/computaex.es\/proyecto-proyecto-sysgobex\/#breadcrumb\",\"itemListElement\":[{\"@type\":\"ListItem\",\"position\":1,\"name\":\"Portada\",\"item\":\"https:\/\/computaex.es\/\"},{\"@type\":\"ListItem\",\"position\":2,\"name\":\"Proyecto SysGobEx\"}]},{\"@type\":\"WebSite\",\"@id\":\"https:\/\/computaex.es\/#website\",\"url\":\"https:\/\/computaex.es\/\",\"name\":\"Fundaci\u00f3n COMPUTAEX\",\"description\":\"COMPUTAEX\",\"publisher\":{\"@id\":\"https:\/\/computaex.es\/#organization\"},\"potentialAction\":[{\"@type\":\"SearchAction\",\"target\":{\"@type\":\"EntryPoint\",\"urlTemplate\":\"https:\/\/computaex.es\/?s={search_term_string}\"},\"query-input\":{\"@type\":\"PropertyValueSpecification\",\"valueRequired\":true,\"valueName\":\"search_term_string\"}}],\"inLanguage\":\"en-US\"},{\"@type\":\"Organization\",\"@id\":\"https:\/\/computaex.es\/#organization\",\"name\":\"COMPUTAEX\",\"url\":\"https:\/\/computaex.es\/\",\"logo\":{\"@type\":\"ImageObject\",\"inLanguage\":\"en-US\",\"@id\":\"https:\/\/computaex.es\/#\/schema\/logo\/image\/\",\"url\":\"https:\/\/computaex.es\/wp-content\/uploads\/2025\/05\/cropped-COMPUTAEX_transparente-scaled-1.png\",\"contentUrl\":\"https:\/\/computaex.es\/wp-content\/uploads\/2025\/05\/cropped-COMPUTAEX_transparente-scaled-1.png\",\"width\":2560,\"height\":970,\"caption\":\"COMPUTAEX\"},\"image\":{\"@id\":\"https:\/\/computaex.es\/#\/schema\/logo\/image\/\"},\"sameAs\":[\"https:\/\/m.facebook.com\/computaex\/\",\"https:\/\/x.com\/computaex\",\"https:\/\/es.linkedin.com\/company\/cenits\"]}]}<\/script>\n<!-- \/ Yoast SEO plugin. -->","yoast_head_json":{"title":"Proyecto SysGobEx - Fundaci\u00f3n COMPUTAEX","robots":{"index":"index","follow":"follow","max-snippet":"max-snippet:-1","max-image-preview":"max-image-preview:large","max-video-preview":"max-video-preview:-1"},"canonical":"https:\/\/computaex.es\/en\/proyecto-proyecto-sysgobex\/","og_locale":"en_US","og_type":"article","og_title":"Proyecto SysGobEx - Fundaci\u00f3n COMPUTAEX","og_description":"Descripci\u00f3n:\u00a0 El SysGobEx, incluido como proyecto dentro del Plan de reordenaci\u00f3n del Entorno tecnol\u00f3gico de la administraci\u00f3n regional (Plan RETO), es un documento t\u00e9cnico que ten\u00eda como objetivo, por un ...","og_url":"https:\/\/computaex.es\/en\/proyecto-proyecto-sysgobex\/","og_site_name":"Fundaci\u00f3n COMPUTAEX","article_publisher":"https:\/\/m.facebook.com\/computaex\/","article_modified_time":"2025-07-24T07:35:20+00:00","og_image":[{"width":1024,"height":403,"url":"https:\/\/computaex.es\/wp-content\/uploads\/2025\/08\/COMPUTAEX.jpg","type":"image\/jpeg"}],"twitter_card":"summary_large_image","twitter_site":"@computaex","twitter_misc":{"Est. reading time":"1 minute"},"schema":{"@context":"https:\/\/schema.org","@graph":[{"@type":"WebPage","@id":"https:\/\/computaex.es\/proyecto-proyecto-sysgobex\/","url":"https:\/\/computaex.es\/proyecto-proyecto-sysgobex\/","name":"Proyecto SysGobEx - Fundaci\u00f3n COMPUTAEX","isPartOf":{"@id":"https:\/\/computaex.es\/#website"},"datePublished":"2024-04-11T07:18:14+00:00","dateModified":"2025-07-24T07:35:20+00:00","breadcrumb":{"@id":"https:\/\/computaex.es\/proyecto-proyecto-sysgobex\/#breadcrumb"},"inLanguage":"en-US","potentialAction":[{"@type":"ReadAction","target":["https:\/\/computaex.es\/proyecto-proyecto-sysgobex\/"]}]},{"@type":"BreadcrumbList","@id":"https:\/\/computaex.es\/proyecto-proyecto-sysgobex\/#breadcrumb","itemListElement":[{"@type":"ListItem","position":1,"name":"Portada","item":"https:\/\/computaex.es\/"},{"@type":"ListItem","position":2,"name":"Proyecto SysGobEx"}]},{"@type":"WebSite","@id":"https:\/\/computaex.es\/#website","url":"https:\/\/computaex.es\/","name":"COMPUTAEX Foundation","description":"COMPUTAEX","publisher":{"@id":"https:\/\/computaex.es\/#organization"},"potentialAction":[{"@type":"SearchAction","target":{"@type":"EntryPoint","urlTemplate":"https:\/\/computaex.es\/?s={search_term_string}"},"query-input":{"@type":"PropertyValueSpecification","valueRequired":true,"valueName":"search_term_string"}}],"inLanguage":"en-US"},{"@type":"Organization","@id":"https:\/\/computaex.es\/#organization","name":"COMPUTAEX","url":"https:\/\/computaex.es\/","logo":{"@type":"ImageObject","inLanguage":"en-US","@id":"https:\/\/computaex.es\/#\/schema\/logo\/image\/","url":"https:\/\/computaex.es\/wp-content\/uploads\/2025\/05\/cropped-COMPUTAEX_transparente-scaled-1.png","contentUrl":"https:\/\/computaex.es\/wp-content\/uploads\/2025\/05\/cropped-COMPUTAEX_transparente-scaled-1.png","width":2560,"height":970,"caption":"COMPUTAEX"},"image":{"@id":"https:\/\/computaex.es\/#\/schema\/logo\/image\/"},"sameAs":["https:\/\/m.facebook.com\/computaex\/","https:\/\/x.com\/computaex","https:\/\/es.linkedin.com\/company\/cenits"]}]}},"_links":{"self":[{"href":"https:\/\/computaex.es\/en\/wp-json\/wp\/v2\/pages\/2526","targetHints":{"allow":["GET"]}}],"collection":[{"href":"https:\/\/computaex.es\/en\/wp-json\/wp\/v2\/pages"}],"about":[{"href":"https:\/\/computaex.es\/en\/wp-json\/wp\/v2\/types\/page"}],"author":[{"embeddable":true,"href":"https:\/\/computaex.es\/en\/wp-json\/wp\/v2\/users\/1"}],"replies":[{"embeddable":true,"href":"https:\/\/computaex.es\/en\/wp-json\/wp\/v2\/comments?post=2526"}],"version-history":[{"count":5,"href":"https:\/\/computaex.es\/en\/wp-json\/wp\/v2\/pages\/2526\/revisions"}],"predecessor-version":[{"id":8579,"href":"https:\/\/computaex.es\/en\/wp-json\/wp\/v2\/pages\/2526\/revisions\/8579"}],"wp:attachment":[{"href":"https:\/\/computaex.es\/en\/wp-json\/wp\/v2\/media?parent=2526"}],"wp:term":[{"taxonomy":"category","embeddable":true,"href":"https:\/\/computaex.es\/en\/wp-json\/wp\/v2\/categories?post=2526"},{"taxonomy":"post_tag","embeddable":true,"href":"https:\/\/computaex.es\/en\/wp-json\/wp\/v2\/tags?post=2526"}],"curies":[{"name":"wp","href":"https:\/\/api.w.org\/{rel}","templated":true}]}}