{"id":2528,"date":"2024-04-11T09:18:32","date_gmt":"2024-04-11T07:18:32","guid":{"rendered":"http:\/\/10.128.3.28\/?page_id=2528"},"modified":"2025-07-24T09:35:04","modified_gmt":"2025-07-24T07:35:04","slug":"proyecto-proyecto-sede","status":"publish","type":"page","link":"https:\/\/computaex.es\/en\/proyecto-proyecto-sede\/","title":{"rendered":"Proyecto SEDE"},"content":{"rendered":"<div class=\"field field-name-field-proy-descripcion field-type-text-long field-label-above\">\n<div class=\"field-label\" style=\"text-align: justify;\"><strong>Description:\u00a0<\/strong><\/div>\n<div class=\"field-items\" style=\"text-align: justify;\">\n<div class=\"field-item even\">\n<p>La vigilancia estrat\u00e9gica en las empresas es una herramienta de gesti\u00f3n que proporciona, mediante el an\u00e1lisis temprano de la informaci\u00f3n, la capacidad de toma decisiones en un ecosistema empresarial global, teniendo en cuenta sus posibles futuros cambios de escenario.<\/p>\n<p>El uso de la supercomputaci\u00f3n para la aplicaci\u00f3n en la Vigilancia Estrat\u00e9gica, la Inteligencia Competitiva y la Inteligencia de Negocio, a\u00f1ade las opciones de predictibilidad y permite la anticipaci\u00f3n en escenarios de variables muy numerosas y complejas, aportando ventajas competitivas de gran valor empresarial.<\/p>\n<p><a href=\"http:\/\/www.cenits.es\/cenits\">C\u00e9nitS<\/a>\u00a0puso a disposici\u00f3n del proyecto SEDE sus recursos para desarrollar un sistema inform\u00e1tico automatizado y autoconfigurable, basado en la aplicaci\u00f3n de redes neuronales y l\u00f3gica difusa, capaz de medir y representar gr\u00e1ficamente la evoluci\u00f3n de los escenarios empresariales en los diversos entornos estrat\u00e9gicos.<\/p>\n<p>La herramienta fue desarrollada por la empresa\u00a0<a href=\"http:\/\/www.setici.net\/\">SET Inform\u00e1tica, Comunicaci\u00f3n e Ingenier\u00eda<\/a>\u00a0ubicada en Extremadura e\u00a0<a href=\"http:\/\/www.infocenter.es\/\">INFOCENTER<\/a>.<\/p>\n<\/div>\n<\/div>\n<\/div>\n<div class=\"field field-name-field-proy-objetivos-alcanzados field-type-text-long field-label-above\" style=\"text-align: justify;\">\n<div class=\"field-label\"><strong>Objetivos alcanzados:\u00a0<\/strong><\/div>\n<div class=\"field-items\">\n<div class=\"field-item even\">\n<ul>\n<li>Tras su puesta en marcha, permite dar respuesta a las necesidades de Vigilancia Estrat\u00e9gica de las empresas, aportando un sistema que proporciona ventaja competitiva, calidad de la informaci\u00f3n y usabilidad.<\/li>\n<\/ul>\n<\/div>\n<\/div>\n<\/div>\n<div class=\"field field-name-taxonomy-vocabulary-4 field-type-taxonomy-term-reference field-label-hidden\" style=\"text-align: justify;\"><\/div>","protected":false},"excerpt":{"rendered":"<p>Descripci\u00f3n:\u00a0 La vigilancia estrat\u00e9gica en las empresas es una herramienta de gesti\u00f3n que proporciona, mediante el an\u00e1lisis temprano de la informaci\u00f3n, la capacidad de toma decisiones en un ecosistema empresarial &#8230;<\/p>","protected":false},"author":1,"featured_media":0,"parent":0,"menu_order":0,"comment_status":"closed","ping_status":"closed","template":"","meta":{"footnotes":""},"categories":[104,81],"tags":[],"class_list":["post-2528","page","type-page","status-publish","hentry","category-ciencias-informaticas-y-de-comunicaciones","category-proyectos"],"yoast_head":"<!-- This site is optimized with the Yoast SEO plugin v27.1.1 - https:\/\/yoast.com\/product\/yoast-seo-wordpress\/ -->\n<title>Proyecto SEDE - Fundaci\u00f3n COMPUTAEX<\/title>\n<meta name=\"robots\" content=\"index, follow, max-snippet:-1, max-image-preview:large, max-video-preview:-1\" \/>\n<link rel=\"canonical\" href=\"https:\/\/computaex.es\/en\/proyecto-proyecto-sede\/\" \/>\n<meta property=\"og:locale\" content=\"en_US\" \/>\n<meta property=\"og:type\" content=\"article\" \/>\n<meta property=\"og:title\" content=\"Proyecto SEDE - Fundaci\u00f3n COMPUTAEX\" \/>\n<meta property=\"og:description\" content=\"Descripci\u00f3n:\u00a0 La vigilancia estrat\u00e9gica en las empresas es una herramienta de gesti\u00f3n que proporciona, mediante el an\u00e1lisis temprano de la informaci\u00f3n, la capacidad de toma decisiones en un ecosistema empresarial ...\" \/>\n<meta property=\"og:url\" content=\"https:\/\/computaex.es\/en\/proyecto-proyecto-sede\/\" \/>\n<meta property=\"og:site_name\" content=\"Fundaci\u00f3n COMPUTAEX\" \/>\n<meta property=\"article:publisher\" content=\"https:\/\/m.facebook.com\/computaex\/\" \/>\n<meta property=\"article:modified_time\" content=\"2025-07-24T07:35:04+00:00\" \/>\n<meta property=\"og:image\" content=\"https:\/\/computaex.es\/wp-content\/uploads\/2025\/08\/COMPUTAEX.jpg\" \/>\n\t<meta property=\"og:image:width\" content=\"1024\" \/>\n\t<meta property=\"og:image:height\" content=\"403\" \/>\n\t<meta property=\"og:image:type\" content=\"image\/jpeg\" \/>\n<meta name=\"twitter:card\" content=\"summary_large_image\" \/>\n<meta name=\"twitter:site\" content=\"@computaex\" \/>\n<meta name=\"twitter:label1\" content=\"Est. reading time\" \/>\n\t<meta name=\"twitter:data1\" content=\"1 minute\" \/>\n<script type=\"application\/ld+json\" class=\"yoast-schema-graph\">{\"@context\":\"https:\/\/schema.org\",\"@graph\":[{\"@type\":\"WebPage\",\"@id\":\"https:\/\/computaex.es\/proyecto-proyecto-sede\/\",\"url\":\"https:\/\/computaex.es\/proyecto-proyecto-sede\/\",\"name\":\"Proyecto SEDE - Fundaci\u00f3n COMPUTAEX\",\"isPartOf\":{\"@id\":\"https:\/\/computaex.es\/#website\"},\"datePublished\":\"2024-04-11T07:18:32+00:00\",\"dateModified\":\"2025-07-24T07:35:04+00:00\",\"breadcrumb\":{\"@id\":\"https:\/\/computaex.es\/proyecto-proyecto-sede\/#breadcrumb\"},\"inLanguage\":\"en-US\",\"potentialAction\":[{\"@type\":\"ReadAction\",\"target\":[\"https:\/\/computaex.es\/proyecto-proyecto-sede\/\"]}]},{\"@type\":\"BreadcrumbList\",\"@id\":\"https:\/\/computaex.es\/proyecto-proyecto-sede\/#breadcrumb\",\"itemListElement\":[{\"@type\":\"ListItem\",\"position\":1,\"name\":\"Portada\",\"item\":\"https:\/\/computaex.es\/\"},{\"@type\":\"ListItem\",\"position\":2,\"name\":\"Proyecto SEDE\"}]},{\"@type\":\"WebSite\",\"@id\":\"https:\/\/computaex.es\/#website\",\"url\":\"https:\/\/computaex.es\/\",\"name\":\"Fundaci\u00f3n COMPUTAEX\",\"description\":\"COMPUTAEX\",\"publisher\":{\"@id\":\"https:\/\/computaex.es\/#organization\"},\"potentialAction\":[{\"@type\":\"SearchAction\",\"target\":{\"@type\":\"EntryPoint\",\"urlTemplate\":\"https:\/\/computaex.es\/?s={search_term_string}\"},\"query-input\":{\"@type\":\"PropertyValueSpecification\",\"valueRequired\":true,\"valueName\":\"search_term_string\"}}],\"inLanguage\":\"en-US\"},{\"@type\":\"Organization\",\"@id\":\"https:\/\/computaex.es\/#organization\",\"name\":\"COMPUTAEX\",\"url\":\"https:\/\/computaex.es\/\",\"logo\":{\"@type\":\"ImageObject\",\"inLanguage\":\"en-US\",\"@id\":\"https:\/\/computaex.es\/#\/schema\/logo\/image\/\",\"url\":\"https:\/\/computaex.es\/wp-content\/uploads\/2025\/05\/cropped-COMPUTAEX_transparente-scaled-1.png\",\"contentUrl\":\"https:\/\/computaex.es\/wp-content\/uploads\/2025\/05\/cropped-COMPUTAEX_transparente-scaled-1.png\",\"width\":2560,\"height\":970,\"caption\":\"COMPUTAEX\"},\"image\":{\"@id\":\"https:\/\/computaex.es\/#\/schema\/logo\/image\/\"},\"sameAs\":[\"https:\/\/m.facebook.com\/computaex\/\",\"https:\/\/x.com\/computaex\",\"https:\/\/es.linkedin.com\/company\/cenits\"]}]}<\/script>\n<!-- \/ Yoast SEO plugin. -->","yoast_head_json":{"title":"Proyecto SEDE - Fundaci\u00f3n COMPUTAEX","robots":{"index":"index","follow":"follow","max-snippet":"max-snippet:-1","max-image-preview":"max-image-preview:large","max-video-preview":"max-video-preview:-1"},"canonical":"https:\/\/computaex.es\/en\/proyecto-proyecto-sede\/","og_locale":"en_US","og_type":"article","og_title":"Proyecto SEDE - Fundaci\u00f3n COMPUTAEX","og_description":"Descripci\u00f3n:\u00a0 La vigilancia estrat\u00e9gica en las empresas es una herramienta de gesti\u00f3n que proporciona, mediante el an\u00e1lisis temprano de la informaci\u00f3n, la capacidad de toma decisiones en un ecosistema empresarial ...","og_url":"https:\/\/computaex.es\/en\/proyecto-proyecto-sede\/","og_site_name":"Fundaci\u00f3n COMPUTAEX","article_publisher":"https:\/\/m.facebook.com\/computaex\/","article_modified_time":"2025-07-24T07:35:04+00:00","og_image":[{"width":1024,"height":403,"url":"https:\/\/computaex.es\/wp-content\/uploads\/2025\/08\/COMPUTAEX.jpg","type":"image\/jpeg"}],"twitter_card":"summary_large_image","twitter_site":"@computaex","twitter_misc":{"Est. reading time":"1 minute"},"schema":{"@context":"https:\/\/schema.org","@graph":[{"@type":"WebPage","@id":"https:\/\/computaex.es\/proyecto-proyecto-sede\/","url":"https:\/\/computaex.es\/proyecto-proyecto-sede\/","name":"Proyecto SEDE - Fundaci\u00f3n COMPUTAEX","isPartOf":{"@id":"https:\/\/computaex.es\/#website"},"datePublished":"2024-04-11T07:18:32+00:00","dateModified":"2025-07-24T07:35:04+00:00","breadcrumb":{"@id":"https:\/\/computaex.es\/proyecto-proyecto-sede\/#breadcrumb"},"inLanguage":"en-US","potentialAction":[{"@type":"ReadAction","target":["https:\/\/computaex.es\/proyecto-proyecto-sede\/"]}]},{"@type":"BreadcrumbList","@id":"https:\/\/computaex.es\/proyecto-proyecto-sede\/#breadcrumb","itemListElement":[{"@type":"ListItem","position":1,"name":"Portada","item":"https:\/\/computaex.es\/"},{"@type":"ListItem","position":2,"name":"Proyecto SEDE"}]},{"@type":"WebSite","@id":"https:\/\/computaex.es\/#website","url":"https:\/\/computaex.es\/","name":"COMPUTAEX Foundation","description":"COMPUTAEX","publisher":{"@id":"https:\/\/computaex.es\/#organization"},"potentialAction":[{"@type":"SearchAction","target":{"@type":"EntryPoint","urlTemplate":"https:\/\/computaex.es\/?s={search_term_string}"},"query-input":{"@type":"PropertyValueSpecification","valueRequired":true,"valueName":"search_term_string"}}],"inLanguage":"en-US"},{"@type":"Organization","@id":"https:\/\/computaex.es\/#organization","name":"COMPUTAEX","url":"https:\/\/computaex.es\/","logo":{"@type":"ImageObject","inLanguage":"en-US","@id":"https:\/\/computaex.es\/#\/schema\/logo\/image\/","url":"https:\/\/computaex.es\/wp-content\/uploads\/2025\/05\/cropped-COMPUTAEX_transparente-scaled-1.png","contentUrl":"https:\/\/computaex.es\/wp-content\/uploads\/2025\/05\/cropped-COMPUTAEX_transparente-scaled-1.png","width":2560,"height":970,"caption":"COMPUTAEX"},"image":{"@id":"https:\/\/computaex.es\/#\/schema\/logo\/image\/"},"sameAs":["https:\/\/m.facebook.com\/computaex\/","https:\/\/x.com\/computaex","https:\/\/es.linkedin.com\/company\/cenits"]}]}},"_links":{"self":[{"href":"https:\/\/computaex.es\/en\/wp-json\/wp\/v2\/pages\/2528","targetHints":{"allow":["GET"]}}],"collection":[{"href":"https:\/\/computaex.es\/en\/wp-json\/wp\/v2\/pages"}],"about":[{"href":"https:\/\/computaex.es\/en\/wp-json\/wp\/v2\/types\/page"}],"author":[{"embeddable":true,"href":"https:\/\/computaex.es\/en\/wp-json\/wp\/v2\/users\/1"}],"replies":[{"embeddable":true,"href":"https:\/\/computaex.es\/en\/wp-json\/wp\/v2\/comments?post=2528"}],"version-history":[{"count":4,"href":"https:\/\/computaex.es\/en\/wp-json\/wp\/v2\/pages\/2528\/revisions"}],"predecessor-version":[{"id":8577,"href":"https:\/\/computaex.es\/en\/wp-json\/wp\/v2\/pages\/2528\/revisions\/8577"}],"wp:attachment":[{"href":"https:\/\/computaex.es\/en\/wp-json\/wp\/v2\/media?parent=2528"}],"wp:term":[{"taxonomy":"category","embeddable":true,"href":"https:\/\/computaex.es\/en\/wp-json\/wp\/v2\/categories?post=2528"},{"taxonomy":"post_tag","embeddable":true,"href":"https:\/\/computaex.es\/en\/wp-json\/wp\/v2\/tags?post=2528"}],"curies":[{"name":"wp","href":"https:\/\/api.w.org\/{rel}","templated":true}]}}