{"id":2589,"date":"2024-04-11T09:34:22","date_gmt":"2024-04-11T07:34:22","guid":{"rendered":"http:\/\/10.128.3.28\/?page_id=2589"},"modified":"2025-07-23T15:02:54","modified_gmt":"2025-07-23T13:02:54","slug":"proyecto-propuesta-y-analisis-de-viabilidad-de-un-servicio-asistencial-para-la-disposicion-de-ultra-secuenciacion-genetica-en-un-centro-de-supercomputacion","status":"publish","type":"page","link":"https:\/\/computaex.es\/en\/proyecto-propuesta-y-analisis-de-viabilidad-de-un-servicio-asistencial-para-la-disposicion-de-ultra-secuenciacion-genetica-en-un-centro-de-supercomputacion\/","title":{"rendered":"Propuesta y an\u00e1lisis de viabilidad de un servicio asistencial para la disposici\u00f3n de ultra-secuenciaci\u00f3n gen\u00e9tica en un centro de supercomputaci\u00f3n"},"content":{"rendered":"<div class=\"field field-name-field-proy-investigadores field-type-text-long field-label-above\">\n<div class=\"field-label\" style=\"text-align: justify;\"><strong>Researchers:\u00a0<\/strong><\/div>\n<div class=\"field-items\" style=\"text-align: justify;\">\n<div class=\"field-item even\">\n<ul>\n<li>Manuel Alfonso L\u00f3pez Rourich, C\u00e9nitS-COMPUTAEX. Trabajo Final de M\u00e1ster en Direcci\u00f3n TIC.<\/li>\n<\/ul>\n<\/div>\n<\/div>\n<\/div>\n<div class=\"field field-name-field-proy-descripcion field-type-text-long field-label-above\" style=\"text-align: justify;\">\n<div class=\"field-label\"><strong>Description:\u00a0<\/strong><\/div>\n<div class=\"field-items\">\n<div class=\"field-item even\">\n<p>Este trabajo surge del proyecto de la Fundaci\u00f3n COMPUTAEX \u201c<a href=\"\/en\/proyectos\/proyecto-ultrasecuenciacion-genetica-mediante-tecnicas-de-supercomputacion\/\">Ultrasecuenciaci\u00f3n gen\u00e9tica mediante t\u00e9cnicas de supercomputaci\u00f3n con LUSITANIA<\/a>\u201d, en donde se procesan secuencias gen\u00e9ticas procedentes de pacientes de la regi\u00f3n para estudiar enfermedades hereditarias y desarrollar tratamientos m\u00e9dicos personalizados.<\/p>\n<p>La motivaci\u00f3n para el desarrollo del Trabajo vino dada principalmente por la capacidad de aportar valor (en forma de servicios) a ciertos sectores de la regi\u00f3n de Extremadura, gracias al desarrollo de las tecnolog\u00edas de secuenciaci\u00f3n de siguiente generaci\u00f3n (NGS), y con el apoyo de infraestructuras de supercomputaci\u00f3n dadas por el supercomputador LUSITANIA.<\/p>\n<p>Gracias a ello, se consigui\u00f3 la capacidad de poder llevar a cabo un flujo de trabajo general que permitiera la aportaci\u00f3n de valor a los usuarios de los servicios propuestos, por el uso de los experimentos que un secuenciador de esas caracter\u00edsticas puede realizar. Tambi\u00e9n se realiz\u00f3 un an\u00e1lisis de viabilidad para comprobar la posibilidad de implantar los servicios propuestos para la regi\u00f3n.<\/p>\n<\/div>\n<\/div>\n<\/div>\n<div class=\"field field-name-field-proy-publicaciones field-type-text-long field-label-above\" style=\"text-align: justify;\">\n<div class=\"field-label\"><strong>Publicaciones y congresos:\u00a0<\/strong><\/div>\n<div class=\"field-items\">\n<div class=\"field-item even\">\n<ul>\n<li>Manuel Alfonso L\u00f3pez Rourich.\u00a0<em>Propuesta y an\u00e1lisis de viabilidad de un servicio asistencial para la disposici\u00f3n de ultra-secuenciaci\u00f3n gen\u00e9tica en un centro de supercomputaci\u00f3n<\/em>. Trabajo Final de M\u00e1ster Universitario en Investigaci\u00f3n, Universidad de Extremadura. Noviembre de 2014<\/li>\n<\/ul>\n<\/div>\n<\/div>\n<\/div>\n<div class=\"field field-name-taxonomy-vocabulary-4 field-type-taxonomy-term-reference field-label-hidden\"><\/div>","protected":false},"excerpt":{"rendered":"<p>Investigadores:\u00a0 Manuel Alfonso L\u00f3pez Rourich, C\u00e9nitS-COMPUTAEX. Trabajo Final de M\u00e1ster en Direcci\u00f3n TIC. Descripci\u00f3n:\u00a0 Este trabajo surge del proyecto de la Fundaci\u00f3n COMPUTAEX \u201cUltrasecuenciaci\u00f3n gen\u00e9tica mediante t\u00e9cnicas de supercomputaci\u00f3n con &#8230;<\/p>","protected":false},"author":1,"featured_media":0,"parent":0,"menu_order":0,"comment_status":"closed","ping_status":"closed","template":"","meta":{"footnotes":""},"categories":[103,81],"tags":[],"class_list":["post-2589","page","type-page","status-publish","hentry","category-ciencias-de-la-vida","category-proyectos"],"yoast_head":"<!-- This site is optimized with the Yoast SEO plugin v27.1.1 - https:\/\/yoast.com\/product\/yoast-seo-wordpress\/ -->\n<title>Propuesta y an\u00e1lisis de viabilidad de un servicio asistencial para la disposici\u00f3n de ultra-secuenciaci\u00f3n gen\u00e9tica en un centro de supercomputaci\u00f3n - Fundaci\u00f3n COMPUTAEX<\/title>\n<meta name=\"robots\" content=\"index, follow, max-snippet:-1, max-image-preview:large, max-video-preview:-1\" \/>\n<link rel=\"canonical\" href=\"https:\/\/computaex.es\/en\/proyecto-propuesta-y-analisis-de-viabilidad-de-un-servicio-asistencial-para-la-disposicion-de-ultra-secuenciacion-genetica-en-un-centro-de-supercomputacion\/\" \/>\n<meta property=\"og:locale\" content=\"en_US\" \/>\n<meta property=\"og:type\" content=\"article\" \/>\n<meta property=\"og:title\" content=\"Propuesta y an\u00e1lisis de viabilidad de un servicio asistencial para la disposici\u00f3n de ultra-secuenciaci\u00f3n gen\u00e9tica en un centro de supercomputaci\u00f3n - Fundaci\u00f3n COMPUTAEX\" \/>\n<meta property=\"og:description\" content=\"Investigadores:\u00a0 Manuel Alfonso L\u00f3pez Rourich, C\u00e9nitS-COMPUTAEX. Trabajo Final de M\u00e1ster en Direcci\u00f3n TIC. Descripci\u00f3n:\u00a0 Este trabajo surge del proyecto de la Fundaci\u00f3n COMPUTAEX \u201cUltrasecuenciaci\u00f3n gen\u00e9tica mediante t\u00e9cnicas de supercomputaci\u00f3n con ...\" \/>\n<meta property=\"og:url\" content=\"https:\/\/computaex.es\/en\/proyecto-propuesta-y-analisis-de-viabilidad-de-un-servicio-asistencial-para-la-disposicion-de-ultra-secuenciacion-genetica-en-un-centro-de-supercomputacion\/\" \/>\n<meta property=\"og:site_name\" content=\"Fundaci\u00f3n COMPUTAEX\" \/>\n<meta property=\"article:publisher\" content=\"https:\/\/m.facebook.com\/computaex\/\" \/>\n<meta property=\"article:modified_time\" content=\"2025-07-23T13:02:54+00:00\" \/>\n<meta property=\"og:image\" content=\"https:\/\/computaex.es\/wp-content\/uploads\/2025\/08\/COMPUTAEX.jpg\" \/>\n\t<meta property=\"og:image:width\" content=\"1024\" \/>\n\t<meta property=\"og:image:height\" content=\"403\" \/>\n\t<meta property=\"og:image:type\" content=\"image\/jpeg\" \/>\n<meta name=\"twitter:card\" content=\"summary_large_image\" \/>\n<meta name=\"twitter:site\" content=\"@computaex\" \/>\n<meta name=\"twitter:label1\" content=\"Est. reading time\" \/>\n\t<meta name=\"twitter:data1\" content=\"1 minute\" \/>\n<script type=\"application\/ld+json\" class=\"yoast-schema-graph\">{\"@context\":\"https:\/\/schema.org\",\"@graph\":[{\"@type\":\"WebPage\",\"@id\":\"https:\/\/computaex.es\/proyecto-propuesta-y-analisis-de-viabilidad-de-un-servicio-asistencial-para-la-disposicion-de-ultra-secuenciacion-genetica-en-un-centro-de-supercomputacion\/\",\"url\":\"https:\/\/computaex.es\/proyecto-propuesta-y-analisis-de-viabilidad-de-un-servicio-asistencial-para-la-disposicion-de-ultra-secuenciacion-genetica-en-un-centro-de-supercomputacion\/\",\"name\":\"Propuesta y an\u00e1lisis de viabilidad de un servicio asistencial para la disposici\u00f3n de ultra-secuenciaci\u00f3n gen\u00e9tica en un centro de supercomputaci\u00f3n - Fundaci\u00f3n COMPUTAEX\",\"isPartOf\":{\"@id\":\"https:\/\/computaex.es\/#website\"},\"datePublished\":\"2024-04-11T07:34:22+00:00\",\"dateModified\":\"2025-07-23T13:02:54+00:00\",\"breadcrumb\":{\"@id\":\"https:\/\/computaex.es\/proyecto-propuesta-y-analisis-de-viabilidad-de-un-servicio-asistencial-para-la-disposicion-de-ultra-secuenciacion-genetica-en-un-centro-de-supercomputacion\/#breadcrumb\"},\"inLanguage\":\"en-US\",\"potentialAction\":[{\"@type\":\"ReadAction\",\"target\":[\"https:\/\/computaex.es\/proyecto-propuesta-y-analisis-de-viabilidad-de-un-servicio-asistencial-para-la-disposicion-de-ultra-secuenciacion-genetica-en-un-centro-de-supercomputacion\/\"]}]},{\"@type\":\"BreadcrumbList\",\"@id\":\"https:\/\/computaex.es\/proyecto-propuesta-y-analisis-de-viabilidad-de-un-servicio-asistencial-para-la-disposicion-de-ultra-secuenciacion-genetica-en-un-centro-de-supercomputacion\/#breadcrumb\",\"itemListElement\":[{\"@type\":\"ListItem\",\"position\":1,\"name\":\"Portada\",\"item\":\"https:\/\/computaex.es\/\"},{\"@type\":\"ListItem\",\"position\":2,\"name\":\"Propuesta y an\u00e1lisis de viabilidad de un servicio asistencial para la disposici\u00f3n de ultra-secuenciaci\u00f3n gen\u00e9tica en un centro de supercomputaci\u00f3n\"}]},{\"@type\":\"WebSite\",\"@id\":\"https:\/\/computaex.es\/#website\",\"url\":\"https:\/\/computaex.es\/\",\"name\":\"Fundaci\u00f3n COMPUTAEX\",\"description\":\"COMPUTAEX\",\"publisher\":{\"@id\":\"https:\/\/computaex.es\/#organization\"},\"potentialAction\":[{\"@type\":\"SearchAction\",\"target\":{\"@type\":\"EntryPoint\",\"urlTemplate\":\"https:\/\/computaex.es\/?s={search_term_string}\"},\"query-input\":{\"@type\":\"PropertyValueSpecification\",\"valueRequired\":true,\"valueName\":\"search_term_string\"}}],\"inLanguage\":\"en-US\"},{\"@type\":\"Organization\",\"@id\":\"https:\/\/computaex.es\/#organization\",\"name\":\"COMPUTAEX\",\"url\":\"https:\/\/computaex.es\/\",\"logo\":{\"@type\":\"ImageObject\",\"inLanguage\":\"en-US\",\"@id\":\"https:\/\/computaex.es\/#\/schema\/logo\/image\/\",\"url\":\"https:\/\/computaex.es\/wp-content\/uploads\/2025\/05\/cropped-COMPUTAEX_transparente-scaled-1.png\",\"contentUrl\":\"https:\/\/computaex.es\/wp-content\/uploads\/2025\/05\/cropped-COMPUTAEX_transparente-scaled-1.png\",\"width\":2560,\"height\":970,\"caption\":\"COMPUTAEX\"},\"image\":{\"@id\":\"https:\/\/computaex.es\/#\/schema\/logo\/image\/\"},\"sameAs\":[\"https:\/\/m.facebook.com\/computaex\/\",\"https:\/\/x.com\/computaex\",\"https:\/\/es.linkedin.com\/company\/cenits\"]}]}<\/script>\n<!-- \/ Yoast SEO plugin. -->","yoast_head_json":{"title":"Propuesta y an\u00e1lisis de viabilidad de un servicio asistencial para la disposici\u00f3n de ultra-secuenciaci\u00f3n gen\u00e9tica en un centro de supercomputaci\u00f3n - Fundaci\u00f3n COMPUTAEX","robots":{"index":"index","follow":"follow","max-snippet":"max-snippet:-1","max-image-preview":"max-image-preview:large","max-video-preview":"max-video-preview:-1"},"canonical":"https:\/\/computaex.es\/en\/proyecto-propuesta-y-analisis-de-viabilidad-de-un-servicio-asistencial-para-la-disposicion-de-ultra-secuenciacion-genetica-en-un-centro-de-supercomputacion\/","og_locale":"en_US","og_type":"article","og_title":"Propuesta y an\u00e1lisis de viabilidad de un servicio asistencial para la disposici\u00f3n de ultra-secuenciaci\u00f3n gen\u00e9tica en un centro de supercomputaci\u00f3n - Fundaci\u00f3n COMPUTAEX","og_description":"Investigadores:\u00a0 Manuel Alfonso L\u00f3pez Rourich, C\u00e9nitS-COMPUTAEX. Trabajo Final de M\u00e1ster en Direcci\u00f3n TIC. Descripci\u00f3n:\u00a0 Este trabajo surge del proyecto de la Fundaci\u00f3n COMPUTAEX \u201cUltrasecuenciaci\u00f3n gen\u00e9tica mediante t\u00e9cnicas de supercomputaci\u00f3n con ...","og_url":"https:\/\/computaex.es\/en\/proyecto-propuesta-y-analisis-de-viabilidad-de-un-servicio-asistencial-para-la-disposicion-de-ultra-secuenciacion-genetica-en-un-centro-de-supercomputacion\/","og_site_name":"Fundaci\u00f3n COMPUTAEX","article_publisher":"https:\/\/m.facebook.com\/computaex\/","article_modified_time":"2025-07-23T13:02:54+00:00","og_image":[{"width":1024,"height":403,"url":"https:\/\/computaex.es\/wp-content\/uploads\/2025\/08\/COMPUTAEX.jpg","type":"image\/jpeg"}],"twitter_card":"summary_large_image","twitter_site":"@computaex","twitter_misc":{"Est. reading time":"1 minute"},"schema":{"@context":"https:\/\/schema.org","@graph":[{"@type":"WebPage","@id":"https:\/\/computaex.es\/proyecto-propuesta-y-analisis-de-viabilidad-de-un-servicio-asistencial-para-la-disposicion-de-ultra-secuenciacion-genetica-en-un-centro-de-supercomputacion\/","url":"https:\/\/computaex.es\/proyecto-propuesta-y-analisis-de-viabilidad-de-un-servicio-asistencial-para-la-disposicion-de-ultra-secuenciacion-genetica-en-un-centro-de-supercomputacion\/","name":"Propuesta y an\u00e1lisis de viabilidad de un servicio asistencial para la disposici\u00f3n de ultra-secuenciaci\u00f3n gen\u00e9tica en un centro de supercomputaci\u00f3n - Fundaci\u00f3n COMPUTAEX","isPartOf":{"@id":"https:\/\/computaex.es\/#website"},"datePublished":"2024-04-11T07:34:22+00:00","dateModified":"2025-07-23T13:02:54+00:00","breadcrumb":{"@id":"https:\/\/computaex.es\/proyecto-propuesta-y-analisis-de-viabilidad-de-un-servicio-asistencial-para-la-disposicion-de-ultra-secuenciacion-genetica-en-un-centro-de-supercomputacion\/#breadcrumb"},"inLanguage":"en-US","potentialAction":[{"@type":"ReadAction","target":["https:\/\/computaex.es\/proyecto-propuesta-y-analisis-de-viabilidad-de-un-servicio-asistencial-para-la-disposicion-de-ultra-secuenciacion-genetica-en-un-centro-de-supercomputacion\/"]}]},{"@type":"BreadcrumbList","@id":"https:\/\/computaex.es\/proyecto-propuesta-y-analisis-de-viabilidad-de-un-servicio-asistencial-para-la-disposicion-de-ultra-secuenciacion-genetica-en-un-centro-de-supercomputacion\/#breadcrumb","itemListElement":[{"@type":"ListItem","position":1,"name":"Portada","item":"https:\/\/computaex.es\/"},{"@type":"ListItem","position":2,"name":"Propuesta y an\u00e1lisis de viabilidad de un servicio asistencial para la disposici\u00f3n de ultra-secuenciaci\u00f3n gen\u00e9tica en un centro de supercomputaci\u00f3n"}]},{"@type":"WebSite","@id":"https:\/\/computaex.es\/#website","url":"https:\/\/computaex.es\/","name":"COMPUTAEX Foundation","description":"COMPUTAEX","publisher":{"@id":"https:\/\/computaex.es\/#organization"},"potentialAction":[{"@type":"SearchAction","target":{"@type":"EntryPoint","urlTemplate":"https:\/\/computaex.es\/?s={search_term_string}"},"query-input":{"@type":"PropertyValueSpecification","valueRequired":true,"valueName":"search_term_string"}}],"inLanguage":"en-US"},{"@type":"Organization","@id":"https:\/\/computaex.es\/#organization","name":"COMPUTAEX","url":"https:\/\/computaex.es\/","logo":{"@type":"ImageObject","inLanguage":"en-US","@id":"https:\/\/computaex.es\/#\/schema\/logo\/image\/","url":"https:\/\/computaex.es\/wp-content\/uploads\/2025\/05\/cropped-COMPUTAEX_transparente-scaled-1.png","contentUrl":"https:\/\/computaex.es\/wp-content\/uploads\/2025\/05\/cropped-COMPUTAEX_transparente-scaled-1.png","width":2560,"height":970,"caption":"COMPUTAEX"},"image":{"@id":"https:\/\/computaex.es\/#\/schema\/logo\/image\/"},"sameAs":["https:\/\/m.facebook.com\/computaex\/","https:\/\/x.com\/computaex","https:\/\/es.linkedin.com\/company\/cenits"]}]}},"_links":{"self":[{"href":"https:\/\/computaex.es\/en\/wp-json\/wp\/v2\/pages\/2589","targetHints":{"allow":["GET"]}}],"collection":[{"href":"https:\/\/computaex.es\/en\/wp-json\/wp\/v2\/pages"}],"about":[{"href":"https:\/\/computaex.es\/en\/wp-json\/wp\/v2\/types\/page"}],"author":[{"embeddable":true,"href":"https:\/\/computaex.es\/en\/wp-json\/wp\/v2\/users\/1"}],"replies":[{"embeddable":true,"href":"https:\/\/computaex.es\/en\/wp-json\/wp\/v2\/comments?post=2589"}],"version-history":[{"count":4,"href":"https:\/\/computaex.es\/en\/wp-json\/wp\/v2\/pages\/2589\/revisions"}],"predecessor-version":[{"id":8532,"href":"https:\/\/computaex.es\/en\/wp-json\/wp\/v2\/pages\/2589\/revisions\/8532"}],"wp:attachment":[{"href":"https:\/\/computaex.es\/en\/wp-json\/wp\/v2\/media?parent=2589"}],"wp:term":[{"taxonomy":"category","embeddable":true,"href":"https:\/\/computaex.es\/en\/wp-json\/wp\/v2\/categories?post=2589"},{"taxonomy":"post_tag","embeddable":true,"href":"https:\/\/computaex.es\/en\/wp-json\/wp\/v2\/tags?post=2589"}],"curies":[{"name":"wp","href":"https:\/\/api.w.org\/{rel}","templated":true}]}}