{"id":2597,"date":"2024-04-11T09:37:41","date_gmt":"2024-04-11T07:37:41","guid":{"rendered":"http:\/\/10.128.3.28\/?page_id=2597"},"modified":"2025-08-29T11:58:36","modified_gmt":"2025-08-29T09:58:36","slug":"proyecto-fi4vdi-desarrollo-de-una-red-de-infraestructuras-federadas-para-la-generacion-de-servicios-de-virtualizacion-de-puestos-de-trabajo","status":"publish","type":"page","link":"https:\/\/computaex.es\/en\/proyectos\/proyecto-fi4vdi-desarrollo-de-una-red-de-infraestructuras-federadas-para-la-generacion-de-servicios-de-virtualizacion-de-puestos-de-trabajo\/","title":{"rendered":"FI4VDI &#8211; Desarrollo de una Red de Infraestructuras Federadas para la Generaci\u00f3n de Servicios de Virtualizaci\u00f3n de Puestos de Trabajo"},"content":{"rendered":"<div class=\"field field-name-field-proy-investigadores field-type-text-long field-label-above\">\n<div class=\"field-label\"><strong>Researchers:\u00a0<\/strong><\/div>\n<div class=\"field-items\">\n<div class=\"field-item even\">\n<ul>\n<li><a href=\"http:\/\/www.fcsc.es\/\">FCSCL<\/a>,\u00a0<a href=\"\/en\/descripcion-la-fundacion\/\">COMPUTAEX<\/a>,\u00a0<a href=\"http:\/\/www.udl.es\/\">UDL<\/a>,\u00a0<a href=\"http:\/\/www.univ-montp2.fr\/\">Universit\u00e9 Montpellier 2<\/a>,\u00a0<a href=\"http:\/\/www.inova-ria.pt\/\">Inova-ria<\/a>\u00a0and\u00a0<a href=\"http:\/\/www.pcital.com\/\">Consorcio PCiTAL<\/a><\/li>\n<\/ul>\n<\/div>\n<\/div>\n<\/div>\n<div class=\"field field-name-field-proy-descripcion field-type-text-long field-label-above\">\n<div class=\"field-label\"><strong>Description:\u00a0<\/strong><\/div>\n<div class=\"field-items\">\n<div class=\"field-item even\">\n<p class=\"rtecenter\"><img decoding=\"async\" class=\"aligncenter\" src=\"\/wp-content\/uploads\/2025\/01\/fi4vdi_1.jpg\" alt=\"\" \/><\/p>\n<p style=\"text-align: justify;\">Las TIC son herramientas de trabajo imprescindibles en el \u00e1mbito empresarial y acad\u00e9mico, tanto privado como p\u00fablico. Se ha detectado que el acceso a la Sociedad de la informaci\u00f3n en las Regiones\u00a0<a href=\"http:\/\/www.interreg-sudoe.eu\/inicio\">SUDOE<\/a>\u00a0es todav\u00eda inferior al necesario para permitir una mejora de los sistemas de producci\u00f3n y de gesti\u00f3n en el sector empresarial y un aumento en la calidad y la excelencia en el acad\u00e9mico. El acceso a las TIC se ha concebido siempre a trav\u00e9s de puestos de trabajo f\u00edsicos mediante la utilizaci\u00f3n de hardware individualizado por parte de cada uno de los usuarios.<\/p>\n<p style=\"text-align: justify;\">Frente a este paradigma, un modelo innovador, cada vez m\u00e1s generalizado, es el que permite realizar este acceso proporcionando servicios de escritorio virtual y Cloud Computing. Este tipo de servicios no est\u00e1n siendo implantados con suficiente agilidad, tanto en empresas como en instituciones p\u00fablicas, debido fundamentalmente a la falta de conocimiento suficiente y, como consecuencia, a la falta de confianza. Por esto, se hace necesario demostrar a proveedores y usuarios la eficiencia de los servicios basados en escritorios virtuales y Cloud.<\/p>\n<p style=\"text-align: justify;\">FI4VDI propone una infraestructura basada en el paradigma del cloud computing privado mediante los modelos PAAS (Platform as a Service) y SaaS (Software as a Service), utilizando los recursos disponibles en diferentes centros de supercomputaci\u00f3n ubicados en distintas\u00a0regiones\u00a0<a href=\"http:\/\/www.interreg-sudoe.eu\/inicio\">SUDOE<\/a>, con el objetivo de asegurar a los usuarios la protecci\u00f3n de datos y el cumplimiento de las normas, relativas a la seguridad de informaci\u00f3n y de los SLAs (Service Level Agreements) establecidos, permitiendo una mejora de la competitividad y un ahorro de costes en los sectores destinatarios del mismo.<\/p>\n<p style=\"text-align: justify;\">Adem\u00e1s, los clusters empresariales sin \u00e1nimo de lucro tienen como misi\u00f3n integrar en su Cartera de Servicios\/productos la Virtualizaci\u00f3n de Puestos de Trabajo TIC para sus clientes y usuarios (ya sean p\u00fablicos o privados) desarrollando una \u00abRed de Brokering de puestos de trabajo virtuales\u00bb sostenida en los recursos del Grupo de Partners.<\/p>\n<\/div>\n<\/div>\n<\/div>\n<div class=\"field field-name-field-proy-objetivos field-type-text-long field-label-above\" style=\"text-align: justify;\">\n<div class=\"field-label\"><strong>Objectives:\u00a0<\/strong><\/div>\n<div class=\"field-items\">\n<div class=\"field-item even\">\n<ul>\n<li>Transferir desde los Centros de I+D+I y servicios, participantes en este proyecto, la experiencia y conocimiento de las tecnolog\u00edas Cloud y escritorios virtuales a los Clusters de empresas TIC, incluyendo de este modo un servicio diferenciador en sus portfolios de productos y contribuyendo asimismo al desarrollo de la econom\u00eda y de la sociedad.<\/li>\n<li>El proyecto incluye el desarrollo de una Infraestructura Tecnol\u00f3gica basada en Cloud Computing transfronteriza, destinada a generar servicios empresariales altamente innovadores mediante una PAAS (Platform as a Service) y SaaS (Software as a Service) que permitan la generaci\u00f3n de servicios de virtualizaci\u00f3n de puestos de trabajo TIC para usuarios de regiones perif\u00e9ricas a precios altamente competitivos.<\/li>\n<\/ul>\n<\/div>\n<\/div>\n<\/div>\n<div class=\"field field-name-field-proy-metodologia field-type-text-long field-label-above\" style=\"text-align: justify;\">\n<div class=\"field-label\"><strong>Metodolog\u00eda:\u00a0<\/strong><\/div>\n<div class=\"field-items\">\n<div class=\"field-item even\">\n<p>La metodolog\u00eda ha consistido en el establecimiento, en colaboraci\u00f3n con el tejido empresarial p\u00fablico y privado, de las herramientas que permitir\u00e1n optimizar sus estructuras productivas. Ello se conseguir\u00e1 mediante el dise\u00f1o y desarrollo de una estructura federada de infraestructuras de cloud computing, procedente de Centros de Supercomputaci\u00f3n, as\u00ed como mediante el establecimiento, a trav\u00e9s de la federaci\u00f3n, de prototipos de puestos de trabajo virtualizados.<\/p>\n<\/div>\n<\/div>\n<\/div>\n<div class=\"field field-name-field-proy-objetivos-alcanzados field-type-text-long field-label-above\" style=\"text-align: justify;\">\n<div class=\"field-label\"><strong>Objetivos alcanzados:\u00a0<\/strong><\/div>\n<div class=\"field-items\">\n<div class=\"field-item even\">\n<ul>\n<li>Dise\u00f1o, desarrollo y establecimiento de una red federada de recursos de cloud computing, procedentes de Centros de Supercomputaci\u00f3n situados en los pa\u00edses participantes en el proyecto.<\/li>\n<li>Selecci\u00f3n de entornos y aplicaciones a desplegar en la infraestructura federada, as\u00ed como adaptaci\u00f3n de los mismos al paradigma del cloud computing.<\/li>\n<li>Virtualizaci\u00f3n de una serie de puestos de trabajo, entre los cuales se encuentra el destinado a que genetistas puedan obtener informaci\u00f3n de alto nivel, de forma semi-autom\u00e1tica, a partir de las secuencias de un estudio de resecuenciaci\u00f3n, obtenidas mediante plataformas de ultra-secuenciaci\u00f3n gen\u00e9tica.<\/li>\n<li>Establecimiento de un entorno de trabajo en el que se pueda desplegar soluciones de cloud computing, a trav\u00e9s de la infraestructura federada, destinada a que entidades puedan optimizar su trabajo.<\/li>\n<\/ul>\n<\/div>\n<\/div>\n<\/div>\n<div class=\"field field-name-field-proy-financiacion field-type-text-long field-label-above\" style=\"text-align: justify;\">\n<div class=\"field-label\"><strong>Sources of funding:\u00a0<\/strong><\/div>\n<div class=\"field-items\">\n<div class=\"field-item even\">\n<ul>\n<li><a href=\"http:\/\/www.interreg-sudoe.eu\/ESP\">INTERREG IV B Sudoeste Europeo<\/a><\/li>\n<\/ul>\n<\/div>\n<\/div>\n<\/div>\n<div class=\"field field-name-field-proy-web field-type-text-long field-label-above\" style=\"text-align: justify;\">\n<div class=\"field-label\"><strong>Web:\u00a0<\/strong><\/div>\n<div class=\"field-items\">\n<div class=\"field-item even\">\n<ul>\n<li><a href=\"http:\/fi4vdi-sudoe.org\/index.php\/es\/fi4vdi\">FI4VDI<\/a><\/li>\n<\/ul>\n<\/div>\n<\/div>\n<\/div>\n<div class=\"field field-name-taxonomy-vocabulary-4 field-type-taxonomy-term-reference field-label-hidden\"><\/div>","protected":false},"excerpt":{"rendered":"<p>Investigadores:\u00a0 FCSCL,\u00a0COMPUTAEX,\u00a0UDL,\u00a0Universit\u00e9 Montpellier 2,\u00a0Inova-ria\u00a0y\u00a0Consorcio PCiTAL Descripci\u00f3n:\u00a0 Las TIC son herramientas de trabajo imprescindibles en el \u00e1mbito empresarial y acad\u00e9mico, tanto privado como p\u00fablico. Se ha detectado que el acceso a &#8230;<\/p>","protected":false},"author":1,"featured_media":0,"parent":9950,"menu_order":0,"comment_status":"closed","ping_status":"closed","template":"","meta":{"footnotes":""},"categories":[104,81],"tags":[],"class_list":["post-2597","page","type-page","status-publish","hentry","category-ciencias-informaticas-y-de-comunicaciones","category-proyectos"],"yoast_head":"<!-- This site is optimized with the Yoast SEO plugin v27.1.1 - https:\/\/yoast.com\/product\/yoast-seo-wordpress\/ -->\n<title>FI4VDI - Desarrollo de una Red de Infraestructuras Federadas para la Generaci\u00f3n de Servicios de Virtualizaci\u00f3n de Puestos de Trabajo - Fundaci\u00f3n COMPUTAEX<\/title>\n<meta name=\"robots\" content=\"index, follow, max-snippet:-1, max-image-preview:large, max-video-preview:-1\" \/>\n<link rel=\"canonical\" href=\"https:\/\/computaex.es\/en\/proyectos\/proyecto-fi4vdi-desarrollo-de-una-red-de-infraestructuras-federadas-para-la-generacion-de-servicios-de-virtualizacion-de-puestos-de-trabajo\/\" \/>\n<meta property=\"og:locale\" content=\"en_US\" \/>\n<meta property=\"og:type\" content=\"article\" \/>\n<meta property=\"og:title\" content=\"FI4VDI - Desarrollo de una Red de Infraestructuras Federadas para la Generaci\u00f3n de Servicios de Virtualizaci\u00f3n de Puestos de Trabajo - Fundaci\u00f3n COMPUTAEX\" \/>\n<meta property=\"og:description\" content=\"Investigadores:\u00a0 FCSCL,\u00a0COMPUTAEX,\u00a0UDL,\u00a0Universit\u00e9 Montpellier 2,\u00a0Inova-ria\u00a0y\u00a0Consorcio PCiTAL Descripci\u00f3n:\u00a0 Las TIC son herramientas de trabajo imprescindibles en el \u00e1mbito empresarial y acad\u00e9mico, tanto privado como p\u00fablico. Se ha detectado que el acceso a ...\" \/>\n<meta property=\"og:url\" content=\"https:\/\/computaex.es\/en\/proyectos\/proyecto-fi4vdi-desarrollo-de-una-red-de-infraestructuras-federadas-para-la-generacion-de-servicios-de-virtualizacion-de-puestos-de-trabajo\/\" \/>\n<meta property=\"og:site_name\" content=\"Fundaci\u00f3n COMPUTAEX\" \/>\n<meta property=\"article:publisher\" content=\"https:\/\/m.facebook.com\/computaex\/\" \/>\n<meta property=\"article:modified_time\" content=\"2025-08-29T09:58:36+00:00\" \/>\n<meta property=\"og:image\" content=\"https:\/\/computaex.es\/wp-content\/uploads\/2025\/08\/COMPUTAEX.jpg\" \/>\n\t<meta property=\"og:image:width\" content=\"1024\" \/>\n\t<meta property=\"og:image:height\" content=\"403\" \/>\n\t<meta property=\"og:image:type\" content=\"image\/jpeg\" \/>\n<meta name=\"twitter:card\" content=\"summary_large_image\" \/>\n<meta name=\"twitter:site\" content=\"@computaex\" \/>\n<meta name=\"twitter:label1\" content=\"Est. reading time\" \/>\n\t<meta name=\"twitter:data1\" content=\"4 minutes\" \/>\n<script type=\"application\/ld+json\" class=\"yoast-schema-graph\">{\"@context\":\"https:\/\/schema.org\",\"@graph\":[{\"@type\":\"WebPage\",\"@id\":\"https:\/\/computaex.es\/proyectos\/proyecto-fi4vdi-desarrollo-de-una-red-de-infraestructuras-federadas-para-la-generacion-de-servicios-de-virtualizacion-de-puestos-de-trabajo\/\",\"url\":\"https:\/\/computaex.es\/proyectos\/proyecto-fi4vdi-desarrollo-de-una-red-de-infraestructuras-federadas-para-la-generacion-de-servicios-de-virtualizacion-de-puestos-de-trabajo\/\",\"name\":\"FI4VDI - Desarrollo de una Red de Infraestructuras Federadas para la Generaci\u00f3n de Servicios de Virtualizaci\u00f3n de Puestos de Trabajo - Fundaci\u00f3n COMPUTAEX\",\"isPartOf\":{\"@id\":\"https:\/\/computaex.es\/#website\"},\"datePublished\":\"2024-04-11T07:37:41+00:00\",\"dateModified\":\"2025-08-29T09:58:36+00:00\",\"breadcrumb\":{\"@id\":\"https:\/\/computaex.es\/proyectos\/proyecto-fi4vdi-desarrollo-de-una-red-de-infraestructuras-federadas-para-la-generacion-de-servicios-de-virtualizacion-de-puestos-de-trabajo\/#breadcrumb\"},\"inLanguage\":\"en-US\",\"potentialAction\":[{\"@type\":\"ReadAction\",\"target\":[\"https:\/\/computaex.es\/proyectos\/proyecto-fi4vdi-desarrollo-de-una-red-de-infraestructuras-federadas-para-la-generacion-de-servicios-de-virtualizacion-de-puestos-de-trabajo\/\"]}]},{\"@type\":\"BreadcrumbList\",\"@id\":\"https:\/\/computaex.es\/proyectos\/proyecto-fi4vdi-desarrollo-de-una-red-de-infraestructuras-federadas-para-la-generacion-de-servicios-de-virtualizacion-de-puestos-de-trabajo\/#breadcrumb\",\"itemListElement\":[{\"@type\":\"ListItem\",\"position\":1,\"name\":\"Portada\",\"item\":\"https:\/\/computaex.es\/\"},{\"@type\":\"ListItem\",\"position\":2,\"name\":\"Proyectos\",\"item\":\"https:\/\/computaex.es\/proyectos\/\"},{\"@type\":\"ListItem\",\"position\":3,\"name\":\"FI4VDI &#8211; Desarrollo de una Red de Infraestructuras Federadas para la Generaci\u00f3n de Servicios de Virtualizaci\u00f3n de Puestos de Trabajo\"}]},{\"@type\":\"WebSite\",\"@id\":\"https:\/\/computaex.es\/#website\",\"url\":\"https:\/\/computaex.es\/\",\"name\":\"Fundaci\u00f3n COMPUTAEX\",\"description\":\"COMPUTAEX\",\"publisher\":{\"@id\":\"https:\/\/computaex.es\/#organization\"},\"potentialAction\":[{\"@type\":\"SearchAction\",\"target\":{\"@type\":\"EntryPoint\",\"urlTemplate\":\"https:\/\/computaex.es\/?s={search_term_string}\"},\"query-input\":{\"@type\":\"PropertyValueSpecification\",\"valueRequired\":true,\"valueName\":\"search_term_string\"}}],\"inLanguage\":\"en-US\"},{\"@type\":\"Organization\",\"@id\":\"https:\/\/computaex.es\/#organization\",\"name\":\"COMPUTAEX\",\"url\":\"https:\/\/computaex.es\/\",\"logo\":{\"@type\":\"ImageObject\",\"inLanguage\":\"en-US\",\"@id\":\"https:\/\/computaex.es\/#\/schema\/logo\/image\/\",\"url\":\"https:\/\/computaex.es\/wp-content\/uploads\/2025\/05\/cropped-COMPUTAEX_transparente-scaled-1.png\",\"contentUrl\":\"https:\/\/computaex.es\/wp-content\/uploads\/2025\/05\/cropped-COMPUTAEX_transparente-scaled-1.png\",\"width\":2560,\"height\":970,\"caption\":\"COMPUTAEX\"},\"image\":{\"@id\":\"https:\/\/computaex.es\/#\/schema\/logo\/image\/\"},\"sameAs\":[\"https:\/\/m.facebook.com\/computaex\/\",\"https:\/\/x.com\/computaex\",\"https:\/\/es.linkedin.com\/company\/cenits\"]}]}<\/script>\n<!-- \/ Yoast SEO plugin. -->","yoast_head_json":{"title":"FI4VDI - Desarrollo de una Red de Infraestructuras Federadas para la Generaci\u00f3n de Servicios de Virtualizaci\u00f3n de Puestos de Trabajo - Fundaci\u00f3n COMPUTAEX","robots":{"index":"index","follow":"follow","max-snippet":"max-snippet:-1","max-image-preview":"max-image-preview:large","max-video-preview":"max-video-preview:-1"},"canonical":"https:\/\/computaex.es\/en\/proyectos\/proyecto-fi4vdi-desarrollo-de-una-red-de-infraestructuras-federadas-para-la-generacion-de-servicios-de-virtualizacion-de-puestos-de-trabajo\/","og_locale":"en_US","og_type":"article","og_title":"FI4VDI - Desarrollo de una Red de Infraestructuras Federadas para la Generaci\u00f3n de Servicios de Virtualizaci\u00f3n de Puestos de Trabajo - Fundaci\u00f3n COMPUTAEX","og_description":"Investigadores:\u00a0 FCSCL,\u00a0COMPUTAEX,\u00a0UDL,\u00a0Universit\u00e9 Montpellier 2,\u00a0Inova-ria\u00a0y\u00a0Consorcio PCiTAL Descripci\u00f3n:\u00a0 Las TIC son herramientas de trabajo imprescindibles en el \u00e1mbito empresarial y acad\u00e9mico, tanto privado como p\u00fablico. Se ha detectado que el acceso a ...","og_url":"https:\/\/computaex.es\/en\/proyectos\/proyecto-fi4vdi-desarrollo-de-una-red-de-infraestructuras-federadas-para-la-generacion-de-servicios-de-virtualizacion-de-puestos-de-trabajo\/","og_site_name":"Fundaci\u00f3n COMPUTAEX","article_publisher":"https:\/\/m.facebook.com\/computaex\/","article_modified_time":"2025-08-29T09:58:36+00:00","og_image":[{"width":1024,"height":403,"url":"https:\/\/computaex.es\/wp-content\/uploads\/2025\/08\/COMPUTAEX.jpg","type":"image\/jpeg"}],"twitter_card":"summary_large_image","twitter_site":"@computaex","twitter_misc":{"Est. reading time":"4 minutes"},"schema":{"@context":"https:\/\/schema.org","@graph":[{"@type":"WebPage","@id":"https:\/\/computaex.es\/proyectos\/proyecto-fi4vdi-desarrollo-de-una-red-de-infraestructuras-federadas-para-la-generacion-de-servicios-de-virtualizacion-de-puestos-de-trabajo\/","url":"https:\/\/computaex.es\/proyectos\/proyecto-fi4vdi-desarrollo-de-una-red-de-infraestructuras-federadas-para-la-generacion-de-servicios-de-virtualizacion-de-puestos-de-trabajo\/","name":"FI4VDI - Desarrollo de una Red de Infraestructuras Federadas para la Generaci\u00f3n de Servicios de Virtualizaci\u00f3n de Puestos de Trabajo - Fundaci\u00f3n COMPUTAEX","isPartOf":{"@id":"https:\/\/computaex.es\/#website"},"datePublished":"2024-04-11T07:37:41+00:00","dateModified":"2025-08-29T09:58:36+00:00","breadcrumb":{"@id":"https:\/\/computaex.es\/proyectos\/proyecto-fi4vdi-desarrollo-de-una-red-de-infraestructuras-federadas-para-la-generacion-de-servicios-de-virtualizacion-de-puestos-de-trabajo\/#breadcrumb"},"inLanguage":"en-US","potentialAction":[{"@type":"ReadAction","target":["https:\/\/computaex.es\/proyectos\/proyecto-fi4vdi-desarrollo-de-una-red-de-infraestructuras-federadas-para-la-generacion-de-servicios-de-virtualizacion-de-puestos-de-trabajo\/"]}]},{"@type":"BreadcrumbList","@id":"https:\/\/computaex.es\/proyectos\/proyecto-fi4vdi-desarrollo-de-una-red-de-infraestructuras-federadas-para-la-generacion-de-servicios-de-virtualizacion-de-puestos-de-trabajo\/#breadcrumb","itemListElement":[{"@type":"ListItem","position":1,"name":"Portada","item":"https:\/\/computaex.es\/"},{"@type":"ListItem","position":2,"name":"Proyectos","item":"https:\/\/computaex.es\/proyectos\/"},{"@type":"ListItem","position":3,"name":"FI4VDI &#8211; Desarrollo de una Red de Infraestructuras Federadas para la Generaci\u00f3n de Servicios de Virtualizaci\u00f3n de Puestos de Trabajo"}]},{"@type":"WebSite","@id":"https:\/\/computaex.es\/#website","url":"https:\/\/computaex.es\/","name":"COMPUTAEX Foundation","description":"COMPUTAEX","publisher":{"@id":"https:\/\/computaex.es\/#organization"},"potentialAction":[{"@type":"SearchAction","target":{"@type":"EntryPoint","urlTemplate":"https:\/\/computaex.es\/?s={search_term_string}"},"query-input":{"@type":"PropertyValueSpecification","valueRequired":true,"valueName":"search_term_string"}}],"inLanguage":"en-US"},{"@type":"Organization","@id":"https:\/\/computaex.es\/#organization","name":"COMPUTAEX","url":"https:\/\/computaex.es\/","logo":{"@type":"ImageObject","inLanguage":"en-US","@id":"https:\/\/computaex.es\/#\/schema\/logo\/image\/","url":"https:\/\/computaex.es\/wp-content\/uploads\/2025\/05\/cropped-COMPUTAEX_transparente-scaled-1.png","contentUrl":"https:\/\/computaex.es\/wp-content\/uploads\/2025\/05\/cropped-COMPUTAEX_transparente-scaled-1.png","width":2560,"height":970,"caption":"COMPUTAEX"},"image":{"@id":"https:\/\/computaex.es\/#\/schema\/logo\/image\/"},"sameAs":["https:\/\/m.facebook.com\/computaex\/","https:\/\/x.com\/computaex","https:\/\/es.linkedin.com\/company\/cenits"]}]}},"_links":{"self":[{"href":"https:\/\/computaex.es\/en\/wp-json\/wp\/v2\/pages\/2597","targetHints":{"allow":["GET"]}}],"collection":[{"href":"https:\/\/computaex.es\/en\/wp-json\/wp\/v2\/pages"}],"about":[{"href":"https:\/\/computaex.es\/en\/wp-json\/wp\/v2\/types\/page"}],"author":[{"embeddable":true,"href":"https:\/\/computaex.es\/en\/wp-json\/wp\/v2\/users\/1"}],"replies":[{"embeddable":true,"href":"https:\/\/computaex.es\/en\/wp-json\/wp\/v2\/comments?post=2597"}],"version-history":[{"count":5,"href":"https:\/\/computaex.es\/en\/wp-json\/wp\/v2\/pages\/2597\/revisions"}],"predecessor-version":[{"id":8435,"href":"https:\/\/computaex.es\/en\/wp-json\/wp\/v2\/pages\/2597\/revisions\/8435"}],"up":[{"embeddable":true,"href":"https:\/\/computaex.es\/en\/wp-json\/wp\/v2\/pages\/9950"}],"wp:attachment":[{"href":"https:\/\/computaex.es\/en\/wp-json\/wp\/v2\/media?parent=2597"}],"wp:term":[{"taxonomy":"category","embeddable":true,"href":"https:\/\/computaex.es\/en\/wp-json\/wp\/v2\/categories?post=2597"},{"taxonomy":"post_tag","embeddable":true,"href":"https:\/\/computaex.es\/en\/wp-json\/wp\/v2\/tags?post=2597"}],"curies":[{"name":"wp","href":"https:\/\/api.w.org\/{rel}","templated":true}]}}