{"id":2599,"date":"2024-04-11T09:37:56","date_gmt":"2024-04-11T07:37:56","guid":{"rendered":"http:\/\/10.128.3.28\/?page_id=2599"},"modified":"2025-08-29T12:14:34","modified_gmt":"2025-08-29T10:14:34","slug":"proyecto-taxonomtic","status":"publish","type":"page","link":"https:\/\/computaex.es\/en\/proyectos\/proyecto-taxonomtic\/","title":{"rendered":"TaxonomTIC"},"content":{"rendered":"<div class=\"field field-name-field-proy-investigadores field-type-text-long field-label-above\">\n<div class=\"field-label\" style=\"text-align: justify;\"><strong>Researchers:\u00a0<\/strong><\/div>\n<div class=\"field-items\" style=\"text-align: justify;\">\n<div class=\"field-item even\">\n<ul>\n<li>Equipo de\u00a0<a href=\"\/en\/cenits\/\">C\u00e9nitS<\/a><\/li>\n<\/ul>\n<\/div>\n<\/div>\n<\/div>\n<div class=\"field field-name-field-proy-descripcion field-type-text-long field-label-above\" style=\"text-align: justify;\">\n<div class=\"field-label\"><strong>Description:\u00a0<\/strong><\/div>\n<div class=\"field-items\">\n<div class=\"field-item even\">\n<p>Las Tecnolog\u00edas de la Informaci\u00f3n y la Comunicaci\u00f3n (TIC) se han transformado en la herramienta de desarrollo m\u00e1s importante del siglo XXI. El conjunto de empresas y profesionales que proveen dichas tecnolog\u00edas se posicionan como un sector importante en el presente y fundamental para el futuro. La correcta identificaci\u00f3n de las empresas TIC en Extremadura y un estudio de la evoluci\u00f3n e influencia econ\u00f3mica del sector en la regi\u00f3n, constituyen una herramienta valiosa para una adecuada toma de decisiones que potencie y fortalezca el futuro del mismo.<\/p>\n<p>Desde el punto de vista tecnol\u00f3gico y de la innovaci\u00f3n, hist\u00f3ricamente se ha percibido a Extremadura como una regi\u00f3n desfavorecida dentro del conjunto de Espa\u00f1a. Las inversiones m\u00e1s importantes provenientes del exterior siempre han estado ligadas a sectores m\u00e1s tradicionales como la agricultura o la ganader\u00eda, aumentando de manera colateral la brecha tecnol\u00f3gica existente. Sin embargo, el crecimiento y desarrollo de las TIC y de las infraestructuras sobre las que se sustentan, ha fomentado un cambio social y econ\u00f3mico muy profundo que ha permitido a regiones como Extremadura minimizar los efectos de dicha brecha tecnol\u00f3gica.<\/p>\n<\/div>\n<\/div>\n<\/div>\n<div class=\"field field-name-field-proy-objetivos field-type-text-long field-label-above\" style=\"text-align: justify;\">\n<div class=\"field-label\"><strong>Objectives:\u00a0<\/strong><\/div>\n<div class=\"field-items\">\n<div class=\"field-item even\">\n<ul>\n<li>El objetivo principal de este proyecto consiste en identificar qu\u00e9 son las TIC, los elementos que las componen, describirlos y clasificarlos, para poder estudiar su impacto en Extremadura y generar una fuente de informaci\u00f3n que permita conocer qu\u00e9 profesionales, empresas u organismos se encuentran relacionados con este sector y cu\u00e1les se apoyan en dichas entidades para ofrecer servicios TIC.<\/li>\n<li>Como objetivo secundario, se establecer\u00e1n las bases para la construcci\u00f3n de un sistema bajo el paradigma del open data que permita consultar toda la documentaci\u00f3n e informes elaborados durante el desarrollo del proyecto.<\/li>\n<\/ul>\n<\/div>\n<\/div>\n<\/div>\n<div class=\"field field-name-field-proy-metodologia field-type-text-long field-label-above\" style=\"text-align: justify;\">\n<div class=\"field-label\"><strong>Metodolog\u00eda:\u00a0<\/strong><\/div>\n<div class=\"field-items\">\n<div class=\"field-item even\">\n<p>La primera fase del proyecto ha consistido en entender y definir el concepto TIC a trav\u00e9s del estudio y an\u00e1lisis de cada una de las definiciones previas elaboradas por expertos en la materia. La conclusi\u00f3n que se desprende es que existe una gran dificultad a la hora de definir con claridad el concepto TIC. Generalmente, el concepto de Tecnolog\u00edas de la Informaci\u00f3n y la Comunicaci\u00f3n se ha asociado al conjunto de recursos, procedimientos y t\u00e9cnicas utilizados para procesar, almacenar y transmitir informaci\u00f3n, olvidando a menudo el papel fundamental que desempe\u00f1an la inform\u00e1tica y las telecomunicaciones.<\/p>\n<p>Para el estudio del sector TIC ha sido necesario identificar las empresas que lo constituyen a trav\u00e9s de diversas fuentes de informaci\u00f3n, destacando el\u00a0<a href=\"http:\/\/www.ine.es\/\">INE<\/a>, el\u00a0<a href=\"https:\/\/www.boe.es\/diario_borme\/\">BORME<\/a>,\u00a0<a href=\"http:\/\/www.esade.edu\/library\/esp\/erecursos?p_recurso=34\">SABI<\/a>\u00a0and\u00a0<a href=\"http:\/\/\/en\/directorioempresas.cavatrans.com\/\">CAVATRANS<\/a>\u00a0y los c\u00f3digos\u00a0<a href=\"http:\/\/www.cnae.com.es\/\">CNAE-2009<\/a>. A partir de las 1.000 empresas candidatas detectadas, se propuso la creaci\u00f3n de una nueva clasificaci\u00f3n de actividades TIC que se adaptara de forma m\u00e1s natural a las actividades econ\u00f3micas propias del sector, dada la incapacidad de CNAE-2009 de clasificar ciertas empresas. Fruto de este an\u00e1lisis se identificaron 558 empresas del sector TIC en la regi\u00f3n, de las cuales, 498 se corresponden con sociedades mercantiles y el resto con aut\u00f3nomos. Una vez identificadas las empresas del sector, se realiz\u00f3 el estudio, an\u00e1lisis y comparativa de la evoluci\u00f3n de diversos sectores en los \u00faltimos a\u00f1os desde el punto de vista econ\u00f3mico y de la constituci\u00f3n y disoluci\u00f3n de sociedades.<\/p>\n<p>Tambi\u00e9n se ha estudiado la formaci\u00f3n TIC en Extremadura a partir de los datos suministrados por la Universidad de Extremadura, el Colegio Profesional de Ingenieros en Inform\u00e1tica de Extremadura y la Asociaci\u00f3n Extreme\u00f1a de Ingenieros de Telecomunicaci\u00f3n, desde 1983 hasta 2013, para constatar el n\u00famero de profesionales egresados.<\/p>\n<p>Adem\u00e1s se ha realizado una comparativa sectorial regional a partir de los datos suministrados por el INE y la Contabilidad Regional de Espa\u00f1a para comprender el comportamiento de los sectores durante los \u00faltimos a\u00f1os y, posteriormente, una comparativa nacional del sector TIC para analizar la evoluci\u00f3n en ambos casos y destacar los puntos en com\u00fan.<\/p>\n<\/div>\n<\/div>\n<\/div>\n<div class=\"field field-name-field-proy-objetivos-alcanzados field-type-text-long field-label-above\" style=\"text-align: justify;\">\n<div class=\"field-label\"><strong>Objetivos alcanzados:\u00a0<\/strong><\/div>\n<div class=\"field-items\">\n<div class=\"field-item even\">\n<p>Este proyecto ha aportado datos que confirman el crecimiento del sector TIC en la regi\u00f3n y su importante influencia econ\u00f3mica:<\/p>\n<ul>\n<li>Desde el a\u00f1o 1999 se ha quintuplicado el n\u00famero de empresas TIC en la regi\u00f3n y, a pesar del reducido n\u00famero de empresas que lo constituyen comparado con otros sectores, aporta en torno al 2% al PIB regional.<\/li>\n<li>El sector es muy atractivo para los futuros profesionales, traduci\u00e9ndose en el incremento de la oferta de estudios TIC, tanto universitarios como de formaci\u00f3n profesional.<\/li>\n<li>La evoluci\u00f3n del sector TIC en la regi\u00f3n es similar a la nacional, caracterizada por un crecimiento constante, aunque la influencia econ\u00f3mica es m\u00e1s importante a nivel nacional donde el sector aporta aproximadamente un 4% al PIB.<\/li>\n<li>Se han detectado las necesidades del sistema de consulta que se desarrollar\u00e1 bajo la filosof\u00eda del open data.<\/li>\n<\/ul>\n<\/div>\n<\/div>\n<\/div>\n<div class=\"field field-name-field-proy-publicaciones field-type-text-long field-label-above\" style=\"text-align: justify;\">\n<div class=\"field-label\"><strong>Publicaciones y congresos:\u00a0<\/strong><\/div>\n<div class=\"field-items\">\n<div class=\"field-item even\">\n<ul>\n<li><a href=\"http:\/\/www.cenits.es\/sites\/cenits.es\/files\/publicaciones\/resumen-taxonomtic.pdf\" target=\"_blank\" rel=\"noopener\">Resumen TaxonomTIC: Taxonom\u00eda del sector TIC en Extremadura<\/a>.<\/li>\n<li><a href=\"http:\/\/www.cenits.es\/sites\/cenits.es\/files\/publicaciones\/memoria-taxonomtic-2013.pdf\" target=\"_blank\" rel=\"noopener\">Memoria\u00a0TaxonomTIC 2013<\/a>.<\/li>\n<\/ul>\n<\/div>\n<\/div>\n<\/div>\n<div class=\"field field-name-field-proy-financiacion field-type-text-long field-label-above\">\n<div class=\"field-label\" style=\"text-align: justify;\"><strong>Sources of funding:\u00a0<\/strong><\/div>\n<div class=\"field-items\">\n<div class=\"field-item even\">\n<p style=\"text-align: justify;\">TaxonomTIC forma parte de CENITAL, un proyecto de innovaci\u00f3n e investigaci\u00f3n desarrollado bajo el Programa Operativo FEDER Extremadura 2007-2013, dentro del Eje 1 \u00abDesarrollo de la Econom\u00eda del Conocimiento\u00bb.<\/p>\n<\/div>\n<\/div>\n<\/div>","protected":false},"excerpt":{"rendered":"<p>Investigadores:\u00a0 Equipo de\u00a0C\u00e9nitS Descripci\u00f3n:\u00a0 Las Tecnolog\u00edas de la Informaci\u00f3n y la Comunicaci\u00f3n (TIC) se han transformado en la herramienta de desarrollo m\u00e1s importante del siglo XXI. El conjunto de empresas &#8230;<\/p>","protected":false},"author":1,"featured_media":0,"parent":9950,"menu_order":0,"comment_status":"closed","ping_status":"closed","template":"","meta":{"footnotes":""},"categories":[104,81],"tags":[],"class_list":["post-2599","page","type-page","status-publish","hentry","category-ciencias-informaticas-y-de-comunicaciones","category-proyectos"],"yoast_head":"<!-- This site is optimized with the Yoast SEO plugin v27.1.1 - https:\/\/yoast.com\/product\/yoast-seo-wordpress\/ -->\n<title>TaxonomTIC - Fundaci\u00f3n COMPUTAEX<\/title>\n<meta name=\"robots\" content=\"index, follow, max-snippet:-1, max-image-preview:large, max-video-preview:-1\" \/>\n<link rel=\"canonical\" href=\"https:\/\/computaex.es\/en\/proyectos\/proyecto-taxonomtic\/\" \/>\n<meta property=\"og:locale\" content=\"en_US\" \/>\n<meta property=\"og:type\" content=\"article\" \/>\n<meta property=\"og:title\" content=\"TaxonomTIC - Fundaci\u00f3n COMPUTAEX\" \/>\n<meta property=\"og:description\" content=\"Investigadores:\u00a0 Equipo de\u00a0C\u00e9nitS Descripci\u00f3n:\u00a0 Las Tecnolog\u00edas de la Informaci\u00f3n y la Comunicaci\u00f3n (TIC) se han transformado en la herramienta de desarrollo m\u00e1s importante del siglo XXI. El conjunto de empresas ...\" \/>\n<meta property=\"og:url\" content=\"https:\/\/computaex.es\/en\/proyectos\/proyecto-taxonomtic\/\" \/>\n<meta property=\"og:site_name\" content=\"Fundaci\u00f3n COMPUTAEX\" \/>\n<meta property=\"article:publisher\" content=\"https:\/\/m.facebook.com\/computaex\/\" \/>\n<meta property=\"article:modified_time\" content=\"2025-08-29T10:14:34+00:00\" \/>\n<meta property=\"og:image\" content=\"https:\/\/computaex.es\/wp-content\/uploads\/2025\/08\/COMPUTAEX.jpg\" \/>\n\t<meta property=\"og:image:width\" content=\"1024\" \/>\n\t<meta property=\"og:image:height\" content=\"403\" \/>\n\t<meta property=\"og:image:type\" content=\"image\/jpeg\" \/>\n<meta name=\"twitter:card\" content=\"summary_large_image\" \/>\n<meta name=\"twitter:site\" content=\"@computaex\" \/>\n<meta name=\"twitter:label1\" content=\"Est. reading time\" \/>\n\t<meta name=\"twitter:data1\" content=\"4 minutes\" \/>\n<script type=\"application\/ld+json\" class=\"yoast-schema-graph\">{\"@context\":\"https:\/\/schema.org\",\"@graph\":[{\"@type\":\"WebPage\",\"@id\":\"https:\/\/computaex.es\/proyectos\/proyecto-taxonomtic\/\",\"url\":\"https:\/\/computaex.es\/proyectos\/proyecto-taxonomtic\/\",\"name\":\"TaxonomTIC - Fundaci\u00f3n COMPUTAEX\",\"isPartOf\":{\"@id\":\"https:\/\/computaex.es\/#website\"},\"datePublished\":\"2024-04-11T07:37:56+00:00\",\"dateModified\":\"2025-08-29T10:14:34+00:00\",\"breadcrumb\":{\"@id\":\"https:\/\/computaex.es\/proyectos\/proyecto-taxonomtic\/#breadcrumb\"},\"inLanguage\":\"en-US\",\"potentialAction\":[{\"@type\":\"ReadAction\",\"target\":[\"https:\/\/computaex.es\/proyectos\/proyecto-taxonomtic\/\"]}]},{\"@type\":\"BreadcrumbList\",\"@id\":\"https:\/\/computaex.es\/proyectos\/proyecto-taxonomtic\/#breadcrumb\",\"itemListElement\":[{\"@type\":\"ListItem\",\"position\":1,\"name\":\"Portada\",\"item\":\"https:\/\/computaex.es\/\"},{\"@type\":\"ListItem\",\"position\":2,\"name\":\"Proyectos\",\"item\":\"https:\/\/computaex.es\/proyectos\/\"},{\"@type\":\"ListItem\",\"position\":3,\"name\":\"TaxonomTIC\"}]},{\"@type\":\"WebSite\",\"@id\":\"https:\/\/computaex.es\/#website\",\"url\":\"https:\/\/computaex.es\/\",\"name\":\"Fundaci\u00f3n COMPUTAEX\",\"description\":\"COMPUTAEX\",\"publisher\":{\"@id\":\"https:\/\/computaex.es\/#organization\"},\"potentialAction\":[{\"@type\":\"SearchAction\",\"target\":{\"@type\":\"EntryPoint\",\"urlTemplate\":\"https:\/\/computaex.es\/?s={search_term_string}\"},\"query-input\":{\"@type\":\"PropertyValueSpecification\",\"valueRequired\":true,\"valueName\":\"search_term_string\"}}],\"inLanguage\":\"en-US\"},{\"@type\":\"Organization\",\"@id\":\"https:\/\/computaex.es\/#organization\",\"name\":\"COMPUTAEX\",\"url\":\"https:\/\/computaex.es\/\",\"logo\":{\"@type\":\"ImageObject\",\"inLanguage\":\"en-US\",\"@id\":\"https:\/\/computaex.es\/#\/schema\/logo\/image\/\",\"url\":\"https:\/\/computaex.es\/wp-content\/uploads\/2025\/05\/cropped-COMPUTAEX_transparente-scaled-1.png\",\"contentUrl\":\"https:\/\/computaex.es\/wp-content\/uploads\/2025\/05\/cropped-COMPUTAEX_transparente-scaled-1.png\",\"width\":2560,\"height\":970,\"caption\":\"COMPUTAEX\"},\"image\":{\"@id\":\"https:\/\/computaex.es\/#\/schema\/logo\/image\/\"},\"sameAs\":[\"https:\/\/m.facebook.com\/computaex\/\",\"https:\/\/x.com\/computaex\",\"https:\/\/es.linkedin.com\/company\/cenits\"]}]}<\/script>\n<!-- \/ Yoast SEO plugin. -->","yoast_head_json":{"title":"TaxonomTIC - Fundaci\u00f3n COMPUTAEX","robots":{"index":"index","follow":"follow","max-snippet":"max-snippet:-1","max-image-preview":"max-image-preview:large","max-video-preview":"max-video-preview:-1"},"canonical":"https:\/\/computaex.es\/en\/proyectos\/proyecto-taxonomtic\/","og_locale":"en_US","og_type":"article","og_title":"TaxonomTIC - Fundaci\u00f3n COMPUTAEX","og_description":"Investigadores:\u00a0 Equipo de\u00a0C\u00e9nitS Descripci\u00f3n:\u00a0 Las Tecnolog\u00edas de la Informaci\u00f3n y la Comunicaci\u00f3n (TIC) se han transformado en la herramienta de desarrollo m\u00e1s importante del siglo XXI. El conjunto de empresas ...","og_url":"https:\/\/computaex.es\/en\/proyectos\/proyecto-taxonomtic\/","og_site_name":"Fundaci\u00f3n COMPUTAEX","article_publisher":"https:\/\/m.facebook.com\/computaex\/","article_modified_time":"2025-08-29T10:14:34+00:00","og_image":[{"width":1024,"height":403,"url":"https:\/\/computaex.es\/wp-content\/uploads\/2025\/08\/COMPUTAEX.jpg","type":"image\/jpeg"}],"twitter_card":"summary_large_image","twitter_site":"@computaex","twitter_misc":{"Est. reading time":"4 minutes"},"schema":{"@context":"https:\/\/schema.org","@graph":[{"@type":"WebPage","@id":"https:\/\/computaex.es\/proyectos\/proyecto-taxonomtic\/","url":"https:\/\/computaex.es\/proyectos\/proyecto-taxonomtic\/","name":"TaxonomTIC - Fundaci\u00f3n COMPUTAEX","isPartOf":{"@id":"https:\/\/computaex.es\/#website"},"datePublished":"2024-04-11T07:37:56+00:00","dateModified":"2025-08-29T10:14:34+00:00","breadcrumb":{"@id":"https:\/\/computaex.es\/proyectos\/proyecto-taxonomtic\/#breadcrumb"},"inLanguage":"en-US","potentialAction":[{"@type":"ReadAction","target":["https:\/\/computaex.es\/proyectos\/proyecto-taxonomtic\/"]}]},{"@type":"BreadcrumbList","@id":"https:\/\/computaex.es\/proyectos\/proyecto-taxonomtic\/#breadcrumb","itemListElement":[{"@type":"ListItem","position":1,"name":"Portada","item":"https:\/\/computaex.es\/"},{"@type":"ListItem","position":2,"name":"Proyectos","item":"https:\/\/computaex.es\/proyectos\/"},{"@type":"ListItem","position":3,"name":"TaxonomTIC"}]},{"@type":"WebSite","@id":"https:\/\/computaex.es\/#website","url":"https:\/\/computaex.es\/","name":"COMPUTAEX Foundation","description":"COMPUTAEX","publisher":{"@id":"https:\/\/computaex.es\/#organization"},"potentialAction":[{"@type":"SearchAction","target":{"@type":"EntryPoint","urlTemplate":"https:\/\/computaex.es\/?s={search_term_string}"},"query-input":{"@type":"PropertyValueSpecification","valueRequired":true,"valueName":"search_term_string"}}],"inLanguage":"en-US"},{"@type":"Organization","@id":"https:\/\/computaex.es\/#organization","name":"COMPUTAEX","url":"https:\/\/computaex.es\/","logo":{"@type":"ImageObject","inLanguage":"en-US","@id":"https:\/\/computaex.es\/#\/schema\/logo\/image\/","url":"https:\/\/computaex.es\/wp-content\/uploads\/2025\/05\/cropped-COMPUTAEX_transparente-scaled-1.png","contentUrl":"https:\/\/computaex.es\/wp-content\/uploads\/2025\/05\/cropped-COMPUTAEX_transparente-scaled-1.png","width":2560,"height":970,"caption":"COMPUTAEX"},"image":{"@id":"https:\/\/computaex.es\/#\/schema\/logo\/image\/"},"sameAs":["https:\/\/m.facebook.com\/computaex\/","https:\/\/x.com\/computaex","https:\/\/es.linkedin.com\/company\/cenits"]}]}},"_links":{"self":[{"href":"https:\/\/computaex.es\/en\/wp-json\/wp\/v2\/pages\/2599","targetHints":{"allow":["GET"]}}],"collection":[{"href":"https:\/\/computaex.es\/en\/wp-json\/wp\/v2\/pages"}],"about":[{"href":"https:\/\/computaex.es\/en\/wp-json\/wp\/v2\/types\/page"}],"author":[{"embeddable":true,"href":"https:\/\/computaex.es\/en\/wp-json\/wp\/v2\/users\/1"}],"replies":[{"embeddable":true,"href":"https:\/\/computaex.es\/en\/wp-json\/wp\/v2\/comments?post=2599"}],"version-history":[{"count":5,"href":"https:\/\/computaex.es\/en\/wp-json\/wp\/v2\/pages\/2599\/revisions"}],"predecessor-version":[{"id":8561,"href":"https:\/\/computaex.es\/en\/wp-json\/wp\/v2\/pages\/2599\/revisions\/8561"}],"up":[{"embeddable":true,"href":"https:\/\/computaex.es\/en\/wp-json\/wp\/v2\/pages\/9950"}],"wp:attachment":[{"href":"https:\/\/computaex.es\/en\/wp-json\/wp\/v2\/media?parent=2599"}],"wp:term":[{"taxonomy":"category","embeddable":true,"href":"https:\/\/computaex.es\/en\/wp-json\/wp\/v2\/categories?post=2599"},{"taxonomy":"post_tag","embeddable":true,"href":"https:\/\/computaex.es\/en\/wp-json\/wp\/v2\/tags?post=2599"}],"curies":[{"name":"wp","href":"https:\/\/api.w.org\/{rel}","templated":true}]}}