{"id":2603,"date":"2024-04-11T09:38:28","date_gmt":"2024-04-11T07:38:28","guid":{"rendered":"http:\/\/10.128.3.28\/?page_id=2603"},"modified":"2025-08-29T12:14:01","modified_gmt":"2025-08-29T10:14:01","slug":"proyecto-sgdc-smart-green-data-center","status":"publish","type":"page","link":"https:\/\/computaex.es\/en\/proyectos\/proyecto-sgdc-smart-green-data-center\/","title":{"rendered":"SGDC &#8211; Smart Green Data Center"},"content":{"rendered":"<div class=\"field field-name-field-proy-investigadores field-type-text-long field-label-above\">\n<div class=\"field-label\"><strong>Researchers:\u00a0<\/strong><\/div>\n<div class=\"field-items\">\n<div class=\"field-item even\">\n<ul>\n<li><a href=\"http:\/\/www.grupocobra.com\/\">COBRA INSTALACIONES Y SERVICIOS, S. A.<\/a>,\u00a0<a href=\"http:\/\/www.aselcom.com\/\">ASELCOM<\/a>,\u00a0<a href=\"http:\/\/www.teknicam.com\/\">TEKNICAM<\/a>,\u00a0<a href=\"http:\/\/www.setici.net\/\">SET i.c.i<\/a>, <a href=\"\/en\/\">COMPUTAEX<\/a>,\u00a0<a href=\"http:\/\/www.cetiex.es\/\">CETIEX<\/a>,\u00a0<a href=\"http:\/\/www.intromac.com\/\">INTROMAC<\/a><\/li>\n<\/ul>\n<\/div>\n<\/div>\n<\/div>\n<div class=\"field field-name-field-proy-descripcion field-type-text-long field-label-above\">\n<div class=\"field-label\"><strong>Description:\u00a0<\/strong><\/div>\n<div class=\"field-items\">\n<div class=\"field-item even\">\n<p class=\"rtecenter\"><img fetchpriority=\"high\" decoding=\"async\" class=\"aligncenter\" src=\"\/wp-content\/uploads\/2025\/01\/smartgreendatacenter.jpeg\" alt=\"\" width=\"634\" height=\"423\" \/><\/p>\n<p style=\"text-align: justify;\">Hoy en d\u00eda, los Datacenters o\u00a0<a href=\"https:\/\/\/en\/es.wikipedia.org\/wiki\/Centro_de_procesamiento_de_datos\/\">Centros de Proceso de Datos<\/a>\u00a0(CPD) se han convertido en elementos indispensables para el uso cotidiano de las nuevas tecnolog\u00edas y los servicios que se despliegan sobre ellas.<\/p>\n<p style=\"text-align: justify;\">Correo electr\u00f3nico, v\u00eddeo bajo demanda, banca electr\u00f3nica, son algunos de los servicios que actualmente est\u00e1n siendo desplegados sobre estos centros de proceso de datos que tienen una gran capacidad de c\u00f3mputo y de almacenamiento, as\u00ed como una interconexi\u00f3n r\u00e1pida a Internet.<\/p>\n<p style=\"text-align: justify;\">Todos estos servicios son desplegados en grandes espacios adaptados para alojar servidores que los mantengan 24 horas al d\u00eda, 365 d\u00edas al a\u00f1o. Esto conlleva unos requerimientos muy altos en cuanto a costes de mantenimiento y consumo el\u00e9ctrico. Se estima que en 2013, s\u00f3lo los Datacenters de Estados Unidos consumieron el equivalente a la generaci\u00f3n anual de 34 grandes plantas de energ\u00eda.<\/p>\n<p style=\"text-align: justify;\">Esto implica dos grandes problemas, por un lado, el coste econ\u00f3mico para mantener la infraesctructura y, por otro la huella ecol\u00f3gica que se est\u00e1 dejando en el planeta debido a la contaminaci\u00f3n que conlleva la generaci\u00f3n de tal cantidad de energ\u00eda.<\/p>\n<p style=\"text-align: justify;\">Por tanto, el proyecto Smart Green Data Center busca reducir la huella ecol\u00f3gica a trav\u00e9s del desarrollo de un Datacenter experimental que permita realizar pruebas y desarrollar tecnolog\u00eda que reduzca el consumo energ\u00e9tico de estos grandes consumidores.<\/p>\n<p style=\"text-align: justify;\">Para ello se ha construido un demostrador m\u00f3vil, modular y monitorizable que permite m\u00faltiples configuraciones para adaptarse a diferentes escenarios de prueba. Adem\u00e1s, cuenta con un sistema de climatizaci\u00f3n y de c\u00f3mputo gestionable y configurable de manera que se pueden desarrollar m\u00faltiples aplicaciones de gesti\u00f3n y monitorizaci\u00f3n sobre hardware abierto para la gesti\u00f3n y monitorizaci\u00f3n de los servidores de manera que se pueda realizar una gesti\u00f3n inteligente de los elementos que integran un CDP.<\/p>\n<\/div>\n<\/div>\n<\/div>\n<div class=\"field field-name-field-proy-objetivos field-type-text-long field-label-above\" style=\"text-align: justify;\">\n<div class=\"field-label\"><strong>Objectives:\u00a0<\/strong><\/div>\n<div class=\"field-items\">\n<div class=\"field-item even\">\n<p>El objetivo general del proyecto es el de desarrollar, dise\u00f1ar, fabricar, e implementar un novedoso demostrador de data center modular, monitorizable y m\u00f3vil que permita testear y controlar todos los factores que influyen en su consumo energ\u00e9tico para maximizar su eficiencia y minimizar los impactos que experimentan los edificios que albergan los CPD (ruidos, vibraciones, radiaciones, cableados, etc.).<\/p>\n<p>Mediante la realizaci\u00f3n de simulaciones energ\u00e9ticas inform\u00e1ticas se han detectado las mejores soluciones de dise\u00f1o a adoptar en el demostrador y esto ha influido en el dise\u00f1o y construcci\u00f3n del mismo. Se han implementado herramientas de monitorizaci\u00f3n y control de las variables mediante sensores que permiten actuar y medir en continuo sobre el sistema de refrigeraci\u00f3n, sobre la envolvente del edifico que alberga el CPD, y sobre el procesamiento y computaci\u00f3n de los datos, para alcanzar la eficiencia energ\u00e9tica.<\/p>\n<p>El demostrador del proyecto Smart Green Data Center es un prototipo de data center que permite experimentar con la distribuci\u00f3n de todos los elementos del CPD para lograr la disposici\u00f3n m\u00e1s eficaz energ\u00e9ticamente. A partir de los estudios realizados del efecto que tienen diferentes condiciones clim\u00e1ticas sobre el demostrador, se pueden utilizar\u00a0resultados para adaptar\u00a0su dise\u00f1o, su climatizaci\u00f3n y el procesamiento de los datos. Del mismo modo, se analiza el efecto que el CPD provoca en el edificio que lo alberga, para encontrar soluciones que minimicen los impactos que \u00e9ste produce (ruido, vibraciones, radiaciones, calor, etc).<\/p>\n<p>La movilidad del prototipo permite trasladarlo a diferentes situaciones geogr\u00e1ficas para realizar pruebas reales que se unan a simulaciones realizadas para extrapolar estos datos y aplicarlos a la construcci\u00f3n de CPD reales que permitan optimizar la sostenibilidad ecol\u00f3gica y econ\u00f3mica.<\/p>\n<p>En el proyecto se han identificado los siguientes objetivos:<\/p>\n<ul>\n<li>Desarrollar, dise\u00f1ar, fabricar, e implementar un novedoso demostrador de Data Center (CPD) modular, monitorizable y m\u00f3vil.<\/li>\n<li>Testear y controlar diferentes factores que influyen en el funcionamiento del CPD as\u00ed como en su consumo energ\u00e9tico.<\/li>\n<li>Maximizar su eficiencia y minimizar los impactos que experimentan los edificios que albergan los CPD\u00a0 (consumo energ\u00e9tico, ruidos, vibraciones, radiaciones, cableados, etc.).<\/li>\n<\/ul>\n<p>Entre los principales beneficiarios del proyecto se encuentran empresas del sector, comunidad investigadora y fabricantes que puedan aprovechar el conocimiento generado en este proyecto y hagan uso de las ventajas que presenta un demostrador para probar e integrar diferentes est\u00e1ndares y soluciones.<\/p>\n<\/div>\n<\/div>\n<\/div>\n<div class=\"field field-name-field-proy-metodologia field-type-text-long field-label-above\" style=\"text-align: justify;\">\n<div class=\"field-label\"><strong>Metodolog\u00eda:\u00a0<\/strong><\/div>\n<div class=\"field-items\">\n<div class=\"field-item even\">\n<p>La metodolog\u00eda ha consistido en el estudio, dise\u00f1o, desarrollo y establecimiento gradual de los elementos necesarios para la construcci\u00f3n del demostrador, midiendo el grado de cumplimiento de los objetivos cient\u00edfico-tecnol\u00f3gicos marcados en el proyecto (entre los cuales se encuentra maximizar la eficiencia energ\u00e9tica o minimizar los ruidos y vibraciones).<\/p>\n<\/div>\n<\/div>\n<\/div>\n<div class=\"field field-name-field-proy-objetivos-alcanzados field-type-text-long field-label-above\" style=\"text-align: justify;\">\n<div class=\"field-label\"><strong>Objetivos alcanzados:\u00a0<\/strong><\/div>\n<div class=\"field-items\">\n<div class=\"field-item even\">\n<ul>\n<li>Desarrollo de un demostrador de Data Center (CPD) modular, monitorizable y m\u00f3vil.<\/li>\n<li>Realizaci\u00f3n de pruebas de control de factores que influyan en el funcionamiento general de un CPD, as\u00ed como en su consumo energ\u00e9tico.<\/li>\n<li>Maximizaci\u00f3n de la eficiencia energ\u00e9tica del demostrador, as\u00ed como minimizaci\u00f3n de su impacto en materia de ruidos, vibraciones, radiaciones, etc.<\/li>\n<\/ul>\n<\/div>\n<\/div>\n<\/div>\n<div class=\"field field-name-field-proy-financiacion field-type-text-long field-label-above\">\n<div class=\"field-label\" style=\"text-align: justify;\"><strong>Sources of funding:\u00a0<\/strong><\/div>\n<div class=\"field-items\">\n<div class=\"field-item even\">\n<ul>\n<li style=\"text-align: justify;\"><a href=\"http:\/\/www.cdti.es\/\">CDTI<\/a>\u00a0&#8211;\u00a0<a href=\"http:\/\/www.cdti.es\/index.asp?MP=7&amp;MS=577&amp;MN=3\">FEDER INNTERCONECTA<\/a>,\u00a0<a href=\"http:\/\/www.grupocobra.com\/\">COBRA INSTALACIONES Y SERVICIOS, S. A.<\/a>,\u00a0<a href=\"http:\/\/www.aselcom.com\/\">ASELCOM<\/a>,\u00a0<a href=\"http:\/\/www.teknicam.com\/\">TEKNICAM<\/a>,\u00a0<a href=\"http:\/\/www.setici.net\/\">SET i.c.i<\/a><\/li>\n<\/ul>\n<\/div>\n<\/div>\n<\/div>\n<div class=\"field field-name-taxonomy-vocabulary-4 field-type-taxonomy-term-reference field-label-hidden\"><\/div>","protected":false},"excerpt":{"rendered":"<p>Investigadores:\u00a0 COBRA INSTALACIONES Y SERVICIOS, S. A.,\u00a0ASELCOM,\u00a0TEKNICAM,\u00a0SET i.c.i, COMPUTAEX,\u00a0CETIEX,\u00a0INTROMAC Descripci\u00f3n:\u00a0 Hoy en d\u00eda, los Datacenters o\u00a0Centros de Proceso de Datos\u00a0(CPD) se han convertido en elementos indispensables para el uso cotidiano &#8230;<\/p>","protected":false},"author":1,"featured_media":0,"parent":9950,"menu_order":0,"comment_status":"closed","ping_status":"closed","template":"","meta":{"footnotes":""},"categories":[104,81],"tags":[],"class_list":["post-2603","page","type-page","status-publish","hentry","category-ciencias-informaticas-y-de-comunicaciones","category-proyectos"],"yoast_head":"<!-- This site is optimized with the Yoast SEO plugin v27.5 - https:\/\/yoast.com\/product\/yoast-seo-wordpress\/ -->\n<title>SGDC - Smart Green Data Center - Fundaci\u00f3n COMPUTAEX<\/title>\n<meta name=\"robots\" content=\"index, follow, max-snippet:-1, max-image-preview:large, max-video-preview:-1\" \/>\n<link rel=\"canonical\" href=\"https:\/\/computaex.es\/en\/proyectos\/proyecto-sgdc-smart-green-data-center\/\" \/>\n<meta property=\"og:locale\" content=\"en_US\" \/>\n<meta property=\"og:type\" content=\"article\" \/>\n<meta property=\"og:title\" content=\"SGDC - Smart Green Data Center - Fundaci\u00f3n COMPUTAEX\" \/>\n<meta property=\"og:description\" content=\"Investigadores:\u00a0 COBRA INSTALACIONES Y SERVICIOS, S. A.,\u00a0ASELCOM,\u00a0TEKNICAM,\u00a0SET i.c.i, COMPUTAEX,\u00a0CETIEX,\u00a0INTROMAC Descripci\u00f3n:\u00a0 Hoy en d\u00eda, los Datacenters o\u00a0Centros de Proceso de Datos\u00a0(CPD) se han convertido en elementos indispensables para el uso cotidiano ...\" \/>\n<meta property=\"og:url\" content=\"https:\/\/computaex.es\/en\/proyectos\/proyecto-sgdc-smart-green-data-center\/\" \/>\n<meta property=\"og:site_name\" content=\"Fundaci\u00f3n COMPUTAEX\" \/>\n<meta property=\"article:publisher\" content=\"https:\/\/m.facebook.com\/computaex\/\" \/>\n<meta property=\"article:modified_time\" content=\"2025-08-29T10:14:01+00:00\" \/>\n<meta property=\"og:image\" content=\"https:\/\/computaex.es\/wp-content\/uploads\/2025\/08\/COMPUTAEX.jpg\" \/>\n\t<meta property=\"og:image:width\" content=\"1024\" \/>\n\t<meta property=\"og:image:height\" content=\"403\" \/>\n\t<meta property=\"og:image:type\" content=\"image\/jpeg\" \/>\n<meta name=\"twitter:card\" content=\"summary_large_image\" \/>\n<meta name=\"twitter:site\" content=\"@computaex\" \/>\n<meta name=\"twitter:label1\" content=\"Est. reading time\" \/>\n\t<meta name=\"twitter:data1\" content=\"4 minutes\" \/>\n<script type=\"application\/ld+json\" class=\"yoast-schema-graph\">{\"@context\":\"https:\\\/\\\/schema.org\",\"@graph\":[{\"@type\":\"WebPage\",\"@id\":\"https:\\\/\\\/computaex.es\\\/proyectos\\\/proyecto-sgdc-smart-green-data-center\\\/\",\"url\":\"https:\\\/\\\/computaex.es\\\/proyectos\\\/proyecto-sgdc-smart-green-data-center\\\/\",\"name\":\"SGDC - Smart Green Data Center - Fundaci\u00f3n COMPUTAEX\",\"isPartOf\":{\"@id\":\"https:\\\/\\\/computaex.es\\\/#website\"},\"datePublished\":\"2024-04-11T07:38:28+00:00\",\"dateModified\":\"2025-08-29T10:14:01+00:00\",\"breadcrumb\":{\"@id\":\"https:\\\/\\\/computaex.es\\\/proyectos\\\/proyecto-sgdc-smart-green-data-center\\\/#breadcrumb\"},\"inLanguage\":\"en-US\",\"potentialAction\":[{\"@type\":\"ReadAction\",\"target\":[\"https:\\\/\\\/computaex.es\\\/proyectos\\\/proyecto-sgdc-smart-green-data-center\\\/\"]}]},{\"@type\":\"BreadcrumbList\",\"@id\":\"https:\\\/\\\/computaex.es\\\/proyectos\\\/proyecto-sgdc-smart-green-data-center\\\/#breadcrumb\",\"itemListElement\":[{\"@type\":\"ListItem\",\"position\":1,\"name\":\"Portada\",\"item\":\"https:\\\/\\\/computaex.es\\\/\"},{\"@type\":\"ListItem\",\"position\":2,\"name\":\"Proyectos\",\"item\":\"https:\\\/\\\/computaex.es\\\/proyectos\\\/\"},{\"@type\":\"ListItem\",\"position\":3,\"name\":\"SGDC &#8211; Smart Green Data Center\"}]},{\"@type\":\"WebSite\",\"@id\":\"https:\\\/\\\/computaex.es\\\/#website\",\"url\":\"https:\\\/\\\/computaex.es\\\/\",\"name\":\"Fundaci\u00f3n COMPUTAEX\",\"description\":\"COMPUTAEX\",\"publisher\":{\"@id\":\"https:\\\/\\\/computaex.es\\\/#organization\"},\"potentialAction\":[{\"@type\":\"SearchAction\",\"target\":{\"@type\":\"EntryPoint\",\"urlTemplate\":\"https:\\\/\\\/computaex.es\\\/?s={search_term_string}\"},\"query-input\":{\"@type\":\"PropertyValueSpecification\",\"valueRequired\":true,\"valueName\":\"search_term_string\"}}],\"inLanguage\":\"en-US\"},{\"@type\":\"Organization\",\"@id\":\"https:\\\/\\\/computaex.es\\\/#organization\",\"name\":\"COMPUTAEX\",\"url\":\"https:\\\/\\\/computaex.es\\\/\",\"logo\":{\"@type\":\"ImageObject\",\"inLanguage\":\"en-US\",\"@id\":\"https:\\\/\\\/computaex.es\\\/#\\\/schema\\\/logo\\\/image\\\/\",\"url\":\"https:\\\/\\\/computaex.es\\\/wp-content\\\/uploads\\\/2025\\\/05\\\/cropped-COMPUTAEX_transparente-scaled-1.png\",\"contentUrl\":\"https:\\\/\\\/computaex.es\\\/wp-content\\\/uploads\\\/2025\\\/05\\\/cropped-COMPUTAEX_transparente-scaled-1.png\",\"width\":2560,\"height\":970,\"caption\":\"COMPUTAEX\"},\"image\":{\"@id\":\"https:\\\/\\\/computaex.es\\\/#\\\/schema\\\/logo\\\/image\\\/\"},\"sameAs\":[\"https:\\\/\\\/m.facebook.com\\\/computaex\\\/\",\"https:\\\/\\\/x.com\\\/computaex\",\"https:\\\/\\\/es.linkedin.com\\\/company\\\/cenits\"]}]}<\/script>\n<!-- \/ Yoast SEO plugin. -->","yoast_head_json":{"title":"SGDC - Smart Green Data Center - Fundaci\u00f3n COMPUTAEX","robots":{"index":"index","follow":"follow","max-snippet":"max-snippet:-1","max-image-preview":"max-image-preview:large","max-video-preview":"max-video-preview:-1"},"canonical":"https:\/\/computaex.es\/en\/proyectos\/proyecto-sgdc-smart-green-data-center\/","og_locale":"en_US","og_type":"article","og_title":"SGDC - Smart Green Data Center - Fundaci\u00f3n COMPUTAEX","og_description":"Investigadores:\u00a0 COBRA INSTALACIONES Y SERVICIOS, S. A.,\u00a0ASELCOM,\u00a0TEKNICAM,\u00a0SET i.c.i, COMPUTAEX,\u00a0CETIEX,\u00a0INTROMAC Descripci\u00f3n:\u00a0 Hoy en d\u00eda, los Datacenters o\u00a0Centros de Proceso de Datos\u00a0(CPD) se han convertido en elementos indispensables para el uso cotidiano ...","og_url":"https:\/\/computaex.es\/en\/proyectos\/proyecto-sgdc-smart-green-data-center\/","og_site_name":"Fundaci\u00f3n COMPUTAEX","article_publisher":"https:\/\/m.facebook.com\/computaex\/","article_modified_time":"2025-08-29T10:14:01+00:00","og_image":[{"width":1024,"height":403,"url":"https:\/\/computaex.es\/wp-content\/uploads\/2025\/08\/COMPUTAEX.jpg","type":"image\/jpeg"}],"twitter_card":"summary_large_image","twitter_site":"@computaex","twitter_misc":{"Est. reading time":"4 minutes"},"schema":{"@context":"https:\/\/schema.org","@graph":[{"@type":"WebPage","@id":"https:\/\/computaex.es\/proyectos\/proyecto-sgdc-smart-green-data-center\/","url":"https:\/\/computaex.es\/proyectos\/proyecto-sgdc-smart-green-data-center\/","name":"SGDC - Smart Green Data Center - Fundaci\u00f3n COMPUTAEX","isPartOf":{"@id":"https:\/\/computaex.es\/#website"},"datePublished":"2024-04-11T07:38:28+00:00","dateModified":"2025-08-29T10:14:01+00:00","breadcrumb":{"@id":"https:\/\/computaex.es\/proyectos\/proyecto-sgdc-smart-green-data-center\/#breadcrumb"},"inLanguage":"en-US","potentialAction":[{"@type":"ReadAction","target":["https:\/\/computaex.es\/proyectos\/proyecto-sgdc-smart-green-data-center\/"]}]},{"@type":"BreadcrumbList","@id":"https:\/\/computaex.es\/proyectos\/proyecto-sgdc-smart-green-data-center\/#breadcrumb","itemListElement":[{"@type":"ListItem","position":1,"name":"Portada","item":"https:\/\/computaex.es\/"},{"@type":"ListItem","position":2,"name":"Proyectos","item":"https:\/\/computaex.es\/proyectos\/"},{"@type":"ListItem","position":3,"name":"SGDC &#8211; Smart Green Data Center"}]},{"@type":"WebSite","@id":"https:\/\/computaex.es\/#website","url":"https:\/\/computaex.es\/","name":"COMPUTAEX Foundation","description":"COMPUTAEX","publisher":{"@id":"https:\/\/computaex.es\/#organization"},"potentialAction":[{"@type":"SearchAction","target":{"@type":"EntryPoint","urlTemplate":"https:\/\/computaex.es\/?s={search_term_string}"},"query-input":{"@type":"PropertyValueSpecification","valueRequired":true,"valueName":"search_term_string"}}],"inLanguage":"en-US"},{"@type":"Organization","@id":"https:\/\/computaex.es\/#organization","name":"COMPUTAEX","url":"https:\/\/computaex.es\/","logo":{"@type":"ImageObject","inLanguage":"en-US","@id":"https:\/\/computaex.es\/#\/schema\/logo\/image\/","url":"https:\/\/computaex.es\/wp-content\/uploads\/2025\/05\/cropped-COMPUTAEX_transparente-scaled-1.png","contentUrl":"https:\/\/computaex.es\/wp-content\/uploads\/2025\/05\/cropped-COMPUTAEX_transparente-scaled-1.png","width":2560,"height":970,"caption":"COMPUTAEX"},"image":{"@id":"https:\/\/computaex.es\/#\/schema\/logo\/image\/"},"sameAs":["https:\/\/m.facebook.com\/computaex\/","https:\/\/x.com\/computaex","https:\/\/es.linkedin.com\/company\/cenits"]}]}},"_links":{"self":[{"href":"https:\/\/computaex.es\/en\/wp-json\/wp\/v2\/pages\/2603","targetHints":{"allow":["GET"]}}],"collection":[{"href":"https:\/\/computaex.es\/en\/wp-json\/wp\/v2\/pages"}],"about":[{"href":"https:\/\/computaex.es\/en\/wp-json\/wp\/v2\/types\/page"}],"author":[{"embeddable":true,"href":"https:\/\/computaex.es\/en\/wp-json\/wp\/v2\/users\/1"}],"replies":[{"embeddable":true,"href":"https:\/\/computaex.es\/en\/wp-json\/wp\/v2\/comments?post=2603"}],"version-history":[{"count":6,"href":"https:\/\/computaex.es\/en\/wp-json\/wp\/v2\/pages\/2603\/revisions"}],"predecessor-version":[{"id":8597,"href":"https:\/\/computaex.es\/en\/wp-json\/wp\/v2\/pages\/2603\/revisions\/8597"}],"up":[{"embeddable":true,"href":"https:\/\/computaex.es\/en\/wp-json\/wp\/v2\/pages\/9950"}],"wp:attachment":[{"href":"https:\/\/computaex.es\/en\/wp-json\/wp\/v2\/media?parent=2603"}],"wp:term":[{"taxonomy":"category","embeddable":true,"href":"https:\/\/computaex.es\/en\/wp-json\/wp\/v2\/categories?post=2603"},{"taxonomy":"post_tag","embeddable":true,"href":"https:\/\/computaex.es\/en\/wp-json\/wp\/v2\/tags?post=2603"}],"curies":[{"name":"wp","href":"https:\/\/api.w.org\/{rel}","templated":true}]}}