{"id":2605,"date":"2024-04-11T09:38:51","date_gmt":"2024-04-11T07:38:51","guid":{"rendered":"http:\/\/10.128.3.28\/?page_id=2605"},"modified":"2025-08-29T12:07:59","modified_gmt":"2025-08-29T10:07:59","slug":"proyecto-mittic-modernizacion-e-innovacion-tecnologica-con-base-tic-en-sectores-estrategicos-y-tradicionales","status":"publish","type":"page","link":"https:\/\/computaex.es\/en\/proyectos\/proyecto-mittic-modernizacion-e-innovacion-tecnologica-con-base-tic-en-sectores-estrategicos-y-tradicionales\/","title":{"rendered":"MITTIC &#8211; Modernizaci\u00f3n e Innovaci\u00f3n Tecnol\u00f3gica con base TIC en sectores estrat\u00e9gicos y tradicionales"},"content":{"rendered":"<div class=\"field field-name-field-proy-investigadores field-type-text-long field-label-above\">\n<div class=\"field-label\"><strong>Researchers:\u00a0<\/strong><\/div>\n<div class=\"field-items\">\n<div class=\"field-item even\">\n<ul>\n<li><a href=\"http:\/\/www.gobex.es\/\">GobEx<\/a>,\u00a0<a href=\"http:\/\/\/en\/iprocor.gobex.es\/\">ICMC<\/a>,\u00a0<a href=\"http:\/\/www.intromac.com\/\">INTROMAC<\/a>,\u00a0<a href=\"http:\/\/www.ccmijesususon.com\/\">CCMIJU<\/a>,\u00a0<a href=\"http:\/\/www.feval.com\/\">FEVAL<\/a>,\u00a0<a href=\"\/en\/descripcion-la-fundacion\/\">COMPUTAEX<\/a>,\u00a0<a href=\"http:\/\/www.fundecyt.es\/\">FUNDECYT-PCTEX<\/a>,\u00a0<a href=\"http:\/\/www.ctaex.com\/\">CTAEX<\/a>,\u00a0<a href=\"http:\/\/www.uevora.pt\/\">Universidade de \u00c9vora<\/a>,\u00a0<a href=\"https:\/\/www.ipp.pt\/\">IPP<\/a>,\u00a0<a href=\"http:\/\/www.cebal.pt\/index.php\/en\/\">CEBAL<\/a>,\u00a0<a href=\"http:\/\/\/en\/cevalor.pt\/\">CEVALOR<\/a>,\u00a0<a href=\"http:\/\/www.ipportalegre.pt\/html1\/home.aspx\">ADR-IPP<\/a>,\u00a0<a href=\"http:\/\/www.cataa.pt\/\">CATAA<\/a><\/li>\n<\/ul>\n<\/div>\n<\/div>\n<\/div>\n<div class=\"field field-name-field-proy-logo field-type-image field-label-hidden\">\n<div class=\"field-items\">\n<div class=\"field-item even\"><a class=\"colorbox init-colorbox-processed cboxElement\" title=\"MITTIC - Modernizaci\u00f3n e Innovaci\u00f3n Tecnol\u00f3gica con base TIC en sectores estrat\u00e9gicos y tradicionales\" href=\"https:\/\/www.cenits.es\/wp-content\/uploads\/2025\/01\/logo-mittic.jpg\" data-colorbox-gallery=\"\" data-cbox-img-attrs=\"{&quot;title&quot;: &quot;&quot;, &quot;alt&quot;: &quot;&quot;}\"><img decoding=\"async\" title=\"\" src=\"https:\/\/www.cenits.es\/sites\/cenits.es\/files\/styles\/proyecto\/public\/proyectos\/logo-mittic.jpg?itok=tafqlw9b\" alt=\"\" width=\"185\" height=\"82\" \/><\/a><\/div>\n<\/div>\n<\/div>\n<div class=\"field field-name-field-proy-descripcion field-type-text-long field-label-above\">\n<div class=\"field-label\"><strong>Description:\u00a0<\/strong><\/div>\n<div class=\"field-items\">\n<div class=\"field-item even\">\n<p class=\"rtecenter\"><img decoding=\"async\" class=\"aligncenter\" src=\"\/wp-content\/uploads\/2025\/01\/mittic_1.jpg\" alt=\"\" \/><\/p>\n<p style=\"text-align: justify;\">El proyecto MITTIC, Modernizaci\u00f3n e Innovaci\u00f3n tecnol\u00f3gica con base TIC en sectores estrat\u00e9gicos y tradicionales, surge de la necesidad de generar crecimiento econ\u00f3mico y empleo mediante el aumento de la competitividad en sectores tradicionales y estrat\u00e9gicos de la regi\u00f3n Extremadura-Centro-Alentejo; proponiendo e implementando modelos y procesos innovadores de organizaci\u00f3n y producci\u00f3n, basados en la aplicaci\u00f3n de Tecnolog\u00edas de la Informaci\u00f3n y la Comunicaci\u00f3n.<\/p>\n<p style=\"text-align: justify;\">Estos sectores est\u00e1n basados en recursos y capacidades propios, que ahora se enfrentan al reto de apoyarse en la innovaci\u00f3n como principal fuente de diferenciaci\u00f3n y mejora competitiva con el fin de poder ampliar su mercado potencial y dinamizar la econom\u00eda y el empleo en la regi\u00f3n.<\/p>\n<p style=\"text-align: justify;\">Los recursos y capacidades de los territorios de un lado y otro de la frontera son de id\u00e9ntica naturaleza de modo que la base de la econom\u00eda y la especializaci\u00f3n de sus centros de investigaci\u00f3n son muy similares. Por tanto, el reto de convertir la\u00a0<a href=\"http:\/\/www.euro-ace.eu\/\">EUROACE<\/a>\u00a0en un ecosistema innovador implica un esfuerzo por unir las capacidades emprendedoras con las capacidades innovadoras que existen en el conjunto del territorio.<\/p>\n<\/div>\n<\/div>\n<\/div>\n<div class=\"field field-name-field-proy-objetivos field-type-text-long field-label-above\" style=\"text-align: justify;\">\n<div class=\"field-label\"><strong>Objectives:\u00a0<\/strong><\/div>\n<div class=\"field-items\">\n<div class=\"field-item even\">\n<p>El objetivo principal es estimular el incremento de la competitividad de los sectores estrat\u00e9gicos y tradicionales, con miras al incremento de la creaci\u00f3n de empleo, proponiendo nuevos modelos de organizaci\u00f3n de la actividad econ\u00f3mica y desarrollo de la innovaci\u00f3n y la I+D, apoy\u00e1ndose por un lado, en la aplicaci\u00f3n de las Tecnolog\u00edas de la Informaci\u00f3n y Comunicaci\u00f3n y por otro, en la transferencia de conocimiento.<\/p>\n<p><strong>Como objetivos espec\u00edficos:<\/strong><\/p>\n<ul>\n<li>Incremento de la capacidad innovadora en materia de Tecnolog\u00edas de la Informaci\u00f3n y la Comunicaci\u00f3n de los actores presentes en el desarrollo econ\u00f3mico mediante una mejor gesti\u00f3n del conocimiento basada en estructuras compartidas que optimicen la utilizaci\u00f3n de los recursos en I+D+i y que permita la detecci\u00f3n de necesidades y oportunidades conjuntas.<\/li>\n<li>Modernizaci\u00f3n tecnol\u00f3gica de la cadena de producci\u00f3n de los sectores tradicionales basados en la utilizaci\u00f3n de recursos naturales y otros sectores estrat\u00e9gicos, a trav\u00e9s de la estimulaci\u00f3n de factores de competitividad y de creaci\u00f3n de empleo mediante la aplicaci\u00f3n de nuevos modelos de negocio o mejora de los existentes basados en el conocimiento y la aplicaci\u00f3n de las TIC.<\/li>\n<li>Intercambio con los sectores productivos y la sociedad nuevas aplicaciones, procesos o m\u00e9todos de valorizaci\u00f3n de productos mediante el uso de herramientas TIC generadoras de nuevas oportunidades de negocio y fomentar la innovaci\u00f3n empresarial en los ya existentes.<\/li>\n<\/ul>\n<\/div>\n<\/div>\n<\/div>\n<div class=\"field field-name-field-proy-objetivos-alcanzados field-type-text-long field-label-above\" style=\"text-align: justify;\">\n<div class=\"field-label\"><strong>Objetivos alcanzados:\u00a0<\/strong><\/div>\n<div class=\"field-items\">\n<div class=\"field-item even\">\n<p>Dentro del proyecto MITTIC, desde la Fundaci\u00f3n\u00a0<a href=\"http:\/\/www.cenits.es\/descripcion-la-fundacion\">COMPUTAEX<\/a>\u00a0se han desarrollado actividades en dos \u00e1mbitos bien diferenciados:<\/p>\n<ul>\n<li>En relaci\u00f3n a las acciones de modernizaci\u00f3n y desarrollo tecnol\u00f3gico con base TIC en sectores productivos se ha desarrollado una herramienta de gesti\u00f3n integral de la trazabilidad en las industrias corcheras y de la piedra natural, con el objetivo de asegurar la identificaci\u00f3n del origen del producto y garantizar su procedencia.<\/li>\n<li>Por otro lado, en el marco de las acciones de intercambio de conocimiento para la innovaci\u00f3n y el emprendimiento se ha desarrollado una herramienta virtual para dar a conocer las dehesas y montados en la Eurorregi\u00f3n Extremadura-Centro- Alentejo.<\/li>\n<\/ul>\n<\/div>\n<\/div>\n<\/div>\n<div class=\"field field-name-field-proy-financiacion field-type-text-long field-label-above\" style=\"text-align: justify;\">\n<div class=\"field-label\"><strong>Sources of funding:\u00a0<\/strong><\/div>\n<div class=\"field-items\">\n<div class=\"field-item even\">\n<ul>\n<li><a href=\"http:\/\/www.poctep.eu\/\">FEDER\/POCTEC. Programa Operativo de Cooperaci\u00f3n Transfronteriza Espa\u00f1a \u2013 Portugal<\/a><\/li>\n<\/ul>\n<\/div>\n<\/div>\n<\/div>\n<div class=\"field field-name-field-proy-web field-type-text-long field-label-above\">\n<div class=\"field-label\" style=\"text-align: justify;\"><strong>Web:\u00a0<\/strong><\/div>\n<div class=\"field-items\">\n<div class=\"field-item even\">\n<ul>\n<li style=\"text-align: justify;\"><a href=\"http:\/\/\/en\/mittic.gobex.es\/\">MITTIC<\/a><\/li>\n<\/ul>\n<\/div>\n<\/div>\n<\/div>\n<div class=\"field field-name-taxonomy-vocabulary-4 field-type-taxonomy-term-reference field-label-hidden\"><\/div>","protected":false},"excerpt":{"rendered":"<p>Investigadores:\u00a0 GobEx,\u00a0ICMC,\u00a0INTROMAC,\u00a0CCMIJU,\u00a0FEVAL,\u00a0COMPUTAEX,\u00a0FUNDECYT-PCTEX,\u00a0CTAEX,\u00a0Universidade de \u00c9vora,\u00a0IPP,\u00a0CEBAL,\u00a0CEVALOR,\u00a0ADR-IPP,\u00a0CATAA Descripci\u00f3n:\u00a0 El proyecto MITTIC, Modernizaci\u00f3n e Innovaci\u00f3n tecnol\u00f3gica con base TIC en sectores estrat\u00e9gicos y tradicionales, surge de la necesidad de generar crecimiento econ\u00f3mico y empleo &#8230;<\/p>","protected":false},"author":1,"featured_media":0,"parent":9950,"menu_order":0,"comment_status":"closed","ping_status":"closed","template":"","meta":{"footnotes":""},"categories":[104,81],"tags":[],"class_list":["post-2605","page","type-page","status-publish","hentry","category-ciencias-informaticas-y-de-comunicaciones","category-proyectos"],"yoast_head":"<!-- This site is optimized with the Yoast SEO plugin v27.1.1 - https:\/\/yoast.com\/product\/yoast-seo-wordpress\/ -->\n<title>MITTIC - Modernizaci\u00f3n e Innovaci\u00f3n Tecnol\u00f3gica con base TIC en sectores estrat\u00e9gicos y tradicionales - Fundaci\u00f3n COMPUTAEX<\/title>\n<meta name=\"robots\" content=\"index, follow, max-snippet:-1, max-image-preview:large, max-video-preview:-1\" \/>\n<link rel=\"canonical\" href=\"https:\/\/computaex.es\/en\/proyectos\/proyecto-mittic-modernizacion-e-innovacion-tecnologica-con-base-tic-en-sectores-estrategicos-y-tradicionales\/\" \/>\n<meta property=\"og:locale\" content=\"en_US\" \/>\n<meta property=\"og:type\" content=\"article\" \/>\n<meta property=\"og:title\" content=\"MITTIC - Modernizaci\u00f3n e Innovaci\u00f3n Tecnol\u00f3gica con base TIC en sectores estrat\u00e9gicos y tradicionales - Fundaci\u00f3n COMPUTAEX\" \/>\n<meta property=\"og:description\" content=\"Investigadores:\u00a0 GobEx,\u00a0ICMC,\u00a0INTROMAC,\u00a0CCMIJU,\u00a0FEVAL,\u00a0COMPUTAEX,\u00a0FUNDECYT-PCTEX,\u00a0CTAEX,\u00a0Universidade de \u00c9vora,\u00a0IPP,\u00a0CEBAL,\u00a0CEVALOR,\u00a0ADR-IPP,\u00a0CATAA Descripci\u00f3n:\u00a0 El proyecto MITTIC, Modernizaci\u00f3n e Innovaci\u00f3n tecnol\u00f3gica con base TIC en sectores estrat\u00e9gicos y tradicionales, surge de la necesidad de generar crecimiento econ\u00f3mico y empleo ...\" \/>\n<meta property=\"og:url\" content=\"https:\/\/computaex.es\/en\/proyectos\/proyecto-mittic-modernizacion-e-innovacion-tecnologica-con-base-tic-en-sectores-estrategicos-y-tradicionales\/\" \/>\n<meta property=\"og:site_name\" content=\"Fundaci\u00f3n COMPUTAEX\" \/>\n<meta property=\"article:publisher\" content=\"https:\/\/m.facebook.com\/computaex\/\" \/>\n<meta property=\"article:modified_time\" content=\"2025-08-29T10:07:59+00:00\" \/>\n<meta property=\"og:image\" content=\"https:\/\/www.cenits.es\/sites\/cenits.es\/files\/styles\/proyecto\/public\/proyectos\/logo-mittic.jpg?itok=tafqlw9b\" \/>\n<meta name=\"twitter:card\" content=\"summary_large_image\" \/>\n<meta name=\"twitter:site\" content=\"@computaex\" \/>\n<meta name=\"twitter:label1\" content=\"Est. reading time\" \/>\n\t<meta name=\"twitter:data1\" content=\"3 minutes\" \/>\n<script type=\"application\/ld+json\" class=\"yoast-schema-graph\">{\"@context\":\"https:\/\/schema.org\",\"@graph\":[{\"@type\":\"WebPage\",\"@id\":\"https:\/\/computaex.es\/proyectos\/proyecto-mittic-modernizacion-e-innovacion-tecnologica-con-base-tic-en-sectores-estrategicos-y-tradicionales\/\",\"url\":\"https:\/\/computaex.es\/proyectos\/proyecto-mittic-modernizacion-e-innovacion-tecnologica-con-base-tic-en-sectores-estrategicos-y-tradicionales\/\",\"name\":\"MITTIC - Modernizaci\u00f3n e Innovaci\u00f3n Tecnol\u00f3gica con base TIC en sectores estrat\u00e9gicos y tradicionales - Fundaci\u00f3n COMPUTAEX\",\"isPartOf\":{\"@id\":\"https:\/\/computaex.es\/#website\"},\"primaryImageOfPage\":{\"@id\":\"https:\/\/computaex.es\/proyectos\/proyecto-mittic-modernizacion-e-innovacion-tecnologica-con-base-tic-en-sectores-estrategicos-y-tradicionales\/#primaryimage\"},\"image\":{\"@id\":\"https:\/\/computaex.es\/proyectos\/proyecto-mittic-modernizacion-e-innovacion-tecnologica-con-base-tic-en-sectores-estrategicos-y-tradicionales\/#primaryimage\"},\"thumbnailUrl\":\"https:\/\/www.cenits.es\/sites\/cenits.es\/files\/styles\/proyecto\/public\/proyectos\/logo-mittic.jpg?itok=tafqlw9b\",\"datePublished\":\"2024-04-11T07:38:51+00:00\",\"dateModified\":\"2025-08-29T10:07:59+00:00\",\"breadcrumb\":{\"@id\":\"https:\/\/computaex.es\/proyectos\/proyecto-mittic-modernizacion-e-innovacion-tecnologica-con-base-tic-en-sectores-estrategicos-y-tradicionales\/#breadcrumb\"},\"inLanguage\":\"en-US\",\"potentialAction\":[{\"@type\":\"ReadAction\",\"target\":[\"https:\/\/computaex.es\/proyectos\/proyecto-mittic-modernizacion-e-innovacion-tecnologica-con-base-tic-en-sectores-estrategicos-y-tradicionales\/\"]}]},{\"@type\":\"ImageObject\",\"inLanguage\":\"en-US\",\"@id\":\"https:\/\/computaex.es\/proyectos\/proyecto-mittic-modernizacion-e-innovacion-tecnologica-con-base-tic-en-sectores-estrategicos-y-tradicionales\/#primaryimage\",\"url\":\"https:\/\/www.cenits.es\/sites\/cenits.es\/files\/styles\/proyecto\/public\/proyectos\/logo-mittic.jpg?itok=tafqlw9b\",\"contentUrl\":\"https:\/\/www.cenits.es\/sites\/cenits.es\/files\/styles\/proyecto\/public\/proyectos\/logo-mittic.jpg?itok=tafqlw9b\"},{\"@type\":\"BreadcrumbList\",\"@id\":\"https:\/\/computaex.es\/proyectos\/proyecto-mittic-modernizacion-e-innovacion-tecnologica-con-base-tic-en-sectores-estrategicos-y-tradicionales\/#breadcrumb\",\"itemListElement\":[{\"@type\":\"ListItem\",\"position\":1,\"name\":\"Portada\",\"item\":\"https:\/\/computaex.es\/\"},{\"@type\":\"ListItem\",\"position\":2,\"name\":\"Proyectos\",\"item\":\"https:\/\/computaex.es\/proyectos\/\"},{\"@type\":\"ListItem\",\"position\":3,\"name\":\"MITTIC &#8211; Modernizaci\u00f3n e Innovaci\u00f3n Tecnol\u00f3gica con base TIC en sectores estrat\u00e9gicos y tradicionales\"}]},{\"@type\":\"WebSite\",\"@id\":\"https:\/\/computaex.es\/#website\",\"url\":\"https:\/\/computaex.es\/\",\"name\":\"Fundaci\u00f3n COMPUTAEX\",\"description\":\"COMPUTAEX\",\"publisher\":{\"@id\":\"https:\/\/computaex.es\/#organization\"},\"potentialAction\":[{\"@type\":\"SearchAction\",\"target\":{\"@type\":\"EntryPoint\",\"urlTemplate\":\"https:\/\/computaex.es\/?s={search_term_string}\"},\"query-input\":{\"@type\":\"PropertyValueSpecification\",\"valueRequired\":true,\"valueName\":\"search_term_string\"}}],\"inLanguage\":\"en-US\"},{\"@type\":\"Organization\",\"@id\":\"https:\/\/computaex.es\/#organization\",\"name\":\"COMPUTAEX\",\"url\":\"https:\/\/computaex.es\/\",\"logo\":{\"@type\":\"ImageObject\",\"inLanguage\":\"en-US\",\"@id\":\"https:\/\/computaex.es\/#\/schema\/logo\/image\/\",\"url\":\"https:\/\/computaex.es\/wp-content\/uploads\/2025\/05\/cropped-COMPUTAEX_transparente-scaled-1.png\",\"contentUrl\":\"https:\/\/computaex.es\/wp-content\/uploads\/2025\/05\/cropped-COMPUTAEX_transparente-scaled-1.png\",\"width\":2560,\"height\":970,\"caption\":\"COMPUTAEX\"},\"image\":{\"@id\":\"https:\/\/computaex.es\/#\/schema\/logo\/image\/\"},\"sameAs\":[\"https:\/\/m.facebook.com\/computaex\/\",\"https:\/\/x.com\/computaex\",\"https:\/\/es.linkedin.com\/company\/cenits\"]}]}<\/script>\n<!-- \/ Yoast SEO plugin. -->","yoast_head_json":{"title":"MITTIC - Modernizaci\u00f3n e Innovaci\u00f3n Tecnol\u00f3gica con base TIC en sectores estrat\u00e9gicos y tradicionales - Fundaci\u00f3n COMPUTAEX","robots":{"index":"index","follow":"follow","max-snippet":"max-snippet:-1","max-image-preview":"max-image-preview:large","max-video-preview":"max-video-preview:-1"},"canonical":"https:\/\/computaex.es\/en\/proyectos\/proyecto-mittic-modernizacion-e-innovacion-tecnologica-con-base-tic-en-sectores-estrategicos-y-tradicionales\/","og_locale":"en_US","og_type":"article","og_title":"MITTIC - Modernizaci\u00f3n e Innovaci\u00f3n Tecnol\u00f3gica con base TIC en sectores estrat\u00e9gicos y tradicionales - Fundaci\u00f3n COMPUTAEX","og_description":"Investigadores:\u00a0 GobEx,\u00a0ICMC,\u00a0INTROMAC,\u00a0CCMIJU,\u00a0FEVAL,\u00a0COMPUTAEX,\u00a0FUNDECYT-PCTEX,\u00a0CTAEX,\u00a0Universidade de \u00c9vora,\u00a0IPP,\u00a0CEBAL,\u00a0CEVALOR,\u00a0ADR-IPP,\u00a0CATAA Descripci\u00f3n:\u00a0 El proyecto MITTIC, Modernizaci\u00f3n e Innovaci\u00f3n tecnol\u00f3gica con base TIC en sectores estrat\u00e9gicos y tradicionales, surge de la necesidad de generar crecimiento econ\u00f3mico y empleo ...","og_url":"https:\/\/computaex.es\/en\/proyectos\/proyecto-mittic-modernizacion-e-innovacion-tecnologica-con-base-tic-en-sectores-estrategicos-y-tradicionales\/","og_site_name":"Fundaci\u00f3n COMPUTAEX","article_publisher":"https:\/\/m.facebook.com\/computaex\/","article_modified_time":"2025-08-29T10:07:59+00:00","og_image":[{"url":"https:\/\/www.cenits.es\/sites\/cenits.es\/files\/styles\/proyecto\/public\/proyectos\/logo-mittic.jpg?itok=tafqlw9b","type":"","width":"","height":""}],"twitter_card":"summary_large_image","twitter_site":"@computaex","twitter_misc":{"Est. reading time":"3 minutes"},"schema":{"@context":"https:\/\/schema.org","@graph":[{"@type":"WebPage","@id":"https:\/\/computaex.es\/proyectos\/proyecto-mittic-modernizacion-e-innovacion-tecnologica-con-base-tic-en-sectores-estrategicos-y-tradicionales\/","url":"https:\/\/computaex.es\/proyectos\/proyecto-mittic-modernizacion-e-innovacion-tecnologica-con-base-tic-en-sectores-estrategicos-y-tradicionales\/","name":"MITTIC - Modernizaci\u00f3n e Innovaci\u00f3n Tecnol\u00f3gica con base TIC en sectores estrat\u00e9gicos y tradicionales - Fundaci\u00f3n COMPUTAEX","isPartOf":{"@id":"https:\/\/computaex.es\/#website"},"primaryImageOfPage":{"@id":"https:\/\/computaex.es\/proyectos\/proyecto-mittic-modernizacion-e-innovacion-tecnologica-con-base-tic-en-sectores-estrategicos-y-tradicionales\/#primaryimage"},"image":{"@id":"https:\/\/computaex.es\/proyectos\/proyecto-mittic-modernizacion-e-innovacion-tecnologica-con-base-tic-en-sectores-estrategicos-y-tradicionales\/#primaryimage"},"thumbnailUrl":"https:\/\/www.cenits.es\/sites\/cenits.es\/files\/styles\/proyecto\/public\/proyectos\/logo-mittic.jpg?itok=tafqlw9b","datePublished":"2024-04-11T07:38:51+00:00","dateModified":"2025-08-29T10:07:59+00:00","breadcrumb":{"@id":"https:\/\/computaex.es\/proyectos\/proyecto-mittic-modernizacion-e-innovacion-tecnologica-con-base-tic-en-sectores-estrategicos-y-tradicionales\/#breadcrumb"},"inLanguage":"en-US","potentialAction":[{"@type":"ReadAction","target":["https:\/\/computaex.es\/proyectos\/proyecto-mittic-modernizacion-e-innovacion-tecnologica-con-base-tic-en-sectores-estrategicos-y-tradicionales\/"]}]},{"@type":"ImageObject","inLanguage":"en-US","@id":"https:\/\/computaex.es\/proyectos\/proyecto-mittic-modernizacion-e-innovacion-tecnologica-con-base-tic-en-sectores-estrategicos-y-tradicionales\/#primaryimage","url":"https:\/\/www.cenits.es\/sites\/cenits.es\/files\/styles\/proyecto\/public\/proyectos\/logo-mittic.jpg?itok=tafqlw9b","contentUrl":"https:\/\/www.cenits.es\/sites\/cenits.es\/files\/styles\/proyecto\/public\/proyectos\/logo-mittic.jpg?itok=tafqlw9b"},{"@type":"BreadcrumbList","@id":"https:\/\/computaex.es\/proyectos\/proyecto-mittic-modernizacion-e-innovacion-tecnologica-con-base-tic-en-sectores-estrategicos-y-tradicionales\/#breadcrumb","itemListElement":[{"@type":"ListItem","position":1,"name":"Portada","item":"https:\/\/computaex.es\/"},{"@type":"ListItem","position":2,"name":"Proyectos","item":"https:\/\/computaex.es\/proyectos\/"},{"@type":"ListItem","position":3,"name":"MITTIC &#8211; Modernizaci\u00f3n e Innovaci\u00f3n Tecnol\u00f3gica con base TIC en sectores estrat\u00e9gicos y tradicionales"}]},{"@type":"WebSite","@id":"https:\/\/computaex.es\/#website","url":"https:\/\/computaex.es\/","name":"COMPUTAEX Foundation","description":"COMPUTAEX","publisher":{"@id":"https:\/\/computaex.es\/#organization"},"potentialAction":[{"@type":"SearchAction","target":{"@type":"EntryPoint","urlTemplate":"https:\/\/computaex.es\/?s={search_term_string}"},"query-input":{"@type":"PropertyValueSpecification","valueRequired":true,"valueName":"search_term_string"}}],"inLanguage":"en-US"},{"@type":"Organization","@id":"https:\/\/computaex.es\/#organization","name":"COMPUTAEX","url":"https:\/\/computaex.es\/","logo":{"@type":"ImageObject","inLanguage":"en-US","@id":"https:\/\/computaex.es\/#\/schema\/logo\/image\/","url":"https:\/\/computaex.es\/wp-content\/uploads\/2025\/05\/cropped-COMPUTAEX_transparente-scaled-1.png","contentUrl":"https:\/\/computaex.es\/wp-content\/uploads\/2025\/05\/cropped-COMPUTAEX_transparente-scaled-1.png","width":2560,"height":970,"caption":"COMPUTAEX"},"image":{"@id":"https:\/\/computaex.es\/#\/schema\/logo\/image\/"},"sameAs":["https:\/\/m.facebook.com\/computaex\/","https:\/\/x.com\/computaex","https:\/\/es.linkedin.com\/company\/cenits"]}]}},"_links":{"self":[{"href":"https:\/\/computaex.es\/en\/wp-json\/wp\/v2\/pages\/2605","targetHints":{"allow":["GET"]}}],"collection":[{"href":"https:\/\/computaex.es\/en\/wp-json\/wp\/v2\/pages"}],"about":[{"href":"https:\/\/computaex.es\/en\/wp-json\/wp\/v2\/types\/page"}],"author":[{"embeddable":true,"href":"https:\/\/computaex.es\/en\/wp-json\/wp\/v2\/users\/1"}],"replies":[{"embeddable":true,"href":"https:\/\/computaex.es\/en\/wp-json\/wp\/v2\/comments?post=2605"}],"version-history":[{"count":4,"href":"https:\/\/computaex.es\/en\/wp-json\/wp\/v2\/pages\/2605\/revisions"}],"predecessor-version":[{"id":8496,"href":"https:\/\/computaex.es\/en\/wp-json\/wp\/v2\/pages\/2605\/revisions\/8496"}],"up":[{"embeddable":true,"href":"https:\/\/computaex.es\/en\/wp-json\/wp\/v2\/pages\/9950"}],"wp:attachment":[{"href":"https:\/\/computaex.es\/en\/wp-json\/wp\/v2\/media?parent=2605"}],"wp:term":[{"taxonomy":"category","embeddable":true,"href":"https:\/\/computaex.es\/en\/wp-json\/wp\/v2\/categories?post=2605"},{"taxonomy":"post_tag","embeddable":true,"href":"https:\/\/computaex.es\/en\/wp-json\/wp\/v2\/tags?post=2605"}],"curies":[{"name":"wp","href":"https:\/\/api.w.org\/{rel}","templated":true}]}}