{"id":2613,"date":"2024-04-11T09:40:02","date_gmt":"2024-04-11T07:40:02","guid":{"rendered":"http:\/\/10.128.3.28\/?page_id=2613"},"modified":"2025-08-29T12:14:01","modified_gmt":"2025-08-29T10:14:01","slug":"proyecto-siatdeco-sistema-de-informacion-para-la-ayuda-a-la-toma-de-decisiones-en-energias-ecologicas","status":"publish","type":"page","link":"https:\/\/computaex.es\/en\/proyectos\/proyecto-siatdeco-sistema-de-informacion-para-la-ayuda-a-la-toma-de-decisiones-en-energias-ecologicas\/","title":{"rendered":"SIATDECO: Sistema de Informaci\u00f3n para la Ayuda a la Toma de Decisiones en Energ\u00edas Ecol\u00f3gicas"},"content":{"rendered":"<div class=\"field field-name-field-proy-investigadores field-type-text-long field-label-above\">\n<div class=\"field-label\"><strong>Researchers:\u00a0<\/strong><\/div>\n<div class=\"field-items\">\n<div class=\"field-item even\">\n<ul>\n<li><a href=\"http:\/\/\/en\/iprocor.gobex.es\/\">ICMC<\/a>,\u00a0<a href=\"http:\/\/www.cetiex.es\/\">CETIEX<\/a>,\u00a0<a href=\"http:\/\/www.fundecyt.es\/\">FUNDECYT<\/a>\u00a0and\u00a0<a href=\"\/en\/\">COMPUTAEX<\/a>\u00a0(coordinador del proyecto).<\/li>\n<\/ul>\n<\/div>\n<\/div>\n<\/div>\n<div class=\"field field-name-field-proy-logo field-type-image field-label-hidden\">\n<div class=\"field-items\">\n<div class=\"field-item even\"><a class=\"colorbox init-colorbox-processed cboxElement\" title=\"SIATDECO: Sistema de Informaci\u00f3n para la Ayuda a la Toma de Decisiones en Energ\u00edas Ecol\u00f3gicas\" href=\"https:\/\/www.cenits.es\/wp-content\/uploads\/2025\/01\/siatdeco.jpg\" data-colorbox-gallery=\"\" data-cbox-img-attrs=\"{&quot;title&quot;: &quot;&quot;, &quot;alt&quot;: &quot;&quot;}\"><img decoding=\"async\" title=\"\" src=\"https:\/\/www.cenits.es\/sites\/cenits.es\/files\/styles\/proyecto\/public\/proyectos\/siatdeco.jpg?itok=G8KsnGMF\" alt=\"\" width=\"185\" height=\"85\" \/><\/a><\/div>\n<\/div>\n<\/div>\n<div class=\"field field-name-field-proy-descripcion field-type-text-long field-label-above\">\n<div class=\"field-label\"><strong>Description:\u00a0<\/strong><\/div>\n<div class=\"field-items\">\n<div class=\"field-item even\">\n<p class=\"rtecenter\"><img fetchpriority=\"high\" decoding=\"async\" class=\"aligncenter\" src=\"\/wp-content\/uploads\/2025\/01\/siatdeco_1.png\" alt=\"\" width=\"676\" height=\"391\" \/><\/p>\n<p style=\"text-align: justify;\">Quiz\u00e1s las fuentes de energ\u00eda ecol\u00f3gicas m\u00e1s representativas son la hidr\u00e1ulica, la solar, la e\u00f3lica y la biomasa. Todas ellas est\u00e1n ofreciendo muy buenos resultados en cuanto a su productividad y, aunque algunas encuentran una cierta contestaci\u00f3n popular en relaci\u00f3n a su impacto medioambiental y est\u00e9tico, representan, sin lugar a dudas, la mejor alternativa a las energ\u00edas tradicionales.<\/p>\n<p style=\"text-align: justify;\">Las energ\u00edas ecol\u00f3gicas tienen en com\u00fan una caracter\u00edstica fundamental que es su dependencia directa de las condiciones clim\u00e1ticas. Por ello, es importante analizar con detalle los puntos de ubicaci\u00f3n de las plantas productoras de cada una de estas energ\u00edas. Sin embargo, nos enfrentamos en los \u00faltimos a\u00f1os a otra realidad que es el denominado cambio clim\u00e1tico que parece que es reconocido como el causante de las variaciones que se producen en las previsiones clim\u00e1ticas que estamos experimentando.<\/p>\n<p style=\"text-align: justify;\">Se han obtenido una serie de modelos clim\u00e1ticos y su correlaci\u00f3n con las energ\u00edas renovables que han sido procesados en el supercomputador\u00a0<a href=\"\/en\/lusitania\/\">LUSITANIA<\/a>. Esto ha permitido disponer de un sistema de informaci\u00f3n para la toma de decisiones donde se consideran las predicciones a corto, medio y largo plazo, no s\u00f3lo para analizar y predecir productividades, sino para poder detectar carencias, necesidades y otros factores que son \u00fatiles para la planificaci\u00f3n de inversiones, de infraestructuras y de actividades log\u00edsticas.<\/p>\n<p style=\"text-align: justify;\">La implementaci\u00f3n del proyecto ha sido de inter\u00e9s y utilidad para el sector productivo y tambi\u00e9n para los responsables de la toma de decisiones de administraciones p\u00fablicas que necesitan un buen n\u00famero de indicadores que SIATDECO les puede aportar.<\/p>\n<\/div>\n<\/div>\n<\/div>\n<div class=\"field field-name-field-proy-objetivos field-type-text-long field-label-above\" style=\"text-align: justify;\">\n<div class=\"field-label\"><strong>Objectives:\u00a0<\/strong><\/div>\n<div class=\"field-items\">\n<div class=\"field-item even\">\n<ul>\n<li>Simulaci\u00f3n de diversos modelos clim\u00e1ticos a 2, 5, 10, 20 y 30 a\u00f1os vista, y estudiar las correlaciones existentes entre los diversos factores clim\u00e1ticos (sol, viento y lluvias, principalmente) y la productividad energ\u00e9tica ecol\u00f3gica en la Euroregi\u00f3n\u00a0<a href=\"http:\/\/www.euro-ace.eu\/\">EUROACE<\/a>, correlacionando variables que permitan la toma de decisiones en diversos \u00e1mbitos.<\/li>\n<li>Inventario de las plantas y fuentes de energ\u00eda ecol\u00f3gica existentes en la actualidad en la Eurorregi\u00f3n\u00a0<a href=\"http:\/\/www.euro-ace.eu\/\">EUROACE<\/a>.<\/li>\n<li>Definici\u00f3n y detecci\u00f3n de las variables a analizar en el modelo clim\u00e1tico.<\/li>\n<li>Obtenci\u00f3n de un modelo clim\u00e1tico piloto en la zona transfronteriza de La Raya. Se recurrir\u00e1 a datos clim\u00e1ticos de car\u00e1cter hist\u00f3rico y se captar\u00e1n nuevos datos durante el ciclo de vida del proyecto, en diferentes estaciones meteorol\u00f3gicas de la zona (principalmente de La Raya) donde se propone aplicar el proyecto.<\/li>\n<li>Captaci\u00f3n de datos climatol\u00f3gicos en la zona de la Raya durante el ciclo de vida del proyecto y contrastarlos con datos hist\u00f3ricos de clima y de calas de corcho para poder correlacionar variables que puedan resultar de inter\u00e9s para la toma de decisiones en funci\u00f3n de las previsiones proporcionadas por el modelo clim\u00e1tico.<\/li>\n<li>Implementaci\u00f3n de un SIATD (Sistema de Informaci\u00f3n para la Ayuda a la Toma de Decisiones) para ser usado en el contexto de las energ\u00edas ecol\u00f3gicas.<\/li>\n<li>Investici\u00f3n de la potencialidad de otras energ\u00edas ecol\u00f3gicas alternativas a las que est\u00e1n ya implantadas.<\/li>\n<\/ul>\n<\/div>\n<\/div>\n<\/div>\n<div class=\"field field-name-field-proy-metodologia field-type-text-long field-label-above\">\n<div class=\"field-label\" style=\"text-align: justify;\"><strong>Metodolog\u00eda:\u00a0<\/strong><\/div>\n<div class=\"field-items\">\n<div class=\"field-item even\">\n<p style=\"text-align: justify;\">En primer lugar, se recaba toda la informaci\u00f3n relativa a los distintos tipos de energ\u00eda y aspectos a tener en cuenta a la hora de determinar la ubicaci\u00f3n de la instalaci\u00f3n de una planta de energ\u00edas renovables. Una vez que el sistema disponga de toda la informaci\u00f3n, se procede a realizar una evaluaci\u00f3n en etapas mediante la superposici\u00f3n de mapas sobre un Sistema de Informaci\u00f3n Geogr\u00e1fica. Cada uno de estos mapas representa la informaci\u00f3n relativa a un dato: clima, altitud, pendiente, recursos h\u00eddricos, n\u00facleos de poblaci\u00f3n, producci\u00f3n estimada, etc.<\/p>\n<p class=\"rtecenter\"><img decoding=\"async\" class=\"aligncenter\" src=\"\/wp-content\/uploads\/2025\/01\/riteca.jpg\" alt=\"\" \/><\/p>\n<p style=\"text-align: justify;\">Tras valorar toda esta informaci\u00f3n, SIATDECO proporciona la informaci\u00f3n resultante sobre la idoneidad de la zona de estudio. Si la zona elegida no fuera viable, SIATDECO aporta alternativas, incluyendo la soluci\u00f3n \u00f3ptima.<\/p>\n<\/div>\n<\/div>\n<\/div>\n<div class=\"field field-name-field-proy-objetivos-alcanzados field-type-text-long field-label-above\">\n<div class=\"field-label\"><strong>Objetivos alcanzados:\u00a0<\/strong><\/div>\n<div class=\"field-items\">\n<div class=\"field-item even\">\n<p class=\"rtecenter\"><img decoding=\"async\" class=\"aligncenter\" src=\"\/wp-content\/uploads\/2025\/01\/siatdeco_2.jpg\" alt=\"\" \/><\/p>\n<ul>\n<li style=\"text-align: justify;\">Inventario de plantas y fuentes de energ\u00eda ecol\u00f3gica existentes en la actualidad en la Eurorregi\u00f3n\u00a0<a href=\"http:\/\/www.euro-ace.eu\/\">EUROACE<\/a>. El objeto del inventario es localizar geogr\u00e1ficamente y caracterizar las plantas generadoras de energ\u00eda el\u00e9ctrica, conectadas ya a la red o en construcci\u00f3n, existentes en la regiones Centro y Alentejo en Portugal, y en la regi\u00f3n de Extremadura en Espa\u00f1a. El inventario servir\u00e1 de apoyo al sistema de ayuda a la toma de decisiones para determinar el potencial de generaci\u00f3n el\u00e9ctrica de plantas productoras de energ\u00eda renovable en funci\u00f3n de su ubicaci\u00f3n. Seg\u00fan el trabajo realizado, las 242 plantas de este tipo que funcionan en Extremadura disponen de una potencia total instalada de 3.110,8 megavatios.<\/li>\n<li style=\"text-align: justify;\">Definici\u00f3n de las variables a analizar en el modelo clim\u00e1tico. Entre las variables analizadas se encuentran la temperatura media mensual, la precipitaci\u00f3n media mensual, la velocidad media del viento, etc. Se ha elaborado un informe donde se recogen todas estas variables.<\/li>\n<li style=\"text-align: justify;\">Recopilaci\u00f3n de datos clim\u00e1ticos hist\u00f3ricos de las estaciones meteorol\u00f3gicas de la\u00a0<a href=\"http:\/\/www.aemet.es\/es\/portada\">AEMET<\/a>\u00a0y captaci\u00f3n de nuevos datos durante el ciclo de vida del proyecto.\u00a0 Adem\u00e1s de los datos del clima, se han recopilado datos de calas de corcho y datos de producci\u00f3n fotovoltaica en Extremadura con el objetivo de intentar determinar la influencia que tiene el clima en la calidad del corcho y en la producci\u00f3n energ\u00e9tica.<\/li>\n<li style=\"text-align: justify;\">Modelo clim\u00e1tico piloto para la zona transfronteriza de La Raya. Para obtener las proyecciones del clima futuro, se ha utilizado una integraci\u00f3n de dos modelos clim\u00e1ticos: el modelo\u00a0 global\u00a0<strong>CESM<\/strong>\u00a0y el modelo regional\u00a0<strong>WRF<\/strong>, ambos alojados en en el supercomputador\u00a0<a href=\"\/en\/lusitania\/\">LUSITANIA<\/a>. Estos modelos se han simulado para el intervalo 2080 \u2013 2099 y est\u00e1 en marcha una nueva integraci\u00f3n para poder realizar la simulaci\u00f3n del clima de los a\u00f1os comprendidos entre 2015 y 2025.<\/li>\n<li style=\"text-align: justify;\">Implementaci\u00f3n del SIATD. El sistema de informaci\u00f3n se ha desarrollado sobre la plataforma OpenGeo Suite. Se trata de un framework geoespacial totalmente integrado para servir mapas y datos a trav\u00e9s de aplicaciones web, dispositivos m\u00f3viles y clientes de escritorio. Es una soluci\u00f3n 100% Open Source que combina PostGIS, GeoServer, OpenLayers, GeoExt y GeoWebCache. El uso de una base de datos como PostGIS permite una potencia y velocidad de consulta elevados. El servidor de mapas GeoServer provee acceso a fuentes de datos SIG mediante est\u00e1ndares OGC, adem\u00e1s de un panel de administraci\u00f3n completo v\u00eda web. El sistema desarrollado consiste b\u00e1sicamente en una aplicaci\u00f3n n Sistema de Informaci\u00f3n Geogr\u00e1fica integrado que facilita el acceso a todos los datos recopilados para el proyecto. Estos datos ser\u00e1n servidos en forma de mapas en formato r\u00e1ster y vectorial, adem\u00e1s de representados mediante gr\u00e1ficos para estudiar su evoluci\u00f3n a lo largo de los a\u00f1os.<\/li>\n<li style=\"text-align: justify;\">Informe de evaluaci\u00f3n de energ\u00edas alternativas en la\u00a0<a href=\"http:\/\/www.euro-ace.eu\/\">EUROACE<\/a>. El objeto de este informe es investigar la potencialidad de otras energ\u00edas ecol\u00f3gicas alternativas a las que est\u00e1n ya implantadas. Las alternativas energ\u00e9ticas analizadas tienen ventajas e inconvenientes con respecto a las que se encuentran implantadas en la actualidad en el sistema energ\u00e9tico de la regi\u00f3n\u00a0<a href=\"http:\/\/www.euro-ace.eu\/\">EUROACE<\/a>. Algunas incluso tienen ya una importancia relevante en el mismo. La toma de decisiones sobre el sector queda en manos de las instancias con potestad para ello, que en base a la legislaci\u00f3n marcar\u00e1n las tendencias futuras.<\/li>\n<\/ul>\n<\/div>\n<\/div>\n<\/div>\n<div class=\"field field-name-field-proy-financiacion field-type-text-long field-label-above\" style=\"text-align: justify;\">\n<div class=\"field-label\"><strong>Sources of funding:\u00a0<\/strong><\/div>\n<div class=\"field-items\">\n<div class=\"field-item even\">\n<ul>\n<li>El proyecto SIATDECO forma parte del proyecto\u00a0<a href=\"http:\/\/\/en\/riteca.gobex.es\/\">RITECA-II<\/a>, cofinanciado por el Fondo Europeo de Desarrollo Regional (FEDER) a trav\u00e9s del\u00a0<a href=\"http:\/\/www.poctep.eu\/\">Programa Operativo de Cooperaci\u00f3n Transfronteriza Espa\u00f1a-Portugal (POCTEP) 2007-2013<\/a>.<\/li>\n<\/ul>\n<\/div>\n<\/div>\n<\/div>\n<div class=\"field field-name-field-proy-web field-type-text-long field-label-above\">\n<div class=\"field-label\" style=\"text-align: justify;\"><strong>Web:\u00a0<\/strong><\/div>\n<div class=\"field-items\">\n<div class=\"field-item even\">\n<ul>\n<li style=\"text-align: justify;\"><a href=\"http:\/\/www.cenits.es\/sites\/cenits.es\/files\/noticias\/folleto_informativo_de_los_resultados_del_proyecto_siatdeco.pdf\">http:\/\/www.cenits.es\/sites\/cenits.es\/files\/noticias\/folleto_informativo_de_los_resultados_del_proyecto_siatdeco.pdf<\/a><\/li>\n<li style=\"text-align: justify;\"><a href=\"http:\/\/www.siatdeco.eu\/\">Siatdeco<\/a><\/li>\n<li style=\"text-align: justify;\"><a href=\"http:\/\/\/en\/riteca.gobex.es\/\">Riteca<\/a><\/li>\n<\/ul>\n<\/div>\n<\/div>\n<\/div>\n<div class=\"field field-name-taxonomy-vocabulary-4 field-type-taxonomy-term-reference field-label-hidden\"><\/div>","protected":false},"excerpt":{"rendered":"<p>Investigadores:\u00a0 ICMC,\u00a0CETIEX,\u00a0FUNDECYT\u00a0y\u00a0COMPUTAEX\u00a0(coordinador del proyecto). Descripci\u00f3n:\u00a0 Quiz\u00e1s las fuentes de energ\u00eda ecol\u00f3gicas m\u00e1s representativas son la hidr\u00e1ulica, la solar, la e\u00f3lica y la biomasa. Todas ellas est\u00e1n ofreciendo muy buenos resultados &#8230;<\/p>","protected":false},"author":1,"featured_media":0,"parent":9950,"menu_order":0,"comment_status":"closed","ping_status":"closed","template":"","meta":{"footnotes":""},"categories":[104,81],"tags":[],"class_list":["post-2613","page","type-page","status-publish","hentry","category-ciencias-informaticas-y-de-comunicaciones","category-proyectos"],"yoast_head":"<!-- This site is optimized with the Yoast SEO plugin v27.1.1 - https:\/\/yoast.com\/product\/yoast-seo-wordpress\/ -->\n<title>SIATDECO: Sistema de Informaci\u00f3n para la Ayuda a la Toma de Decisiones en Energ\u00edas Ecol\u00f3gicas - Fundaci\u00f3n COMPUTAEX<\/title>\n<meta name=\"robots\" content=\"index, follow, max-snippet:-1, max-image-preview:large, max-video-preview:-1\" \/>\n<link rel=\"canonical\" href=\"https:\/\/computaex.es\/en\/proyectos\/proyecto-siatdeco-sistema-de-informacion-para-la-ayuda-a-la-toma-de-decisiones-en-energias-ecologicas\/\" \/>\n<meta property=\"og:locale\" content=\"en_US\" \/>\n<meta property=\"og:type\" content=\"article\" \/>\n<meta property=\"og:title\" content=\"SIATDECO: Sistema de Informaci\u00f3n para la Ayuda a la Toma de Decisiones en Energ\u00edas Ecol\u00f3gicas - Fundaci\u00f3n COMPUTAEX\" \/>\n<meta property=\"og:description\" content=\"Investigadores:\u00a0 ICMC,\u00a0CETIEX,\u00a0FUNDECYT\u00a0y\u00a0COMPUTAEX\u00a0(coordinador del proyecto). Descripci\u00f3n:\u00a0 Quiz\u00e1s las fuentes de energ\u00eda ecol\u00f3gicas m\u00e1s representativas son la hidr\u00e1ulica, la solar, la e\u00f3lica y la biomasa. Todas ellas est\u00e1n ofreciendo muy buenos resultados ...\" \/>\n<meta property=\"og:url\" content=\"https:\/\/computaex.es\/en\/proyectos\/proyecto-siatdeco-sistema-de-informacion-para-la-ayuda-a-la-toma-de-decisiones-en-energias-ecologicas\/\" \/>\n<meta property=\"og:site_name\" content=\"Fundaci\u00f3n COMPUTAEX\" \/>\n<meta property=\"article:publisher\" content=\"https:\/\/m.facebook.com\/computaex\/\" \/>\n<meta property=\"article:modified_time\" content=\"2025-08-29T10:14:01+00:00\" \/>\n<meta property=\"og:image\" content=\"https:\/\/www.cenits.es\/sites\/cenits.es\/files\/styles\/proyecto\/public\/proyectos\/siatdeco.jpg?itok=G8KsnGMF\" \/>\n<meta name=\"twitter:card\" content=\"summary_large_image\" \/>\n<meta name=\"twitter:site\" content=\"@computaex\" \/>\n<meta name=\"twitter:label1\" content=\"Est. reading time\" \/>\n\t<meta name=\"twitter:data1\" content=\"7 minutes\" \/>\n<script type=\"application\/ld+json\" class=\"yoast-schema-graph\">{\"@context\":\"https:\/\/schema.org\",\"@graph\":[{\"@type\":\"WebPage\",\"@id\":\"https:\/\/computaex.es\/proyectos\/proyecto-siatdeco-sistema-de-informacion-para-la-ayuda-a-la-toma-de-decisiones-en-energias-ecologicas\/\",\"url\":\"https:\/\/computaex.es\/proyectos\/proyecto-siatdeco-sistema-de-informacion-para-la-ayuda-a-la-toma-de-decisiones-en-energias-ecologicas\/\",\"name\":\"SIATDECO: Sistema de Informaci\u00f3n para la Ayuda a la Toma de Decisiones en Energ\u00edas Ecol\u00f3gicas - Fundaci\u00f3n COMPUTAEX\",\"isPartOf\":{\"@id\":\"https:\/\/computaex.es\/#website\"},\"primaryImageOfPage\":{\"@id\":\"https:\/\/computaex.es\/proyectos\/proyecto-siatdeco-sistema-de-informacion-para-la-ayuda-a-la-toma-de-decisiones-en-energias-ecologicas\/#primaryimage\"},\"image\":{\"@id\":\"https:\/\/computaex.es\/proyectos\/proyecto-siatdeco-sistema-de-informacion-para-la-ayuda-a-la-toma-de-decisiones-en-energias-ecologicas\/#primaryimage\"},\"thumbnailUrl\":\"https:\/\/www.cenits.es\/sites\/cenits.es\/files\/styles\/proyecto\/public\/proyectos\/siatdeco.jpg?itok=G8KsnGMF\",\"datePublished\":\"2024-04-11T07:40:02+00:00\",\"dateModified\":\"2025-08-29T10:14:01+00:00\",\"breadcrumb\":{\"@id\":\"https:\/\/computaex.es\/proyectos\/proyecto-siatdeco-sistema-de-informacion-para-la-ayuda-a-la-toma-de-decisiones-en-energias-ecologicas\/#breadcrumb\"},\"inLanguage\":\"en-US\",\"potentialAction\":[{\"@type\":\"ReadAction\",\"target\":[\"https:\/\/computaex.es\/proyectos\/proyecto-siatdeco-sistema-de-informacion-para-la-ayuda-a-la-toma-de-decisiones-en-energias-ecologicas\/\"]}]},{\"@type\":\"ImageObject\",\"inLanguage\":\"en-US\",\"@id\":\"https:\/\/computaex.es\/proyectos\/proyecto-siatdeco-sistema-de-informacion-para-la-ayuda-a-la-toma-de-decisiones-en-energias-ecologicas\/#primaryimage\",\"url\":\"https:\/\/www.cenits.es\/sites\/cenits.es\/files\/styles\/proyecto\/public\/proyectos\/siatdeco.jpg?itok=G8KsnGMF\",\"contentUrl\":\"https:\/\/www.cenits.es\/sites\/cenits.es\/files\/styles\/proyecto\/public\/proyectos\/siatdeco.jpg?itok=G8KsnGMF\"},{\"@type\":\"BreadcrumbList\",\"@id\":\"https:\/\/computaex.es\/proyectos\/proyecto-siatdeco-sistema-de-informacion-para-la-ayuda-a-la-toma-de-decisiones-en-energias-ecologicas\/#breadcrumb\",\"itemListElement\":[{\"@type\":\"ListItem\",\"position\":1,\"name\":\"Portada\",\"item\":\"https:\/\/computaex.es\/\"},{\"@type\":\"ListItem\",\"position\":2,\"name\":\"Proyectos\",\"item\":\"https:\/\/computaex.es\/proyectos\/\"},{\"@type\":\"ListItem\",\"position\":3,\"name\":\"SIATDECO: Sistema de Informaci\u00f3n para la Ayuda a la Toma de Decisiones en Energ\u00edas Ecol\u00f3gicas\"}]},{\"@type\":\"WebSite\",\"@id\":\"https:\/\/computaex.es\/#website\",\"url\":\"https:\/\/computaex.es\/\",\"name\":\"Fundaci\u00f3n COMPUTAEX\",\"description\":\"COMPUTAEX\",\"publisher\":{\"@id\":\"https:\/\/computaex.es\/#organization\"},\"potentialAction\":[{\"@type\":\"SearchAction\",\"target\":{\"@type\":\"EntryPoint\",\"urlTemplate\":\"https:\/\/computaex.es\/?s={search_term_string}\"},\"query-input\":{\"@type\":\"PropertyValueSpecification\",\"valueRequired\":true,\"valueName\":\"search_term_string\"}}],\"inLanguage\":\"en-US\"},{\"@type\":\"Organization\",\"@id\":\"https:\/\/computaex.es\/#organization\",\"name\":\"COMPUTAEX\",\"url\":\"https:\/\/computaex.es\/\",\"logo\":{\"@type\":\"ImageObject\",\"inLanguage\":\"en-US\",\"@id\":\"https:\/\/computaex.es\/#\/schema\/logo\/image\/\",\"url\":\"https:\/\/computaex.es\/wp-content\/uploads\/2025\/05\/cropped-COMPUTAEX_transparente-scaled-1.png\",\"contentUrl\":\"https:\/\/computaex.es\/wp-content\/uploads\/2025\/05\/cropped-COMPUTAEX_transparente-scaled-1.png\",\"width\":2560,\"height\":970,\"caption\":\"COMPUTAEX\"},\"image\":{\"@id\":\"https:\/\/computaex.es\/#\/schema\/logo\/image\/\"},\"sameAs\":[\"https:\/\/m.facebook.com\/computaex\/\",\"https:\/\/x.com\/computaex\",\"https:\/\/es.linkedin.com\/company\/cenits\"]}]}<\/script>\n<!-- \/ Yoast SEO plugin. -->","yoast_head_json":{"title":"SIATDECO: Sistema de Informaci\u00f3n para la Ayuda a la Toma de Decisiones en Energ\u00edas Ecol\u00f3gicas - Fundaci\u00f3n COMPUTAEX","robots":{"index":"index","follow":"follow","max-snippet":"max-snippet:-1","max-image-preview":"max-image-preview:large","max-video-preview":"max-video-preview:-1"},"canonical":"https:\/\/computaex.es\/en\/proyectos\/proyecto-siatdeco-sistema-de-informacion-para-la-ayuda-a-la-toma-de-decisiones-en-energias-ecologicas\/","og_locale":"en_US","og_type":"article","og_title":"SIATDECO: Sistema de Informaci\u00f3n para la Ayuda a la Toma de Decisiones en Energ\u00edas Ecol\u00f3gicas - Fundaci\u00f3n COMPUTAEX","og_description":"Investigadores:\u00a0 ICMC,\u00a0CETIEX,\u00a0FUNDECYT\u00a0y\u00a0COMPUTAEX\u00a0(coordinador del proyecto). Descripci\u00f3n:\u00a0 Quiz\u00e1s las fuentes de energ\u00eda ecol\u00f3gicas m\u00e1s representativas son la hidr\u00e1ulica, la solar, la e\u00f3lica y la biomasa. Todas ellas est\u00e1n ofreciendo muy buenos resultados ...","og_url":"https:\/\/computaex.es\/en\/proyectos\/proyecto-siatdeco-sistema-de-informacion-para-la-ayuda-a-la-toma-de-decisiones-en-energias-ecologicas\/","og_site_name":"Fundaci\u00f3n COMPUTAEX","article_publisher":"https:\/\/m.facebook.com\/computaex\/","article_modified_time":"2025-08-29T10:14:01+00:00","og_image":[{"url":"https:\/\/www.cenits.es\/sites\/cenits.es\/files\/styles\/proyecto\/public\/proyectos\/siatdeco.jpg?itok=G8KsnGMF","type":"","width":"","height":""}],"twitter_card":"summary_large_image","twitter_site":"@computaex","twitter_misc":{"Est. reading time":"7 minutes"},"schema":{"@context":"https:\/\/schema.org","@graph":[{"@type":"WebPage","@id":"https:\/\/computaex.es\/proyectos\/proyecto-siatdeco-sistema-de-informacion-para-la-ayuda-a-la-toma-de-decisiones-en-energias-ecologicas\/","url":"https:\/\/computaex.es\/proyectos\/proyecto-siatdeco-sistema-de-informacion-para-la-ayuda-a-la-toma-de-decisiones-en-energias-ecologicas\/","name":"SIATDECO: Sistema de Informaci\u00f3n para la Ayuda a la Toma de Decisiones en Energ\u00edas Ecol\u00f3gicas - Fundaci\u00f3n COMPUTAEX","isPartOf":{"@id":"https:\/\/computaex.es\/#website"},"primaryImageOfPage":{"@id":"https:\/\/computaex.es\/proyectos\/proyecto-siatdeco-sistema-de-informacion-para-la-ayuda-a-la-toma-de-decisiones-en-energias-ecologicas\/#primaryimage"},"image":{"@id":"https:\/\/computaex.es\/proyectos\/proyecto-siatdeco-sistema-de-informacion-para-la-ayuda-a-la-toma-de-decisiones-en-energias-ecologicas\/#primaryimage"},"thumbnailUrl":"https:\/\/www.cenits.es\/sites\/cenits.es\/files\/styles\/proyecto\/public\/proyectos\/siatdeco.jpg?itok=G8KsnGMF","datePublished":"2024-04-11T07:40:02+00:00","dateModified":"2025-08-29T10:14:01+00:00","breadcrumb":{"@id":"https:\/\/computaex.es\/proyectos\/proyecto-siatdeco-sistema-de-informacion-para-la-ayuda-a-la-toma-de-decisiones-en-energias-ecologicas\/#breadcrumb"},"inLanguage":"en-US","potentialAction":[{"@type":"ReadAction","target":["https:\/\/computaex.es\/proyectos\/proyecto-siatdeco-sistema-de-informacion-para-la-ayuda-a-la-toma-de-decisiones-en-energias-ecologicas\/"]}]},{"@type":"ImageObject","inLanguage":"en-US","@id":"https:\/\/computaex.es\/proyectos\/proyecto-siatdeco-sistema-de-informacion-para-la-ayuda-a-la-toma-de-decisiones-en-energias-ecologicas\/#primaryimage","url":"https:\/\/www.cenits.es\/sites\/cenits.es\/files\/styles\/proyecto\/public\/proyectos\/siatdeco.jpg?itok=G8KsnGMF","contentUrl":"https:\/\/www.cenits.es\/sites\/cenits.es\/files\/styles\/proyecto\/public\/proyectos\/siatdeco.jpg?itok=G8KsnGMF"},{"@type":"BreadcrumbList","@id":"https:\/\/computaex.es\/proyectos\/proyecto-siatdeco-sistema-de-informacion-para-la-ayuda-a-la-toma-de-decisiones-en-energias-ecologicas\/#breadcrumb","itemListElement":[{"@type":"ListItem","position":1,"name":"Portada","item":"https:\/\/computaex.es\/"},{"@type":"ListItem","position":2,"name":"Proyectos","item":"https:\/\/computaex.es\/proyectos\/"},{"@type":"ListItem","position":3,"name":"SIATDECO: Sistema de Informaci\u00f3n para la Ayuda a la Toma de Decisiones en Energ\u00edas Ecol\u00f3gicas"}]},{"@type":"WebSite","@id":"https:\/\/computaex.es\/#website","url":"https:\/\/computaex.es\/","name":"COMPUTAEX Foundation","description":"COMPUTAEX","publisher":{"@id":"https:\/\/computaex.es\/#organization"},"potentialAction":[{"@type":"SearchAction","target":{"@type":"EntryPoint","urlTemplate":"https:\/\/computaex.es\/?s={search_term_string}"},"query-input":{"@type":"PropertyValueSpecification","valueRequired":true,"valueName":"search_term_string"}}],"inLanguage":"en-US"},{"@type":"Organization","@id":"https:\/\/computaex.es\/#organization","name":"COMPUTAEX","url":"https:\/\/computaex.es\/","logo":{"@type":"ImageObject","inLanguage":"en-US","@id":"https:\/\/computaex.es\/#\/schema\/logo\/image\/","url":"https:\/\/computaex.es\/wp-content\/uploads\/2025\/05\/cropped-COMPUTAEX_transparente-scaled-1.png","contentUrl":"https:\/\/computaex.es\/wp-content\/uploads\/2025\/05\/cropped-COMPUTAEX_transparente-scaled-1.png","width":2560,"height":970,"caption":"COMPUTAEX"},"image":{"@id":"https:\/\/computaex.es\/#\/schema\/logo\/image\/"},"sameAs":["https:\/\/m.facebook.com\/computaex\/","https:\/\/x.com\/computaex","https:\/\/es.linkedin.com\/company\/cenits"]}]}},"_links":{"self":[{"href":"https:\/\/computaex.es\/en\/wp-json\/wp\/v2\/pages\/2613","targetHints":{"allow":["GET"]}}],"collection":[{"href":"https:\/\/computaex.es\/en\/wp-json\/wp\/v2\/pages"}],"about":[{"href":"https:\/\/computaex.es\/en\/wp-json\/wp\/v2\/types\/page"}],"author":[{"embeddable":true,"href":"https:\/\/computaex.es\/en\/wp-json\/wp\/v2\/users\/1"}],"replies":[{"embeddable":true,"href":"https:\/\/computaex.es\/en\/wp-json\/wp\/v2\/comments?post=2613"}],"version-history":[{"count":5,"href":"https:\/\/computaex.es\/en\/wp-json\/wp\/v2\/pages\/2613\/revisions"}],"predecessor-version":[{"id":8599,"href":"https:\/\/computaex.es\/en\/wp-json\/wp\/v2\/pages\/2613\/revisions\/8599"}],"up":[{"embeddable":true,"href":"https:\/\/computaex.es\/en\/wp-json\/wp\/v2\/pages\/9950"}],"wp:attachment":[{"href":"https:\/\/computaex.es\/en\/wp-json\/wp\/v2\/media?parent=2613"}],"wp:term":[{"taxonomy":"category","embeddable":true,"href":"https:\/\/computaex.es\/en\/wp-json\/wp\/v2\/categories?post=2613"},{"taxonomy":"post_tag","embeddable":true,"href":"https:\/\/computaex.es\/en\/wp-json\/wp\/v2\/tags?post=2613"}],"curies":[{"name":"wp","href":"https:\/\/api.w.org\/{rel}","templated":true}]}}