{"id":2615,"date":"2024-04-11T09:40:28","date_gmt":"2024-04-11T07:40:28","guid":{"rendered":"http:\/\/10.128.3.28\/?page_id=2615"},"modified":"2025-07-23T14:21:42","modified_gmt":"2025-07-23T12:21:42","slug":"proyecto-distribucion-de-niveles-electromagneticos-en-determinados-entornos-geograficos","status":"publish","type":"page","link":"https:\/\/computaex.es\/en\/proyecto-distribucion-de-niveles-electromagneticos-en-determinados-entornos-geograficos\/","title":{"rendered":"Distribuci\u00f3n de niveles electromagn\u00e9ticos en determinados entornos geogr\u00e1ficos"},"content":{"rendered":"<div class=\"field field-name-field-proy-investigadores field-type-text-long field-label-above\">\n<div class=\"field-label\" style=\"text-align: justify;\"><strong>Researchers:\u00a0<\/strong><\/div>\n<div class=\"field-items\" style=\"text-align: justify;\">\n<div class=\"field-item even\">\n<ul>\n<li><strong>Jes\u00fas Manuel Paniagua S\u00e1nchez<\/strong>. Departamento de\u00a0<a href=\"http:\/\/www.unex.es\/investigacion\/grupos\/grniiu\">F\u00edsica Aplicada<\/a>\u00a0of the\u00a0<a href=\"http:\/\/www.unex.es\/\">Universidad de Extremadura<\/a>.<\/li>\n<\/ul>\n<\/div>\n<\/div>\n<\/div>\n<div class=\"field field-name-field-proy-objetivos field-type-text-long field-label-above\" style=\"text-align: justify;\">\n<div class=\"field-label\"><strong>Objectives:\u00a0<\/strong><\/div>\n<div class=\"field-items\">\n<div class=\"field-item even\">\n<ul>\n<li>Se plantea el objetivo de c\u00e1lculo de la propagaci\u00f3n electromagn\u00e9tica en entornos reales en cierta banda de frecuencias, analizando el efecto de diferentes obst\u00e1culos y accidentes geogr\u00e1ficos en los niveles de campo detectados a distintas distancias de los transmisores.<\/li>\n<li>Asimismo, las iniciales simulaciones en 2D servir\u00e1n para ajustar par\u00e1metros de la aplicaci\u00f3n que permitan su extrapolaci\u00f3n a posibles ejecuciones de entornos reales de grandes dimensiones en 3D.<\/li>\n<\/ul>\n<\/div>\n<\/div>\n<\/div>\n<div class=\"field field-name-field-proy-metodologia field-type-text-long field-label-above\" style=\"text-align: justify;\">\n<div class=\"field-label\"><strong>Metodolog\u00eda:\u00a0<\/strong><\/div>\n<div class=\"field-items\">\n<div class=\"field-item even\">\n<p>Se implementan algoritmos basados en FDTD (Finite-difference time-domain) para el c\u00e1lculo de niveles de campo electromagn\u00e9tico en determinadas bandas de frecuencias y la obtenci\u00f3n de resultados fiables de cara a computar la afecci\u00f3n de radiaciones en el cuerpo humano.<\/p>\n<p>Su aplicabilidad es clara en el c\u00e1lculo de valores de campo en entornos no ideales con grandes oscilaciones de niveles y donde las aproximaciones de algoritmos basados en \u00f3ptica geom\u00e9trica y aproximaciones num\u00e9ricas no proporcionan informaci\u00f3n completa ni fidedigna en determinadas circunstancias.<\/p>\n<p>La posibilidad de sistematizar estos algoritmos para su extrapolaci\u00f3n en la aplicabilidad a entornos de grandes dimensiones, en conjunci\u00f3n con informaci\u00f3n derivada de Sistemas de Informaci\u00f3n Geogr\u00e1ficos (SIG), hace que sea prometedor el uso de supercomputadores en esta materia. Por tanto, este tipo de simulaciones te\u00f3ricas, que cada vez m\u00e1s incorporan un modelado del entorno m\u00e1s detallado, permiten la obtenci\u00f3n de resultados precisos, sirviendo como base de cara a planificaciones radio o estudios de puntos o \u00e1reas cr\u00edticas de especial inter\u00e9s.<\/p>\n<\/div>\n<\/div>\n<\/div>","protected":false},"excerpt":{"rendered":"<p>Investigadores:\u00a0 Jes\u00fas Manuel Paniagua S\u00e1nchez. Departamento de\u00a0F\u00edsica Aplicada\u00a0de la\u00a0Universidad de Extremadura. Objetivos:\u00a0 Se plantea el objetivo de c\u00e1lculo de la propagaci\u00f3n electromagn\u00e9tica en entornos reales en cierta banda de frecuencias, &#8230;<\/p>","protected":false},"author":1,"featured_media":0,"parent":0,"menu_order":0,"comment_status":"closed","ping_status":"closed","template":"","meta":{"footnotes":""},"categories":[102,81],"tags":[],"class_list":["post-2615","page","type-page","status-publish","hentry","category-ciencias-de-la-tierra","category-proyectos"],"yoast_head":"<!-- This site is optimized with the Yoast SEO plugin v27.1.1 - https:\/\/yoast.com\/product\/yoast-seo-wordpress\/ -->\n<title>Distribuci\u00f3n de niveles electromagn\u00e9ticos en determinados entornos geogr\u00e1ficos - Fundaci\u00f3n COMPUTAEX<\/title>\n<meta name=\"robots\" content=\"index, follow, max-snippet:-1, max-image-preview:large, max-video-preview:-1\" \/>\n<link rel=\"canonical\" href=\"https:\/\/computaex.es\/en\/proyecto-distribucion-de-niveles-electromagneticos-en-determinados-entornos-geograficos\/\" \/>\n<meta property=\"og:locale\" content=\"en_US\" \/>\n<meta property=\"og:type\" content=\"article\" \/>\n<meta property=\"og:title\" content=\"Distribuci\u00f3n de niveles electromagn\u00e9ticos en determinados entornos geogr\u00e1ficos - Fundaci\u00f3n COMPUTAEX\" \/>\n<meta property=\"og:description\" content=\"Investigadores:\u00a0 Jes\u00fas Manuel Paniagua S\u00e1nchez. Departamento de\u00a0F\u00edsica Aplicada\u00a0de la\u00a0Universidad de Extremadura. Objetivos:\u00a0 Se plantea el objetivo de c\u00e1lculo de la propagaci\u00f3n electromagn\u00e9tica en entornos reales en cierta banda de frecuencias, ...\" \/>\n<meta property=\"og:url\" content=\"https:\/\/computaex.es\/en\/proyecto-distribucion-de-niveles-electromagneticos-en-determinados-entornos-geograficos\/\" \/>\n<meta property=\"og:site_name\" content=\"Fundaci\u00f3n COMPUTAEX\" \/>\n<meta property=\"article:publisher\" content=\"https:\/\/m.facebook.com\/computaex\/\" \/>\n<meta property=\"article:modified_time\" content=\"2025-07-23T12:21:42+00:00\" \/>\n<meta property=\"og:image\" content=\"https:\/\/computaex.es\/wp-content\/uploads\/2025\/08\/COMPUTAEX.jpg\" \/>\n\t<meta property=\"og:image:width\" content=\"1024\" \/>\n\t<meta property=\"og:image:height\" content=\"403\" \/>\n\t<meta property=\"og:image:type\" content=\"image\/jpeg\" \/>\n<meta name=\"twitter:card\" content=\"summary_large_image\" \/>\n<meta name=\"twitter:site\" content=\"@computaex\" \/>\n<meta name=\"twitter:label1\" content=\"Est. reading time\" \/>\n\t<meta name=\"twitter:data1\" content=\"2 minutes\" \/>\n<script type=\"application\/ld+json\" class=\"yoast-schema-graph\">{\"@context\":\"https:\/\/schema.org\",\"@graph\":[{\"@type\":\"WebPage\",\"@id\":\"https:\/\/computaex.es\/proyecto-distribucion-de-niveles-electromagneticos-en-determinados-entornos-geograficos\/\",\"url\":\"https:\/\/computaex.es\/proyecto-distribucion-de-niveles-electromagneticos-en-determinados-entornos-geograficos\/\",\"name\":\"Distribuci\u00f3n de niveles electromagn\u00e9ticos en determinados entornos geogr\u00e1ficos - Fundaci\u00f3n COMPUTAEX\",\"isPartOf\":{\"@id\":\"https:\/\/computaex.es\/#website\"},\"datePublished\":\"2024-04-11T07:40:28+00:00\",\"dateModified\":\"2025-07-23T12:21:42+00:00\",\"breadcrumb\":{\"@id\":\"https:\/\/computaex.es\/proyecto-distribucion-de-niveles-electromagneticos-en-determinados-entornos-geograficos\/#breadcrumb\"},\"inLanguage\":\"en-US\",\"potentialAction\":[{\"@type\":\"ReadAction\",\"target\":[\"https:\/\/computaex.es\/proyecto-distribucion-de-niveles-electromagneticos-en-determinados-entornos-geograficos\/\"]}]},{\"@type\":\"BreadcrumbList\",\"@id\":\"https:\/\/computaex.es\/proyecto-distribucion-de-niveles-electromagneticos-en-determinados-entornos-geograficos\/#breadcrumb\",\"itemListElement\":[{\"@type\":\"ListItem\",\"position\":1,\"name\":\"Portada\",\"item\":\"https:\/\/computaex.es\/\"},{\"@type\":\"ListItem\",\"position\":2,\"name\":\"Distribuci\u00f3n de niveles electromagn\u00e9ticos en determinados entornos geogr\u00e1ficos\"}]},{\"@type\":\"WebSite\",\"@id\":\"https:\/\/computaex.es\/#website\",\"url\":\"https:\/\/computaex.es\/\",\"name\":\"Fundaci\u00f3n COMPUTAEX\",\"description\":\"COMPUTAEX\",\"publisher\":{\"@id\":\"https:\/\/computaex.es\/#organization\"},\"potentialAction\":[{\"@type\":\"SearchAction\",\"target\":{\"@type\":\"EntryPoint\",\"urlTemplate\":\"https:\/\/computaex.es\/?s={search_term_string}\"},\"query-input\":{\"@type\":\"PropertyValueSpecification\",\"valueRequired\":true,\"valueName\":\"search_term_string\"}}],\"inLanguage\":\"en-US\"},{\"@type\":\"Organization\",\"@id\":\"https:\/\/computaex.es\/#organization\",\"name\":\"COMPUTAEX\",\"url\":\"https:\/\/computaex.es\/\",\"logo\":{\"@type\":\"ImageObject\",\"inLanguage\":\"en-US\",\"@id\":\"https:\/\/computaex.es\/#\/schema\/logo\/image\/\",\"url\":\"https:\/\/computaex.es\/wp-content\/uploads\/2025\/05\/cropped-COMPUTAEX_transparente-scaled-1.png\",\"contentUrl\":\"https:\/\/computaex.es\/wp-content\/uploads\/2025\/05\/cropped-COMPUTAEX_transparente-scaled-1.png\",\"width\":2560,\"height\":970,\"caption\":\"COMPUTAEX\"},\"image\":{\"@id\":\"https:\/\/computaex.es\/#\/schema\/logo\/image\/\"},\"sameAs\":[\"https:\/\/m.facebook.com\/computaex\/\",\"https:\/\/x.com\/computaex\",\"https:\/\/es.linkedin.com\/company\/cenits\"]}]}<\/script>\n<!-- \/ Yoast SEO plugin. -->","yoast_head_json":{"title":"Distribuci\u00f3n de niveles electromagn\u00e9ticos en determinados entornos geogr\u00e1ficos - Fundaci\u00f3n COMPUTAEX","robots":{"index":"index","follow":"follow","max-snippet":"max-snippet:-1","max-image-preview":"max-image-preview:large","max-video-preview":"max-video-preview:-1"},"canonical":"https:\/\/computaex.es\/en\/proyecto-distribucion-de-niveles-electromagneticos-en-determinados-entornos-geograficos\/","og_locale":"en_US","og_type":"article","og_title":"Distribuci\u00f3n de niveles electromagn\u00e9ticos en determinados entornos geogr\u00e1ficos - Fundaci\u00f3n COMPUTAEX","og_description":"Investigadores:\u00a0 Jes\u00fas Manuel Paniagua S\u00e1nchez. Departamento de\u00a0F\u00edsica Aplicada\u00a0de la\u00a0Universidad de Extremadura. Objetivos:\u00a0 Se plantea el objetivo de c\u00e1lculo de la propagaci\u00f3n electromagn\u00e9tica en entornos reales en cierta banda de frecuencias, ...","og_url":"https:\/\/computaex.es\/en\/proyecto-distribucion-de-niveles-electromagneticos-en-determinados-entornos-geograficos\/","og_site_name":"Fundaci\u00f3n COMPUTAEX","article_publisher":"https:\/\/m.facebook.com\/computaex\/","article_modified_time":"2025-07-23T12:21:42+00:00","og_image":[{"width":1024,"height":403,"url":"https:\/\/computaex.es\/wp-content\/uploads\/2025\/08\/COMPUTAEX.jpg","type":"image\/jpeg"}],"twitter_card":"summary_large_image","twitter_site":"@computaex","twitter_misc":{"Est. reading time":"2 minutes"},"schema":{"@context":"https:\/\/schema.org","@graph":[{"@type":"WebPage","@id":"https:\/\/computaex.es\/proyecto-distribucion-de-niveles-electromagneticos-en-determinados-entornos-geograficos\/","url":"https:\/\/computaex.es\/proyecto-distribucion-de-niveles-electromagneticos-en-determinados-entornos-geograficos\/","name":"Distribuci\u00f3n de niveles electromagn\u00e9ticos en determinados entornos geogr\u00e1ficos - Fundaci\u00f3n COMPUTAEX","isPartOf":{"@id":"https:\/\/computaex.es\/#website"},"datePublished":"2024-04-11T07:40:28+00:00","dateModified":"2025-07-23T12:21:42+00:00","breadcrumb":{"@id":"https:\/\/computaex.es\/proyecto-distribucion-de-niveles-electromagneticos-en-determinados-entornos-geograficos\/#breadcrumb"},"inLanguage":"en-US","potentialAction":[{"@type":"ReadAction","target":["https:\/\/computaex.es\/proyecto-distribucion-de-niveles-electromagneticos-en-determinados-entornos-geograficos\/"]}]},{"@type":"BreadcrumbList","@id":"https:\/\/computaex.es\/proyecto-distribucion-de-niveles-electromagneticos-en-determinados-entornos-geograficos\/#breadcrumb","itemListElement":[{"@type":"ListItem","position":1,"name":"Portada","item":"https:\/\/computaex.es\/"},{"@type":"ListItem","position":2,"name":"Distribuci\u00f3n de niveles electromagn\u00e9ticos en determinados entornos geogr\u00e1ficos"}]},{"@type":"WebSite","@id":"https:\/\/computaex.es\/#website","url":"https:\/\/computaex.es\/","name":"COMPUTAEX Foundation","description":"COMPUTAEX","publisher":{"@id":"https:\/\/computaex.es\/#organization"},"potentialAction":[{"@type":"SearchAction","target":{"@type":"EntryPoint","urlTemplate":"https:\/\/computaex.es\/?s={search_term_string}"},"query-input":{"@type":"PropertyValueSpecification","valueRequired":true,"valueName":"search_term_string"}}],"inLanguage":"en-US"},{"@type":"Organization","@id":"https:\/\/computaex.es\/#organization","name":"COMPUTAEX","url":"https:\/\/computaex.es\/","logo":{"@type":"ImageObject","inLanguage":"en-US","@id":"https:\/\/computaex.es\/#\/schema\/logo\/image\/","url":"https:\/\/computaex.es\/wp-content\/uploads\/2025\/05\/cropped-COMPUTAEX_transparente-scaled-1.png","contentUrl":"https:\/\/computaex.es\/wp-content\/uploads\/2025\/05\/cropped-COMPUTAEX_transparente-scaled-1.png","width":2560,"height":970,"caption":"COMPUTAEX"},"image":{"@id":"https:\/\/computaex.es\/#\/schema\/logo\/image\/"},"sameAs":["https:\/\/m.facebook.com\/computaex\/","https:\/\/x.com\/computaex","https:\/\/es.linkedin.com\/company\/cenits"]}]}},"_links":{"self":[{"href":"https:\/\/computaex.es\/en\/wp-json\/wp\/v2\/pages\/2615","targetHints":{"allow":["GET"]}}],"collection":[{"href":"https:\/\/computaex.es\/en\/wp-json\/wp\/v2\/pages"}],"about":[{"href":"https:\/\/computaex.es\/en\/wp-json\/wp\/v2\/types\/page"}],"author":[{"embeddable":true,"href":"https:\/\/computaex.es\/en\/wp-json\/wp\/v2\/users\/1"}],"replies":[{"embeddable":true,"href":"https:\/\/computaex.es\/en\/wp-json\/wp\/v2\/comments?post=2615"}],"version-history":[{"count":6,"href":"https:\/\/computaex.es\/en\/wp-json\/wp\/v2\/pages\/2615\/revisions"}],"predecessor-version":[{"id":8392,"href":"https:\/\/computaex.es\/en\/wp-json\/wp\/v2\/pages\/2615\/revisions\/8392"}],"wp:attachment":[{"href":"https:\/\/computaex.es\/en\/wp-json\/wp\/v2\/media?parent=2615"}],"wp:term":[{"taxonomy":"category","embeddable":true,"href":"https:\/\/computaex.es\/en\/wp-json\/wp\/v2\/categories?post=2615"},{"taxonomy":"post_tag","embeddable":true,"href":"https:\/\/computaex.es\/en\/wp-json\/wp\/v2\/tags?post=2615"}],"curies":[{"name":"wp","href":"https:\/\/api.w.org\/{rel}","templated":true}]}}