{"id":2656,"date":"2024-04-11T09:49:22","date_gmt":"2024-04-11T07:49:22","guid":{"rendered":"http:\/\/10.128.3.28\/?page_id=2656"},"modified":"2025-07-23T14:24:25","modified_gmt":"2025-07-23T12:24:25","slug":"proyecto-efecto-del-disolvente-sobre-la-desexcitacion-radiante-y-no-radiante-de-estados-excitados-en-moleculas-de-interes-biologico","status":"publish","type":"page","link":"https:\/\/computaex.es\/en\/proyecto-efecto-del-disolvente-sobre-la-desexcitacion-radiante-y-no-radiante-de-estados-excitados-en-moleculas-de-interes-biologico\/","title":{"rendered":"Efecto del disolvente sobre la desexcitaci\u00f3n radiante y no radiante de estados excitados en mol\u00e9culas de inter\u00e9s biol\u00f3gico"},"content":{"rendered":"<div class=\"field field-name-field-proy-investigadores field-type-text-long field-label-above\">\n<div class=\"field-label\" style=\"text-align: justify;\"><strong>Researchers:\u00a0<\/strong><\/div>\n<div class=\"field-items\" style=\"text-align: justify;\">\n<div class=\"field-item even\">\n<p>The research group\u00a0<a href=\"http:\/\/www.unex.es\/unex\/grupos\/grupos\/qcamm\">QCAMM<\/a>\u00a0(Quantum Chemistry And Molecular Modelling) del Departamento de Ingenier\u00eda Qu\u00edmica y F\u00edsica de la\u00a0<a href=\"http:\/\/www.unex.es\/\">Universidad de Extremadura<\/a>\u00a0est\u00e1 compuesto por los siguientes investigadores:<\/p>\n<ul>\n<li><strong>Francisco Javier Olivares del Valle (Coordinador del grupo)<\/strong><\/li>\n<li><strong>Manuel \u00c1ngel Aguilar Espinosa<\/strong><\/li>\n<li><strong>Jos\u00e9 Carlos Corchado Mart\u00edn-Romo<\/strong><\/li>\n<li><strong>Mar\u00eda Luz S\u00e1nchez Mendoza<\/strong><\/li>\n<li><strong>Mar\u00eda Elena Mart\u00edn Navarro<\/strong><\/li>\n<li><strong>Ignacio Fern\u00e1ndez Galv\u00e1n<\/strong><\/li>\n<li><strong>Aurora Mu\u00f1oz Losa<\/strong><\/li>\n<li><strong>Francisco Fern\u00e1ndez Garc\u00eda-Prieto<\/strong><\/li>\n<\/ul>\n<\/div>\n<\/div>\n<\/div>\n<div class=\"field field-name-field-proy-objetivos field-type-text-long field-label-above\" style=\"text-align: justify;\">\n<div class=\"field-label\"><strong>Objectives:\u00a0<\/strong><\/div>\n<div class=\"field-items\">\n<div class=\"field-item even\">\n<ul>\n<li>El principal objetivo del proyecto es el estudio te\u00f3rico de la \u00a0espectroscopia y evoluci\u00f3n temporal de estados excitados. M\u00e1s \u00a0espec\u00edficamente se pretende desarrollar un tratamiento te\u00f3rico unificado \u00a0que permita clarificar el papel que representa el disolvente en la \u00a0desexcitaci\u00f3n de estados excitados. Desde el punto de vista pr\u00e1ctico se pretende abordar problemas de gran inter\u00e9s como son la explicaci\u00f3n y \u00a0predicci\u00f3n de los espectros de emisi\u00f3n (fluorescencia y fosforescencia) de \u00a0mol\u00e9culas en disoluci\u00f3n o el efecto del disolvente sobre procesos fotoqu\u00edmicos en mol\u00e9culas de inter\u00e9s biol\u00f3gico: retinal, GFP, etc.<\/li>\n<\/ul>\n<\/div>\n<\/div>\n<\/div>\n<div class=\"field field-name-field-proy-metodologia field-type-text-long field-label-above\" style=\"text-align: justify;\">\n<div class=\"field-label\"><strong>Metodolog\u00eda:\u00a0<\/strong><\/div>\n<div class=\"field-items\">\n<div class=\"field-item even\">\n<p>Empleo de c\u00e1lculos te\u00f3ricos mecanocu\u00e1nticos de alto nivel (CASSCF, CASPT2, \u00a0TD-DFT) en la descripci\u00f3n de estados excitados de mol\u00e9culas de inter\u00e9s \u00a0biol\u00f3gico. Para ello se requiere una caracterizaci\u00f3n de los distintos \u00a0puntos cr\u00edticos de las hipersuperficies de energ\u00eda potencial de los estados \u00a0excitados que intervengan en la fotof\u00edsica y fotoqu\u00edmica de los \u00a0crom\u00f3foros.<\/p>\n<p>En una primera fase el objetivo es describir los crom\u00f3foros ya \u00a0sea en fase gas o en presencia de disolventes polares y en situaci\u00f3n de \u00a0equilibrio, para en fases posteriores incluir el efecto de la prote\u00edna en la \u00a0que se encuentra el crom\u00f3foro o estudiar la evoluci\u00f3n temporal de los \u00a0distintos estados electr\u00f3nicos excitados.<\/p>\n<\/div>\n<\/div>\n<\/div>\n<div class=\"field field-name-field-proy-objetivos-alcanzados field-type-text-long field-label-above\" style=\"text-align: justify;\">\n<div class=\"field-label\"><strong>Objetivos alcanzados:\u00a0<\/strong><\/div>\n<div class=\"field-items\">\n<div class=\"field-item even\">\n<ul>\n<li>Se han realizado estudios te\u00f3ricos sobre el fen\u00f3meno de la doble fluorescencia en disolventes polares para dos compuestos afines, como son el 1-fenilpirrol y el fluoraceno. Los resultados en ambos casos indican que posiblemente la estructura responsable de la banda de fluorescencia de baja energ\u00eda no presenta un giro importante entre los dos anillos, lo que apoyar\u00eda el modelo PICT (planar intramolecular charge transfer) frente al TICT (twisted intramolecular charge transfer).<\/li>\n<li>Se ha completado un estudio sobre los estados excitados de una mol\u00e9cula de inter\u00e9s biol\u00f3gico como el 11-cis-retinal. En este caso se sugiere que la complejidad en el espectro de fluorescencia observado experimentalmente procede de la presencia de dos estados electr\u00f3nicos excitados de distinta naturaleza. Adem\u00e1s, se ha demostrado que el la desexcitaci\u00f3n no radiante a trav\u00e9s de una intersecci\u00f3n c\u00f3nica (que da lugar a la isomerizaci\u00f3n) puede transcurrir sin apenas barrera energ\u00e9tica, aunque la reorganizaci\u00f3n del disolvente necesaria hace que el proceso sea mucho m\u00e1s lento en disoluci\u00f3n que en vac\u00edo.<\/li>\n<\/ul>\n<\/div>\n<\/div>\n<\/div>\n<div class=\"field field-name-field-proy-publicaciones field-type-text-long field-label-above\" style=\"text-align: justify;\">\n<div class=\"field-label\"><strong>Publicaciones y congresos:\u00a0<\/strong><\/div>\n<div class=\"field-items\">\n<div class=\"field-item even\">\n<ul>\n<li>M. Elena Mart\u00edn, M. Luz S\u00e1nchez, Jos\u00e9 C. Corchado, Aurora Mu\u00f1oz-Losa, Ignacio Fdez. Galv\u00e1n, Francisco J. Olivares del Valle, Manuel A. Aguilar: Theoretical study of the role of solvent Stark effect in electron transitions. Theor. Chem. Acc. 128 (2011) 783-793.<\/li>\n<li>Ignacio Fdez. Galv\u00e1n, M. Elena Mart\u00edn, Aurora Mu\u00f1oz-Losa, M. Luz S\u00e1nchez, Manuel A. Aguilar: Solvent Effects on the Structure and Spectroscopy of the Emitting States of 1-Phenylpyrrole. J. Chem. Theory Comput. 7 (2011) 1850-1857.<\/li>\n<li>Ignacio Fdez. Galv\u00e1n, M. Elena Mart\u00edn, Aurora Mu\u00f1oz-Losa, Manuel A. Aguilar: Dual Fluorescence of Fluorazene in Solution: A Computational Study. J. Chem. Theory Comput. 7 (2011) 3694-3701.<\/li>\n<li>Francisco F. Garc\u00eda-Prieto, Ignacio Fdez. Galv\u00e1n, Manuel A. Aguilar, M. Elena Mart\u00edn: Study on the Conformational Equilibrium of the Alanine Dipeptide in Water Solution by Using the Averaged Solvent Electrostatic Potential from Molecular Dynamics Methodology. J. Chem. Phys. 135 (2011) 194502(1-9).<\/li>\n<li>Aurora Mu\u00f1oz-Losa, M. Elena Mart\u00edn, Ignacio Fdez. Galv\u00e1n, M. Luz S\u00e1nchez Manuel A. Aguilar: Solvent Effects on the Raditiave and Non-Radiative Decay of a Model of the Rhodopsin Chromophore. J. Chem. Theory Comput. (2011)<\/li>\n<li>WATOC 2011 (Ninth Triennial Congress of the World Association of Theoretical and Computational Chemists). Santiago de Compostela, 17-22 de julio de 2011. Presentaci\u00f3n de 5 p\u00f3sters.<\/li>\n<\/ul>\n<\/div>\n<\/div>\n<\/div>\n<div class=\"field field-name-field-proy-financiacion field-type-text-long field-label-above\" style=\"text-align: justify;\">\n<div class=\"field-label\"><strong>Sources of funding:\u00a0<\/strong><\/div>\n<div class=\"field-items\">\n<div class=\"field-item even\">\n<ul>\n<li><a href=\"http:\/\/www.micinn.es\/\">Ministerio de Ciencia e Innovaci\u00f3n<\/a><\/li>\n<li><a href=\"http:\/\/\/en\/eci.juntaextremadura.net\/\">Vicepresidencia Segunda y Consejer\u00eda de Econom\u00eda, Comercio e Innovaci\u00f3n<\/a><\/li>\n<\/ul>\n<\/div>\n<\/div>\n<\/div>\n<div class=\"field field-name-taxonomy-vocabulary-4 field-type-taxonomy-term-reference field-label-hidden\"><\/div>","protected":false},"excerpt":{"rendered":"<p>Investigadores:\u00a0 El grupo de investigaci\u00f3n\u00a0QCAMM\u00a0(Quantum Chemistry And Molecular Modelling) del Departamento de Ingenier\u00eda Qu\u00edmica y F\u00edsica de la\u00a0Universidad de Extremadura\u00a0est\u00e1 compuesto por los siguientes investigadores: Francisco Javier Olivares del Valle &#8230;<\/p>","protected":false},"author":1,"featured_media":0,"parent":0,"menu_order":0,"comment_status":"closed","ping_status":"closed","template":"","meta":{"footnotes":""},"categories":[103,81],"tags":[],"class_list":["post-2656","page","type-page","status-publish","hentry","category-ciencias-de-la-vida","category-proyectos"],"yoast_head":"<!-- This site is optimized with the Yoast SEO plugin v27.1.1 - https:\/\/yoast.com\/product\/yoast-seo-wordpress\/ -->\n<title>Efecto del disolvente sobre la desexcitaci\u00f3n radiante y no radiante de estados excitados en mol\u00e9culas de inter\u00e9s biol\u00f3gico - Fundaci\u00f3n COMPUTAEX<\/title>\n<meta name=\"robots\" content=\"index, follow, max-snippet:-1, max-image-preview:large, max-video-preview:-1\" \/>\n<link rel=\"canonical\" href=\"https:\/\/computaex.es\/en\/proyecto-efecto-del-disolvente-sobre-la-desexcitacion-radiante-y-no-radiante-de-estados-excitados-en-moleculas-de-interes-biologico\/\" \/>\n<meta property=\"og:locale\" content=\"en_US\" \/>\n<meta property=\"og:type\" content=\"article\" \/>\n<meta property=\"og:title\" content=\"Efecto del disolvente sobre la desexcitaci\u00f3n radiante y no radiante de estados excitados en mol\u00e9culas de inter\u00e9s biol\u00f3gico - Fundaci\u00f3n COMPUTAEX\" \/>\n<meta property=\"og:description\" content=\"Investigadores:\u00a0 El grupo de investigaci\u00f3n\u00a0QCAMM\u00a0(Quantum Chemistry And Molecular Modelling) del Departamento de Ingenier\u00eda Qu\u00edmica y F\u00edsica de la\u00a0Universidad de Extremadura\u00a0est\u00e1 compuesto por los siguientes investigadores: Francisco Javier Olivares del Valle ...\" \/>\n<meta property=\"og:url\" content=\"https:\/\/computaex.es\/en\/proyecto-efecto-del-disolvente-sobre-la-desexcitacion-radiante-y-no-radiante-de-estados-excitados-en-moleculas-de-interes-biologico\/\" \/>\n<meta property=\"og:site_name\" content=\"Fundaci\u00f3n COMPUTAEX\" \/>\n<meta property=\"article:publisher\" content=\"https:\/\/m.facebook.com\/computaex\/\" \/>\n<meta property=\"article:modified_time\" content=\"2025-07-23T12:24:25+00:00\" \/>\n<meta property=\"og:image\" content=\"https:\/\/computaex.es\/wp-content\/uploads\/2025\/08\/COMPUTAEX.jpg\" \/>\n\t<meta property=\"og:image:width\" content=\"1024\" \/>\n\t<meta property=\"og:image:height\" content=\"403\" \/>\n\t<meta property=\"og:image:type\" content=\"image\/jpeg\" \/>\n<meta name=\"twitter:card\" content=\"summary_large_image\" \/>\n<meta name=\"twitter:site\" content=\"@computaex\" \/>\n<meta name=\"twitter:label1\" content=\"Est. reading time\" \/>\n\t<meta name=\"twitter:data1\" content=\"3 minutes\" \/>\n<script type=\"application\/ld+json\" class=\"yoast-schema-graph\">{\"@context\":\"https:\/\/schema.org\",\"@graph\":[{\"@type\":\"WebPage\",\"@id\":\"https:\/\/computaex.es\/proyecto-efecto-del-disolvente-sobre-la-desexcitacion-radiante-y-no-radiante-de-estados-excitados-en-moleculas-de-interes-biologico\/\",\"url\":\"https:\/\/computaex.es\/proyecto-efecto-del-disolvente-sobre-la-desexcitacion-radiante-y-no-radiante-de-estados-excitados-en-moleculas-de-interes-biologico\/\",\"name\":\"Efecto del disolvente sobre la desexcitaci\u00f3n radiante y no radiante de estados excitados en mol\u00e9culas de inter\u00e9s biol\u00f3gico - Fundaci\u00f3n COMPUTAEX\",\"isPartOf\":{\"@id\":\"https:\/\/computaex.es\/#website\"},\"datePublished\":\"2024-04-11T07:49:22+00:00\",\"dateModified\":\"2025-07-23T12:24:25+00:00\",\"breadcrumb\":{\"@id\":\"https:\/\/computaex.es\/proyecto-efecto-del-disolvente-sobre-la-desexcitacion-radiante-y-no-radiante-de-estados-excitados-en-moleculas-de-interes-biologico\/#breadcrumb\"},\"inLanguage\":\"en-US\",\"potentialAction\":[{\"@type\":\"ReadAction\",\"target\":[\"https:\/\/computaex.es\/proyecto-efecto-del-disolvente-sobre-la-desexcitacion-radiante-y-no-radiante-de-estados-excitados-en-moleculas-de-interes-biologico\/\"]}]},{\"@type\":\"BreadcrumbList\",\"@id\":\"https:\/\/computaex.es\/proyecto-efecto-del-disolvente-sobre-la-desexcitacion-radiante-y-no-radiante-de-estados-excitados-en-moleculas-de-interes-biologico\/#breadcrumb\",\"itemListElement\":[{\"@type\":\"ListItem\",\"position\":1,\"name\":\"Portada\",\"item\":\"https:\/\/computaex.es\/\"},{\"@type\":\"ListItem\",\"position\":2,\"name\":\"Efecto del disolvente sobre la desexcitaci\u00f3n radiante y no radiante de estados excitados en mol\u00e9culas de inter\u00e9s biol\u00f3gico\"}]},{\"@type\":\"WebSite\",\"@id\":\"https:\/\/computaex.es\/#website\",\"url\":\"https:\/\/computaex.es\/\",\"name\":\"Fundaci\u00f3n COMPUTAEX\",\"description\":\"COMPUTAEX\",\"publisher\":{\"@id\":\"https:\/\/computaex.es\/#organization\"},\"potentialAction\":[{\"@type\":\"SearchAction\",\"target\":{\"@type\":\"EntryPoint\",\"urlTemplate\":\"https:\/\/computaex.es\/?s={search_term_string}\"},\"query-input\":{\"@type\":\"PropertyValueSpecification\",\"valueRequired\":true,\"valueName\":\"search_term_string\"}}],\"inLanguage\":\"en-US\"},{\"@type\":\"Organization\",\"@id\":\"https:\/\/computaex.es\/#organization\",\"name\":\"COMPUTAEX\",\"url\":\"https:\/\/computaex.es\/\",\"logo\":{\"@type\":\"ImageObject\",\"inLanguage\":\"en-US\",\"@id\":\"https:\/\/computaex.es\/#\/schema\/logo\/image\/\",\"url\":\"https:\/\/computaex.es\/wp-content\/uploads\/2025\/05\/cropped-COMPUTAEX_transparente-scaled-1.png\",\"contentUrl\":\"https:\/\/computaex.es\/wp-content\/uploads\/2025\/05\/cropped-COMPUTAEX_transparente-scaled-1.png\",\"width\":2560,\"height\":970,\"caption\":\"COMPUTAEX\"},\"image\":{\"@id\":\"https:\/\/computaex.es\/#\/schema\/logo\/image\/\"},\"sameAs\":[\"https:\/\/m.facebook.com\/computaex\/\",\"https:\/\/x.com\/computaex\",\"https:\/\/es.linkedin.com\/company\/cenits\"]}]}<\/script>\n<!-- \/ Yoast SEO plugin. -->","yoast_head_json":{"title":"Efecto del disolvente sobre la desexcitaci\u00f3n radiante y no radiante de estados excitados en mol\u00e9culas de inter\u00e9s biol\u00f3gico - Fundaci\u00f3n COMPUTAEX","robots":{"index":"index","follow":"follow","max-snippet":"max-snippet:-1","max-image-preview":"max-image-preview:large","max-video-preview":"max-video-preview:-1"},"canonical":"https:\/\/computaex.es\/en\/proyecto-efecto-del-disolvente-sobre-la-desexcitacion-radiante-y-no-radiante-de-estados-excitados-en-moleculas-de-interes-biologico\/","og_locale":"en_US","og_type":"article","og_title":"Efecto del disolvente sobre la desexcitaci\u00f3n radiante y no radiante de estados excitados en mol\u00e9culas de inter\u00e9s biol\u00f3gico - Fundaci\u00f3n COMPUTAEX","og_description":"Investigadores:\u00a0 El grupo de investigaci\u00f3n\u00a0QCAMM\u00a0(Quantum Chemistry And Molecular Modelling) del Departamento de Ingenier\u00eda Qu\u00edmica y F\u00edsica de la\u00a0Universidad de Extremadura\u00a0est\u00e1 compuesto por los siguientes investigadores: Francisco Javier Olivares del Valle ...","og_url":"https:\/\/computaex.es\/en\/proyecto-efecto-del-disolvente-sobre-la-desexcitacion-radiante-y-no-radiante-de-estados-excitados-en-moleculas-de-interes-biologico\/","og_site_name":"Fundaci\u00f3n COMPUTAEX","article_publisher":"https:\/\/m.facebook.com\/computaex\/","article_modified_time":"2025-07-23T12:24:25+00:00","og_image":[{"width":1024,"height":403,"url":"https:\/\/computaex.es\/wp-content\/uploads\/2025\/08\/COMPUTAEX.jpg","type":"image\/jpeg"}],"twitter_card":"summary_large_image","twitter_site":"@computaex","twitter_misc":{"Est. reading time":"3 minutes"},"schema":{"@context":"https:\/\/schema.org","@graph":[{"@type":"WebPage","@id":"https:\/\/computaex.es\/proyecto-efecto-del-disolvente-sobre-la-desexcitacion-radiante-y-no-radiante-de-estados-excitados-en-moleculas-de-interes-biologico\/","url":"https:\/\/computaex.es\/proyecto-efecto-del-disolvente-sobre-la-desexcitacion-radiante-y-no-radiante-de-estados-excitados-en-moleculas-de-interes-biologico\/","name":"Efecto del disolvente sobre la desexcitaci\u00f3n radiante y no radiante de estados excitados en mol\u00e9culas de inter\u00e9s biol\u00f3gico - Fundaci\u00f3n COMPUTAEX","isPartOf":{"@id":"https:\/\/computaex.es\/#website"},"datePublished":"2024-04-11T07:49:22+00:00","dateModified":"2025-07-23T12:24:25+00:00","breadcrumb":{"@id":"https:\/\/computaex.es\/proyecto-efecto-del-disolvente-sobre-la-desexcitacion-radiante-y-no-radiante-de-estados-excitados-en-moleculas-de-interes-biologico\/#breadcrumb"},"inLanguage":"en-US","potentialAction":[{"@type":"ReadAction","target":["https:\/\/computaex.es\/proyecto-efecto-del-disolvente-sobre-la-desexcitacion-radiante-y-no-radiante-de-estados-excitados-en-moleculas-de-interes-biologico\/"]}]},{"@type":"BreadcrumbList","@id":"https:\/\/computaex.es\/proyecto-efecto-del-disolvente-sobre-la-desexcitacion-radiante-y-no-radiante-de-estados-excitados-en-moleculas-de-interes-biologico\/#breadcrumb","itemListElement":[{"@type":"ListItem","position":1,"name":"Portada","item":"https:\/\/computaex.es\/"},{"@type":"ListItem","position":2,"name":"Efecto del disolvente sobre la desexcitaci\u00f3n radiante y no radiante de estados excitados en mol\u00e9culas de inter\u00e9s biol\u00f3gico"}]},{"@type":"WebSite","@id":"https:\/\/computaex.es\/#website","url":"https:\/\/computaex.es\/","name":"COMPUTAEX Foundation","description":"COMPUTAEX","publisher":{"@id":"https:\/\/computaex.es\/#organization"},"potentialAction":[{"@type":"SearchAction","target":{"@type":"EntryPoint","urlTemplate":"https:\/\/computaex.es\/?s={search_term_string}"},"query-input":{"@type":"PropertyValueSpecification","valueRequired":true,"valueName":"search_term_string"}}],"inLanguage":"en-US"},{"@type":"Organization","@id":"https:\/\/computaex.es\/#organization","name":"COMPUTAEX","url":"https:\/\/computaex.es\/","logo":{"@type":"ImageObject","inLanguage":"en-US","@id":"https:\/\/computaex.es\/#\/schema\/logo\/image\/","url":"https:\/\/computaex.es\/wp-content\/uploads\/2025\/05\/cropped-COMPUTAEX_transparente-scaled-1.png","contentUrl":"https:\/\/computaex.es\/wp-content\/uploads\/2025\/05\/cropped-COMPUTAEX_transparente-scaled-1.png","width":2560,"height":970,"caption":"COMPUTAEX"},"image":{"@id":"https:\/\/computaex.es\/#\/schema\/logo\/image\/"},"sameAs":["https:\/\/m.facebook.com\/computaex\/","https:\/\/x.com\/computaex","https:\/\/es.linkedin.com\/company\/cenits"]}]}},"_links":{"self":[{"href":"https:\/\/computaex.es\/en\/wp-json\/wp\/v2\/pages\/2656","targetHints":{"allow":["GET"]}}],"collection":[{"href":"https:\/\/computaex.es\/en\/wp-json\/wp\/v2\/pages"}],"about":[{"href":"https:\/\/computaex.es\/en\/wp-json\/wp\/v2\/types\/page"}],"author":[{"embeddable":true,"href":"https:\/\/computaex.es\/en\/wp-json\/wp\/v2\/users\/1"}],"replies":[{"embeddable":true,"href":"https:\/\/computaex.es\/en\/wp-json\/wp\/v2\/comments?post=2656"}],"version-history":[{"count":5,"href":"https:\/\/computaex.es\/en\/wp-json\/wp\/v2\/pages\/2656\/revisions"}],"predecessor-version":[{"id":8395,"href":"https:\/\/computaex.es\/en\/wp-json\/wp\/v2\/pages\/2656\/revisions\/8395"}],"wp:attachment":[{"href":"https:\/\/computaex.es\/en\/wp-json\/wp\/v2\/media?parent=2656"}],"wp:term":[{"taxonomy":"category","embeddable":true,"href":"https:\/\/computaex.es\/en\/wp-json\/wp\/v2\/categories?post=2656"},{"taxonomy":"post_tag","embeddable":true,"href":"https:\/\/computaex.es\/en\/wp-json\/wp\/v2\/tags?post=2656"}],"curies":[{"name":"wp","href":"https:\/\/api.w.org\/{rel}","templated":true}]}}