{"id":2660,"date":"2024-04-11T09:50:06","date_gmt":"2024-04-11T07:50:06","guid":{"rendered":"http:\/\/10.128.3.28\/?page_id=2660"},"modified":"2025-07-23T15:01:16","modified_gmt":"2025-07-23T13:01:16","slug":"proyecto-procesamiento-paralelo-de-imagenes-hiperespectrales-de-la-superficie-terrestre","status":"publish","type":"page","link":"https:\/\/computaex.es\/en\/proyecto-procesamiento-paralelo-de-imagenes-hiperespectrales-de-la-superficie-terrestre\/","title":{"rendered":"Procesamiento paralelo de im\u00e1genes hiperespectrales de la superficie terrestre"},"content":{"rendered":"<div class=\"field field-name-field-proy-investigadores field-type-text-long field-label-above\">\n<div class=\"field-label\" style=\"text-align: justify;\"><strong>Researchers:\u00a0<\/strong><\/div>\n<div class=\"field-items\" style=\"text-align: justify;\">\n<div class=\"field-item even\">\n<ul>\n<li><strong>Antonio Plaza Miguel<\/strong>.\u00a0<a href=\"http:\/\/www.unex.es\/\">Universidad de Extremadura<\/a>.<\/li>\n<\/ul>\n<\/div>\n<\/div>\n<\/div>\n<div class=\"field field-name-field-proy-descripcion field-type-text-long field-label-above\" style=\"text-align: justify;\">\n<div class=\"field-label\"><strong>Description:\u00a0<\/strong><\/div>\n<div class=\"field-items\">\n<div class=\"field-item even\">\n<p>El an\u00e1lisis hiperespectral es una t\u00e9cnica avanzada de observaci\u00f3n remota de la tierra caracterizada por la disponibilidad de im\u00e1genes con gran resoluci\u00f3n en el dominio espectral (cientos o miles de bandas espectrales).<\/p>\n<p>Las t\u00e9cnicas de an\u00e1lisis de im\u00e1genes hiperespectrales, obtenidas a partir de sensores de observaci\u00f3n remota de la tierra operados por organismos internacionales como\u00a0<strong>NASA<\/strong>\u00a0o la Agencia Europea del Espacio (<strong>ESA<\/strong>), han seguido una notoria evoluci\u00f3n marcada por los avances en el dise\u00f1o de sensores y en la disponibilidad creciente de arquitecturas de computaci\u00f3n de altas prestaciones.<\/p>\n<p>El principal inconveniente de las t\u00e9cnicas de an\u00e1lisis hiperespectral es el excesivo coste computacional de las mismas: en ciertas aplicaciones (seguimiento y monitorizaci\u00f3n de incendios, desastres naturales, etc.) resulta indispensable desarrollar t\u00e9cnicas de an\u00e1lisis computacionalmente eficientes y capaces de proporcionar una respuesta en tiempo casi real.<\/p>\n<\/div>\n<\/div>\n<\/div>\n<div class=\"field field-name-field-proy-objetivos field-type-text-long field-label-above\" style=\"text-align: justify;\">\n<div class=\"field-label\"><strong>Objectives:\u00a0<\/strong><\/div>\n<div class=\"field-items\">\n<div class=\"field-item even\">\n<ul>\n<li>En este sentido, el principal objetivo de la presente actividad consistir\u00e1 en implementar de forma eficiente t\u00e9cnicas de an\u00e1lisis hiperespectral desarrolladas por expertos del grupo de investigaci\u00f3n \u00ab<a title=\"Grupo de Investigaci\u00f3n Computaci\u00f3n Hiperspectral\" href=\"http:\/\/www.unex.es\/grupos\/hypercomp\">Computaci\u00f3n Hiperspectral<\/a>\u00bb (<strong>HYPERCOMP<\/strong>) de la\u00a0<a title=\"Universidad de Extremadura\" href=\"http:\/\/www.unex.es\/\">Universidad de Extremadura<\/a>\u00a0utilizando las infraestructuras del\u00a0<strong>Centro Extreme\u00f1o de Investigaci\u00f3n, Innovaci\u00f3n Tecnol\u00f3gica y Supercomputaci\u00f3n<\/strong>.<\/li>\n<\/ul>\n<\/div>\n<\/div>\n<\/div>\n<div class=\"field field-name-field-proy-metodologia field-type-text-long field-label-above\" style=\"text-align: justify;\">\n<div class=\"field-label\"><strong>Metodolog\u00eda:\u00a0<\/strong><\/div>\n<div class=\"field-items\">\n<div class=\"field-item even\">\n<p>El principal problema que surge a la hora de caracterizar los elementos que aparecen en una imagen hiperespectral se basa en el hecho de que muchos p\u00edxels en la escena contienen varias sustancias a nivel sub-p\u00edxel, con lo que la firma espectral resultante en dichos p\u00edxels no \u201cpura\u201d sino que viene dada por una composici\u00f3n o mezcla de diferentes sustancias que cohabitan a nivel sub-p\u00edxel.<\/p>\n<p>La existencia de mezclas a nivel sub-p\u00edxel no se debe exclusivamente a la insuficiente resoluci\u00f3n espacial del sensor, ya que dicho fen\u00f3meno tambi\u00e9n puede producirse a nivel de part\u00edculas (denominado mezcla \u00edntima) independientemente de cu\u00e1l sea la resoluci\u00f3n espacial disponible.<\/p>\n<p>La aproximaci\u00f3n fundamental en la literatura para caracterizar el fen\u00f3meno de la mezcla a nivel sub-p\u00edxel consiste en la utilizaci\u00f3n de un modelo de mezcla (ya sea lineal o no lineal) capaz de interpretar cada p\u00edxel de la imagen como una combinaci\u00f3n de cada uno de los componentes que lo constituyen, ponderado por sus correspondientes fracciones de abundancia.<\/p>\n<p>En este sentido, las t\u00e9cnicas que ser\u00e1n implementadas de forma eficiente con motivo de la presente actividad ir\u00e1n enfocadas al desmezclado eficiente de im\u00e1genes hiperespectrales de gran dimensionalidad, usando firmas espectrales puras (conocidas como endmembers en la literatura especializada) junto con sus correspondientes contribuciones o abundancias.<\/p>\n<\/div>\n<\/div>\n<\/div>","protected":false},"excerpt":{"rendered":"<p>Investigadores:\u00a0 Antonio Plaza Miguel.\u00a0Universidad de Extremadura. Descripci\u00f3n:\u00a0 El an\u00e1lisis hiperespectral es una t\u00e9cnica avanzada de observaci\u00f3n remota de la tierra caracterizada por la disponibilidad de im\u00e1genes con gran resoluci\u00f3n en &#8230;<\/p>","protected":false},"author":1,"featured_media":0,"parent":0,"menu_order":0,"comment_status":"closed","ping_status":"closed","template":"","meta":{"footnotes":""},"categories":[102,81],"tags":[],"class_list":["post-2660","page","type-page","status-publish","hentry","category-ciencias-de-la-tierra","category-proyectos"],"yoast_head":"<!-- This site is optimized with the Yoast SEO plugin v27.1.1 - https:\/\/yoast.com\/product\/yoast-seo-wordpress\/ -->\n<title>Procesamiento paralelo de im\u00e1genes hiperespectrales de la superficie terrestre - Fundaci\u00f3n COMPUTAEX<\/title>\n<meta name=\"robots\" content=\"index, follow, max-snippet:-1, max-image-preview:large, max-video-preview:-1\" \/>\n<link rel=\"canonical\" href=\"https:\/\/computaex.es\/en\/proyecto-procesamiento-paralelo-de-imagenes-hiperespectrales-de-la-superficie-terrestre\/\" \/>\n<meta property=\"og:locale\" content=\"en_US\" \/>\n<meta property=\"og:type\" content=\"article\" \/>\n<meta property=\"og:title\" content=\"Procesamiento paralelo de im\u00e1genes hiperespectrales de la superficie terrestre - Fundaci\u00f3n COMPUTAEX\" \/>\n<meta property=\"og:description\" content=\"Investigadores:\u00a0 Antonio Plaza Miguel.\u00a0Universidad de Extremadura. Descripci\u00f3n:\u00a0 El an\u00e1lisis hiperespectral es una t\u00e9cnica avanzada de observaci\u00f3n remota de la tierra caracterizada por la disponibilidad de im\u00e1genes con gran resoluci\u00f3n en ...\" \/>\n<meta property=\"og:url\" content=\"https:\/\/computaex.es\/en\/proyecto-procesamiento-paralelo-de-imagenes-hiperespectrales-de-la-superficie-terrestre\/\" \/>\n<meta property=\"og:site_name\" content=\"Fundaci\u00f3n COMPUTAEX\" \/>\n<meta property=\"article:publisher\" content=\"https:\/\/m.facebook.com\/computaex\/\" \/>\n<meta property=\"article:modified_time\" content=\"2025-07-23T13:01:16+00:00\" \/>\n<meta property=\"og:image\" content=\"https:\/\/computaex.es\/wp-content\/uploads\/2025\/08\/COMPUTAEX.jpg\" \/>\n\t<meta property=\"og:image:width\" content=\"1024\" \/>\n\t<meta property=\"og:image:height\" content=\"403\" \/>\n\t<meta property=\"og:image:type\" content=\"image\/jpeg\" \/>\n<meta name=\"twitter:card\" content=\"summary_large_image\" \/>\n<meta name=\"twitter:site\" content=\"@computaex\" \/>\n<meta name=\"twitter:label1\" content=\"Est. reading time\" \/>\n\t<meta name=\"twitter:data1\" content=\"2 minutes\" \/>\n<script type=\"application\/ld+json\" class=\"yoast-schema-graph\">{\"@context\":\"https:\/\/schema.org\",\"@graph\":[{\"@type\":\"WebPage\",\"@id\":\"https:\/\/computaex.es\/proyecto-procesamiento-paralelo-de-imagenes-hiperespectrales-de-la-superficie-terrestre\/\",\"url\":\"https:\/\/computaex.es\/proyecto-procesamiento-paralelo-de-imagenes-hiperespectrales-de-la-superficie-terrestre\/\",\"name\":\"Procesamiento paralelo de im\u00e1genes hiperespectrales de la superficie terrestre - Fundaci\u00f3n COMPUTAEX\",\"isPartOf\":{\"@id\":\"https:\/\/computaex.es\/#website\"},\"datePublished\":\"2024-04-11T07:50:06+00:00\",\"dateModified\":\"2025-07-23T13:01:16+00:00\",\"breadcrumb\":{\"@id\":\"https:\/\/computaex.es\/proyecto-procesamiento-paralelo-de-imagenes-hiperespectrales-de-la-superficie-terrestre\/#breadcrumb\"},\"inLanguage\":\"en-US\",\"potentialAction\":[{\"@type\":\"ReadAction\",\"target\":[\"https:\/\/computaex.es\/proyecto-procesamiento-paralelo-de-imagenes-hiperespectrales-de-la-superficie-terrestre\/\"]}]},{\"@type\":\"BreadcrumbList\",\"@id\":\"https:\/\/computaex.es\/proyecto-procesamiento-paralelo-de-imagenes-hiperespectrales-de-la-superficie-terrestre\/#breadcrumb\",\"itemListElement\":[{\"@type\":\"ListItem\",\"position\":1,\"name\":\"Portada\",\"item\":\"https:\/\/computaex.es\/\"},{\"@type\":\"ListItem\",\"position\":2,\"name\":\"Procesamiento paralelo de im\u00e1genes hiperespectrales de la superficie terrestre\"}]},{\"@type\":\"WebSite\",\"@id\":\"https:\/\/computaex.es\/#website\",\"url\":\"https:\/\/computaex.es\/\",\"name\":\"Fundaci\u00f3n COMPUTAEX\",\"description\":\"COMPUTAEX\",\"publisher\":{\"@id\":\"https:\/\/computaex.es\/#organization\"},\"potentialAction\":[{\"@type\":\"SearchAction\",\"target\":{\"@type\":\"EntryPoint\",\"urlTemplate\":\"https:\/\/computaex.es\/?s={search_term_string}\"},\"query-input\":{\"@type\":\"PropertyValueSpecification\",\"valueRequired\":true,\"valueName\":\"search_term_string\"}}],\"inLanguage\":\"en-US\"},{\"@type\":\"Organization\",\"@id\":\"https:\/\/computaex.es\/#organization\",\"name\":\"COMPUTAEX\",\"url\":\"https:\/\/computaex.es\/\",\"logo\":{\"@type\":\"ImageObject\",\"inLanguage\":\"en-US\",\"@id\":\"https:\/\/computaex.es\/#\/schema\/logo\/image\/\",\"url\":\"https:\/\/computaex.es\/wp-content\/uploads\/2025\/05\/cropped-COMPUTAEX_transparente-scaled-1.png\",\"contentUrl\":\"https:\/\/computaex.es\/wp-content\/uploads\/2025\/05\/cropped-COMPUTAEX_transparente-scaled-1.png\",\"width\":2560,\"height\":970,\"caption\":\"COMPUTAEX\"},\"image\":{\"@id\":\"https:\/\/computaex.es\/#\/schema\/logo\/image\/\"},\"sameAs\":[\"https:\/\/m.facebook.com\/computaex\/\",\"https:\/\/x.com\/computaex\",\"https:\/\/es.linkedin.com\/company\/cenits\"]}]}<\/script>\n<!-- \/ Yoast SEO plugin. -->","yoast_head_json":{"title":"Procesamiento paralelo de im\u00e1genes hiperespectrales de la superficie terrestre - Fundaci\u00f3n COMPUTAEX","robots":{"index":"index","follow":"follow","max-snippet":"max-snippet:-1","max-image-preview":"max-image-preview:large","max-video-preview":"max-video-preview:-1"},"canonical":"https:\/\/computaex.es\/en\/proyecto-procesamiento-paralelo-de-imagenes-hiperespectrales-de-la-superficie-terrestre\/","og_locale":"en_US","og_type":"article","og_title":"Procesamiento paralelo de im\u00e1genes hiperespectrales de la superficie terrestre - Fundaci\u00f3n COMPUTAEX","og_description":"Investigadores:\u00a0 Antonio Plaza Miguel.\u00a0Universidad de Extremadura. Descripci\u00f3n:\u00a0 El an\u00e1lisis hiperespectral es una t\u00e9cnica avanzada de observaci\u00f3n remota de la tierra caracterizada por la disponibilidad de im\u00e1genes con gran resoluci\u00f3n en ...","og_url":"https:\/\/computaex.es\/en\/proyecto-procesamiento-paralelo-de-imagenes-hiperespectrales-de-la-superficie-terrestre\/","og_site_name":"Fundaci\u00f3n COMPUTAEX","article_publisher":"https:\/\/m.facebook.com\/computaex\/","article_modified_time":"2025-07-23T13:01:16+00:00","og_image":[{"width":1024,"height":403,"url":"https:\/\/computaex.es\/wp-content\/uploads\/2025\/08\/COMPUTAEX.jpg","type":"image\/jpeg"}],"twitter_card":"summary_large_image","twitter_site":"@computaex","twitter_misc":{"Est. reading time":"2 minutes"},"schema":{"@context":"https:\/\/schema.org","@graph":[{"@type":"WebPage","@id":"https:\/\/computaex.es\/proyecto-procesamiento-paralelo-de-imagenes-hiperespectrales-de-la-superficie-terrestre\/","url":"https:\/\/computaex.es\/proyecto-procesamiento-paralelo-de-imagenes-hiperespectrales-de-la-superficie-terrestre\/","name":"Procesamiento paralelo de im\u00e1genes hiperespectrales de la superficie terrestre - Fundaci\u00f3n COMPUTAEX","isPartOf":{"@id":"https:\/\/computaex.es\/#website"},"datePublished":"2024-04-11T07:50:06+00:00","dateModified":"2025-07-23T13:01:16+00:00","breadcrumb":{"@id":"https:\/\/computaex.es\/proyecto-procesamiento-paralelo-de-imagenes-hiperespectrales-de-la-superficie-terrestre\/#breadcrumb"},"inLanguage":"en-US","potentialAction":[{"@type":"ReadAction","target":["https:\/\/computaex.es\/proyecto-procesamiento-paralelo-de-imagenes-hiperespectrales-de-la-superficie-terrestre\/"]}]},{"@type":"BreadcrumbList","@id":"https:\/\/computaex.es\/proyecto-procesamiento-paralelo-de-imagenes-hiperespectrales-de-la-superficie-terrestre\/#breadcrumb","itemListElement":[{"@type":"ListItem","position":1,"name":"Portada","item":"https:\/\/computaex.es\/"},{"@type":"ListItem","position":2,"name":"Procesamiento paralelo de im\u00e1genes hiperespectrales de la superficie terrestre"}]},{"@type":"WebSite","@id":"https:\/\/computaex.es\/#website","url":"https:\/\/computaex.es\/","name":"COMPUTAEX Foundation","description":"COMPUTAEX","publisher":{"@id":"https:\/\/computaex.es\/#organization"},"potentialAction":[{"@type":"SearchAction","target":{"@type":"EntryPoint","urlTemplate":"https:\/\/computaex.es\/?s={search_term_string}"},"query-input":{"@type":"PropertyValueSpecification","valueRequired":true,"valueName":"search_term_string"}}],"inLanguage":"en-US"},{"@type":"Organization","@id":"https:\/\/computaex.es\/#organization","name":"COMPUTAEX","url":"https:\/\/computaex.es\/","logo":{"@type":"ImageObject","inLanguage":"en-US","@id":"https:\/\/computaex.es\/#\/schema\/logo\/image\/","url":"https:\/\/computaex.es\/wp-content\/uploads\/2025\/05\/cropped-COMPUTAEX_transparente-scaled-1.png","contentUrl":"https:\/\/computaex.es\/wp-content\/uploads\/2025\/05\/cropped-COMPUTAEX_transparente-scaled-1.png","width":2560,"height":970,"caption":"COMPUTAEX"},"image":{"@id":"https:\/\/computaex.es\/#\/schema\/logo\/image\/"},"sameAs":["https:\/\/m.facebook.com\/computaex\/","https:\/\/x.com\/computaex","https:\/\/es.linkedin.com\/company\/cenits"]}]}},"_links":{"self":[{"href":"https:\/\/computaex.es\/en\/wp-json\/wp\/v2\/pages\/2660","targetHints":{"allow":["GET"]}}],"collection":[{"href":"https:\/\/computaex.es\/en\/wp-json\/wp\/v2\/pages"}],"about":[{"href":"https:\/\/computaex.es\/en\/wp-json\/wp\/v2\/types\/page"}],"author":[{"embeddable":true,"href":"https:\/\/computaex.es\/en\/wp-json\/wp\/v2\/users\/1"}],"replies":[{"embeddable":true,"href":"https:\/\/computaex.es\/en\/wp-json\/wp\/v2\/comments?post=2660"}],"version-history":[{"count":6,"href":"https:\/\/computaex.es\/en\/wp-json\/wp\/v2\/pages\/2660\/revisions"}],"predecessor-version":[{"id":8529,"href":"https:\/\/computaex.es\/en\/wp-json\/wp\/v2\/pages\/2660\/revisions\/8529"}],"wp:attachment":[{"href":"https:\/\/computaex.es\/en\/wp-json\/wp\/v2\/media?parent=2660"}],"wp:term":[{"taxonomy":"category","embeddable":true,"href":"https:\/\/computaex.es\/en\/wp-json\/wp\/v2\/categories?post=2660"},{"taxonomy":"post_tag","embeddable":true,"href":"https:\/\/computaex.es\/en\/wp-json\/wp\/v2\/tags?post=2660"}],"curies":[{"name":"wp","href":"https:\/\/api.w.org\/{rel}","templated":true}]}}